{"id":46273,"date":"2021-05-11T13:39:23","date_gmt":"2021-05-11T11:39:23","guid":{"rendered":"https:\/\/naturalpoland.com\/produkty\/uncategorized\/%ec%93%b4-%ec%98%a4%eb%a0%8c%ec%a7%80-%ec%b6%94%ec%b6%9c%eb%ac%bc\/"},"modified":"2026-02-27T14:02:53","modified_gmt":"2026-02-27T13:02:53","slug":"%ec%93%b4-%ec%98%a4%eb%a0%8c%ec%a7%80-%ec%b6%94%ec%b6%9c%eb%ac%bc","status":"publish","type":"product","link":"https:\/\/naturalpoland.com\/ko\/je-pum\/sig-mul-chu-chul-mul\/%ec%93%b4-%ec%98%a4%eb%a0%8c%ec%a7%80-%ec%b6%94%ec%b6%9c%eb%ac%bc\/","title":{"rendered":"\uc4f4 \uc624\ub80c\uc9c0 \ucd94\ucd9c\ubb3c"},"content":{"rendered":"<h2>\ucd94\ucd9c\ubb3c\uc758 \ud2b9\uc131:<\/h2>\n<p>\uc4f4 \uc624\ub80c\uc9c0 \ucd94\ucd9c\ubb3c\uc740 \ube44\ud0c0\ubbfc C, A, E, PP, \ube44\ud0c0\ubbfc B\uad70, \uce7c\uc298, \ub9c8\uadf8\ub124\uc298, \ucca0\ubd84, \uc778\uc774 \ud48d\ubd80\ud569\ub2c8\ub2e4. \ub610\ud55c \uc2dd\uc774\uc12c\uc720\uc640 \uc18c\ud654\uc561 \ubd84\ube44\ub97c \ucd09\uc9c4\ud558\ub294 \uc4f4\ub9db \uc131\ubd84\ub3c4 \ud568\uc720\ud558\uace0 \uc788\uc2b5\ub2c8\ub2e4. <\/p>\n<p>\uc4f4 \uc624\ub80c\uc9c0\uc758 \uc8fc\uc694 \ud65c\uc131 \uc131\ubd84\uc740 <strong>\uc2dc\ub124\ud504\ub9b0<\/strong>\uc73c\ub85c, \uce74\ud398\uc778\uacfc \uc720\uc0ac\ud55c \uc791\uc6a9\uc744 \ud558\ub294 \uc54c\uce7c\ub85c\uc774\ub4dc\uc774\uba70 \uc2e0\uc9c4\ub300\uc0ac\ub97c \ucd09\uc9c4\ud558\uace0 \uc9c0\ubc29\ubd84\ud574 \uacfc\uc815\uc744 \uac00\uc18d\ud654\ud569\ub2c8\ub2e4. \uc774\ub97c \ud1b5\ud574 \uc9c0\ubc29 \uc870\uc9c1 \uc5f0\uc18c\ub97c \ub3d5\uace0 \uc2dd\uc695 \uc870\uc808\uc744 \uc9c0\uc6d0\ud569\ub2c8\ub2e4. <\/p>\n<h2>\uc801\uc6a9 \ubd84\uc57c:<\/h2>\n<p>\uc4f4 \uc624\ub80c\uc9c0 \ucd94\ucd9c\ubb3c\uc740 \uc8fc\ub85c \ub2e4\uc774\uc5b4\ud2b8\ub97c \uc9c0\uc6d0\ud558\ub294 <strong>\uac74\uac15\ubcf4\uc870\uc2dd\ud488<\/strong>\uc5d0 \uc0ac\uc6a9\ub429\ub2c8\ub2e4. \ucd94\ucd9c\ubb3c\uc5d0 \ud568\uc720\ub41c \uc2dc\ub124\ud504\ub9b0\uc740 \uc2e0\uc9c4\ub300\uc0ac\ub97c \uc790\uadf9\ud558\uace0 \uc2e0\uccb4\uc758 \uc5d0\ub108\uc9c0 \uc18c\ube44\ub97c \uc99d\uac00\uc2dc\ud0a4\uba70 \uc9c0\ubc29 \uc870\uc9c1 \uc5f0\uc18c\ub97c \uc9c0\uc6d0\ud569\ub2c8\ub2e4. \uc4f4 \uc624\ub80c\uc9c0\uac00 \ud568\uc720\ub41c \ubcf4\uc870\uc81c\ub294 \uc2dd\uc695 \uac10\uc18c\uc640 \uc5f4 \uc0dd\uc131 \uac1c\uc120\uc5d0\ub3c4 \uc601\ud5a5\uc744 \uc904 \uc218 \uc788\uc2b5\ub2c8\ub2e4. \ubcf8 \uc81c\ud488\uc740 \uc74c\ub8cc, \ucea1\uc290 \ub610\ub294 \uc815\uc81c\uc758 \ucca8\uac00\ubb3c \ub4f1 \ub2e4\uc591\ud55c \ud615\ud0dc\ub85c \uc0ac\uc6a9\ud560 \uc218 \uc788\uc2b5\ub2c8\ub2e4.   <\/p>\n<p>\ub610\ud55c \uc774 \ucd94\ucd9c\ubb3c\uc740 \ud608\uad00\uc744 \uac15\ud654\ud558\uc5ec \ub3d9\ub9e5\uacbd\ud654\uc640 \uc2ec\uc7a5 \uc9c8\ud658\uc744 \uc608\ubc29\ud569\ub2c8\ub2e4. \uba74\uc5ed\ub825\uc744 \uac15\ud654\ud558\uba70 \uac10\uae30, \ub3c5\uac10, \uae30\uad00\uc9c0\uc5fc \ub610\ub294 \uc778\ud6c4\uc5fc \uce58\ub8cc\uc5d0 \ub3c4\uc6c0\uc774 \ub420 \uc218 \uc788\uc2b5\ub2c8\ub2e4. <\/p>\n<p>\uc774 \ucd94\ucd9c\ubb3c\uc740 <strong>\ud654\uc7a5\ud488 \uc0b0\uc5c5<\/strong>\uc5d0\uc11c\ub3c4 \ud65c\uc6a9\ub418\uba70, \ud2b9\ud788 \uc140\ub8f0\ub77c\uc774\ud2b8 \uac10\uc18c\uc640 \ud53c\ubd80 \ud0c4\ub825 \uac1c\uc120\uc744 \uc9c0\uc6d0\ud558\ub294 \uc81c\ud488\uc5d0 \uc0ac\uc6a9\ub429\ub2c8\ub2e4. \uc5d0\uc13c\uc15c \uc624\uc77c\uc774 \ud568\uc720\ub418\uc5b4 \uc788\uc5b4 \ud5a5\uc218 \ubc0f \uae30\ud0c0 \ud654\uc7a5\ud488\uc5d0 \ud2b9\uc720\uc758 \uc2dc\ud2b8\ub7ec\uc2a4 \ud5a5\uc744 \ub354\ud558\ub294 \uc6a9\ub3c4\ub85c\ub3c4 \uc0ac\uc6a9\ub429\ub2c8\ub2e4. <\/p>\n<p>&nbsp;<\/p>\n","protected":false},"excerpt":{"rendered":"<p>\uc4f4 \uc624\ub80c\uc9c0 \ucd94\ucd9c\ubb3c(<em>Citrus aurantium<\/em>)\uc740 \uc544\ub78d \ubc0f \uc911\uad6d \uc758\ud559\uc758 \uc911\uc694\ud55c \uc694\uc18c\uc785\ub2c8\ub2e4. \uc720\ub7fd \uc2dc\uc7a5\uc5d0\uc11c\ub3c4 \uc810\uc810 \ub354 \ub9ce\uc740 \uc81c\ud488\uc5d0 \uc0ac\uc6a9\ub418\uace0 \uc788\uc2b5\ub2c8\ub2e4. <\/p>\n","protected":false},"featured_media":46275,"template":"","meta":[],"product_brand":[],"product_cat":[8134],"product_tag":[],"class_list":{"0":"post-46273","1":"product","2":"type-product","3":"status-publish","4":"has-post-thumbnail","6":"product_cat-sig-mul-chu-chul-mul","7":"pa_czesc-rosliny-8225","9":"first","10":"instock","11":"shipping-taxable","12":"product-type-simple"},"yoast_head":"<!-- This site is optimized with the Yoast SEO plugin v27.4 - https:\/\/yoast.com\/product\/yoast-seo-wordpress\/ -->\n<title>NATURAL POLAND &#8211; Hurtowy Dystrybutor Surowc\u00f3w<\/title>\n<meta name=\"description\" content=\"\uc4f4 \uc624\ub80c\uc9c0 \ucd94\ucd9c\ubb3c(Citrus aurantium)\uc740 \ub2e4\uc591\ud55c \uac74\uac15 \ud6a8\ub2a5\uc744 \uc9c0\ub2cc \uc81c\ud488\uc73c\ub85c \uac74\uac15\ubcf4\uc870\uc2dd\ud488\uc5d0 \ub110\ub9ac \uc0ac\uc6a9\ub429\ub2c8\ub2e4.\" \/>\n<meta name=\"robots\" content=\"index, follow, max-snippet:-1, max-image-preview:large, max-video-preview:-1\" \/>\n<link rel=\"canonical\" href=\"https:\/\/naturalpoland.com\/ko\/je-pum\/sig-mul-chu-chul-mul\/%ec%93%b4-%ec%98%a4%eb%a0%8c%ec%a7%80-%ec%b6%94%ec%b6%9c%eb%ac%bc\/\" \/>\n<meta property=\"og:locale\" content=\"ko_KR\" \/>\n<meta property=\"og:type\" content=\"article\" \/>\n<meta property=\"og:description\" content=\"\uc4f4 \uc624\ub80c\uc9c0 \ucd94\ucd9c\ubb3c(Citrus aurantium)\uc740 \ub2e4\uc591\ud55c \uac74\uac15 \ud6a8\ub2a5\uc744 \uc9c0\ub2cc \uc81c\ud488\uc73c\ub85c \uac74\uac15\ubcf4\uc870\uc2dd\ud488\uc5d0 \ub110\ub9ac \uc0ac\uc6a9\ub429\ub2c8\ub2e4.\" \/>\n<meta property=\"og:url\" content=\"https:\/\/naturalpoland.com\/ko\/je-pum\/sig-mul-chu-chul-mul\/%ec%93%b4-%ec%98%a4%eb%a0%8c%ec%a7%80-%ec%b6%94%ec%b6%9c%eb%ac%bc\/\" \/>\n<meta property=\"og:site_name\" content=\"NATURAL POLAND - Hurtowy Dystrybutor Surowc\u00f3w\" \/>\n<meta property=\"article:publisher\" content=\"https:\/\/www.facebook.com\/naturalpoland.b2b\" \/>\n<meta property=\"article:modified_time\" content=\"2026-02-27T13:02:53+00:00\" \/>\n<meta property=\"og:image\" content=\"https:\/\/naturalpoland.com\/wp-content\/uploads\/ekstrakt-z-gorzkiej-pomaranczy.webp\" \/>\n\t<meta property=\"og:image:width\" content=\"619\" \/>\n\t<meta property=\"og:image:height\" content=\"619\" \/>\n\t<meta property=\"og:image:type\" content=\"image\/webp\" \/>\n<script type=\"application\/ld+json\" class=\"yoast-schema-graph\">{\"@context\":\"https:\\\/\\\/schema.org\",\"@graph\":[{\"@type\":\"WebPage\",\"@id\":\"https:\\\/\\\/naturalpoland.com\\\/ko\\\/je-pum\\\/sig-mul-chu-chul-mul\\\/%ec%93%b4-%ec%98%a4%eb%a0%8c%ec%a7%80-%ec%b6%94%ec%b6%9c%eb%ac%bc\\\/\",\"url\":\"https:\\\/\\\/naturalpoland.com\\\/ko\\\/je-pum\\\/sig-mul-chu-chul-mul\\\/%ec%93%b4-%ec%98%a4%eb%a0%8c%ec%a7%80-%ec%b6%94%ec%b6%9c%eb%ac%bc\\\/\",\"name\":\"\",\"isPartOf\":{\"@id\":\"https:\\\/\\\/naturalpoland.com\\\/ko\\\/#website\"},\"primaryImageOfPage\":{\"@id\":\"https:\\\/\\\/naturalpoland.com\\\/ko\\\/je-pum\\\/sig-mul-chu-chul-mul\\\/%ec%93%b4-%ec%98%a4%eb%a0%8c%ec%a7%80-%ec%b6%94%ec%b6%9c%eb%ac%bc\\\/#primaryimage\"},\"image\":{\"@id\":\"https:\\\/\\\/naturalpoland.com\\\/ko\\\/je-pum\\\/sig-mul-chu-chul-mul\\\/%ec%93%b4-%ec%98%a4%eb%a0%8c%ec%a7%80-%ec%b6%94%ec%b6%9c%eb%ac%bc\\\/#primaryimage\"},\"thumbnailUrl\":\"https:\\\/\\\/naturalpoland.com\\\/wp-content\\\/uploads\\\/ekstrakt-z-gorzkiej-pomaranczy.webp\",\"datePublished\":\"2021-05-11T11:39:23+00:00\",\"dateModified\":\"2026-02-27T13:02:53+00:00\",\"description\":\"\uc4f4 \uc624\ub80c\uc9c0 \ucd94\ucd9c\ubb3c(Citrus aurantium)\uc740 \ub2e4\uc591\ud55c \uac74\uac15 \ud6a8\ub2a5\uc744 \uc9c0\ub2cc \uc81c\ud488\uc73c\ub85c \uac74\uac15\ubcf4\uc870\uc2dd\ud488\uc5d0 \ub110\ub9ac \uc0ac\uc6a9\ub429\ub2c8\ub2e4.\",\"breadcrumb\":{\"@id\":\"https:\\\/\\\/naturalpoland.com\\\/ko\\\/je-pum\\\/sig-mul-chu-chul-mul\\\/%ec%93%b4-%ec%98%a4%eb%a0%8c%ec%a7%80-%ec%b6%94%ec%b6%9c%eb%ac%bc\\\/#breadcrumb\"},\"inLanguage\":\"ko-KR\",\"potentialAction\":[{\"@type\":\"ReadAction\",\"target\":[\"https:\\\/\\\/naturalpoland.com\\\/ko\\\/je-pum\\\/sig-mul-chu-chul-mul\\\/%ec%93%b4-%ec%98%a4%eb%a0%8c%ec%a7%80-%ec%b6%94%ec%b6%9c%eb%ac%bc\\\/\"]}]},{\"@type\":\"ImageObject\",\"inLanguage\":\"ko-KR\",\"@id\":\"https:\\\/\\\/naturalpoland.com\\\/ko\\\/je-pum\\\/sig-mul-chu-chul-mul\\\/%ec%93%b4-%ec%98%a4%eb%a0%8c%ec%a7%80-%ec%b6%94%ec%b6%9c%eb%ac%bc\\\/#primaryimage\",\"url\":\"https:\\\/\\\/naturalpoland.com\\\/wp-content\\\/uploads\\\/ekstrakt-z-gorzkiej-pomaranczy.webp\",\"contentUrl\":\"https:\\\/\\\/naturalpoland.com\\\/wp-content\\\/uploads\\\/ekstrakt-z-gorzkiej-pomaranczy.webp\",\"width\":619,\"height\":619,\"caption\":\"\uc4f4 \uc624\ub80c\uc9c0 \ubd84\ub9d0 \ucd94\ucd9c\ubb3c\"},{\"@type\":\"BreadcrumbList\",\"@id\":\"https:\\\/\\\/naturalpoland.com\\\/ko\\\/je-pum\\\/sig-mul-chu-chul-mul\\\/%ec%93%b4-%ec%98%a4%eb%a0%8c%ec%a7%80-%ec%b6%94%ec%b6%9c%eb%ac%bc\\\/#breadcrumb\",\"itemListElement\":[{\"@type\":\"ListItem\",\"position\":1,\"name\":\"\ud648\",\"item\":\"https:\\\/\\\/naturalpoland.com\\\/ko\\\/\"},{\"@type\":\"ListItem\",\"position\":2,\"name\":\"\uc81c\ud488\",\"item\":\"https:\\\/\\\/naturalpoland.com\\\/ko\\\/%ec%a0%9c%ed%92%88\\\/\"},{\"@type\":\"ListItem\",\"position\":3,\"name\":\"\uc4f4 \uc624\ub80c\uc9c0 \ucd94\ucd9c\ubb3c\"}]},{\"@type\":\"WebSite\",\"@id\":\"https:\\\/\\\/naturalpoland.com\\\/ko\\\/#website\",\"url\":\"https:\\\/\\\/naturalpoland.com\\\/ko\\\/\",\"name\":\"NATURAL POLAND - Hurtowy Dystrybutor Surowc\u00f3w\",\"description\":\"Surowce dla przemys\u0142u spo\u017cywczego, kosmetycznego i farmaceutycznego\",\"publisher\":{\"@id\":\"https:\\\/\\\/naturalpoland.com\\\/ko\\\/#organization\"},\"potentialAction\":[{\"@type\":\"SearchAction\",\"target\":{\"@type\":\"EntryPoint\",\"urlTemplate\":\"https:\\\/\\\/naturalpoland.com\\\/ko\\\/?s={search_term_string}\"},\"query-input\":{\"@type\":\"PropertyValueSpecification\",\"valueRequired\":true,\"valueName\":\"search_term_string\"}}],\"inLanguage\":\"ko-KR\"},{\"@type\":\"Organization\",\"@id\":\"https:\\\/\\\/naturalpoland.com\\\/ko\\\/#organization\",\"name\":\"Natural Poland\",\"url\":\"https:\\\/\\\/naturalpoland.com\\\/ko\\\/\",\"logo\":{\"@type\":\"ImageObject\",\"inLanguage\":\"ko-KR\",\"@id\":\"https:\\\/\\\/naturalpoland.com\\\/ko\\\/#\\\/schema\\\/logo\\\/image\\\/\",\"url\":\"https:\\\/\\\/naturalpoland.com\\\/wp-content\\\/uploads\\\/2021\\\/05\\\/natural-poland-icon.png\",\"contentUrl\":\"https:\\\/\\\/naturalpoland.com\\\/wp-content\\\/uploads\\\/2021\\\/05\\\/natural-poland-icon.png\",\"width\":512,\"height\":512,\"caption\":\"Natural Poland\"},\"image\":{\"@id\":\"https:\\\/\\\/naturalpoland.com\\\/ko\\\/#\\\/schema\\\/logo\\\/image\\\/\"},\"sameAs\":[\"https:\\\/\\\/www.facebook.com\\\/naturalpoland.b2b\",\"https:\\\/\\\/pl.linkedin.com\\\/company\\\/natural-poland\",\"https:\\\/\\\/www.youtube.com\\\/channel\\\/UCgeGGkvOMahZo-xu_MSEWxg\"]}]}<\/script>\n<!-- \/ Yoast SEO plugin. -->","yoast_head_json":{"title":"NATURAL POLAND &#8211; Hurtowy Dystrybutor Surowc\u00f3w","description":"\uc4f4 \uc624\ub80c\uc9c0 \ucd94\ucd9c\ubb3c(Citrus aurantium)\uc740 \ub2e4\uc591\ud55c \uac74\uac15 \ud6a8\ub2a5\uc744 \uc9c0\ub2cc \uc81c\ud488\uc73c\ub85c \uac74\uac15\ubcf4\uc870\uc2dd\ud488\uc5d0 \ub110\ub9ac \uc0ac\uc6a9\ub429\ub2c8\ub2e4.","robots":{"index":"index","follow":"follow","max-snippet":"max-snippet:-1","max-image-preview":"max-image-preview:large","max-video-preview":"max-video-preview:-1"},"canonical":"https:\/\/naturalpoland.com\/ko\/je-pum\/sig-mul-chu-chul-mul\/%ec%93%b4-%ec%98%a4%eb%a0%8c%ec%a7%80-%ec%b6%94%ec%b6%9c%eb%ac%bc\/","og_locale":"ko_KR","og_type":"article","og_description":"\uc4f4 \uc624\ub80c\uc9c0 \ucd94\ucd9c\ubb3c(Citrus aurantium)\uc740 \ub2e4\uc591\ud55c \uac74\uac15 \ud6a8\ub2a5\uc744 \uc9c0\ub2cc \uc81c\ud488\uc73c\ub85c \uac74\uac15\ubcf4\uc870\uc2dd\ud488\uc5d0 \ub110\ub9ac \uc0ac\uc6a9\ub429\ub2c8\ub2e4.","og_url":"https:\/\/naturalpoland.com\/ko\/je-pum\/sig-mul-chu-chul-mul\/%ec%93%b4-%ec%98%a4%eb%a0%8c%ec%a7%80-%ec%b6%94%ec%b6%9c%eb%ac%bc\/","og_site_name":"NATURAL POLAND - Hurtowy Dystrybutor Surowc\u00f3w","article_publisher":"https:\/\/www.facebook.com\/naturalpoland.b2b","article_modified_time":"2026-02-27T13:02:53+00:00","og_image":[{"width":619,"height":619,"url":"https:\/\/naturalpoland.com\/wp-content\/uploads\/ekstrakt-z-gorzkiej-pomaranczy.webp","type":"image\/webp"}],"schema":{"@context":"https:\/\/schema.org","@graph":[{"@type":"WebPage","@id":"https:\/\/naturalpoland.com\/ko\/je-pum\/sig-mul-chu-chul-mul\/%ec%93%b4-%ec%98%a4%eb%a0%8c%ec%a7%80-%ec%b6%94%ec%b6%9c%eb%ac%bc\/","url":"https:\/\/naturalpoland.com\/ko\/je-pum\/sig-mul-chu-chul-mul\/%ec%93%b4-%ec%98%a4%eb%a0%8c%ec%a7%80-%ec%b6%94%ec%b6%9c%eb%ac%bc\/","name":"","isPartOf":{"@id":"https:\/\/naturalpoland.com\/ko\/#website"},"primaryImageOfPage":{"@id":"https:\/\/naturalpoland.com\/ko\/je-pum\/sig-mul-chu-chul-mul\/%ec%93%b4-%ec%98%a4%eb%a0%8c%ec%a7%80-%ec%b6%94%ec%b6%9c%eb%ac%bc\/#primaryimage"},"image":{"@id":"https:\/\/naturalpoland.com\/ko\/je-pum\/sig-mul-chu-chul-mul\/%ec%93%b4-%ec%98%a4%eb%a0%8c%ec%a7%80-%ec%b6%94%ec%b6%9c%eb%ac%bc\/#primaryimage"},"thumbnailUrl":"https:\/\/naturalpoland.com\/wp-content\/uploads\/ekstrakt-z-gorzkiej-pomaranczy.webp","datePublished":"2021-05-11T11:39:23+00:00","dateModified":"2026-02-27T13:02:53+00:00","description":"\uc4f4 \uc624\ub80c\uc9c0 \ucd94\ucd9c\ubb3c(Citrus aurantium)\uc740 \ub2e4\uc591\ud55c \uac74\uac15 \ud6a8\ub2a5\uc744 \uc9c0\ub2cc \uc81c\ud488\uc73c\ub85c \uac74\uac15\ubcf4\uc870\uc2dd\ud488\uc5d0 \ub110\ub9ac \uc0ac\uc6a9\ub429\ub2c8\ub2e4.","breadcrumb":{"@id":"https:\/\/naturalpoland.com\/ko\/je-pum\/sig-mul-chu-chul-mul\/%ec%93%b4-%ec%98%a4%eb%a0%8c%ec%a7%80-%ec%b6%94%ec%b6%9c%eb%ac%bc\/#breadcrumb"},"inLanguage":"ko-KR","potentialAction":[{"@type":"ReadAction","target":["https:\/\/naturalpoland.com\/ko\/je-pum\/sig-mul-chu-chul-mul\/%ec%93%b4-%ec%98%a4%eb%a0%8c%ec%a7%80-%ec%b6%94%ec%b6%9c%eb%ac%bc\/"]}]},{"@type":"ImageObject","inLanguage":"ko-KR","@id":"https:\/\/naturalpoland.com\/ko\/je-pum\/sig-mul-chu-chul-mul\/%ec%93%b4-%ec%98%a4%eb%a0%8c%ec%a7%80-%ec%b6%94%ec%b6%9c%eb%ac%bc\/#primaryimage","url":"https:\/\/naturalpoland.com\/wp-content\/uploads\/ekstrakt-z-gorzkiej-pomaranczy.webp","contentUrl":"https:\/\/naturalpoland.com\/wp-content\/uploads\/ekstrakt-z-gorzkiej-pomaranczy.webp","width":619,"height":619,"caption":"\uc4f4 \uc624\ub80c\uc9c0 \ubd84\ub9d0 \ucd94\ucd9c\ubb3c"},{"@type":"BreadcrumbList","@id":"https:\/\/naturalpoland.com\/ko\/je-pum\/sig-mul-chu-chul-mul\/%ec%93%b4-%ec%98%a4%eb%a0%8c%ec%a7%80-%ec%b6%94%ec%b6%9c%eb%ac%bc\/#breadcrumb","itemListElement":[{"@type":"ListItem","position":1,"name":"\ud648","item":"https:\/\/naturalpoland.com\/ko\/"},{"@type":"ListItem","position":2,"name":"\uc81c\ud488","item":"https:\/\/naturalpoland.com\/ko\/%ec%a0%9c%ed%92%88\/"},{"@type":"ListItem","position":3,"name":"\uc4f4 \uc624\ub80c\uc9c0 \ucd94\ucd9c\ubb3c"}]},{"@type":"WebSite","@id":"https:\/\/naturalpoland.com\/ko\/#website","url":"https:\/\/naturalpoland.com\/ko\/","name":"NATURAL POLAND - Hurtowy Dystrybutor Surowc\u00f3w","description":"Surowce dla przemys\u0142u spo\u017cywczego, kosmetycznego i farmaceutycznego","publisher":{"@id":"https:\/\/naturalpoland.com\/ko\/#organization"},"potentialAction":[{"@type":"SearchAction","target":{"@type":"EntryPoint","urlTemplate":"https:\/\/naturalpoland.com\/ko\/?s={search_term_string}"},"query-input":{"@type":"PropertyValueSpecification","valueRequired":true,"valueName":"search_term_string"}}],"inLanguage":"ko-KR"},{"@type":"Organization","@id":"https:\/\/naturalpoland.com\/ko\/#organization","name":"Natural Poland","url":"https:\/\/naturalpoland.com\/ko\/","logo":{"@type":"ImageObject","inLanguage":"ko-KR","@id":"https:\/\/naturalpoland.com\/ko\/#\/schema\/logo\/image\/","url":"https:\/\/naturalpoland.com\/wp-content\/uploads\/2021\/05\/natural-poland-icon.png","contentUrl":"https:\/\/naturalpoland.com\/wp-content\/uploads\/2021\/05\/natural-poland-icon.png","width":512,"height":512,"caption":"Natural Poland"},"image":{"@id":"https:\/\/naturalpoland.com\/ko\/#\/schema\/logo\/image\/"},"sameAs":["https:\/\/www.facebook.com\/naturalpoland.b2b","https:\/\/pl.linkedin.com\/company\/natural-poland","https:\/\/www.youtube.com\/channel\/UCgeGGkvOMahZo-xu_MSEWxg"]}]}},"_links":{"self":[{"href":"https:\/\/naturalpoland.com\/ko\/wp-json\/wp\/v2\/product\/46273","targetHints":{"allow":["GET"]}}],"collection":[{"href":"https:\/\/naturalpoland.com\/ko\/wp-json\/wp\/v2\/product"}],"about":[{"href":"https:\/\/naturalpoland.com\/ko\/wp-json\/wp\/v2\/types\/product"}],"wp:featuredmedia":[{"embeddable":true,"href":"https:\/\/naturalpoland.com\/ko\/wp-json\/wp\/v2\/media\/46275"}],"wp:attachment":[{"href":"https:\/\/naturalpoland.com\/ko\/wp-json\/wp\/v2\/media?parent=46273"}],"wp:term":[{"taxonomy":"product_brand","embeddable":true,"href":"https:\/\/naturalpoland.com\/ko\/wp-json\/wp\/v2\/product_brand?post=46273"},{"taxonomy":"product_cat","embeddable":true,"href":"https:\/\/naturalpoland.com\/ko\/wp-json\/wp\/v2\/product_cat?post=46273"},{"taxonomy":"product_tag","embeddable":true,"href":"https:\/\/naturalpoland.com\/ko\/wp-json\/wp\/v2\/product_tag?post=46273"}],"curies":[{"name":"wp","href":"https:\/\/api.w.org\/{rel}","templated":true}]}}