{"id":46296,"date":"2021-05-11T13:58:10","date_gmt":"2021-05-11T11:58:10","guid":{"rendered":"https:\/\/naturalpoland.com\/produkty\/uncategorized\/%ec%98%ac%eb%a6%ac%eb%b8%8c-%ec%99%81%ec%8a%a4\/"},"modified":"2026-02-27T14:43:28","modified_gmt":"2026-02-27T13:43:28","slug":"%ec%98%ac%eb%a6%ac%eb%b8%8c-%ec%99%81%ec%8a%a4","status":"publish","type":"product","link":"https:\/\/naturalpoland.com\/ko\/je-pum\/cheon-yeon-wak-seu\/%ec%98%ac%eb%a6%ac%eb%b8%8c-%ec%99%81%ec%8a%a4\/","title":{"rendered":"\uc62c\ub9ac\ube0c \uc641\uc2a4"},"content":{"rendered":"<p>\uc790\uadf9 \uc5c6\ub294 \uc81c\ubaa8:<br \/>\n\uc62c\ub9ac\ube0c \uc641\uc2a4\ub294 \uc81c\ubaa8 \uc2dc \ud53c\ubd80 \uc9c4\uc815 \ud6a8\uacfc\ub97c \ub3d9\uc2dc\uc5d0 \uc81c\uacf5\ud558\uace0 \uc2dc\uc220\ub85c \uc57d\ud574\uc9c4 \ud53c\ubd80\uc758 \uc7ac\uc0dd\uc744 \ucd09\uc9c4\ud558\ubbc0\ub85c \uc81c\ubaa8\uc5d0 \ud2b9\ud788 \uad8c\uc7a5\ub429\ub2c8\ub2e4. \uc62c\ub9ac\ube0c \uc641\uc2a4\ub294 \ud53c\ubd80\ub97c \uc644\ubcbd\ud558\uac8c \ubd80\ub4dc\ub7fd\uac8c \ud558\uc5ec \uc81c\ubaa8\uac00 \ub354 \ube60\ub974\uace0 \ub35c \uace0\ud1b5\uc2a4\ub7fd\uc2b5\ub2c8\ub2e4. \ud53c\ubd80 \ubc0f \ubaa8\ubc1c\uc6a9 \ud654\uc7a5\ud488 \uc81c\uc870\uc5d0\ub3c4 \uc0ac\uc6a9\ud560 \uc218 \uc788\uc2b5\ub2c8\ub2e4. \uc774 \uc641\uc2a4\ub294 \ud56d\uc0b0\ud654 \uc131\ubd84\uc774 \ud48d\ubd80\ud558\uc5ec \uc131\uc219\ud55c \ud53c\ubd80 \ubc0f \uac74\uc870\ud55c \ud53c\ubd80 \uad00\ub9ac\uc5d0 \uc801\ud569\ud569\ub2c8\ub2e4.   <\/p>\n","protected":false},"excerpt":{"rendered":"<p><strong>\uc62c\ub9ac\ube0c \uc641\uc2a4<\/strong>\ub294 \uc62c\ub9ac\ube0c \uc624\uc77c \uc0dd\uc0b0 \uacfc\uc815\uc5d0\uc11c \uc5bb\uc5b4\uc9c0\ub294 \uace0\uccb4 \uc131\ubd84\uc785\ub2c8\ub2e4. \ud654\uc7a5\ud488\uc5d0 \uc0ac\uc6a9\ub418\uba70, \uc8fc\ub85c \ud0dc\ub2dd\ud55c \ud53c\ubd80 \ubc0f \uac74\uc870\ud55c \ud53c\ubd80\uc758 \uc81c\ubaa8 \uc641\uc2a4\ub85c \ud65c\uc6a9\ub429\ub2c8\ub2e4. \uc774 \uc641\uc2a4\ub294 \uc9c0\ubc29\uc0b0\uacfc \ube44\ud0c0\ubbfc E\uac00 \ud48d\ubd80\ud569\ub2c8\ub2e4.  <\/p>\n","protected":false},"featured_media":46297,"template":"","meta":{"_acf_changed":false},"product_brand":[],"product_cat":[8176],"product_tag":[],"class_list":{"0":"post-46296","1":"product","2":"type-product","3":"status-publish","4":"has-post-thumbnail","6":"product_cat-cheon-yeon-wak-seu","8":"first","9":"instock","10":"shipping-taxable","11":"product-type-simple"},"acf":[],"yoast_head":"<!-- This site is optimized with the Yoast SEO plugin v27.4 - https:\/\/yoast.com\/product\/yoast-seo-wordpress\/ -->\n<title>\uc62c\ub9ac\ube0c \uc641\uc2a4 - Hurtowy Dystrybutor<\/title>\n<meta name=\"description\" content=\"\uc62c\ub9ac\ube0c \uc641\uc2a4\ub294 \uc62c\ub9ac\ube0c \uc624\uc77c \uc0dd\uc0b0 \uacfc\uc815\uc5d0\uc11c \uc5bb\uc5b4\uc9c0\ub294 \uace0\uccb4 \uc131\ubd84\uc785\ub2c8\ub2e4. \ud654\uc7a5\ud488\uc5d0 \uc0ac\uc6a9\ub418\uba70, \uc8fc\ub85c \uc81c\ubaa8 \uc641\uc2a4\ub85c \ud65c\uc6a9\ub429\ub2c8\ub2e4.\" \/>\n<meta name=\"robots\" content=\"index, follow, max-snippet:-1, max-image-preview:large, max-video-preview:-1\" \/>\n<link rel=\"canonical\" href=\"https:\/\/naturalpoland.com\/ko\/je-pum\/cheon-yeon-wak-seu\/%ec%98%ac%eb%a6%ac%eb%b8%8c-%ec%99%81%ec%8a%a4\/\" \/>\n<meta property=\"og:locale\" content=\"ko_KR\" \/>\n<meta property=\"og:type\" content=\"article\" \/>\n<meta property=\"og:title\" content=\"\uc62c\ub9ac\ube0c \uc641\uc2a4 - Hurtowy Dystrybutor\" \/>\n<meta property=\"og:description\" content=\"\uc62c\ub9ac\ube0c \uc641\uc2a4\ub294 \uc62c\ub9ac\ube0c \uc624\uc77c \uc0dd\uc0b0 \uacfc\uc815\uc5d0\uc11c \uc5bb\uc5b4\uc9c0\ub294 \uace0\uccb4 \uc131\ubd84\uc785\ub2c8\ub2e4. \ud654\uc7a5\ud488\uc5d0 \uc0ac\uc6a9\ub418\uba70, \uc8fc\ub85c \uc81c\ubaa8 \uc641\uc2a4\ub85c \ud65c\uc6a9\ub429\ub2c8\ub2e4.\" \/>\n<meta property=\"og:url\" content=\"https:\/\/naturalpoland.com\/ko\/je-pum\/cheon-yeon-wak-seu\/%ec%98%ac%eb%a6%ac%eb%b8%8c-%ec%99%81%ec%8a%a4\/\" \/>\n<meta property=\"og:site_name\" content=\"NATURAL POLAND - Hurtowy Dystrybutor Surowc\u00f3w\" \/>\n<meta property=\"article:publisher\" content=\"https:\/\/www.facebook.com\/naturalpoland.b2b\" \/>\n<meta property=\"article:modified_time\" content=\"2026-02-27T13:43:28+00:00\" \/>\n<meta property=\"og:image\" content=\"https:\/\/naturalpoland.com\/wp-content\/uploads\/2021\/05\/olive-wax.jpg\" \/>\n\t<meta property=\"og:image:width\" content=\"1600\" \/>\n\t<meta property=\"og:image:height\" content=\"1200\" \/>\n\t<meta property=\"og:image:type\" content=\"image\/jpeg\" \/>\n<script type=\"application\/ld+json\" class=\"yoast-schema-graph\">{\"@context\":\"https:\\\/\\\/schema.org\",\"@graph\":[{\"@type\":\"WebPage\",\"@id\":\"https:\\\/\\\/naturalpoland.com\\\/ko\\\/je-pum\\\/cheon-yeon-wak-seu\\\/%ec%98%ac%eb%a6%ac%eb%b8%8c-%ec%99%81%ec%8a%a4\\\/\",\"url\":\"https:\\\/\\\/naturalpoland.com\\\/ko\\\/je-pum\\\/cheon-yeon-wak-seu\\\/%ec%98%ac%eb%a6%ac%eb%b8%8c-%ec%99%81%ec%8a%a4\\\/\",\"name\":\"\uc62c\ub9ac\ube0c \uc641\uc2a4 - Hurtowy Dystrybutor\",\"isPartOf\":{\"@id\":\"https:\\\/\\\/naturalpoland.com\\\/ko\\\/#website\"},\"primaryImageOfPage\":{\"@id\":\"https:\\\/\\\/naturalpoland.com\\\/ko\\\/je-pum\\\/cheon-yeon-wak-seu\\\/%ec%98%ac%eb%a6%ac%eb%b8%8c-%ec%99%81%ec%8a%a4\\\/#primaryimage\"},\"image\":{\"@id\":\"https:\\\/\\\/naturalpoland.com\\\/ko\\\/je-pum\\\/cheon-yeon-wak-seu\\\/%ec%98%ac%eb%a6%ac%eb%b8%8c-%ec%99%81%ec%8a%a4\\\/#primaryimage\"},\"thumbnailUrl\":\"https:\\\/\\\/naturalpoland.com\\\/wp-content\\\/uploads\\\/2021\\\/05\\\/olive-wax.jpg\",\"datePublished\":\"2021-05-11T11:58:10+00:00\",\"dateModified\":\"2026-02-27T13:43:28+00:00\",\"description\":\"\uc62c\ub9ac\ube0c \uc641\uc2a4\ub294 \uc62c\ub9ac\ube0c \uc624\uc77c \uc0dd\uc0b0 \uacfc\uc815\uc5d0\uc11c \uc5bb\uc5b4\uc9c0\ub294 \uace0\uccb4 \uc131\ubd84\uc785\ub2c8\ub2e4. \ud654\uc7a5\ud488\uc5d0 \uc0ac\uc6a9\ub418\uba70, \uc8fc\ub85c \uc81c\ubaa8 \uc641\uc2a4\ub85c \ud65c\uc6a9\ub429\ub2c8\ub2e4.\",\"breadcrumb\":{\"@id\":\"https:\\\/\\\/naturalpoland.com\\\/ko\\\/je-pum\\\/cheon-yeon-wak-seu\\\/%ec%98%ac%eb%a6%ac%eb%b8%8c-%ec%99%81%ec%8a%a4\\\/#breadcrumb\"},\"inLanguage\":\"ko-KR\",\"potentialAction\":[{\"@type\":\"ReadAction\",\"target\":[\"https:\\\/\\\/naturalpoland.com\\\/ko\\\/je-pum\\\/cheon-yeon-wak-seu\\\/%ec%98%ac%eb%a6%ac%eb%b8%8c-%ec%99%81%ec%8a%a4\\\/\"]}]},{\"@type\":\"ImageObject\",\"inLanguage\":\"ko-KR\",\"@id\":\"https:\\\/\\\/naturalpoland.com\\\/ko\\\/je-pum\\\/cheon-yeon-wak-seu\\\/%ec%98%ac%eb%a6%ac%eb%b8%8c-%ec%99%81%ec%8a%a4\\\/#primaryimage\",\"url\":\"https:\\\/\\\/naturalpoland.com\\\/wp-content\\\/uploads\\\/2021\\\/05\\\/olive-wax.jpg\",\"contentUrl\":\"https:\\\/\\\/naturalpoland.com\\\/wp-content\\\/uploads\\\/2021\\\/05\\\/olive-wax.jpg\",\"width\":1600,\"height\":1200,\"caption\":\"\uc62c\ub9ac\ube0c \uc641\uc2a4\"},{\"@type\":\"BreadcrumbList\",\"@id\":\"https:\\\/\\\/naturalpoland.com\\\/ko\\\/je-pum\\\/cheon-yeon-wak-seu\\\/%ec%98%ac%eb%a6%ac%eb%b8%8c-%ec%99%81%ec%8a%a4\\\/#breadcrumb\",\"itemListElement\":[{\"@type\":\"ListItem\",\"position\":1,\"name\":\"\ud648\",\"item\":\"https:\\\/\\\/naturalpoland.com\\\/ko\\\/\"},{\"@type\":\"ListItem\",\"position\":2,\"name\":\"\uc81c\ud488\",\"item\":\"https:\\\/\\\/naturalpoland.com\\\/ko\\\/%ec%a0%9c%ed%92%88\\\/\"},{\"@type\":\"ListItem\",\"position\":3,\"name\":\"\uc62c\ub9ac\ube0c \uc641\uc2a4\"}]},{\"@type\":\"WebSite\",\"@id\":\"https:\\\/\\\/naturalpoland.com\\\/ko\\\/#website\",\"url\":\"https:\\\/\\\/naturalpoland.com\\\/ko\\\/\",\"name\":\"NATURAL POLAND - Hurtowy Dystrybutor Surowc\u00f3w\",\"description\":\"Surowce dla przemys\u0142u spo\u017cywczego, kosmetycznego i farmaceutycznego\",\"publisher\":{\"@id\":\"https:\\\/\\\/naturalpoland.com\\\/ko\\\/#organization\"},\"potentialAction\":[{\"@type\":\"SearchAction\",\"target\":{\"@type\":\"EntryPoint\",\"urlTemplate\":\"https:\\\/\\\/naturalpoland.com\\\/ko\\\/?s={search_term_string}\"},\"query-input\":{\"@type\":\"PropertyValueSpecification\",\"valueRequired\":true,\"valueName\":\"search_term_string\"}}],\"inLanguage\":\"ko-KR\"},{\"@type\":\"Organization\",\"@id\":\"https:\\\/\\\/naturalpoland.com\\\/ko\\\/#organization\",\"name\":\"Natural Poland\",\"url\":\"https:\\\/\\\/naturalpoland.com\\\/ko\\\/\",\"logo\":{\"@type\":\"ImageObject\",\"inLanguage\":\"ko-KR\",\"@id\":\"https:\\\/\\\/naturalpoland.com\\\/ko\\\/#\\\/schema\\\/logo\\\/image\\\/\",\"url\":\"https:\\\/\\\/naturalpoland.com\\\/wp-content\\\/uploads\\\/2021\\\/05\\\/natural-poland-icon.png\",\"contentUrl\":\"https:\\\/\\\/naturalpoland.com\\\/wp-content\\\/uploads\\\/2021\\\/05\\\/natural-poland-icon.png\",\"width\":512,\"height\":512,\"caption\":\"Natural Poland\"},\"image\":{\"@id\":\"https:\\\/\\\/naturalpoland.com\\\/ko\\\/#\\\/schema\\\/logo\\\/image\\\/\"},\"sameAs\":[\"https:\\\/\\\/www.facebook.com\\\/naturalpoland.b2b\",\"https:\\\/\\\/pl.linkedin.com\\\/company\\\/natural-poland\",\"https:\\\/\\\/www.youtube.com\\\/channel\\\/UCgeGGkvOMahZo-xu_MSEWxg\"]}]}<\/script>\n<!-- \/ Yoast SEO plugin. -->","yoast_head_json":{"title":"\uc62c\ub9ac\ube0c \uc641\uc2a4 - Hurtowy Dystrybutor","description":"\uc62c\ub9ac\ube0c \uc641\uc2a4\ub294 \uc62c\ub9ac\ube0c \uc624\uc77c \uc0dd\uc0b0 \uacfc\uc815\uc5d0\uc11c \uc5bb\uc5b4\uc9c0\ub294 \uace0\uccb4 \uc131\ubd84\uc785\ub2c8\ub2e4. \ud654\uc7a5\ud488\uc5d0 \uc0ac\uc6a9\ub418\uba70, \uc8fc\ub85c \uc81c\ubaa8 \uc641\uc2a4\ub85c \ud65c\uc6a9\ub429\ub2c8\ub2e4.","robots":{"index":"index","follow":"follow","max-snippet":"max-snippet:-1","max-image-preview":"max-image-preview:large","max-video-preview":"max-video-preview:-1"},"canonical":"https:\/\/naturalpoland.com\/ko\/je-pum\/cheon-yeon-wak-seu\/%ec%98%ac%eb%a6%ac%eb%b8%8c-%ec%99%81%ec%8a%a4\/","og_locale":"ko_KR","og_type":"article","og_title":"\uc62c\ub9ac\ube0c \uc641\uc2a4 - Hurtowy Dystrybutor","og_description":"\uc62c\ub9ac\ube0c \uc641\uc2a4\ub294 \uc62c\ub9ac\ube0c \uc624\uc77c \uc0dd\uc0b0 \uacfc\uc815\uc5d0\uc11c \uc5bb\uc5b4\uc9c0\ub294 \uace0\uccb4 \uc131\ubd84\uc785\ub2c8\ub2e4. \ud654\uc7a5\ud488\uc5d0 \uc0ac\uc6a9\ub418\uba70, \uc8fc\ub85c \uc81c\ubaa8 \uc641\uc2a4\ub85c \ud65c\uc6a9\ub429\ub2c8\ub2e4.","og_url":"https:\/\/naturalpoland.com\/ko\/je-pum\/cheon-yeon-wak-seu\/%ec%98%ac%eb%a6%ac%eb%b8%8c-%ec%99%81%ec%8a%a4\/","og_site_name":"NATURAL POLAND - Hurtowy Dystrybutor Surowc\u00f3w","article_publisher":"https:\/\/www.facebook.com\/naturalpoland.b2b","article_modified_time":"2026-02-27T13:43:28+00:00","og_image":[{"width":1600,"height":1200,"url":"https:\/\/naturalpoland.com\/wp-content\/uploads\/2021\/05\/olive-wax.jpg","type":"image\/jpeg"}],"schema":{"@context":"https:\/\/schema.org","@graph":[{"@type":"WebPage","@id":"https:\/\/naturalpoland.com\/ko\/je-pum\/cheon-yeon-wak-seu\/%ec%98%ac%eb%a6%ac%eb%b8%8c-%ec%99%81%ec%8a%a4\/","url":"https:\/\/naturalpoland.com\/ko\/je-pum\/cheon-yeon-wak-seu\/%ec%98%ac%eb%a6%ac%eb%b8%8c-%ec%99%81%ec%8a%a4\/","name":"\uc62c\ub9ac\ube0c \uc641\uc2a4 - Hurtowy Dystrybutor","isPartOf":{"@id":"https:\/\/naturalpoland.com\/ko\/#website"},"primaryImageOfPage":{"@id":"https:\/\/naturalpoland.com\/ko\/je-pum\/cheon-yeon-wak-seu\/%ec%98%ac%eb%a6%ac%eb%b8%8c-%ec%99%81%ec%8a%a4\/#primaryimage"},"image":{"@id":"https:\/\/naturalpoland.com\/ko\/je-pum\/cheon-yeon-wak-seu\/%ec%98%ac%eb%a6%ac%eb%b8%8c-%ec%99%81%ec%8a%a4\/#primaryimage"},"thumbnailUrl":"https:\/\/naturalpoland.com\/wp-content\/uploads\/2021\/05\/olive-wax.jpg","datePublished":"2021-05-11T11:58:10+00:00","dateModified":"2026-02-27T13:43:28+00:00","description":"\uc62c\ub9ac\ube0c \uc641\uc2a4\ub294 \uc62c\ub9ac\ube0c \uc624\uc77c \uc0dd\uc0b0 \uacfc\uc815\uc5d0\uc11c \uc5bb\uc5b4\uc9c0\ub294 \uace0\uccb4 \uc131\ubd84\uc785\ub2c8\ub2e4. \ud654\uc7a5\ud488\uc5d0 \uc0ac\uc6a9\ub418\uba70, \uc8fc\ub85c \uc81c\ubaa8 \uc641\uc2a4\ub85c \ud65c\uc6a9\ub429\ub2c8\ub2e4.","breadcrumb":{"@id":"https:\/\/naturalpoland.com\/ko\/je-pum\/cheon-yeon-wak-seu\/%ec%98%ac%eb%a6%ac%eb%b8%8c-%ec%99%81%ec%8a%a4\/#breadcrumb"},"inLanguage":"ko-KR","potentialAction":[{"@type":"ReadAction","target":["https:\/\/naturalpoland.com\/ko\/je-pum\/cheon-yeon-wak-seu\/%ec%98%ac%eb%a6%ac%eb%b8%8c-%ec%99%81%ec%8a%a4\/"]}]},{"@type":"ImageObject","inLanguage":"ko-KR","@id":"https:\/\/naturalpoland.com\/ko\/je-pum\/cheon-yeon-wak-seu\/%ec%98%ac%eb%a6%ac%eb%b8%8c-%ec%99%81%ec%8a%a4\/#primaryimage","url":"https:\/\/naturalpoland.com\/wp-content\/uploads\/2021\/05\/olive-wax.jpg","contentUrl":"https:\/\/naturalpoland.com\/wp-content\/uploads\/2021\/05\/olive-wax.jpg","width":1600,"height":1200,"caption":"\uc62c\ub9ac\ube0c \uc641\uc2a4"},{"@type":"BreadcrumbList","@id":"https:\/\/naturalpoland.com\/ko\/je-pum\/cheon-yeon-wak-seu\/%ec%98%ac%eb%a6%ac%eb%b8%8c-%ec%99%81%ec%8a%a4\/#breadcrumb","itemListElement":[{"@type":"ListItem","position":1,"name":"\ud648","item":"https:\/\/naturalpoland.com\/ko\/"},{"@type":"ListItem","position":2,"name":"\uc81c\ud488","item":"https:\/\/naturalpoland.com\/ko\/%ec%a0%9c%ed%92%88\/"},{"@type":"ListItem","position":3,"name":"\uc62c\ub9ac\ube0c \uc641\uc2a4"}]},{"@type":"WebSite","@id":"https:\/\/naturalpoland.com\/ko\/#website","url":"https:\/\/naturalpoland.com\/ko\/","name":"NATURAL POLAND - Hurtowy Dystrybutor Surowc\u00f3w","description":"Surowce dla przemys\u0142u spo\u017cywczego, kosmetycznego i farmaceutycznego","publisher":{"@id":"https:\/\/naturalpoland.com\/ko\/#organization"},"potentialAction":[{"@type":"SearchAction","target":{"@type":"EntryPoint","urlTemplate":"https:\/\/naturalpoland.com\/ko\/?s={search_term_string}"},"query-input":{"@type":"PropertyValueSpecification","valueRequired":true,"valueName":"search_term_string"}}],"inLanguage":"ko-KR"},{"@type":"Organization","@id":"https:\/\/naturalpoland.com\/ko\/#organization","name":"Natural Poland","url":"https:\/\/naturalpoland.com\/ko\/","logo":{"@type":"ImageObject","inLanguage":"ko-KR","@id":"https:\/\/naturalpoland.com\/ko\/#\/schema\/logo\/image\/","url":"https:\/\/naturalpoland.com\/wp-content\/uploads\/2021\/05\/natural-poland-icon.png","contentUrl":"https:\/\/naturalpoland.com\/wp-content\/uploads\/2021\/05\/natural-poland-icon.png","width":512,"height":512,"caption":"Natural Poland"},"image":{"@id":"https:\/\/naturalpoland.com\/ko\/#\/schema\/logo\/image\/"},"sameAs":["https:\/\/www.facebook.com\/naturalpoland.b2b","https:\/\/pl.linkedin.com\/company\/natural-poland","https:\/\/www.youtube.com\/channel\/UCgeGGkvOMahZo-xu_MSEWxg"]}]}},"_links":{"self":[{"href":"https:\/\/naturalpoland.com\/ko\/wp-json\/wp\/v2\/product\/46296","targetHints":{"allow":["GET"]}}],"collection":[{"href":"https:\/\/naturalpoland.com\/ko\/wp-json\/wp\/v2\/product"}],"about":[{"href":"https:\/\/naturalpoland.com\/ko\/wp-json\/wp\/v2\/types\/product"}],"wp:featuredmedia":[{"embeddable":true,"href":"https:\/\/naturalpoland.com\/ko\/wp-json\/wp\/v2\/media\/46297"}],"wp:attachment":[{"href":"https:\/\/naturalpoland.com\/ko\/wp-json\/wp\/v2\/media?parent=46296"}],"wp:term":[{"taxonomy":"product_brand","embeddable":true,"href":"https:\/\/naturalpoland.com\/ko\/wp-json\/wp\/v2\/product_brand?post=46296"},{"taxonomy":"product_cat","embeddable":true,"href":"https:\/\/naturalpoland.com\/ko\/wp-json\/wp\/v2\/product_cat?post=46296"},{"taxonomy":"product_tag","embeddable":true,"href":"https:\/\/naturalpoland.com\/ko\/wp-json\/wp\/v2\/product_tag?post=46296"}],"curies":[{"name":"wp","href":"https:\/\/api.w.org\/{rel}","templated":true}]}}