{"id":46301,"date":"2021-08-27T17:14:45","date_gmt":"2021-08-27T15:14:45","guid":{"rendered":"https:\/\/naturalpoland.com\/produkty\/uncategorized\/%eb%86%8d%ec%b6%95-%ed%95%b4%ec%88%98\/"},"modified":"2026-02-27T14:43:48","modified_gmt":"2026-02-27T13:43:48","slug":"%eb%86%8d%ec%b6%95-%ed%95%b4%ec%88%98","status":"publish","type":"product","link":"https:\/\/naturalpoland.com\/ko\/je-pum\/hwa-jang-pum-won-ryo\/hwa-jang-pum-won-ryo-ko\/%eb%86%8d%ec%b6%95-%ed%95%b4%ec%88%98\/","title":{"rendered":"\ub18d\ucd95 \ud574\uc218"},"content":{"rendered":"<p><strong>\uc758\uc57d\ud488 \ub4f1\uae09<\/strong>: \ub4f1\uc7a5\uc131 \ube44\uac15 \uc2a4\ud504\ub808\uc774.<\/p>\n<p><strong>\ud654\uc7a5\ud488 \ub4f1\uae09<\/strong> &#8211; \ud574\uc218\ub97c \uc774\uc6a9\ud55c \uc218\uc601\uc7a5, \uc695\uc870, SPA \ud2b8\ub9ac\ud2b8\uba3c\ud2b8\ub294 \ub2e4\uc74c\uc5d0 \ud6a8\uacfc\uc801\uc785\ub2c8\ub2e4:<\/p>\n<ul>\n<li>\uccb4\uc911 \uac10\ub7c9, \uc140\ub8f0\ub77c\uc774\ud2b8 \uac1c\uc120<\/li>\n<li>\uadfc\uace8\uaca9\uacc4 \uc9c8\ud658<\/li>\n<li>\uc21c\ud658\uacc4 \uc9c8\ud658<\/li>\n<li>\uc2e0\uacbd\uacc4 \uc9c8\ud658<\/li>\n<li>\ud638\ud761\uae30\uacc4 \uc9c8\ud658<\/li>\n<li>\uc18c\ud654\uae30\uacc4 \uc9c8\ud658<\/li>\n<li>\ub0b4\ubd84\ube44\uacc4 \uc9c8\ud658 \ubc0f \ub300\uc0ac \uc7a5\uc560<\/li>\n<li>\ube44\ub1e8\uc0dd\uc2dd\uae30\uacc4 \uc9c8\ud658<\/li>\n<li>\ud53c\ubd80 \uc9c8\ud658(\ud53c\ubd80\uc5fc, \uc2b5\uc9c4, \ub450\ub4dc\ub7ec\uae30, \ud749\ud130, \uac01\ud654\uc99d, \uac74\uc120 \ub4f1)<\/li>\n<li>\uc5ec\ub4dc\ub984<\/li>\n<li>\uad00\uc808\uc5fc \uce58\ub8cc<\/li>\n<\/ul>\n","protected":false},"excerpt":{"rendered":"<div>\ub18d\ucd95 \ud574\uc218\ub294 \uae4a\uc774 1000\ubbf8\ud130\uc758 \uc6b0\ubb3c\uc5d0\uc11c \ucd94\ucd9c\ub429\ub2c8\ub2e4.<\/div>\n<div>\n<p>\uc6d0\ub8cc\ub294 \uc758\uc57d\ud488 \ub4f1\uae09 \ub610\ub294 \ud654\uc7a5\ud488 \ub4f1\uae09\uc77c \uc218 \uc788\uc2b5\ub2c8\ub2e4.<\/p>\n<div><\/div>\n<p><strong>\ubcf8 \uc81c\ud488\uc740 1\ub9ac\ud130\ub2f9 \ubb34\ub824 300 g\uc758 \ubbf8\ub124\ub784\uc744 \ud568\uc720\ud558\uace0 \uc788\uc2b5\ub2c8\ub2e4. <\/strong><\/p>\n<\/div>\n<div><b> <\/b><\/div>\n<div><\/div>\n","protected":false},"featured_media":46302,"template":"","meta":{"_acf_changed":false},"product_brand":[],"product_cat":[8141,8160],"product_tag":[8531],"class_list":{"0":"post-46301","1":"product","2":"type-product","3":"status-publish","4":"has-post-thumbnail","6":"product_cat-ui-yak-pum-won-ryo","7":"product_cat-hwa-jang-pum-won-ryo-ko","8":"product_tag-8531","10":"first","11":"instock","12":"shipping-taxable","13":"product-type-simple"},"acf":[],"yoast_head":"<!-- This site is optimized with the Yoast SEO plugin v27.4 - https:\/\/yoast.com\/product\/yoast-seo-wordpress\/ -->\n<title>\ub18d\ucd95 \ud574\uc218 - Hurtowy Dystrybutor<\/title>\n<meta name=\"robots\" content=\"index, follow, max-snippet:-1, max-image-preview:large, max-video-preview:-1\" \/>\n<link rel=\"canonical\" href=\"https:\/\/naturalpoland.com\/ko\/je-pum\/hwa-jang-pum-won-ryo\/hwa-jang-pum-won-ryo-ko\/%eb%86%8d%ec%b6%95-%ed%95%b4%ec%88%98\/\" \/>\n<meta property=\"og:locale\" content=\"ko_KR\" \/>\n<meta property=\"og:type\" content=\"article\" \/>\n<meta property=\"og:title\" content=\"\ub18d\ucd95 \ud574\uc218 - Hurtowy Dystrybutor\" \/>\n<meta property=\"og:description\" content=\"\ub18d\ucd95 \ud574\uc218\ub294 \uae4a\uc774 1000\ubbf8\ud130\uc758 \uc6b0\ubb3c\uc5d0\uc11c \ucd94\ucd9c\ub429\ub2c8\ub2e4.  \uc6d0\ub8cc\ub294 \uc758\uc57d\ud488 \ub4f1\uae09 \ub610\ub294 \ud654\uc7a5\ud488 \ub4f1\uae09\uc77c \uc218 \uc788\uc2b5\ub2c8\ub2e4. \ubcf8 \uc81c\ud488\uc740 1\ub9ac\ud130\ub2f9 \ubb34\ub824 300 g\uc758 \ubbf8\ub124\ub784\uc744 \ud568\uc720\ud558\uace0 \uc788\uc2b5\ub2c8\ub2e4.\" \/>\n<meta property=\"og:url\" content=\"https:\/\/naturalpoland.com\/ko\/je-pum\/hwa-jang-pum-won-ryo\/hwa-jang-pum-won-ryo-ko\/%eb%86%8d%ec%b6%95-%ed%95%b4%ec%88%98\/\" \/>\n<meta property=\"og:site_name\" content=\"NATURAL POLAND - Hurtowy Dystrybutor Surowc\u00f3w\" \/>\n<meta property=\"article:publisher\" content=\"https:\/\/www.facebook.com\/naturalpoland.b2b\" \/>\n<meta property=\"article:modified_time\" content=\"2026-02-27T13:43:48+00:00\" \/>\n<meta property=\"og:image\" content=\"https:\/\/naturalpoland.com\/wp-content\/uploads\/woda-morska-koncentrowana.jpg\" \/>\n\t<meta property=\"og:image:width\" content=\"678\" \/>\n\t<meta property=\"og:image:height\" content=\"650\" \/>\n\t<meta property=\"og:image:type\" content=\"image\/jpeg\" \/>\n<script type=\"application\/ld+json\" class=\"yoast-schema-graph\">{\"@context\":\"https:\\\/\\\/schema.org\",\"@graph\":[{\"@type\":\"WebPage\",\"@id\":\"https:\\\/\\\/naturalpoland.com\\\/ko\\\/je-pum\\\/hwa-jang-pum-won-ryo\\\/hwa-jang-pum-won-ryo-ko\\\/%eb%86%8d%ec%b6%95-%ed%95%b4%ec%88%98\\\/\",\"url\":\"https:\\\/\\\/naturalpoland.com\\\/ko\\\/je-pum\\\/hwa-jang-pum-won-ryo\\\/hwa-jang-pum-won-ryo-ko\\\/%eb%86%8d%ec%b6%95-%ed%95%b4%ec%88%98\\\/\",\"name\":\"\ub18d\ucd95 \ud574\uc218 - Hurtowy Dystrybutor\",\"isPartOf\":{\"@id\":\"https:\\\/\\\/naturalpoland.com\\\/ko\\\/#website\"},\"primaryImageOfPage\":{\"@id\":\"https:\\\/\\\/naturalpoland.com\\\/ko\\\/je-pum\\\/hwa-jang-pum-won-ryo\\\/hwa-jang-pum-won-ryo-ko\\\/%eb%86%8d%ec%b6%95-%ed%95%b4%ec%88%98\\\/#primaryimage\"},\"image\":{\"@id\":\"https:\\\/\\\/naturalpoland.com\\\/ko\\\/je-pum\\\/hwa-jang-pum-won-ryo\\\/hwa-jang-pum-won-ryo-ko\\\/%eb%86%8d%ec%b6%95-%ed%95%b4%ec%88%98\\\/#primaryimage\"},\"thumbnailUrl\":\"https:\\\/\\\/naturalpoland.com\\\/wp-content\\\/uploads\\\/woda-morska-koncentrowana.jpg\",\"datePublished\":\"2021-08-27T15:14:45+00:00\",\"dateModified\":\"2026-02-27T13:43:48+00:00\",\"breadcrumb\":{\"@id\":\"https:\\\/\\\/naturalpoland.com\\\/ko\\\/je-pum\\\/hwa-jang-pum-won-ryo\\\/hwa-jang-pum-won-ryo-ko\\\/%eb%86%8d%ec%b6%95-%ed%95%b4%ec%88%98\\\/#breadcrumb\"},\"inLanguage\":\"ko-KR\",\"potentialAction\":[{\"@type\":\"ReadAction\",\"target\":[\"https:\\\/\\\/naturalpoland.com\\\/ko\\\/je-pum\\\/hwa-jang-pum-won-ryo\\\/hwa-jang-pum-won-ryo-ko\\\/%eb%86%8d%ec%b6%95-%ed%95%b4%ec%88%98\\\/\"]}]},{\"@type\":\"ImageObject\",\"inLanguage\":\"ko-KR\",\"@id\":\"https:\\\/\\\/naturalpoland.com\\\/ko\\\/je-pum\\\/hwa-jang-pum-won-ryo\\\/hwa-jang-pum-won-ryo-ko\\\/%eb%86%8d%ec%b6%95-%ed%95%b4%ec%88%98\\\/#primaryimage\",\"url\":\"https:\\\/\\\/naturalpoland.com\\\/wp-content\\\/uploads\\\/woda-morska-koncentrowana.jpg\",\"contentUrl\":\"https:\\\/\\\/naturalpoland.com\\\/wp-content\\\/uploads\\\/woda-morska-koncentrowana.jpg\",\"width\":678,\"height\":650,\"caption\":\"\ub18d\ucd95 \ud574\uc218\"},{\"@type\":\"BreadcrumbList\",\"@id\":\"https:\\\/\\\/naturalpoland.com\\\/ko\\\/je-pum\\\/hwa-jang-pum-won-ryo\\\/hwa-jang-pum-won-ryo-ko\\\/%eb%86%8d%ec%b6%95-%ed%95%b4%ec%88%98\\\/#breadcrumb\",\"itemListElement\":[{\"@type\":\"ListItem\",\"position\":1,\"name\":\"\ud648\",\"item\":\"https:\\\/\\\/naturalpoland.com\\\/ko\\\/\"},{\"@type\":\"ListItem\",\"position\":2,\"name\":\"\uc81c\ud488\",\"item\":\"https:\\\/\\\/naturalpoland.com\\\/ko\\\/%ec%a0%9c%ed%92%88\\\/\"},{\"@type\":\"ListItem\",\"position\":3,\"name\":\"\ub18d\ucd95 \ud574\uc218\"}]},{\"@type\":\"WebSite\",\"@id\":\"https:\\\/\\\/naturalpoland.com\\\/ko\\\/#website\",\"url\":\"https:\\\/\\\/naturalpoland.com\\\/ko\\\/\",\"name\":\"NATURAL POLAND - Hurtowy Dystrybutor Surowc\u00f3w\",\"description\":\"Surowce dla przemys\u0142u spo\u017cywczego, kosmetycznego i farmaceutycznego\",\"publisher\":{\"@id\":\"https:\\\/\\\/naturalpoland.com\\\/ko\\\/#organization\"},\"potentialAction\":[{\"@type\":\"SearchAction\",\"target\":{\"@type\":\"EntryPoint\",\"urlTemplate\":\"https:\\\/\\\/naturalpoland.com\\\/ko\\\/?s={search_term_string}\"},\"query-input\":{\"@type\":\"PropertyValueSpecification\",\"valueRequired\":true,\"valueName\":\"search_term_string\"}}],\"inLanguage\":\"ko-KR\"},{\"@type\":\"Organization\",\"@id\":\"https:\\\/\\\/naturalpoland.com\\\/ko\\\/#organization\",\"name\":\"Natural Poland\",\"url\":\"https:\\\/\\\/naturalpoland.com\\\/ko\\\/\",\"logo\":{\"@type\":\"ImageObject\",\"inLanguage\":\"ko-KR\",\"@id\":\"https:\\\/\\\/naturalpoland.com\\\/ko\\\/#\\\/schema\\\/logo\\\/image\\\/\",\"url\":\"https:\\\/\\\/naturalpoland.com\\\/wp-content\\\/uploads\\\/2021\\\/05\\\/natural-poland-icon.png\",\"contentUrl\":\"https:\\\/\\\/naturalpoland.com\\\/wp-content\\\/uploads\\\/2021\\\/05\\\/natural-poland-icon.png\",\"width\":512,\"height\":512,\"caption\":\"Natural Poland\"},\"image\":{\"@id\":\"https:\\\/\\\/naturalpoland.com\\\/ko\\\/#\\\/schema\\\/logo\\\/image\\\/\"},\"sameAs\":[\"https:\\\/\\\/www.facebook.com\\\/naturalpoland.b2b\",\"https:\\\/\\\/pl.linkedin.com\\\/company\\\/natural-poland\",\"https:\\\/\\\/www.youtube.com\\\/channel\\\/UCgeGGkvOMahZo-xu_MSEWxg\"]}]}<\/script>\n<!-- \/ Yoast SEO plugin. -->","yoast_head_json":{"title":"\ub18d\ucd95 \ud574\uc218 - Hurtowy Dystrybutor","robots":{"index":"index","follow":"follow","max-snippet":"max-snippet:-1","max-image-preview":"max-image-preview:large","max-video-preview":"max-video-preview:-1"},"canonical":"https:\/\/naturalpoland.com\/ko\/je-pum\/hwa-jang-pum-won-ryo\/hwa-jang-pum-won-ryo-ko\/%eb%86%8d%ec%b6%95-%ed%95%b4%ec%88%98\/","og_locale":"ko_KR","og_type":"article","og_title":"\ub18d\ucd95 \ud574\uc218 - Hurtowy Dystrybutor","og_description":"\ub18d\ucd95 \ud574\uc218\ub294 \uae4a\uc774 1000\ubbf8\ud130\uc758 \uc6b0\ubb3c\uc5d0\uc11c \ucd94\ucd9c\ub429\ub2c8\ub2e4.  \uc6d0\ub8cc\ub294 \uc758\uc57d\ud488 \ub4f1\uae09 \ub610\ub294 \ud654\uc7a5\ud488 \ub4f1\uae09\uc77c \uc218 \uc788\uc2b5\ub2c8\ub2e4. \ubcf8 \uc81c\ud488\uc740 1\ub9ac\ud130\ub2f9 \ubb34\ub824 300 g\uc758 \ubbf8\ub124\ub784\uc744 \ud568\uc720\ud558\uace0 \uc788\uc2b5\ub2c8\ub2e4.","og_url":"https:\/\/naturalpoland.com\/ko\/je-pum\/hwa-jang-pum-won-ryo\/hwa-jang-pum-won-ryo-ko\/%eb%86%8d%ec%b6%95-%ed%95%b4%ec%88%98\/","og_site_name":"NATURAL POLAND - Hurtowy Dystrybutor Surowc\u00f3w","article_publisher":"https:\/\/www.facebook.com\/naturalpoland.b2b","article_modified_time":"2026-02-27T13:43:48+00:00","og_image":[{"width":678,"height":650,"url":"https:\/\/naturalpoland.com\/wp-content\/uploads\/woda-morska-koncentrowana.jpg","type":"image\/jpeg"}],"schema":{"@context":"https:\/\/schema.org","@graph":[{"@type":"WebPage","@id":"https:\/\/naturalpoland.com\/ko\/je-pum\/hwa-jang-pum-won-ryo\/hwa-jang-pum-won-ryo-ko\/%eb%86%8d%ec%b6%95-%ed%95%b4%ec%88%98\/","url":"https:\/\/naturalpoland.com\/ko\/je-pum\/hwa-jang-pum-won-ryo\/hwa-jang-pum-won-ryo-ko\/%eb%86%8d%ec%b6%95-%ed%95%b4%ec%88%98\/","name":"\ub18d\ucd95 \ud574\uc218 - Hurtowy Dystrybutor","isPartOf":{"@id":"https:\/\/naturalpoland.com\/ko\/#website"},"primaryImageOfPage":{"@id":"https:\/\/naturalpoland.com\/ko\/je-pum\/hwa-jang-pum-won-ryo\/hwa-jang-pum-won-ryo-ko\/%eb%86%8d%ec%b6%95-%ed%95%b4%ec%88%98\/#primaryimage"},"image":{"@id":"https:\/\/naturalpoland.com\/ko\/je-pum\/hwa-jang-pum-won-ryo\/hwa-jang-pum-won-ryo-ko\/%eb%86%8d%ec%b6%95-%ed%95%b4%ec%88%98\/#primaryimage"},"thumbnailUrl":"https:\/\/naturalpoland.com\/wp-content\/uploads\/woda-morska-koncentrowana.jpg","datePublished":"2021-08-27T15:14:45+00:00","dateModified":"2026-02-27T13:43:48+00:00","breadcrumb":{"@id":"https:\/\/naturalpoland.com\/ko\/je-pum\/hwa-jang-pum-won-ryo\/hwa-jang-pum-won-ryo-ko\/%eb%86%8d%ec%b6%95-%ed%95%b4%ec%88%98\/#breadcrumb"},"inLanguage":"ko-KR","potentialAction":[{"@type":"ReadAction","target":["https:\/\/naturalpoland.com\/ko\/je-pum\/hwa-jang-pum-won-ryo\/hwa-jang-pum-won-ryo-ko\/%eb%86%8d%ec%b6%95-%ed%95%b4%ec%88%98\/"]}]},{"@type":"ImageObject","inLanguage":"ko-KR","@id":"https:\/\/naturalpoland.com\/ko\/je-pum\/hwa-jang-pum-won-ryo\/hwa-jang-pum-won-ryo-ko\/%eb%86%8d%ec%b6%95-%ed%95%b4%ec%88%98\/#primaryimage","url":"https:\/\/naturalpoland.com\/wp-content\/uploads\/woda-morska-koncentrowana.jpg","contentUrl":"https:\/\/naturalpoland.com\/wp-content\/uploads\/woda-morska-koncentrowana.jpg","width":678,"height":650,"caption":"\ub18d\ucd95 \ud574\uc218"},{"@type":"BreadcrumbList","@id":"https:\/\/naturalpoland.com\/ko\/je-pum\/hwa-jang-pum-won-ryo\/hwa-jang-pum-won-ryo-ko\/%eb%86%8d%ec%b6%95-%ed%95%b4%ec%88%98\/#breadcrumb","itemListElement":[{"@type":"ListItem","position":1,"name":"\ud648","item":"https:\/\/naturalpoland.com\/ko\/"},{"@type":"ListItem","position":2,"name":"\uc81c\ud488","item":"https:\/\/naturalpoland.com\/ko\/%ec%a0%9c%ed%92%88\/"},{"@type":"ListItem","position":3,"name":"\ub18d\ucd95 \ud574\uc218"}]},{"@type":"WebSite","@id":"https:\/\/naturalpoland.com\/ko\/#website","url":"https:\/\/naturalpoland.com\/ko\/","name":"NATURAL POLAND - Hurtowy Dystrybutor Surowc\u00f3w","description":"Surowce dla przemys\u0142u spo\u017cywczego, kosmetycznego i farmaceutycznego","publisher":{"@id":"https:\/\/naturalpoland.com\/ko\/#organization"},"potentialAction":[{"@type":"SearchAction","target":{"@type":"EntryPoint","urlTemplate":"https:\/\/naturalpoland.com\/ko\/?s={search_term_string}"},"query-input":{"@type":"PropertyValueSpecification","valueRequired":true,"valueName":"search_term_string"}}],"inLanguage":"ko-KR"},{"@type":"Organization","@id":"https:\/\/naturalpoland.com\/ko\/#organization","name":"Natural Poland","url":"https:\/\/naturalpoland.com\/ko\/","logo":{"@type":"ImageObject","inLanguage":"ko-KR","@id":"https:\/\/naturalpoland.com\/ko\/#\/schema\/logo\/image\/","url":"https:\/\/naturalpoland.com\/wp-content\/uploads\/2021\/05\/natural-poland-icon.png","contentUrl":"https:\/\/naturalpoland.com\/wp-content\/uploads\/2021\/05\/natural-poland-icon.png","width":512,"height":512,"caption":"Natural Poland"},"image":{"@id":"https:\/\/naturalpoland.com\/ko\/#\/schema\/logo\/image\/"},"sameAs":["https:\/\/www.facebook.com\/naturalpoland.b2b","https:\/\/pl.linkedin.com\/company\/natural-poland","https:\/\/www.youtube.com\/channel\/UCgeGGkvOMahZo-xu_MSEWxg"]}]}},"_links":{"self":[{"href":"https:\/\/naturalpoland.com\/ko\/wp-json\/wp\/v2\/product\/46301","targetHints":{"allow":["GET"]}}],"collection":[{"href":"https:\/\/naturalpoland.com\/ko\/wp-json\/wp\/v2\/product"}],"about":[{"href":"https:\/\/naturalpoland.com\/ko\/wp-json\/wp\/v2\/types\/product"}],"wp:featuredmedia":[{"embeddable":true,"href":"https:\/\/naturalpoland.com\/ko\/wp-json\/wp\/v2\/media\/46302"}],"wp:attachment":[{"href":"https:\/\/naturalpoland.com\/ko\/wp-json\/wp\/v2\/media?parent=46301"}],"wp:term":[{"taxonomy":"product_brand","embeddable":true,"href":"https:\/\/naturalpoland.com\/ko\/wp-json\/wp\/v2\/product_brand?post=46301"},{"taxonomy":"product_cat","embeddable":true,"href":"https:\/\/naturalpoland.com\/ko\/wp-json\/wp\/v2\/product_cat?post=46301"},{"taxonomy":"product_tag","embeddable":true,"href":"https:\/\/naturalpoland.com\/ko\/wp-json\/wp\/v2\/product_tag?post=46301"}],"curies":[{"name":"wp","href":"https:\/\/api.w.org\/{rel}","templated":true}]}}