{"id":46306,"date":"2021-05-11T13:58:33","date_gmt":"2021-05-11T11:58:33","guid":{"rendered":"https:\/\/naturalpoland.com\/produkty\/uncategorized\/%ec%97%90%ed%82%a4%eb%84%a4%ec%8b%9c%ec%95%84-%ec%b6%94%ec%b6%9c%eb%ac%bc\/"},"modified":"2026-02-27T14:44:20","modified_gmt":"2026-02-27T13:44:20","slug":"%ec%97%90%ed%82%a4%eb%84%a4%ec%8b%9c%ec%95%84-%ec%b6%94%ec%b6%9c%eb%ac%bc","status":"publish","type":"product","link":"https:\/\/naturalpoland.com\/ko\/je-pum\/sig-mul-chu-chul-mul\/%ec%97%90%ed%82%a4%eb%84%a4%ec%8b%9c%ec%95%84-%ec%b6%94%ec%b6%9c%eb%ac%bc\/","title":{"rendered":"\uc5d0\ud0a4\ub124\uc2dc\uc544 \ucd94\ucd9c\ubb3c"},"content":{"rendered":"<h2>\ud2b9\uc131<\/h2>\n<p>\ud37c\ud50c \uc5d0\ud0a4\ub124\uc2dc\uc544 \ucd94\ucd9c\ubb3c\uc740 \uba74\uc5ed \uccb4\uacc4\uc5d0 \uae0d\uc815\uc801\uc778 \uc601\ud5a5\uc744 \ubbf8\uce69\ub2c8\ub2e4. \ucd94\ucd9c\ubb3c\uc5d0 \ud568\uc720\ub41c \ud3f4\ub9ac\ud398\ub180\uc740 \uc2e0\uccb4\uc758 \uba74\uc5ed \ubc18\uc751\uc744 \uac15\ud654\ud558\uc5ec \uac10\uc5fc \ubc0f \uc9c8\ubcd1\uacfc \uc2f8\uc6b0\ub294 \ub370 \ub3c4\uc6c0\uc744 \uc90d\ub2c8\ub2e4. \ub610\ud55c \ud56d\uc5fc \ubc0f \ud56d\uc0b0\ud654 \ud2b9\uc131\uc774 \uc788\uc2b5\ub2c8\ub2e4.  <\/p>\n<h2>\uc801\uc6a9<\/h2>\n<p>\uc5d0\ud0a4\ub124\uc2dc\uc544 \uc81c\uc81c\ub294 \ubc14\uc774\ub7ec\uc2a4\uc131 \uc9c8\ud658, \uc138\uade0\uc131 \uc9c8\ud658 \ubc0f \uc9c4\uade0\uc131 \uc9c8\ud658 \uce58\ub8cc\uc5d0 \uc0ac\uc6a9\ub429\ub2c8\ub2e4. \uc774 \ucd94\ucd9c\ubb3c\uc740 \ucea1\uc290, \uc815\uc81c, \ubd84\ub9d0 \ubc0f \uc561\uc0c1 \uc81c\ud488\uc5d0 \ucca8\uac00\ub420 \uc218 \uc788\uc2b5\ub2c8\ub2e4. <\/p>\n<p>\ud654\uc7a5\ud488\uc5d0 \uc0ac\uc6a9\ub418\ub294 \uc5d0\ud0a4\ub124\uc2dc\uc544\ub294 \ud56d\uc0b0\ud654 \ubc0f \ud56d\uc5fc \uc791\uc6a9\uc744 \ud569\ub2c8\ub2e4. \ucd94\ucd9c\ubb3c\uc740 \ud06c\ub9bc, \uc138\ub7fc \ubc0f \uae30\ud0c0 \ud53c\ubd80 \uad00\ub9ac \uc81c\ud488\uc5d0 \ucca8\uac00\ub429\ub2c8\ub2e4. <\/p>\n","protected":false},"excerpt":{"rendered":"<p><strong>\ud37c\ud50c \uc5d0\ud0a4\ub124\uc2dc\uc544 \ucd94\ucd9c\ubb3c<\/strong>(<em>Echinacea Purpurea<\/em>)\uc740 \ud3f4\ub9ac\ud398\ub180 \ud568\ub7c9\uc73c\ub85c \ud45c\uc900\ud654\ub418\uc5b4 \uc788\uc2b5\ub2c8\ub2e4. \uc2dd\ubb3c\uc758 \uc9c0\uc0c1\ubd80\uc5d0\uc11c \uc5bb\uc5b4\uc9d1\ub2c8\ub2e4. \uba74\uc5ed \uccb4\uacc4\ub97c \uc9c0\uc6d0\ud558\ub294 \ud2b9\uc131\uc73c\ub85c \uc778\ud574 \uc81c\uc57d \uc0b0\uc5c5 \ubc0f \uac74\uac15\uae30\ub2a5\uc2dd\ud488\uc5d0 \uad11\ubc94\uc704\ud558\uac8c \uc0ac\uc6a9\ub429\ub2c8\ub2e4.  <\/p>\n","protected":false},"featured_media":46308,"template":"","meta":[],"product_brand":[],"product_cat":[8134],"product_tag":[],"class_list":{"0":"post-46306","1":"product","2":"type-product","3":"status-publish","4":"has-post-thumbnail","6":"product_cat-sig-mul-chu-chul-mul","7":"pa_certyfikaty-8218","8":"pa_certyfikaty-8219","9":"pa_czesc-rosliny-8978","10":"pa_skladnik-aktywny-11076","12":"first","13":"instock","14":"shipping-taxable","15":"product-type-simple"},"yoast_head":"<!-- This site is optimized with the Yoast SEO plugin v27.4 - https:\/\/yoast.com\/product\/yoast-seo-wordpress\/ -->\n<title>NATURAL POLAND &#8211; Hurtowy Dystrybutor Surowc\u00f3w<\/title>\n<meta name=\"description\" content=\"\ud37c\ud50c \uc5d0\ud0a4\ub124\uc2dc\uc544 \ucd94\ucd9c\ubb3c\uc740 \uba74\uc5ed \uccb4\uacc4\ub97c \uc9c0\uc6d0\ud558\ub294 \ud2b9\uc131\uc774 \uc788\uc2b5\ub2c8\ub2e4. \uac74\uac15\uae30\ub2a5\uc2dd\ud488\uc5d0 \uc0ac\uc6a9\ub418\ub294 \uc131\ubd84\uc785\ub2c8\ub2e4.\" \/>\n<meta name=\"robots\" content=\"index, follow, max-snippet:-1, max-image-preview:large, max-video-preview:-1\" \/>\n<link rel=\"canonical\" href=\"https:\/\/naturalpoland.com\/ko\/je-pum\/sig-mul-chu-chul-mul\/%ec%97%90%ed%82%a4%eb%84%a4%ec%8b%9c%ec%95%84-%ec%b6%94%ec%b6%9c%eb%ac%bc\/\" \/>\n<meta property=\"og:locale\" content=\"ko_KR\" \/>\n<meta property=\"og:type\" content=\"article\" \/>\n<meta property=\"og:description\" content=\"\ud37c\ud50c \uc5d0\ud0a4\ub124\uc2dc\uc544 \ucd94\ucd9c\ubb3c\uc740 \uba74\uc5ed \uccb4\uacc4\ub97c \uc9c0\uc6d0\ud558\ub294 \ud2b9\uc131\uc774 \uc788\uc2b5\ub2c8\ub2e4. \uac74\uac15\uae30\ub2a5\uc2dd\ud488\uc5d0 \uc0ac\uc6a9\ub418\ub294 \uc131\ubd84\uc785\ub2c8\ub2e4.\" \/>\n<meta property=\"og:url\" content=\"https:\/\/naturalpoland.com\/ko\/je-pum\/sig-mul-chu-chul-mul\/%ec%97%90%ed%82%a4%eb%84%a4%ec%8b%9c%ec%95%84-%ec%b6%94%ec%b6%9c%eb%ac%bc\/\" \/>\n<meta property=\"og:site_name\" content=\"NATURAL POLAND - Hurtowy Dystrybutor Surowc\u00f3w\" \/>\n<meta property=\"article:publisher\" content=\"https:\/\/www.facebook.com\/naturalpoland.b2b\" \/>\n<meta property=\"article:modified_time\" content=\"2026-02-27T13:44:20+00:00\" \/>\n<meta property=\"og:image\" content=\"https:\/\/naturalpoland.com\/wp-content\/uploads\/ekstrakt-z-jezowki.webp\" \/>\n\t<meta property=\"og:image:width\" content=\"614\" \/>\n\t<meta property=\"og:image:height\" content=\"614\" \/>\n\t<meta property=\"og:image:type\" content=\"image\/webp\" \/>\n<script type=\"application\/ld+json\" class=\"yoast-schema-graph\">{\"@context\":\"https:\\\/\\\/schema.org\",\"@graph\":[{\"@type\":\"WebPage\",\"@id\":\"https:\\\/\\\/naturalpoland.com\\\/ko\\\/je-pum\\\/sig-mul-chu-chul-mul\\\/%ec%97%90%ed%82%a4%eb%84%a4%ec%8b%9c%ec%95%84-%ec%b6%94%ec%b6%9c%eb%ac%bc\\\/\",\"url\":\"https:\\\/\\\/naturalpoland.com\\\/ko\\\/je-pum\\\/sig-mul-chu-chul-mul\\\/%ec%97%90%ed%82%a4%eb%84%a4%ec%8b%9c%ec%95%84-%ec%b6%94%ec%b6%9c%eb%ac%bc\\\/\",\"name\":\"\",\"isPartOf\":{\"@id\":\"https:\\\/\\\/naturalpoland.com\\\/ko\\\/#website\"},\"primaryImageOfPage\":{\"@id\":\"https:\\\/\\\/naturalpoland.com\\\/ko\\\/je-pum\\\/sig-mul-chu-chul-mul\\\/%ec%97%90%ed%82%a4%eb%84%a4%ec%8b%9c%ec%95%84-%ec%b6%94%ec%b6%9c%eb%ac%bc\\\/#primaryimage\"},\"image\":{\"@id\":\"https:\\\/\\\/naturalpoland.com\\\/ko\\\/je-pum\\\/sig-mul-chu-chul-mul\\\/%ec%97%90%ed%82%a4%eb%84%a4%ec%8b%9c%ec%95%84-%ec%b6%94%ec%b6%9c%eb%ac%bc\\\/#primaryimage\"},\"thumbnailUrl\":\"https:\\\/\\\/naturalpoland.com\\\/wp-content\\\/uploads\\\/ekstrakt-z-jezowki.webp\",\"datePublished\":\"2021-05-11T11:58:33+00:00\",\"dateModified\":\"2026-02-27T13:44:20+00:00\",\"description\":\"\ud37c\ud50c \uc5d0\ud0a4\ub124\uc2dc\uc544 \ucd94\ucd9c\ubb3c\uc740 \uba74\uc5ed \uccb4\uacc4\ub97c \uc9c0\uc6d0\ud558\ub294 \ud2b9\uc131\uc774 \uc788\uc2b5\ub2c8\ub2e4. \uac74\uac15\uae30\ub2a5\uc2dd\ud488\uc5d0 \uc0ac\uc6a9\ub418\ub294 \uc131\ubd84\uc785\ub2c8\ub2e4.\",\"breadcrumb\":{\"@id\":\"https:\\\/\\\/naturalpoland.com\\\/ko\\\/je-pum\\\/sig-mul-chu-chul-mul\\\/%ec%97%90%ed%82%a4%eb%84%a4%ec%8b%9c%ec%95%84-%ec%b6%94%ec%b6%9c%eb%ac%bc\\\/#breadcrumb\"},\"inLanguage\":\"ko-KR\",\"potentialAction\":[{\"@type\":\"ReadAction\",\"target\":[\"https:\\\/\\\/naturalpoland.com\\\/ko\\\/je-pum\\\/sig-mul-chu-chul-mul\\\/%ec%97%90%ed%82%a4%eb%84%a4%ec%8b%9c%ec%95%84-%ec%b6%94%ec%b6%9c%eb%ac%bc\\\/\"]}]},{\"@type\":\"ImageObject\",\"inLanguage\":\"ko-KR\",\"@id\":\"https:\\\/\\\/naturalpoland.com\\\/ko\\\/je-pum\\\/sig-mul-chu-chul-mul\\\/%ec%97%90%ed%82%a4%eb%84%a4%ec%8b%9c%ec%95%84-%ec%b6%94%ec%b6%9c%eb%ac%bc\\\/#primaryimage\",\"url\":\"https:\\\/\\\/naturalpoland.com\\\/wp-content\\\/uploads\\\/ekstrakt-z-jezowki.webp\",\"contentUrl\":\"https:\\\/\\\/naturalpoland.com\\\/wp-content\\\/uploads\\\/ekstrakt-z-jezowki.webp\",\"width\":614,\"height\":614,\"caption\":\"\ud37c\ud50c \uc5d0\ud0a4\ub124\uc2dc\uc544 \ubd84\ub9d0 \ucd94\ucd9c\ubb3c\"},{\"@type\":\"BreadcrumbList\",\"@id\":\"https:\\\/\\\/naturalpoland.com\\\/ko\\\/je-pum\\\/sig-mul-chu-chul-mul\\\/%ec%97%90%ed%82%a4%eb%84%a4%ec%8b%9c%ec%95%84-%ec%b6%94%ec%b6%9c%eb%ac%bc\\\/#breadcrumb\",\"itemListElement\":[{\"@type\":\"ListItem\",\"position\":1,\"name\":\"\ud648\",\"item\":\"https:\\\/\\\/naturalpoland.com\\\/ko\\\/\"},{\"@type\":\"ListItem\",\"position\":2,\"name\":\"\uc81c\ud488\",\"item\":\"https:\\\/\\\/naturalpoland.com\\\/ko\\\/%ec%a0%9c%ed%92%88\\\/\"},{\"@type\":\"ListItem\",\"position\":3,\"name\":\"\uc5d0\ud0a4\ub124\uc2dc\uc544 \ucd94\ucd9c\ubb3c\"}]},{\"@type\":\"WebSite\",\"@id\":\"https:\\\/\\\/naturalpoland.com\\\/ko\\\/#website\",\"url\":\"https:\\\/\\\/naturalpoland.com\\\/ko\\\/\",\"name\":\"NATURAL POLAND - Hurtowy Dystrybutor Surowc\u00f3w\",\"description\":\"Surowce dla przemys\u0142u spo\u017cywczego, kosmetycznego i farmaceutycznego\",\"publisher\":{\"@id\":\"https:\\\/\\\/naturalpoland.com\\\/ko\\\/#organization\"},\"potentialAction\":[{\"@type\":\"SearchAction\",\"target\":{\"@type\":\"EntryPoint\",\"urlTemplate\":\"https:\\\/\\\/naturalpoland.com\\\/ko\\\/?s={search_term_string}\"},\"query-input\":{\"@type\":\"PropertyValueSpecification\",\"valueRequired\":true,\"valueName\":\"search_term_string\"}}],\"inLanguage\":\"ko-KR\"},{\"@type\":\"Organization\",\"@id\":\"https:\\\/\\\/naturalpoland.com\\\/ko\\\/#organization\",\"name\":\"Natural Poland\",\"url\":\"https:\\\/\\\/naturalpoland.com\\\/ko\\\/\",\"logo\":{\"@type\":\"ImageObject\",\"inLanguage\":\"ko-KR\",\"@id\":\"https:\\\/\\\/naturalpoland.com\\\/ko\\\/#\\\/schema\\\/logo\\\/image\\\/\",\"url\":\"https:\\\/\\\/naturalpoland.com\\\/wp-content\\\/uploads\\\/2021\\\/05\\\/natural-poland-icon.png\",\"contentUrl\":\"https:\\\/\\\/naturalpoland.com\\\/wp-content\\\/uploads\\\/2021\\\/05\\\/natural-poland-icon.png\",\"width\":512,\"height\":512,\"caption\":\"Natural Poland\"},\"image\":{\"@id\":\"https:\\\/\\\/naturalpoland.com\\\/ko\\\/#\\\/schema\\\/logo\\\/image\\\/\"},\"sameAs\":[\"https:\\\/\\\/www.facebook.com\\\/naturalpoland.b2b\",\"https:\\\/\\\/pl.linkedin.com\\\/company\\\/natural-poland\",\"https:\\\/\\\/www.youtube.com\\\/channel\\\/UCgeGGkvOMahZo-xu_MSEWxg\"]}]}<\/script>\n<!-- \/ Yoast SEO plugin. -->","yoast_head_json":{"title":"NATURAL POLAND &#8211; Hurtowy Dystrybutor Surowc\u00f3w","description":"\ud37c\ud50c \uc5d0\ud0a4\ub124\uc2dc\uc544 \ucd94\ucd9c\ubb3c\uc740 \uba74\uc5ed \uccb4\uacc4\ub97c \uc9c0\uc6d0\ud558\ub294 \ud2b9\uc131\uc774 \uc788\uc2b5\ub2c8\ub2e4. \uac74\uac15\uae30\ub2a5\uc2dd\ud488\uc5d0 \uc0ac\uc6a9\ub418\ub294 \uc131\ubd84\uc785\ub2c8\ub2e4.","robots":{"index":"index","follow":"follow","max-snippet":"max-snippet:-1","max-image-preview":"max-image-preview:large","max-video-preview":"max-video-preview:-1"},"canonical":"https:\/\/naturalpoland.com\/ko\/je-pum\/sig-mul-chu-chul-mul\/%ec%97%90%ed%82%a4%eb%84%a4%ec%8b%9c%ec%95%84-%ec%b6%94%ec%b6%9c%eb%ac%bc\/","og_locale":"ko_KR","og_type":"article","og_description":"\ud37c\ud50c \uc5d0\ud0a4\ub124\uc2dc\uc544 \ucd94\ucd9c\ubb3c\uc740 \uba74\uc5ed \uccb4\uacc4\ub97c \uc9c0\uc6d0\ud558\ub294 \ud2b9\uc131\uc774 \uc788\uc2b5\ub2c8\ub2e4. \uac74\uac15\uae30\ub2a5\uc2dd\ud488\uc5d0 \uc0ac\uc6a9\ub418\ub294 \uc131\ubd84\uc785\ub2c8\ub2e4.","og_url":"https:\/\/naturalpoland.com\/ko\/je-pum\/sig-mul-chu-chul-mul\/%ec%97%90%ed%82%a4%eb%84%a4%ec%8b%9c%ec%95%84-%ec%b6%94%ec%b6%9c%eb%ac%bc\/","og_site_name":"NATURAL POLAND - Hurtowy Dystrybutor Surowc\u00f3w","article_publisher":"https:\/\/www.facebook.com\/naturalpoland.b2b","article_modified_time":"2026-02-27T13:44:20+00:00","og_image":[{"width":614,"height":614,"url":"https:\/\/naturalpoland.com\/wp-content\/uploads\/ekstrakt-z-jezowki.webp","type":"image\/webp"}],"schema":{"@context":"https:\/\/schema.org","@graph":[{"@type":"WebPage","@id":"https:\/\/naturalpoland.com\/ko\/je-pum\/sig-mul-chu-chul-mul\/%ec%97%90%ed%82%a4%eb%84%a4%ec%8b%9c%ec%95%84-%ec%b6%94%ec%b6%9c%eb%ac%bc\/","url":"https:\/\/naturalpoland.com\/ko\/je-pum\/sig-mul-chu-chul-mul\/%ec%97%90%ed%82%a4%eb%84%a4%ec%8b%9c%ec%95%84-%ec%b6%94%ec%b6%9c%eb%ac%bc\/","name":"","isPartOf":{"@id":"https:\/\/naturalpoland.com\/ko\/#website"},"primaryImageOfPage":{"@id":"https:\/\/naturalpoland.com\/ko\/je-pum\/sig-mul-chu-chul-mul\/%ec%97%90%ed%82%a4%eb%84%a4%ec%8b%9c%ec%95%84-%ec%b6%94%ec%b6%9c%eb%ac%bc\/#primaryimage"},"image":{"@id":"https:\/\/naturalpoland.com\/ko\/je-pum\/sig-mul-chu-chul-mul\/%ec%97%90%ed%82%a4%eb%84%a4%ec%8b%9c%ec%95%84-%ec%b6%94%ec%b6%9c%eb%ac%bc\/#primaryimage"},"thumbnailUrl":"https:\/\/naturalpoland.com\/wp-content\/uploads\/ekstrakt-z-jezowki.webp","datePublished":"2021-05-11T11:58:33+00:00","dateModified":"2026-02-27T13:44:20+00:00","description":"\ud37c\ud50c \uc5d0\ud0a4\ub124\uc2dc\uc544 \ucd94\ucd9c\ubb3c\uc740 \uba74\uc5ed \uccb4\uacc4\ub97c \uc9c0\uc6d0\ud558\ub294 \ud2b9\uc131\uc774 \uc788\uc2b5\ub2c8\ub2e4. \uac74\uac15\uae30\ub2a5\uc2dd\ud488\uc5d0 \uc0ac\uc6a9\ub418\ub294 \uc131\ubd84\uc785\ub2c8\ub2e4.","breadcrumb":{"@id":"https:\/\/naturalpoland.com\/ko\/je-pum\/sig-mul-chu-chul-mul\/%ec%97%90%ed%82%a4%eb%84%a4%ec%8b%9c%ec%95%84-%ec%b6%94%ec%b6%9c%eb%ac%bc\/#breadcrumb"},"inLanguage":"ko-KR","potentialAction":[{"@type":"ReadAction","target":["https:\/\/naturalpoland.com\/ko\/je-pum\/sig-mul-chu-chul-mul\/%ec%97%90%ed%82%a4%eb%84%a4%ec%8b%9c%ec%95%84-%ec%b6%94%ec%b6%9c%eb%ac%bc\/"]}]},{"@type":"ImageObject","inLanguage":"ko-KR","@id":"https:\/\/naturalpoland.com\/ko\/je-pum\/sig-mul-chu-chul-mul\/%ec%97%90%ed%82%a4%eb%84%a4%ec%8b%9c%ec%95%84-%ec%b6%94%ec%b6%9c%eb%ac%bc\/#primaryimage","url":"https:\/\/naturalpoland.com\/wp-content\/uploads\/ekstrakt-z-jezowki.webp","contentUrl":"https:\/\/naturalpoland.com\/wp-content\/uploads\/ekstrakt-z-jezowki.webp","width":614,"height":614,"caption":"\ud37c\ud50c \uc5d0\ud0a4\ub124\uc2dc\uc544 \ubd84\ub9d0 \ucd94\ucd9c\ubb3c"},{"@type":"BreadcrumbList","@id":"https:\/\/naturalpoland.com\/ko\/je-pum\/sig-mul-chu-chul-mul\/%ec%97%90%ed%82%a4%eb%84%a4%ec%8b%9c%ec%95%84-%ec%b6%94%ec%b6%9c%eb%ac%bc\/#breadcrumb","itemListElement":[{"@type":"ListItem","position":1,"name":"\ud648","item":"https:\/\/naturalpoland.com\/ko\/"},{"@type":"ListItem","position":2,"name":"\uc81c\ud488","item":"https:\/\/naturalpoland.com\/ko\/%ec%a0%9c%ed%92%88\/"},{"@type":"ListItem","position":3,"name":"\uc5d0\ud0a4\ub124\uc2dc\uc544 \ucd94\ucd9c\ubb3c"}]},{"@type":"WebSite","@id":"https:\/\/naturalpoland.com\/ko\/#website","url":"https:\/\/naturalpoland.com\/ko\/","name":"NATURAL POLAND - Hurtowy Dystrybutor Surowc\u00f3w","description":"Surowce dla przemys\u0142u spo\u017cywczego, kosmetycznego i farmaceutycznego","publisher":{"@id":"https:\/\/naturalpoland.com\/ko\/#organization"},"potentialAction":[{"@type":"SearchAction","target":{"@type":"EntryPoint","urlTemplate":"https:\/\/naturalpoland.com\/ko\/?s={search_term_string}"},"query-input":{"@type":"PropertyValueSpecification","valueRequired":true,"valueName":"search_term_string"}}],"inLanguage":"ko-KR"},{"@type":"Organization","@id":"https:\/\/naturalpoland.com\/ko\/#organization","name":"Natural Poland","url":"https:\/\/naturalpoland.com\/ko\/","logo":{"@type":"ImageObject","inLanguage":"ko-KR","@id":"https:\/\/naturalpoland.com\/ko\/#\/schema\/logo\/image\/","url":"https:\/\/naturalpoland.com\/wp-content\/uploads\/2021\/05\/natural-poland-icon.png","contentUrl":"https:\/\/naturalpoland.com\/wp-content\/uploads\/2021\/05\/natural-poland-icon.png","width":512,"height":512,"caption":"Natural Poland"},"image":{"@id":"https:\/\/naturalpoland.com\/ko\/#\/schema\/logo\/image\/"},"sameAs":["https:\/\/www.facebook.com\/naturalpoland.b2b","https:\/\/pl.linkedin.com\/company\/natural-poland","https:\/\/www.youtube.com\/channel\/UCgeGGkvOMahZo-xu_MSEWxg"]}]}},"_links":{"self":[{"href":"https:\/\/naturalpoland.com\/ko\/wp-json\/wp\/v2\/product\/46306","targetHints":{"allow":["GET"]}}],"collection":[{"href":"https:\/\/naturalpoland.com\/ko\/wp-json\/wp\/v2\/product"}],"about":[{"href":"https:\/\/naturalpoland.com\/ko\/wp-json\/wp\/v2\/types\/product"}],"wp:featuredmedia":[{"embeddable":true,"href":"https:\/\/naturalpoland.com\/ko\/wp-json\/wp\/v2\/media\/46308"}],"wp:attachment":[{"href":"https:\/\/naturalpoland.com\/ko\/wp-json\/wp\/v2\/media?parent=46306"}],"wp:term":[{"taxonomy":"product_brand","embeddable":true,"href":"https:\/\/naturalpoland.com\/ko\/wp-json\/wp\/v2\/product_brand?post=46306"},{"taxonomy":"product_cat","embeddable":true,"href":"https:\/\/naturalpoland.com\/ko\/wp-json\/wp\/v2\/product_cat?post=46306"},{"taxonomy":"product_tag","embeddable":true,"href":"https:\/\/naturalpoland.com\/ko\/wp-json\/wp\/v2\/product_tag?post=46306"}],"curies":[{"name":"wp","href":"https:\/\/api.w.org\/{rel}","templated":true}]}}