{"id":46309,"date":"2021-05-11T13:58:09","date_gmt":"2021-05-11T11:58:09","guid":{"rendered":"https:\/\/naturalpoland.com\/produkty\/uncategorized\/%ed%98%b8%ed%98%b8%eb%b0%94-%ec%99%81%ec%8a%a4\/"},"modified":"2026-02-27T14:44:26","modified_gmt":"2026-02-27T13:44:26","slug":"%ed%98%b8%ed%98%b8%eb%b0%94-%ec%99%81%ec%8a%a4","status":"publish","type":"product","link":"https:\/\/naturalpoland.com\/ko\/je-pum\/cheon-yeon-wak-seu\/%ed%98%b8%ed%98%b8%eb%b0%94-%ec%99%81%ec%8a%a4\/","title":{"rendered":"\ud638\ud638\ubc14 \uc641\uc2a4"},"content":{"rendered":"<p>\ud638\ud638\ubc14 \uc641\uc2a4\ub294 \ud53c\ubd80\uc5d0 \ube60\ub974\uac8c \ud761\uc218\ub418\ub294 <strong><a href=\"https:\/\/naturalpoland.com\/produkty\/produkty-dla-przemyslu-kosmetycznego\/oleje-kosmetyczne\/olej-jojoba-golden\/\">\ud638\ud638\ubc14 \uc624\uc77c<\/a><\/strong>\uc758 \uacbd\ud654 \ud615\ud0dc\uc785\ub2c8\ub2e4. \ud53c\ud1a0\uc2a4\ud14c\ub864, \ube44\ud0c0\ubbfc A\uc640 E, \uc9c0\ubc29\uc0b0, \ucc9c\uc5f0 \uc2a4\ucfe0\uc54c\ub80c\uc774 \ud48d\ubd80\ud569\ub2c8\ub2e4. \ub355\ubd84\uc5d0 \ud53c\ubd80\ub97c \uae4a\uc774 \ubcf4\uc2b5\ud558\uace0 \ub9e4\ub044\ub7fd\uac8c \uac00\uafd4\uc90d\ub2c8\ub2e4. \ud0c4\ub825\uc744 \uc8fc\uba70 \ud765\ubbf8\ub86d\uac8c\ub3c4 \ud53c\ubd80 \ubc88\ub4e4\uac70\ub9bc\uc744 \uac10\uc18c\uc2dc\ud0b5\ub2c8\ub2e4. \ud53c\ubd80 \uac74\uc870\ub97c \ubc29\uc9c0\ud558\uace0 \ud45c\uc815 \uc8fc\ub984 \uc0dd\uc131\uae4c\uc9c0 \uc608\ubc29\ud560 \uc218 \uc788\uc2b5\ub2c8\ub2e4. \uba54\uc774\ud06c\uc5c5 \ub9ac\ubb34\ubc84\ub85c\ub3c4 \uc801\ud569\ud569\ub2c8\ub2e4. \ubaa8\ubc1c\uc5d0 \uc0ac\uc6a9\ud558\uba74 \uae4a\uc774 \ubcf4\uc2b5\ud558\uace0 \ud0c4\ub825\uc744 \uc8fc\uba70 \uc804\uccb4 \uae38\uc774\uc5d0 \uac78\uccd0 \uac15\ud654\ud569\ub2c8\ub2e4.      <\/p>\n","protected":false},"excerpt":{"rendered":"<p>\ud638\ud638\ubc14 \uc641\uc2a4\ub294 \ubd88\uacfc \uba87 \ub144 \uc804\uae4c\uc9c0\ub9cc \ud574\ub3c4 \uc778\uae30 \uae30\ub85d\uc744 \uacbd\uc2e0\ud588\uc2b5\ub2c8\ub2e4. <a href=\"https:\/\/naturalpoland.com\/ko\/je-pum\/cheon-yeon-wak-seu\/%eb%b0%80%eb%9e%8d\/\">\ubc00\ub78d<\/a>\uc758 \ud6cc\ub96d\ud55c \ub300\uccb4\uc7ac\uc774\uae30 \ub54c\ubb38\uc5d0 \uc5ec\uc804\ud788 \ud654\uc7a5\ud488 \uc81c\uc870\uc5c5\uccb4\ub4e4\uc758 \uc8fc\ubaa9\uc744 \ubc1b\uace0 \uc788\uc2b5\ub2c8\ub2e4. \ub9bd\uc2a4\ud2f1, \ubc14\ub514 \ubc24, \ube44\ub204, \ud06c\ub9bc, \ub9c8\uc2a4\uce74\ub77c\uc758 \ubca0\uc774\uc2a4\ub85c \uc0ac\uc6a9\ub420 \uc218 \uc788\uc2b5\ub2c8\ub2e4. \ud5e4\uc5b4 \ucf00\uc5b4\uc5d0\ub3c4 \uc801\ud569\ud569\ub2c8\ub2e4.   <\/p>\n","protected":false},"featured_media":46311,"template":"","meta":{"_acf_changed":false},"product_brand":[],"product_cat":[8176],"product_tag":[],"class_list":{"0":"post-46309","1":"product","2":"type-product","3":"status-publish","4":"has-post-thumbnail","6":"product_cat-cheon-yeon-wak-seu","8":"first","9":"instock","10":"shipping-taxable","11":"product-type-simple"},"acf":[],"yoast_head":"<!-- This site is optimized with the Yoast SEO plugin v27.4 - https:\/\/yoast.com\/product\/yoast-seo-wordpress\/ -->\n<title>NATURAL POLAND &#8211; Hurtowy Dystrybutor Surowc\u00f3w<\/title>\n<meta name=\"description\" content=\"\ud638\ud638\ubc14 \uc641\uc2a4\ub294 \ubd88\uacfc \uba87 \ub144 \uc804\uae4c\uc9c0\ub9cc \ud574\ub3c4 \uc778\uae30 \uae30\ub85d\uc744 \uacbd\uc2e0\ud588\uc2b5\ub2c8\ub2e4. \ubc00\ub78d\uc758 \ud6cc\ub96d\ud55c \ub300\uccb4\uc7ac\uc774\uae30 \ub54c\ubb38\uc5d0 \uc5ec\uc804\ud788 \ud654\uc7a5\ud488 \uc81c\uc870\uc5c5\uccb4\ub4e4\uc758 \uc8fc\ubaa9\uc744 \ubc1b\uace0 \uc788\uc2b5\ub2c8\ub2e4.\" \/>\n<meta name=\"robots\" content=\"index, follow, max-snippet:-1, max-image-preview:large, max-video-preview:-1\" \/>\n<link rel=\"canonical\" href=\"https:\/\/naturalpoland.com\/ko\/je-pum\/cheon-yeon-wak-seu\/%ed%98%b8%ed%98%b8%eb%b0%94-%ec%99%81%ec%8a%a4\/\" \/>\n<meta property=\"og:locale\" content=\"ko_KR\" \/>\n<meta property=\"og:type\" content=\"article\" \/>\n<meta property=\"og:description\" content=\"\ud638\ud638\ubc14 \uc641\uc2a4\ub294 \ubd88\uacfc \uba87 \ub144 \uc804\uae4c\uc9c0\ub9cc \ud574\ub3c4 \uc778\uae30 \uae30\ub85d\uc744 \uacbd\uc2e0\ud588\uc2b5\ub2c8\ub2e4. \ubc00\ub78d\uc758 \ud6cc\ub96d\ud55c \ub300\uccb4\uc7ac\uc774\uae30 \ub54c\ubb38\uc5d0 \uc5ec\uc804\ud788 \ud654\uc7a5\ud488 \uc81c\uc870\uc5c5\uccb4\ub4e4\uc758 \uc8fc\ubaa9\uc744 \ubc1b\uace0 \uc788\uc2b5\ub2c8\ub2e4.\" \/>\n<meta property=\"og:url\" content=\"https:\/\/naturalpoland.com\/ko\/je-pum\/cheon-yeon-wak-seu\/%ed%98%b8%ed%98%b8%eb%b0%94-%ec%99%81%ec%8a%a4\/\" \/>\n<meta property=\"og:site_name\" content=\"NATURAL POLAND - Hurtowy Dystrybutor Surowc\u00f3w\" \/>\n<meta property=\"article:publisher\" content=\"https:\/\/www.facebook.com\/naturalpoland.b2b\" \/>\n<meta property=\"article:modified_time\" content=\"2026-02-27T13:44:26+00:00\" \/>\n<meta property=\"og:image\" content=\"https:\/\/naturalpoland.com\/wp-content\/uploads\/wosk-jojoba.webp\" \/>\n\t<meta property=\"og:image:width\" content=\"612\" \/>\n\t<meta property=\"og:image:height\" content=\"612\" \/>\n\t<meta property=\"og:image:type\" content=\"image\/webp\" \/>\n<script type=\"application\/ld+json\" class=\"yoast-schema-graph\">{\"@context\":\"https:\\\/\\\/schema.org\",\"@graph\":[{\"@type\":\"WebPage\",\"@id\":\"https:\\\/\\\/naturalpoland.com\\\/ko\\\/je-pum\\\/cheon-yeon-wak-seu\\\/%ed%98%b8%ed%98%b8%eb%b0%94-%ec%99%81%ec%8a%a4\\\/\",\"url\":\"https:\\\/\\\/naturalpoland.com\\\/ko\\\/je-pum\\\/cheon-yeon-wak-seu\\\/%ed%98%b8%ed%98%b8%eb%b0%94-%ec%99%81%ec%8a%a4\\\/\",\"name\":\"\",\"isPartOf\":{\"@id\":\"https:\\\/\\\/naturalpoland.com\\\/ko\\\/#website\"},\"primaryImageOfPage\":{\"@id\":\"https:\\\/\\\/naturalpoland.com\\\/ko\\\/je-pum\\\/cheon-yeon-wak-seu\\\/%ed%98%b8%ed%98%b8%eb%b0%94-%ec%99%81%ec%8a%a4\\\/#primaryimage\"},\"image\":{\"@id\":\"https:\\\/\\\/naturalpoland.com\\\/ko\\\/je-pum\\\/cheon-yeon-wak-seu\\\/%ed%98%b8%ed%98%b8%eb%b0%94-%ec%99%81%ec%8a%a4\\\/#primaryimage\"},\"thumbnailUrl\":\"https:\\\/\\\/naturalpoland.com\\\/wp-content\\\/uploads\\\/wosk-jojoba.webp\",\"datePublished\":\"2021-05-11T11:58:09+00:00\",\"dateModified\":\"2026-02-27T13:44:26+00:00\",\"description\":\"\ud638\ud638\ubc14 \uc641\uc2a4\ub294 \ubd88\uacfc \uba87 \ub144 \uc804\uae4c\uc9c0\ub9cc \ud574\ub3c4 \uc778\uae30 \uae30\ub85d\uc744 \uacbd\uc2e0\ud588\uc2b5\ub2c8\ub2e4. \ubc00\ub78d\uc758 \ud6cc\ub96d\ud55c \ub300\uccb4\uc7ac\uc774\uae30 \ub54c\ubb38\uc5d0 \uc5ec\uc804\ud788 \ud654\uc7a5\ud488 \uc81c\uc870\uc5c5\uccb4\ub4e4\uc758 \uc8fc\ubaa9\uc744 \ubc1b\uace0 \uc788\uc2b5\ub2c8\ub2e4.\",\"breadcrumb\":{\"@id\":\"https:\\\/\\\/naturalpoland.com\\\/ko\\\/je-pum\\\/cheon-yeon-wak-seu\\\/%ed%98%b8%ed%98%b8%eb%b0%94-%ec%99%81%ec%8a%a4\\\/#breadcrumb\"},\"inLanguage\":\"ko-KR\",\"potentialAction\":[{\"@type\":\"ReadAction\",\"target\":[\"https:\\\/\\\/naturalpoland.com\\\/ko\\\/je-pum\\\/cheon-yeon-wak-seu\\\/%ed%98%b8%ed%98%b8%eb%b0%94-%ec%99%81%ec%8a%a4\\\/\"]}]},{\"@type\":\"ImageObject\",\"inLanguage\":\"ko-KR\",\"@id\":\"https:\\\/\\\/naturalpoland.com\\\/ko\\\/je-pum\\\/cheon-yeon-wak-seu\\\/%ed%98%b8%ed%98%b8%eb%b0%94-%ec%99%81%ec%8a%a4\\\/#primaryimage\",\"url\":\"https:\\\/\\\/naturalpoland.com\\\/wp-content\\\/uploads\\\/wosk-jojoba.webp\",\"contentUrl\":\"https:\\\/\\\/naturalpoland.com\\\/wp-content\\\/uploads\\\/wosk-jojoba.webp\",\"width\":612,\"height\":612,\"caption\":\"\ud638\ud638\ubc14 \uc641\uc2a4\"},{\"@type\":\"BreadcrumbList\",\"@id\":\"https:\\\/\\\/naturalpoland.com\\\/ko\\\/je-pum\\\/cheon-yeon-wak-seu\\\/%ed%98%b8%ed%98%b8%eb%b0%94-%ec%99%81%ec%8a%a4\\\/#breadcrumb\",\"itemListElement\":[{\"@type\":\"ListItem\",\"position\":1,\"name\":\"\ud648\",\"item\":\"https:\\\/\\\/naturalpoland.com\\\/ko\\\/\"},{\"@type\":\"ListItem\",\"position\":2,\"name\":\"\uc81c\ud488\",\"item\":\"https:\\\/\\\/naturalpoland.com\\\/ko\\\/%ec%a0%9c%ed%92%88\\\/\"},{\"@type\":\"ListItem\",\"position\":3,\"name\":\"\ud638\ud638\ubc14 \uc641\uc2a4\"}]},{\"@type\":\"WebSite\",\"@id\":\"https:\\\/\\\/naturalpoland.com\\\/ko\\\/#website\",\"url\":\"https:\\\/\\\/naturalpoland.com\\\/ko\\\/\",\"name\":\"NATURAL POLAND - Hurtowy Dystrybutor Surowc\u00f3w\",\"description\":\"Surowce dla przemys\u0142u spo\u017cywczego, kosmetycznego i farmaceutycznego\",\"publisher\":{\"@id\":\"https:\\\/\\\/naturalpoland.com\\\/ko\\\/#organization\"},\"potentialAction\":[{\"@type\":\"SearchAction\",\"target\":{\"@type\":\"EntryPoint\",\"urlTemplate\":\"https:\\\/\\\/naturalpoland.com\\\/ko\\\/?s={search_term_string}\"},\"query-input\":{\"@type\":\"PropertyValueSpecification\",\"valueRequired\":true,\"valueName\":\"search_term_string\"}}],\"inLanguage\":\"ko-KR\"},{\"@type\":\"Organization\",\"@id\":\"https:\\\/\\\/naturalpoland.com\\\/ko\\\/#organization\",\"name\":\"Natural Poland\",\"url\":\"https:\\\/\\\/naturalpoland.com\\\/ko\\\/\",\"logo\":{\"@type\":\"ImageObject\",\"inLanguage\":\"ko-KR\",\"@id\":\"https:\\\/\\\/naturalpoland.com\\\/ko\\\/#\\\/schema\\\/logo\\\/image\\\/\",\"url\":\"https:\\\/\\\/naturalpoland.com\\\/wp-content\\\/uploads\\\/2021\\\/05\\\/natural-poland-icon.png\",\"contentUrl\":\"https:\\\/\\\/naturalpoland.com\\\/wp-content\\\/uploads\\\/2021\\\/05\\\/natural-poland-icon.png\",\"width\":512,\"height\":512,\"caption\":\"Natural Poland\"},\"image\":{\"@id\":\"https:\\\/\\\/naturalpoland.com\\\/ko\\\/#\\\/schema\\\/logo\\\/image\\\/\"},\"sameAs\":[\"https:\\\/\\\/www.facebook.com\\\/naturalpoland.b2b\",\"https:\\\/\\\/pl.linkedin.com\\\/company\\\/natural-poland\",\"https:\\\/\\\/www.youtube.com\\\/channel\\\/UCgeGGkvOMahZo-xu_MSEWxg\"]}]}<\/script>\n<!-- \/ Yoast SEO plugin. -->","yoast_head_json":{"title":"NATURAL POLAND &#8211; Hurtowy Dystrybutor Surowc\u00f3w","description":"\ud638\ud638\ubc14 \uc641\uc2a4\ub294 \ubd88\uacfc \uba87 \ub144 \uc804\uae4c\uc9c0\ub9cc \ud574\ub3c4 \uc778\uae30 \uae30\ub85d\uc744 \uacbd\uc2e0\ud588\uc2b5\ub2c8\ub2e4. \ubc00\ub78d\uc758 \ud6cc\ub96d\ud55c \ub300\uccb4\uc7ac\uc774\uae30 \ub54c\ubb38\uc5d0 \uc5ec\uc804\ud788 \ud654\uc7a5\ud488 \uc81c\uc870\uc5c5\uccb4\ub4e4\uc758 \uc8fc\ubaa9\uc744 \ubc1b\uace0 \uc788\uc2b5\ub2c8\ub2e4.","robots":{"index":"index","follow":"follow","max-snippet":"max-snippet:-1","max-image-preview":"max-image-preview:large","max-video-preview":"max-video-preview:-1"},"canonical":"https:\/\/naturalpoland.com\/ko\/je-pum\/cheon-yeon-wak-seu\/%ed%98%b8%ed%98%b8%eb%b0%94-%ec%99%81%ec%8a%a4\/","og_locale":"ko_KR","og_type":"article","og_description":"\ud638\ud638\ubc14 \uc641\uc2a4\ub294 \ubd88\uacfc \uba87 \ub144 \uc804\uae4c\uc9c0\ub9cc \ud574\ub3c4 \uc778\uae30 \uae30\ub85d\uc744 \uacbd\uc2e0\ud588\uc2b5\ub2c8\ub2e4. \ubc00\ub78d\uc758 \ud6cc\ub96d\ud55c \ub300\uccb4\uc7ac\uc774\uae30 \ub54c\ubb38\uc5d0 \uc5ec\uc804\ud788 \ud654\uc7a5\ud488 \uc81c\uc870\uc5c5\uccb4\ub4e4\uc758 \uc8fc\ubaa9\uc744 \ubc1b\uace0 \uc788\uc2b5\ub2c8\ub2e4.","og_url":"https:\/\/naturalpoland.com\/ko\/je-pum\/cheon-yeon-wak-seu\/%ed%98%b8%ed%98%b8%eb%b0%94-%ec%99%81%ec%8a%a4\/","og_site_name":"NATURAL POLAND - Hurtowy Dystrybutor Surowc\u00f3w","article_publisher":"https:\/\/www.facebook.com\/naturalpoland.b2b","article_modified_time":"2026-02-27T13:44:26+00:00","og_image":[{"width":612,"height":612,"url":"https:\/\/naturalpoland.com\/wp-content\/uploads\/wosk-jojoba.webp","type":"image\/webp"}],"schema":{"@context":"https:\/\/schema.org","@graph":[{"@type":"WebPage","@id":"https:\/\/naturalpoland.com\/ko\/je-pum\/cheon-yeon-wak-seu\/%ed%98%b8%ed%98%b8%eb%b0%94-%ec%99%81%ec%8a%a4\/","url":"https:\/\/naturalpoland.com\/ko\/je-pum\/cheon-yeon-wak-seu\/%ed%98%b8%ed%98%b8%eb%b0%94-%ec%99%81%ec%8a%a4\/","name":"","isPartOf":{"@id":"https:\/\/naturalpoland.com\/ko\/#website"},"primaryImageOfPage":{"@id":"https:\/\/naturalpoland.com\/ko\/je-pum\/cheon-yeon-wak-seu\/%ed%98%b8%ed%98%b8%eb%b0%94-%ec%99%81%ec%8a%a4\/#primaryimage"},"image":{"@id":"https:\/\/naturalpoland.com\/ko\/je-pum\/cheon-yeon-wak-seu\/%ed%98%b8%ed%98%b8%eb%b0%94-%ec%99%81%ec%8a%a4\/#primaryimage"},"thumbnailUrl":"https:\/\/naturalpoland.com\/wp-content\/uploads\/wosk-jojoba.webp","datePublished":"2021-05-11T11:58:09+00:00","dateModified":"2026-02-27T13:44:26+00:00","description":"\ud638\ud638\ubc14 \uc641\uc2a4\ub294 \ubd88\uacfc \uba87 \ub144 \uc804\uae4c\uc9c0\ub9cc \ud574\ub3c4 \uc778\uae30 \uae30\ub85d\uc744 \uacbd\uc2e0\ud588\uc2b5\ub2c8\ub2e4. \ubc00\ub78d\uc758 \ud6cc\ub96d\ud55c \ub300\uccb4\uc7ac\uc774\uae30 \ub54c\ubb38\uc5d0 \uc5ec\uc804\ud788 \ud654\uc7a5\ud488 \uc81c\uc870\uc5c5\uccb4\ub4e4\uc758 \uc8fc\ubaa9\uc744 \ubc1b\uace0 \uc788\uc2b5\ub2c8\ub2e4.","breadcrumb":{"@id":"https:\/\/naturalpoland.com\/ko\/je-pum\/cheon-yeon-wak-seu\/%ed%98%b8%ed%98%b8%eb%b0%94-%ec%99%81%ec%8a%a4\/#breadcrumb"},"inLanguage":"ko-KR","potentialAction":[{"@type":"ReadAction","target":["https:\/\/naturalpoland.com\/ko\/je-pum\/cheon-yeon-wak-seu\/%ed%98%b8%ed%98%b8%eb%b0%94-%ec%99%81%ec%8a%a4\/"]}]},{"@type":"ImageObject","inLanguage":"ko-KR","@id":"https:\/\/naturalpoland.com\/ko\/je-pum\/cheon-yeon-wak-seu\/%ed%98%b8%ed%98%b8%eb%b0%94-%ec%99%81%ec%8a%a4\/#primaryimage","url":"https:\/\/naturalpoland.com\/wp-content\/uploads\/wosk-jojoba.webp","contentUrl":"https:\/\/naturalpoland.com\/wp-content\/uploads\/wosk-jojoba.webp","width":612,"height":612,"caption":"\ud638\ud638\ubc14 \uc641\uc2a4"},{"@type":"BreadcrumbList","@id":"https:\/\/naturalpoland.com\/ko\/je-pum\/cheon-yeon-wak-seu\/%ed%98%b8%ed%98%b8%eb%b0%94-%ec%99%81%ec%8a%a4\/#breadcrumb","itemListElement":[{"@type":"ListItem","position":1,"name":"\ud648","item":"https:\/\/naturalpoland.com\/ko\/"},{"@type":"ListItem","position":2,"name":"\uc81c\ud488","item":"https:\/\/naturalpoland.com\/ko\/%ec%a0%9c%ed%92%88\/"},{"@type":"ListItem","position":3,"name":"\ud638\ud638\ubc14 \uc641\uc2a4"}]},{"@type":"WebSite","@id":"https:\/\/naturalpoland.com\/ko\/#website","url":"https:\/\/naturalpoland.com\/ko\/","name":"NATURAL POLAND - Hurtowy Dystrybutor Surowc\u00f3w","description":"Surowce dla przemys\u0142u spo\u017cywczego, kosmetycznego i farmaceutycznego","publisher":{"@id":"https:\/\/naturalpoland.com\/ko\/#organization"},"potentialAction":[{"@type":"SearchAction","target":{"@type":"EntryPoint","urlTemplate":"https:\/\/naturalpoland.com\/ko\/?s={search_term_string}"},"query-input":{"@type":"PropertyValueSpecification","valueRequired":true,"valueName":"search_term_string"}}],"inLanguage":"ko-KR"},{"@type":"Organization","@id":"https:\/\/naturalpoland.com\/ko\/#organization","name":"Natural Poland","url":"https:\/\/naturalpoland.com\/ko\/","logo":{"@type":"ImageObject","inLanguage":"ko-KR","@id":"https:\/\/naturalpoland.com\/ko\/#\/schema\/logo\/image\/","url":"https:\/\/naturalpoland.com\/wp-content\/uploads\/2021\/05\/natural-poland-icon.png","contentUrl":"https:\/\/naturalpoland.com\/wp-content\/uploads\/2021\/05\/natural-poland-icon.png","width":512,"height":512,"caption":"Natural Poland"},"image":{"@id":"https:\/\/naturalpoland.com\/ko\/#\/schema\/logo\/image\/"},"sameAs":["https:\/\/www.facebook.com\/naturalpoland.b2b","https:\/\/pl.linkedin.com\/company\/natural-poland","https:\/\/www.youtube.com\/channel\/UCgeGGkvOMahZo-xu_MSEWxg"]}]}},"_links":{"self":[{"href":"https:\/\/naturalpoland.com\/ko\/wp-json\/wp\/v2\/product\/46309","targetHints":{"allow":["GET"]}}],"collection":[{"href":"https:\/\/naturalpoland.com\/ko\/wp-json\/wp\/v2\/product"}],"about":[{"href":"https:\/\/naturalpoland.com\/ko\/wp-json\/wp\/v2\/types\/product"}],"wp:featuredmedia":[{"embeddable":true,"href":"https:\/\/naturalpoland.com\/ko\/wp-json\/wp\/v2\/media\/46311"}],"wp:attachment":[{"href":"https:\/\/naturalpoland.com\/ko\/wp-json\/wp\/v2\/media?parent=46309"}],"wp:term":[{"taxonomy":"product_brand","embeddable":true,"href":"https:\/\/naturalpoland.com\/ko\/wp-json\/wp\/v2\/product_brand?post=46309"},{"taxonomy":"product_cat","embeddable":true,"href":"https:\/\/naturalpoland.com\/ko\/wp-json\/wp\/v2\/product_cat?post=46309"},{"taxonomy":"product_tag","embeddable":true,"href":"https:\/\/naturalpoland.com\/ko\/wp-json\/wp\/v2\/product_tag?post=46309"}],"curies":[{"name":"wp","href":"https:\/\/api.w.org\/{rel}","templated":true}]}}