{"id":46314,"date":"2021-05-11T13:56:37","date_gmt":"2021-05-11T11:56:37","guid":{"rendered":"https:\/\/naturalpoland.com\/produkty\/uncategorized\/%eb%a7%90%eb%a6%b0-%eb%b6%89%ec%9d%80-%ec%9e%a5%eb%af%b8-%ea%bd%83%ec%9e%8e\/"},"modified":"2026-02-27T15:32:58","modified_gmt":"2026-02-27T14:32:58","slug":"%eb%a7%90%eb%a6%b0-%eb%b6%89%ec%9d%80-%ec%9e%a5%eb%af%b8-%ea%bd%83%ec%9e%8e","status":"publish","type":"product","link":"https:\/\/naturalpoland.com\/ko\/je-pum\/sig-pum-won-ryo\/saeng-san-yong-won-ryo\/%eb%a7%90%eb%a6%b0-%eb%b6%89%ec%9d%80-%ec%9e%a5%eb%af%b8-%ea%bd%83%ec%9e%8e\/","title":{"rendered":"\ub9d0\ub9b0 \ubd89\uc740 \uc7a5\ubbf8 \uaf43\uc78e"},"content":{"rendered":"<p>\ud53c\ubd80 \uad00\ub9ac \ud6a8\ub2a5:<br \/>\n\ub9d0\ub9b0 \uc7a5\ubbf8 \uaf43\uc78e\uc740 \ub610\ud55c \ud53c\ubd80 \uad00\ub9ac \ud6a8\ub2a5\uc774 \uc788\uc2b5\ub2c8\ub2e4. \ubb34\uc5c7\ubcf4\ub2e4\ub3c4, \ud53c\ubd80\uc758 \uc801\uc808\ud55c pH\ub97c \ud68c\ubcf5\uc2dc\ud0a4\uace0 \uc815\uc0c1\ud654\ud569\ub2c8\ub2e4. \ucf5c\ub77c\uac90 \uc0dd\uc131\uc744 \ucd09\uc9c4\ud558\uace0 \uc774\uc644 \ud6a8\uacfc\ub97c \uc81c\uacf5\ud569\ub2c8\ub2e4. \ud2b9\ud788 \ud798\ub4e0 \ud558\ub8e8\ub97c \ubcf4\ub0b8 \ud6c4 \ud3b8\uc548\ud558\uace0 \uc774\uc644\ub418\ub294 \ubaa9\uc695\uc5d0 \ud6cc\ub96d\ud55c \ucca8\uac00\uc81c\ub85c \uc801\ud569\ud569\ub2c8\ub2e4. \uc7a5\ubbf8 \uaf43\uc78e\uc740 \ub610\ud55c \ud53c\ubd80 \ubcf4\uc2b5 \ubc0f \ub9e4\ub044\ub7fd\uac8c \ud558\ub294 \ub370 \ub3c4\uc6c0\uc744 \uc904 \uc218 \uc788\uc2b5\ub2c8\ub2e4.    <\/p>\n","protected":false},"excerpt":{"rendered":"<p><strong>\ub9d0\ub9b0 \ubd89\uc740 \uc7a5\ubbf8 \uaf43\uc78e<\/strong>\uc740 \uc8fc\ub85c \uc7a5\uc2dd\uc6a9\uc73c\ub85c \uc0ac\uc6a9\ub429\ub2c8\ub2e4. \uae00\ub9ac\uc138\ub9b0 \ube44\ub204, \uc785\uc695\ubcfc, \uc785\uc695 \ud30c\uc6b0\ub354\uc5d0 \ubbf8\uc801\uc778 \ucca8\uac00\uc81c\ub85c \uc0ac\uc6a9\ub418\uba70, \ud5f9\uad7c\ubb3c\uc774\ub098 \uc6b0\ub824\ub0b8 \ubb3c\uc5d0\ub294 \ub4dc\ubb3c\uac8c \uc0ac\uc6a9\ub429\ub2c8\ub2e4. \uc7a5\ubbf8 \uaf43\uc78e\uc740 \ub3c5\ud2b9\ud55c \ud5a5\uacfc \uac15\ub82c\ud55c \uc0c9\uc0c1\uc744 \uac00\uc9c0\uace0 \uc788\uc2b5\ub2c8\ub2e4. \uc7a5\ubbf8 \ud5a5\uc740 \ub9c8\uc74c\uc744 \uc9c4\uc815\uc2dc\ud0a4\uace0 \ud3c9\uc628\ud558\uac8c \ud558\uba70 \uc5b4\ub5a4 \uc0c1\ud669\uc5d0\uc11c\ub3c4 \ub0ad\ub9cc\uc801\uc778 \ubd84\uc704\uae30\ub97c \uc120\uc0ac\ud569\ub2c8\ub2e4.   <\/p>\n","protected":false},"featured_media":46315,"template":"","meta":{"_acf_changed":false},"product_brand":[],"product_cat":[8175],"product_tag":[],"class_list":{"0":"post-46314","1":"product","2":"type-product","3":"status-publish","4":"has-post-thumbnail","6":"product_cat-saeng-san-yong-won-ryo","8":"first","9":"instock","10":"shipping-taxable","11":"product-type-simple"},"acf":[],"yoast_head":"<!-- This site is optimized with the Yoast SEO plugin v27.4 - https:\/\/yoast.com\/product\/yoast-seo-wordpress\/ -->\n<title>\ub9d0\ub9b0 \ubd89\uc740 \uc7a5\ubbf8 \uaf43\uc78e - Hurtowy Dystrybutor<\/title>\n<meta name=\"robots\" content=\"index, follow, max-snippet:-1, max-image-preview:large, max-video-preview:-1\" \/>\n<link rel=\"canonical\" href=\"https:\/\/naturalpoland.com\/ko\/je-pum\/sig-pum-won-ryo\/saeng-san-yong-won-ryo\/%eb%a7%90%eb%a6%b0-%eb%b6%89%ec%9d%80-%ec%9e%a5%eb%af%b8-%ea%bd%83%ec%9e%8e\/\" \/>\n<meta property=\"og:locale\" content=\"ko_KR\" \/>\n<meta property=\"og:type\" content=\"article\" \/>\n<meta property=\"og:title\" content=\"\ub9d0\ub9b0 \ubd89\uc740 \uc7a5\ubbf8 \uaf43\uc78e - Hurtowy Dystrybutor\" \/>\n<meta property=\"og:description\" content=\"\ub9d0\ub9b0 \ubd89\uc740 \uc7a5\ubbf8 \uaf43\uc78e\uc740 \uc8fc\ub85c \uc7a5\uc2dd\uc6a9\uc73c\ub85c \uc0ac\uc6a9\ub429\ub2c8\ub2e4. \uae00\ub9ac\uc138\ub9b0 \ube44\ub204, \uc785\uc695\ubcfc, \uc785\uc695 \ud30c\uc6b0\ub354\uc5d0 \ubbf8\uc801\uc778 \ucca8\uac00\uc81c\ub85c \uc0ac\uc6a9\ub418\uba70, \ud5f9\uad7c\ubb3c\uc774\ub098 \uc6b0\ub824\ub0b8 \ubb3c\uc5d0\ub294 \ub4dc\ubb3c\uac8c \uc0ac\uc6a9\ub429\ub2c8\ub2e4. \uc7a5\ubbf8 \uaf43\uc78e\uc740 \ub3c5\ud2b9\ud55c \ud5a5\uacfc \uac15\ub82c\ud55c \uc0c9\uc0c1\uc744 \uac00\uc9c0\uace0 \uc788\uc2b5\ub2c8\ub2e4. \uc7a5\ubbf8 \ud5a5\uc740 \ub9c8\uc74c\uc744 \uc9c4\uc815\uc2dc\ud0a4\uace0 \ud3c9\uc628\ud558\uac8c \ud558\uba70 \uc5b4\ub5a4 \uc0c1\ud669\uc5d0\uc11c\ub3c4 \ub0ad\ub9cc\uc801\uc778 \ubd84\uc704\uae30\ub97c \uc120\uc0ac\ud569\ub2c8\ub2e4.\" \/>\n<meta property=\"og:url\" content=\"https:\/\/naturalpoland.com\/ko\/je-pum\/sig-pum-won-ryo\/saeng-san-yong-won-ryo\/%eb%a7%90%eb%a6%b0-%eb%b6%89%ec%9d%80-%ec%9e%a5%eb%af%b8-%ea%bd%83%ec%9e%8e\/\" \/>\n<meta property=\"og:site_name\" content=\"NATURAL POLAND - Hurtowy Dystrybutor Surowc\u00f3w\" \/>\n<meta property=\"article:publisher\" content=\"https:\/\/www.facebook.com\/naturalpoland.b2b\" \/>\n<meta property=\"article:modified_time\" content=\"2026-02-27T14:32:58+00:00\" \/>\n<meta property=\"og:image\" content=\"https:\/\/naturalpoland.com\/wp-content\/uploads\/2021\/05\/dried-red-rose-petals.jpg\" \/>\n\t<meta property=\"og:image:width\" content=\"1023\" \/>\n\t<meta property=\"og:image:height\" content=\"1041\" \/>\n\t<meta property=\"og:image:type\" content=\"image\/jpeg\" \/>\n<script type=\"application\/ld+json\" class=\"yoast-schema-graph\">{\"@context\":\"https:\\\/\\\/schema.org\",\"@graph\":[{\"@type\":\"WebPage\",\"@id\":\"https:\\\/\\\/naturalpoland.com\\\/ko\\\/je-pum\\\/sig-pum-won-ryo\\\/saeng-san-yong-won-ryo\\\/%eb%a7%90%eb%a6%b0-%eb%b6%89%ec%9d%80-%ec%9e%a5%eb%af%b8-%ea%bd%83%ec%9e%8e\\\/\",\"url\":\"https:\\\/\\\/naturalpoland.com\\\/ko\\\/je-pum\\\/sig-pum-won-ryo\\\/saeng-san-yong-won-ryo\\\/%eb%a7%90%eb%a6%b0-%eb%b6%89%ec%9d%80-%ec%9e%a5%eb%af%b8-%ea%bd%83%ec%9e%8e\\\/\",\"name\":\"\ub9d0\ub9b0 \ubd89\uc740 \uc7a5\ubbf8 \uaf43\uc78e - Hurtowy Dystrybutor\",\"isPartOf\":{\"@id\":\"https:\\\/\\\/naturalpoland.com\\\/ko\\\/#website\"},\"primaryImageOfPage\":{\"@id\":\"https:\\\/\\\/naturalpoland.com\\\/ko\\\/je-pum\\\/sig-pum-won-ryo\\\/saeng-san-yong-won-ryo\\\/%eb%a7%90%eb%a6%b0-%eb%b6%89%ec%9d%80-%ec%9e%a5%eb%af%b8-%ea%bd%83%ec%9e%8e\\\/#primaryimage\"},\"image\":{\"@id\":\"https:\\\/\\\/naturalpoland.com\\\/ko\\\/je-pum\\\/sig-pum-won-ryo\\\/saeng-san-yong-won-ryo\\\/%eb%a7%90%eb%a6%b0-%eb%b6%89%ec%9d%80-%ec%9e%a5%eb%af%b8-%ea%bd%83%ec%9e%8e\\\/#primaryimage\"},\"thumbnailUrl\":\"https:\\\/\\\/naturalpoland.com\\\/wp-content\\\/uploads\\\/2021\\\/05\\\/dried-red-rose-petals.jpg\",\"datePublished\":\"2021-05-11T11:56:37+00:00\",\"dateModified\":\"2026-02-27T14:32:58+00:00\",\"breadcrumb\":{\"@id\":\"https:\\\/\\\/naturalpoland.com\\\/ko\\\/je-pum\\\/sig-pum-won-ryo\\\/saeng-san-yong-won-ryo\\\/%eb%a7%90%eb%a6%b0-%eb%b6%89%ec%9d%80-%ec%9e%a5%eb%af%b8-%ea%bd%83%ec%9e%8e\\\/#breadcrumb\"},\"inLanguage\":\"ko-KR\",\"potentialAction\":[{\"@type\":\"ReadAction\",\"target\":[\"https:\\\/\\\/naturalpoland.com\\\/ko\\\/je-pum\\\/sig-pum-won-ryo\\\/saeng-san-yong-won-ryo\\\/%eb%a7%90%eb%a6%b0-%eb%b6%89%ec%9d%80-%ec%9e%a5%eb%af%b8-%ea%bd%83%ec%9e%8e\\\/\"]}]},{\"@type\":\"ImageObject\",\"inLanguage\":\"ko-KR\",\"@id\":\"https:\\\/\\\/naturalpoland.com\\\/ko\\\/je-pum\\\/sig-pum-won-ryo\\\/saeng-san-yong-won-ryo\\\/%eb%a7%90%eb%a6%b0-%eb%b6%89%ec%9d%80-%ec%9e%a5%eb%af%b8-%ea%bd%83%ec%9e%8e\\\/#primaryimage\",\"url\":\"https:\\\/\\\/naturalpoland.com\\\/wp-content\\\/uploads\\\/2021\\\/05\\\/dried-red-rose-petals.jpg\",\"contentUrl\":\"https:\\\/\\\/naturalpoland.com\\\/wp-content\\\/uploads\\\/2021\\\/05\\\/dried-red-rose-petals.jpg\",\"width\":1023,\"height\":1041,\"caption\":\"\ub9d0\ub9b0 \ubd89\uc740 \uc7a5\ubbf8 \uaf43\uc78e\"},{\"@type\":\"BreadcrumbList\",\"@id\":\"https:\\\/\\\/naturalpoland.com\\\/ko\\\/je-pum\\\/sig-pum-won-ryo\\\/saeng-san-yong-won-ryo\\\/%eb%a7%90%eb%a6%b0-%eb%b6%89%ec%9d%80-%ec%9e%a5%eb%af%b8-%ea%bd%83%ec%9e%8e\\\/#breadcrumb\",\"itemListElement\":[{\"@type\":\"ListItem\",\"position\":1,\"name\":\"\ud648\",\"item\":\"https:\\\/\\\/naturalpoland.com\\\/ko\\\/\"},{\"@type\":\"ListItem\",\"position\":2,\"name\":\"\uc81c\ud488\",\"item\":\"https:\\\/\\\/naturalpoland.com\\\/ko\\\/%ec%a0%9c%ed%92%88\\\/\"},{\"@type\":\"ListItem\",\"position\":3,\"name\":\"\ub9d0\ub9b0 \ubd89\uc740 \uc7a5\ubbf8 \uaf43\uc78e\"}]},{\"@type\":\"WebSite\",\"@id\":\"https:\\\/\\\/naturalpoland.com\\\/ko\\\/#website\",\"url\":\"https:\\\/\\\/naturalpoland.com\\\/ko\\\/\",\"name\":\"NATURAL POLAND - Hurtowy Dystrybutor Surowc\u00f3w\",\"description\":\"Surowce dla przemys\u0142u spo\u017cywczego, kosmetycznego i farmaceutycznego\",\"publisher\":{\"@id\":\"https:\\\/\\\/naturalpoland.com\\\/ko\\\/#organization\"},\"potentialAction\":[{\"@type\":\"SearchAction\",\"target\":{\"@type\":\"EntryPoint\",\"urlTemplate\":\"https:\\\/\\\/naturalpoland.com\\\/ko\\\/?s={search_term_string}\"},\"query-input\":{\"@type\":\"PropertyValueSpecification\",\"valueRequired\":true,\"valueName\":\"search_term_string\"}}],\"inLanguage\":\"ko-KR\"},{\"@type\":\"Organization\",\"@id\":\"https:\\\/\\\/naturalpoland.com\\\/ko\\\/#organization\",\"name\":\"Natural Poland\",\"url\":\"https:\\\/\\\/naturalpoland.com\\\/ko\\\/\",\"logo\":{\"@type\":\"ImageObject\",\"inLanguage\":\"ko-KR\",\"@id\":\"https:\\\/\\\/naturalpoland.com\\\/ko\\\/#\\\/schema\\\/logo\\\/image\\\/\",\"url\":\"https:\\\/\\\/naturalpoland.com\\\/wp-content\\\/uploads\\\/2021\\\/05\\\/natural-poland-icon.png\",\"contentUrl\":\"https:\\\/\\\/naturalpoland.com\\\/wp-content\\\/uploads\\\/2021\\\/05\\\/natural-poland-icon.png\",\"width\":512,\"height\":512,\"caption\":\"Natural Poland\"},\"image\":{\"@id\":\"https:\\\/\\\/naturalpoland.com\\\/ko\\\/#\\\/schema\\\/logo\\\/image\\\/\"},\"sameAs\":[\"https:\\\/\\\/www.facebook.com\\\/naturalpoland.b2b\",\"https:\\\/\\\/pl.linkedin.com\\\/company\\\/natural-poland\",\"https:\\\/\\\/www.youtube.com\\\/channel\\\/UCgeGGkvOMahZo-xu_MSEWxg\"]}]}<\/script>\n<!-- \/ Yoast SEO plugin. -->","yoast_head_json":{"title":"\ub9d0\ub9b0 \ubd89\uc740 \uc7a5\ubbf8 \uaf43\uc78e - Hurtowy Dystrybutor","robots":{"index":"index","follow":"follow","max-snippet":"max-snippet:-1","max-image-preview":"max-image-preview:large","max-video-preview":"max-video-preview:-1"},"canonical":"https:\/\/naturalpoland.com\/ko\/je-pum\/sig-pum-won-ryo\/saeng-san-yong-won-ryo\/%eb%a7%90%eb%a6%b0-%eb%b6%89%ec%9d%80-%ec%9e%a5%eb%af%b8-%ea%bd%83%ec%9e%8e\/","og_locale":"ko_KR","og_type":"article","og_title":"\ub9d0\ub9b0 \ubd89\uc740 \uc7a5\ubbf8 \uaf43\uc78e - Hurtowy Dystrybutor","og_description":"\ub9d0\ub9b0 \ubd89\uc740 \uc7a5\ubbf8 \uaf43\uc78e\uc740 \uc8fc\ub85c \uc7a5\uc2dd\uc6a9\uc73c\ub85c \uc0ac\uc6a9\ub429\ub2c8\ub2e4. \uae00\ub9ac\uc138\ub9b0 \ube44\ub204, \uc785\uc695\ubcfc, \uc785\uc695 \ud30c\uc6b0\ub354\uc5d0 \ubbf8\uc801\uc778 \ucca8\uac00\uc81c\ub85c \uc0ac\uc6a9\ub418\uba70, \ud5f9\uad7c\ubb3c\uc774\ub098 \uc6b0\ub824\ub0b8 \ubb3c\uc5d0\ub294 \ub4dc\ubb3c\uac8c \uc0ac\uc6a9\ub429\ub2c8\ub2e4. \uc7a5\ubbf8 \uaf43\uc78e\uc740 \ub3c5\ud2b9\ud55c \ud5a5\uacfc \uac15\ub82c\ud55c \uc0c9\uc0c1\uc744 \uac00\uc9c0\uace0 \uc788\uc2b5\ub2c8\ub2e4. \uc7a5\ubbf8 \ud5a5\uc740 \ub9c8\uc74c\uc744 \uc9c4\uc815\uc2dc\ud0a4\uace0 \ud3c9\uc628\ud558\uac8c \ud558\uba70 \uc5b4\ub5a4 \uc0c1\ud669\uc5d0\uc11c\ub3c4 \ub0ad\ub9cc\uc801\uc778 \ubd84\uc704\uae30\ub97c \uc120\uc0ac\ud569\ub2c8\ub2e4.","og_url":"https:\/\/naturalpoland.com\/ko\/je-pum\/sig-pum-won-ryo\/saeng-san-yong-won-ryo\/%eb%a7%90%eb%a6%b0-%eb%b6%89%ec%9d%80-%ec%9e%a5%eb%af%b8-%ea%bd%83%ec%9e%8e\/","og_site_name":"NATURAL POLAND - Hurtowy Dystrybutor Surowc\u00f3w","article_publisher":"https:\/\/www.facebook.com\/naturalpoland.b2b","article_modified_time":"2026-02-27T14:32:58+00:00","og_image":[{"width":1023,"height":1041,"url":"https:\/\/naturalpoland.com\/wp-content\/uploads\/2021\/05\/dried-red-rose-petals.jpg","type":"image\/jpeg"}],"schema":{"@context":"https:\/\/schema.org","@graph":[{"@type":"WebPage","@id":"https:\/\/naturalpoland.com\/ko\/je-pum\/sig-pum-won-ryo\/saeng-san-yong-won-ryo\/%eb%a7%90%eb%a6%b0-%eb%b6%89%ec%9d%80-%ec%9e%a5%eb%af%b8-%ea%bd%83%ec%9e%8e\/","url":"https:\/\/naturalpoland.com\/ko\/je-pum\/sig-pum-won-ryo\/saeng-san-yong-won-ryo\/%eb%a7%90%eb%a6%b0-%eb%b6%89%ec%9d%80-%ec%9e%a5%eb%af%b8-%ea%bd%83%ec%9e%8e\/","name":"\ub9d0\ub9b0 \ubd89\uc740 \uc7a5\ubbf8 \uaf43\uc78e - Hurtowy Dystrybutor","isPartOf":{"@id":"https:\/\/naturalpoland.com\/ko\/#website"},"primaryImageOfPage":{"@id":"https:\/\/naturalpoland.com\/ko\/je-pum\/sig-pum-won-ryo\/saeng-san-yong-won-ryo\/%eb%a7%90%eb%a6%b0-%eb%b6%89%ec%9d%80-%ec%9e%a5%eb%af%b8-%ea%bd%83%ec%9e%8e\/#primaryimage"},"image":{"@id":"https:\/\/naturalpoland.com\/ko\/je-pum\/sig-pum-won-ryo\/saeng-san-yong-won-ryo\/%eb%a7%90%eb%a6%b0-%eb%b6%89%ec%9d%80-%ec%9e%a5%eb%af%b8-%ea%bd%83%ec%9e%8e\/#primaryimage"},"thumbnailUrl":"https:\/\/naturalpoland.com\/wp-content\/uploads\/2021\/05\/dried-red-rose-petals.jpg","datePublished":"2021-05-11T11:56:37+00:00","dateModified":"2026-02-27T14:32:58+00:00","breadcrumb":{"@id":"https:\/\/naturalpoland.com\/ko\/je-pum\/sig-pum-won-ryo\/saeng-san-yong-won-ryo\/%eb%a7%90%eb%a6%b0-%eb%b6%89%ec%9d%80-%ec%9e%a5%eb%af%b8-%ea%bd%83%ec%9e%8e\/#breadcrumb"},"inLanguage":"ko-KR","potentialAction":[{"@type":"ReadAction","target":["https:\/\/naturalpoland.com\/ko\/je-pum\/sig-pum-won-ryo\/saeng-san-yong-won-ryo\/%eb%a7%90%eb%a6%b0-%eb%b6%89%ec%9d%80-%ec%9e%a5%eb%af%b8-%ea%bd%83%ec%9e%8e\/"]}]},{"@type":"ImageObject","inLanguage":"ko-KR","@id":"https:\/\/naturalpoland.com\/ko\/je-pum\/sig-pum-won-ryo\/saeng-san-yong-won-ryo\/%eb%a7%90%eb%a6%b0-%eb%b6%89%ec%9d%80-%ec%9e%a5%eb%af%b8-%ea%bd%83%ec%9e%8e\/#primaryimage","url":"https:\/\/naturalpoland.com\/wp-content\/uploads\/2021\/05\/dried-red-rose-petals.jpg","contentUrl":"https:\/\/naturalpoland.com\/wp-content\/uploads\/2021\/05\/dried-red-rose-petals.jpg","width":1023,"height":1041,"caption":"\ub9d0\ub9b0 \ubd89\uc740 \uc7a5\ubbf8 \uaf43\uc78e"},{"@type":"BreadcrumbList","@id":"https:\/\/naturalpoland.com\/ko\/je-pum\/sig-pum-won-ryo\/saeng-san-yong-won-ryo\/%eb%a7%90%eb%a6%b0-%eb%b6%89%ec%9d%80-%ec%9e%a5%eb%af%b8-%ea%bd%83%ec%9e%8e\/#breadcrumb","itemListElement":[{"@type":"ListItem","position":1,"name":"\ud648","item":"https:\/\/naturalpoland.com\/ko\/"},{"@type":"ListItem","position":2,"name":"\uc81c\ud488","item":"https:\/\/naturalpoland.com\/ko\/%ec%a0%9c%ed%92%88\/"},{"@type":"ListItem","position":3,"name":"\ub9d0\ub9b0 \ubd89\uc740 \uc7a5\ubbf8 \uaf43\uc78e"}]},{"@type":"WebSite","@id":"https:\/\/naturalpoland.com\/ko\/#website","url":"https:\/\/naturalpoland.com\/ko\/","name":"NATURAL POLAND - Hurtowy Dystrybutor Surowc\u00f3w","description":"Surowce dla przemys\u0142u spo\u017cywczego, kosmetycznego i farmaceutycznego","publisher":{"@id":"https:\/\/naturalpoland.com\/ko\/#organization"},"potentialAction":[{"@type":"SearchAction","target":{"@type":"EntryPoint","urlTemplate":"https:\/\/naturalpoland.com\/ko\/?s={search_term_string}"},"query-input":{"@type":"PropertyValueSpecification","valueRequired":true,"valueName":"search_term_string"}}],"inLanguage":"ko-KR"},{"@type":"Organization","@id":"https:\/\/naturalpoland.com\/ko\/#organization","name":"Natural Poland","url":"https:\/\/naturalpoland.com\/ko\/","logo":{"@type":"ImageObject","inLanguage":"ko-KR","@id":"https:\/\/naturalpoland.com\/ko\/#\/schema\/logo\/image\/","url":"https:\/\/naturalpoland.com\/wp-content\/uploads\/2021\/05\/natural-poland-icon.png","contentUrl":"https:\/\/naturalpoland.com\/wp-content\/uploads\/2021\/05\/natural-poland-icon.png","width":512,"height":512,"caption":"Natural Poland"},"image":{"@id":"https:\/\/naturalpoland.com\/ko\/#\/schema\/logo\/image\/"},"sameAs":["https:\/\/www.facebook.com\/naturalpoland.b2b","https:\/\/pl.linkedin.com\/company\/natural-poland","https:\/\/www.youtube.com\/channel\/UCgeGGkvOMahZo-xu_MSEWxg"]}]}},"_links":{"self":[{"href":"https:\/\/naturalpoland.com\/ko\/wp-json\/wp\/v2\/product\/46314","targetHints":{"allow":["GET"]}}],"collection":[{"href":"https:\/\/naturalpoland.com\/ko\/wp-json\/wp\/v2\/product"}],"about":[{"href":"https:\/\/naturalpoland.com\/ko\/wp-json\/wp\/v2\/types\/product"}],"wp:featuredmedia":[{"embeddable":true,"href":"https:\/\/naturalpoland.com\/ko\/wp-json\/wp\/v2\/media\/46315"}],"wp:attachment":[{"href":"https:\/\/naturalpoland.com\/ko\/wp-json\/wp\/v2\/media?parent=46314"}],"wp:term":[{"taxonomy":"product_brand","embeddable":true,"href":"https:\/\/naturalpoland.com\/ko\/wp-json\/wp\/v2\/product_brand?post=46314"},{"taxonomy":"product_cat","embeddable":true,"href":"https:\/\/naturalpoland.com\/ko\/wp-json\/wp\/v2\/product_cat?post=46314"},{"taxonomy":"product_tag","embeddable":true,"href":"https:\/\/naturalpoland.com\/ko\/wp-json\/wp\/v2\/product_tag?post=46314"}],"curies":[{"name":"wp","href":"https:\/\/api.w.org\/{rel}","templated":true}]}}