{"id":46322,"date":"2021-05-11T13:56:37","date_gmt":"2021-05-11T11:56:37","guid":{"rendered":"https:\/\/naturalpoland.com\/produkty\/uncategorized\/%eb%a7%90%eb%a6%b0-%ed%95%b4%eb%b0%94%eb%9d%bc%ea%b8%b0-%ea%bd%83%ec%9e%8e\/"},"modified":"2026-02-27T15:33:23","modified_gmt":"2026-02-27T14:33:23","slug":"%eb%a7%90%eb%a6%b0-%ed%95%b4%eb%b0%94%eb%9d%bc%ea%b8%b0-%ea%bd%83%ec%9e%8e","status":"publish","type":"product","link":"https:\/\/naturalpoland.com\/ko\/je-pum\/sig-pum-won-ryo\/saeng-san-yong-won-ryo\/%eb%a7%90%eb%a6%b0-%ed%95%b4%eb%b0%94%eb%9d%bc%ea%b8%b0-%ea%bd%83%ec%9e%8e\/","title":{"rendered":"\ub9d0\ub9b0 \ud574\ubc14\ub77c\uae30 \uaf43\uc78e"},"content":{"rendered":"<p>\ud574\ubc14\ub77c\uae30 \uaf43\uc78e\uc740 \uc740\uc740\ud55c \ud5a5\uc744 \uc9c0\ub2c8\uace0 \uc788\uc73c\uba70, \uc544\ub85c\ub9c8\ud14c\ub77c\ud53c \ud6a8\uacfc\ub3c4 \uc788\uc2b5\ub2c8\ub2e4. \ub610\ud55c \ubd93\uae30\uc640 \uba4d\uc744 \uc904\uc774\ub294 \ub370 \ub3c4\uc6c0\uc744 \uc904 \uc218 \uc788\uc2b5\ub2c8\ub2e4. <\/p>\n<p>\ub9d0\ub9b0 \ud574\ubc14\ub77c\uae30 \uaf43\uc78e\uc740 \ucc28\ub098 \ub2ec\uc778 \ubb3c\uc744 \ub9cc\ub4dc\ub294 \ub370\ub3c4 \ud6cc\ub96d\ud569\ub2c8\ub2e4. \uc774\ub4e4\uc740 \ud2b8\ub9ac\ud14c\ub974\ud39c \uc0ac\ud3ec\ub2cc, \ud50c\ub77c\ubcf4\ub178\uc774\ub4dc, \uce74\ub85c\ud2f0\ub178\uc774\ub4dc, \ucf5c\ub9b0, \ubca0\ud0c0\uc778, \uc794\ud1a0\ud544, \uc4f4\ub9db \uc131\ubd84, \ub2f9\ub958 \ubc0f \ubbf8\ub124\ub784 \uc5fc\ub958\uac00 \ud48d\ubd80\ud569\ub2c8\ub2e4. <\/p>\n<p>\ud574\ubc14\ub77c\uae30 \uaf43\uc78e \ucc28\ub294 \uc18c\ud654 \ubd88\ub7c9\uc744 \uc904\uc774\uace0 \uc2dd\uc695\uc744 \ub3cb\uc6b0\ub294 \ub370 \uc0ac\uc6a9\ub429\ub2c8\ub2e4. \uc77c\ubd80 \uac10\uc5fc \uc2dc \uc5f4\uc744 \ub0b4\ub9ac\ub294 \ub370\ub3c4 \ub3c4\uc6c0\uc774 \ub420 \uc218 \uc788\uc2b5\ub2c8\ub2e4. <\/p>\n","protected":false},"excerpt":{"rendered":"<p>\ub9d0\ub9b0 \ud574\ubc14\ub77c\uae30 \uaf43\uc78e\uc740 \ub2e4\uc591\ud55c \ud654\uc7a5\ud488\uc5d0 \ubbf8\uc801\uc778 \uc694\uc18c\ub97c \ub354\ud569\ub2c8\ub2e4. \uc785\uc695 \uc18c\uae08\uc774\ub098 \ubaa9\uc695 \ud30c\uc6b0\ub354\uc5d0 \ud2b9\ubcc4\ud568\uc744 \ub354\ud558\ub294 \ub370 \ud65c\uc6a9\ub420 \uc218 \uc788\uc2b5\ub2c8\ub2e4. <\/p>\n","protected":false},"featured_media":46323,"template":"","meta":{"_acf_changed":false},"product_brand":[],"product_cat":[8175],"product_tag":[],"class_list":{"0":"post-46322","1":"product","2":"type-product","3":"status-publish","4":"has-post-thumbnail","6":"product_cat-saeng-san-yong-won-ryo","8":"first","9":"instock","10":"shipping-taxable","11":"product-type-simple"},"acf":[],"yoast_head":"<!-- This site is optimized with the Yoast SEO plugin v27.4 - https:\/\/yoast.com\/product\/yoast-seo-wordpress\/ -->\n<title>\ub9d0\ub9b0 \ud574\ubc14\ub77c\uae30 \uaf43\uc78e - Hurtowy Dystrybutor<\/title>\n<meta name=\"robots\" content=\"index, follow, max-snippet:-1, max-image-preview:large, max-video-preview:-1\" \/>\n<link rel=\"canonical\" href=\"https:\/\/naturalpoland.com\/ko\/je-pum\/sig-pum-won-ryo\/saeng-san-yong-won-ryo\/%eb%a7%90%eb%a6%b0-%ed%95%b4%eb%b0%94%eb%9d%bc%ea%b8%b0-%ea%bd%83%ec%9e%8e\/\" \/>\n<meta property=\"og:locale\" content=\"ko_KR\" \/>\n<meta property=\"og:type\" content=\"article\" \/>\n<meta property=\"og:title\" content=\"\ub9d0\ub9b0 \ud574\ubc14\ub77c\uae30 \uaf43\uc78e - Hurtowy Dystrybutor\" \/>\n<meta property=\"og:description\" content=\"\ub9d0\ub9b0 \ud574\ubc14\ub77c\uae30 \uaf43\uc78e\uc740 \ub2e4\uc591\ud55c \ud654\uc7a5\ud488\uc5d0 \ubbf8\uc801\uc778 \uc694\uc18c\ub97c \ub354\ud569\ub2c8\ub2e4. \uc785\uc695 \uc18c\uae08\uc774\ub098 \ubaa9\uc695 \ud30c\uc6b0\ub354\uc5d0 \ud2b9\ubcc4\ud568\uc744 \ub354\ud558\ub294 \ub370 \ud65c\uc6a9\ub420 \uc218 \uc788\uc2b5\ub2c8\ub2e4.\" \/>\n<meta property=\"og:url\" content=\"https:\/\/naturalpoland.com\/ko\/je-pum\/sig-pum-won-ryo\/saeng-san-yong-won-ryo\/%eb%a7%90%eb%a6%b0-%ed%95%b4%eb%b0%94%eb%9d%bc%ea%b8%b0-%ea%bd%83%ec%9e%8e\/\" \/>\n<meta property=\"og:site_name\" content=\"NATURAL POLAND - Hurtowy Dystrybutor Surowc\u00f3w\" \/>\n<meta property=\"article:publisher\" content=\"https:\/\/www.facebook.com\/naturalpoland.b2b\" \/>\n<meta property=\"article:modified_time\" content=\"2026-02-27T14:33:23+00:00\" \/>\n<meta property=\"og:image\" content=\"https:\/\/naturalpoland.com\/wp-content\/uploads\/2021\/05\/dried-sunflower-petals.jpg\" \/>\n\t<meta property=\"og:image:width\" content=\"330\" \/>\n\t<meta property=\"og:image:height\" content=\"317\" \/>\n\t<meta property=\"og:image:type\" content=\"image\/jpeg\" \/>\n<script type=\"application\/ld+json\" class=\"yoast-schema-graph\">{\"@context\":\"https:\\\/\\\/schema.org\",\"@graph\":[{\"@type\":\"WebPage\",\"@id\":\"https:\\\/\\\/naturalpoland.com\\\/ko\\\/je-pum\\\/sig-pum-won-ryo\\\/saeng-san-yong-won-ryo\\\/%eb%a7%90%eb%a6%b0-%ed%95%b4%eb%b0%94%eb%9d%bc%ea%b8%b0-%ea%bd%83%ec%9e%8e\\\/\",\"url\":\"https:\\\/\\\/naturalpoland.com\\\/ko\\\/je-pum\\\/sig-pum-won-ryo\\\/saeng-san-yong-won-ryo\\\/%eb%a7%90%eb%a6%b0-%ed%95%b4%eb%b0%94%eb%9d%bc%ea%b8%b0-%ea%bd%83%ec%9e%8e\\\/\",\"name\":\"\ub9d0\ub9b0 \ud574\ubc14\ub77c\uae30 \uaf43\uc78e - Hurtowy Dystrybutor\",\"isPartOf\":{\"@id\":\"https:\\\/\\\/naturalpoland.com\\\/ko\\\/#website\"},\"primaryImageOfPage\":{\"@id\":\"https:\\\/\\\/naturalpoland.com\\\/ko\\\/je-pum\\\/sig-pum-won-ryo\\\/saeng-san-yong-won-ryo\\\/%eb%a7%90%eb%a6%b0-%ed%95%b4%eb%b0%94%eb%9d%bc%ea%b8%b0-%ea%bd%83%ec%9e%8e\\\/#primaryimage\"},\"image\":{\"@id\":\"https:\\\/\\\/naturalpoland.com\\\/ko\\\/je-pum\\\/sig-pum-won-ryo\\\/saeng-san-yong-won-ryo\\\/%eb%a7%90%eb%a6%b0-%ed%95%b4%eb%b0%94%eb%9d%bc%ea%b8%b0-%ea%bd%83%ec%9e%8e\\\/#primaryimage\"},\"thumbnailUrl\":\"https:\\\/\\\/naturalpoland.com\\\/wp-content\\\/uploads\\\/2021\\\/05\\\/dried-sunflower-petals.jpg\",\"datePublished\":\"2021-05-11T11:56:37+00:00\",\"dateModified\":\"2026-02-27T14:33:23+00:00\",\"breadcrumb\":{\"@id\":\"https:\\\/\\\/naturalpoland.com\\\/ko\\\/je-pum\\\/sig-pum-won-ryo\\\/saeng-san-yong-won-ryo\\\/%eb%a7%90%eb%a6%b0-%ed%95%b4%eb%b0%94%eb%9d%bc%ea%b8%b0-%ea%bd%83%ec%9e%8e\\\/#breadcrumb\"},\"inLanguage\":\"ko-KR\",\"potentialAction\":[{\"@type\":\"ReadAction\",\"target\":[\"https:\\\/\\\/naturalpoland.com\\\/ko\\\/je-pum\\\/sig-pum-won-ryo\\\/saeng-san-yong-won-ryo\\\/%eb%a7%90%eb%a6%b0-%ed%95%b4%eb%b0%94%eb%9d%bc%ea%b8%b0-%ea%bd%83%ec%9e%8e\\\/\"]}]},{\"@type\":\"ImageObject\",\"inLanguage\":\"ko-KR\",\"@id\":\"https:\\\/\\\/naturalpoland.com\\\/ko\\\/je-pum\\\/sig-pum-won-ryo\\\/saeng-san-yong-won-ryo\\\/%eb%a7%90%eb%a6%b0-%ed%95%b4%eb%b0%94%eb%9d%bc%ea%b8%b0-%ea%bd%83%ec%9e%8e\\\/#primaryimage\",\"url\":\"https:\\\/\\\/naturalpoland.com\\\/wp-content\\\/uploads\\\/2021\\\/05\\\/dried-sunflower-petals.jpg\",\"contentUrl\":\"https:\\\/\\\/naturalpoland.com\\\/wp-content\\\/uploads\\\/2021\\\/05\\\/dried-sunflower-petals.jpg\",\"width\":330,\"height\":317,\"caption\":\"\ub9d0\ub9b0 \ud574\ubc14\ub77c\uae30 \uaf43\uc78e\"},{\"@type\":\"BreadcrumbList\",\"@id\":\"https:\\\/\\\/naturalpoland.com\\\/ko\\\/je-pum\\\/sig-pum-won-ryo\\\/saeng-san-yong-won-ryo\\\/%eb%a7%90%eb%a6%b0-%ed%95%b4%eb%b0%94%eb%9d%bc%ea%b8%b0-%ea%bd%83%ec%9e%8e\\\/#breadcrumb\",\"itemListElement\":[{\"@type\":\"ListItem\",\"position\":1,\"name\":\"\ud648\",\"item\":\"https:\\\/\\\/naturalpoland.com\\\/ko\\\/\"},{\"@type\":\"ListItem\",\"position\":2,\"name\":\"\uc81c\ud488\",\"item\":\"https:\\\/\\\/naturalpoland.com\\\/ko\\\/%ec%a0%9c%ed%92%88\\\/\"},{\"@type\":\"ListItem\",\"position\":3,\"name\":\"\ub9d0\ub9b0 \ud574\ubc14\ub77c\uae30 \uaf43\uc78e\"}]},{\"@type\":\"WebSite\",\"@id\":\"https:\\\/\\\/naturalpoland.com\\\/ko\\\/#website\",\"url\":\"https:\\\/\\\/naturalpoland.com\\\/ko\\\/\",\"name\":\"NATURAL POLAND - Hurtowy Dystrybutor Surowc\u00f3w\",\"description\":\"Surowce dla przemys\u0142u spo\u017cywczego, kosmetycznego i farmaceutycznego\",\"publisher\":{\"@id\":\"https:\\\/\\\/naturalpoland.com\\\/ko\\\/#organization\"},\"potentialAction\":[{\"@type\":\"SearchAction\",\"target\":{\"@type\":\"EntryPoint\",\"urlTemplate\":\"https:\\\/\\\/naturalpoland.com\\\/ko\\\/?s={search_term_string}\"},\"query-input\":{\"@type\":\"PropertyValueSpecification\",\"valueRequired\":true,\"valueName\":\"search_term_string\"}}],\"inLanguage\":\"ko-KR\"},{\"@type\":\"Organization\",\"@id\":\"https:\\\/\\\/naturalpoland.com\\\/ko\\\/#organization\",\"name\":\"Natural Poland\",\"url\":\"https:\\\/\\\/naturalpoland.com\\\/ko\\\/\",\"logo\":{\"@type\":\"ImageObject\",\"inLanguage\":\"ko-KR\",\"@id\":\"https:\\\/\\\/naturalpoland.com\\\/ko\\\/#\\\/schema\\\/logo\\\/image\\\/\",\"url\":\"https:\\\/\\\/naturalpoland.com\\\/wp-content\\\/uploads\\\/2021\\\/05\\\/natural-poland-icon.png\",\"contentUrl\":\"https:\\\/\\\/naturalpoland.com\\\/wp-content\\\/uploads\\\/2021\\\/05\\\/natural-poland-icon.png\",\"width\":512,\"height\":512,\"caption\":\"Natural Poland\"},\"image\":{\"@id\":\"https:\\\/\\\/naturalpoland.com\\\/ko\\\/#\\\/schema\\\/logo\\\/image\\\/\"},\"sameAs\":[\"https:\\\/\\\/www.facebook.com\\\/naturalpoland.b2b\",\"https:\\\/\\\/pl.linkedin.com\\\/company\\\/natural-poland\",\"https:\\\/\\\/www.youtube.com\\\/channel\\\/UCgeGGkvOMahZo-xu_MSEWxg\"]}]}<\/script>\n<!-- \/ Yoast SEO plugin. -->","yoast_head_json":{"title":"\ub9d0\ub9b0 \ud574\ubc14\ub77c\uae30 \uaf43\uc78e - Hurtowy Dystrybutor","robots":{"index":"index","follow":"follow","max-snippet":"max-snippet:-1","max-image-preview":"max-image-preview:large","max-video-preview":"max-video-preview:-1"},"canonical":"https:\/\/naturalpoland.com\/ko\/je-pum\/sig-pum-won-ryo\/saeng-san-yong-won-ryo\/%eb%a7%90%eb%a6%b0-%ed%95%b4%eb%b0%94%eb%9d%bc%ea%b8%b0-%ea%bd%83%ec%9e%8e\/","og_locale":"ko_KR","og_type":"article","og_title":"\ub9d0\ub9b0 \ud574\ubc14\ub77c\uae30 \uaf43\uc78e - Hurtowy Dystrybutor","og_description":"\ub9d0\ub9b0 \ud574\ubc14\ub77c\uae30 \uaf43\uc78e\uc740 \ub2e4\uc591\ud55c \ud654\uc7a5\ud488\uc5d0 \ubbf8\uc801\uc778 \uc694\uc18c\ub97c \ub354\ud569\ub2c8\ub2e4. \uc785\uc695 \uc18c\uae08\uc774\ub098 \ubaa9\uc695 \ud30c\uc6b0\ub354\uc5d0 \ud2b9\ubcc4\ud568\uc744 \ub354\ud558\ub294 \ub370 \ud65c\uc6a9\ub420 \uc218 \uc788\uc2b5\ub2c8\ub2e4.","og_url":"https:\/\/naturalpoland.com\/ko\/je-pum\/sig-pum-won-ryo\/saeng-san-yong-won-ryo\/%eb%a7%90%eb%a6%b0-%ed%95%b4%eb%b0%94%eb%9d%bc%ea%b8%b0-%ea%bd%83%ec%9e%8e\/","og_site_name":"NATURAL POLAND - Hurtowy Dystrybutor Surowc\u00f3w","article_publisher":"https:\/\/www.facebook.com\/naturalpoland.b2b","article_modified_time":"2026-02-27T14:33:23+00:00","og_image":[{"width":330,"height":317,"url":"https:\/\/naturalpoland.com\/wp-content\/uploads\/2021\/05\/dried-sunflower-petals.jpg","type":"image\/jpeg"}],"schema":{"@context":"https:\/\/schema.org","@graph":[{"@type":"WebPage","@id":"https:\/\/naturalpoland.com\/ko\/je-pum\/sig-pum-won-ryo\/saeng-san-yong-won-ryo\/%eb%a7%90%eb%a6%b0-%ed%95%b4%eb%b0%94%eb%9d%bc%ea%b8%b0-%ea%bd%83%ec%9e%8e\/","url":"https:\/\/naturalpoland.com\/ko\/je-pum\/sig-pum-won-ryo\/saeng-san-yong-won-ryo\/%eb%a7%90%eb%a6%b0-%ed%95%b4%eb%b0%94%eb%9d%bc%ea%b8%b0-%ea%bd%83%ec%9e%8e\/","name":"\ub9d0\ub9b0 \ud574\ubc14\ub77c\uae30 \uaf43\uc78e - Hurtowy Dystrybutor","isPartOf":{"@id":"https:\/\/naturalpoland.com\/ko\/#website"},"primaryImageOfPage":{"@id":"https:\/\/naturalpoland.com\/ko\/je-pum\/sig-pum-won-ryo\/saeng-san-yong-won-ryo\/%eb%a7%90%eb%a6%b0-%ed%95%b4%eb%b0%94%eb%9d%bc%ea%b8%b0-%ea%bd%83%ec%9e%8e\/#primaryimage"},"image":{"@id":"https:\/\/naturalpoland.com\/ko\/je-pum\/sig-pum-won-ryo\/saeng-san-yong-won-ryo\/%eb%a7%90%eb%a6%b0-%ed%95%b4%eb%b0%94%eb%9d%bc%ea%b8%b0-%ea%bd%83%ec%9e%8e\/#primaryimage"},"thumbnailUrl":"https:\/\/naturalpoland.com\/wp-content\/uploads\/2021\/05\/dried-sunflower-petals.jpg","datePublished":"2021-05-11T11:56:37+00:00","dateModified":"2026-02-27T14:33:23+00:00","breadcrumb":{"@id":"https:\/\/naturalpoland.com\/ko\/je-pum\/sig-pum-won-ryo\/saeng-san-yong-won-ryo\/%eb%a7%90%eb%a6%b0-%ed%95%b4%eb%b0%94%eb%9d%bc%ea%b8%b0-%ea%bd%83%ec%9e%8e\/#breadcrumb"},"inLanguage":"ko-KR","potentialAction":[{"@type":"ReadAction","target":["https:\/\/naturalpoland.com\/ko\/je-pum\/sig-pum-won-ryo\/saeng-san-yong-won-ryo\/%eb%a7%90%eb%a6%b0-%ed%95%b4%eb%b0%94%eb%9d%bc%ea%b8%b0-%ea%bd%83%ec%9e%8e\/"]}]},{"@type":"ImageObject","inLanguage":"ko-KR","@id":"https:\/\/naturalpoland.com\/ko\/je-pum\/sig-pum-won-ryo\/saeng-san-yong-won-ryo\/%eb%a7%90%eb%a6%b0-%ed%95%b4%eb%b0%94%eb%9d%bc%ea%b8%b0-%ea%bd%83%ec%9e%8e\/#primaryimage","url":"https:\/\/naturalpoland.com\/wp-content\/uploads\/2021\/05\/dried-sunflower-petals.jpg","contentUrl":"https:\/\/naturalpoland.com\/wp-content\/uploads\/2021\/05\/dried-sunflower-petals.jpg","width":330,"height":317,"caption":"\ub9d0\ub9b0 \ud574\ubc14\ub77c\uae30 \uaf43\uc78e"},{"@type":"BreadcrumbList","@id":"https:\/\/naturalpoland.com\/ko\/je-pum\/sig-pum-won-ryo\/saeng-san-yong-won-ryo\/%eb%a7%90%eb%a6%b0-%ed%95%b4%eb%b0%94%eb%9d%bc%ea%b8%b0-%ea%bd%83%ec%9e%8e\/#breadcrumb","itemListElement":[{"@type":"ListItem","position":1,"name":"\ud648","item":"https:\/\/naturalpoland.com\/ko\/"},{"@type":"ListItem","position":2,"name":"\uc81c\ud488","item":"https:\/\/naturalpoland.com\/ko\/%ec%a0%9c%ed%92%88\/"},{"@type":"ListItem","position":3,"name":"\ub9d0\ub9b0 \ud574\ubc14\ub77c\uae30 \uaf43\uc78e"}]},{"@type":"WebSite","@id":"https:\/\/naturalpoland.com\/ko\/#website","url":"https:\/\/naturalpoland.com\/ko\/","name":"NATURAL POLAND - Hurtowy Dystrybutor Surowc\u00f3w","description":"Surowce dla przemys\u0142u spo\u017cywczego, kosmetycznego i farmaceutycznego","publisher":{"@id":"https:\/\/naturalpoland.com\/ko\/#organization"},"potentialAction":[{"@type":"SearchAction","target":{"@type":"EntryPoint","urlTemplate":"https:\/\/naturalpoland.com\/ko\/?s={search_term_string}"},"query-input":{"@type":"PropertyValueSpecification","valueRequired":true,"valueName":"search_term_string"}}],"inLanguage":"ko-KR"},{"@type":"Organization","@id":"https:\/\/naturalpoland.com\/ko\/#organization","name":"Natural Poland","url":"https:\/\/naturalpoland.com\/ko\/","logo":{"@type":"ImageObject","inLanguage":"ko-KR","@id":"https:\/\/naturalpoland.com\/ko\/#\/schema\/logo\/image\/","url":"https:\/\/naturalpoland.com\/wp-content\/uploads\/2021\/05\/natural-poland-icon.png","contentUrl":"https:\/\/naturalpoland.com\/wp-content\/uploads\/2021\/05\/natural-poland-icon.png","width":512,"height":512,"caption":"Natural Poland"},"image":{"@id":"https:\/\/naturalpoland.com\/ko\/#\/schema\/logo\/image\/"},"sameAs":["https:\/\/www.facebook.com\/naturalpoland.b2b","https:\/\/pl.linkedin.com\/company\/natural-poland","https:\/\/www.youtube.com\/channel\/UCgeGGkvOMahZo-xu_MSEWxg"]}]}},"_links":{"self":[{"href":"https:\/\/naturalpoland.com\/ko\/wp-json\/wp\/v2\/product\/46322","targetHints":{"allow":["GET"]}}],"collection":[{"href":"https:\/\/naturalpoland.com\/ko\/wp-json\/wp\/v2\/product"}],"about":[{"href":"https:\/\/naturalpoland.com\/ko\/wp-json\/wp\/v2\/types\/product"}],"wp:featuredmedia":[{"embeddable":true,"href":"https:\/\/naturalpoland.com\/ko\/wp-json\/wp\/v2\/media\/46323"}],"wp:attachment":[{"href":"https:\/\/naturalpoland.com\/ko\/wp-json\/wp\/v2\/media?parent=46322"}],"wp:term":[{"taxonomy":"product_brand","embeddable":true,"href":"https:\/\/naturalpoland.com\/ko\/wp-json\/wp\/v2\/product_brand?post=46322"},{"taxonomy":"product_cat","embeddable":true,"href":"https:\/\/naturalpoland.com\/ko\/wp-json\/wp\/v2\/product_cat?post=46322"},{"taxonomy":"product_tag","embeddable":true,"href":"https:\/\/naturalpoland.com\/ko\/wp-json\/wp\/v2\/product_tag?post=46322"}],"curies":[{"name":"wp","href":"https:\/\/api.w.org\/{rel}","templated":true}]}}