{"id":46330,"date":"2021-05-11T13:57:00","date_gmt":"2021-05-11T11:57:00","guid":{"rendered":"https:\/\/naturalpoland.com\/produkty\/uncategorized\/%ea%b1%b4%ec%a1%b0-%eb%b8%94%eb%9e%99%eb%b2%a0%eb%a6%ac-%ec%97%b4%eb%a7%a4\/"},"modified":"2026-02-27T15:33:54","modified_gmt":"2026-02-27T14:33:54","slug":"%ea%b1%b4%ec%a1%b0-%eb%b8%94%eb%9e%99%eb%b2%a0%eb%a6%ac-%ec%97%b4%eb%a7%a4","status":"publish","type":"product","link":"https:\/\/naturalpoland.com\/ko\/je-pum\/sig-pum-won-ryo\/saeng-san-yong-won-ryo\/%ea%b1%b4%ec%a1%b0-%eb%b8%94%eb%9e%99%eb%b2%a0%eb%a6%ac-%ec%97%b4%eb%a7%a4\/","title":{"rendered":"\uac74\uc870 \ube14\ub799\ubca0\ub9ac \uc5f4\ub9e4"},"content":{"rendered":"<p>\uba74\uc5ed\ub825 \ud5a5\uc0c1:<br \/>\n\uac74\uc870 \ube14\ub799\ubca0\ub9ac \uc5f4\ub9e4\ub294 \ube44\ud0c0\ubbfc C \ud568\ub7c9\uc774 \ub192\uc544 \uba74\uc5ed\ub825\uc744 \ub192\uc774\uace0 \uac10\uae30 \uae30\uac04\uc744 \ub2e8\ucd95\ud558\ub294 \ub370 \ub3c4\uc6c0\uc774 \ub420 \uc218 \uc788\uc2b5\ub2c8\ub2e4. \uc774 \uc5f4\ub9e4\ub294 \uc2dc\ub825 \uac1c\uc120 \ubc0f \uc2e0\uc9c4\ub300\uc0ac \ucd09\uc9c4\uc5d0\ub3c4 \uc88b\uc2b5\ub2c8\ub2e4. \ub2e8\ub3c5\uc73c\ub85c \uc12d\ucde8\ud558\uac70\ub098 \ud64d\ucc28, \ub179\ucc28 \ub4f1 \ub2e4\ub978 \ucc28\uc5d0 \uacfc\uc77c \ucca8\uac00\ubb3c\ub85c \ud65c\uc6a9\ud560 \uc218 \uc788\uc2b5\ub2c8\ub2e4. \uc18c\uc2a4\ub098 \uace0\uae30 \uc694\ub9ac\uc758 \ub9db\uc744 \ub354\ud558\ub294 \ub370\ub3c4 \uc0ac\uc6a9\ud560 \uc218 \uc788\uc2b5\ub2c8\ub2e4. \uc774\uac83\uc73c\ub85c \ub9cc\ub4e0 \ucc28\ub294 \uc2ec\uc7a5 \uae30\ub2a5\uc744 \uac15\ud654\ud558\uace0 \uade0\ud615\uc744 \uc7a1\uc544\uc90d\ub2c8\ub2e4.    <\/p>\n","protected":false},"excerpt":{"rendered":"<p><strong>\uac74\uc870 \ube14\ub799\ubca0\ub9ac \uc5f4\ub9e4<\/strong>\ub294 \ucc28\uc640 \ud5c8\ube0c\ud2f0\uc758 \ud6cc\ub96d\ud55c \ubca0\uc774\uc2a4\uc785\ub2c8\ub2e4. \ub69c\ub837\ud55c \ud5a5\uacfc \uc740\uc740\ud55c \ub5ab\uc740\ub9db\uc774 \ud2b9\uc9d5\uc785\ub2c8\ub2e4. \ube14\ub799\ubca0\ub9ac\ub294 \uc548\ud1a0\uc2dc\uc544\ub2cc\uacfc \ud0c4\ub2cc \ud568\ub7c9\uc774 \ub192\uc2b5\ub2c8\ub2e4. \ud56d\uc5fc\uc99d \ubc0f \ud56d\uade0 \uc791\uc6a9\uc744 \ud558\uba70, \ud638\ud761\uae30 \uc9c8\ud658\uc5d0\ub294 \uac70\ub2f4\uc81c\ub85c, \uc774\ub1e8\uc81c\ub85c\ub3c4 \uc791\uc6a9\ud569\ub2c8\ub2e4.    <\/p>\n","protected":false},"featured_media":46331,"template":"","meta":[],"product_brand":[],"product_cat":[8175],"product_tag":[],"class_list":{"0":"post-46330","1":"product","2":"type-product","3":"status-publish","4":"has-post-thumbnail","6":"product_cat-saeng-san-yong-won-ryo","8":"first","9":"instock","10":"shipping-taxable","11":"product-type-simple"},"yoast_head":"<!-- This site is optimized with the Yoast SEO plugin v27.4 - https:\/\/yoast.com\/product\/yoast-seo-wordpress\/ -->\n<title>\uac74\uc870 \ube14\ub799\ubca0\ub9ac \uc5f4\ub9e4 - Hurtowy Dystrybutor<\/title>\n<meta name=\"robots\" content=\"index, follow, max-snippet:-1, max-image-preview:large, max-video-preview:-1\" \/>\n<link rel=\"canonical\" href=\"https:\/\/naturalpoland.com\/ko\/je-pum\/sig-pum-won-ryo\/saeng-san-yong-won-ryo\/%ea%b1%b4%ec%a1%b0-%eb%b8%94%eb%9e%99%eb%b2%a0%eb%a6%ac-%ec%97%b4%eb%a7%a4\/\" \/>\n<meta property=\"og:locale\" content=\"ko_KR\" \/>\n<meta property=\"og:type\" content=\"article\" \/>\n<meta property=\"og:title\" content=\"\uac74\uc870 \ube14\ub799\ubca0\ub9ac \uc5f4\ub9e4 - Hurtowy Dystrybutor\" \/>\n<meta property=\"og:description\" content=\"\uac74\uc870 \ube14\ub799\ubca0\ub9ac \uc5f4\ub9e4\ub294 \ucc28\uc640 \ud5c8\ube0c\ud2f0\uc758 \ud6cc\ub96d\ud55c \ubca0\uc774\uc2a4\uc785\ub2c8\ub2e4. \ub69c\ub837\ud55c \ud5a5\uacfc \uc740\uc740\ud55c \ub5ab\uc740\ub9db\uc774 \ud2b9\uc9d5\uc785\ub2c8\ub2e4. \ube14\ub799\ubca0\ub9ac\ub294 \uc548\ud1a0\uc2dc\uc544\ub2cc\uacfc \ud0c4\ub2cc \ud568\ub7c9\uc774 \ub192\uc2b5\ub2c8\ub2e4. \ud56d\uc5fc\uc99d \ubc0f \ud56d\uade0 \uc791\uc6a9\uc744 \ud558\uba70, \ud638\ud761\uae30 \uc9c8\ud658\uc5d0\ub294 \uac70\ub2f4\uc81c\ub85c, \uc774\ub1e8\uc81c\ub85c\ub3c4 \uc791\uc6a9\ud569\ub2c8\ub2e4.\" \/>\n<meta property=\"og:url\" content=\"https:\/\/naturalpoland.com\/ko\/je-pum\/sig-pum-won-ryo\/saeng-san-yong-won-ryo\/%ea%b1%b4%ec%a1%b0-%eb%b8%94%eb%9e%99%eb%b2%a0%eb%a6%ac-%ec%97%b4%eb%a7%a4\/\" \/>\n<meta property=\"og:site_name\" content=\"NATURAL POLAND - Hurtowy Dystrybutor Surowc\u00f3w\" \/>\n<meta property=\"article:publisher\" content=\"https:\/\/www.facebook.com\/naturalpoland.b2b\" \/>\n<meta property=\"article:modified_time\" content=\"2026-02-27T14:33:54+00:00\" \/>\n<meta property=\"og:image\" content=\"https:\/\/naturalpoland.com\/wp-content\/uploads\/2021\/05\/dried-blackberries-fruit.jpg\" \/>\n\t<meta property=\"og:image:width\" content=\"1920\" \/>\n\t<meta property=\"og:image:height\" content=\"1280\" \/>\n\t<meta property=\"og:image:type\" content=\"image\/jpeg\" \/>\n<script type=\"application\/ld+json\" class=\"yoast-schema-graph\">{\"@context\":\"https:\\\/\\\/schema.org\",\"@graph\":[{\"@type\":\"WebPage\",\"@id\":\"https:\\\/\\\/naturalpoland.com\\\/ko\\\/je-pum\\\/sig-pum-won-ryo\\\/saeng-san-yong-won-ryo\\\/%ea%b1%b4%ec%a1%b0-%eb%b8%94%eb%9e%99%eb%b2%a0%eb%a6%ac-%ec%97%b4%eb%a7%a4\\\/\",\"url\":\"https:\\\/\\\/naturalpoland.com\\\/ko\\\/je-pum\\\/sig-pum-won-ryo\\\/saeng-san-yong-won-ryo\\\/%ea%b1%b4%ec%a1%b0-%eb%b8%94%eb%9e%99%eb%b2%a0%eb%a6%ac-%ec%97%b4%eb%a7%a4\\\/\",\"name\":\"\uac74\uc870 \ube14\ub799\ubca0\ub9ac \uc5f4\ub9e4 - Hurtowy Dystrybutor\",\"isPartOf\":{\"@id\":\"https:\\\/\\\/naturalpoland.com\\\/ko\\\/#website\"},\"primaryImageOfPage\":{\"@id\":\"https:\\\/\\\/naturalpoland.com\\\/ko\\\/je-pum\\\/sig-pum-won-ryo\\\/saeng-san-yong-won-ryo\\\/%ea%b1%b4%ec%a1%b0-%eb%b8%94%eb%9e%99%eb%b2%a0%eb%a6%ac-%ec%97%b4%eb%a7%a4\\\/#primaryimage\"},\"image\":{\"@id\":\"https:\\\/\\\/naturalpoland.com\\\/ko\\\/je-pum\\\/sig-pum-won-ryo\\\/saeng-san-yong-won-ryo\\\/%ea%b1%b4%ec%a1%b0-%eb%b8%94%eb%9e%99%eb%b2%a0%eb%a6%ac-%ec%97%b4%eb%a7%a4\\\/#primaryimage\"},\"thumbnailUrl\":\"https:\\\/\\\/naturalpoland.com\\\/wp-content\\\/uploads\\\/2021\\\/05\\\/dried-blackberries-fruit.jpg\",\"datePublished\":\"2021-05-11T11:57:00+00:00\",\"dateModified\":\"2026-02-27T14:33:54+00:00\",\"breadcrumb\":{\"@id\":\"https:\\\/\\\/naturalpoland.com\\\/ko\\\/je-pum\\\/sig-pum-won-ryo\\\/saeng-san-yong-won-ryo\\\/%ea%b1%b4%ec%a1%b0-%eb%b8%94%eb%9e%99%eb%b2%a0%eb%a6%ac-%ec%97%b4%eb%a7%a4\\\/#breadcrumb\"},\"inLanguage\":\"ko-KR\",\"potentialAction\":[{\"@type\":\"ReadAction\",\"target\":[\"https:\\\/\\\/naturalpoland.com\\\/ko\\\/je-pum\\\/sig-pum-won-ryo\\\/saeng-san-yong-won-ryo\\\/%ea%b1%b4%ec%a1%b0-%eb%b8%94%eb%9e%99%eb%b2%a0%eb%a6%ac-%ec%97%b4%eb%a7%a4\\\/\"]}]},{\"@type\":\"ImageObject\",\"inLanguage\":\"ko-KR\",\"@id\":\"https:\\\/\\\/naturalpoland.com\\\/ko\\\/je-pum\\\/sig-pum-won-ryo\\\/saeng-san-yong-won-ryo\\\/%ea%b1%b4%ec%a1%b0-%eb%b8%94%eb%9e%99%eb%b2%a0%eb%a6%ac-%ec%97%b4%eb%a7%a4\\\/#primaryimage\",\"url\":\"https:\\\/\\\/naturalpoland.com\\\/wp-content\\\/uploads\\\/2021\\\/05\\\/dried-blackberries-fruit.jpg\",\"contentUrl\":\"https:\\\/\\\/naturalpoland.com\\\/wp-content\\\/uploads\\\/2021\\\/05\\\/dried-blackberries-fruit.jpg\",\"width\":1920,\"height\":1280,\"caption\":\"\uac74\uc870 \ube14\ub799\ubca0\ub9ac \uc5f4\ub9e4\"},{\"@type\":\"BreadcrumbList\",\"@id\":\"https:\\\/\\\/naturalpoland.com\\\/ko\\\/je-pum\\\/sig-pum-won-ryo\\\/saeng-san-yong-won-ryo\\\/%ea%b1%b4%ec%a1%b0-%eb%b8%94%eb%9e%99%eb%b2%a0%eb%a6%ac-%ec%97%b4%eb%a7%a4\\\/#breadcrumb\",\"itemListElement\":[{\"@type\":\"ListItem\",\"position\":1,\"name\":\"\ud648\",\"item\":\"https:\\\/\\\/naturalpoland.com\\\/ko\\\/\"},{\"@type\":\"ListItem\",\"position\":2,\"name\":\"\uc81c\ud488\",\"item\":\"https:\\\/\\\/naturalpoland.com\\\/ko\\\/%ec%a0%9c%ed%92%88\\\/\"},{\"@type\":\"ListItem\",\"position\":3,\"name\":\"\uac74\uc870 \ube14\ub799\ubca0\ub9ac \uc5f4\ub9e4\"}]},{\"@type\":\"WebSite\",\"@id\":\"https:\\\/\\\/naturalpoland.com\\\/ko\\\/#website\",\"url\":\"https:\\\/\\\/naturalpoland.com\\\/ko\\\/\",\"name\":\"NATURAL POLAND - Hurtowy Dystrybutor Surowc\u00f3w\",\"description\":\"Surowce dla przemys\u0142u spo\u017cywczego, kosmetycznego i farmaceutycznego\",\"publisher\":{\"@id\":\"https:\\\/\\\/naturalpoland.com\\\/ko\\\/#organization\"},\"potentialAction\":[{\"@type\":\"SearchAction\",\"target\":{\"@type\":\"EntryPoint\",\"urlTemplate\":\"https:\\\/\\\/naturalpoland.com\\\/ko\\\/?s={search_term_string}\"},\"query-input\":{\"@type\":\"PropertyValueSpecification\",\"valueRequired\":true,\"valueName\":\"search_term_string\"}}],\"inLanguage\":\"ko-KR\"},{\"@type\":\"Organization\",\"@id\":\"https:\\\/\\\/naturalpoland.com\\\/ko\\\/#organization\",\"name\":\"Natural Poland\",\"url\":\"https:\\\/\\\/naturalpoland.com\\\/ko\\\/\",\"logo\":{\"@type\":\"ImageObject\",\"inLanguage\":\"ko-KR\",\"@id\":\"https:\\\/\\\/naturalpoland.com\\\/ko\\\/#\\\/schema\\\/logo\\\/image\\\/\",\"url\":\"https:\\\/\\\/naturalpoland.com\\\/wp-content\\\/uploads\\\/2021\\\/05\\\/natural-poland-icon.png\",\"contentUrl\":\"https:\\\/\\\/naturalpoland.com\\\/wp-content\\\/uploads\\\/2021\\\/05\\\/natural-poland-icon.png\",\"width\":512,\"height\":512,\"caption\":\"Natural Poland\"},\"image\":{\"@id\":\"https:\\\/\\\/naturalpoland.com\\\/ko\\\/#\\\/schema\\\/logo\\\/image\\\/\"},\"sameAs\":[\"https:\\\/\\\/www.facebook.com\\\/naturalpoland.b2b\",\"https:\\\/\\\/pl.linkedin.com\\\/company\\\/natural-poland\",\"https:\\\/\\\/www.youtube.com\\\/channel\\\/UCgeGGkvOMahZo-xu_MSEWxg\"]}]}<\/script>\n<!-- \/ Yoast SEO plugin. -->","yoast_head_json":{"title":"\uac74\uc870 \ube14\ub799\ubca0\ub9ac \uc5f4\ub9e4 - Hurtowy Dystrybutor","robots":{"index":"index","follow":"follow","max-snippet":"max-snippet:-1","max-image-preview":"max-image-preview:large","max-video-preview":"max-video-preview:-1"},"canonical":"https:\/\/naturalpoland.com\/ko\/je-pum\/sig-pum-won-ryo\/saeng-san-yong-won-ryo\/%ea%b1%b4%ec%a1%b0-%eb%b8%94%eb%9e%99%eb%b2%a0%eb%a6%ac-%ec%97%b4%eb%a7%a4\/","og_locale":"ko_KR","og_type":"article","og_title":"\uac74\uc870 \ube14\ub799\ubca0\ub9ac \uc5f4\ub9e4 - Hurtowy Dystrybutor","og_description":"\uac74\uc870 \ube14\ub799\ubca0\ub9ac \uc5f4\ub9e4\ub294 \ucc28\uc640 \ud5c8\ube0c\ud2f0\uc758 \ud6cc\ub96d\ud55c \ubca0\uc774\uc2a4\uc785\ub2c8\ub2e4. \ub69c\ub837\ud55c \ud5a5\uacfc \uc740\uc740\ud55c \ub5ab\uc740\ub9db\uc774 \ud2b9\uc9d5\uc785\ub2c8\ub2e4. \ube14\ub799\ubca0\ub9ac\ub294 \uc548\ud1a0\uc2dc\uc544\ub2cc\uacfc \ud0c4\ub2cc \ud568\ub7c9\uc774 \ub192\uc2b5\ub2c8\ub2e4. \ud56d\uc5fc\uc99d \ubc0f \ud56d\uade0 \uc791\uc6a9\uc744 \ud558\uba70, \ud638\ud761\uae30 \uc9c8\ud658\uc5d0\ub294 \uac70\ub2f4\uc81c\ub85c, \uc774\ub1e8\uc81c\ub85c\ub3c4 \uc791\uc6a9\ud569\ub2c8\ub2e4.","og_url":"https:\/\/naturalpoland.com\/ko\/je-pum\/sig-pum-won-ryo\/saeng-san-yong-won-ryo\/%ea%b1%b4%ec%a1%b0-%eb%b8%94%eb%9e%99%eb%b2%a0%eb%a6%ac-%ec%97%b4%eb%a7%a4\/","og_site_name":"NATURAL POLAND - Hurtowy Dystrybutor Surowc\u00f3w","article_publisher":"https:\/\/www.facebook.com\/naturalpoland.b2b","article_modified_time":"2026-02-27T14:33:54+00:00","og_image":[{"width":1920,"height":1280,"url":"https:\/\/naturalpoland.com\/wp-content\/uploads\/2021\/05\/dried-blackberries-fruit.jpg","type":"image\/jpeg"}],"schema":{"@context":"https:\/\/schema.org","@graph":[{"@type":"WebPage","@id":"https:\/\/naturalpoland.com\/ko\/je-pum\/sig-pum-won-ryo\/saeng-san-yong-won-ryo\/%ea%b1%b4%ec%a1%b0-%eb%b8%94%eb%9e%99%eb%b2%a0%eb%a6%ac-%ec%97%b4%eb%a7%a4\/","url":"https:\/\/naturalpoland.com\/ko\/je-pum\/sig-pum-won-ryo\/saeng-san-yong-won-ryo\/%ea%b1%b4%ec%a1%b0-%eb%b8%94%eb%9e%99%eb%b2%a0%eb%a6%ac-%ec%97%b4%eb%a7%a4\/","name":"\uac74\uc870 \ube14\ub799\ubca0\ub9ac \uc5f4\ub9e4 - Hurtowy Dystrybutor","isPartOf":{"@id":"https:\/\/naturalpoland.com\/ko\/#website"},"primaryImageOfPage":{"@id":"https:\/\/naturalpoland.com\/ko\/je-pum\/sig-pum-won-ryo\/saeng-san-yong-won-ryo\/%ea%b1%b4%ec%a1%b0-%eb%b8%94%eb%9e%99%eb%b2%a0%eb%a6%ac-%ec%97%b4%eb%a7%a4\/#primaryimage"},"image":{"@id":"https:\/\/naturalpoland.com\/ko\/je-pum\/sig-pum-won-ryo\/saeng-san-yong-won-ryo\/%ea%b1%b4%ec%a1%b0-%eb%b8%94%eb%9e%99%eb%b2%a0%eb%a6%ac-%ec%97%b4%eb%a7%a4\/#primaryimage"},"thumbnailUrl":"https:\/\/naturalpoland.com\/wp-content\/uploads\/2021\/05\/dried-blackberries-fruit.jpg","datePublished":"2021-05-11T11:57:00+00:00","dateModified":"2026-02-27T14:33:54+00:00","breadcrumb":{"@id":"https:\/\/naturalpoland.com\/ko\/je-pum\/sig-pum-won-ryo\/saeng-san-yong-won-ryo\/%ea%b1%b4%ec%a1%b0-%eb%b8%94%eb%9e%99%eb%b2%a0%eb%a6%ac-%ec%97%b4%eb%a7%a4\/#breadcrumb"},"inLanguage":"ko-KR","potentialAction":[{"@type":"ReadAction","target":["https:\/\/naturalpoland.com\/ko\/je-pum\/sig-pum-won-ryo\/saeng-san-yong-won-ryo\/%ea%b1%b4%ec%a1%b0-%eb%b8%94%eb%9e%99%eb%b2%a0%eb%a6%ac-%ec%97%b4%eb%a7%a4\/"]}]},{"@type":"ImageObject","inLanguage":"ko-KR","@id":"https:\/\/naturalpoland.com\/ko\/je-pum\/sig-pum-won-ryo\/saeng-san-yong-won-ryo\/%ea%b1%b4%ec%a1%b0-%eb%b8%94%eb%9e%99%eb%b2%a0%eb%a6%ac-%ec%97%b4%eb%a7%a4\/#primaryimage","url":"https:\/\/naturalpoland.com\/wp-content\/uploads\/2021\/05\/dried-blackberries-fruit.jpg","contentUrl":"https:\/\/naturalpoland.com\/wp-content\/uploads\/2021\/05\/dried-blackberries-fruit.jpg","width":1920,"height":1280,"caption":"\uac74\uc870 \ube14\ub799\ubca0\ub9ac \uc5f4\ub9e4"},{"@type":"BreadcrumbList","@id":"https:\/\/naturalpoland.com\/ko\/je-pum\/sig-pum-won-ryo\/saeng-san-yong-won-ryo\/%ea%b1%b4%ec%a1%b0-%eb%b8%94%eb%9e%99%eb%b2%a0%eb%a6%ac-%ec%97%b4%eb%a7%a4\/#breadcrumb","itemListElement":[{"@type":"ListItem","position":1,"name":"\ud648","item":"https:\/\/naturalpoland.com\/ko\/"},{"@type":"ListItem","position":2,"name":"\uc81c\ud488","item":"https:\/\/naturalpoland.com\/ko\/%ec%a0%9c%ed%92%88\/"},{"@type":"ListItem","position":3,"name":"\uac74\uc870 \ube14\ub799\ubca0\ub9ac \uc5f4\ub9e4"}]},{"@type":"WebSite","@id":"https:\/\/naturalpoland.com\/ko\/#website","url":"https:\/\/naturalpoland.com\/ko\/","name":"NATURAL POLAND - Hurtowy Dystrybutor Surowc\u00f3w","description":"Surowce dla przemys\u0142u spo\u017cywczego, kosmetycznego i farmaceutycznego","publisher":{"@id":"https:\/\/naturalpoland.com\/ko\/#organization"},"potentialAction":[{"@type":"SearchAction","target":{"@type":"EntryPoint","urlTemplate":"https:\/\/naturalpoland.com\/ko\/?s={search_term_string}"},"query-input":{"@type":"PropertyValueSpecification","valueRequired":true,"valueName":"search_term_string"}}],"inLanguage":"ko-KR"},{"@type":"Organization","@id":"https:\/\/naturalpoland.com\/ko\/#organization","name":"Natural Poland","url":"https:\/\/naturalpoland.com\/ko\/","logo":{"@type":"ImageObject","inLanguage":"ko-KR","@id":"https:\/\/naturalpoland.com\/ko\/#\/schema\/logo\/image\/","url":"https:\/\/naturalpoland.com\/wp-content\/uploads\/2021\/05\/natural-poland-icon.png","contentUrl":"https:\/\/naturalpoland.com\/wp-content\/uploads\/2021\/05\/natural-poland-icon.png","width":512,"height":512,"caption":"Natural Poland"},"image":{"@id":"https:\/\/naturalpoland.com\/ko\/#\/schema\/logo\/image\/"},"sameAs":["https:\/\/www.facebook.com\/naturalpoland.b2b","https:\/\/pl.linkedin.com\/company\/natural-poland","https:\/\/www.youtube.com\/channel\/UCgeGGkvOMahZo-xu_MSEWxg"]}]}},"_links":{"self":[{"href":"https:\/\/naturalpoland.com\/ko\/wp-json\/wp\/v2\/product\/46330","targetHints":{"allow":["GET"]}}],"collection":[{"href":"https:\/\/naturalpoland.com\/ko\/wp-json\/wp\/v2\/product"}],"about":[{"href":"https:\/\/naturalpoland.com\/ko\/wp-json\/wp\/v2\/types\/product"}],"wp:featuredmedia":[{"embeddable":true,"href":"https:\/\/naturalpoland.com\/ko\/wp-json\/wp\/v2\/media\/46331"}],"wp:attachment":[{"href":"https:\/\/naturalpoland.com\/ko\/wp-json\/wp\/v2\/media?parent=46330"}],"wp:term":[{"taxonomy":"product_brand","embeddable":true,"href":"https:\/\/naturalpoland.com\/ko\/wp-json\/wp\/v2\/product_brand?post=46330"},{"taxonomy":"product_cat","embeddable":true,"href":"https:\/\/naturalpoland.com\/ko\/wp-json\/wp\/v2\/product_cat?post=46330"},{"taxonomy":"product_tag","embeddable":true,"href":"https:\/\/naturalpoland.com\/ko\/wp-json\/wp\/v2\/product_tag?post=46330"}],"curies":[{"name":"wp","href":"https:\/\/api.w.org\/{rel}","templated":true}]}}