{"id":46442,"date":"2024-07-16T15:29:39","date_gmt":"2024-07-16T13:29:39","guid":{"rendered":"https:\/\/naturalpoland.com\/produkty\/uncategorized\/%ec%b2%b4%eb%a6%ac-%ed%95%98%ec%9d%b4%eb%93%9c%eb%a1%9c%ec%a1%b8\/"},"modified":"2026-03-03T15:49:43","modified_gmt":"2026-03-03T14:49:43","slug":"%ec%b2%b4%eb%a6%ac-%ed%95%98%ec%9d%b4%eb%93%9c%eb%a1%9c%ec%a1%b8","status":"publish","type":"product","link":"https:\/\/naturalpoland.com\/ko\/je-pum\/hwa-jang-pum-won-ryo\/ha-i-deu-ro-sol\/%ec%b2%b4%eb%a6%ac-%ed%95%98%ec%9d%b4%eb%93%9c%eb%a1%9c%ec%a1%b8\/","title":{"rendered":"\uccb4\ub9ac \ud558\uc774\ub4dc\ub85c\uc878"},"content":{"rendered":"<h2>\ud2b9\uc131:<\/h2>\n<p>\uccb4\ub9ac \ud558\uc774\ub4dc\ub85c\uc878\uc740 \ube44\ud0c0\ubbfc, \ubbf8\ub124\ub784, \ud56d\uc0b0\ud654 \ubb3c\uc9c8\uc774 \ud48d\ubd80\ud558\uc5ec \ud53c\ubd80\uc5d0 \uae4a\uc740 \ubcf4\uc2b5\uacfc \uc601\uc591\uc744 \uacf5\uae09\ud558\ub294 \ub370 \ub3c4\uc6c0\uc744 \uc90d\ub2c8\ub2e4.<\/p>\n<p>\ub192\uc740 \ud56d\uc0b0\ud654 \uc131\ubd84 \ud568\ub7c9 \ub355\ubd84\uc5d0 \uccb4\ub9ac \ud558\uc774\ub4dc\ub85c\uc878\uc740 \ud53c\ubd80 \ub178\ud654 \uacfc\uc815\uc744 \uac00\uc18d\ud654\ud558\ub294 \ud65c\uc131 \uc0b0\uc18c\ub97c \ud6a8\uacfc\uc801\uc73c\ub85c \uc911\ud654\ud569\ub2c8\ub2e4.<\/p>\n<p>\uccb4\ub9ac \ud558\uc774\ub4dc\ub85c\uc878\uc740 \ub610\ud55c \uc9c4\uc815 \ud6a8\uacfc\uac00 \uc788\uc5b4 \uc790\uadf9\uacfc \ubd89\uc740\uae30\ub97c \uc904\uc774\ub294 \ub370 \ub3c4\uc6c0\uc744 \uc90d\ub2c8\ub2e4. \ud53c\ubd80\uc758 \uc790\uc5f0 \ubcf4\ud638\ub9c9\uc744 \uac15\ud654\ud558\uc5ec \uc720\ud574\ud55c \uc678\ubd80 \uc694\uc778\uc73c\ub85c\ubd80\ud130 \ud53c\ubd80\ub97c \ubcf4\ud638\ud569\ub2c8\ub2e4. <\/p>\n<h2>\uc801\uc6a9 \ubd84\uc57c:<\/h2>\n<ol>\n<li>\uc2a4\ud0a8\ucf00\uc5b4 \uc81c\ud488: \ud398\uc774\uc15c \ud1a0\ub108, \ubc14\ub514 \ubbf8\uc2a4\ud2b8<\/li>\n<li>\uac74\uc131, \ubbfc\uac10\uc131, \uc131\uc219\ud55c \ud53c\ubd80\uc6a9 \ud06c\ub9bc \ubc0f \ub85c\uc158 \uc131\ubd84\uc73c\ub85c<\/li>\n<li>\uc0f4\ud478 \ubc0f \ud5e4\uc5b4 \ucee8\ub514\uc154\ub108<\/li>\n<li>\ubaa9\uc695 \uc81c\ud488<\/li>\n<\/ol>\n","protected":false},"excerpt":{"rendered":"<p>\uccb4\ub9ac \ud558\uc774\ub4dc\ub85c\uc878\uc740 \uccb4\ub9ac(<em>Prunus cerasus<\/em>) \uc5f4\ub9e4\ub97c \uc99d\uae30 \uc99d\ub958\ud558\uc5ec \uc5bb\uc740 \ucc9c\uc5f0 \uc2dd\ubb3c\uc131 \ubb3c\uc785\ub2c8\ub2e4. \uac15\ub825\ud55c \ubcf4\uc2b5 \ubc0f \uc601\uc591 \ud2b9\uc131\uc73c\ub85c \uc798 \uc54c\ub824\uc838 \uc788\uc2b5\ub2c8\ub2e4. \uc740\uc740\ud55c \uacfc\uc77c \ud5a5\uc774 \ub0a9\ub2c8\ub2e4.  <\/p>\n","protected":false},"featured_media":46443,"template":"","meta":{"_acf_changed":false},"product_brand":[],"product_cat":[8150],"product_tag":[],"class_list":{"0":"post-46442","1":"product","2":"type-product","3":"status-publish","4":"has-post-thumbnail","6":"product_cat-ha-i-deu-ro-sol","8":"first","9":"instock","10":"shipping-taxable","11":"product-type-simple"},"acf":[],"yoast_head":"<!-- This site is optimized with the Yoast SEO plugin v27.4 - https:\/\/yoast.com\/product\/yoast-seo-wordpress\/ -->\n<title>NATURAL POLAND &#8211; Hurtowy Dystrybutor Surowc\u00f3w<\/title>\n<meta name=\"description\" content=\"\uccb4\ub9ac \ud558\uc774\ub4dc\ub85c\uc878\uc740 \ud53c\ubd80 \ub178\ud654 \ubc29\uc9c0 \ub2a5\ub825\uc73c\ub85c \ub192\uc774 \ud3c9\uac00\ubc1b\uc2b5\ub2c8\ub2e4. \uc740\uc740\ud55c \uacfc\uc77c \ud5a5\uacfc \ud48d\ubd80\ud55c \uc601\uc591 \uc131\ubd84\uc744 \ud568\uc720\ud558\uace0 \uc788\uc2b5\ub2c8\ub2e4.\" \/>\n<meta name=\"robots\" content=\"index, follow, max-snippet:-1, max-image-preview:large, max-video-preview:-1\" \/>\n<link rel=\"canonical\" href=\"https:\/\/naturalpoland.com\/ko\/je-pum\/hwa-jang-pum-won-ryo\/ha-i-deu-ro-sol\/%ec%b2%b4%eb%a6%ac-%ed%95%98%ec%9d%b4%eb%93%9c%eb%a1%9c%ec%a1%b8\/\" \/>\n<meta property=\"og:locale\" content=\"ko_KR\" \/>\n<meta property=\"og:type\" content=\"article\" \/>\n<meta property=\"og:description\" content=\"\uccb4\ub9ac \ud558\uc774\ub4dc\ub85c\uc878\uc740 \ud53c\ubd80 \ub178\ud654 \ubc29\uc9c0 \ub2a5\ub825\uc73c\ub85c \ub192\uc774 \ud3c9\uac00\ubc1b\uc2b5\ub2c8\ub2e4. \uc740\uc740\ud55c \uacfc\uc77c \ud5a5\uacfc \ud48d\ubd80\ud55c \uc601\uc591 \uc131\ubd84\uc744 \ud568\uc720\ud558\uace0 \uc788\uc2b5\ub2c8\ub2e4.\" \/>\n<meta property=\"og:url\" content=\"https:\/\/naturalpoland.com\/ko\/je-pum\/hwa-jang-pum-won-ryo\/ha-i-deu-ro-sol\/%ec%b2%b4%eb%a6%ac-%ed%95%98%ec%9d%b4%eb%93%9c%eb%a1%9c%ec%a1%b8\/\" \/>\n<meta property=\"og:site_name\" content=\"NATURAL POLAND - Hurtowy Dystrybutor Surowc\u00f3w\" \/>\n<meta property=\"article:publisher\" content=\"https:\/\/www.facebook.com\/naturalpoland.b2b\" \/>\n<meta property=\"article:modified_time\" content=\"2026-03-03T14:49:43+00:00\" \/>\n<meta property=\"og:image\" content=\"https:\/\/naturalpoland.com\/wp-content\/uploads\/hydrolat-wisniowy.webp\" \/>\n\t<meta property=\"og:image:width\" content=\"608\" \/>\n\t<meta property=\"og:image:height\" content=\"608\" \/>\n\t<meta property=\"og:image:type\" content=\"image\/webp\" \/>\n<script type=\"application\/ld+json\" class=\"yoast-schema-graph\">{\"@context\":\"https:\\\/\\\/schema.org\",\"@graph\":[{\"@type\":\"WebPage\",\"@id\":\"https:\\\/\\\/naturalpoland.com\\\/ko\\\/je-pum\\\/hwa-jang-pum-won-ryo\\\/ha-i-deu-ro-sol\\\/%ec%b2%b4%eb%a6%ac-%ed%95%98%ec%9d%b4%eb%93%9c%eb%a1%9c%ec%a1%b8\\\/\",\"url\":\"https:\\\/\\\/naturalpoland.com\\\/ko\\\/je-pum\\\/hwa-jang-pum-won-ryo\\\/ha-i-deu-ro-sol\\\/%ec%b2%b4%eb%a6%ac-%ed%95%98%ec%9d%b4%eb%93%9c%eb%a1%9c%ec%a1%b8\\\/\",\"name\":\"\",\"isPartOf\":{\"@id\":\"https:\\\/\\\/naturalpoland.com\\\/ko\\\/#website\"},\"primaryImageOfPage\":{\"@id\":\"https:\\\/\\\/naturalpoland.com\\\/ko\\\/je-pum\\\/hwa-jang-pum-won-ryo\\\/ha-i-deu-ro-sol\\\/%ec%b2%b4%eb%a6%ac-%ed%95%98%ec%9d%b4%eb%93%9c%eb%a1%9c%ec%a1%b8\\\/#primaryimage\"},\"image\":{\"@id\":\"https:\\\/\\\/naturalpoland.com\\\/ko\\\/je-pum\\\/hwa-jang-pum-won-ryo\\\/ha-i-deu-ro-sol\\\/%ec%b2%b4%eb%a6%ac-%ed%95%98%ec%9d%b4%eb%93%9c%eb%a1%9c%ec%a1%b8\\\/#primaryimage\"},\"thumbnailUrl\":\"https:\\\/\\\/naturalpoland.com\\\/wp-content\\\/uploads\\\/hydrolat-wisniowy.webp\",\"datePublished\":\"2024-07-16T13:29:39+00:00\",\"dateModified\":\"2026-03-03T14:49:43+00:00\",\"description\":\"\uccb4\ub9ac \ud558\uc774\ub4dc\ub85c\uc878\uc740 \ud53c\ubd80 \ub178\ud654 \ubc29\uc9c0 \ub2a5\ub825\uc73c\ub85c \ub192\uc774 \ud3c9\uac00\ubc1b\uc2b5\ub2c8\ub2e4. \uc740\uc740\ud55c \uacfc\uc77c \ud5a5\uacfc \ud48d\ubd80\ud55c \uc601\uc591 \uc131\ubd84\uc744 \ud568\uc720\ud558\uace0 \uc788\uc2b5\ub2c8\ub2e4.\",\"breadcrumb\":{\"@id\":\"https:\\\/\\\/naturalpoland.com\\\/ko\\\/je-pum\\\/hwa-jang-pum-won-ryo\\\/ha-i-deu-ro-sol\\\/%ec%b2%b4%eb%a6%ac-%ed%95%98%ec%9d%b4%eb%93%9c%eb%a1%9c%ec%a1%b8\\\/#breadcrumb\"},\"inLanguage\":\"ko-KR\",\"potentialAction\":[{\"@type\":\"ReadAction\",\"target\":[\"https:\\\/\\\/naturalpoland.com\\\/ko\\\/je-pum\\\/hwa-jang-pum-won-ryo\\\/ha-i-deu-ro-sol\\\/%ec%b2%b4%eb%a6%ac-%ed%95%98%ec%9d%b4%eb%93%9c%eb%a1%9c%ec%a1%b8\\\/\"]}]},{\"@type\":\"ImageObject\",\"inLanguage\":\"ko-KR\",\"@id\":\"https:\\\/\\\/naturalpoland.com\\\/ko\\\/je-pum\\\/hwa-jang-pum-won-ryo\\\/ha-i-deu-ro-sol\\\/%ec%b2%b4%eb%a6%ac-%ed%95%98%ec%9d%b4%eb%93%9c%eb%a1%9c%ec%a1%b8\\\/#primaryimage\",\"url\":\"https:\\\/\\\/naturalpoland.com\\\/wp-content\\\/uploads\\\/hydrolat-wisniowy.webp\",\"contentUrl\":\"https:\\\/\\\/naturalpoland.com\\\/wp-content\\\/uploads\\\/hydrolat-wisniowy.webp\",\"width\":608,\"height\":608,\"caption\":\"\uccb4\ub9ac \ud558\uc774\ub4dc\ub85c\uc878\"},{\"@type\":\"BreadcrumbList\",\"@id\":\"https:\\\/\\\/naturalpoland.com\\\/ko\\\/je-pum\\\/hwa-jang-pum-won-ryo\\\/ha-i-deu-ro-sol\\\/%ec%b2%b4%eb%a6%ac-%ed%95%98%ec%9d%b4%eb%93%9c%eb%a1%9c%ec%a1%b8\\\/#breadcrumb\",\"itemListElement\":[{\"@type\":\"ListItem\",\"position\":1,\"name\":\"\ud648\",\"item\":\"https:\\\/\\\/naturalpoland.com\\\/ko\\\/\"},{\"@type\":\"ListItem\",\"position\":2,\"name\":\"\uc81c\ud488\",\"item\":\"https:\\\/\\\/naturalpoland.com\\\/ko\\\/%ec%a0%9c%ed%92%88\\\/\"},{\"@type\":\"ListItem\",\"position\":3,\"name\":\"\uccb4\ub9ac \ud558\uc774\ub4dc\ub85c\uc878\"}]},{\"@type\":\"WebSite\",\"@id\":\"https:\\\/\\\/naturalpoland.com\\\/ko\\\/#website\",\"url\":\"https:\\\/\\\/naturalpoland.com\\\/ko\\\/\",\"name\":\"NATURAL POLAND - Hurtowy Dystrybutor Surowc\u00f3w\",\"description\":\"Surowce dla przemys\u0142u spo\u017cywczego, kosmetycznego i farmaceutycznego\",\"publisher\":{\"@id\":\"https:\\\/\\\/naturalpoland.com\\\/ko\\\/#organization\"},\"potentialAction\":[{\"@type\":\"SearchAction\",\"target\":{\"@type\":\"EntryPoint\",\"urlTemplate\":\"https:\\\/\\\/naturalpoland.com\\\/ko\\\/?s={search_term_string}\"},\"query-input\":{\"@type\":\"PropertyValueSpecification\",\"valueRequired\":true,\"valueName\":\"search_term_string\"}}],\"inLanguage\":\"ko-KR\"},{\"@type\":\"Organization\",\"@id\":\"https:\\\/\\\/naturalpoland.com\\\/ko\\\/#organization\",\"name\":\"Natural Poland\",\"url\":\"https:\\\/\\\/naturalpoland.com\\\/ko\\\/\",\"logo\":{\"@type\":\"ImageObject\",\"inLanguage\":\"ko-KR\",\"@id\":\"https:\\\/\\\/naturalpoland.com\\\/ko\\\/#\\\/schema\\\/logo\\\/image\\\/\",\"url\":\"https:\\\/\\\/naturalpoland.com\\\/wp-content\\\/uploads\\\/2021\\\/05\\\/natural-poland-icon.png\",\"contentUrl\":\"https:\\\/\\\/naturalpoland.com\\\/wp-content\\\/uploads\\\/2021\\\/05\\\/natural-poland-icon.png\",\"width\":512,\"height\":512,\"caption\":\"Natural Poland\"},\"image\":{\"@id\":\"https:\\\/\\\/naturalpoland.com\\\/ko\\\/#\\\/schema\\\/logo\\\/image\\\/\"},\"sameAs\":[\"https:\\\/\\\/www.facebook.com\\\/naturalpoland.b2b\",\"https:\\\/\\\/pl.linkedin.com\\\/company\\\/natural-poland\",\"https:\\\/\\\/www.youtube.com\\\/channel\\\/UCgeGGkvOMahZo-xu_MSEWxg\"]}]}<\/script>\n<!-- \/ Yoast SEO plugin. -->","yoast_head_json":{"title":"NATURAL POLAND &#8211; Hurtowy Dystrybutor Surowc\u00f3w","description":"\uccb4\ub9ac \ud558\uc774\ub4dc\ub85c\uc878\uc740 \ud53c\ubd80 \ub178\ud654 \ubc29\uc9c0 \ub2a5\ub825\uc73c\ub85c \ub192\uc774 \ud3c9\uac00\ubc1b\uc2b5\ub2c8\ub2e4. \uc740\uc740\ud55c \uacfc\uc77c \ud5a5\uacfc \ud48d\ubd80\ud55c \uc601\uc591 \uc131\ubd84\uc744 \ud568\uc720\ud558\uace0 \uc788\uc2b5\ub2c8\ub2e4.","robots":{"index":"index","follow":"follow","max-snippet":"max-snippet:-1","max-image-preview":"max-image-preview:large","max-video-preview":"max-video-preview:-1"},"canonical":"https:\/\/naturalpoland.com\/ko\/je-pum\/hwa-jang-pum-won-ryo\/ha-i-deu-ro-sol\/%ec%b2%b4%eb%a6%ac-%ed%95%98%ec%9d%b4%eb%93%9c%eb%a1%9c%ec%a1%b8\/","og_locale":"ko_KR","og_type":"article","og_description":"\uccb4\ub9ac \ud558\uc774\ub4dc\ub85c\uc878\uc740 \ud53c\ubd80 \ub178\ud654 \ubc29\uc9c0 \ub2a5\ub825\uc73c\ub85c \ub192\uc774 \ud3c9\uac00\ubc1b\uc2b5\ub2c8\ub2e4. \uc740\uc740\ud55c \uacfc\uc77c \ud5a5\uacfc \ud48d\ubd80\ud55c \uc601\uc591 \uc131\ubd84\uc744 \ud568\uc720\ud558\uace0 \uc788\uc2b5\ub2c8\ub2e4.","og_url":"https:\/\/naturalpoland.com\/ko\/je-pum\/hwa-jang-pum-won-ryo\/ha-i-deu-ro-sol\/%ec%b2%b4%eb%a6%ac-%ed%95%98%ec%9d%b4%eb%93%9c%eb%a1%9c%ec%a1%b8\/","og_site_name":"NATURAL POLAND - Hurtowy Dystrybutor Surowc\u00f3w","article_publisher":"https:\/\/www.facebook.com\/naturalpoland.b2b","article_modified_time":"2026-03-03T14:49:43+00:00","og_image":[{"width":608,"height":608,"url":"https:\/\/naturalpoland.com\/wp-content\/uploads\/hydrolat-wisniowy.webp","type":"image\/webp"}],"schema":{"@context":"https:\/\/schema.org","@graph":[{"@type":"WebPage","@id":"https:\/\/naturalpoland.com\/ko\/je-pum\/hwa-jang-pum-won-ryo\/ha-i-deu-ro-sol\/%ec%b2%b4%eb%a6%ac-%ed%95%98%ec%9d%b4%eb%93%9c%eb%a1%9c%ec%a1%b8\/","url":"https:\/\/naturalpoland.com\/ko\/je-pum\/hwa-jang-pum-won-ryo\/ha-i-deu-ro-sol\/%ec%b2%b4%eb%a6%ac-%ed%95%98%ec%9d%b4%eb%93%9c%eb%a1%9c%ec%a1%b8\/","name":"","isPartOf":{"@id":"https:\/\/naturalpoland.com\/ko\/#website"},"primaryImageOfPage":{"@id":"https:\/\/naturalpoland.com\/ko\/je-pum\/hwa-jang-pum-won-ryo\/ha-i-deu-ro-sol\/%ec%b2%b4%eb%a6%ac-%ed%95%98%ec%9d%b4%eb%93%9c%eb%a1%9c%ec%a1%b8\/#primaryimage"},"image":{"@id":"https:\/\/naturalpoland.com\/ko\/je-pum\/hwa-jang-pum-won-ryo\/ha-i-deu-ro-sol\/%ec%b2%b4%eb%a6%ac-%ed%95%98%ec%9d%b4%eb%93%9c%eb%a1%9c%ec%a1%b8\/#primaryimage"},"thumbnailUrl":"https:\/\/naturalpoland.com\/wp-content\/uploads\/hydrolat-wisniowy.webp","datePublished":"2024-07-16T13:29:39+00:00","dateModified":"2026-03-03T14:49:43+00:00","description":"\uccb4\ub9ac \ud558\uc774\ub4dc\ub85c\uc878\uc740 \ud53c\ubd80 \ub178\ud654 \ubc29\uc9c0 \ub2a5\ub825\uc73c\ub85c \ub192\uc774 \ud3c9\uac00\ubc1b\uc2b5\ub2c8\ub2e4. \uc740\uc740\ud55c \uacfc\uc77c \ud5a5\uacfc \ud48d\ubd80\ud55c \uc601\uc591 \uc131\ubd84\uc744 \ud568\uc720\ud558\uace0 \uc788\uc2b5\ub2c8\ub2e4.","breadcrumb":{"@id":"https:\/\/naturalpoland.com\/ko\/je-pum\/hwa-jang-pum-won-ryo\/ha-i-deu-ro-sol\/%ec%b2%b4%eb%a6%ac-%ed%95%98%ec%9d%b4%eb%93%9c%eb%a1%9c%ec%a1%b8\/#breadcrumb"},"inLanguage":"ko-KR","potentialAction":[{"@type":"ReadAction","target":["https:\/\/naturalpoland.com\/ko\/je-pum\/hwa-jang-pum-won-ryo\/ha-i-deu-ro-sol\/%ec%b2%b4%eb%a6%ac-%ed%95%98%ec%9d%b4%eb%93%9c%eb%a1%9c%ec%a1%b8\/"]}]},{"@type":"ImageObject","inLanguage":"ko-KR","@id":"https:\/\/naturalpoland.com\/ko\/je-pum\/hwa-jang-pum-won-ryo\/ha-i-deu-ro-sol\/%ec%b2%b4%eb%a6%ac-%ed%95%98%ec%9d%b4%eb%93%9c%eb%a1%9c%ec%a1%b8\/#primaryimage","url":"https:\/\/naturalpoland.com\/wp-content\/uploads\/hydrolat-wisniowy.webp","contentUrl":"https:\/\/naturalpoland.com\/wp-content\/uploads\/hydrolat-wisniowy.webp","width":608,"height":608,"caption":"\uccb4\ub9ac \ud558\uc774\ub4dc\ub85c\uc878"},{"@type":"BreadcrumbList","@id":"https:\/\/naturalpoland.com\/ko\/je-pum\/hwa-jang-pum-won-ryo\/ha-i-deu-ro-sol\/%ec%b2%b4%eb%a6%ac-%ed%95%98%ec%9d%b4%eb%93%9c%eb%a1%9c%ec%a1%b8\/#breadcrumb","itemListElement":[{"@type":"ListItem","position":1,"name":"\ud648","item":"https:\/\/naturalpoland.com\/ko\/"},{"@type":"ListItem","position":2,"name":"\uc81c\ud488","item":"https:\/\/naturalpoland.com\/ko\/%ec%a0%9c%ed%92%88\/"},{"@type":"ListItem","position":3,"name":"\uccb4\ub9ac \ud558\uc774\ub4dc\ub85c\uc878"}]},{"@type":"WebSite","@id":"https:\/\/naturalpoland.com\/ko\/#website","url":"https:\/\/naturalpoland.com\/ko\/","name":"NATURAL POLAND - Hurtowy Dystrybutor Surowc\u00f3w","description":"Surowce dla przemys\u0142u spo\u017cywczego, kosmetycznego i farmaceutycznego","publisher":{"@id":"https:\/\/naturalpoland.com\/ko\/#organization"},"potentialAction":[{"@type":"SearchAction","target":{"@type":"EntryPoint","urlTemplate":"https:\/\/naturalpoland.com\/ko\/?s={search_term_string}"},"query-input":{"@type":"PropertyValueSpecification","valueRequired":true,"valueName":"search_term_string"}}],"inLanguage":"ko-KR"},{"@type":"Organization","@id":"https:\/\/naturalpoland.com\/ko\/#organization","name":"Natural Poland","url":"https:\/\/naturalpoland.com\/ko\/","logo":{"@type":"ImageObject","inLanguage":"ko-KR","@id":"https:\/\/naturalpoland.com\/ko\/#\/schema\/logo\/image\/","url":"https:\/\/naturalpoland.com\/wp-content\/uploads\/2021\/05\/natural-poland-icon.png","contentUrl":"https:\/\/naturalpoland.com\/wp-content\/uploads\/2021\/05\/natural-poland-icon.png","width":512,"height":512,"caption":"Natural Poland"},"image":{"@id":"https:\/\/naturalpoland.com\/ko\/#\/schema\/logo\/image\/"},"sameAs":["https:\/\/www.facebook.com\/naturalpoland.b2b","https:\/\/pl.linkedin.com\/company\/natural-poland","https:\/\/www.youtube.com\/channel\/UCgeGGkvOMahZo-xu_MSEWxg"]}]}},"_links":{"self":[{"href":"https:\/\/naturalpoland.com\/ko\/wp-json\/wp\/v2\/product\/46442","targetHints":{"allow":["GET"]}}],"collection":[{"href":"https:\/\/naturalpoland.com\/ko\/wp-json\/wp\/v2\/product"}],"about":[{"href":"https:\/\/naturalpoland.com\/ko\/wp-json\/wp\/v2\/types\/product"}],"wp:featuredmedia":[{"embeddable":true,"href":"https:\/\/naturalpoland.com\/ko\/wp-json\/wp\/v2\/media\/46443"}],"wp:attachment":[{"href":"https:\/\/naturalpoland.com\/ko\/wp-json\/wp\/v2\/media?parent=46442"}],"wp:term":[{"taxonomy":"product_brand","embeddable":true,"href":"https:\/\/naturalpoland.com\/ko\/wp-json\/wp\/v2\/product_brand?post=46442"},{"taxonomy":"product_cat","embeddable":true,"href":"https:\/\/naturalpoland.com\/ko\/wp-json\/wp\/v2\/product_cat?post=46442"},{"taxonomy":"product_tag","embeddable":true,"href":"https:\/\/naturalpoland.com\/ko\/wp-json\/wp\/v2\/product_tag?post=46442"}],"curies":[{"name":"wp","href":"https:\/\/api.w.org\/{rel}","templated":true}]}}