{"id":46446,"date":"2024-05-23T14:24:17","date_gmt":"2024-05-23T12:24:17","guid":{"rendered":"https:\/\/naturalpoland.com\/produkty\/uncategorized\/%eb%b0%94%ec%a7%88-%ed%95%98%ec%9d%b4%eb%93%9c%eb%a1%9c%ec%a1%b8\/"},"modified":"2026-03-03T15:50:01","modified_gmt":"2026-03-03T14:50:01","slug":"%eb%b0%94%ec%a7%88-%ed%95%98%ec%9d%b4%eb%93%9c%eb%a1%9c%ec%a1%b8","status":"publish","type":"product","link":"https:\/\/naturalpoland.com\/ko\/je-pum\/hwa-jang-pum-won-ryo\/ha-i-deu-ro-sol\/%eb%b0%94%ec%a7%88-%ed%95%98%ec%9d%b4%eb%93%9c%eb%a1%9c%ec%a1%b8\/","title":{"rendered":"\ubc14\uc9c8 \ud558\uc774\ub4dc\ub85c\uc878"},"content":{"rendered":"<p>\ubc14\uc9c8 \ud558\uc774\ub4dc\ub85c\uc878\uc740 \uc5d0\uc13c\uc15c \uc624\uc77c, \ud56d\uc0b0\ud654\uc81c \ubc0f \ub2e4\uc591\ud55c \ud398\ub180 \ud654\ud569\ubb3c\uacfc \uac19\uc740 \ud48d\ubd80\ud55c \ucc9c\uc5f0 \uc131\ubd84\uc744 \ud568\uc720\ud558\uace0 \uc788\uc5b4 \ud1a0\ub2dd \ubc0f \ubc29\ubd80 \ud6a8\uacfc\uac00 \uc788\uc2b5\ub2c8\ub2e4. \uc720\uc81c\ub180\uacfc \uc2dc\ub124\uc62c\uc744 \ud3ec\ud568\ud55c \ud65c\uc131 \uc131\ubd84\uc740 \ud53c\ubd80 \uad00\ub9ac\uc5d0 \uc911\uc694\ud55c \uc5ed\ud560\uc744 \ud558\uba70 \uc815\ud654\uc640 \uc0c1\ucf8c\ud568\uc744 \uc81c\uacf5\ud569\ub2c8\ub2e4. <\/p>\n<h3>\ubc14\uc9c8 \ud558\uc774\ub4dc\ub85c\uc878\uc758 \ud2b9\uc131:<\/h3>\n<ol>\n<li>\ubc14\uc9c8 \ud558\uc774\ub4dc\ub85c\uc878\uc740 \ud53c\ubd80\ub97c \uae4a\uc774 \uc815\ud654\ud558\ub294 \ub2a5\ub825\uc774 \uc788\uc2b5\ub2c8\ub2e4. \ud56d\uade0 \ubc0f \ud56d\ubc14\uc774\ub7ec\uc2a4 \ud6a8\uacfc\uac00 \uc788\uc2b5\ub2c8\ub2e4. <\/li>\n<li>\ud1a0\ub108\ub85c\uc11c \ubc14\uc9c8 \ud558\uc774\ub4dc\ub85c\uc878\uc740 \ud53c\ubd80\ub97c \uc0c1\ucf8c\ud558\uac8c \ud558\uc5ec \uae68\ub057\ud558\uace0 \uc2e0\uc120\ud55c \ub290\ub08c\uc744 \ub0a8\uae41\ub2c8\ub2e4. \ud558\ub8e8 \uc911 \uc0c1\ucf8c\ud55c \ubbf8\uc2a4\ud2b8\ub85c \uc0ac\uc6a9\ud560 \uc218 \uc788\uc2b5\ub2c8\ub2e4. <\/li>\n<li>\ud56d\uc5fc \ud2b9\uc131 \ub355\ubd84\uc5d0 \uc774 \ud558\uc774\ub4dc\ub85c\uc878\uc740 \uc790\uadf9\uacfc \ubd89\uc5b4\uc9d0\uc744 \uc9c4\uc815\uc2dc\ucf1c \ud53c\ubd80\uc5d0 \uc548\ub3c4\uac10\uc744 \uc8fc\uace0 \uc804\ubc18\uc801\uc778 \uc678\uad00\uc744 \uac1c\uc120\ud569\ub2c8\ub2e4.<\/li>\n<\/ol>\n<h3>\ud654\uc7a5\ud488\uc5d0\uc11c\uc758 \ud65c\uc6a9<\/h3>\n<p>\ubc14\uc9c8 \ud558\uc774\ub4dc\ub85c\uc878\uc740 \ud1a0\ub108, \ub9c8\uc2a4\ud06c, \ud06c\ub9bc \ubc0f \ud5e4\uc5b4 \ucf00\uc5b4 \uc81c\ud488\uc758 \ud3ec\ubbac\ub7ec\uc5d0\uc11c \ucc3e\uc744 \uc218 \uc788\ub294 \ub2e4\uc6a9\ub3c4 \uc131\ubd84\uc785\ub2c8\ub2e4. \uc815\ud654 \ud2b9\uc131 \ub355\ubd84\uc5d0 \uc9c0\uc131, \ubcf5\ud569\uc131 \ubc0f \ubb38\uc81c\uc131 \ud53c\ubd80\ub97c \uc704\ud55c \uc81c\ud488\uc5d0 \uc790\uc8fc \uc0ac\uc6a9\ub429\ub2c8\ub2e4. <\/p>\n","protected":false},"excerpt":{"rendered":"<p>\ubc14\uc9c8 \ud558\uc774\ub4dc\ub85c\uc878\uc740 \ubc14\uc9c8 \uc78e\uc758 \uc218\uc99d\uae30 \uc99d\ub958\ub85c \uc5bb\uc5b4\uc9d1\ub2c8\ub2e4. \uc0c1\ucf8c\ud558\uace0 \uc815\ud654\ud558\ub294 \ud2b9\uc131\uacfc \ud5c8\ube0c\ud5a5\uc758 \uc57d\uac04 \uc2a4\ud30c\uc774\uc2dc\ud55c \ud5a5\uc744 \uac00\uc9c0\uace0 \uc788\uc2b5\ub2c8\ub2e4. <\/p>\n","protected":false},"featured_media":46447,"template":"","meta":{"_acf_changed":false},"product_brand":[],"product_cat":[8150],"product_tag":[],"class_list":{"0":"post-46446","1":"product","2":"type-product","3":"status-publish","4":"has-post-thumbnail","6":"product_cat-ha-i-deu-ro-sol","7":"pa_grupa-substancji-8209","9":"first","10":"instock","11":"shipping-taxable","12":"product-type-simple"},"acf":[],"yoast_head":"<!-- This site is optimized with the Yoast SEO plugin v27.4 - https:\/\/yoast.com\/product\/yoast-seo-wordpress\/ -->\n<title>NATURAL POLAND &#8211; Hurtowy Dystrybutor Surowc\u00f3w<\/title>\n<meta name=\"description\" content=\"\ubc14\uc9c8 \uc78e\uc758 \uc218\uc99d\uae30 \uc99d\ub958\ub85c \uc5bb\uc5b4\uc9c0\ub294 \ubc14\uc9c8 \ud558\uc774\ub4dc\ub85c\uc878\uc740 \uc0c1\ucf8c\ud558\uace0 \uc815\ud654\ud558\ub294 \ud2b9\uc131\uc73c\ub85c \uc54c\ub824\uc838 \uc788\uc2b5\ub2c8\ub2e4.\" \/>\n<meta name=\"robots\" content=\"index, follow, max-snippet:-1, max-image-preview:large, max-video-preview:-1\" \/>\n<link rel=\"canonical\" href=\"https:\/\/naturalpoland.com\/ko\/je-pum\/hwa-jang-pum-won-ryo\/ha-i-deu-ro-sol\/%eb%b0%94%ec%a7%88-%ed%95%98%ec%9d%b4%eb%93%9c%eb%a1%9c%ec%a1%b8\/\" \/>\n<meta property=\"og:locale\" content=\"ko_KR\" \/>\n<meta property=\"og:type\" content=\"article\" \/>\n<meta property=\"og:description\" content=\"\ubc14\uc9c8 \uc78e\uc758 \uc218\uc99d\uae30 \uc99d\ub958\ub85c \uc5bb\uc5b4\uc9c0\ub294 \ubc14\uc9c8 \ud558\uc774\ub4dc\ub85c\uc878\uc740 \uc0c1\ucf8c\ud558\uace0 \uc815\ud654\ud558\ub294 \ud2b9\uc131\uc73c\ub85c \uc54c\ub824\uc838 \uc788\uc2b5\ub2c8\ub2e4.\" \/>\n<meta property=\"og:url\" content=\"https:\/\/naturalpoland.com\/ko\/je-pum\/hwa-jang-pum-won-ryo\/ha-i-deu-ro-sol\/%eb%b0%94%ec%a7%88-%ed%95%98%ec%9d%b4%eb%93%9c%eb%a1%9c%ec%a1%b8\/\" \/>\n<meta property=\"og:site_name\" content=\"NATURAL POLAND - Hurtowy Dystrybutor Surowc\u00f3w\" \/>\n<meta property=\"article:publisher\" content=\"https:\/\/www.facebook.com\/naturalpoland.b2b\" \/>\n<meta property=\"article:modified_time\" content=\"2026-03-03T14:50:01+00:00\" \/>\n<meta property=\"og:image\" content=\"https:\/\/naturalpoland.com\/wp-content\/uploads\/hydrolat-bazyliowy.webp\" \/>\n\t<meta property=\"og:image:width\" content=\"619\" \/>\n\t<meta property=\"og:image:height\" content=\"619\" \/>\n\t<meta property=\"og:image:type\" content=\"image\/webp\" \/>\n<script type=\"application\/ld+json\" class=\"yoast-schema-graph\">{\"@context\":\"https:\\\/\\\/schema.org\",\"@graph\":[{\"@type\":\"WebPage\",\"@id\":\"https:\\\/\\\/naturalpoland.com\\\/ko\\\/je-pum\\\/hwa-jang-pum-won-ryo\\\/ha-i-deu-ro-sol\\\/%eb%b0%94%ec%a7%88-%ed%95%98%ec%9d%b4%eb%93%9c%eb%a1%9c%ec%a1%b8\\\/\",\"url\":\"https:\\\/\\\/naturalpoland.com\\\/ko\\\/je-pum\\\/hwa-jang-pum-won-ryo\\\/ha-i-deu-ro-sol\\\/%eb%b0%94%ec%a7%88-%ed%95%98%ec%9d%b4%eb%93%9c%eb%a1%9c%ec%a1%b8\\\/\",\"name\":\"\",\"isPartOf\":{\"@id\":\"https:\\\/\\\/naturalpoland.com\\\/ko\\\/#website\"},\"primaryImageOfPage\":{\"@id\":\"https:\\\/\\\/naturalpoland.com\\\/ko\\\/je-pum\\\/hwa-jang-pum-won-ryo\\\/ha-i-deu-ro-sol\\\/%eb%b0%94%ec%a7%88-%ed%95%98%ec%9d%b4%eb%93%9c%eb%a1%9c%ec%a1%b8\\\/#primaryimage\"},\"image\":{\"@id\":\"https:\\\/\\\/naturalpoland.com\\\/ko\\\/je-pum\\\/hwa-jang-pum-won-ryo\\\/ha-i-deu-ro-sol\\\/%eb%b0%94%ec%a7%88-%ed%95%98%ec%9d%b4%eb%93%9c%eb%a1%9c%ec%a1%b8\\\/#primaryimage\"},\"thumbnailUrl\":\"https:\\\/\\\/naturalpoland.com\\\/wp-content\\\/uploads\\\/hydrolat-bazyliowy.webp\",\"datePublished\":\"2024-05-23T12:24:17+00:00\",\"dateModified\":\"2026-03-03T14:50:01+00:00\",\"description\":\"\ubc14\uc9c8 \uc78e\uc758 \uc218\uc99d\uae30 \uc99d\ub958\ub85c \uc5bb\uc5b4\uc9c0\ub294 \ubc14\uc9c8 \ud558\uc774\ub4dc\ub85c\uc878\uc740 \uc0c1\ucf8c\ud558\uace0 \uc815\ud654\ud558\ub294 \ud2b9\uc131\uc73c\ub85c \uc54c\ub824\uc838 \uc788\uc2b5\ub2c8\ub2e4.\",\"breadcrumb\":{\"@id\":\"https:\\\/\\\/naturalpoland.com\\\/ko\\\/je-pum\\\/hwa-jang-pum-won-ryo\\\/ha-i-deu-ro-sol\\\/%eb%b0%94%ec%a7%88-%ed%95%98%ec%9d%b4%eb%93%9c%eb%a1%9c%ec%a1%b8\\\/#breadcrumb\"},\"inLanguage\":\"ko-KR\",\"potentialAction\":[{\"@type\":\"ReadAction\",\"target\":[\"https:\\\/\\\/naturalpoland.com\\\/ko\\\/je-pum\\\/hwa-jang-pum-won-ryo\\\/ha-i-deu-ro-sol\\\/%eb%b0%94%ec%a7%88-%ed%95%98%ec%9d%b4%eb%93%9c%eb%a1%9c%ec%a1%b8\\\/\"]}]},{\"@type\":\"ImageObject\",\"inLanguage\":\"ko-KR\",\"@id\":\"https:\\\/\\\/naturalpoland.com\\\/ko\\\/je-pum\\\/hwa-jang-pum-won-ryo\\\/ha-i-deu-ro-sol\\\/%eb%b0%94%ec%a7%88-%ed%95%98%ec%9d%b4%eb%93%9c%eb%a1%9c%ec%a1%b8\\\/#primaryimage\",\"url\":\"https:\\\/\\\/naturalpoland.com\\\/wp-content\\\/uploads\\\/hydrolat-bazyliowy.webp\",\"contentUrl\":\"https:\\\/\\\/naturalpoland.com\\\/wp-content\\\/uploads\\\/hydrolat-bazyliowy.webp\",\"width\":619,\"height\":619,\"caption\":\"\ubc14\uc9c8 \ud558\uc774\ub4dc\ub85c\uc878\"},{\"@type\":\"BreadcrumbList\",\"@id\":\"https:\\\/\\\/naturalpoland.com\\\/ko\\\/je-pum\\\/hwa-jang-pum-won-ryo\\\/ha-i-deu-ro-sol\\\/%eb%b0%94%ec%a7%88-%ed%95%98%ec%9d%b4%eb%93%9c%eb%a1%9c%ec%a1%b8\\\/#breadcrumb\",\"itemListElement\":[{\"@type\":\"ListItem\",\"position\":1,\"name\":\"\ud648\",\"item\":\"https:\\\/\\\/naturalpoland.com\\\/ko\\\/\"},{\"@type\":\"ListItem\",\"position\":2,\"name\":\"\uc81c\ud488\",\"item\":\"https:\\\/\\\/naturalpoland.com\\\/ko\\\/%ec%a0%9c%ed%92%88\\\/\"},{\"@type\":\"ListItem\",\"position\":3,\"name\":\"\ubc14\uc9c8 \ud558\uc774\ub4dc\ub85c\uc878\"}]},{\"@type\":\"WebSite\",\"@id\":\"https:\\\/\\\/naturalpoland.com\\\/ko\\\/#website\",\"url\":\"https:\\\/\\\/naturalpoland.com\\\/ko\\\/\",\"name\":\"NATURAL POLAND - Hurtowy Dystrybutor Surowc\u00f3w\",\"description\":\"Surowce dla przemys\u0142u spo\u017cywczego, kosmetycznego i farmaceutycznego\",\"publisher\":{\"@id\":\"https:\\\/\\\/naturalpoland.com\\\/ko\\\/#organization\"},\"potentialAction\":[{\"@type\":\"SearchAction\",\"target\":{\"@type\":\"EntryPoint\",\"urlTemplate\":\"https:\\\/\\\/naturalpoland.com\\\/ko\\\/?s={search_term_string}\"},\"query-input\":{\"@type\":\"PropertyValueSpecification\",\"valueRequired\":true,\"valueName\":\"search_term_string\"}}],\"inLanguage\":\"ko-KR\"},{\"@type\":\"Organization\",\"@id\":\"https:\\\/\\\/naturalpoland.com\\\/ko\\\/#organization\",\"name\":\"Natural Poland\",\"url\":\"https:\\\/\\\/naturalpoland.com\\\/ko\\\/\",\"logo\":{\"@type\":\"ImageObject\",\"inLanguage\":\"ko-KR\",\"@id\":\"https:\\\/\\\/naturalpoland.com\\\/ko\\\/#\\\/schema\\\/logo\\\/image\\\/\",\"url\":\"https:\\\/\\\/naturalpoland.com\\\/wp-content\\\/uploads\\\/2021\\\/05\\\/natural-poland-icon.png\",\"contentUrl\":\"https:\\\/\\\/naturalpoland.com\\\/wp-content\\\/uploads\\\/2021\\\/05\\\/natural-poland-icon.png\",\"width\":512,\"height\":512,\"caption\":\"Natural Poland\"},\"image\":{\"@id\":\"https:\\\/\\\/naturalpoland.com\\\/ko\\\/#\\\/schema\\\/logo\\\/image\\\/\"},\"sameAs\":[\"https:\\\/\\\/www.facebook.com\\\/naturalpoland.b2b\",\"https:\\\/\\\/pl.linkedin.com\\\/company\\\/natural-poland\",\"https:\\\/\\\/www.youtube.com\\\/channel\\\/UCgeGGkvOMahZo-xu_MSEWxg\"]}]}<\/script>\n<!-- \/ Yoast SEO plugin. -->","yoast_head_json":{"title":"NATURAL POLAND &#8211; Hurtowy Dystrybutor Surowc\u00f3w","description":"\ubc14\uc9c8 \uc78e\uc758 \uc218\uc99d\uae30 \uc99d\ub958\ub85c \uc5bb\uc5b4\uc9c0\ub294 \ubc14\uc9c8 \ud558\uc774\ub4dc\ub85c\uc878\uc740 \uc0c1\ucf8c\ud558\uace0 \uc815\ud654\ud558\ub294 \ud2b9\uc131\uc73c\ub85c \uc54c\ub824\uc838 \uc788\uc2b5\ub2c8\ub2e4.","robots":{"index":"index","follow":"follow","max-snippet":"max-snippet:-1","max-image-preview":"max-image-preview:large","max-video-preview":"max-video-preview:-1"},"canonical":"https:\/\/naturalpoland.com\/ko\/je-pum\/hwa-jang-pum-won-ryo\/ha-i-deu-ro-sol\/%eb%b0%94%ec%a7%88-%ed%95%98%ec%9d%b4%eb%93%9c%eb%a1%9c%ec%a1%b8\/","og_locale":"ko_KR","og_type":"article","og_description":"\ubc14\uc9c8 \uc78e\uc758 \uc218\uc99d\uae30 \uc99d\ub958\ub85c \uc5bb\uc5b4\uc9c0\ub294 \ubc14\uc9c8 \ud558\uc774\ub4dc\ub85c\uc878\uc740 \uc0c1\ucf8c\ud558\uace0 \uc815\ud654\ud558\ub294 \ud2b9\uc131\uc73c\ub85c \uc54c\ub824\uc838 \uc788\uc2b5\ub2c8\ub2e4.","og_url":"https:\/\/naturalpoland.com\/ko\/je-pum\/hwa-jang-pum-won-ryo\/ha-i-deu-ro-sol\/%eb%b0%94%ec%a7%88-%ed%95%98%ec%9d%b4%eb%93%9c%eb%a1%9c%ec%a1%b8\/","og_site_name":"NATURAL POLAND - Hurtowy Dystrybutor Surowc\u00f3w","article_publisher":"https:\/\/www.facebook.com\/naturalpoland.b2b","article_modified_time":"2026-03-03T14:50:01+00:00","og_image":[{"width":619,"height":619,"url":"https:\/\/naturalpoland.com\/wp-content\/uploads\/hydrolat-bazyliowy.webp","type":"image\/webp"}],"schema":{"@context":"https:\/\/schema.org","@graph":[{"@type":"WebPage","@id":"https:\/\/naturalpoland.com\/ko\/je-pum\/hwa-jang-pum-won-ryo\/ha-i-deu-ro-sol\/%eb%b0%94%ec%a7%88-%ed%95%98%ec%9d%b4%eb%93%9c%eb%a1%9c%ec%a1%b8\/","url":"https:\/\/naturalpoland.com\/ko\/je-pum\/hwa-jang-pum-won-ryo\/ha-i-deu-ro-sol\/%eb%b0%94%ec%a7%88-%ed%95%98%ec%9d%b4%eb%93%9c%eb%a1%9c%ec%a1%b8\/","name":"","isPartOf":{"@id":"https:\/\/naturalpoland.com\/ko\/#website"},"primaryImageOfPage":{"@id":"https:\/\/naturalpoland.com\/ko\/je-pum\/hwa-jang-pum-won-ryo\/ha-i-deu-ro-sol\/%eb%b0%94%ec%a7%88-%ed%95%98%ec%9d%b4%eb%93%9c%eb%a1%9c%ec%a1%b8\/#primaryimage"},"image":{"@id":"https:\/\/naturalpoland.com\/ko\/je-pum\/hwa-jang-pum-won-ryo\/ha-i-deu-ro-sol\/%eb%b0%94%ec%a7%88-%ed%95%98%ec%9d%b4%eb%93%9c%eb%a1%9c%ec%a1%b8\/#primaryimage"},"thumbnailUrl":"https:\/\/naturalpoland.com\/wp-content\/uploads\/hydrolat-bazyliowy.webp","datePublished":"2024-05-23T12:24:17+00:00","dateModified":"2026-03-03T14:50:01+00:00","description":"\ubc14\uc9c8 \uc78e\uc758 \uc218\uc99d\uae30 \uc99d\ub958\ub85c \uc5bb\uc5b4\uc9c0\ub294 \ubc14\uc9c8 \ud558\uc774\ub4dc\ub85c\uc878\uc740 \uc0c1\ucf8c\ud558\uace0 \uc815\ud654\ud558\ub294 \ud2b9\uc131\uc73c\ub85c \uc54c\ub824\uc838 \uc788\uc2b5\ub2c8\ub2e4.","breadcrumb":{"@id":"https:\/\/naturalpoland.com\/ko\/je-pum\/hwa-jang-pum-won-ryo\/ha-i-deu-ro-sol\/%eb%b0%94%ec%a7%88-%ed%95%98%ec%9d%b4%eb%93%9c%eb%a1%9c%ec%a1%b8\/#breadcrumb"},"inLanguage":"ko-KR","potentialAction":[{"@type":"ReadAction","target":["https:\/\/naturalpoland.com\/ko\/je-pum\/hwa-jang-pum-won-ryo\/ha-i-deu-ro-sol\/%eb%b0%94%ec%a7%88-%ed%95%98%ec%9d%b4%eb%93%9c%eb%a1%9c%ec%a1%b8\/"]}]},{"@type":"ImageObject","inLanguage":"ko-KR","@id":"https:\/\/naturalpoland.com\/ko\/je-pum\/hwa-jang-pum-won-ryo\/ha-i-deu-ro-sol\/%eb%b0%94%ec%a7%88-%ed%95%98%ec%9d%b4%eb%93%9c%eb%a1%9c%ec%a1%b8\/#primaryimage","url":"https:\/\/naturalpoland.com\/wp-content\/uploads\/hydrolat-bazyliowy.webp","contentUrl":"https:\/\/naturalpoland.com\/wp-content\/uploads\/hydrolat-bazyliowy.webp","width":619,"height":619,"caption":"\ubc14\uc9c8 \ud558\uc774\ub4dc\ub85c\uc878"},{"@type":"BreadcrumbList","@id":"https:\/\/naturalpoland.com\/ko\/je-pum\/hwa-jang-pum-won-ryo\/ha-i-deu-ro-sol\/%eb%b0%94%ec%a7%88-%ed%95%98%ec%9d%b4%eb%93%9c%eb%a1%9c%ec%a1%b8\/#breadcrumb","itemListElement":[{"@type":"ListItem","position":1,"name":"\ud648","item":"https:\/\/naturalpoland.com\/ko\/"},{"@type":"ListItem","position":2,"name":"\uc81c\ud488","item":"https:\/\/naturalpoland.com\/ko\/%ec%a0%9c%ed%92%88\/"},{"@type":"ListItem","position":3,"name":"\ubc14\uc9c8 \ud558\uc774\ub4dc\ub85c\uc878"}]},{"@type":"WebSite","@id":"https:\/\/naturalpoland.com\/ko\/#website","url":"https:\/\/naturalpoland.com\/ko\/","name":"NATURAL POLAND - Hurtowy Dystrybutor Surowc\u00f3w","description":"Surowce dla przemys\u0142u spo\u017cywczego, kosmetycznego i farmaceutycznego","publisher":{"@id":"https:\/\/naturalpoland.com\/ko\/#organization"},"potentialAction":[{"@type":"SearchAction","target":{"@type":"EntryPoint","urlTemplate":"https:\/\/naturalpoland.com\/ko\/?s={search_term_string}"},"query-input":{"@type":"PropertyValueSpecification","valueRequired":true,"valueName":"search_term_string"}}],"inLanguage":"ko-KR"},{"@type":"Organization","@id":"https:\/\/naturalpoland.com\/ko\/#organization","name":"Natural Poland","url":"https:\/\/naturalpoland.com\/ko\/","logo":{"@type":"ImageObject","inLanguage":"ko-KR","@id":"https:\/\/naturalpoland.com\/ko\/#\/schema\/logo\/image\/","url":"https:\/\/naturalpoland.com\/wp-content\/uploads\/2021\/05\/natural-poland-icon.png","contentUrl":"https:\/\/naturalpoland.com\/wp-content\/uploads\/2021\/05\/natural-poland-icon.png","width":512,"height":512,"caption":"Natural Poland"},"image":{"@id":"https:\/\/naturalpoland.com\/ko\/#\/schema\/logo\/image\/"},"sameAs":["https:\/\/www.facebook.com\/naturalpoland.b2b","https:\/\/pl.linkedin.com\/company\/natural-poland","https:\/\/www.youtube.com\/channel\/UCgeGGkvOMahZo-xu_MSEWxg"]}]}},"_links":{"self":[{"href":"https:\/\/naturalpoland.com\/ko\/wp-json\/wp\/v2\/product\/46446","targetHints":{"allow":["GET"]}}],"collection":[{"href":"https:\/\/naturalpoland.com\/ko\/wp-json\/wp\/v2\/product"}],"about":[{"href":"https:\/\/naturalpoland.com\/ko\/wp-json\/wp\/v2\/types\/product"}],"wp:featuredmedia":[{"embeddable":true,"href":"https:\/\/naturalpoland.com\/ko\/wp-json\/wp\/v2\/media\/46447"}],"wp:attachment":[{"href":"https:\/\/naturalpoland.com\/ko\/wp-json\/wp\/v2\/media?parent=46446"}],"wp:term":[{"taxonomy":"product_brand","embeddable":true,"href":"https:\/\/naturalpoland.com\/ko\/wp-json\/wp\/v2\/product_brand?post=46446"},{"taxonomy":"product_cat","embeddable":true,"href":"https:\/\/naturalpoland.com\/ko\/wp-json\/wp\/v2\/product_cat?post=46446"},{"taxonomy":"product_tag","embeddable":true,"href":"https:\/\/naturalpoland.com\/ko\/wp-json\/wp\/v2\/product_tag?post=46446"}],"curies":[{"name":"wp","href":"https:\/\/api.w.org\/{rel}","templated":true}]}}