{"id":46458,"date":"2024-07-16T15:55:55","date_gmt":"2024-07-16T13:55:55","guid":{"rendered":"https:\/\/naturalpoland.com\/produkty\/uncategorized\/%eb%82%9c%ec%b4%88%ea%bd%83-%ed%95%98%ec%9d%b4%eb%93%9c%eb%a1%9c%ec%a1%b8\/"},"modified":"2026-03-03T15:50:42","modified_gmt":"2026-03-03T14:50:42","slug":"%eb%82%9c%ec%b4%88%ea%bd%83-%ed%95%98%ec%9d%b4%eb%93%9c%eb%a1%9c%ec%a1%b8","status":"publish","type":"product","link":"https:\/\/naturalpoland.com\/ko\/je-pum\/hwa-jang-pum-won-ryo\/ha-i-deu-ro-sol\/%eb%82%9c%ec%b4%88%ea%bd%83-%ed%95%98%ec%9d%b4%eb%93%9c%eb%a1%9c%ec%a1%b8\/","title":{"rendered":"\ub09c\ucd08\uaf43 \ud558\uc774\ub4dc\ub85c\uc878"},"content":{"rendered":"<h2>\ud2b9\uc131:<\/h2>\n<p>\ub09c\ucd08\uaf43 \ud558\uc774\ub4dc\ub85c\uc878\uc740 \ud53c\ubd80\uc758 \uc801\uc808\ud55c \uc218\ubd84 \uc218\uc900\uc744 \uc720\uc9c0\ud558\ub294 \ub370 \ub3c4\uc6c0\uc744 \uc8fc\ub294 \ub6f0\uc5b4\ub09c \ubcf4\uc2b5 \ud2b9\uc131\uc744 \uac00\uc9c0\uace0 \uc788\uc2b5\ub2c8\ub2e4. \uc774 \uc791\uc6a9\uc73c\ub85c \ud53c\ubd80\ub294 \ub354\uc6b1 \ubd80\ub4dc\ub7fd\uace0 \ub9e4\ub044\ub7ec\uc6b0\uba70 \ud0c4\ub825 \uc788\uac8c \ub429\ub2c8\ub2e4. <\/p>\n<p>\ud56d\uc0b0\ud654 \ud2b9\uc131 \ub355\ubd84\uc5d0 \ub09c\ucd08\uaf43 \ud558\uc774\ub4dc\ub85c\uc878\uc740 \ud53c\ubd80 \ub178\ud654 \uacfc\uc815\uc744 \uac00\uc18d\ud654\ud558\ub294 \uc790\uc720 \ub77c\ub514\uce7c\uc744 \uc911\ud654\ud558\ub294 \ub370 \ub3c4\uc6c0\uc744 \uc90d\ub2c8\ub2e4. \ub610\ud55c \ud53c\ubd80 \uc790\uadf9\uacfc \ubd89\uc740 \uae30\ub97c \uc904\uc5ec \uc9c4\uc815 \ud6a8\uacfc\ub97c \uc81c\uacf5\ud569\ub2c8\ub2e4. <\/p>\n<h2>\uc801\uc6a9 \ubd84\uc57c:<\/h2>\n<ol>\n<li>\uc2a4\ud0a8\ucf00\uc5b4 \ud654\uc7a5\ud488: \ud398\uc774\uc15c \ud1a0\ub108, \ubcf4\uc2b5 \ubbf8\uc2a4\ud2b8, \ud06c\ub9bc, \ub85c\uc158<\/li>\n<li>\ud5e4\uc5b4 \uc81c\ud488<\/li>\n<li>\ubaa9\uc695 \uc81c\ud488<\/li>\n<\/ol>\n","protected":false},"excerpt":{"rendered":"<p>\ub09c\ucd08\uaf43 \ud558\uc774\ub4dc\ub85c\uc878\uc740 \ub09c\ucd08(<em>Orchidaceae<\/em>) \uaf43\uc758 \uc99d\uae30 \uc99d\ub958\ub97c \ud1b5\ud574 \uc5bb\uc5b4\uc9c0\ub294 \uace0\uae09 \uc2dd\ubb3c\uc131 \uc6cc\ud130\uc785\ub2c8\ub2e4. \uac15\ub825\ud55c \ubcf4\uc2b5 \ubc0f \ud0c4\ub825 \uc99d\uc9c4 \ud2b9\uc131\uc73c\ub85c \uc798 \uc54c\ub824\uc838 \uc788\uc2b5\ub2c8\ub2e4. <\/p>\n<p>&nbsp;<\/p>\n","protected":false},"featured_media":46459,"template":"","meta":{"_acf_changed":false},"product_brand":[],"product_cat":[8150],"product_tag":[],"class_list":{"0":"post-46458","1":"product","2":"type-product","3":"status-publish","4":"has-post-thumbnail","6":"product_cat-ha-i-deu-ro-sol","8":"first","9":"instock","10":"shipping-taxable","11":"product-type-simple"},"acf":[],"yoast_head":"<!-- This site is optimized with the Yoast SEO plugin v27.4 - https:\/\/yoast.com\/product\/yoast-seo-wordpress\/ -->\n<title>NATURAL POLAND &#8211; Hurtowy Dystrybutor Surowc\u00f3w<\/title>\n<meta name=\"description\" content=\"\ub09c\ucd08 \ud558\uc774\ub4dc\ub85c\uc878\uc740 \ub2e4\uc7ac\ub2e4\ub2a5\ud558\uace0 \uace0\uae09\uc2a4\ub7ec\uc6b4 \ud654\uc7a5\ud488\uc785\ub2c8\ub2e4. \ud53c\ubd80\uc640 \ubaa8\ubc1c\uc5d0 \uc548\uc804\ud558\uac8c \uc0ac\uc6a9\ud560 \uc218 \uc788\ub294 \ucc9c\uc5f0 \uc81c\ud488\uc785\ub2c8\ub2e4.\" \/>\n<meta name=\"robots\" content=\"index, follow, max-snippet:-1, max-image-preview:large, max-video-preview:-1\" \/>\n<link rel=\"canonical\" href=\"https:\/\/naturalpoland.com\/ko\/je-pum\/hwa-jang-pum-won-ryo\/ha-i-deu-ro-sol\/%eb%82%9c%ec%b4%88%ea%bd%83-%ed%95%98%ec%9d%b4%eb%93%9c%eb%a1%9c%ec%a1%b8\/\" \/>\n<meta property=\"og:locale\" content=\"ko_KR\" \/>\n<meta property=\"og:type\" content=\"article\" \/>\n<meta property=\"og:description\" content=\"\ub09c\ucd08 \ud558\uc774\ub4dc\ub85c\uc878\uc740 \ub2e4\uc7ac\ub2e4\ub2a5\ud558\uace0 \uace0\uae09\uc2a4\ub7ec\uc6b4 \ud654\uc7a5\ud488\uc785\ub2c8\ub2e4. \ud53c\ubd80\uc640 \ubaa8\ubc1c\uc5d0 \uc548\uc804\ud558\uac8c \uc0ac\uc6a9\ud560 \uc218 \uc788\ub294 \ucc9c\uc5f0 \uc81c\ud488\uc785\ub2c8\ub2e4.\" \/>\n<meta property=\"og:url\" content=\"https:\/\/naturalpoland.com\/ko\/je-pum\/hwa-jang-pum-won-ryo\/ha-i-deu-ro-sol\/%eb%82%9c%ec%b4%88%ea%bd%83-%ed%95%98%ec%9d%b4%eb%93%9c%eb%a1%9c%ec%a1%b8\/\" \/>\n<meta property=\"og:site_name\" content=\"NATURAL POLAND - Hurtowy Dystrybutor Surowc\u00f3w\" \/>\n<meta property=\"article:publisher\" content=\"https:\/\/www.facebook.com\/naturalpoland.b2b\" \/>\n<meta property=\"article:modified_time\" content=\"2026-03-03T14:50:42+00:00\" \/>\n<meta property=\"og:image\" content=\"https:\/\/naturalpoland.com\/wp-content\/uploads\/hydrolat-z-kwiatu-orchidei.webp\" \/>\n\t<meta property=\"og:image:width\" content=\"608\" \/>\n\t<meta property=\"og:image:height\" content=\"608\" \/>\n\t<meta property=\"og:image:type\" content=\"image\/webp\" \/>\n<script type=\"application\/ld+json\" class=\"yoast-schema-graph\">{\"@context\":\"https:\\\/\\\/schema.org\",\"@graph\":[{\"@type\":\"WebPage\",\"@id\":\"https:\\\/\\\/naturalpoland.com\\\/ko\\\/je-pum\\\/hwa-jang-pum-won-ryo\\\/ha-i-deu-ro-sol\\\/%eb%82%9c%ec%b4%88%ea%bd%83-%ed%95%98%ec%9d%b4%eb%93%9c%eb%a1%9c%ec%a1%b8\\\/\",\"url\":\"https:\\\/\\\/naturalpoland.com\\\/ko\\\/je-pum\\\/hwa-jang-pum-won-ryo\\\/ha-i-deu-ro-sol\\\/%eb%82%9c%ec%b4%88%ea%bd%83-%ed%95%98%ec%9d%b4%eb%93%9c%eb%a1%9c%ec%a1%b8\\\/\",\"name\":\"\",\"isPartOf\":{\"@id\":\"https:\\\/\\\/naturalpoland.com\\\/ko\\\/#website\"},\"primaryImageOfPage\":{\"@id\":\"https:\\\/\\\/naturalpoland.com\\\/ko\\\/je-pum\\\/hwa-jang-pum-won-ryo\\\/ha-i-deu-ro-sol\\\/%eb%82%9c%ec%b4%88%ea%bd%83-%ed%95%98%ec%9d%b4%eb%93%9c%eb%a1%9c%ec%a1%b8\\\/#primaryimage\"},\"image\":{\"@id\":\"https:\\\/\\\/naturalpoland.com\\\/ko\\\/je-pum\\\/hwa-jang-pum-won-ryo\\\/ha-i-deu-ro-sol\\\/%eb%82%9c%ec%b4%88%ea%bd%83-%ed%95%98%ec%9d%b4%eb%93%9c%eb%a1%9c%ec%a1%b8\\\/#primaryimage\"},\"thumbnailUrl\":\"https:\\\/\\\/naturalpoland.com\\\/wp-content\\\/uploads\\\/hydrolat-z-kwiatu-orchidei.webp\",\"datePublished\":\"2024-07-16T13:55:55+00:00\",\"dateModified\":\"2026-03-03T14:50:42+00:00\",\"description\":\"\ub09c\ucd08 \ud558\uc774\ub4dc\ub85c\uc878\uc740 \ub2e4\uc7ac\ub2e4\ub2a5\ud558\uace0 \uace0\uae09\uc2a4\ub7ec\uc6b4 \ud654\uc7a5\ud488\uc785\ub2c8\ub2e4. \ud53c\ubd80\uc640 \ubaa8\ubc1c\uc5d0 \uc548\uc804\ud558\uac8c \uc0ac\uc6a9\ud560 \uc218 \uc788\ub294 \ucc9c\uc5f0 \uc81c\ud488\uc785\ub2c8\ub2e4.\",\"breadcrumb\":{\"@id\":\"https:\\\/\\\/naturalpoland.com\\\/ko\\\/je-pum\\\/hwa-jang-pum-won-ryo\\\/ha-i-deu-ro-sol\\\/%eb%82%9c%ec%b4%88%ea%bd%83-%ed%95%98%ec%9d%b4%eb%93%9c%eb%a1%9c%ec%a1%b8\\\/#breadcrumb\"},\"inLanguage\":\"ko-KR\",\"potentialAction\":[{\"@type\":\"ReadAction\",\"target\":[\"https:\\\/\\\/naturalpoland.com\\\/ko\\\/je-pum\\\/hwa-jang-pum-won-ryo\\\/ha-i-deu-ro-sol\\\/%eb%82%9c%ec%b4%88%ea%bd%83-%ed%95%98%ec%9d%b4%eb%93%9c%eb%a1%9c%ec%a1%b8\\\/\"]}]},{\"@type\":\"ImageObject\",\"inLanguage\":\"ko-KR\",\"@id\":\"https:\\\/\\\/naturalpoland.com\\\/ko\\\/je-pum\\\/hwa-jang-pum-won-ryo\\\/ha-i-deu-ro-sol\\\/%eb%82%9c%ec%b4%88%ea%bd%83-%ed%95%98%ec%9d%b4%eb%93%9c%eb%a1%9c%ec%a1%b8\\\/#primaryimage\",\"url\":\"https:\\\/\\\/naturalpoland.com\\\/wp-content\\\/uploads\\\/hydrolat-z-kwiatu-orchidei.webp\",\"contentUrl\":\"https:\\\/\\\/naturalpoland.com\\\/wp-content\\\/uploads\\\/hydrolat-z-kwiatu-orchidei.webp\",\"width\":608,\"height\":608,\"caption\":\"\ub09c\ucd08\uaf43 \ud558\uc774\ub4dc\ub85c\uc878\"},{\"@type\":\"BreadcrumbList\",\"@id\":\"https:\\\/\\\/naturalpoland.com\\\/ko\\\/je-pum\\\/hwa-jang-pum-won-ryo\\\/ha-i-deu-ro-sol\\\/%eb%82%9c%ec%b4%88%ea%bd%83-%ed%95%98%ec%9d%b4%eb%93%9c%eb%a1%9c%ec%a1%b8\\\/#breadcrumb\",\"itemListElement\":[{\"@type\":\"ListItem\",\"position\":1,\"name\":\"\ud648\",\"item\":\"https:\\\/\\\/naturalpoland.com\\\/ko\\\/\"},{\"@type\":\"ListItem\",\"position\":2,\"name\":\"\uc81c\ud488\",\"item\":\"https:\\\/\\\/naturalpoland.com\\\/ko\\\/%ec%a0%9c%ed%92%88\\\/\"},{\"@type\":\"ListItem\",\"position\":3,\"name\":\"\ub09c\ucd08\uaf43 \ud558\uc774\ub4dc\ub85c\uc878\"}]},{\"@type\":\"WebSite\",\"@id\":\"https:\\\/\\\/naturalpoland.com\\\/ko\\\/#website\",\"url\":\"https:\\\/\\\/naturalpoland.com\\\/ko\\\/\",\"name\":\"NATURAL POLAND - Hurtowy Dystrybutor Surowc\u00f3w\",\"description\":\"Surowce dla przemys\u0142u spo\u017cywczego, kosmetycznego i farmaceutycznego\",\"publisher\":{\"@id\":\"https:\\\/\\\/naturalpoland.com\\\/ko\\\/#organization\"},\"potentialAction\":[{\"@type\":\"SearchAction\",\"target\":{\"@type\":\"EntryPoint\",\"urlTemplate\":\"https:\\\/\\\/naturalpoland.com\\\/ko\\\/?s={search_term_string}\"},\"query-input\":{\"@type\":\"PropertyValueSpecification\",\"valueRequired\":true,\"valueName\":\"search_term_string\"}}],\"inLanguage\":\"ko-KR\"},{\"@type\":\"Organization\",\"@id\":\"https:\\\/\\\/naturalpoland.com\\\/ko\\\/#organization\",\"name\":\"Natural Poland\",\"url\":\"https:\\\/\\\/naturalpoland.com\\\/ko\\\/\",\"logo\":{\"@type\":\"ImageObject\",\"inLanguage\":\"ko-KR\",\"@id\":\"https:\\\/\\\/naturalpoland.com\\\/ko\\\/#\\\/schema\\\/logo\\\/image\\\/\",\"url\":\"https:\\\/\\\/naturalpoland.com\\\/wp-content\\\/uploads\\\/2021\\\/05\\\/natural-poland-icon.png\",\"contentUrl\":\"https:\\\/\\\/naturalpoland.com\\\/wp-content\\\/uploads\\\/2021\\\/05\\\/natural-poland-icon.png\",\"width\":512,\"height\":512,\"caption\":\"Natural Poland\"},\"image\":{\"@id\":\"https:\\\/\\\/naturalpoland.com\\\/ko\\\/#\\\/schema\\\/logo\\\/image\\\/\"},\"sameAs\":[\"https:\\\/\\\/www.facebook.com\\\/naturalpoland.b2b\",\"https:\\\/\\\/pl.linkedin.com\\\/company\\\/natural-poland\",\"https:\\\/\\\/www.youtube.com\\\/channel\\\/UCgeGGkvOMahZo-xu_MSEWxg\"]}]}<\/script>\n<!-- \/ Yoast SEO plugin. -->","yoast_head_json":{"title":"NATURAL POLAND &#8211; Hurtowy Dystrybutor Surowc\u00f3w","description":"\ub09c\ucd08 \ud558\uc774\ub4dc\ub85c\uc878\uc740 \ub2e4\uc7ac\ub2e4\ub2a5\ud558\uace0 \uace0\uae09\uc2a4\ub7ec\uc6b4 \ud654\uc7a5\ud488\uc785\ub2c8\ub2e4. \ud53c\ubd80\uc640 \ubaa8\ubc1c\uc5d0 \uc548\uc804\ud558\uac8c \uc0ac\uc6a9\ud560 \uc218 \uc788\ub294 \ucc9c\uc5f0 \uc81c\ud488\uc785\ub2c8\ub2e4.","robots":{"index":"index","follow":"follow","max-snippet":"max-snippet:-1","max-image-preview":"max-image-preview:large","max-video-preview":"max-video-preview:-1"},"canonical":"https:\/\/naturalpoland.com\/ko\/je-pum\/hwa-jang-pum-won-ryo\/ha-i-deu-ro-sol\/%eb%82%9c%ec%b4%88%ea%bd%83-%ed%95%98%ec%9d%b4%eb%93%9c%eb%a1%9c%ec%a1%b8\/","og_locale":"ko_KR","og_type":"article","og_description":"\ub09c\ucd08 \ud558\uc774\ub4dc\ub85c\uc878\uc740 \ub2e4\uc7ac\ub2e4\ub2a5\ud558\uace0 \uace0\uae09\uc2a4\ub7ec\uc6b4 \ud654\uc7a5\ud488\uc785\ub2c8\ub2e4. \ud53c\ubd80\uc640 \ubaa8\ubc1c\uc5d0 \uc548\uc804\ud558\uac8c \uc0ac\uc6a9\ud560 \uc218 \uc788\ub294 \ucc9c\uc5f0 \uc81c\ud488\uc785\ub2c8\ub2e4.","og_url":"https:\/\/naturalpoland.com\/ko\/je-pum\/hwa-jang-pum-won-ryo\/ha-i-deu-ro-sol\/%eb%82%9c%ec%b4%88%ea%bd%83-%ed%95%98%ec%9d%b4%eb%93%9c%eb%a1%9c%ec%a1%b8\/","og_site_name":"NATURAL POLAND - Hurtowy Dystrybutor Surowc\u00f3w","article_publisher":"https:\/\/www.facebook.com\/naturalpoland.b2b","article_modified_time":"2026-03-03T14:50:42+00:00","og_image":[{"width":608,"height":608,"url":"https:\/\/naturalpoland.com\/wp-content\/uploads\/hydrolat-z-kwiatu-orchidei.webp","type":"image\/webp"}],"schema":{"@context":"https:\/\/schema.org","@graph":[{"@type":"WebPage","@id":"https:\/\/naturalpoland.com\/ko\/je-pum\/hwa-jang-pum-won-ryo\/ha-i-deu-ro-sol\/%eb%82%9c%ec%b4%88%ea%bd%83-%ed%95%98%ec%9d%b4%eb%93%9c%eb%a1%9c%ec%a1%b8\/","url":"https:\/\/naturalpoland.com\/ko\/je-pum\/hwa-jang-pum-won-ryo\/ha-i-deu-ro-sol\/%eb%82%9c%ec%b4%88%ea%bd%83-%ed%95%98%ec%9d%b4%eb%93%9c%eb%a1%9c%ec%a1%b8\/","name":"","isPartOf":{"@id":"https:\/\/naturalpoland.com\/ko\/#website"},"primaryImageOfPage":{"@id":"https:\/\/naturalpoland.com\/ko\/je-pum\/hwa-jang-pum-won-ryo\/ha-i-deu-ro-sol\/%eb%82%9c%ec%b4%88%ea%bd%83-%ed%95%98%ec%9d%b4%eb%93%9c%eb%a1%9c%ec%a1%b8\/#primaryimage"},"image":{"@id":"https:\/\/naturalpoland.com\/ko\/je-pum\/hwa-jang-pum-won-ryo\/ha-i-deu-ro-sol\/%eb%82%9c%ec%b4%88%ea%bd%83-%ed%95%98%ec%9d%b4%eb%93%9c%eb%a1%9c%ec%a1%b8\/#primaryimage"},"thumbnailUrl":"https:\/\/naturalpoland.com\/wp-content\/uploads\/hydrolat-z-kwiatu-orchidei.webp","datePublished":"2024-07-16T13:55:55+00:00","dateModified":"2026-03-03T14:50:42+00:00","description":"\ub09c\ucd08 \ud558\uc774\ub4dc\ub85c\uc878\uc740 \ub2e4\uc7ac\ub2e4\ub2a5\ud558\uace0 \uace0\uae09\uc2a4\ub7ec\uc6b4 \ud654\uc7a5\ud488\uc785\ub2c8\ub2e4. \ud53c\ubd80\uc640 \ubaa8\ubc1c\uc5d0 \uc548\uc804\ud558\uac8c \uc0ac\uc6a9\ud560 \uc218 \uc788\ub294 \ucc9c\uc5f0 \uc81c\ud488\uc785\ub2c8\ub2e4.","breadcrumb":{"@id":"https:\/\/naturalpoland.com\/ko\/je-pum\/hwa-jang-pum-won-ryo\/ha-i-deu-ro-sol\/%eb%82%9c%ec%b4%88%ea%bd%83-%ed%95%98%ec%9d%b4%eb%93%9c%eb%a1%9c%ec%a1%b8\/#breadcrumb"},"inLanguage":"ko-KR","potentialAction":[{"@type":"ReadAction","target":["https:\/\/naturalpoland.com\/ko\/je-pum\/hwa-jang-pum-won-ryo\/ha-i-deu-ro-sol\/%eb%82%9c%ec%b4%88%ea%bd%83-%ed%95%98%ec%9d%b4%eb%93%9c%eb%a1%9c%ec%a1%b8\/"]}]},{"@type":"ImageObject","inLanguage":"ko-KR","@id":"https:\/\/naturalpoland.com\/ko\/je-pum\/hwa-jang-pum-won-ryo\/ha-i-deu-ro-sol\/%eb%82%9c%ec%b4%88%ea%bd%83-%ed%95%98%ec%9d%b4%eb%93%9c%eb%a1%9c%ec%a1%b8\/#primaryimage","url":"https:\/\/naturalpoland.com\/wp-content\/uploads\/hydrolat-z-kwiatu-orchidei.webp","contentUrl":"https:\/\/naturalpoland.com\/wp-content\/uploads\/hydrolat-z-kwiatu-orchidei.webp","width":608,"height":608,"caption":"\ub09c\ucd08\uaf43 \ud558\uc774\ub4dc\ub85c\uc878"},{"@type":"BreadcrumbList","@id":"https:\/\/naturalpoland.com\/ko\/je-pum\/hwa-jang-pum-won-ryo\/ha-i-deu-ro-sol\/%eb%82%9c%ec%b4%88%ea%bd%83-%ed%95%98%ec%9d%b4%eb%93%9c%eb%a1%9c%ec%a1%b8\/#breadcrumb","itemListElement":[{"@type":"ListItem","position":1,"name":"\ud648","item":"https:\/\/naturalpoland.com\/ko\/"},{"@type":"ListItem","position":2,"name":"\uc81c\ud488","item":"https:\/\/naturalpoland.com\/ko\/%ec%a0%9c%ed%92%88\/"},{"@type":"ListItem","position":3,"name":"\ub09c\ucd08\uaf43 \ud558\uc774\ub4dc\ub85c\uc878"}]},{"@type":"WebSite","@id":"https:\/\/naturalpoland.com\/ko\/#website","url":"https:\/\/naturalpoland.com\/ko\/","name":"NATURAL POLAND - Hurtowy Dystrybutor Surowc\u00f3w","description":"Surowce dla przemys\u0142u spo\u017cywczego, kosmetycznego i farmaceutycznego","publisher":{"@id":"https:\/\/naturalpoland.com\/ko\/#organization"},"potentialAction":[{"@type":"SearchAction","target":{"@type":"EntryPoint","urlTemplate":"https:\/\/naturalpoland.com\/ko\/?s={search_term_string}"},"query-input":{"@type":"PropertyValueSpecification","valueRequired":true,"valueName":"search_term_string"}}],"inLanguage":"ko-KR"},{"@type":"Organization","@id":"https:\/\/naturalpoland.com\/ko\/#organization","name":"Natural Poland","url":"https:\/\/naturalpoland.com\/ko\/","logo":{"@type":"ImageObject","inLanguage":"ko-KR","@id":"https:\/\/naturalpoland.com\/ko\/#\/schema\/logo\/image\/","url":"https:\/\/naturalpoland.com\/wp-content\/uploads\/2021\/05\/natural-poland-icon.png","contentUrl":"https:\/\/naturalpoland.com\/wp-content\/uploads\/2021\/05\/natural-poland-icon.png","width":512,"height":512,"caption":"Natural Poland"},"image":{"@id":"https:\/\/naturalpoland.com\/ko\/#\/schema\/logo\/image\/"},"sameAs":["https:\/\/www.facebook.com\/naturalpoland.b2b","https:\/\/pl.linkedin.com\/company\/natural-poland","https:\/\/www.youtube.com\/channel\/UCgeGGkvOMahZo-xu_MSEWxg"]}]}},"_links":{"self":[{"href":"https:\/\/naturalpoland.com\/ko\/wp-json\/wp\/v2\/product\/46458","targetHints":{"allow":["GET"]}}],"collection":[{"href":"https:\/\/naturalpoland.com\/ko\/wp-json\/wp\/v2\/product"}],"about":[{"href":"https:\/\/naturalpoland.com\/ko\/wp-json\/wp\/v2\/types\/product"}],"wp:featuredmedia":[{"embeddable":true,"href":"https:\/\/naturalpoland.com\/ko\/wp-json\/wp\/v2\/media\/46459"}],"wp:attachment":[{"href":"https:\/\/naturalpoland.com\/ko\/wp-json\/wp\/v2\/media?parent=46458"}],"wp:term":[{"taxonomy":"product_brand","embeddable":true,"href":"https:\/\/naturalpoland.com\/ko\/wp-json\/wp\/v2\/product_brand?post=46458"},{"taxonomy":"product_cat","embeddable":true,"href":"https:\/\/naturalpoland.com\/ko\/wp-json\/wp\/v2\/product_cat?post=46458"},{"taxonomy":"product_tag","embeddable":true,"href":"https:\/\/naturalpoland.com\/ko\/wp-json\/wp\/v2\/product_tag?post=46458"}],"curies":[{"name":"wp","href":"https:\/\/api.w.org\/{rel}","templated":true}]}}