{"id":46567,"date":"2026-03-05T14:14:22","date_gmt":"2026-03-05T13:14:22","guid":{"rendered":"https:\/\/naturalpoland.com\/produkty\/uncategorized\/%ec%b9%b4%eb%8b%a4%eb%a9%88-%ec%b6%94%ec%b6%9c%eb%ac%bc\/"},"modified":"2026-03-10T13:50:50","modified_gmt":"2026-03-10T12:50:50","slug":"%ec%b9%b4%eb%8b%a4%eb%a9%88-%ec%b6%94%ec%b6%9c%eb%ac%bc","status":"publish","type":"product","link":"https:\/\/naturalpoland.com\/ko\/je-pum\/sig-mul-chu-chul-mul\/%ec%b9%b4%eb%8b%a4%eb%a9%88-%ec%b6%94%ec%b6%9c%eb%ac%bc\/","title":{"rendered":"\uce74\ub2e4\uba48 \ucd94\ucd9c\ubb3c"},"content":{"rendered":"<h2>\uce74\ub2e4\uba48 \ucd94\ucd9c\ubb3c\uc758 \ud2b9\uc131 \ubc0f \uc791\uc6a9:<\/h2>\n<p>\uce74\ub2e4\uba48\uc740 \ucc9c\uc5f0 \uc5d0\uc13c\uc15c \uc624\uc77c, \ud398\ub180 \ud654\ud569\ubb3c \ubc0f \uac15\ub82c\ud55c \ud5a5\uacfc \uae30\ub2a5\uc801 \ud2b9\uc131\uc744 \ub2f4\ub2f9\ud558\ub294 \uae30\ud0c0 \uc0dd\ub9ac\ud65c\uc131 \uc131\ubd84\uc774 \ud48d\ubd80\ud55c \uc2dd\ubb3c\uc785\ub2c8\ub2e4. \uc774\ub7ec\ud55c \ud654\ud569\ubb3c\uc740 \ud56d\uc0b0\ud654 \uc791\uc6a9\uc744 \ub098\ud0c0\ub0b4\uc5b4 \uc790\uc720 \ub77c\ub514\uce7c\uacfc \uc0b0\ud654 \uc2a4\ud2b8\ub808\uc2a4\ub85c\ubd80\ud130 \uc2e0\uccb4 \uc138\ud3ec\ub97c \ubcf4\ud638\ud558\ub294 \ub370 \ub3c4\uc6c0\uc744 \uc90d\ub2c8\ub2e4. <\/p>\n<p>\uce74\ub2e4\uba48 \ucd94\ucd9c\ubb3c\uc740 <strong>\uc18c\ud654\uacc4 \uae30\ub2a5 \uac1c\uc120<\/strong>, \uc18c\ud654\uc561 \ubd84\ube44 \ucd09\uc9c4 \ubc0f \uc18c\ud654\uac00 \uc5b4\ub824\uc6b4 \uc2dd\uc0ac \ud6c4 \uc18c\ud654 \uac1c\uc120\uc744 \ud1b5\ud574 \uc18c\ud654 \uacfc\uc815\uc5d0 \uae0d\uc815\uc801\uc778 \uc601\ud5a5\uc744 \ubbf8\uce69\ub2c8\ub2e4.<\/p>\n<p>\ud654\uc7a5\ud488\uc5d0\uc11c \uce74\ub2e4\uba48 \ucd94\ucd9c\ubb3c\uc740 <strong>\uc0c1\ucf8c\ud558\uace0 \ud1a0\ub2dd \uc791\uc6a9<\/strong>\uc744 \ud558\ub294 \uc81c\ud488\uc758 \uc131\ubd84\uc73c\ub85c \uc0ac\uc6a9\ub429\ub2c8\ub2e4. \uc2dd\ubb3c\uc5d0 \uc874\uc7ac\ud558\ub294 \ubc29\ud5a5\uc131 \ud654\ud569\ubb3c\uc740 \ud53c\ubd80 \ucee8\ub514\uc158 \uac1c\uc120\uc5d0 \uae30\uc5ec\ud560 \uc218 \uc788\uc73c\uba70, \ud56d\uc0b0\ud654 \ud2b9\uc131\uc740 \ud658\uacbd\uc801 \uc694\uc778\uc73c\ub85c\ubd80\ud130 \ud53c\ubd80\ub97c \ubcf4\ud638\ud558\ub294 \ub370 \ub3c4\uc6c0\uc744 \uc90d\ub2c8\ub2e4. \ucd94\ucd9c\ubb3c\uc5d0 \ud568\uc720\ub41c \uae00\ub9ac\uc138\ub9b0\uc740 \ud53c\ubd80\uc758 \uc801\uc808\ud55c \uc218\ubd84 \uc218\uc900 \uc720\uc9c0\ub97c \ucd94\uac00\ub85c \uc9c0\uc6d0\ud569\ub2c8\ub2e4.  <\/p>\n<p>\uce74\ub2e4\uba48 \ucd94\ucd9c\ubb3c\uc740 \ud5a5\ub8cc \uc81c\ud488 \ubc0f \ud5a5\uae30 \uc81c\ud615\uc5d0\ub3c4 \ud65c\uc6a9\ub420 \uc218 \uc788\uc73c\uba70, \ucc9c\uc5f0 \uc2a4\ud30c\uc774\uc2dc \ud5a5\uc774 \uc870\uc131\ubb3c\uc5d0 \ud2b9\uc9d5\uc801\uc774\uace0 \ub530\ub73b\ud55c \ud5a5\uae30 \ud504\ub85c\ud30c\uc77c\uc744 \ubd80\uc5ec\ud569\ub2c8\ub2e4.<\/p>\n<h2>\uce74\ub2e4\uba48 \ucd94\ucd9c\ubb3c\uc758 \uc751\uc6a9:<\/h2>\n<p>\uce74\ub2e4\uba48 \ucd94\ucd9c\ubb3c\uc740 \ub2e4\uc74c\uc744 \ud3ec\ud568\ud55c \uc5ec\ub7ec \uc0b0\uc5c5 \ubd84\uc57c\uc5d0\uc11c \uc751\uc6a9\ub429\ub2c8\ub2e4:<\/p>\n<ul>\n<li>\uc18c\ud654 \uc9c0\uc6d0 \uac74\uac15\uae30\ub2a5\uc2dd\ud488,<\/li>\n<li>\uc2dd\ud488 \ubc0f \uae30\ub2a5\uc131 \uc74c\ub8cc,<\/li>\n<li>\ucf00\uc5b4 \ubc0f \ud1a0\ub2dd \ud654\uc7a5\ud488,<\/li>\n<li>\uc544\ub85c\ub9c8\ud14c\ub77c\ud53c \uc81c\ud488,<\/li>\n<li>\ucc9c\uc5f0 \uc81c\ud488 \ubc0f \uc2dd\ubb3c\uc131 \ud654\uc7a5\ud488 \uc81c\ud615.<\/li>\n<\/ul>\n<p>\ubcf8 \uc6d0\ub8cc\ub294 \ubb3c\uc5d0 \uc798 \uc6a9\ud574\ub418\uace0 \uc54c\ucf54\uc62c\uc5d0 \ubd80\ubd84\uc801\uc73c\ub85c \uc6a9\ud574\ub418\uba70, \ubbf8\ub124\ub784 \uc624\uc77c\uc5d0\ub294 \ubd88\uc6a9\uc131\uc785\ub2c8\ub2e4. \ubcf8 \uc81c\ud488\uc740 \ubbf8\uc0dd\ubb3c\ud559\uc801 \uc694\uad6c\uc0ac\ud56d \ubc0f \uc911\uae08\uc18d\uacfc \ub18d\uc57d \ud568\ub7c9\uc5d0 \uad00\ud55c \uae30\uc900\uc744 \ucda9\uc871\ud558\uba70, GMO\ub97c \ud568\uc720\ud558\uc9c0 \uc54a\uace0 \ubc29\uc0ac\uc120 \uc870\uc0ac\ub97c \ubc1b\uc9c0 \uc54a\uc558\uc2b5\ub2c8\ub2e4. <\/p>\n","protected":false},"excerpt":{"rendered":"<p><strong>\uce74\ub2e4\uba48 \ucd94\ucd9c\ubb3c<\/strong>\uc740 <em>Elettaria cardamomum<\/em> \uc2dd\ubb3c\uc758 \uc885\uc790\uc5d0\uc11c \uc5bb\uc5b4\uc9c0\uba70, \uac74\uc870\ub41c \uc2dd\ubb3c \uc6d0\ub8cc\ub97c \ubb3c\uacfc \uae00\ub9ac\uc138\ub9b0 1:1 \ud63c\ud569\ubb3c\ub85c \ucd94\ucd9c\ud558\uc5ec \uc5bb\uc740 \uae00\ub9ac\uc138\ub9b0-\uc218\uc131 \ucd94\ucd9c\ubb3c \ud615\ud0dc\uc785\ub2c8\ub2e4.<\/p>\n","protected":false},"featured_media":46568,"template":"","meta":{"_acf_changed":false},"product_brand":[],"product_cat":[8134],"product_tag":[],"class_list":{"0":"post-46567","1":"product","2":"type-product","3":"status-publish","4":"has-post-thumbnail","6":"product_cat-sig-mul-chu-chul-mul","7":"pa_czesc-rosliny-8177","9":"first","10":"instock","11":"shipping-taxable","12":"product-type-simple"},"acf":[],"yoast_head":"<!-- This site is optimized with the Yoast SEO plugin v27.5 - https:\/\/yoast.com\/product\/yoast-seo-wordpress\/ -->\n<title>\uce74\ub2e4\uba48 \ucd94\ucd9c\ubb3c - Hurtowy Dystrybutor<\/title>\n<meta name=\"description\" content=\"\uce74\ub2e4\uba48 \ucd94\ucd9c\ubb3c(Elettaria cardamomum)\uc740 \ubc29\ud5a5\uc131 \ubc0f \uc18c\ud654 \uc9c0\uc6d0 \ud2b9\uc131\uc744 \uac00\uc9c4 \ucc9c\uc5f0 \uc2dd\ubb3c \uc6d0\ub8cc\uc785\ub2c8\ub2e4.\" \/>\n<meta name=\"robots\" content=\"index, follow, max-snippet:-1, max-image-preview:large, max-video-preview:-1\" \/>\n<link rel=\"canonical\" href=\"https:\/\/naturalpoland.com\/ko\/je-pum\/sig-mul-chu-chul-mul\/%ec%b9%b4%eb%8b%a4%eb%a9%88-%ec%b6%94%ec%b6%9c%eb%ac%bc\/\" \/>\n<meta property=\"og:locale\" content=\"ko_KR\" \/>\n<meta property=\"og:type\" content=\"article\" \/>\n<meta property=\"og:title\" content=\"\uce74\ub2e4\uba48 \ucd94\ucd9c\ubb3c - Hurtowy Dystrybutor\" \/>\n<meta property=\"og:description\" content=\"\uce74\ub2e4\uba48 \ucd94\ucd9c\ubb3c(Elettaria cardamomum)\uc740 \ubc29\ud5a5\uc131 \ubc0f \uc18c\ud654 \uc9c0\uc6d0 \ud2b9\uc131\uc744 \uac00\uc9c4 \ucc9c\uc5f0 \uc2dd\ubb3c \uc6d0\ub8cc\uc785\ub2c8\ub2e4.\" \/>\n<meta property=\"og:url\" content=\"https:\/\/naturalpoland.com\/ko\/je-pum\/sig-mul-chu-chul-mul\/%ec%b9%b4%eb%8b%a4%eb%a9%88-%ec%b6%94%ec%b6%9c%eb%ac%bc\/\" \/>\n<meta property=\"og:site_name\" content=\"NATURAL POLAND - Hurtowy Dystrybutor Surowc\u00f3w\" \/>\n<meta property=\"article:publisher\" content=\"https:\/\/www.facebook.com\/naturalpoland.b2b\" \/>\n<meta property=\"article:modified_time\" content=\"2026-03-10T12:50:50+00:00\" \/>\n<meta property=\"og:image\" content=\"https:\/\/naturalpoland.com\/wp-content\/uploads\/ekstrakt-z-kardamonu.webp\" \/>\n\t<meta property=\"og:image:width\" content=\"1024\" \/>\n\t<meta property=\"og:image:height\" content=\"1024\" \/>\n\t<meta property=\"og:image:type\" content=\"image\/webp\" \/>\n<script type=\"application\/ld+json\" class=\"yoast-schema-graph\">{\"@context\":\"https:\\\/\\\/schema.org\",\"@graph\":[{\"@type\":\"WebPage\",\"@id\":\"https:\\\/\\\/naturalpoland.com\\\/ko\\\/je-pum\\\/sig-mul-chu-chul-mul\\\/%ec%b9%b4%eb%8b%a4%eb%a9%88-%ec%b6%94%ec%b6%9c%eb%ac%bc\\\/\",\"url\":\"https:\\\/\\\/naturalpoland.com\\\/ko\\\/je-pum\\\/sig-mul-chu-chul-mul\\\/%ec%b9%b4%eb%8b%a4%eb%a9%88-%ec%b6%94%ec%b6%9c%eb%ac%bc\\\/\",\"name\":\"\uce74\ub2e4\uba48 \ucd94\ucd9c\ubb3c - Hurtowy Dystrybutor\",\"isPartOf\":{\"@id\":\"https:\\\/\\\/naturalpoland.com\\\/ko\\\/#website\"},\"primaryImageOfPage\":{\"@id\":\"https:\\\/\\\/naturalpoland.com\\\/ko\\\/je-pum\\\/sig-mul-chu-chul-mul\\\/%ec%b9%b4%eb%8b%a4%eb%a9%88-%ec%b6%94%ec%b6%9c%eb%ac%bc\\\/#primaryimage\"},\"image\":{\"@id\":\"https:\\\/\\\/naturalpoland.com\\\/ko\\\/je-pum\\\/sig-mul-chu-chul-mul\\\/%ec%b9%b4%eb%8b%a4%eb%a9%88-%ec%b6%94%ec%b6%9c%eb%ac%bc\\\/#primaryimage\"},\"thumbnailUrl\":\"https:\\\/\\\/naturalpoland.com\\\/wp-content\\\/uploads\\\/ekstrakt-z-kardamonu.webp\",\"datePublished\":\"2026-03-05T13:14:22+00:00\",\"dateModified\":\"2026-03-10T12:50:50+00:00\",\"description\":\"\uce74\ub2e4\uba48 \ucd94\ucd9c\ubb3c(Elettaria cardamomum)\uc740 \ubc29\ud5a5\uc131 \ubc0f \uc18c\ud654 \uc9c0\uc6d0 \ud2b9\uc131\uc744 \uac00\uc9c4 \ucc9c\uc5f0 \uc2dd\ubb3c \uc6d0\ub8cc\uc785\ub2c8\ub2e4.\",\"breadcrumb\":{\"@id\":\"https:\\\/\\\/naturalpoland.com\\\/ko\\\/je-pum\\\/sig-mul-chu-chul-mul\\\/%ec%b9%b4%eb%8b%a4%eb%a9%88-%ec%b6%94%ec%b6%9c%eb%ac%bc\\\/#breadcrumb\"},\"inLanguage\":\"ko-KR\",\"potentialAction\":[{\"@type\":\"ReadAction\",\"target\":[\"https:\\\/\\\/naturalpoland.com\\\/ko\\\/je-pum\\\/sig-mul-chu-chul-mul\\\/%ec%b9%b4%eb%8b%a4%eb%a9%88-%ec%b6%94%ec%b6%9c%eb%ac%bc\\\/\"]}]},{\"@type\":\"ImageObject\",\"inLanguage\":\"ko-KR\",\"@id\":\"https:\\\/\\\/naturalpoland.com\\\/ko\\\/je-pum\\\/sig-mul-chu-chul-mul\\\/%ec%b9%b4%eb%8b%a4%eb%a9%88-%ec%b6%94%ec%b6%9c%eb%ac%bc\\\/#primaryimage\",\"url\":\"https:\\\/\\\/naturalpoland.com\\\/wp-content\\\/uploads\\\/ekstrakt-z-kardamonu.webp\",\"contentUrl\":\"https:\\\/\\\/naturalpoland.com\\\/wp-content\\\/uploads\\\/ekstrakt-z-kardamonu.webp\",\"width\":1024,\"height\":1024,\"caption\":\"\uc2dc\ub098\ubaac \ucd94\ucd9c\ubb3c \uae00\ub9ac\uc138\ub9b0-\uc218\uc131\"},{\"@type\":\"BreadcrumbList\",\"@id\":\"https:\\\/\\\/naturalpoland.com\\\/ko\\\/je-pum\\\/sig-mul-chu-chul-mul\\\/%ec%b9%b4%eb%8b%a4%eb%a9%88-%ec%b6%94%ec%b6%9c%eb%ac%bc\\\/#breadcrumb\",\"itemListElement\":[{\"@type\":\"ListItem\",\"position\":1,\"name\":\"\ud648\",\"item\":\"https:\\\/\\\/naturalpoland.com\\\/ko\\\/\"},{\"@type\":\"ListItem\",\"position\":2,\"name\":\"\uc81c\ud488\",\"item\":\"https:\\\/\\\/naturalpoland.com\\\/ko\\\/%ec%a0%9c%ed%92%88\\\/\"},{\"@type\":\"ListItem\",\"position\":3,\"name\":\"\uce74\ub2e4\uba48 \ucd94\ucd9c\ubb3c\"}]},{\"@type\":\"WebSite\",\"@id\":\"https:\\\/\\\/naturalpoland.com\\\/ko\\\/#website\",\"url\":\"https:\\\/\\\/naturalpoland.com\\\/ko\\\/\",\"name\":\"NATURAL POLAND - Hurtowy Dystrybutor Surowc\u00f3w\",\"description\":\"Surowce dla przemys\u0142u spo\u017cywczego, kosmetycznego i farmaceutycznego\",\"publisher\":{\"@id\":\"https:\\\/\\\/naturalpoland.com\\\/ko\\\/#organization\"},\"potentialAction\":[{\"@type\":\"SearchAction\",\"target\":{\"@type\":\"EntryPoint\",\"urlTemplate\":\"https:\\\/\\\/naturalpoland.com\\\/ko\\\/?s={search_term_string}\"},\"query-input\":{\"@type\":\"PropertyValueSpecification\",\"valueRequired\":true,\"valueName\":\"search_term_string\"}}],\"inLanguage\":\"ko-KR\"},{\"@type\":\"Organization\",\"@id\":\"https:\\\/\\\/naturalpoland.com\\\/ko\\\/#organization\",\"name\":\"Natural Poland\",\"url\":\"https:\\\/\\\/naturalpoland.com\\\/ko\\\/\",\"logo\":{\"@type\":\"ImageObject\",\"inLanguage\":\"ko-KR\",\"@id\":\"https:\\\/\\\/naturalpoland.com\\\/ko\\\/#\\\/schema\\\/logo\\\/image\\\/\",\"url\":\"https:\\\/\\\/naturalpoland.com\\\/wp-content\\\/uploads\\\/2021\\\/05\\\/natural-poland-icon.png\",\"contentUrl\":\"https:\\\/\\\/naturalpoland.com\\\/wp-content\\\/uploads\\\/2021\\\/05\\\/natural-poland-icon.png\",\"width\":512,\"height\":512,\"caption\":\"Natural Poland\"},\"image\":{\"@id\":\"https:\\\/\\\/naturalpoland.com\\\/ko\\\/#\\\/schema\\\/logo\\\/image\\\/\"},\"sameAs\":[\"https:\\\/\\\/www.facebook.com\\\/naturalpoland.b2b\",\"https:\\\/\\\/pl.linkedin.com\\\/company\\\/natural-poland\",\"https:\\\/\\\/www.youtube.com\\\/channel\\\/UCgeGGkvOMahZo-xu_MSEWxg\"]}]}<\/script>\n<!-- \/ Yoast SEO plugin. -->","yoast_head_json":{"title":"\uce74\ub2e4\uba48 \ucd94\ucd9c\ubb3c - Hurtowy Dystrybutor","description":"\uce74\ub2e4\uba48 \ucd94\ucd9c\ubb3c(Elettaria cardamomum)\uc740 \ubc29\ud5a5\uc131 \ubc0f \uc18c\ud654 \uc9c0\uc6d0 \ud2b9\uc131\uc744 \uac00\uc9c4 \ucc9c\uc5f0 \uc2dd\ubb3c \uc6d0\ub8cc\uc785\ub2c8\ub2e4.","robots":{"index":"index","follow":"follow","max-snippet":"max-snippet:-1","max-image-preview":"max-image-preview:large","max-video-preview":"max-video-preview:-1"},"canonical":"https:\/\/naturalpoland.com\/ko\/je-pum\/sig-mul-chu-chul-mul\/%ec%b9%b4%eb%8b%a4%eb%a9%88-%ec%b6%94%ec%b6%9c%eb%ac%bc\/","og_locale":"ko_KR","og_type":"article","og_title":"\uce74\ub2e4\uba48 \ucd94\ucd9c\ubb3c - Hurtowy Dystrybutor","og_description":"\uce74\ub2e4\uba48 \ucd94\ucd9c\ubb3c(Elettaria cardamomum)\uc740 \ubc29\ud5a5\uc131 \ubc0f \uc18c\ud654 \uc9c0\uc6d0 \ud2b9\uc131\uc744 \uac00\uc9c4 \ucc9c\uc5f0 \uc2dd\ubb3c \uc6d0\ub8cc\uc785\ub2c8\ub2e4.","og_url":"https:\/\/naturalpoland.com\/ko\/je-pum\/sig-mul-chu-chul-mul\/%ec%b9%b4%eb%8b%a4%eb%a9%88-%ec%b6%94%ec%b6%9c%eb%ac%bc\/","og_site_name":"NATURAL POLAND - Hurtowy Dystrybutor Surowc\u00f3w","article_publisher":"https:\/\/www.facebook.com\/naturalpoland.b2b","article_modified_time":"2026-03-10T12:50:50+00:00","og_image":[{"width":1024,"height":1024,"url":"https:\/\/naturalpoland.com\/wp-content\/uploads\/ekstrakt-z-kardamonu.webp","type":"image\/webp"}],"schema":{"@context":"https:\/\/schema.org","@graph":[{"@type":"WebPage","@id":"https:\/\/naturalpoland.com\/ko\/je-pum\/sig-mul-chu-chul-mul\/%ec%b9%b4%eb%8b%a4%eb%a9%88-%ec%b6%94%ec%b6%9c%eb%ac%bc\/","url":"https:\/\/naturalpoland.com\/ko\/je-pum\/sig-mul-chu-chul-mul\/%ec%b9%b4%eb%8b%a4%eb%a9%88-%ec%b6%94%ec%b6%9c%eb%ac%bc\/","name":"\uce74\ub2e4\uba48 \ucd94\ucd9c\ubb3c - Hurtowy Dystrybutor","isPartOf":{"@id":"https:\/\/naturalpoland.com\/ko\/#website"},"primaryImageOfPage":{"@id":"https:\/\/naturalpoland.com\/ko\/je-pum\/sig-mul-chu-chul-mul\/%ec%b9%b4%eb%8b%a4%eb%a9%88-%ec%b6%94%ec%b6%9c%eb%ac%bc\/#primaryimage"},"image":{"@id":"https:\/\/naturalpoland.com\/ko\/je-pum\/sig-mul-chu-chul-mul\/%ec%b9%b4%eb%8b%a4%eb%a9%88-%ec%b6%94%ec%b6%9c%eb%ac%bc\/#primaryimage"},"thumbnailUrl":"https:\/\/naturalpoland.com\/wp-content\/uploads\/ekstrakt-z-kardamonu.webp","datePublished":"2026-03-05T13:14:22+00:00","dateModified":"2026-03-10T12:50:50+00:00","description":"\uce74\ub2e4\uba48 \ucd94\ucd9c\ubb3c(Elettaria cardamomum)\uc740 \ubc29\ud5a5\uc131 \ubc0f \uc18c\ud654 \uc9c0\uc6d0 \ud2b9\uc131\uc744 \uac00\uc9c4 \ucc9c\uc5f0 \uc2dd\ubb3c \uc6d0\ub8cc\uc785\ub2c8\ub2e4.","breadcrumb":{"@id":"https:\/\/naturalpoland.com\/ko\/je-pum\/sig-mul-chu-chul-mul\/%ec%b9%b4%eb%8b%a4%eb%a9%88-%ec%b6%94%ec%b6%9c%eb%ac%bc\/#breadcrumb"},"inLanguage":"ko-KR","potentialAction":[{"@type":"ReadAction","target":["https:\/\/naturalpoland.com\/ko\/je-pum\/sig-mul-chu-chul-mul\/%ec%b9%b4%eb%8b%a4%eb%a9%88-%ec%b6%94%ec%b6%9c%eb%ac%bc\/"]}]},{"@type":"ImageObject","inLanguage":"ko-KR","@id":"https:\/\/naturalpoland.com\/ko\/je-pum\/sig-mul-chu-chul-mul\/%ec%b9%b4%eb%8b%a4%eb%a9%88-%ec%b6%94%ec%b6%9c%eb%ac%bc\/#primaryimage","url":"https:\/\/naturalpoland.com\/wp-content\/uploads\/ekstrakt-z-kardamonu.webp","contentUrl":"https:\/\/naturalpoland.com\/wp-content\/uploads\/ekstrakt-z-kardamonu.webp","width":1024,"height":1024,"caption":"\uc2dc\ub098\ubaac \ucd94\ucd9c\ubb3c \uae00\ub9ac\uc138\ub9b0-\uc218\uc131"},{"@type":"BreadcrumbList","@id":"https:\/\/naturalpoland.com\/ko\/je-pum\/sig-mul-chu-chul-mul\/%ec%b9%b4%eb%8b%a4%eb%a9%88-%ec%b6%94%ec%b6%9c%eb%ac%bc\/#breadcrumb","itemListElement":[{"@type":"ListItem","position":1,"name":"\ud648","item":"https:\/\/naturalpoland.com\/ko\/"},{"@type":"ListItem","position":2,"name":"\uc81c\ud488","item":"https:\/\/naturalpoland.com\/ko\/%ec%a0%9c%ed%92%88\/"},{"@type":"ListItem","position":3,"name":"\uce74\ub2e4\uba48 \ucd94\ucd9c\ubb3c"}]},{"@type":"WebSite","@id":"https:\/\/naturalpoland.com\/ko\/#website","url":"https:\/\/naturalpoland.com\/ko\/","name":"NATURAL POLAND - Hurtowy Dystrybutor Surowc\u00f3w","description":"Surowce dla przemys\u0142u spo\u017cywczego, kosmetycznego i farmaceutycznego","publisher":{"@id":"https:\/\/naturalpoland.com\/ko\/#organization"},"potentialAction":[{"@type":"SearchAction","target":{"@type":"EntryPoint","urlTemplate":"https:\/\/naturalpoland.com\/ko\/?s={search_term_string}"},"query-input":{"@type":"PropertyValueSpecification","valueRequired":true,"valueName":"search_term_string"}}],"inLanguage":"ko-KR"},{"@type":"Organization","@id":"https:\/\/naturalpoland.com\/ko\/#organization","name":"Natural Poland","url":"https:\/\/naturalpoland.com\/ko\/","logo":{"@type":"ImageObject","inLanguage":"ko-KR","@id":"https:\/\/naturalpoland.com\/ko\/#\/schema\/logo\/image\/","url":"https:\/\/naturalpoland.com\/wp-content\/uploads\/2021\/05\/natural-poland-icon.png","contentUrl":"https:\/\/naturalpoland.com\/wp-content\/uploads\/2021\/05\/natural-poland-icon.png","width":512,"height":512,"caption":"Natural Poland"},"image":{"@id":"https:\/\/naturalpoland.com\/ko\/#\/schema\/logo\/image\/"},"sameAs":["https:\/\/www.facebook.com\/naturalpoland.b2b","https:\/\/pl.linkedin.com\/company\/natural-poland","https:\/\/www.youtube.com\/channel\/UCgeGGkvOMahZo-xu_MSEWxg"]}]}},"_links":{"self":[{"href":"https:\/\/naturalpoland.com\/ko\/wp-json\/wp\/v2\/product\/46567","targetHints":{"allow":["GET"]}}],"collection":[{"href":"https:\/\/naturalpoland.com\/ko\/wp-json\/wp\/v2\/product"}],"about":[{"href":"https:\/\/naturalpoland.com\/ko\/wp-json\/wp\/v2\/types\/product"}],"wp:featuredmedia":[{"embeddable":true,"href":"https:\/\/naturalpoland.com\/ko\/wp-json\/wp\/v2\/media\/46568"}],"wp:attachment":[{"href":"https:\/\/naturalpoland.com\/ko\/wp-json\/wp\/v2\/media?parent=46567"}],"wp:term":[{"taxonomy":"product_brand","embeddable":true,"href":"https:\/\/naturalpoland.com\/ko\/wp-json\/wp\/v2\/product_brand?post=46567"},{"taxonomy":"product_cat","embeddable":true,"href":"https:\/\/naturalpoland.com\/ko\/wp-json\/wp\/v2\/product_cat?post=46567"},{"taxonomy":"product_tag","embeddable":true,"href":"https:\/\/naturalpoland.com\/ko\/wp-json\/wp\/v2\/product_tag?post=46567"}],"curies":[{"name":"wp","href":"https:\/\/api.w.org\/{rel}","templated":true}]}}