{"id":46651,"date":"2023-04-14T18:32:52","date_gmt":"2023-04-14T16:32:52","guid":{"rendered":"https:\/\/naturalpoland.com\/produkty\/uncategorized\/%ea%b7%b8%eb%a6%b0-%ec%bb%a4%ed%94%bc-%ec%b6%94%ec%b6%9c%eb%ac%bc\/"},"modified":"2026-03-10T14:58:37","modified_gmt":"2026-03-10T13:58:37","slug":"%ea%b7%b8%eb%a6%b0-%ec%bb%a4%ed%94%bc-%ec%b6%94%ec%b6%9c%eb%ac%bc","status":"publish","type":"product","link":"https:\/\/naturalpoland.com\/ko\/je-pum\/hwa-jang-pum-won-ryo\/ma-se-re-i-teu\/%ea%b7%b8%eb%a6%b0-%ec%bb%a4%ed%94%bc-%ec%b6%94%ec%b6%9c%eb%ac%bc\/","title":{"rendered":"\uadf8\ub9b0 \ucee4\ud53c \ucd94\ucd9c\ubb3c"},"content":{"rendered":"<p>\uadf8\ub9b0 \ucee4\ud53c \ucd94\ucd9c\ubb3c\uc740 \uac74\uc131, \uc131\uc219, \ubbfc\uac10\uc131 \ubc0f \uac01\uc9c8\uc774 \uc77c\uc5b4\ub098\ub294 \ud53c\ubd80\uc758 \uc77c\uc0c1\uc801\uc778 \uad00\ub9ac\ub97c \uc704\ud55c \uc81c\ud488\uc73c\ub85c \uc0ac\uc6a9\ub420 \uc218 \uc788\uc2b5\ub2c8\ub2e4. \ub192\uc740 \ube44\ud0c0\ubbfc E \ud568\ub7c9\uc740 \ud53c\ubd80\ub97c \uc720\ud574\ud55c \uc790\uc678\uc120\uc73c\ub85c\ubd80\ud130 \ubcf4\ud638\ud558\uba70, \ud53c\ud1a0\uc2a4\ud14c\ub864\uc740 \uc801\uc808\ud55c \ubcf4\uc2b5\uacfc \uc7ac\uc0dd\uc744 \uc81c\uacf5\ud558\uace0 \ud56d\uc5fc \uc791\uc6a9\uc744 \ud569\ub2c8\ub2e4. <\/p>\n","protected":false},"excerpt":{"rendered":"<p>\uadf8\ub9b0 \ucee4\ud53c \ucd94\ucd9c \uc624\uc77c\uc740 \uac15\ub825\ud55c \ud56d\uc0b0\ud654 \ud2b9\uc131\uc744 \ub098\ud0c0\ub0b4\uc5b4 \ud65c\uc131 \uc0b0\uc18c\uc758 \ubd80\uc815\uc801\uc778 \uc601\ud5a5\uc744 \uc904\uc5ec\uc90d\ub2c8\ub2e4.<\/p>\n","protected":false},"featured_media":46652,"template":"","meta":{"_acf_changed":false},"product_brand":[],"product_cat":[8152],"product_tag":[],"class_list":{"0":"post-46651","1":"product","2":"type-product","3":"status-publish","4":"has-post-thumbnail","6":"product_cat-ma-se-re-i-teu","8":"first","9":"instock","10":"shipping-taxable","11":"product-type-simple"},"acf":[],"yoast_head":"<!-- This site is optimized with the Yoast SEO plugin v27.4 - https:\/\/yoast.com\/product\/yoast-seo-wordpress\/ -->\n<title>\uadf8\ub9b0 \ucee4\ud53c \ucd94\ucd9c\ubb3c - Hurtowy Dystrybutor<\/title>\n<meta name=\"robots\" content=\"index, follow, max-snippet:-1, max-image-preview:large, max-video-preview:-1\" \/>\n<link rel=\"canonical\" href=\"https:\/\/naturalpoland.com\/ko\/je-pum\/hwa-jang-pum-won-ryo\/ma-se-re-i-teu\/%ea%b7%b8%eb%a6%b0-%ec%bb%a4%ed%94%bc-%ec%b6%94%ec%b6%9c%eb%ac%bc\/\" \/>\n<meta property=\"og:locale\" content=\"ko_KR\" \/>\n<meta property=\"og:type\" content=\"article\" \/>\n<meta property=\"og:title\" content=\"\uadf8\ub9b0 \ucee4\ud53c \ucd94\ucd9c\ubb3c - Hurtowy Dystrybutor\" \/>\n<meta property=\"og:description\" content=\"\uadf8\ub9b0 \ucee4\ud53c \ucd94\ucd9c \uc624\uc77c\uc740 \uac15\ub825\ud55c \ud56d\uc0b0\ud654 \ud2b9\uc131\uc744 \ub098\ud0c0\ub0b4\uc5b4 \ud65c\uc131 \uc0b0\uc18c\uc758 \ubd80\uc815\uc801\uc778 \uc601\ud5a5\uc744 \uc904\uc5ec\uc90d\ub2c8\ub2e4.\" \/>\n<meta property=\"og:url\" content=\"https:\/\/naturalpoland.com\/ko\/je-pum\/hwa-jang-pum-won-ryo\/ma-se-re-i-teu\/%ea%b7%b8%eb%a6%b0-%ec%bb%a4%ed%94%bc-%ec%b6%94%ec%b6%9c%eb%ac%bc\/\" \/>\n<meta property=\"og:site_name\" content=\"NATURAL POLAND - Hurtowy Dystrybutor Surowc\u00f3w\" \/>\n<meta property=\"article:publisher\" content=\"https:\/\/www.facebook.com\/naturalpoland.b2b\" \/>\n<meta property=\"article:modified_time\" content=\"2026-03-10T13:58:37+00:00\" \/>\n<meta property=\"og:image\" content=\"https:\/\/naturalpoland.com\/wp-content\/uploads\/green-coffe.jpg\" \/>\n\t<meta property=\"og:image:width\" content=\"500\" \/>\n\t<meta property=\"og:image:height\" content=\"323\" \/>\n\t<meta property=\"og:image:type\" content=\"image\/jpeg\" \/>\n<script type=\"application\/ld+json\" class=\"yoast-schema-graph\">{\"@context\":\"https:\\\/\\\/schema.org\",\"@graph\":[{\"@type\":\"WebPage\",\"@id\":\"https:\\\/\\\/naturalpoland.com\\\/ko\\\/je-pum\\\/hwa-jang-pum-won-ryo\\\/ma-se-re-i-teu\\\/%ea%b7%b8%eb%a6%b0-%ec%bb%a4%ed%94%bc-%ec%b6%94%ec%b6%9c%eb%ac%bc\\\/\",\"url\":\"https:\\\/\\\/naturalpoland.com\\\/ko\\\/je-pum\\\/hwa-jang-pum-won-ryo\\\/ma-se-re-i-teu\\\/%ea%b7%b8%eb%a6%b0-%ec%bb%a4%ed%94%bc-%ec%b6%94%ec%b6%9c%eb%ac%bc\\\/\",\"name\":\"\uadf8\ub9b0 \ucee4\ud53c \ucd94\ucd9c\ubb3c - Hurtowy Dystrybutor\",\"isPartOf\":{\"@id\":\"https:\\\/\\\/naturalpoland.com\\\/ko\\\/#website\"},\"primaryImageOfPage\":{\"@id\":\"https:\\\/\\\/naturalpoland.com\\\/ko\\\/je-pum\\\/hwa-jang-pum-won-ryo\\\/ma-se-re-i-teu\\\/%ea%b7%b8%eb%a6%b0-%ec%bb%a4%ed%94%bc-%ec%b6%94%ec%b6%9c%eb%ac%bc\\\/#primaryimage\"},\"image\":{\"@id\":\"https:\\\/\\\/naturalpoland.com\\\/ko\\\/je-pum\\\/hwa-jang-pum-won-ryo\\\/ma-se-re-i-teu\\\/%ea%b7%b8%eb%a6%b0-%ec%bb%a4%ed%94%bc-%ec%b6%94%ec%b6%9c%eb%ac%bc\\\/#primaryimage\"},\"thumbnailUrl\":\"https:\\\/\\\/naturalpoland.com\\\/wp-content\\\/uploads\\\/green-coffe.jpg\",\"datePublished\":\"2023-04-14T16:32:52+00:00\",\"dateModified\":\"2026-03-10T13:58:37+00:00\",\"breadcrumb\":{\"@id\":\"https:\\\/\\\/naturalpoland.com\\\/ko\\\/je-pum\\\/hwa-jang-pum-won-ryo\\\/ma-se-re-i-teu\\\/%ea%b7%b8%eb%a6%b0-%ec%bb%a4%ed%94%bc-%ec%b6%94%ec%b6%9c%eb%ac%bc\\\/#breadcrumb\"},\"inLanguage\":\"ko-KR\",\"potentialAction\":[{\"@type\":\"ReadAction\",\"target\":[\"https:\\\/\\\/naturalpoland.com\\\/ko\\\/je-pum\\\/hwa-jang-pum-won-ryo\\\/ma-se-re-i-teu\\\/%ea%b7%b8%eb%a6%b0-%ec%bb%a4%ed%94%bc-%ec%b6%94%ec%b6%9c%eb%ac%bc\\\/\"]}]},{\"@type\":\"ImageObject\",\"inLanguage\":\"ko-KR\",\"@id\":\"https:\\\/\\\/naturalpoland.com\\\/ko\\\/je-pum\\\/hwa-jang-pum-won-ryo\\\/ma-se-re-i-teu\\\/%ea%b7%b8%eb%a6%b0-%ec%bb%a4%ed%94%bc-%ec%b6%94%ec%b6%9c%eb%ac%bc\\\/#primaryimage\",\"url\":\"https:\\\/\\\/naturalpoland.com\\\/wp-content\\\/uploads\\\/green-coffe.jpg\",\"contentUrl\":\"https:\\\/\\\/naturalpoland.com\\\/wp-content\\\/uploads\\\/green-coffe.jpg\",\"width\":500,\"height\":323,\"caption\":\"\uadf8\ub9b0-\ucee4\ud53c\"},{\"@type\":\"BreadcrumbList\",\"@id\":\"https:\\\/\\\/naturalpoland.com\\\/ko\\\/je-pum\\\/hwa-jang-pum-won-ryo\\\/ma-se-re-i-teu\\\/%ea%b7%b8%eb%a6%b0-%ec%bb%a4%ed%94%bc-%ec%b6%94%ec%b6%9c%eb%ac%bc\\\/#breadcrumb\",\"itemListElement\":[{\"@type\":\"ListItem\",\"position\":1,\"name\":\"\ud648\",\"item\":\"https:\\\/\\\/naturalpoland.com\\\/ko\\\/\"},{\"@type\":\"ListItem\",\"position\":2,\"name\":\"\uc81c\ud488\",\"item\":\"https:\\\/\\\/naturalpoland.com\\\/ko\\\/%ec%a0%9c%ed%92%88\\\/\"},{\"@type\":\"ListItem\",\"position\":3,\"name\":\"\uadf8\ub9b0 \ucee4\ud53c \ucd94\ucd9c\ubb3c\"}]},{\"@type\":\"WebSite\",\"@id\":\"https:\\\/\\\/naturalpoland.com\\\/ko\\\/#website\",\"url\":\"https:\\\/\\\/naturalpoland.com\\\/ko\\\/\",\"name\":\"NATURAL POLAND - Hurtowy Dystrybutor Surowc\u00f3w\",\"description\":\"Surowce dla przemys\u0142u spo\u017cywczego, kosmetycznego i farmaceutycznego\",\"publisher\":{\"@id\":\"https:\\\/\\\/naturalpoland.com\\\/ko\\\/#organization\"},\"potentialAction\":[{\"@type\":\"SearchAction\",\"target\":{\"@type\":\"EntryPoint\",\"urlTemplate\":\"https:\\\/\\\/naturalpoland.com\\\/ko\\\/?s={search_term_string}\"},\"query-input\":{\"@type\":\"PropertyValueSpecification\",\"valueRequired\":true,\"valueName\":\"search_term_string\"}}],\"inLanguage\":\"ko-KR\"},{\"@type\":\"Organization\",\"@id\":\"https:\\\/\\\/naturalpoland.com\\\/ko\\\/#organization\",\"name\":\"Natural Poland\",\"url\":\"https:\\\/\\\/naturalpoland.com\\\/ko\\\/\",\"logo\":{\"@type\":\"ImageObject\",\"inLanguage\":\"ko-KR\",\"@id\":\"https:\\\/\\\/naturalpoland.com\\\/ko\\\/#\\\/schema\\\/logo\\\/image\\\/\",\"url\":\"https:\\\/\\\/naturalpoland.com\\\/wp-content\\\/uploads\\\/2021\\\/05\\\/natural-poland-icon.png\",\"contentUrl\":\"https:\\\/\\\/naturalpoland.com\\\/wp-content\\\/uploads\\\/2021\\\/05\\\/natural-poland-icon.png\",\"width\":512,\"height\":512,\"caption\":\"Natural Poland\"},\"image\":{\"@id\":\"https:\\\/\\\/naturalpoland.com\\\/ko\\\/#\\\/schema\\\/logo\\\/image\\\/\"},\"sameAs\":[\"https:\\\/\\\/www.facebook.com\\\/naturalpoland.b2b\",\"https:\\\/\\\/pl.linkedin.com\\\/company\\\/natural-poland\",\"https:\\\/\\\/www.youtube.com\\\/channel\\\/UCgeGGkvOMahZo-xu_MSEWxg\"]}]}<\/script>\n<!-- \/ Yoast SEO plugin. -->","yoast_head_json":{"title":"\uadf8\ub9b0 \ucee4\ud53c \ucd94\ucd9c\ubb3c - Hurtowy Dystrybutor","robots":{"index":"index","follow":"follow","max-snippet":"max-snippet:-1","max-image-preview":"max-image-preview:large","max-video-preview":"max-video-preview:-1"},"canonical":"https:\/\/naturalpoland.com\/ko\/je-pum\/hwa-jang-pum-won-ryo\/ma-se-re-i-teu\/%ea%b7%b8%eb%a6%b0-%ec%bb%a4%ed%94%bc-%ec%b6%94%ec%b6%9c%eb%ac%bc\/","og_locale":"ko_KR","og_type":"article","og_title":"\uadf8\ub9b0 \ucee4\ud53c \ucd94\ucd9c\ubb3c - Hurtowy Dystrybutor","og_description":"\uadf8\ub9b0 \ucee4\ud53c \ucd94\ucd9c \uc624\uc77c\uc740 \uac15\ub825\ud55c \ud56d\uc0b0\ud654 \ud2b9\uc131\uc744 \ub098\ud0c0\ub0b4\uc5b4 \ud65c\uc131 \uc0b0\uc18c\uc758 \ubd80\uc815\uc801\uc778 \uc601\ud5a5\uc744 \uc904\uc5ec\uc90d\ub2c8\ub2e4.","og_url":"https:\/\/naturalpoland.com\/ko\/je-pum\/hwa-jang-pum-won-ryo\/ma-se-re-i-teu\/%ea%b7%b8%eb%a6%b0-%ec%bb%a4%ed%94%bc-%ec%b6%94%ec%b6%9c%eb%ac%bc\/","og_site_name":"NATURAL POLAND - Hurtowy Dystrybutor Surowc\u00f3w","article_publisher":"https:\/\/www.facebook.com\/naturalpoland.b2b","article_modified_time":"2026-03-10T13:58:37+00:00","og_image":[{"width":500,"height":323,"url":"https:\/\/naturalpoland.com\/wp-content\/uploads\/green-coffe.jpg","type":"image\/jpeg"}],"schema":{"@context":"https:\/\/schema.org","@graph":[{"@type":"WebPage","@id":"https:\/\/naturalpoland.com\/ko\/je-pum\/hwa-jang-pum-won-ryo\/ma-se-re-i-teu\/%ea%b7%b8%eb%a6%b0-%ec%bb%a4%ed%94%bc-%ec%b6%94%ec%b6%9c%eb%ac%bc\/","url":"https:\/\/naturalpoland.com\/ko\/je-pum\/hwa-jang-pum-won-ryo\/ma-se-re-i-teu\/%ea%b7%b8%eb%a6%b0-%ec%bb%a4%ed%94%bc-%ec%b6%94%ec%b6%9c%eb%ac%bc\/","name":"\uadf8\ub9b0 \ucee4\ud53c \ucd94\ucd9c\ubb3c - Hurtowy Dystrybutor","isPartOf":{"@id":"https:\/\/naturalpoland.com\/ko\/#website"},"primaryImageOfPage":{"@id":"https:\/\/naturalpoland.com\/ko\/je-pum\/hwa-jang-pum-won-ryo\/ma-se-re-i-teu\/%ea%b7%b8%eb%a6%b0-%ec%bb%a4%ed%94%bc-%ec%b6%94%ec%b6%9c%eb%ac%bc\/#primaryimage"},"image":{"@id":"https:\/\/naturalpoland.com\/ko\/je-pum\/hwa-jang-pum-won-ryo\/ma-se-re-i-teu\/%ea%b7%b8%eb%a6%b0-%ec%bb%a4%ed%94%bc-%ec%b6%94%ec%b6%9c%eb%ac%bc\/#primaryimage"},"thumbnailUrl":"https:\/\/naturalpoland.com\/wp-content\/uploads\/green-coffe.jpg","datePublished":"2023-04-14T16:32:52+00:00","dateModified":"2026-03-10T13:58:37+00:00","breadcrumb":{"@id":"https:\/\/naturalpoland.com\/ko\/je-pum\/hwa-jang-pum-won-ryo\/ma-se-re-i-teu\/%ea%b7%b8%eb%a6%b0-%ec%bb%a4%ed%94%bc-%ec%b6%94%ec%b6%9c%eb%ac%bc\/#breadcrumb"},"inLanguage":"ko-KR","potentialAction":[{"@type":"ReadAction","target":["https:\/\/naturalpoland.com\/ko\/je-pum\/hwa-jang-pum-won-ryo\/ma-se-re-i-teu\/%ea%b7%b8%eb%a6%b0-%ec%bb%a4%ed%94%bc-%ec%b6%94%ec%b6%9c%eb%ac%bc\/"]}]},{"@type":"ImageObject","inLanguage":"ko-KR","@id":"https:\/\/naturalpoland.com\/ko\/je-pum\/hwa-jang-pum-won-ryo\/ma-se-re-i-teu\/%ea%b7%b8%eb%a6%b0-%ec%bb%a4%ed%94%bc-%ec%b6%94%ec%b6%9c%eb%ac%bc\/#primaryimage","url":"https:\/\/naturalpoland.com\/wp-content\/uploads\/green-coffe.jpg","contentUrl":"https:\/\/naturalpoland.com\/wp-content\/uploads\/green-coffe.jpg","width":500,"height":323,"caption":"\uadf8\ub9b0-\ucee4\ud53c"},{"@type":"BreadcrumbList","@id":"https:\/\/naturalpoland.com\/ko\/je-pum\/hwa-jang-pum-won-ryo\/ma-se-re-i-teu\/%ea%b7%b8%eb%a6%b0-%ec%bb%a4%ed%94%bc-%ec%b6%94%ec%b6%9c%eb%ac%bc\/#breadcrumb","itemListElement":[{"@type":"ListItem","position":1,"name":"\ud648","item":"https:\/\/naturalpoland.com\/ko\/"},{"@type":"ListItem","position":2,"name":"\uc81c\ud488","item":"https:\/\/naturalpoland.com\/ko\/%ec%a0%9c%ed%92%88\/"},{"@type":"ListItem","position":3,"name":"\uadf8\ub9b0 \ucee4\ud53c \ucd94\ucd9c\ubb3c"}]},{"@type":"WebSite","@id":"https:\/\/naturalpoland.com\/ko\/#website","url":"https:\/\/naturalpoland.com\/ko\/","name":"NATURAL POLAND - Hurtowy Dystrybutor Surowc\u00f3w","description":"Surowce dla przemys\u0142u spo\u017cywczego, kosmetycznego i farmaceutycznego","publisher":{"@id":"https:\/\/naturalpoland.com\/ko\/#organization"},"potentialAction":[{"@type":"SearchAction","target":{"@type":"EntryPoint","urlTemplate":"https:\/\/naturalpoland.com\/ko\/?s={search_term_string}"},"query-input":{"@type":"PropertyValueSpecification","valueRequired":true,"valueName":"search_term_string"}}],"inLanguage":"ko-KR"},{"@type":"Organization","@id":"https:\/\/naturalpoland.com\/ko\/#organization","name":"Natural Poland","url":"https:\/\/naturalpoland.com\/ko\/","logo":{"@type":"ImageObject","inLanguage":"ko-KR","@id":"https:\/\/naturalpoland.com\/ko\/#\/schema\/logo\/image\/","url":"https:\/\/naturalpoland.com\/wp-content\/uploads\/2021\/05\/natural-poland-icon.png","contentUrl":"https:\/\/naturalpoland.com\/wp-content\/uploads\/2021\/05\/natural-poland-icon.png","width":512,"height":512,"caption":"Natural Poland"},"image":{"@id":"https:\/\/naturalpoland.com\/ko\/#\/schema\/logo\/image\/"},"sameAs":["https:\/\/www.facebook.com\/naturalpoland.b2b","https:\/\/pl.linkedin.com\/company\/natural-poland","https:\/\/www.youtube.com\/channel\/UCgeGGkvOMahZo-xu_MSEWxg"]}]}},"_links":{"self":[{"href":"https:\/\/naturalpoland.com\/ko\/wp-json\/wp\/v2\/product\/46651","targetHints":{"allow":["GET"]}}],"collection":[{"href":"https:\/\/naturalpoland.com\/ko\/wp-json\/wp\/v2\/product"}],"about":[{"href":"https:\/\/naturalpoland.com\/ko\/wp-json\/wp\/v2\/types\/product"}],"wp:featuredmedia":[{"embeddable":true,"href":"https:\/\/naturalpoland.com\/ko\/wp-json\/wp\/v2\/media\/46652"}],"wp:attachment":[{"href":"https:\/\/naturalpoland.com\/ko\/wp-json\/wp\/v2\/media?parent=46651"}],"wp:term":[{"taxonomy":"product_brand","embeddable":true,"href":"https:\/\/naturalpoland.com\/ko\/wp-json\/wp\/v2\/product_brand?post=46651"},{"taxonomy":"product_cat","embeddable":true,"href":"https:\/\/naturalpoland.com\/ko\/wp-json\/wp\/v2\/product_cat?post=46651"},{"taxonomy":"product_tag","embeddable":true,"href":"https:\/\/naturalpoland.com\/ko\/wp-json\/wp\/v2\/product_tag?post=46651"}],"curies":[{"name":"wp","href":"https:\/\/api.w.org\/{rel}","templated":true}]}}