{"id":46665,"date":"2023-04-21T14:59:22","date_gmt":"2023-04-21T12:59:22","guid":{"rendered":"https:\/\/naturalpoland.com\/produkty\/uncategorized\/%eb%b3%91%ed%92%80-%ec%b6%94%ec%b6%9c%eb%ac%bc\/"},"modified":"2026-03-10T14:59:28","modified_gmt":"2026-03-10T13:59:28","slug":"%eb%b3%91%ed%92%80-%ec%b6%94%ec%b6%9c%eb%ac%bc","status":"publish","type":"product","link":"https:\/\/naturalpoland.com\/ko\/je-pum\/hwa-jang-pum-won-ryo\/ma-se-re-i-teu\/%eb%b3%91%ed%92%80-%ec%b6%94%ec%b6%9c%eb%ac%bc\/","title":{"rendered":"\ubcd1\ud480 \ucd94\ucd9c\ubb3c"},"content":{"rendered":"<p>\ubcd1\ud480 \uc9c0\uc0c1\ubd80\uc5d0\uc11c \ucd94\ucd9c\ud55c \uc774 \uce68\ucd9c\uc561\uc740 \ud604\ub300 \uc5f0\uad6c\ub97c \ud1b5\ud574 \uadf8 \ud6a8\ub2a5\uc774 \uc785\uc99d\ub418\uc5c8\uc73c\uba70, \ud654\uc7a5\ud488 \uc0b0\uc5c5\uacfc \ud53c\ubd80\uacfc \ubd84\uc57c\uc5d0\uc11c \ud3ed\ub113\uac8c \ud65c\uc6a9\ub429\ub2c8\ub2e4. \uc12c\uc720\uc544\uc138\ud3ec\uc640 \ucf5c\ub77c\uac90 \ubc0f \uc5d8\ub77c\uc2a4\ud2f4 \ud569\uc131\uc5d0 \uae0d\uc815\uc801\uc778 \uc601\ud5a5\uc744 \ubbf8\uccd0 \ud53c\ubd80 \uc7ac\uc0dd\uc744 \ub3d5\uace0, \ud0c4\ub825\uacfc \uacac\uace0\ud568\uc744 \ubd80\uc5ec\ud558\uba70 \ubcf4\uc2b5 \ud6a8\uacfc\ub97c \uc81c\uacf5\ud569\ub2c8\ub2e4. \ub610\ud55c, \uacfc\ud559\uc790\ub4e4\uc740 \ud56d\uade0 \ubc0f \ud56d\uc5fc\uc99d \ud2b9\uc131\uc744 \uc9c0\uc801\ud569\ub2c8\ub2e4. \ub530\ub77c\uc11c \ub178\ud654 \ubc29\uc9c0 \ud654\uc7a5\ud488\ubfd0\ub9cc \uc544\ub2c8\ub77c \uc5ec\ub4dc\ub984\uc131 \ud53c\ubd80\uc6a9 \uc81c\ud488 \ub610\ub294 \uc0c1\ucc98 \uce58\uc720 \ubcf4\uc870\uc81c\uc5d0\ub3c4 \uc801\ud569\ud569\ub2c8\ub2e4.   <\/p>\n<p>\ubcd1\ud480 \uce68\ucd9c\uc561\uc758 \ud2b9\uc131\uc740 \uac74\uac15\uae30\ub2a5\uc2dd\ud488 \uc0dd\uc0b0\uc5d0\ub3c4 \ud65c\uc6a9\ub420 \uc218 \uc788\uc2b5\ub2c8\ub2e4. \ud608\uad00 \ud0c4\ub825 \uac1c\uc120 \uc791\uc6a9 \ub355\ubd84\uc5d0 \uc774 \uc131\ubd84\uc740 \uace0\ud608\uc555 \ubc0f \ub3d9\ub9e5\uacbd\ud654\uc99d \uc608\ubc29\uc5d0 \uc0ac\uc6a9\ub418\ub294 \uc81c\uc81c\uc5d0 \uc801\ud569\ud569\ub2c8\ub2e4. \ub610\ud55c, \uc5f0\uad6c\uc5d0 \ub530\ub974\uba74 \uc911\ucd94 \uc2e0\uacbd\uacc4\uc640 \ub1cc \uae30\ub2a5\uc5d0 \uae0d\uc815\uc801\uc778 \uc601\ud5a5\uc744 \ubbf8\uce58\ub294 \uc801\uc751\uc6d0 \uc791\uc6a9\ub3c4 \uc788\uc2b5\ub2c8\ub2e4.  <\/p>\n","protected":false},"excerpt":{"rendered":"<p>&#8220;\ud638\ub791\uc774 \ud480&#8221; \ubc0f &#8220;\uace0\ud22c \ucf5c\ub77c&#8221;\ub85c\ub3c4 \uc54c\ub824\uc9c4 \ubcd1\ud480(<em>Centella asiatica<\/em>) \uce68\ucd9c\uc561\uc740 \uc544\uc2dc\uc544\uc5d0\uc11c \uc720\ub798\ud55c \uc131\ubd84\uc73c\ub85c, \ud654\uc7a5\ud488 \ubc0f \uc81c\uc57d \uc0b0\uc5c5\uc5d0\uc11c \uad11\ubc94\uc704\ud558\uace0 \ub2e4\ubc29\uba74\uc73c\ub85c \ud65c\uc6a9\ub429\ub2c8\ub2e4. \uc911\uad6d \uc804\ud1b5 \uc758\ud559\uc774\ub098 \uc778\ub3c4 \uc544\uc720\ub974\ubca0\ub2e4 \uc2e4\ubb34\uc790\ub4e4\uc5d0\uac8c \uc774\ubbf8 \ub192\uc774 \ud3c9\uac00\ubc1b\uc558\ub358 \uadf8 \ub180\ub77c\uc6b4 \ud2b9\uc131\uc740 \uc8fc\ub85c \uc624\ud658\uc2dd \ud2b8\ub9ac\ud14c\ub974\ud39c \uc0ac\ud3ec\ub2cc \ubcf5\ud569\uccb4 \ub355\ubd84\uc785\ub2c8\ub2e4. <\/p>\n","protected":false},"featured_media":46666,"template":"","meta":{"_acf_changed":false},"product_brand":[],"product_cat":[8152],"product_tag":[],"class_list":{"0":"post-46665","1":"product","2":"type-product","3":"status-publish","4":"has-post-thumbnail","6":"product_cat-ma-se-re-i-teu","8":"first","9":"instock","10":"shipping-taxable","11":"product-type-simple"},"acf":[],"yoast_head":"<!-- This site is optimized with the Yoast SEO plugin v27.4 - https:\/\/yoast.com\/product\/yoast-seo-wordpress\/ -->\n<title>\ubcd1\ud480 \ucd94\ucd9c\ubb3c - Hurtowy Dystrybutor<\/title>\n<meta name=\"robots\" content=\"index, follow, max-snippet:-1, max-image-preview:large, max-video-preview:-1\" \/>\n<link rel=\"canonical\" href=\"https:\/\/naturalpoland.com\/ko\/je-pum\/hwa-jang-pum-won-ryo\/ma-se-re-i-teu\/%eb%b3%91%ed%92%80-%ec%b6%94%ec%b6%9c%eb%ac%bc\/\" \/>\n<meta property=\"og:locale\" content=\"ko_KR\" \/>\n<meta property=\"og:type\" content=\"article\" \/>\n<meta property=\"og:title\" content=\"\ubcd1\ud480 \ucd94\ucd9c\ubb3c - Hurtowy Dystrybutor\" \/>\n<meta property=\"og:description\" content=\"&quot;\ud638\ub791\uc774 \ud480&quot; \ubc0f &quot;\uace0\ud22c \ucf5c\ub77c&quot;\ub85c\ub3c4 \uc54c\ub824\uc9c4 \ubcd1\ud480(Centella asiatica) \uce68\ucd9c\uc561\uc740 \uc544\uc2dc\uc544\uc5d0\uc11c \uc720\ub798\ud55c \uc131\ubd84\uc73c\ub85c, \ud654\uc7a5\ud488 \ubc0f \uc81c\uc57d \uc0b0\uc5c5\uc5d0\uc11c \uad11\ubc94\uc704\ud558\uace0 \ub2e4\ubc29\uba74\uc73c\ub85c \ud65c\uc6a9\ub429\ub2c8\ub2e4. \uc911\uad6d \uc804\ud1b5 \uc758\ud559\uc774\ub098 \uc778\ub3c4 \uc544\uc720\ub974\ubca0\ub2e4 \uc2e4\ubb34\uc790\ub4e4\uc5d0\uac8c \uc774\ubbf8 \ub192\uc774 \ud3c9\uac00\ubc1b\uc558\ub358 \uadf8 \ub180\ub77c\uc6b4 \ud2b9\uc131\uc740 \uc8fc\ub85c \uc624\ud658\uc2dd \ud2b8\ub9ac\ud14c\ub974\ud39c \uc0ac\ud3ec\ub2cc \ubcf5\ud569\uccb4 \ub355\ubd84\uc785\ub2c8\ub2e4.\" \/>\n<meta property=\"og:url\" content=\"https:\/\/naturalpoland.com\/ko\/je-pum\/hwa-jang-pum-won-ryo\/ma-se-re-i-teu\/%eb%b3%91%ed%92%80-%ec%b6%94%ec%b6%9c%eb%ac%bc\/\" \/>\n<meta property=\"og:site_name\" content=\"NATURAL POLAND - Hurtowy Dystrybutor Surowc\u00f3w\" \/>\n<meta property=\"article:publisher\" content=\"https:\/\/www.facebook.com\/naturalpoland.b2b\" \/>\n<meta property=\"article:modified_time\" content=\"2026-03-10T13:59:28+00:00\" \/>\n<meta property=\"og:image\" content=\"https:\/\/naturalpoland.com\/wp-content\/uploads\/macerat-z-wakroty-azjatyckiej.jpg\" \/>\n\t<meta property=\"og:image:width\" content=\"500\" \/>\n\t<meta property=\"og:image:height\" content=\"500\" \/>\n\t<meta property=\"og:image:type\" content=\"image\/jpeg\" \/>\n<script type=\"application\/ld+json\" class=\"yoast-schema-graph\">{\"@context\":\"https:\\\/\\\/schema.org\",\"@graph\":[{\"@type\":\"WebPage\",\"@id\":\"https:\\\/\\\/naturalpoland.com\\\/ko\\\/je-pum\\\/hwa-jang-pum-won-ryo\\\/ma-se-re-i-teu\\\/%eb%b3%91%ed%92%80-%ec%b6%94%ec%b6%9c%eb%ac%bc\\\/\",\"url\":\"https:\\\/\\\/naturalpoland.com\\\/ko\\\/je-pum\\\/hwa-jang-pum-won-ryo\\\/ma-se-re-i-teu\\\/%eb%b3%91%ed%92%80-%ec%b6%94%ec%b6%9c%eb%ac%bc\\\/\",\"name\":\"\ubcd1\ud480 \ucd94\ucd9c\ubb3c - Hurtowy Dystrybutor\",\"isPartOf\":{\"@id\":\"https:\\\/\\\/naturalpoland.com\\\/ko\\\/#website\"},\"primaryImageOfPage\":{\"@id\":\"https:\\\/\\\/naturalpoland.com\\\/ko\\\/je-pum\\\/hwa-jang-pum-won-ryo\\\/ma-se-re-i-teu\\\/%eb%b3%91%ed%92%80-%ec%b6%94%ec%b6%9c%eb%ac%bc\\\/#primaryimage\"},\"image\":{\"@id\":\"https:\\\/\\\/naturalpoland.com\\\/ko\\\/je-pum\\\/hwa-jang-pum-won-ryo\\\/ma-se-re-i-teu\\\/%eb%b3%91%ed%92%80-%ec%b6%94%ec%b6%9c%eb%ac%bc\\\/#primaryimage\"},\"thumbnailUrl\":\"https:\\\/\\\/naturalpoland.com\\\/wp-content\\\/uploads\\\/macerat-z-wakroty-azjatyckiej.jpg\",\"datePublished\":\"2023-04-21T12:59:22+00:00\",\"dateModified\":\"2026-03-10T13:59:28+00:00\",\"breadcrumb\":{\"@id\":\"https:\\\/\\\/naturalpoland.com\\\/ko\\\/je-pum\\\/hwa-jang-pum-won-ryo\\\/ma-se-re-i-teu\\\/%eb%b3%91%ed%92%80-%ec%b6%94%ec%b6%9c%eb%ac%bc\\\/#breadcrumb\"},\"inLanguage\":\"ko-KR\",\"potentialAction\":[{\"@type\":\"ReadAction\",\"target\":[\"https:\\\/\\\/naturalpoland.com\\\/ko\\\/je-pum\\\/hwa-jang-pum-won-ryo\\\/ma-se-re-i-teu\\\/%eb%b3%91%ed%92%80-%ec%b6%94%ec%b6%9c%eb%ac%bc\\\/\"]}]},{\"@type\":\"ImageObject\",\"inLanguage\":\"ko-KR\",\"@id\":\"https:\\\/\\\/naturalpoland.com\\\/ko\\\/je-pum\\\/hwa-jang-pum-won-ryo\\\/ma-se-re-i-teu\\\/%eb%b3%91%ed%92%80-%ec%b6%94%ec%b6%9c%eb%ac%bc\\\/#primaryimage\",\"url\":\"https:\\\/\\\/naturalpoland.com\\\/wp-content\\\/uploads\\\/macerat-z-wakroty-azjatyckiej.jpg\",\"contentUrl\":\"https:\\\/\\\/naturalpoland.com\\\/wp-content\\\/uploads\\\/macerat-z-wakroty-azjatyckiej.jpg\",\"width\":500,\"height\":500,\"caption\":\"\ubcd1\ud480 \ucd94\ucd9c\ubb3c\"},{\"@type\":\"BreadcrumbList\",\"@id\":\"https:\\\/\\\/naturalpoland.com\\\/ko\\\/je-pum\\\/hwa-jang-pum-won-ryo\\\/ma-se-re-i-teu\\\/%eb%b3%91%ed%92%80-%ec%b6%94%ec%b6%9c%eb%ac%bc\\\/#breadcrumb\",\"itemListElement\":[{\"@type\":\"ListItem\",\"position\":1,\"name\":\"\ud648\",\"item\":\"https:\\\/\\\/naturalpoland.com\\\/ko\\\/\"},{\"@type\":\"ListItem\",\"position\":2,\"name\":\"\uc81c\ud488\",\"item\":\"https:\\\/\\\/naturalpoland.com\\\/ko\\\/%ec%a0%9c%ed%92%88\\\/\"},{\"@type\":\"ListItem\",\"position\":3,\"name\":\"\ubcd1\ud480 \ucd94\ucd9c\ubb3c\"}]},{\"@type\":\"WebSite\",\"@id\":\"https:\\\/\\\/naturalpoland.com\\\/ko\\\/#website\",\"url\":\"https:\\\/\\\/naturalpoland.com\\\/ko\\\/\",\"name\":\"NATURAL POLAND - Hurtowy Dystrybutor Surowc\u00f3w\",\"description\":\"Surowce dla przemys\u0142u spo\u017cywczego, kosmetycznego i farmaceutycznego\",\"publisher\":{\"@id\":\"https:\\\/\\\/naturalpoland.com\\\/ko\\\/#organization\"},\"potentialAction\":[{\"@type\":\"SearchAction\",\"target\":{\"@type\":\"EntryPoint\",\"urlTemplate\":\"https:\\\/\\\/naturalpoland.com\\\/ko\\\/?s={search_term_string}\"},\"query-input\":{\"@type\":\"PropertyValueSpecification\",\"valueRequired\":true,\"valueName\":\"search_term_string\"}}],\"inLanguage\":\"ko-KR\"},{\"@type\":\"Organization\",\"@id\":\"https:\\\/\\\/naturalpoland.com\\\/ko\\\/#organization\",\"name\":\"Natural Poland\",\"url\":\"https:\\\/\\\/naturalpoland.com\\\/ko\\\/\",\"logo\":{\"@type\":\"ImageObject\",\"inLanguage\":\"ko-KR\",\"@id\":\"https:\\\/\\\/naturalpoland.com\\\/ko\\\/#\\\/schema\\\/logo\\\/image\\\/\",\"url\":\"https:\\\/\\\/naturalpoland.com\\\/wp-content\\\/uploads\\\/2021\\\/05\\\/natural-poland-icon.png\",\"contentUrl\":\"https:\\\/\\\/naturalpoland.com\\\/wp-content\\\/uploads\\\/2021\\\/05\\\/natural-poland-icon.png\",\"width\":512,\"height\":512,\"caption\":\"Natural Poland\"},\"image\":{\"@id\":\"https:\\\/\\\/naturalpoland.com\\\/ko\\\/#\\\/schema\\\/logo\\\/image\\\/\"},\"sameAs\":[\"https:\\\/\\\/www.facebook.com\\\/naturalpoland.b2b\",\"https:\\\/\\\/pl.linkedin.com\\\/company\\\/natural-poland\",\"https:\\\/\\\/www.youtube.com\\\/channel\\\/UCgeGGkvOMahZo-xu_MSEWxg\"]}]}<\/script>\n<!-- \/ Yoast SEO plugin. -->","yoast_head_json":{"title":"\ubcd1\ud480 \ucd94\ucd9c\ubb3c - Hurtowy Dystrybutor","robots":{"index":"index","follow":"follow","max-snippet":"max-snippet:-1","max-image-preview":"max-image-preview:large","max-video-preview":"max-video-preview:-1"},"canonical":"https:\/\/naturalpoland.com\/ko\/je-pum\/hwa-jang-pum-won-ryo\/ma-se-re-i-teu\/%eb%b3%91%ed%92%80-%ec%b6%94%ec%b6%9c%eb%ac%bc\/","og_locale":"ko_KR","og_type":"article","og_title":"\ubcd1\ud480 \ucd94\ucd9c\ubb3c - Hurtowy Dystrybutor","og_description":"\"\ud638\ub791\uc774 \ud480\" \ubc0f \"\uace0\ud22c \ucf5c\ub77c\"\ub85c\ub3c4 \uc54c\ub824\uc9c4 \ubcd1\ud480(Centella asiatica) \uce68\ucd9c\uc561\uc740 \uc544\uc2dc\uc544\uc5d0\uc11c \uc720\ub798\ud55c \uc131\ubd84\uc73c\ub85c, \ud654\uc7a5\ud488 \ubc0f \uc81c\uc57d \uc0b0\uc5c5\uc5d0\uc11c \uad11\ubc94\uc704\ud558\uace0 \ub2e4\ubc29\uba74\uc73c\ub85c \ud65c\uc6a9\ub429\ub2c8\ub2e4. \uc911\uad6d \uc804\ud1b5 \uc758\ud559\uc774\ub098 \uc778\ub3c4 \uc544\uc720\ub974\ubca0\ub2e4 \uc2e4\ubb34\uc790\ub4e4\uc5d0\uac8c \uc774\ubbf8 \ub192\uc774 \ud3c9\uac00\ubc1b\uc558\ub358 \uadf8 \ub180\ub77c\uc6b4 \ud2b9\uc131\uc740 \uc8fc\ub85c \uc624\ud658\uc2dd \ud2b8\ub9ac\ud14c\ub974\ud39c \uc0ac\ud3ec\ub2cc \ubcf5\ud569\uccb4 \ub355\ubd84\uc785\ub2c8\ub2e4.","og_url":"https:\/\/naturalpoland.com\/ko\/je-pum\/hwa-jang-pum-won-ryo\/ma-se-re-i-teu\/%eb%b3%91%ed%92%80-%ec%b6%94%ec%b6%9c%eb%ac%bc\/","og_site_name":"NATURAL POLAND - Hurtowy Dystrybutor Surowc\u00f3w","article_publisher":"https:\/\/www.facebook.com\/naturalpoland.b2b","article_modified_time":"2026-03-10T13:59:28+00:00","og_image":[{"width":500,"height":500,"url":"https:\/\/naturalpoland.com\/wp-content\/uploads\/macerat-z-wakroty-azjatyckiej.jpg","type":"image\/jpeg"}],"schema":{"@context":"https:\/\/schema.org","@graph":[{"@type":"WebPage","@id":"https:\/\/naturalpoland.com\/ko\/je-pum\/hwa-jang-pum-won-ryo\/ma-se-re-i-teu\/%eb%b3%91%ed%92%80-%ec%b6%94%ec%b6%9c%eb%ac%bc\/","url":"https:\/\/naturalpoland.com\/ko\/je-pum\/hwa-jang-pum-won-ryo\/ma-se-re-i-teu\/%eb%b3%91%ed%92%80-%ec%b6%94%ec%b6%9c%eb%ac%bc\/","name":"\ubcd1\ud480 \ucd94\ucd9c\ubb3c - Hurtowy Dystrybutor","isPartOf":{"@id":"https:\/\/naturalpoland.com\/ko\/#website"},"primaryImageOfPage":{"@id":"https:\/\/naturalpoland.com\/ko\/je-pum\/hwa-jang-pum-won-ryo\/ma-se-re-i-teu\/%eb%b3%91%ed%92%80-%ec%b6%94%ec%b6%9c%eb%ac%bc\/#primaryimage"},"image":{"@id":"https:\/\/naturalpoland.com\/ko\/je-pum\/hwa-jang-pum-won-ryo\/ma-se-re-i-teu\/%eb%b3%91%ed%92%80-%ec%b6%94%ec%b6%9c%eb%ac%bc\/#primaryimage"},"thumbnailUrl":"https:\/\/naturalpoland.com\/wp-content\/uploads\/macerat-z-wakroty-azjatyckiej.jpg","datePublished":"2023-04-21T12:59:22+00:00","dateModified":"2026-03-10T13:59:28+00:00","breadcrumb":{"@id":"https:\/\/naturalpoland.com\/ko\/je-pum\/hwa-jang-pum-won-ryo\/ma-se-re-i-teu\/%eb%b3%91%ed%92%80-%ec%b6%94%ec%b6%9c%eb%ac%bc\/#breadcrumb"},"inLanguage":"ko-KR","potentialAction":[{"@type":"ReadAction","target":["https:\/\/naturalpoland.com\/ko\/je-pum\/hwa-jang-pum-won-ryo\/ma-se-re-i-teu\/%eb%b3%91%ed%92%80-%ec%b6%94%ec%b6%9c%eb%ac%bc\/"]}]},{"@type":"ImageObject","inLanguage":"ko-KR","@id":"https:\/\/naturalpoland.com\/ko\/je-pum\/hwa-jang-pum-won-ryo\/ma-se-re-i-teu\/%eb%b3%91%ed%92%80-%ec%b6%94%ec%b6%9c%eb%ac%bc\/#primaryimage","url":"https:\/\/naturalpoland.com\/wp-content\/uploads\/macerat-z-wakroty-azjatyckiej.jpg","contentUrl":"https:\/\/naturalpoland.com\/wp-content\/uploads\/macerat-z-wakroty-azjatyckiej.jpg","width":500,"height":500,"caption":"\ubcd1\ud480 \ucd94\ucd9c\ubb3c"},{"@type":"BreadcrumbList","@id":"https:\/\/naturalpoland.com\/ko\/je-pum\/hwa-jang-pum-won-ryo\/ma-se-re-i-teu\/%eb%b3%91%ed%92%80-%ec%b6%94%ec%b6%9c%eb%ac%bc\/#breadcrumb","itemListElement":[{"@type":"ListItem","position":1,"name":"\ud648","item":"https:\/\/naturalpoland.com\/ko\/"},{"@type":"ListItem","position":2,"name":"\uc81c\ud488","item":"https:\/\/naturalpoland.com\/ko\/%ec%a0%9c%ed%92%88\/"},{"@type":"ListItem","position":3,"name":"\ubcd1\ud480 \ucd94\ucd9c\ubb3c"}]},{"@type":"WebSite","@id":"https:\/\/naturalpoland.com\/ko\/#website","url":"https:\/\/naturalpoland.com\/ko\/","name":"NATURAL POLAND - Hurtowy Dystrybutor Surowc\u00f3w","description":"Surowce dla przemys\u0142u spo\u017cywczego, kosmetycznego i farmaceutycznego","publisher":{"@id":"https:\/\/naturalpoland.com\/ko\/#organization"},"potentialAction":[{"@type":"SearchAction","target":{"@type":"EntryPoint","urlTemplate":"https:\/\/naturalpoland.com\/ko\/?s={search_term_string}"},"query-input":{"@type":"PropertyValueSpecification","valueRequired":true,"valueName":"search_term_string"}}],"inLanguage":"ko-KR"},{"@type":"Organization","@id":"https:\/\/naturalpoland.com\/ko\/#organization","name":"Natural Poland","url":"https:\/\/naturalpoland.com\/ko\/","logo":{"@type":"ImageObject","inLanguage":"ko-KR","@id":"https:\/\/naturalpoland.com\/ko\/#\/schema\/logo\/image\/","url":"https:\/\/naturalpoland.com\/wp-content\/uploads\/2021\/05\/natural-poland-icon.png","contentUrl":"https:\/\/naturalpoland.com\/wp-content\/uploads\/2021\/05\/natural-poland-icon.png","width":512,"height":512,"caption":"Natural Poland"},"image":{"@id":"https:\/\/naturalpoland.com\/ko\/#\/schema\/logo\/image\/"},"sameAs":["https:\/\/www.facebook.com\/naturalpoland.b2b","https:\/\/pl.linkedin.com\/company\/natural-poland","https:\/\/www.youtube.com\/channel\/UCgeGGkvOMahZo-xu_MSEWxg"]}]}},"_links":{"self":[{"href":"https:\/\/naturalpoland.com\/ko\/wp-json\/wp\/v2\/product\/46665","targetHints":{"allow":["GET"]}}],"collection":[{"href":"https:\/\/naturalpoland.com\/ko\/wp-json\/wp\/v2\/product"}],"about":[{"href":"https:\/\/naturalpoland.com\/ko\/wp-json\/wp\/v2\/types\/product"}],"wp:featuredmedia":[{"embeddable":true,"href":"https:\/\/naturalpoland.com\/ko\/wp-json\/wp\/v2\/media\/46666"}],"wp:attachment":[{"href":"https:\/\/naturalpoland.com\/ko\/wp-json\/wp\/v2\/media?parent=46665"}],"wp:term":[{"taxonomy":"product_brand","embeddable":true,"href":"https:\/\/naturalpoland.com\/ko\/wp-json\/wp\/v2\/product_brand?post=46665"},{"taxonomy":"product_cat","embeddable":true,"href":"https:\/\/naturalpoland.com\/ko\/wp-json\/wp\/v2\/product_cat?post=46665"},{"taxonomy":"product_tag","embeddable":true,"href":"https:\/\/naturalpoland.com\/ko\/wp-json\/wp\/v2\/product_tag?post=46665"}],"curies":[{"name":"wp","href":"https:\/\/api.w.org\/{rel}","templated":true}]}}