{"id":46669,"date":"2023-12-21T11:52:07","date_gmt":"2023-12-21T10:52:07","guid":{"rendered":"https:\/\/naturalpoland.com\/produkty\/uncategorized\/%ed%8c%94%eb%af%b8%ed%86%a0%ec%9d%bc-%ed%8e%9c%ed%83%80%ed%8e%a9%ed%83%80%ec%9d%b4%eb%93%9c-4\/"},"modified":"2026-03-10T16:06:56","modified_gmt":"2026-03-10T15:06:56","slug":"%ed%8c%94%eb%af%b8%ed%86%a0%ec%9d%bc-%ed%8e%9c%ed%83%80%ed%8e%a9%ed%83%80%ec%9d%b4%eb%93%9c-4","status":"publish","type":"product","link":"https:\/\/naturalpoland.com\/ko\/je-pum\/hwa-jang-pum-won-ryo\/pep-ta-i-deu\/%ed%8c%94%eb%af%b8%ed%86%a0%ec%9d%bc-%ed%8e%9c%ed%83%80%ed%8e%a9%ed%83%80%ec%9d%b4%eb%93%9c-4\/","title":{"rendered":"\ud314\ubbf8\ud1a0\uc77c \ud39c\ud0c0\ud3a9\ud0c0\uc774\ub4dc-4"},"content":{"rendered":"<p>\uc774\ub294 \ucf5c\ub77c\uac90 I\ud615 \ubc0f II\ud615\uacfc \ud53c\ube0c\ub85c\ub125\ud2f4\uc758 \ud569\uc131\uc744 \ucd09\uc9c4\ud558\uc5ec \ud53c\ubd80 \ub450\uaed8\ub97c \uc99d\uac00\uc2dc\ud0a4\uace0 \uc8fc\ub984\uc744 \uac10\uc18c\uc2dc\ud0a4\ub294 \ub370 \uae30\uc5ec\ud569\ub2c8\ub2e4. \uc774 \uc81c\ud488\uc740 \uc0dd\ubb3c\ud559\uc801 \ubc1c\ud6a8\ubc95\uc73c\ub85c \uc5bb\uc5b4\uc9d1\ub2c8\ub2e4. \ud314\ubbf8\ud1a0\uc77c \ud39c\ud0c0\ud3a9\ud0c0\uc774\ub4dc-4\uc758 \ud654\uc7a5\ud488 \uc801\uc6a9 \ubd84\uc57c\ub294 \uc8fc\ub984 \uac1c\uc120, \ub178\ud654 \ubc29\uc9c0, \ud56d\uc0b0\ud654, \ud0c4\ub825 \uc99d\uc9c4 \ubc0f \ubcf4\uc2b5 \uc791\uc6a9\uc744 \ud3ec\ud568\ud569\ub2c8\ub2e4. \uc5f0\uad6c\ub97c \ud1b5\ud574 \uc5bc\uad74 \uc8fc\ub984\uacfc \uc794\uc8fc\ub984 \uac10\uc18c\uc5d0 \ub300\ud55c \ud6a8\uacfc\uac00 \ud655\uc778\ub418\uc5c8\uc2b5\ub2c8\ub2e4.   <\/p>\n","protected":false},"excerpt":{"rendered":"<p>\ud314\ubbf8\ud1a0\uc77c \ud39c\ud0c0\ud3a9\ud0c0\uc774\ub4dc-4\ub294 \ud504\ub85c\ucf5c\ub77c\uac90 A1 \uc0ac\uc2ac\uc758 \ub9e4\ud2b8\ub9ac\ud0a8 \ubaa8\ubc29\uccb4\uc778 \uc2e0\ud638 \ud3a9\ud0c0\uc774\ub4dc\uc785\ub2c8\ub2e4.<\/p>\n","protected":false},"featured_media":46670,"template":"","meta":{"_acf_changed":false},"product_brand":[],"product_cat":[8157],"product_tag":[],"class_list":{"0":"post-46669","1":"product","2":"type-product","3":"status-publish","4":"has-post-thumbnail","6":"product_cat-pep-ta-i-deu","8":"first","9":"instock","10":"shipping-taxable","11":"product-type-simple"},"acf":[],"yoast_head":"<!-- This site is optimized with the Yoast SEO plugin v27.4 - https:\/\/yoast.com\/product\/yoast-seo-wordpress\/ -->\n<title>\ud314\ubbf8\ud1a0\uc77c \ud39c\ud0c0\ud3a9\ud0c0\uc774\ub4dc-4 - Hurtowy Dystrybutor<\/title>\n<meta name=\"description\" content=\"\ud314\ubbf8\ud1a0\uc77c \ud39c\ud0c0\ud3a9\ud0c0\uc774\ub4dc-4\ub294 \ud504\ub85c\ucf5c\ub77c\uac90 A1 \uc0ac\uc2ac\uc758 \ub9e4\ud2b8\ub9ac\ud0a8 \ubaa8\ubc29\uccb4\uc778 \uc2e0\ud638 \ud3a9\ud0c0\uc774\ub4dc\uc785\ub2c8\ub2e4. \uc774\ub294 \ucf5c\ub77c\uac90 \ud569\uc131\uc744 \ucd09\uc9c4\ud569\ub2c8\ub2e4.\" \/>\n<meta name=\"robots\" content=\"index, follow, max-snippet:-1, max-image-preview:large, max-video-preview:-1\" \/>\n<link rel=\"canonical\" href=\"https:\/\/naturalpoland.com\/ko\/je-pum\/hwa-jang-pum-won-ryo\/pep-ta-i-deu\/%ed%8c%94%eb%af%b8%ed%86%a0%ec%9d%bc-%ed%8e%9c%ed%83%80%ed%8e%a9%ed%83%80%ec%9d%b4%eb%93%9c-4\/\" \/>\n<meta property=\"og:locale\" content=\"ko_KR\" \/>\n<meta property=\"og:type\" content=\"article\" \/>\n<meta property=\"og:title\" content=\"\ud314\ubbf8\ud1a0\uc77c \ud39c\ud0c0\ud3a9\ud0c0\uc774\ub4dc-4 - Hurtowy Dystrybutor\" \/>\n<meta property=\"og:description\" content=\"\ud314\ubbf8\ud1a0\uc77c \ud39c\ud0c0\ud3a9\ud0c0\uc774\ub4dc-4\ub294 \ud504\ub85c\ucf5c\ub77c\uac90 A1 \uc0ac\uc2ac\uc758 \ub9e4\ud2b8\ub9ac\ud0a8 \ubaa8\ubc29\uccb4\uc778 \uc2e0\ud638 \ud3a9\ud0c0\uc774\ub4dc\uc785\ub2c8\ub2e4. \uc774\ub294 \ucf5c\ub77c\uac90 \ud569\uc131\uc744 \ucd09\uc9c4\ud569\ub2c8\ub2e4.\" \/>\n<meta property=\"og:url\" content=\"https:\/\/naturalpoland.com\/ko\/je-pum\/hwa-jang-pum-won-ryo\/pep-ta-i-deu\/%ed%8c%94%eb%af%b8%ed%86%a0%ec%9d%bc-%ed%8e%9c%ed%83%80%ed%8e%a9%ed%83%80%ec%9d%b4%eb%93%9c-4\/\" \/>\n<meta property=\"og:site_name\" content=\"NATURAL POLAND - Hurtowy Dystrybutor Surowc\u00f3w\" \/>\n<meta property=\"article:publisher\" content=\"https:\/\/www.facebook.com\/naturalpoland.b2b\" \/>\n<meta property=\"article:modified_time\" content=\"2026-03-10T15:06:56+00:00\" \/>\n<meta property=\"og:image\" content=\"https:\/\/naturalpoland.com\/wp-content\/uploads\/palmitoyl_pentapeptide-4.webp\" \/>\n\t<meta property=\"og:image:width\" content=\"1024\" \/>\n\t<meta property=\"og:image:height\" content=\"1024\" \/>\n\t<meta property=\"og:image:type\" content=\"image\/webp\" \/>\n<script type=\"application\/ld+json\" class=\"yoast-schema-graph\">{\"@context\":\"https:\\\/\\\/schema.org\",\"@graph\":[{\"@type\":\"WebPage\",\"@id\":\"https:\\\/\\\/naturalpoland.com\\\/ko\\\/je-pum\\\/hwa-jang-pum-won-ryo\\\/pep-ta-i-deu\\\/%ed%8c%94%eb%af%b8%ed%86%a0%ec%9d%bc-%ed%8e%9c%ed%83%80%ed%8e%a9%ed%83%80%ec%9d%b4%eb%93%9c-4\\\/\",\"url\":\"https:\\\/\\\/naturalpoland.com\\\/ko\\\/je-pum\\\/hwa-jang-pum-won-ryo\\\/pep-ta-i-deu\\\/%ed%8c%94%eb%af%b8%ed%86%a0%ec%9d%bc-%ed%8e%9c%ed%83%80%ed%8e%a9%ed%83%80%ec%9d%b4%eb%93%9c-4\\\/\",\"name\":\"\ud314\ubbf8\ud1a0\uc77c \ud39c\ud0c0\ud3a9\ud0c0\uc774\ub4dc-4 - Hurtowy Dystrybutor\",\"isPartOf\":{\"@id\":\"https:\\\/\\\/naturalpoland.com\\\/ko\\\/#website\"},\"primaryImageOfPage\":{\"@id\":\"https:\\\/\\\/naturalpoland.com\\\/ko\\\/je-pum\\\/hwa-jang-pum-won-ryo\\\/pep-ta-i-deu\\\/%ed%8c%94%eb%af%b8%ed%86%a0%ec%9d%bc-%ed%8e%9c%ed%83%80%ed%8e%a9%ed%83%80%ec%9d%b4%eb%93%9c-4\\\/#primaryimage\"},\"image\":{\"@id\":\"https:\\\/\\\/naturalpoland.com\\\/ko\\\/je-pum\\\/hwa-jang-pum-won-ryo\\\/pep-ta-i-deu\\\/%ed%8c%94%eb%af%b8%ed%86%a0%ec%9d%bc-%ed%8e%9c%ed%83%80%ed%8e%a9%ed%83%80%ec%9d%b4%eb%93%9c-4\\\/#primaryimage\"},\"thumbnailUrl\":\"https:\\\/\\\/naturalpoland.com\\\/wp-content\\\/uploads\\\/palmitoyl_pentapeptide-4.webp\",\"datePublished\":\"2023-12-21T10:52:07+00:00\",\"dateModified\":\"2026-03-10T15:06:56+00:00\",\"description\":\"\ud314\ubbf8\ud1a0\uc77c \ud39c\ud0c0\ud3a9\ud0c0\uc774\ub4dc-4\ub294 \ud504\ub85c\ucf5c\ub77c\uac90 A1 \uc0ac\uc2ac\uc758 \ub9e4\ud2b8\ub9ac\ud0a8 \ubaa8\ubc29\uccb4\uc778 \uc2e0\ud638 \ud3a9\ud0c0\uc774\ub4dc\uc785\ub2c8\ub2e4. \uc774\ub294 \ucf5c\ub77c\uac90 \ud569\uc131\uc744 \ucd09\uc9c4\ud569\ub2c8\ub2e4.\",\"breadcrumb\":{\"@id\":\"https:\\\/\\\/naturalpoland.com\\\/ko\\\/je-pum\\\/hwa-jang-pum-won-ryo\\\/pep-ta-i-deu\\\/%ed%8c%94%eb%af%b8%ed%86%a0%ec%9d%bc-%ed%8e%9c%ed%83%80%ed%8e%a9%ed%83%80%ec%9d%b4%eb%93%9c-4\\\/#breadcrumb\"},\"inLanguage\":\"ko-KR\",\"potentialAction\":[{\"@type\":\"ReadAction\",\"target\":[\"https:\\\/\\\/naturalpoland.com\\\/ko\\\/je-pum\\\/hwa-jang-pum-won-ryo\\\/pep-ta-i-deu\\\/%ed%8c%94%eb%af%b8%ed%86%a0%ec%9d%bc-%ed%8e%9c%ed%83%80%ed%8e%a9%ed%83%80%ec%9d%b4%eb%93%9c-4\\\/\"]}]},{\"@type\":\"ImageObject\",\"inLanguage\":\"ko-KR\",\"@id\":\"https:\\\/\\\/naturalpoland.com\\\/ko\\\/je-pum\\\/hwa-jang-pum-won-ryo\\\/pep-ta-i-deu\\\/%ed%8c%94%eb%af%b8%ed%86%a0%ec%9d%bc-%ed%8e%9c%ed%83%80%ed%8e%a9%ed%83%80%ec%9d%b4%eb%93%9c-4\\\/#primaryimage\",\"url\":\"https:\\\/\\\/naturalpoland.com\\\/wp-content\\\/uploads\\\/palmitoyl_pentapeptide-4.webp\",\"contentUrl\":\"https:\\\/\\\/naturalpoland.com\\\/wp-content\\\/uploads\\\/palmitoyl_pentapeptide-4.webp\",\"width\":1024,\"height\":1024,\"caption\":\"\ud314\ubbf8\ud1a0\uc77c \ud39c\ud0c0\ud3a9\ud0c0\uc774\ub4dc-4\"},{\"@type\":\"BreadcrumbList\",\"@id\":\"https:\\\/\\\/naturalpoland.com\\\/ko\\\/je-pum\\\/hwa-jang-pum-won-ryo\\\/pep-ta-i-deu\\\/%ed%8c%94%eb%af%b8%ed%86%a0%ec%9d%bc-%ed%8e%9c%ed%83%80%ed%8e%a9%ed%83%80%ec%9d%b4%eb%93%9c-4\\\/#breadcrumb\",\"itemListElement\":[{\"@type\":\"ListItem\",\"position\":1,\"name\":\"\ud648\",\"item\":\"https:\\\/\\\/naturalpoland.com\\\/ko\\\/\"},{\"@type\":\"ListItem\",\"position\":2,\"name\":\"\uc81c\ud488\",\"item\":\"https:\\\/\\\/naturalpoland.com\\\/ko\\\/%ec%a0%9c%ed%92%88\\\/\"},{\"@type\":\"ListItem\",\"position\":3,\"name\":\"\ud314\ubbf8\ud1a0\uc77c \ud39c\ud0c0\ud3a9\ud0c0\uc774\ub4dc-4\"}]},{\"@type\":\"WebSite\",\"@id\":\"https:\\\/\\\/naturalpoland.com\\\/ko\\\/#website\",\"url\":\"https:\\\/\\\/naturalpoland.com\\\/ko\\\/\",\"name\":\"NATURAL POLAND - Hurtowy Dystrybutor Surowc\u00f3w\",\"description\":\"Surowce dla przemys\u0142u spo\u017cywczego, kosmetycznego i farmaceutycznego\",\"publisher\":{\"@id\":\"https:\\\/\\\/naturalpoland.com\\\/ko\\\/#organization\"},\"potentialAction\":[{\"@type\":\"SearchAction\",\"target\":{\"@type\":\"EntryPoint\",\"urlTemplate\":\"https:\\\/\\\/naturalpoland.com\\\/ko\\\/?s={search_term_string}\"},\"query-input\":{\"@type\":\"PropertyValueSpecification\",\"valueRequired\":true,\"valueName\":\"search_term_string\"}}],\"inLanguage\":\"ko-KR\"},{\"@type\":\"Organization\",\"@id\":\"https:\\\/\\\/naturalpoland.com\\\/ko\\\/#organization\",\"name\":\"Natural Poland\",\"url\":\"https:\\\/\\\/naturalpoland.com\\\/ko\\\/\",\"logo\":{\"@type\":\"ImageObject\",\"inLanguage\":\"ko-KR\",\"@id\":\"https:\\\/\\\/naturalpoland.com\\\/ko\\\/#\\\/schema\\\/logo\\\/image\\\/\",\"url\":\"https:\\\/\\\/naturalpoland.com\\\/wp-content\\\/uploads\\\/2021\\\/05\\\/natural-poland-icon.png\",\"contentUrl\":\"https:\\\/\\\/naturalpoland.com\\\/wp-content\\\/uploads\\\/2021\\\/05\\\/natural-poland-icon.png\",\"width\":512,\"height\":512,\"caption\":\"Natural Poland\"},\"image\":{\"@id\":\"https:\\\/\\\/naturalpoland.com\\\/ko\\\/#\\\/schema\\\/logo\\\/image\\\/\"},\"sameAs\":[\"https:\\\/\\\/www.facebook.com\\\/naturalpoland.b2b\",\"https:\\\/\\\/pl.linkedin.com\\\/company\\\/natural-poland\",\"https:\\\/\\\/www.youtube.com\\\/channel\\\/UCgeGGkvOMahZo-xu_MSEWxg\"]}]}<\/script>\n<!-- \/ Yoast SEO plugin. -->","yoast_head_json":{"title":"\ud314\ubbf8\ud1a0\uc77c \ud39c\ud0c0\ud3a9\ud0c0\uc774\ub4dc-4 - Hurtowy Dystrybutor","description":"\ud314\ubbf8\ud1a0\uc77c \ud39c\ud0c0\ud3a9\ud0c0\uc774\ub4dc-4\ub294 \ud504\ub85c\ucf5c\ub77c\uac90 A1 \uc0ac\uc2ac\uc758 \ub9e4\ud2b8\ub9ac\ud0a8 \ubaa8\ubc29\uccb4\uc778 \uc2e0\ud638 \ud3a9\ud0c0\uc774\ub4dc\uc785\ub2c8\ub2e4. \uc774\ub294 \ucf5c\ub77c\uac90 \ud569\uc131\uc744 \ucd09\uc9c4\ud569\ub2c8\ub2e4.","robots":{"index":"index","follow":"follow","max-snippet":"max-snippet:-1","max-image-preview":"max-image-preview:large","max-video-preview":"max-video-preview:-1"},"canonical":"https:\/\/naturalpoland.com\/ko\/je-pum\/hwa-jang-pum-won-ryo\/pep-ta-i-deu\/%ed%8c%94%eb%af%b8%ed%86%a0%ec%9d%bc-%ed%8e%9c%ed%83%80%ed%8e%a9%ed%83%80%ec%9d%b4%eb%93%9c-4\/","og_locale":"ko_KR","og_type":"article","og_title":"\ud314\ubbf8\ud1a0\uc77c \ud39c\ud0c0\ud3a9\ud0c0\uc774\ub4dc-4 - Hurtowy Dystrybutor","og_description":"\ud314\ubbf8\ud1a0\uc77c \ud39c\ud0c0\ud3a9\ud0c0\uc774\ub4dc-4\ub294 \ud504\ub85c\ucf5c\ub77c\uac90 A1 \uc0ac\uc2ac\uc758 \ub9e4\ud2b8\ub9ac\ud0a8 \ubaa8\ubc29\uccb4\uc778 \uc2e0\ud638 \ud3a9\ud0c0\uc774\ub4dc\uc785\ub2c8\ub2e4. \uc774\ub294 \ucf5c\ub77c\uac90 \ud569\uc131\uc744 \ucd09\uc9c4\ud569\ub2c8\ub2e4.","og_url":"https:\/\/naturalpoland.com\/ko\/je-pum\/hwa-jang-pum-won-ryo\/pep-ta-i-deu\/%ed%8c%94%eb%af%b8%ed%86%a0%ec%9d%bc-%ed%8e%9c%ed%83%80%ed%8e%a9%ed%83%80%ec%9d%b4%eb%93%9c-4\/","og_site_name":"NATURAL POLAND - Hurtowy Dystrybutor Surowc\u00f3w","article_publisher":"https:\/\/www.facebook.com\/naturalpoland.b2b","article_modified_time":"2026-03-10T15:06:56+00:00","og_image":[{"width":1024,"height":1024,"url":"https:\/\/naturalpoland.com\/wp-content\/uploads\/palmitoyl_pentapeptide-4.webp","type":"image\/webp"}],"schema":{"@context":"https:\/\/schema.org","@graph":[{"@type":"WebPage","@id":"https:\/\/naturalpoland.com\/ko\/je-pum\/hwa-jang-pum-won-ryo\/pep-ta-i-deu\/%ed%8c%94%eb%af%b8%ed%86%a0%ec%9d%bc-%ed%8e%9c%ed%83%80%ed%8e%a9%ed%83%80%ec%9d%b4%eb%93%9c-4\/","url":"https:\/\/naturalpoland.com\/ko\/je-pum\/hwa-jang-pum-won-ryo\/pep-ta-i-deu\/%ed%8c%94%eb%af%b8%ed%86%a0%ec%9d%bc-%ed%8e%9c%ed%83%80%ed%8e%a9%ed%83%80%ec%9d%b4%eb%93%9c-4\/","name":"\ud314\ubbf8\ud1a0\uc77c \ud39c\ud0c0\ud3a9\ud0c0\uc774\ub4dc-4 - Hurtowy Dystrybutor","isPartOf":{"@id":"https:\/\/naturalpoland.com\/ko\/#website"},"primaryImageOfPage":{"@id":"https:\/\/naturalpoland.com\/ko\/je-pum\/hwa-jang-pum-won-ryo\/pep-ta-i-deu\/%ed%8c%94%eb%af%b8%ed%86%a0%ec%9d%bc-%ed%8e%9c%ed%83%80%ed%8e%a9%ed%83%80%ec%9d%b4%eb%93%9c-4\/#primaryimage"},"image":{"@id":"https:\/\/naturalpoland.com\/ko\/je-pum\/hwa-jang-pum-won-ryo\/pep-ta-i-deu\/%ed%8c%94%eb%af%b8%ed%86%a0%ec%9d%bc-%ed%8e%9c%ed%83%80%ed%8e%a9%ed%83%80%ec%9d%b4%eb%93%9c-4\/#primaryimage"},"thumbnailUrl":"https:\/\/naturalpoland.com\/wp-content\/uploads\/palmitoyl_pentapeptide-4.webp","datePublished":"2023-12-21T10:52:07+00:00","dateModified":"2026-03-10T15:06:56+00:00","description":"\ud314\ubbf8\ud1a0\uc77c \ud39c\ud0c0\ud3a9\ud0c0\uc774\ub4dc-4\ub294 \ud504\ub85c\ucf5c\ub77c\uac90 A1 \uc0ac\uc2ac\uc758 \ub9e4\ud2b8\ub9ac\ud0a8 \ubaa8\ubc29\uccb4\uc778 \uc2e0\ud638 \ud3a9\ud0c0\uc774\ub4dc\uc785\ub2c8\ub2e4. \uc774\ub294 \ucf5c\ub77c\uac90 \ud569\uc131\uc744 \ucd09\uc9c4\ud569\ub2c8\ub2e4.","breadcrumb":{"@id":"https:\/\/naturalpoland.com\/ko\/je-pum\/hwa-jang-pum-won-ryo\/pep-ta-i-deu\/%ed%8c%94%eb%af%b8%ed%86%a0%ec%9d%bc-%ed%8e%9c%ed%83%80%ed%8e%a9%ed%83%80%ec%9d%b4%eb%93%9c-4\/#breadcrumb"},"inLanguage":"ko-KR","potentialAction":[{"@type":"ReadAction","target":["https:\/\/naturalpoland.com\/ko\/je-pum\/hwa-jang-pum-won-ryo\/pep-ta-i-deu\/%ed%8c%94%eb%af%b8%ed%86%a0%ec%9d%bc-%ed%8e%9c%ed%83%80%ed%8e%a9%ed%83%80%ec%9d%b4%eb%93%9c-4\/"]}]},{"@type":"ImageObject","inLanguage":"ko-KR","@id":"https:\/\/naturalpoland.com\/ko\/je-pum\/hwa-jang-pum-won-ryo\/pep-ta-i-deu\/%ed%8c%94%eb%af%b8%ed%86%a0%ec%9d%bc-%ed%8e%9c%ed%83%80%ed%8e%a9%ed%83%80%ec%9d%b4%eb%93%9c-4\/#primaryimage","url":"https:\/\/naturalpoland.com\/wp-content\/uploads\/palmitoyl_pentapeptide-4.webp","contentUrl":"https:\/\/naturalpoland.com\/wp-content\/uploads\/palmitoyl_pentapeptide-4.webp","width":1024,"height":1024,"caption":"\ud314\ubbf8\ud1a0\uc77c \ud39c\ud0c0\ud3a9\ud0c0\uc774\ub4dc-4"},{"@type":"BreadcrumbList","@id":"https:\/\/naturalpoland.com\/ko\/je-pum\/hwa-jang-pum-won-ryo\/pep-ta-i-deu\/%ed%8c%94%eb%af%b8%ed%86%a0%ec%9d%bc-%ed%8e%9c%ed%83%80%ed%8e%a9%ed%83%80%ec%9d%b4%eb%93%9c-4\/#breadcrumb","itemListElement":[{"@type":"ListItem","position":1,"name":"\ud648","item":"https:\/\/naturalpoland.com\/ko\/"},{"@type":"ListItem","position":2,"name":"\uc81c\ud488","item":"https:\/\/naturalpoland.com\/ko\/%ec%a0%9c%ed%92%88\/"},{"@type":"ListItem","position":3,"name":"\ud314\ubbf8\ud1a0\uc77c \ud39c\ud0c0\ud3a9\ud0c0\uc774\ub4dc-4"}]},{"@type":"WebSite","@id":"https:\/\/naturalpoland.com\/ko\/#website","url":"https:\/\/naturalpoland.com\/ko\/","name":"NATURAL POLAND - Hurtowy Dystrybutor Surowc\u00f3w","description":"Surowce dla przemys\u0142u spo\u017cywczego, kosmetycznego i farmaceutycznego","publisher":{"@id":"https:\/\/naturalpoland.com\/ko\/#organization"},"potentialAction":[{"@type":"SearchAction","target":{"@type":"EntryPoint","urlTemplate":"https:\/\/naturalpoland.com\/ko\/?s={search_term_string}"},"query-input":{"@type":"PropertyValueSpecification","valueRequired":true,"valueName":"search_term_string"}}],"inLanguage":"ko-KR"},{"@type":"Organization","@id":"https:\/\/naturalpoland.com\/ko\/#organization","name":"Natural Poland","url":"https:\/\/naturalpoland.com\/ko\/","logo":{"@type":"ImageObject","inLanguage":"ko-KR","@id":"https:\/\/naturalpoland.com\/ko\/#\/schema\/logo\/image\/","url":"https:\/\/naturalpoland.com\/wp-content\/uploads\/2021\/05\/natural-poland-icon.png","contentUrl":"https:\/\/naturalpoland.com\/wp-content\/uploads\/2021\/05\/natural-poland-icon.png","width":512,"height":512,"caption":"Natural Poland"},"image":{"@id":"https:\/\/naturalpoland.com\/ko\/#\/schema\/logo\/image\/"},"sameAs":["https:\/\/www.facebook.com\/naturalpoland.b2b","https:\/\/pl.linkedin.com\/company\/natural-poland","https:\/\/www.youtube.com\/channel\/UCgeGGkvOMahZo-xu_MSEWxg"]}]}},"_links":{"self":[{"href":"https:\/\/naturalpoland.com\/ko\/wp-json\/wp\/v2\/product\/46669","targetHints":{"allow":["GET"]}}],"collection":[{"href":"https:\/\/naturalpoland.com\/ko\/wp-json\/wp\/v2\/product"}],"about":[{"href":"https:\/\/naturalpoland.com\/ko\/wp-json\/wp\/v2\/types\/product"}],"wp:featuredmedia":[{"embeddable":true,"href":"https:\/\/naturalpoland.com\/ko\/wp-json\/wp\/v2\/media\/46670"}],"wp:attachment":[{"href":"https:\/\/naturalpoland.com\/ko\/wp-json\/wp\/v2\/media?parent=46669"}],"wp:term":[{"taxonomy":"product_brand","embeddable":true,"href":"https:\/\/naturalpoland.com\/ko\/wp-json\/wp\/v2\/product_brand?post=46669"},{"taxonomy":"product_cat","embeddable":true,"href":"https:\/\/naturalpoland.com\/ko\/wp-json\/wp\/v2\/product_cat?post=46669"},{"taxonomy":"product_tag","embeddable":true,"href":"https:\/\/naturalpoland.com\/ko\/wp-json\/wp\/v2\/product_tag?post=46669"}],"curies":[{"name":"wp","href":"https:\/\/api.w.org\/{rel}","templated":true}]}}