{"id":46677,"date":"2024-01-04T14:20:37","date_gmt":"2024-01-04T13:20:37","guid":{"rendered":"https:\/\/naturalpoland.com\/produkty\/uncategorized\/%ec%98%ac%eb%a6%ac%ea%b3%a0%ed%8e%a9%ed%83%80%ec%9d%b4%eb%93%9c-1\/"},"modified":"2026-03-10T16:07:18","modified_gmt":"2026-03-10T15:07:18","slug":"%ec%98%ac%eb%a6%ac%ea%b3%a0%ed%8e%a9%ed%83%80%ec%9d%b4%eb%93%9c-1","status":"publish","type":"product","link":"https:\/\/naturalpoland.com\/ko\/je-pum\/hwa-jang-pum-won-ryo\/pep-ta-i-deu\/%ec%98%ac%eb%a6%ac%ea%b3%a0%ed%8e%a9%ed%83%80%ec%9d%b4%eb%93%9c-1\/","title":{"rendered":"\uc62c\ub9ac\uace0\ud3a9\ud0c0\uc774\ub4dc-1"},"content":{"rendered":"<p>\uc774 \uc131\ubd84\uc758 \uc791\uc6a9 \uba54\ucee4\ub2c8\uc998\uc740 \ucf5c\ub77c\uac90, \uc5d8\ub77c\uc2a4\ud2f4 \ubc0f \ud788\uc54c\ub8e8\ub860\uc0b0 \uc0dd\uc131\uc744 \uc790\uadf9\ud558\uc5ec \ud53c\ubd80 \uc7ac\uc0dd\uacfc \ud0c4\ub825 \uac1c\uc120\uc5d0 \uae30\uc5ec\ud569\ub2c8\ub2e4. \uc5f0\uad6c\uc5d0 \ub530\ub974\uba74 \uc62c\ub9ac\uace0\ud3a9\ud0c0\uc774\ub4dc-1\uc740 \ud53c\ubd80 \ub0b4 \uc5d8\ub77c\uc2a4\ud2f4\uacfc 1\ud615 \ucf5c\ub77c\uac90 \uc804\uad6c\uccb4\uc758 \ud568\ub7c9\uc744 \ud06c\uac8c \uc99d\uac00\uc2dc\ucf1c \ub208\uc5d0 \ub744\ub294 \uc8fc\ub984 \uac10\uc18c \ud6a8\uacfc\ub97c \uac00\uc838\uc635\ub2c8\ub2e4. \uc5bc\uad74 \ubc0f \ub208\uac00 \ud06c\ub9bc, \ub85c\uc158 \ub4f1 \ub2e4\uc591\ud55c \ud654\uc7a5\ud488\uc5d0 \uc0ac\uc6a9\ub429\ub2c8\ub2e4.  <\/p>\n<p>\uc0dd\ubb3c\ud559\uc801 \ubc1c\ud6a8\ubc95\uc73c\ub85c \uc0dd\uc0b0\ub418\uba70, \ub192\uc740 \uc21c\ub3c4(\u226598.0%)\ub97c \uc790\ub791\ud558\uba70 \uad8c\uc7a5 \ub18d\ub3c4\ub294 0.01%\uc5d0\uc11c 0.5%\uc785\ub2c8\ub2e4.<\/p>\n","protected":false},"excerpt":{"rendered":"<p>\ud2b8\ub9ac\ud3a9\ud0c0\uc774\ub4dc-1\ub85c\ub3c4 \uc54c\ub824\uc9c4 \uc62c\ub9ac\uace0\ud3a9\ud0c0\uc774\ub4dc-1\uc740 \ub178\ud654 \ubc29\uc9c0 \ubc0f \uc8fc\ub984 \uac1c\uc120 \ud2b9\uc131\uc73c\ub85c \uc778\ud574 \ud654\uc7a5\ud488 \ubd84\uc57c\uc5d0\uc11c \ud65c\uc6a9\ub418\ub294 \ud601\uc2e0\uc801\uc778 \uc131\ubd84\uc785\ub2c8\ub2e4.<\/p>\n","protected":false},"featured_media":46678,"template":"","meta":{"_acf_changed":false},"product_brand":[],"product_cat":[8157],"product_tag":[],"class_list":{"0":"post-46677","1":"product","2":"type-product","3":"status-publish","4":"has-post-thumbnail","6":"product_cat-pep-ta-i-deu","7":"pa_metoda-pozyskiwania-8282","9":"first","10":"instock","11":"shipping-taxable","12":"product-type-simple"},"acf":[],"yoast_head":"<!-- This site is optimized with the Yoast SEO plugin v27.4 - https:\/\/yoast.com\/product\/yoast-seo-wordpress\/ -->\n<title>\uc62c\ub9ac\uace0\ud3a9\ud0c0\uc774\ub4dc-1 - Hurtowy Dystrybutor<\/title>\n<meta name=\"description\" content=\"\uc62c\ub9ac\uace0\ud3a9\ud0c0\uc774\ub4dc-1\uc740 \ub178\ud654 \ubc29\uc9c0 \ubc0f \uc8fc\ub984 \uac1c\uc120 \ud2b9\uc131\uc73c\ub85c \uc778\ud574 \ud654\uc7a5\ud488 \ubd84\uc57c\uc5d0\uc11c \ud65c\uc6a9\ub418\ub294 \ud601\uc2e0\uc801\uc778 \uc131\ubd84\uc785\ub2c8\ub2e4.\" \/>\n<meta name=\"robots\" content=\"index, follow, max-snippet:-1, max-image-preview:large, max-video-preview:-1\" \/>\n<link rel=\"canonical\" href=\"https:\/\/naturalpoland.com\/ko\/je-pum\/hwa-jang-pum-won-ryo\/pep-ta-i-deu\/%ec%98%ac%eb%a6%ac%ea%b3%a0%ed%8e%a9%ed%83%80%ec%9d%b4%eb%93%9c-1\/\" \/>\n<meta property=\"og:locale\" content=\"ko_KR\" \/>\n<meta property=\"og:type\" content=\"article\" \/>\n<meta property=\"og:title\" content=\"\uc62c\ub9ac\uace0\ud3a9\ud0c0\uc774\ub4dc-1 - Hurtowy Dystrybutor\" \/>\n<meta property=\"og:description\" content=\"\uc62c\ub9ac\uace0\ud3a9\ud0c0\uc774\ub4dc-1\uc740 \ub178\ud654 \ubc29\uc9c0 \ubc0f \uc8fc\ub984 \uac1c\uc120 \ud2b9\uc131\uc73c\ub85c \uc778\ud574 \ud654\uc7a5\ud488 \ubd84\uc57c\uc5d0\uc11c \ud65c\uc6a9\ub418\ub294 \ud601\uc2e0\uc801\uc778 \uc131\ubd84\uc785\ub2c8\ub2e4.\" \/>\n<meta property=\"og:url\" content=\"https:\/\/naturalpoland.com\/ko\/je-pum\/hwa-jang-pum-won-ryo\/pep-ta-i-deu\/%ec%98%ac%eb%a6%ac%ea%b3%a0%ed%8e%a9%ed%83%80%ec%9d%b4%eb%93%9c-1\/\" \/>\n<meta property=\"og:site_name\" content=\"NATURAL POLAND - Hurtowy Dystrybutor Surowc\u00f3w\" \/>\n<meta property=\"article:publisher\" content=\"https:\/\/www.facebook.com\/naturalpoland.b2b\" \/>\n<meta property=\"article:modified_time\" content=\"2026-03-10T15:07:18+00:00\" \/>\n<meta property=\"og:image\" content=\"https:\/\/naturalpoland.com\/wp-content\/uploads\/oligopeptide-1.webp\" \/>\n\t<meta property=\"og:image:width\" content=\"612\" \/>\n\t<meta property=\"og:image:height\" content=\"612\" \/>\n\t<meta property=\"og:image:type\" content=\"image\/webp\" \/>\n<script type=\"application\/ld+json\" class=\"yoast-schema-graph\">{\"@context\":\"https:\\\/\\\/schema.org\",\"@graph\":[{\"@type\":\"WebPage\",\"@id\":\"https:\\\/\\\/naturalpoland.com\\\/ko\\\/je-pum\\\/hwa-jang-pum-won-ryo\\\/pep-ta-i-deu\\\/%ec%98%ac%eb%a6%ac%ea%b3%a0%ed%8e%a9%ed%83%80%ec%9d%b4%eb%93%9c-1\\\/\",\"url\":\"https:\\\/\\\/naturalpoland.com\\\/ko\\\/je-pum\\\/hwa-jang-pum-won-ryo\\\/pep-ta-i-deu\\\/%ec%98%ac%eb%a6%ac%ea%b3%a0%ed%8e%a9%ed%83%80%ec%9d%b4%eb%93%9c-1\\\/\",\"name\":\"\uc62c\ub9ac\uace0\ud3a9\ud0c0\uc774\ub4dc-1 - Hurtowy Dystrybutor\",\"isPartOf\":{\"@id\":\"https:\\\/\\\/naturalpoland.com\\\/ko\\\/#website\"},\"primaryImageOfPage\":{\"@id\":\"https:\\\/\\\/naturalpoland.com\\\/ko\\\/je-pum\\\/hwa-jang-pum-won-ryo\\\/pep-ta-i-deu\\\/%ec%98%ac%eb%a6%ac%ea%b3%a0%ed%8e%a9%ed%83%80%ec%9d%b4%eb%93%9c-1\\\/#primaryimage\"},\"image\":{\"@id\":\"https:\\\/\\\/naturalpoland.com\\\/ko\\\/je-pum\\\/hwa-jang-pum-won-ryo\\\/pep-ta-i-deu\\\/%ec%98%ac%eb%a6%ac%ea%b3%a0%ed%8e%a9%ed%83%80%ec%9d%b4%eb%93%9c-1\\\/#primaryimage\"},\"thumbnailUrl\":\"https:\\\/\\\/naturalpoland.com\\\/wp-content\\\/uploads\\\/oligopeptide-1.webp\",\"datePublished\":\"2024-01-04T13:20:37+00:00\",\"dateModified\":\"2026-03-10T15:07:18+00:00\",\"description\":\"\uc62c\ub9ac\uace0\ud3a9\ud0c0\uc774\ub4dc-1\uc740 \ub178\ud654 \ubc29\uc9c0 \ubc0f \uc8fc\ub984 \uac1c\uc120 \ud2b9\uc131\uc73c\ub85c \uc778\ud574 \ud654\uc7a5\ud488 \ubd84\uc57c\uc5d0\uc11c \ud65c\uc6a9\ub418\ub294 \ud601\uc2e0\uc801\uc778 \uc131\ubd84\uc785\ub2c8\ub2e4.\",\"breadcrumb\":{\"@id\":\"https:\\\/\\\/naturalpoland.com\\\/ko\\\/je-pum\\\/hwa-jang-pum-won-ryo\\\/pep-ta-i-deu\\\/%ec%98%ac%eb%a6%ac%ea%b3%a0%ed%8e%a9%ed%83%80%ec%9d%b4%eb%93%9c-1\\\/#breadcrumb\"},\"inLanguage\":\"ko-KR\",\"potentialAction\":[{\"@type\":\"ReadAction\",\"target\":[\"https:\\\/\\\/naturalpoland.com\\\/ko\\\/je-pum\\\/hwa-jang-pum-won-ryo\\\/pep-ta-i-deu\\\/%ec%98%ac%eb%a6%ac%ea%b3%a0%ed%8e%a9%ed%83%80%ec%9d%b4%eb%93%9c-1\\\/\"]}]},{\"@type\":\"ImageObject\",\"inLanguage\":\"ko-KR\",\"@id\":\"https:\\\/\\\/naturalpoland.com\\\/ko\\\/je-pum\\\/hwa-jang-pum-won-ryo\\\/pep-ta-i-deu\\\/%ec%98%ac%eb%a6%ac%ea%b3%a0%ed%8e%a9%ed%83%80%ec%9d%b4%eb%93%9c-1\\\/#primaryimage\",\"url\":\"https:\\\/\\\/naturalpoland.com\\\/wp-content\\\/uploads\\\/oligopeptide-1.webp\",\"contentUrl\":\"https:\\\/\\\/naturalpoland.com\\\/wp-content\\\/uploads\\\/oligopeptide-1.webp\",\"width\":612,\"height\":612,\"caption\":\"\uc62c\ub9ac\uace0\ud3a9\ud0c0\uc774\ub4dc-1\"},{\"@type\":\"BreadcrumbList\",\"@id\":\"https:\\\/\\\/naturalpoland.com\\\/ko\\\/je-pum\\\/hwa-jang-pum-won-ryo\\\/pep-ta-i-deu\\\/%ec%98%ac%eb%a6%ac%ea%b3%a0%ed%8e%a9%ed%83%80%ec%9d%b4%eb%93%9c-1\\\/#breadcrumb\",\"itemListElement\":[{\"@type\":\"ListItem\",\"position\":1,\"name\":\"\ud648\",\"item\":\"https:\\\/\\\/naturalpoland.com\\\/ko\\\/\"},{\"@type\":\"ListItem\",\"position\":2,\"name\":\"\uc81c\ud488\",\"item\":\"https:\\\/\\\/naturalpoland.com\\\/ko\\\/%ec%a0%9c%ed%92%88\\\/\"},{\"@type\":\"ListItem\",\"position\":3,\"name\":\"\uc62c\ub9ac\uace0\ud3a9\ud0c0\uc774\ub4dc-1\"}]},{\"@type\":\"WebSite\",\"@id\":\"https:\\\/\\\/naturalpoland.com\\\/ko\\\/#website\",\"url\":\"https:\\\/\\\/naturalpoland.com\\\/ko\\\/\",\"name\":\"NATURAL POLAND - Hurtowy Dystrybutor Surowc\u00f3w\",\"description\":\"Surowce dla przemys\u0142u spo\u017cywczego, kosmetycznego i farmaceutycznego\",\"publisher\":{\"@id\":\"https:\\\/\\\/naturalpoland.com\\\/ko\\\/#organization\"},\"potentialAction\":[{\"@type\":\"SearchAction\",\"target\":{\"@type\":\"EntryPoint\",\"urlTemplate\":\"https:\\\/\\\/naturalpoland.com\\\/ko\\\/?s={search_term_string}\"},\"query-input\":{\"@type\":\"PropertyValueSpecification\",\"valueRequired\":true,\"valueName\":\"search_term_string\"}}],\"inLanguage\":\"ko-KR\"},{\"@type\":\"Organization\",\"@id\":\"https:\\\/\\\/naturalpoland.com\\\/ko\\\/#organization\",\"name\":\"Natural Poland\",\"url\":\"https:\\\/\\\/naturalpoland.com\\\/ko\\\/\",\"logo\":{\"@type\":\"ImageObject\",\"inLanguage\":\"ko-KR\",\"@id\":\"https:\\\/\\\/naturalpoland.com\\\/ko\\\/#\\\/schema\\\/logo\\\/image\\\/\",\"url\":\"https:\\\/\\\/naturalpoland.com\\\/wp-content\\\/uploads\\\/2021\\\/05\\\/natural-poland-icon.png\",\"contentUrl\":\"https:\\\/\\\/naturalpoland.com\\\/wp-content\\\/uploads\\\/2021\\\/05\\\/natural-poland-icon.png\",\"width\":512,\"height\":512,\"caption\":\"Natural Poland\"},\"image\":{\"@id\":\"https:\\\/\\\/naturalpoland.com\\\/ko\\\/#\\\/schema\\\/logo\\\/image\\\/\"},\"sameAs\":[\"https:\\\/\\\/www.facebook.com\\\/naturalpoland.b2b\",\"https:\\\/\\\/pl.linkedin.com\\\/company\\\/natural-poland\",\"https:\\\/\\\/www.youtube.com\\\/channel\\\/UCgeGGkvOMahZo-xu_MSEWxg\"]}]}<\/script>\n<!-- \/ Yoast SEO plugin. -->","yoast_head_json":{"title":"\uc62c\ub9ac\uace0\ud3a9\ud0c0\uc774\ub4dc-1 - Hurtowy Dystrybutor","description":"\uc62c\ub9ac\uace0\ud3a9\ud0c0\uc774\ub4dc-1\uc740 \ub178\ud654 \ubc29\uc9c0 \ubc0f \uc8fc\ub984 \uac1c\uc120 \ud2b9\uc131\uc73c\ub85c \uc778\ud574 \ud654\uc7a5\ud488 \ubd84\uc57c\uc5d0\uc11c \ud65c\uc6a9\ub418\ub294 \ud601\uc2e0\uc801\uc778 \uc131\ubd84\uc785\ub2c8\ub2e4.","robots":{"index":"index","follow":"follow","max-snippet":"max-snippet:-1","max-image-preview":"max-image-preview:large","max-video-preview":"max-video-preview:-1"},"canonical":"https:\/\/naturalpoland.com\/ko\/je-pum\/hwa-jang-pum-won-ryo\/pep-ta-i-deu\/%ec%98%ac%eb%a6%ac%ea%b3%a0%ed%8e%a9%ed%83%80%ec%9d%b4%eb%93%9c-1\/","og_locale":"ko_KR","og_type":"article","og_title":"\uc62c\ub9ac\uace0\ud3a9\ud0c0\uc774\ub4dc-1 - Hurtowy Dystrybutor","og_description":"\uc62c\ub9ac\uace0\ud3a9\ud0c0\uc774\ub4dc-1\uc740 \ub178\ud654 \ubc29\uc9c0 \ubc0f \uc8fc\ub984 \uac1c\uc120 \ud2b9\uc131\uc73c\ub85c \uc778\ud574 \ud654\uc7a5\ud488 \ubd84\uc57c\uc5d0\uc11c \ud65c\uc6a9\ub418\ub294 \ud601\uc2e0\uc801\uc778 \uc131\ubd84\uc785\ub2c8\ub2e4.","og_url":"https:\/\/naturalpoland.com\/ko\/je-pum\/hwa-jang-pum-won-ryo\/pep-ta-i-deu\/%ec%98%ac%eb%a6%ac%ea%b3%a0%ed%8e%a9%ed%83%80%ec%9d%b4%eb%93%9c-1\/","og_site_name":"NATURAL POLAND - Hurtowy Dystrybutor Surowc\u00f3w","article_publisher":"https:\/\/www.facebook.com\/naturalpoland.b2b","article_modified_time":"2026-03-10T15:07:18+00:00","og_image":[{"width":612,"height":612,"url":"https:\/\/naturalpoland.com\/wp-content\/uploads\/oligopeptide-1.webp","type":"image\/webp"}],"schema":{"@context":"https:\/\/schema.org","@graph":[{"@type":"WebPage","@id":"https:\/\/naturalpoland.com\/ko\/je-pum\/hwa-jang-pum-won-ryo\/pep-ta-i-deu\/%ec%98%ac%eb%a6%ac%ea%b3%a0%ed%8e%a9%ed%83%80%ec%9d%b4%eb%93%9c-1\/","url":"https:\/\/naturalpoland.com\/ko\/je-pum\/hwa-jang-pum-won-ryo\/pep-ta-i-deu\/%ec%98%ac%eb%a6%ac%ea%b3%a0%ed%8e%a9%ed%83%80%ec%9d%b4%eb%93%9c-1\/","name":"\uc62c\ub9ac\uace0\ud3a9\ud0c0\uc774\ub4dc-1 - Hurtowy Dystrybutor","isPartOf":{"@id":"https:\/\/naturalpoland.com\/ko\/#website"},"primaryImageOfPage":{"@id":"https:\/\/naturalpoland.com\/ko\/je-pum\/hwa-jang-pum-won-ryo\/pep-ta-i-deu\/%ec%98%ac%eb%a6%ac%ea%b3%a0%ed%8e%a9%ed%83%80%ec%9d%b4%eb%93%9c-1\/#primaryimage"},"image":{"@id":"https:\/\/naturalpoland.com\/ko\/je-pum\/hwa-jang-pum-won-ryo\/pep-ta-i-deu\/%ec%98%ac%eb%a6%ac%ea%b3%a0%ed%8e%a9%ed%83%80%ec%9d%b4%eb%93%9c-1\/#primaryimage"},"thumbnailUrl":"https:\/\/naturalpoland.com\/wp-content\/uploads\/oligopeptide-1.webp","datePublished":"2024-01-04T13:20:37+00:00","dateModified":"2026-03-10T15:07:18+00:00","description":"\uc62c\ub9ac\uace0\ud3a9\ud0c0\uc774\ub4dc-1\uc740 \ub178\ud654 \ubc29\uc9c0 \ubc0f \uc8fc\ub984 \uac1c\uc120 \ud2b9\uc131\uc73c\ub85c \uc778\ud574 \ud654\uc7a5\ud488 \ubd84\uc57c\uc5d0\uc11c \ud65c\uc6a9\ub418\ub294 \ud601\uc2e0\uc801\uc778 \uc131\ubd84\uc785\ub2c8\ub2e4.","breadcrumb":{"@id":"https:\/\/naturalpoland.com\/ko\/je-pum\/hwa-jang-pum-won-ryo\/pep-ta-i-deu\/%ec%98%ac%eb%a6%ac%ea%b3%a0%ed%8e%a9%ed%83%80%ec%9d%b4%eb%93%9c-1\/#breadcrumb"},"inLanguage":"ko-KR","potentialAction":[{"@type":"ReadAction","target":["https:\/\/naturalpoland.com\/ko\/je-pum\/hwa-jang-pum-won-ryo\/pep-ta-i-deu\/%ec%98%ac%eb%a6%ac%ea%b3%a0%ed%8e%a9%ed%83%80%ec%9d%b4%eb%93%9c-1\/"]}]},{"@type":"ImageObject","inLanguage":"ko-KR","@id":"https:\/\/naturalpoland.com\/ko\/je-pum\/hwa-jang-pum-won-ryo\/pep-ta-i-deu\/%ec%98%ac%eb%a6%ac%ea%b3%a0%ed%8e%a9%ed%83%80%ec%9d%b4%eb%93%9c-1\/#primaryimage","url":"https:\/\/naturalpoland.com\/wp-content\/uploads\/oligopeptide-1.webp","contentUrl":"https:\/\/naturalpoland.com\/wp-content\/uploads\/oligopeptide-1.webp","width":612,"height":612,"caption":"\uc62c\ub9ac\uace0\ud3a9\ud0c0\uc774\ub4dc-1"},{"@type":"BreadcrumbList","@id":"https:\/\/naturalpoland.com\/ko\/je-pum\/hwa-jang-pum-won-ryo\/pep-ta-i-deu\/%ec%98%ac%eb%a6%ac%ea%b3%a0%ed%8e%a9%ed%83%80%ec%9d%b4%eb%93%9c-1\/#breadcrumb","itemListElement":[{"@type":"ListItem","position":1,"name":"\ud648","item":"https:\/\/naturalpoland.com\/ko\/"},{"@type":"ListItem","position":2,"name":"\uc81c\ud488","item":"https:\/\/naturalpoland.com\/ko\/%ec%a0%9c%ed%92%88\/"},{"@type":"ListItem","position":3,"name":"\uc62c\ub9ac\uace0\ud3a9\ud0c0\uc774\ub4dc-1"}]},{"@type":"WebSite","@id":"https:\/\/naturalpoland.com\/ko\/#website","url":"https:\/\/naturalpoland.com\/ko\/","name":"NATURAL POLAND - Hurtowy Dystrybutor Surowc\u00f3w","description":"Surowce dla przemys\u0142u spo\u017cywczego, kosmetycznego i farmaceutycznego","publisher":{"@id":"https:\/\/naturalpoland.com\/ko\/#organization"},"potentialAction":[{"@type":"SearchAction","target":{"@type":"EntryPoint","urlTemplate":"https:\/\/naturalpoland.com\/ko\/?s={search_term_string}"},"query-input":{"@type":"PropertyValueSpecification","valueRequired":true,"valueName":"search_term_string"}}],"inLanguage":"ko-KR"},{"@type":"Organization","@id":"https:\/\/naturalpoland.com\/ko\/#organization","name":"Natural Poland","url":"https:\/\/naturalpoland.com\/ko\/","logo":{"@type":"ImageObject","inLanguage":"ko-KR","@id":"https:\/\/naturalpoland.com\/ko\/#\/schema\/logo\/image\/","url":"https:\/\/naturalpoland.com\/wp-content\/uploads\/2021\/05\/natural-poland-icon.png","contentUrl":"https:\/\/naturalpoland.com\/wp-content\/uploads\/2021\/05\/natural-poland-icon.png","width":512,"height":512,"caption":"Natural Poland"},"image":{"@id":"https:\/\/naturalpoland.com\/ko\/#\/schema\/logo\/image\/"},"sameAs":["https:\/\/www.facebook.com\/naturalpoland.b2b","https:\/\/pl.linkedin.com\/company\/natural-poland","https:\/\/www.youtube.com\/channel\/UCgeGGkvOMahZo-xu_MSEWxg"]}]}},"_links":{"self":[{"href":"https:\/\/naturalpoland.com\/ko\/wp-json\/wp\/v2\/product\/46677","targetHints":{"allow":["GET"]}}],"collection":[{"href":"https:\/\/naturalpoland.com\/ko\/wp-json\/wp\/v2\/product"}],"about":[{"href":"https:\/\/naturalpoland.com\/ko\/wp-json\/wp\/v2\/types\/product"}],"wp:featuredmedia":[{"embeddable":true,"href":"https:\/\/naturalpoland.com\/ko\/wp-json\/wp\/v2\/media\/46678"}],"wp:attachment":[{"href":"https:\/\/naturalpoland.com\/ko\/wp-json\/wp\/v2\/media?parent=46677"}],"wp:term":[{"taxonomy":"product_brand","embeddable":true,"href":"https:\/\/naturalpoland.com\/ko\/wp-json\/wp\/v2\/product_brand?post=46677"},{"taxonomy":"product_cat","embeddable":true,"href":"https:\/\/naturalpoland.com\/ko\/wp-json\/wp\/v2\/product_cat?post=46677"},{"taxonomy":"product_tag","embeddable":true,"href":"https:\/\/naturalpoland.com\/ko\/wp-json\/wp\/v2\/product_tag?post=46677"}],"curies":[{"name":"wp","href":"https:\/\/api.w.org\/{rel}","templated":true}]}}