{"id":46685,"date":"2023-12-20T15:26:26","date_gmt":"2023-12-20T14:26:26","guid":{"rendered":"https:\/\/naturalpoland.com\/produkty\/uncategorized\/%ec%95%84%eb%a5%b4%ea%b8%b0%eb%8b%8c-%eb%9d%bc%ec%9d%b4%ec%8b%a0-%ed%8f%b4%eb%a6%ac%ed%8e%a9%ed%83%80%ec%9d%b4%eb%93%9c\/"},"modified":"2026-03-10T16:07:59","modified_gmt":"2026-03-10T15:07:59","slug":"%ec%95%84%eb%a5%b4%ea%b8%b0%eb%8b%8c-%eb%9d%bc%ec%9d%b4%ec%8b%a0-%ed%8f%b4%eb%a6%ac%ed%8e%a9%ed%83%80%ec%9d%b4%eb%93%9c","status":"publish","type":"product","link":"https:\/\/naturalpoland.com\/ko\/je-pum\/hwa-jang-pum-won-ryo\/pep-ta-i-deu\/%ec%95%84%eb%a5%b4%ea%b8%b0%eb%8b%8c-%eb%9d%bc%ec%9d%b4%ec%8b%a0-%ed%8f%b4%eb%a6%ac%ed%8e%a9%ed%83%80%ec%9d%b4%eb%93%9c\/","title":{"rendered":"\uc544\ub974\uae30\ub2cc\/\ub77c\uc774\uc2e0 \ud3f4\ub9ac\ud3a9\ud0c0\uc774\ub4dc"},"content":{"rendered":"<p><strong>\ud6a8\ub2a5:<\/strong><\/p>\n<p>\ud53c\ud5d8\uc790 \ub208\uac00\uc5d0 30 ppm \uc544\ub974\uae30\ub2cc\uc744 \uc801\uc6a9\ud55c \uacb0\uacfc, 15\ubd84 \ub9cc\uc5d0 \ud53c\ubd80 \uac70\uce60\uae30\uc640 \uc8fc\ub984 \uae4a\uc774\uac00 \ud604\uc800\ud788 \uac10\uc18c\ud588\uc2b5\ub2c8\ub2e4. \ud3c9\uade0 \uc8fc\ub984 \uac10\uc18c\uc728\uc740 30.67%\uc600\uc73c\uba70, \ud3c9\uade0 \uc8fc\ub984 \uc810\uc218\ub294 9.39\uc5d0\uc11c 4.49\ub85c \ub5a8\uc5b4\uc84c\uc2b5\ub2c8\ub2e4. \ub610\ud55c, 5 ppm \ubc0f 20 ppm \ub18d\ub3c4\uc758 \uc6a9\uc561 \uc0ac\uc6a9 \ud6c4 \uc8fc\ub984\uc740 \uac01\uac01 23.30% \ubc0f 23.97% \uac10\uc18c\ud588\uc2b5\ub2c8\ub2e4.  <\/p>\n<p><strong>\uc791\uc6a9 \uba54\ucee4\ub2c8\uc998:<\/strong><\/p>\n<p>\uc544\ub974\uae30\ub2cc\/\ub77c\uc774\uc2e0 \ud3f4\ub9ac\ud3a9\ud0c0\uc774\ub4dc\ub294 \ud569\uc131 \ud6c4 \ud45c\uc815 \uadfc\uc721\uc5d0 \uac15\ub825\ud55c \uc774\uc644 \ud6a8\uacfc\ub97c \uc81c\uacf5\ud558\uc5ec \uc989\uac01\uc801\uc778 \uc8fc\ub984 \uac1c\uc120\uc73c\ub85c \uc774\uc5b4\uc9d1\ub2c8\ub2e4. \uc774\ub294 \uadfc\uc721 \uc12c\uc720 \ub0b4 Na+ \uc774\uc628 \uc720\uc785\uc744 \ub2f4\ub2f9\ud558\ub294 NaV1.4 \uacbd\ub85c\ub97c \ucc28\ub2e8\ud558\uc5ec \uc885\ud310 \uc804\uc704 \ud615\uc131\uc744 \uc5b5\uc81c\ud558\uace0 \uadfc\uc721 \uc6c0\uc9c1\uc784\uc744 \uc81c\uc5b4\ud568\uc73c\ub85c\uc368 \uc791\uc6a9\ud569\ub2c8\ub2e4. \uc774\ub7ec\ud55c \ud6a8\uacfc\ub294 \ud45c\uc815 \uadfc\uc721\uc758 \uc774\uc644\uacfc \uc8fc\ub984 \uac1c\uc120\uc744 \uc720\ub3c4\ud569\ub2c8\ub2e4.  <\/p>\n<p><strong>\uc801\uc6a9 \ubd84\uc57c:<\/strong><\/p>\n<p>\uc544\ub974\uae30\ub2cc\/\ub77c\uc774\uc2e0 \ud3f4\ub9ac\ud3a9\ud0c0\uc774\ub4dc\ub294 \uad11\ubc94\uc704\ud55c \ud654\uc7a5\ud488 \ubc0f \uc2a4\ud0a8\ucf00\uc5b4 \uc81c\ud488\uc5d0 \uc801\uc6a9\ub418\uc5b4 \uc8fc\ub984 \uac1c\uc120 \ud6a8\uacfc\ub97c \uc81c\uacf5\ud569\ub2c8\ub2e4. \ub9bd\ubc24, \ub85c\uc158, \ub370\uc774\/\ub098\uc774\ud2b8 \ud06c\ub9bc, \uc544\uc774 \uc138\ub7fc, \uc824 \ub4f1 \ub2e4\uc591\ud55c \uc81c\ud488\uc5d0 \uc0ac\uc6a9\ub420 \uc218 \uc788\uc2b5\ub2c8\ub2e4. <\/p>\n","protected":false},"excerpt":{"rendered":"<p>\uc544\ub974\uae30\ub2cc\/\ub77c\uc774\uc2e0 \ud3f4\ub9ac\ud3a9\ud0c0\uc774\ub4dc\ub294 \uc0dd\uba85\uacf5\ud559 \ubd84\uc57c\uc758 \ucca8\ub2e8 \uae30\uc220\uc744 \ud65c\uc6a9\ud55c \ud601\uc2e0\uc801\uc778 \ud65c\uc131 \uc131\ubd84\uc785\ub2c8\ub2e4. \uc0dd\ubb3c\ud559\uc801 \ubc1c\ud6a8\ubc95\uc73c\ub85c \uc5bb\uc5b4\uc9c0\uba70, \ub192\uc740 \uc21c\ub3c4\uc640 \ub6f0\uc5b4\ub09c \uc8fc\ub984 \uac1c\uc120 \ud6a8\ub2a5\uc744 \ud2b9\uc9d5\uc73c\ub85c \ud569\ub2c8\ub2e4. <\/p>\n","protected":false},"featured_media":46686,"template":"","meta":{"_acf_changed":false},"product_brand":[],"product_cat":[8157],"product_tag":[],"class_list":{"0":"post-46685","1":"product","2":"type-product","3":"status-publish","4":"has-post-thumbnail","6":"product_cat-pep-ta-i-deu","7":"pa_metoda-pozyskiwania-8282","9":"first","10":"instock","11":"shipping-taxable","12":"product-type-simple"},"acf":[],"yoast_head":"<!-- This site is optimized with the Yoast SEO plugin v27.4 - https:\/\/yoast.com\/product\/yoast-seo-wordpress\/ -->\n<title>\uc544\ub974\uae30\ub2cc\/\ub77c\uc774\uc2e0 \ud3f4\ub9ac\ud3a9\ud0c0\uc774\ub4dc - Hurtowy Dystrybutor<\/title>\n<meta name=\"description\" content=\"\uc544\ub974\uae30\ub2cc\/\ub77c\uc774\uc2e0 \ud3f4\ub9ac\ud3a9\ud0c0\uc774\ub4dc\ub294 \uc0dd\uba85\uacf5\ud559 \ud601\uc2e0\uacfc \ud654\uc7a5\ud488 \ud6a8\ub2a5\uc744 \uacb0\ud569\ud558\uc5ec \uc8fc\ub984 \uac1c\uc120\uc5d0 \ube60\ub974\uace0 \ub208\uc5d0 \ub744\ub294 \ud6a8\uacfc\ub97c \uc81c\uacf5\ud569\ub2c8\ub2e4.\" \/>\n<meta name=\"robots\" content=\"index, follow, max-snippet:-1, max-image-preview:large, max-video-preview:-1\" \/>\n<link rel=\"canonical\" href=\"https:\/\/naturalpoland.com\/ko\/je-pum\/hwa-jang-pum-won-ryo\/pep-ta-i-deu\/%ec%95%84%eb%a5%b4%ea%b8%b0%eb%8b%8c-%eb%9d%bc%ec%9d%b4%ec%8b%a0-%ed%8f%b4%eb%a6%ac%ed%8e%a9%ed%83%80%ec%9d%b4%eb%93%9c\/\" \/>\n<meta property=\"og:locale\" content=\"ko_KR\" \/>\n<meta property=\"og:type\" content=\"article\" \/>\n<meta property=\"og:title\" content=\"\uc544\ub974\uae30\ub2cc\/\ub77c\uc774\uc2e0 \ud3f4\ub9ac\ud3a9\ud0c0\uc774\ub4dc - Hurtowy Dystrybutor\" \/>\n<meta property=\"og:description\" content=\"\uc544\ub974\uae30\ub2cc\/\ub77c\uc774\uc2e0 \ud3f4\ub9ac\ud3a9\ud0c0\uc774\ub4dc\ub294 \uc0dd\uba85\uacf5\ud559 \ud601\uc2e0\uacfc \ud654\uc7a5\ud488 \ud6a8\ub2a5\uc744 \uacb0\ud569\ud558\uc5ec \uc8fc\ub984 \uac1c\uc120\uc5d0 \ube60\ub974\uace0 \ub208\uc5d0 \ub744\ub294 \ud6a8\uacfc\ub97c \uc81c\uacf5\ud569\ub2c8\ub2e4.\" \/>\n<meta property=\"og:url\" content=\"https:\/\/naturalpoland.com\/ko\/je-pum\/hwa-jang-pum-won-ryo\/pep-ta-i-deu\/%ec%95%84%eb%a5%b4%ea%b8%b0%eb%8b%8c-%eb%9d%bc%ec%9d%b4%ec%8b%a0-%ed%8f%b4%eb%a6%ac%ed%8e%a9%ed%83%80%ec%9d%b4%eb%93%9c\/\" \/>\n<meta property=\"og:site_name\" content=\"NATURAL POLAND - Hurtowy Dystrybutor Surowc\u00f3w\" \/>\n<meta property=\"article:publisher\" content=\"https:\/\/www.facebook.com\/naturalpoland.b2b\" \/>\n<meta property=\"article:modified_time\" content=\"2026-03-10T15:07:59+00:00\" \/>\n<meta property=\"og:image\" content=\"https:\/\/naturalpoland.com\/wp-content\/uploads\/arginine-lysine_polypeptide.webp\" \/>\n\t<meta property=\"og:image:width\" content=\"1024\" \/>\n\t<meta property=\"og:image:height\" content=\"1024\" \/>\n\t<meta property=\"og:image:type\" content=\"image\/webp\" \/>\n<script type=\"application\/ld+json\" class=\"yoast-schema-graph\">{\"@context\":\"https:\\\/\\\/schema.org\",\"@graph\":[{\"@type\":\"WebPage\",\"@id\":\"https:\\\/\\\/naturalpoland.com\\\/ko\\\/je-pum\\\/hwa-jang-pum-won-ryo\\\/pep-ta-i-deu\\\/%ec%95%84%eb%a5%b4%ea%b8%b0%eb%8b%8c-%eb%9d%bc%ec%9d%b4%ec%8b%a0-%ed%8f%b4%eb%a6%ac%ed%8e%a9%ed%83%80%ec%9d%b4%eb%93%9c\\\/\",\"url\":\"https:\\\/\\\/naturalpoland.com\\\/ko\\\/je-pum\\\/hwa-jang-pum-won-ryo\\\/pep-ta-i-deu\\\/%ec%95%84%eb%a5%b4%ea%b8%b0%eb%8b%8c-%eb%9d%bc%ec%9d%b4%ec%8b%a0-%ed%8f%b4%eb%a6%ac%ed%8e%a9%ed%83%80%ec%9d%b4%eb%93%9c\\\/\",\"name\":\"\uc544\ub974\uae30\ub2cc\\\/\ub77c\uc774\uc2e0 \ud3f4\ub9ac\ud3a9\ud0c0\uc774\ub4dc - Hurtowy Dystrybutor\",\"isPartOf\":{\"@id\":\"https:\\\/\\\/naturalpoland.com\\\/ko\\\/#website\"},\"primaryImageOfPage\":{\"@id\":\"https:\\\/\\\/naturalpoland.com\\\/ko\\\/je-pum\\\/hwa-jang-pum-won-ryo\\\/pep-ta-i-deu\\\/%ec%95%84%eb%a5%b4%ea%b8%b0%eb%8b%8c-%eb%9d%bc%ec%9d%b4%ec%8b%a0-%ed%8f%b4%eb%a6%ac%ed%8e%a9%ed%83%80%ec%9d%b4%eb%93%9c\\\/#primaryimage\"},\"image\":{\"@id\":\"https:\\\/\\\/naturalpoland.com\\\/ko\\\/je-pum\\\/hwa-jang-pum-won-ryo\\\/pep-ta-i-deu\\\/%ec%95%84%eb%a5%b4%ea%b8%b0%eb%8b%8c-%eb%9d%bc%ec%9d%b4%ec%8b%a0-%ed%8f%b4%eb%a6%ac%ed%8e%a9%ed%83%80%ec%9d%b4%eb%93%9c\\\/#primaryimage\"},\"thumbnailUrl\":\"https:\\\/\\\/naturalpoland.com\\\/wp-content\\\/uploads\\\/arginine-lysine_polypeptide.webp\",\"datePublished\":\"2023-12-20T14:26:26+00:00\",\"dateModified\":\"2026-03-10T15:07:59+00:00\",\"description\":\"\uc544\ub974\uae30\ub2cc\\\/\ub77c\uc774\uc2e0 \ud3f4\ub9ac\ud3a9\ud0c0\uc774\ub4dc\ub294 \uc0dd\uba85\uacf5\ud559 \ud601\uc2e0\uacfc \ud654\uc7a5\ud488 \ud6a8\ub2a5\uc744 \uacb0\ud569\ud558\uc5ec \uc8fc\ub984 \uac1c\uc120\uc5d0 \ube60\ub974\uace0 \ub208\uc5d0 \ub744\ub294 \ud6a8\uacfc\ub97c \uc81c\uacf5\ud569\ub2c8\ub2e4.\",\"breadcrumb\":{\"@id\":\"https:\\\/\\\/naturalpoland.com\\\/ko\\\/je-pum\\\/hwa-jang-pum-won-ryo\\\/pep-ta-i-deu\\\/%ec%95%84%eb%a5%b4%ea%b8%b0%eb%8b%8c-%eb%9d%bc%ec%9d%b4%ec%8b%a0-%ed%8f%b4%eb%a6%ac%ed%8e%a9%ed%83%80%ec%9d%b4%eb%93%9c\\\/#breadcrumb\"},\"inLanguage\":\"ko-KR\",\"potentialAction\":[{\"@type\":\"ReadAction\",\"target\":[\"https:\\\/\\\/naturalpoland.com\\\/ko\\\/je-pum\\\/hwa-jang-pum-won-ryo\\\/pep-ta-i-deu\\\/%ec%95%84%eb%a5%b4%ea%b8%b0%eb%8b%8c-%eb%9d%bc%ec%9d%b4%ec%8b%a0-%ed%8f%b4%eb%a6%ac%ed%8e%a9%ed%83%80%ec%9d%b4%eb%93%9c\\\/\"]}]},{\"@type\":\"ImageObject\",\"inLanguage\":\"ko-KR\",\"@id\":\"https:\\\/\\\/naturalpoland.com\\\/ko\\\/je-pum\\\/hwa-jang-pum-won-ryo\\\/pep-ta-i-deu\\\/%ec%95%84%eb%a5%b4%ea%b8%b0%eb%8b%8c-%eb%9d%bc%ec%9d%b4%ec%8b%a0-%ed%8f%b4%eb%a6%ac%ed%8e%a9%ed%83%80%ec%9d%b4%eb%93%9c\\\/#primaryimage\",\"url\":\"https:\\\/\\\/naturalpoland.com\\\/wp-content\\\/uploads\\\/arginine-lysine_polypeptide.webp\",\"contentUrl\":\"https:\\\/\\\/naturalpoland.com\\\/wp-content\\\/uploads\\\/arginine-lysine_polypeptide.webp\",\"width\":1024,\"height\":1024,\"caption\":\"\uc544\ub974\uae30\ub2cc\\\/\ub77c\uc774\uc2e0 \ud3f4\ub9ac\ud3a9\ud0c0\uc774\ub4dc\"},{\"@type\":\"BreadcrumbList\",\"@id\":\"https:\\\/\\\/naturalpoland.com\\\/ko\\\/je-pum\\\/hwa-jang-pum-won-ryo\\\/pep-ta-i-deu\\\/%ec%95%84%eb%a5%b4%ea%b8%b0%eb%8b%8c-%eb%9d%bc%ec%9d%b4%ec%8b%a0-%ed%8f%b4%eb%a6%ac%ed%8e%a9%ed%83%80%ec%9d%b4%eb%93%9c\\\/#breadcrumb\",\"itemListElement\":[{\"@type\":\"ListItem\",\"position\":1,\"name\":\"\ud648\",\"item\":\"https:\\\/\\\/naturalpoland.com\\\/ko\\\/\"},{\"@type\":\"ListItem\",\"position\":2,\"name\":\"\uc81c\ud488\",\"item\":\"https:\\\/\\\/naturalpoland.com\\\/ko\\\/%ec%a0%9c%ed%92%88\\\/\"},{\"@type\":\"ListItem\",\"position\":3,\"name\":\"\uc544\ub974\uae30\ub2cc\\\/\ub77c\uc774\uc2e0 \ud3f4\ub9ac\ud3a9\ud0c0\uc774\ub4dc\"}]},{\"@type\":\"WebSite\",\"@id\":\"https:\\\/\\\/naturalpoland.com\\\/ko\\\/#website\",\"url\":\"https:\\\/\\\/naturalpoland.com\\\/ko\\\/\",\"name\":\"NATURAL POLAND - Hurtowy Dystrybutor Surowc\u00f3w\",\"description\":\"Surowce dla przemys\u0142u spo\u017cywczego, kosmetycznego i farmaceutycznego\",\"publisher\":{\"@id\":\"https:\\\/\\\/naturalpoland.com\\\/ko\\\/#organization\"},\"potentialAction\":[{\"@type\":\"SearchAction\",\"target\":{\"@type\":\"EntryPoint\",\"urlTemplate\":\"https:\\\/\\\/naturalpoland.com\\\/ko\\\/?s={search_term_string}\"},\"query-input\":{\"@type\":\"PropertyValueSpecification\",\"valueRequired\":true,\"valueName\":\"search_term_string\"}}],\"inLanguage\":\"ko-KR\"},{\"@type\":\"Organization\",\"@id\":\"https:\\\/\\\/naturalpoland.com\\\/ko\\\/#organization\",\"name\":\"Natural Poland\",\"url\":\"https:\\\/\\\/naturalpoland.com\\\/ko\\\/\",\"logo\":{\"@type\":\"ImageObject\",\"inLanguage\":\"ko-KR\",\"@id\":\"https:\\\/\\\/naturalpoland.com\\\/ko\\\/#\\\/schema\\\/logo\\\/image\\\/\",\"url\":\"https:\\\/\\\/naturalpoland.com\\\/wp-content\\\/uploads\\\/2021\\\/05\\\/natural-poland-icon.png\",\"contentUrl\":\"https:\\\/\\\/naturalpoland.com\\\/wp-content\\\/uploads\\\/2021\\\/05\\\/natural-poland-icon.png\",\"width\":512,\"height\":512,\"caption\":\"Natural Poland\"},\"image\":{\"@id\":\"https:\\\/\\\/naturalpoland.com\\\/ko\\\/#\\\/schema\\\/logo\\\/image\\\/\"},\"sameAs\":[\"https:\\\/\\\/www.facebook.com\\\/naturalpoland.b2b\",\"https:\\\/\\\/pl.linkedin.com\\\/company\\\/natural-poland\",\"https:\\\/\\\/www.youtube.com\\\/channel\\\/UCgeGGkvOMahZo-xu_MSEWxg\"]}]}<\/script>\n<!-- \/ Yoast SEO plugin. -->","yoast_head_json":{"title":"\uc544\ub974\uae30\ub2cc\/\ub77c\uc774\uc2e0 \ud3f4\ub9ac\ud3a9\ud0c0\uc774\ub4dc - Hurtowy Dystrybutor","description":"\uc544\ub974\uae30\ub2cc\/\ub77c\uc774\uc2e0 \ud3f4\ub9ac\ud3a9\ud0c0\uc774\ub4dc\ub294 \uc0dd\uba85\uacf5\ud559 \ud601\uc2e0\uacfc \ud654\uc7a5\ud488 \ud6a8\ub2a5\uc744 \uacb0\ud569\ud558\uc5ec \uc8fc\ub984 \uac1c\uc120\uc5d0 \ube60\ub974\uace0 \ub208\uc5d0 \ub744\ub294 \ud6a8\uacfc\ub97c \uc81c\uacf5\ud569\ub2c8\ub2e4.","robots":{"index":"index","follow":"follow","max-snippet":"max-snippet:-1","max-image-preview":"max-image-preview:large","max-video-preview":"max-video-preview:-1"},"canonical":"https:\/\/naturalpoland.com\/ko\/je-pum\/hwa-jang-pum-won-ryo\/pep-ta-i-deu\/%ec%95%84%eb%a5%b4%ea%b8%b0%eb%8b%8c-%eb%9d%bc%ec%9d%b4%ec%8b%a0-%ed%8f%b4%eb%a6%ac%ed%8e%a9%ed%83%80%ec%9d%b4%eb%93%9c\/","og_locale":"ko_KR","og_type":"article","og_title":"\uc544\ub974\uae30\ub2cc\/\ub77c\uc774\uc2e0 \ud3f4\ub9ac\ud3a9\ud0c0\uc774\ub4dc - Hurtowy Dystrybutor","og_description":"\uc544\ub974\uae30\ub2cc\/\ub77c\uc774\uc2e0 \ud3f4\ub9ac\ud3a9\ud0c0\uc774\ub4dc\ub294 \uc0dd\uba85\uacf5\ud559 \ud601\uc2e0\uacfc \ud654\uc7a5\ud488 \ud6a8\ub2a5\uc744 \uacb0\ud569\ud558\uc5ec \uc8fc\ub984 \uac1c\uc120\uc5d0 \ube60\ub974\uace0 \ub208\uc5d0 \ub744\ub294 \ud6a8\uacfc\ub97c \uc81c\uacf5\ud569\ub2c8\ub2e4.","og_url":"https:\/\/naturalpoland.com\/ko\/je-pum\/hwa-jang-pum-won-ryo\/pep-ta-i-deu\/%ec%95%84%eb%a5%b4%ea%b8%b0%eb%8b%8c-%eb%9d%bc%ec%9d%b4%ec%8b%a0-%ed%8f%b4%eb%a6%ac%ed%8e%a9%ed%83%80%ec%9d%b4%eb%93%9c\/","og_site_name":"NATURAL POLAND - Hurtowy Dystrybutor Surowc\u00f3w","article_publisher":"https:\/\/www.facebook.com\/naturalpoland.b2b","article_modified_time":"2026-03-10T15:07:59+00:00","og_image":[{"width":1024,"height":1024,"url":"https:\/\/naturalpoland.com\/wp-content\/uploads\/arginine-lysine_polypeptide.webp","type":"image\/webp"}],"schema":{"@context":"https:\/\/schema.org","@graph":[{"@type":"WebPage","@id":"https:\/\/naturalpoland.com\/ko\/je-pum\/hwa-jang-pum-won-ryo\/pep-ta-i-deu\/%ec%95%84%eb%a5%b4%ea%b8%b0%eb%8b%8c-%eb%9d%bc%ec%9d%b4%ec%8b%a0-%ed%8f%b4%eb%a6%ac%ed%8e%a9%ed%83%80%ec%9d%b4%eb%93%9c\/","url":"https:\/\/naturalpoland.com\/ko\/je-pum\/hwa-jang-pum-won-ryo\/pep-ta-i-deu\/%ec%95%84%eb%a5%b4%ea%b8%b0%eb%8b%8c-%eb%9d%bc%ec%9d%b4%ec%8b%a0-%ed%8f%b4%eb%a6%ac%ed%8e%a9%ed%83%80%ec%9d%b4%eb%93%9c\/","name":"\uc544\ub974\uae30\ub2cc\/\ub77c\uc774\uc2e0 \ud3f4\ub9ac\ud3a9\ud0c0\uc774\ub4dc - Hurtowy Dystrybutor","isPartOf":{"@id":"https:\/\/naturalpoland.com\/ko\/#website"},"primaryImageOfPage":{"@id":"https:\/\/naturalpoland.com\/ko\/je-pum\/hwa-jang-pum-won-ryo\/pep-ta-i-deu\/%ec%95%84%eb%a5%b4%ea%b8%b0%eb%8b%8c-%eb%9d%bc%ec%9d%b4%ec%8b%a0-%ed%8f%b4%eb%a6%ac%ed%8e%a9%ed%83%80%ec%9d%b4%eb%93%9c\/#primaryimage"},"image":{"@id":"https:\/\/naturalpoland.com\/ko\/je-pum\/hwa-jang-pum-won-ryo\/pep-ta-i-deu\/%ec%95%84%eb%a5%b4%ea%b8%b0%eb%8b%8c-%eb%9d%bc%ec%9d%b4%ec%8b%a0-%ed%8f%b4%eb%a6%ac%ed%8e%a9%ed%83%80%ec%9d%b4%eb%93%9c\/#primaryimage"},"thumbnailUrl":"https:\/\/naturalpoland.com\/wp-content\/uploads\/arginine-lysine_polypeptide.webp","datePublished":"2023-12-20T14:26:26+00:00","dateModified":"2026-03-10T15:07:59+00:00","description":"\uc544\ub974\uae30\ub2cc\/\ub77c\uc774\uc2e0 \ud3f4\ub9ac\ud3a9\ud0c0\uc774\ub4dc\ub294 \uc0dd\uba85\uacf5\ud559 \ud601\uc2e0\uacfc \ud654\uc7a5\ud488 \ud6a8\ub2a5\uc744 \uacb0\ud569\ud558\uc5ec \uc8fc\ub984 \uac1c\uc120\uc5d0 \ube60\ub974\uace0 \ub208\uc5d0 \ub744\ub294 \ud6a8\uacfc\ub97c \uc81c\uacf5\ud569\ub2c8\ub2e4.","breadcrumb":{"@id":"https:\/\/naturalpoland.com\/ko\/je-pum\/hwa-jang-pum-won-ryo\/pep-ta-i-deu\/%ec%95%84%eb%a5%b4%ea%b8%b0%eb%8b%8c-%eb%9d%bc%ec%9d%b4%ec%8b%a0-%ed%8f%b4%eb%a6%ac%ed%8e%a9%ed%83%80%ec%9d%b4%eb%93%9c\/#breadcrumb"},"inLanguage":"ko-KR","potentialAction":[{"@type":"ReadAction","target":["https:\/\/naturalpoland.com\/ko\/je-pum\/hwa-jang-pum-won-ryo\/pep-ta-i-deu\/%ec%95%84%eb%a5%b4%ea%b8%b0%eb%8b%8c-%eb%9d%bc%ec%9d%b4%ec%8b%a0-%ed%8f%b4%eb%a6%ac%ed%8e%a9%ed%83%80%ec%9d%b4%eb%93%9c\/"]}]},{"@type":"ImageObject","inLanguage":"ko-KR","@id":"https:\/\/naturalpoland.com\/ko\/je-pum\/hwa-jang-pum-won-ryo\/pep-ta-i-deu\/%ec%95%84%eb%a5%b4%ea%b8%b0%eb%8b%8c-%eb%9d%bc%ec%9d%b4%ec%8b%a0-%ed%8f%b4%eb%a6%ac%ed%8e%a9%ed%83%80%ec%9d%b4%eb%93%9c\/#primaryimage","url":"https:\/\/naturalpoland.com\/wp-content\/uploads\/arginine-lysine_polypeptide.webp","contentUrl":"https:\/\/naturalpoland.com\/wp-content\/uploads\/arginine-lysine_polypeptide.webp","width":1024,"height":1024,"caption":"\uc544\ub974\uae30\ub2cc\/\ub77c\uc774\uc2e0 \ud3f4\ub9ac\ud3a9\ud0c0\uc774\ub4dc"},{"@type":"BreadcrumbList","@id":"https:\/\/naturalpoland.com\/ko\/je-pum\/hwa-jang-pum-won-ryo\/pep-ta-i-deu\/%ec%95%84%eb%a5%b4%ea%b8%b0%eb%8b%8c-%eb%9d%bc%ec%9d%b4%ec%8b%a0-%ed%8f%b4%eb%a6%ac%ed%8e%a9%ed%83%80%ec%9d%b4%eb%93%9c\/#breadcrumb","itemListElement":[{"@type":"ListItem","position":1,"name":"\ud648","item":"https:\/\/naturalpoland.com\/ko\/"},{"@type":"ListItem","position":2,"name":"\uc81c\ud488","item":"https:\/\/naturalpoland.com\/ko\/%ec%a0%9c%ed%92%88\/"},{"@type":"ListItem","position":3,"name":"\uc544\ub974\uae30\ub2cc\/\ub77c\uc774\uc2e0 \ud3f4\ub9ac\ud3a9\ud0c0\uc774\ub4dc"}]},{"@type":"WebSite","@id":"https:\/\/naturalpoland.com\/ko\/#website","url":"https:\/\/naturalpoland.com\/ko\/","name":"NATURAL POLAND - Hurtowy Dystrybutor Surowc\u00f3w","description":"Surowce dla przemys\u0142u spo\u017cywczego, kosmetycznego i farmaceutycznego","publisher":{"@id":"https:\/\/naturalpoland.com\/ko\/#organization"},"potentialAction":[{"@type":"SearchAction","target":{"@type":"EntryPoint","urlTemplate":"https:\/\/naturalpoland.com\/ko\/?s={search_term_string}"},"query-input":{"@type":"PropertyValueSpecification","valueRequired":true,"valueName":"search_term_string"}}],"inLanguage":"ko-KR"},{"@type":"Organization","@id":"https:\/\/naturalpoland.com\/ko\/#organization","name":"Natural Poland","url":"https:\/\/naturalpoland.com\/ko\/","logo":{"@type":"ImageObject","inLanguage":"ko-KR","@id":"https:\/\/naturalpoland.com\/ko\/#\/schema\/logo\/image\/","url":"https:\/\/naturalpoland.com\/wp-content\/uploads\/2021\/05\/natural-poland-icon.png","contentUrl":"https:\/\/naturalpoland.com\/wp-content\/uploads\/2021\/05\/natural-poland-icon.png","width":512,"height":512,"caption":"Natural Poland"},"image":{"@id":"https:\/\/naturalpoland.com\/ko\/#\/schema\/logo\/image\/"},"sameAs":["https:\/\/www.facebook.com\/naturalpoland.b2b","https:\/\/pl.linkedin.com\/company\/natural-poland","https:\/\/www.youtube.com\/channel\/UCgeGGkvOMahZo-xu_MSEWxg"]}]}},"_links":{"self":[{"href":"https:\/\/naturalpoland.com\/ko\/wp-json\/wp\/v2\/product\/46685","targetHints":{"allow":["GET"]}}],"collection":[{"href":"https:\/\/naturalpoland.com\/ko\/wp-json\/wp\/v2\/product"}],"about":[{"href":"https:\/\/naturalpoland.com\/ko\/wp-json\/wp\/v2\/types\/product"}],"wp:featuredmedia":[{"embeddable":true,"href":"https:\/\/naturalpoland.com\/ko\/wp-json\/wp\/v2\/media\/46686"}],"wp:attachment":[{"href":"https:\/\/naturalpoland.com\/ko\/wp-json\/wp\/v2\/media?parent=46685"}],"wp:term":[{"taxonomy":"product_brand","embeddable":true,"href":"https:\/\/naturalpoland.com\/ko\/wp-json\/wp\/v2\/product_brand?post=46685"},{"taxonomy":"product_cat","embeddable":true,"href":"https:\/\/naturalpoland.com\/ko\/wp-json\/wp\/v2\/product_cat?post=46685"},{"taxonomy":"product_tag","embeddable":true,"href":"https:\/\/naturalpoland.com\/ko\/wp-json\/wp\/v2\/product_tag?post=46685"}],"curies":[{"name":"wp","href":"https:\/\/api.w.org\/{rel}","templated":true}]}}