{"id":46717,"date":"2026-03-10T16:03:18","date_gmt":"2026-03-10T15:03:18","guid":{"rendered":"https:\/\/naturalpoland.com\/produkty\/uncategorized\/%ed%94%bc%ec%8a%a4%ed%83%80%ec%b9%98%ec%98%a4-%ec%b6%94%ec%b6%9c%eb%ac%bc\/"},"modified":"2026-03-12T15:02:55","modified_gmt":"2026-03-12T14:02:55","slug":"%ed%94%bc%ec%8a%a4%ed%83%80%ec%b9%98%ec%98%a4-%ec%b6%94%ec%b6%9c%eb%ac%bc","status":"publish","type":"product","link":"https:\/\/naturalpoland.com\/ko\/je-pum\/sig-mul-chu-chul-mul\/%ed%94%bc%ec%8a%a4%ed%83%80%ec%b9%98%ec%98%a4-%ec%b6%94%ec%b6%9c%eb%ac%bc\/","title":{"rendered":"\ud53c\uc2a4\ud0c0\uce58\uc624 \ucd94\ucd9c\ubb3c"},"content":{"rendered":"<h2>\ud53c\uc2a4\ud0c0\uce58\uc624 \ucd94\ucd9c\ubb3c\uc758 \ud2b9\uc131 \ubc0f \uc791\uc6a9<\/h2>\n<p>\ud53c\uc2a4\ud0c0\uce58\uc624\ub294 \ud56d\uc0b0\ud654\uc81c, \ud398\ub180 \ud654\ud569\ubb3c \ubc0f \ucc9c\uc5f0 \uc2dd\ubb3c\uc131 \uc131\ubd84\uc744 \ud3ec\ud568\ud55c \ub2e4\uc591\ud55c \uc0dd\ub9ac\ud65c\uc131 \uc131\ubd84\uc758 \ud48d\ubd80\ud55c \uacf5\uae09\uc6d0\uc785\ub2c8\ub2e4. \uc774\ub97c \ud1b5\ud574 \ud53c\uc2a4\ud0c0\uce58\uc624 \ucd94\ucd9c\ubb3c\uc740 \ud56d\uc0b0\ud654 \ud2b9\uc131\uc744 \ub098\ud0c0\ub0b4\uba70, \uc790\uc720 \ub77c\ub514\uce7c\uc744 \uc911\ud654\ud558\uace0 \uc0b0\ud654 \uc2a4\ud2b8\ub808\uc2a4\ub85c\ubd80\ud130 \uc138\ud3ec\ub97c \ubcf4\ud638\ud558\ub294 \ub370 \ub3c4\uc6c0\uc744 \uc90d\ub2c8\ub2e4. <\/p>\n<p>\uc774 \uc6d0\ub8cc\uc758 \uac00\uc7a5 \uc911\uc694\ud55c \ud2b9\uc9d5\uc740 \uc218\uba74-\uac01\uc131 \uc8fc\uae30 \uc870\uc808\uc5d0 \uad00\uc5ec\ud558\ub294 \uc2dd\ubb3c\uc131 \uba5c\ub77c\ud1a0\ub2cc\uc758 \uc874\uc7ac\uc785\ub2c8\ub2e4. \uc774\ub7ec\ud55c \uc774\uc720\ub85c \ud53c\uc2a4\ud0c0\uce58\uc624 \ucd94\ucd9c\ubb3c\uc740 \uc815\uc0c1\uc801\uc778 \uc77c\uc8fc\uae30 \ub9ac\ub4ec\uc744 \uad00\ub9ac\ud558\ub294 \ubd84\ub4e4\uc744 \uc704\ud55c \uac74\uac15\uae30\ub2a5\uc2dd\ud488 \ubc0f \uac74\uac15\ud55c \uc218\uba74\uc744 \uc9c0\uc6d0\ud558\ub294 \uc81c\ud488\uc758 \uc131\ubd84\uc73c\ub85c \uc0ac\uc6a9\ub429\ub2c8\ub2e4. <\/p>\n<p>\uba5c\ub77c\ud1a0\ub2cc\uc740 \uc218\uba74 \uc911 \ubc1c\uc0dd\ud558\ub294 \uc2e0\uccb4\uc758 \uc7ac\uc0dd \uacfc\uc815\uc5d0\ub3c4 \uc601\ud5a5\uc744 \ubbf8\uce60 \uc218 \uc788\uc73c\ubbc0\ub85c, \uc774 \ud654\ud569\ubb3c\uc758 \ucc9c\uc5f0 \uacf5\uae09\uc6d0\uc744 \ud568\uc720\ud55c \uc131\ubd84\uc740 \uc57c\uac04 \ud734\uc2dd\uc758 \uc9c8 \uac1c\uc120\uc744 \ubaa9\ud45c\ub85c \ud558\ub294 \uc81c\ud488\uc5d0 \uc790\uc8fc \ud65c\uc6a9\ub429\ub2c8\ub2e4.<\/p>\n<p>\ub610\ud55c \ud53c\uc2a4\ud0c0\uce58\uc624 \ucd94\ucd9c\ubb3c\uc740 \ud53c\uc2a4\ud0c0\uce58\uc624 \uacac\uacfc\ub958 \ud2b9\uc720\uc758 \ucc9c\uc5f0 \uc601\uc591 \uc131\ubd84\uc744 \ud568\uc720\ud558\uace0 \uc788\uc5b4 \uc2e0\uccb4\uc758 \uc815\uc0c1\uc801\uc778 \uae30\ub2a5 \ubc0f \ub300\uc0ac \uacfc\uc815\uc744 \uc9c0\uc6d0\ud560 \uc218 \uc788\uc2b5\ub2c8\ub2e4.<\/p>\n<h2>\ud53c\uc2a4\ud0c0\uce58\uc624 \ucd94\ucd9c\ubb3c\uc758 \uc751\uc6a9<\/h2>\n<p>\ud53c\uc2a4\ud0c0\uce58\uc624 \ucd94\ucd9c\ubb3c\uc740 \uc8fc\ub85c \ub2e4\uc74c \ubd84\uc57c\uc5d0 \uc751\uc6a9\ub429\ub2c8\ub2e4:<\/p>\n<ul>\n<li>\uac74\uac15\ud55c \uc218\uba74\uc744 \uc9c0\uc6d0\ud558\ub294 \uac74\uac15\uae30\ub2a5\uc2dd\ud488,<\/li>\n<li>\uc77c\uc8fc\uae30 \ub9ac\ub4ec \uc870\uc808\uc744 \uc9c0\uc6d0\ud558\ub294 \uc81c\ud488,<\/li>\n<li>\ud56d\uc0b0\ud654 \uc791\uc6a9\uc744 \ud558\ub294 \ub274\ud2b8\ub77c\uc288\ud2f0\uceec \uc81c\ud488,<\/li>\n<li>&#8220;<em>sleep support<\/em>&#8221; \uc720\ud615\uc758 \uae30\ub2a5\uc131 \ud63c\ud569\ubb3c,<\/li>\n<li>\ubd84\ub9d0 \ubc0f \ucea1\uc290\ud615 \uac74\uac15\uae30\ub2a5\uc2dd\ud488 \uc81c\ud615.<\/li>\n<\/ul>\n","protected":false},"excerpt":{"rendered":"<p><strong>\ud53c\uc2a4\ud0c0\uce58\uc624 \ucd94\ucd9c\ubb3c<\/strong>\uc740 \uc8fc\ub85c \uadc0\uc911\ud55c \uc601\uc591 \uc131\ubd84\uc758 \uacf5\uae09\uc6d0\uc73c\ub85c \uc54c\ub824\uc9c4 \uc2dd\ubb3c\uc778 <em>Pistacia vera L.<\/em> \ub098\ubb34\uc758 \uc885\uc790\uc5d0\uc11c \ucd94\ucd9c\ub429\ub2c8\ub2e4. \uc774 \ucd94\ucd9c\ubb3c\uc740 <strong>\ud53c\uc2a4\ud0c0\uce58\uc624\uc5d0 \uc790\uc5f0\uc801\uc73c\ub85c \uc874\uc7ac\ud558\ub294 \uc2dd\ubb3c\uc131 \uba5c\ub77c\ud1a0\ub2cc<\/strong>\uc758 \ud45c\uc900\ud654\ub41c \ud568\ub7c9\uc744 \ud3ec\ud568\ud558\uba70, \uc774\ub294 \uc2e0\uccb4\uc758 \uc77c\uc8fc\uae30 \ub9ac\ub4ec \uc870\uc808\uc5d0 \uc911\uc694\ud55c \uc5ed\ud560\uc744 \ud558\ub294 \uc0dd\ub9ac\ud65c\uc131 \ud654\ud569\ubb3c\uc785\ub2c8\ub2e4. <\/p>\n","protected":false},"featured_media":46718,"template":"","meta":{"_acf_changed":false},"product_brand":[],"product_cat":[8134],"product_tag":[],"class_list":{"0":"post-46717","1":"product","2":"type-product","3":"status-publish","4":"has-post-thumbnail","6":"product_cat-sig-mul-chu-chul-mul","7":"pa_czesc-rosliny-11252","9":"first","10":"instock","11":"shipping-taxable","12":"product-type-simple"},"acf":[],"yoast_head":"<!-- This site is optimized with the Yoast SEO plugin v27.5 - https:\/\/yoast.com\/product\/yoast-seo-wordpress\/ -->\n<title>\ud53c\uc2a4\ud0c0\uce58\uc624 \ucd94\ucd9c\ubb3c - Hurtowy Dystrybutor<\/title>\n<meta name=\"description\" content=\"\uc2dd\ubb3c\uc131 \uba5c\ub77c\ud1a0\ub2cc \ud568\ub7c9\uc73c\ub85c \ud45c\uc900\ud654\ub41c \ud53c\uc2a4\ud0c0\uce58\uc624 \ucd94\ucd9c\ubb3c \u2013 \uac74\uac15\ud55c \uc218\uba74\uacfc \uc77c\uc8fc\uae30 \ub9ac\ub4ec \uc870\uc808\uc744 \uc9c0\uc6d0\ud558\ub294 \uac74\uac15\uae30\ub2a5\uc2dd\ud488\uc6a9 \uc6d0\ub8cc.\" \/>\n<meta name=\"robots\" content=\"index, follow, max-snippet:-1, max-image-preview:large, max-video-preview:-1\" \/>\n<link rel=\"canonical\" href=\"https:\/\/naturalpoland.com\/ko\/je-pum\/sig-mul-chu-chul-mul\/%ed%94%bc%ec%8a%a4%ed%83%80%ec%b9%98%ec%98%a4-%ec%b6%94%ec%b6%9c%eb%ac%bc\/\" \/>\n<meta property=\"og:locale\" content=\"ko_KR\" \/>\n<meta property=\"og:type\" content=\"article\" \/>\n<meta property=\"og:title\" content=\"\ud53c\uc2a4\ud0c0\uce58\uc624 \ucd94\ucd9c\ubb3c - Hurtowy Dystrybutor\" \/>\n<meta property=\"og:description\" content=\"\uc2dd\ubb3c\uc131 \uba5c\ub77c\ud1a0\ub2cc \ud568\ub7c9\uc73c\ub85c \ud45c\uc900\ud654\ub41c \ud53c\uc2a4\ud0c0\uce58\uc624 \ucd94\ucd9c\ubb3c \u2013 \uac74\uac15\ud55c \uc218\uba74\uacfc \uc77c\uc8fc\uae30 \ub9ac\ub4ec \uc870\uc808\uc744 \uc9c0\uc6d0\ud558\ub294 \uac74\uac15\uae30\ub2a5\uc2dd\ud488\uc6a9 \uc6d0\ub8cc.\" \/>\n<meta property=\"og:url\" content=\"https:\/\/naturalpoland.com\/ko\/je-pum\/sig-mul-chu-chul-mul\/%ed%94%bc%ec%8a%a4%ed%83%80%ec%b9%98%ec%98%a4-%ec%b6%94%ec%b6%9c%eb%ac%bc\/\" \/>\n<meta property=\"og:site_name\" content=\"NATURAL POLAND - Hurtowy Dystrybutor Surowc\u00f3w\" \/>\n<meta property=\"article:publisher\" content=\"https:\/\/www.facebook.com\/naturalpoland.b2b\" \/>\n<meta property=\"article:modified_time\" content=\"2026-03-12T14:02:55+00:00\" \/>\n<meta property=\"og:image\" content=\"https:\/\/naturalpoland.com\/wp-content\/uploads\/ekstrakt-z-pistacji.png\" \/>\n\t<meta property=\"og:image:width\" content=\"1024\" \/>\n\t<meta property=\"og:image:height\" content=\"1024\" \/>\n\t<meta property=\"og:image:type\" content=\"image\/png\" \/>\n<script type=\"application\/ld+json\" class=\"yoast-schema-graph\">{\"@context\":\"https:\\\/\\\/schema.org\",\"@graph\":[{\"@type\":\"WebPage\",\"@id\":\"https:\\\/\\\/naturalpoland.com\\\/ko\\\/je-pum\\\/sig-mul-chu-chul-mul\\\/%ed%94%bc%ec%8a%a4%ed%83%80%ec%b9%98%ec%98%a4-%ec%b6%94%ec%b6%9c%eb%ac%bc\\\/\",\"url\":\"https:\\\/\\\/naturalpoland.com\\\/ko\\\/je-pum\\\/sig-mul-chu-chul-mul\\\/%ed%94%bc%ec%8a%a4%ed%83%80%ec%b9%98%ec%98%a4-%ec%b6%94%ec%b6%9c%eb%ac%bc\\\/\",\"name\":\"\ud53c\uc2a4\ud0c0\uce58\uc624 \ucd94\ucd9c\ubb3c - Hurtowy Dystrybutor\",\"isPartOf\":{\"@id\":\"https:\\\/\\\/naturalpoland.com\\\/ko\\\/#website\"},\"primaryImageOfPage\":{\"@id\":\"https:\\\/\\\/naturalpoland.com\\\/ko\\\/je-pum\\\/sig-mul-chu-chul-mul\\\/%ed%94%bc%ec%8a%a4%ed%83%80%ec%b9%98%ec%98%a4-%ec%b6%94%ec%b6%9c%eb%ac%bc\\\/#primaryimage\"},\"image\":{\"@id\":\"https:\\\/\\\/naturalpoland.com\\\/ko\\\/je-pum\\\/sig-mul-chu-chul-mul\\\/%ed%94%bc%ec%8a%a4%ed%83%80%ec%b9%98%ec%98%a4-%ec%b6%94%ec%b6%9c%eb%ac%bc\\\/#primaryimage\"},\"thumbnailUrl\":\"https:\\\/\\\/naturalpoland.com\\\/wp-content\\\/uploads\\\/ekstrakt-z-pistacji.png\",\"datePublished\":\"2026-03-10T15:03:18+00:00\",\"dateModified\":\"2026-03-12T14:02:55+00:00\",\"description\":\"\uc2dd\ubb3c\uc131 \uba5c\ub77c\ud1a0\ub2cc \ud568\ub7c9\uc73c\ub85c \ud45c\uc900\ud654\ub41c \ud53c\uc2a4\ud0c0\uce58\uc624 \ucd94\ucd9c\ubb3c \u2013 \uac74\uac15\ud55c \uc218\uba74\uacfc \uc77c\uc8fc\uae30 \ub9ac\ub4ec \uc870\uc808\uc744 \uc9c0\uc6d0\ud558\ub294 \uac74\uac15\uae30\ub2a5\uc2dd\ud488\uc6a9 \uc6d0\ub8cc.\",\"breadcrumb\":{\"@id\":\"https:\\\/\\\/naturalpoland.com\\\/ko\\\/je-pum\\\/sig-mul-chu-chul-mul\\\/%ed%94%bc%ec%8a%a4%ed%83%80%ec%b9%98%ec%98%a4-%ec%b6%94%ec%b6%9c%eb%ac%bc\\\/#breadcrumb\"},\"inLanguage\":\"ko-KR\",\"potentialAction\":[{\"@type\":\"ReadAction\",\"target\":[\"https:\\\/\\\/naturalpoland.com\\\/ko\\\/je-pum\\\/sig-mul-chu-chul-mul\\\/%ed%94%bc%ec%8a%a4%ed%83%80%ec%b9%98%ec%98%a4-%ec%b6%94%ec%b6%9c%eb%ac%bc\\\/\"]}]},{\"@type\":\"ImageObject\",\"inLanguage\":\"ko-KR\",\"@id\":\"https:\\\/\\\/naturalpoland.com\\\/ko\\\/je-pum\\\/sig-mul-chu-chul-mul\\\/%ed%94%bc%ec%8a%a4%ed%83%80%ec%b9%98%ec%98%a4-%ec%b6%94%ec%b6%9c%eb%ac%bc\\\/#primaryimage\",\"url\":\"https:\\\/\\\/naturalpoland.com\\\/wp-content\\\/uploads\\\/ekstrakt-z-pistacji.png\",\"contentUrl\":\"https:\\\/\\\/naturalpoland.com\\\/wp-content\\\/uploads\\\/ekstrakt-z-pistacji.png\",\"width\":1024,\"height\":1024,\"caption\":\"\ud53c\uc2a4\ud0c0\uce58\uc624 \ucd94\ucd9c\ubb3c\"},{\"@type\":\"BreadcrumbList\",\"@id\":\"https:\\\/\\\/naturalpoland.com\\\/ko\\\/je-pum\\\/sig-mul-chu-chul-mul\\\/%ed%94%bc%ec%8a%a4%ed%83%80%ec%b9%98%ec%98%a4-%ec%b6%94%ec%b6%9c%eb%ac%bc\\\/#breadcrumb\",\"itemListElement\":[{\"@type\":\"ListItem\",\"position\":1,\"name\":\"\ud648\",\"item\":\"https:\\\/\\\/naturalpoland.com\\\/ko\\\/\"},{\"@type\":\"ListItem\",\"position\":2,\"name\":\"\uc81c\ud488\",\"item\":\"https:\\\/\\\/naturalpoland.com\\\/ko\\\/%ec%a0%9c%ed%92%88\\\/\"},{\"@type\":\"ListItem\",\"position\":3,\"name\":\"\ud53c\uc2a4\ud0c0\uce58\uc624 \ucd94\ucd9c\ubb3c\"}]},{\"@type\":\"WebSite\",\"@id\":\"https:\\\/\\\/naturalpoland.com\\\/ko\\\/#website\",\"url\":\"https:\\\/\\\/naturalpoland.com\\\/ko\\\/\",\"name\":\"NATURAL POLAND - Hurtowy Dystrybutor Surowc\u00f3w\",\"description\":\"Surowce dla przemys\u0142u spo\u017cywczego, kosmetycznego i farmaceutycznego\",\"publisher\":{\"@id\":\"https:\\\/\\\/naturalpoland.com\\\/ko\\\/#organization\"},\"potentialAction\":[{\"@type\":\"SearchAction\",\"target\":{\"@type\":\"EntryPoint\",\"urlTemplate\":\"https:\\\/\\\/naturalpoland.com\\\/ko\\\/?s={search_term_string}\"},\"query-input\":{\"@type\":\"PropertyValueSpecification\",\"valueRequired\":true,\"valueName\":\"search_term_string\"}}],\"inLanguage\":\"ko-KR\"},{\"@type\":\"Organization\",\"@id\":\"https:\\\/\\\/naturalpoland.com\\\/ko\\\/#organization\",\"name\":\"Natural Poland\",\"url\":\"https:\\\/\\\/naturalpoland.com\\\/ko\\\/\",\"logo\":{\"@type\":\"ImageObject\",\"inLanguage\":\"ko-KR\",\"@id\":\"https:\\\/\\\/naturalpoland.com\\\/ko\\\/#\\\/schema\\\/logo\\\/image\\\/\",\"url\":\"https:\\\/\\\/naturalpoland.com\\\/wp-content\\\/uploads\\\/2021\\\/05\\\/natural-poland-icon.png\",\"contentUrl\":\"https:\\\/\\\/naturalpoland.com\\\/wp-content\\\/uploads\\\/2021\\\/05\\\/natural-poland-icon.png\",\"width\":512,\"height\":512,\"caption\":\"Natural Poland\"},\"image\":{\"@id\":\"https:\\\/\\\/naturalpoland.com\\\/ko\\\/#\\\/schema\\\/logo\\\/image\\\/\"},\"sameAs\":[\"https:\\\/\\\/www.facebook.com\\\/naturalpoland.b2b\",\"https:\\\/\\\/pl.linkedin.com\\\/company\\\/natural-poland\",\"https:\\\/\\\/www.youtube.com\\\/channel\\\/UCgeGGkvOMahZo-xu_MSEWxg\"]}]}<\/script>\n<!-- \/ Yoast SEO plugin. -->","yoast_head_json":{"title":"\ud53c\uc2a4\ud0c0\uce58\uc624 \ucd94\ucd9c\ubb3c - Hurtowy Dystrybutor","description":"\uc2dd\ubb3c\uc131 \uba5c\ub77c\ud1a0\ub2cc \ud568\ub7c9\uc73c\ub85c \ud45c\uc900\ud654\ub41c \ud53c\uc2a4\ud0c0\uce58\uc624 \ucd94\ucd9c\ubb3c \u2013 \uac74\uac15\ud55c \uc218\uba74\uacfc \uc77c\uc8fc\uae30 \ub9ac\ub4ec \uc870\uc808\uc744 \uc9c0\uc6d0\ud558\ub294 \uac74\uac15\uae30\ub2a5\uc2dd\ud488\uc6a9 \uc6d0\ub8cc.","robots":{"index":"index","follow":"follow","max-snippet":"max-snippet:-1","max-image-preview":"max-image-preview:large","max-video-preview":"max-video-preview:-1"},"canonical":"https:\/\/naturalpoland.com\/ko\/je-pum\/sig-mul-chu-chul-mul\/%ed%94%bc%ec%8a%a4%ed%83%80%ec%b9%98%ec%98%a4-%ec%b6%94%ec%b6%9c%eb%ac%bc\/","og_locale":"ko_KR","og_type":"article","og_title":"\ud53c\uc2a4\ud0c0\uce58\uc624 \ucd94\ucd9c\ubb3c - Hurtowy Dystrybutor","og_description":"\uc2dd\ubb3c\uc131 \uba5c\ub77c\ud1a0\ub2cc \ud568\ub7c9\uc73c\ub85c \ud45c\uc900\ud654\ub41c \ud53c\uc2a4\ud0c0\uce58\uc624 \ucd94\ucd9c\ubb3c \u2013 \uac74\uac15\ud55c \uc218\uba74\uacfc \uc77c\uc8fc\uae30 \ub9ac\ub4ec \uc870\uc808\uc744 \uc9c0\uc6d0\ud558\ub294 \uac74\uac15\uae30\ub2a5\uc2dd\ud488\uc6a9 \uc6d0\ub8cc.","og_url":"https:\/\/naturalpoland.com\/ko\/je-pum\/sig-mul-chu-chul-mul\/%ed%94%bc%ec%8a%a4%ed%83%80%ec%b9%98%ec%98%a4-%ec%b6%94%ec%b6%9c%eb%ac%bc\/","og_site_name":"NATURAL POLAND - Hurtowy Dystrybutor Surowc\u00f3w","article_publisher":"https:\/\/www.facebook.com\/naturalpoland.b2b","article_modified_time":"2026-03-12T14:02:55+00:00","og_image":[{"width":1024,"height":1024,"url":"https:\/\/naturalpoland.com\/wp-content\/uploads\/ekstrakt-z-pistacji.png","type":"image\/png"}],"schema":{"@context":"https:\/\/schema.org","@graph":[{"@type":"WebPage","@id":"https:\/\/naturalpoland.com\/ko\/je-pum\/sig-mul-chu-chul-mul\/%ed%94%bc%ec%8a%a4%ed%83%80%ec%b9%98%ec%98%a4-%ec%b6%94%ec%b6%9c%eb%ac%bc\/","url":"https:\/\/naturalpoland.com\/ko\/je-pum\/sig-mul-chu-chul-mul\/%ed%94%bc%ec%8a%a4%ed%83%80%ec%b9%98%ec%98%a4-%ec%b6%94%ec%b6%9c%eb%ac%bc\/","name":"\ud53c\uc2a4\ud0c0\uce58\uc624 \ucd94\ucd9c\ubb3c - Hurtowy Dystrybutor","isPartOf":{"@id":"https:\/\/naturalpoland.com\/ko\/#website"},"primaryImageOfPage":{"@id":"https:\/\/naturalpoland.com\/ko\/je-pum\/sig-mul-chu-chul-mul\/%ed%94%bc%ec%8a%a4%ed%83%80%ec%b9%98%ec%98%a4-%ec%b6%94%ec%b6%9c%eb%ac%bc\/#primaryimage"},"image":{"@id":"https:\/\/naturalpoland.com\/ko\/je-pum\/sig-mul-chu-chul-mul\/%ed%94%bc%ec%8a%a4%ed%83%80%ec%b9%98%ec%98%a4-%ec%b6%94%ec%b6%9c%eb%ac%bc\/#primaryimage"},"thumbnailUrl":"https:\/\/naturalpoland.com\/wp-content\/uploads\/ekstrakt-z-pistacji.png","datePublished":"2026-03-10T15:03:18+00:00","dateModified":"2026-03-12T14:02:55+00:00","description":"\uc2dd\ubb3c\uc131 \uba5c\ub77c\ud1a0\ub2cc \ud568\ub7c9\uc73c\ub85c \ud45c\uc900\ud654\ub41c \ud53c\uc2a4\ud0c0\uce58\uc624 \ucd94\ucd9c\ubb3c \u2013 \uac74\uac15\ud55c \uc218\uba74\uacfc \uc77c\uc8fc\uae30 \ub9ac\ub4ec \uc870\uc808\uc744 \uc9c0\uc6d0\ud558\ub294 \uac74\uac15\uae30\ub2a5\uc2dd\ud488\uc6a9 \uc6d0\ub8cc.","breadcrumb":{"@id":"https:\/\/naturalpoland.com\/ko\/je-pum\/sig-mul-chu-chul-mul\/%ed%94%bc%ec%8a%a4%ed%83%80%ec%b9%98%ec%98%a4-%ec%b6%94%ec%b6%9c%eb%ac%bc\/#breadcrumb"},"inLanguage":"ko-KR","potentialAction":[{"@type":"ReadAction","target":["https:\/\/naturalpoland.com\/ko\/je-pum\/sig-mul-chu-chul-mul\/%ed%94%bc%ec%8a%a4%ed%83%80%ec%b9%98%ec%98%a4-%ec%b6%94%ec%b6%9c%eb%ac%bc\/"]}]},{"@type":"ImageObject","inLanguage":"ko-KR","@id":"https:\/\/naturalpoland.com\/ko\/je-pum\/sig-mul-chu-chul-mul\/%ed%94%bc%ec%8a%a4%ed%83%80%ec%b9%98%ec%98%a4-%ec%b6%94%ec%b6%9c%eb%ac%bc\/#primaryimage","url":"https:\/\/naturalpoland.com\/wp-content\/uploads\/ekstrakt-z-pistacji.png","contentUrl":"https:\/\/naturalpoland.com\/wp-content\/uploads\/ekstrakt-z-pistacji.png","width":1024,"height":1024,"caption":"\ud53c\uc2a4\ud0c0\uce58\uc624 \ucd94\ucd9c\ubb3c"},{"@type":"BreadcrumbList","@id":"https:\/\/naturalpoland.com\/ko\/je-pum\/sig-mul-chu-chul-mul\/%ed%94%bc%ec%8a%a4%ed%83%80%ec%b9%98%ec%98%a4-%ec%b6%94%ec%b6%9c%eb%ac%bc\/#breadcrumb","itemListElement":[{"@type":"ListItem","position":1,"name":"\ud648","item":"https:\/\/naturalpoland.com\/ko\/"},{"@type":"ListItem","position":2,"name":"\uc81c\ud488","item":"https:\/\/naturalpoland.com\/ko\/%ec%a0%9c%ed%92%88\/"},{"@type":"ListItem","position":3,"name":"\ud53c\uc2a4\ud0c0\uce58\uc624 \ucd94\ucd9c\ubb3c"}]},{"@type":"WebSite","@id":"https:\/\/naturalpoland.com\/ko\/#website","url":"https:\/\/naturalpoland.com\/ko\/","name":"NATURAL POLAND - Hurtowy Dystrybutor Surowc\u00f3w","description":"Surowce dla przemys\u0142u spo\u017cywczego, kosmetycznego i farmaceutycznego","publisher":{"@id":"https:\/\/naturalpoland.com\/ko\/#organization"},"potentialAction":[{"@type":"SearchAction","target":{"@type":"EntryPoint","urlTemplate":"https:\/\/naturalpoland.com\/ko\/?s={search_term_string}"},"query-input":{"@type":"PropertyValueSpecification","valueRequired":true,"valueName":"search_term_string"}}],"inLanguage":"ko-KR"},{"@type":"Organization","@id":"https:\/\/naturalpoland.com\/ko\/#organization","name":"Natural Poland","url":"https:\/\/naturalpoland.com\/ko\/","logo":{"@type":"ImageObject","inLanguage":"ko-KR","@id":"https:\/\/naturalpoland.com\/ko\/#\/schema\/logo\/image\/","url":"https:\/\/naturalpoland.com\/wp-content\/uploads\/2021\/05\/natural-poland-icon.png","contentUrl":"https:\/\/naturalpoland.com\/wp-content\/uploads\/2021\/05\/natural-poland-icon.png","width":512,"height":512,"caption":"Natural Poland"},"image":{"@id":"https:\/\/naturalpoland.com\/ko\/#\/schema\/logo\/image\/"},"sameAs":["https:\/\/www.facebook.com\/naturalpoland.b2b","https:\/\/pl.linkedin.com\/company\/natural-poland","https:\/\/www.youtube.com\/channel\/UCgeGGkvOMahZo-xu_MSEWxg"]}]}},"_links":{"self":[{"href":"https:\/\/naturalpoland.com\/ko\/wp-json\/wp\/v2\/product\/46717","targetHints":{"allow":["GET"]}}],"collection":[{"href":"https:\/\/naturalpoland.com\/ko\/wp-json\/wp\/v2\/product"}],"about":[{"href":"https:\/\/naturalpoland.com\/ko\/wp-json\/wp\/v2\/types\/product"}],"wp:featuredmedia":[{"embeddable":true,"href":"https:\/\/naturalpoland.com\/ko\/wp-json\/wp\/v2\/media\/46718"}],"wp:attachment":[{"href":"https:\/\/naturalpoland.com\/ko\/wp-json\/wp\/v2\/media?parent=46717"}],"wp:term":[{"taxonomy":"product_brand","embeddable":true,"href":"https:\/\/naturalpoland.com\/ko\/wp-json\/wp\/v2\/product_brand?post=46717"},{"taxonomy":"product_cat","embeddable":true,"href":"https:\/\/naturalpoland.com\/ko\/wp-json\/wp\/v2\/product_cat?post=46717"},{"taxonomy":"product_tag","embeddable":true,"href":"https:\/\/naturalpoland.com\/ko\/wp-json\/wp\/v2\/product_tag?post=46717"}],"curies":[{"name":"wp","href":"https:\/\/api.w.org\/{rel}","templated":true}]}}