{"id":46737,"date":"2026-03-12T14:12:30","date_gmt":"2026-03-12T13:12:30","guid":{"rendered":"https:\/\/naturalpoland.com\/produkty\/uncategorized\/%eb%a7%90%ec%b0%a8\/"},"modified":"2026-03-12T15:26:51","modified_gmt":"2026-03-12T14:26:51","slug":"%eb%a7%90%ec%b0%a8","status":"publish","type":"product","link":"https:\/\/naturalpoland.com\/ko\/je-pum\/sig-pum-won-ryo\/saeng-san-yong-won-ryo\/%eb%a7%90%ec%b0%a8\/","title":{"rendered":"\ub9d0\ucc28"},"content":{"rendered":"<h2>\ub9d0\ucc28\ub294 \uc5b4\ub5bb\uac8c \ub9cc\ub4e4\uc5b4\uc9c0\ub098\uc694?<\/h2>\n<p>\ub9d0\ucc28\ub294 \ud2b9\uc218\ud55c \uc870\uac74\uc5d0\uc11c \uc7ac\ubc30\ub41c \ucc28\ub098\ubb34 \uc78e\uc73c\ub85c \uc0dd\uc0b0\ub429\ub2c8\ub2e4. \uc218\ud655 \uc804 \ucc28\ub098\ubb34\ub97c \ubd80\ubd84\uc801\uc73c\ub85c \ucc28\uad11\ud558\uc5ec \uc5fd\ub85d\uc18c \ubc0f \ud2b9\uc815 \uc0dd\ub9ac\ud65c\uc131 \ud654\ud569\ubb3c\uc758 \ud568\ub7c9\uc744 \uc99d\uac00\uc2dc\ud0b5\ub2c8\ub2e4. \uc218\ud655 \ud6c4 \uc78e\uc744 \uc99d\uae30\ub85c \ucc0c\uace0 \uac74\uc870\ud55c \ub2e4\uc74c \uc804\ud1b5 \uc11d\uad6c \ub610\ub294 \uace0\uc815\ubc00 \uc0b0\uc5c5\uc6a9 \ubd84\uc1c4\uae30\ub85c \ubbf8\uc138\ud55c \ubd84\ub9d0\ub85c \ubd84\uc1c4\ud569\ub2c8\ub2e4.  <\/p>\n<h2>\ub9d0\ucc28\uc758 \uc885\ub958:<\/h2>\n<p>\uc138 \uac00\uc9c0 \ub9d0\ucc28 \ud488\uc885\uc744 \uc81c\uacf5\ud569\ub2c8\ub2e4:<\/p>\n<ul>\n<li><a href=\"https:\/\/naturalpoland.com\/ko\/je-pum\/sig-pum-won-ryo\/saeng-san-yong-won-ryo\/%eb%a7%90%ec%b0%a8\/#matcha-japonska\"><strong>\uc77c\ubcf8\uc0b0 \ub9d0\ucc28<\/strong><\/a><\/li>\n<li><a href=\"https:\/\/naturalpoland.com\/ko\/je-pum\/sig-pum-won-ryo\/saeng-san-yong-won-ryo\/%eb%a7%90%ec%b0%a8\/#matcha-chinska\"><strong>\uc911\uad6d\uc0b0 \ub9d0\ucc28<\/strong><\/a><\/li>\n<li><a href=\"https:\/\/naturalpoland.com\/ko\/je-pum\/sig-pum-won-ryo\/saeng-san-yong-won-ryo\/%eb%a7%90%ec%b0%a8\/#matcha-japonska-ceremonialna\"><strong>\uc77c\ubcf8\uc0b0 \uc758\ub840\uc6a9 \ub9d0\ucc28<\/strong><\/a><\/li>\n<\/ul>\n<p>\uc774\ub4e4\uc740 \uc78e\uc758 \ud488\uc9c8, \ud48d\ubbf8 \ud504\ub85c\ud544 \ubc0f \uae30\uc220\uc801 \uc6a9\ub3c4\uc5d0\uc11c \ucc28\uc774\uac00 \uc788\uc2b5\ub2c8\ub2e4.<\/p>\n<h2>\ub9d0\ucc28\uc758 \ud2b9\uc131:<\/h2>\n<p>\ub9d0\ucc28\ub294 \ubb34\uc5c7\ubcf4\ub2e4\ub3c4 \ucc9c\uc5f0 \uc0dd\ub9ac\ud65c\uc131 \ud654\ud569\ubb3c\uc758 \ub192\uc740 \ud568\ub7c9\uc73c\ub85c \uc778\uc815\ubc1b\uace0 \uc788\uc2b5\ub2c8\ub2e4. \ub179\ucc28 \uc78e\uc5d0\ub294 <strong>\uce74\ud14c\ud0a8<\/strong>, <strong>\ud3f4\ub9ac\ud398\ub180<\/strong>, <strong>\uc5fd\ub85d\uc18c<\/strong> \ubc0f <strong>\uc544\ubbf8\ub178\uc0b0<\/strong>\uc774 \ud568\uc720\ub418\uc5b4 \uc788\uc5b4 \uc81c\ud488\uc5d0 \ud2b9\uc9d5\uc801\uc778 \uae30\ub2a5\uc801 \ud2b9\uc131\uc744 \ubd80\uc5ec\ud569\ub2c8\ub2e4. <\/p>\n<p>\ub9d0\ucc28\uc5d0\ub294 \ucc28 \uc78e\uc5d0 \uc790\uc5f0\uc801\uc73c\ub85c \uc874\uc7ac\ud558\ub294 \uc544\ubbf8\ub178\uc0b0\uc778 <a href=\"https:\/\/naturalpoland.com\/ko\/je-pum\/ui-yak-pum-won-ryo\/a-mi-no-san\/l-teanin\/\"><strong>L-\ud14c\uc544\ub2cc<\/strong><\/a>\uc774 \ud568\uc720\ub418\uc5b4 \uc788\uc73c\uba70, \uc774\ub294 \ud2b9\uc9d5\uc801\uc778 \uac10\uce60\ub9db\uc744 \ub2f4\ub2f9\ud558\uace0 \uac01\uc131 \ud6a8\uacfc\uc5d0 \uc601\ud5a5\uc744 \ubbf8\uce69\ub2c8\ub2e4. \ucc9c\uc5f0 \uce74\ud398\uc778\uacfc \uacb0\ud569\ud558\uc5ec \uc9d1\uc911\ub825 \ud5a5\uc0c1 \ubc0f \uc548\uc815\uc801\uc778 \uc5d0\ub108\uc9c0 \uc218\uc900 \uc720\uc9c0\uc5d0 \ub3c4\uc6c0\uc774 \ub420 \uc218 \uc788\uc2b5\ub2c8\ub2e4. <\/p>\n<p>\ub9d0\ucc28\ub294 \ub610\ud55c <strong>\ube44\ud0c0\ubbfc C<\/strong>\uc758 \uacf5\uae09\uc6d0\uc774\uba70, \uc77c\ubd80 \ubc30\uce58\uc758 \uacbd\uc6b0 \uc81c\ud488 100 g\ub2f9 \uc57d 150\u2013200 mg\uc744 \ud568\uc720\ud560 \uc218 \uc788\uc2b5\ub2c8\ub2e4. \ub610\ud55c <strong>\uc5fd\ub85d\uc18c<\/strong> \ubc0f \ub179\ucc28 \uc78e\uc5d0 \uc874\uc7ac\ud558\ub294 \ub2e4\uc591\ud55c \ud56d\uc0b0\ud654\uc81c\ub97c \ud568\uc720\ud558\uace0 \uc788\uc2b5\ub2c8\ub2e4. <\/p>\n<p>\uc774\ub7ec\ud55c \uc774\uc720\ub85c \ub9d0\ucc28\ub294 \uae30\ub2a5\uc131 \uc81c\ud488 \ubc0f \uac74\uac15\ubcf4\uc870\uc2dd\ud488\ubfd0\ub9cc \uc544\ub2c8\ub77c \uc601\uc591\uac00\uac00 \ub192\uc740 \uc74c\ub8cc \ubc0f \uc2dd\ud488\uc5d0 \uc790\uc8fc \uc0ac\uc6a9\ub429\ub2c8\ub2e4.<\/p>\n<h2>\uc81c\uacf5\ub418\ub294 \ub9d0\ucc28 \uc885\ub958:<\/h2>\n<h3 id=\"matcha-japonska\">\uc77c\ubcf8\uc0b0 \ub9d0\ucc28<\/h3>\n<p>\uc77c\ubcf8\uc5d0\uc11c \uc0dd\uc0b0\ub418\ub294 \ub9d0\ucc28\ub294 \uac00\uc7a5 \uace0\ud488\uc9c8\uc758 \ubd84\ub9d0 \ub179\ucc28 \ud488\uc885 \uc911 \ud558\ub098\ub85c \uac04\uc8fc\ub429\ub2c8\ub2e4. \ucc28 \uc78e\uc740 \ucc28\uad11\ub41c \ub18d\uc7a5\uc5d0\uc11c \uc7ac\ubc30\ub41c \ud6c4 \uc99d\uae30\ub85c \ucc0c\uace0 \ubbf8\uc138\ud55c \ubd84\ub9d0\ub85c \ubd84\uc1c4\ub429\ub2c8\ub2e4. <\/p>\n<p>\uac15\ub82c\ud55c \ub179\uc0c9, \ub69c\ub837\ud55c \ud5a5 \ubc0f \uade0\ud615 \uc7a1\ud78c \ub9db\uc774 \ud2b9\uc9d5\uc785\ub2c8\ub2e4. \uc77c\ubcf8\uc0b0 \ub9d0\ucc28\ub294 \uc74c\ub8cc \ubc0f \uc2dd\ud488 \uc0b0\uc5c5 \ubaa8\ub450\uc5d0\uc11c \uc790\uc8fc \uc0ac\uc6a9\ub429\ub2c8\ub2e4. <\/p>\n<h3 id=\"matcha-chinska\">\uc911\uad6d\uc0b0 \ub9d0\ucc28<\/h3>\n<p>\uc911\uad6d\uc5d0\uc11c \uc0dd\uc0b0\ub418\ub294 \ub9d0\ucc28\ub294 \uc77c\ubc18\uc801\uc73c\ub85c \uc0b0\uc5c5\uc6a9 \uc81c\ud488 \ubc0f \uc678\uc2dd \uc0b0\uc5c5\uc5d0 \uc0ac\uc6a9\ub429\ub2c8\ub2e4. \ub9db\uc774 \ub354 \uac15\ud558\uace0 \uc57d\uac04 \ub5ab\uc5b4\uc11c \ub514\uc800\ud2b8, \uc81c\uacfc \ub610\ub294 \uc720\uc81c\ud488 \uc74c\ub8cc\uc5d0 \uc798 \uc5b4\uc6b8\ub9bd\ub2c8\ub2e4. <\/p>\n<p>\uac15\ub82c\ud55c \ub9db \ub355\ubd84\uc5d0 \uc911\uad6d\uc0b0 \ub9d0\ucc28\ub294 \ub2e4\ub978 \uc7ac\ub8cc\uc640 \uc798 \uc870\ud654\ub418\uba70 \ubcf5\uc7a1\ud55c \ub808\uc2dc\ud53c\uc5d0\uc11c\ub3c4 \ub69c\ub837\ud55c \ucc28 \ud504\ub85c\ud544\uc744 \uc720\uc9c0\ud569\ub2c8\ub2e4.<\/p>\n<h3 id=\"matcha-japonska-ceremonialna\">\uc77c\ubcf8\uc0b0 \uc758\ub840\uc6a9 \ub9d0\ucc28<\/h3>\n<p>\uc758\ub840\uc6a9 \ub9d0\ucc28\ub294 \uc8fc\ub85c \uc804\ud1b5\uc801\uc778 \ucc28 \uc74c\ub8cc \uc900\ube44\ub97c \uc704\ud55c \ucd5c\uace0 \ud488\uc9c8\uc758 \ub9d0\ucc28 \ud488\uc885\uc785\ub2c8\ub2e4. \uccab \uc218\ud655\uc758 \uac00\uc7a5 \uc5b4\ub9b0 \uc78e\uc73c\ub85c \uc0dd\uc0b0\ub429\ub2c8\ub2e4. <\/p>\n<p>\ub2e4\uc74c\uacfc \uac19\uc740 \ud2b9\uc9d5\uc774 \uc788\uc2b5\ub2c8\ub2e4:<\/p>\n<ul>\n<li>\ub9e4\uc6b0 \uac15\ub82c\ud55c \ub179\uc0c9,<\/li>\n<li>\ubd80\ub4dc\ub7fd\uace0 \ud06c\ub9ac\ubbf8\ud55c \ub9db,<\/li>\n<li>\ucd5c\uc18c\ud55c\uc758 \uc4f4\ub9db,<\/li>\n<li>\ub69c\ub837\ud55c \uac10\uce60\ub9db.<\/li>\n<\/ul>\n<p>\uc758\ub840\uc6a9 \ub9d0\ucc28\ub294 \uc8fc\ub85c \uc804\ud1b5 \ub2e4\ub3c4 \ubc0f \uace0\ud488\uc9c8 \ucc28 \uc74c\ub8cc\uc5d0 \uc0ac\uc6a9\ub429\ub2c8\ub2e4.<\/p>\n<h2>\ub9d0\ucc28\uc758 \uc6a9\ub3c4:<\/h2>\n<p>\ub9d0\ucc28\ub294 \uc2dd\ud488 \ubc0f \uac74\uac15\ubcf4\uc870\uc2dd\ud488 \uc0b0\uc5c5\uc758 \uc5ec\ub7ec \ubd84\uc57c\uc5d0\uc11c \uad11\ubc94\uc704\ud558\uac8c \uc0ac\uc6a9\ub429\ub2c8\ub2e4. \uac15\ub82c\ud55c \uc0c9\uc0c1\uacfc \ud2b9\uc9d5\uc801\uc778 \ub9db \ub355\ubd84\uc5d0 \ub2e4\uc74c\uacfc \uac19\uc740 \uc81c\ud488\uc758 \uc6d0\ub8cc\ub85c \ub110\ub9ac \uc0ac\uc6a9\ub429\ub2c8\ub2e4: <\/p>\n<ul>\n<li>\uae30\ub2a5\uc131 \uc74c\ub8cc \ubc0f \ucc28,<\/li>\n<li>\ub9d0\ucc28 \ub77c\ub5bc \ubc0f \uc720\uc81c\ud488 \uc74c\ub8cc,<\/li>\n<li>\ub514\uc800\ud2b8 \ubc0f \uc81c\uacfc \uc81c\ud488,<\/li>\n<li>\uc544\uc774\uc2a4\ud06c\ub9bc \ubc0f \uc154\ubc97,<\/li>\n<li>\ubc14 \ubc0f \ub2e8\ubc31\uc9c8 \uc81c\ud488,<\/li>\n<li>\uac74\uac15\ubcf4\uc870\uc2dd\ud488,<\/li>\n<li>\uc288\ud37c\ud478\ub4dc \ud63c\ud569\ubb3c.<\/li>\n<\/ul>\n<p>\uc694\ub9ac\uc6a9 \ub9d0\ucc28\ub294 \uc124\ud0d5, \uc6b0\uc720 \ub610\ub294 \ubc00\uac00\ub8e8\uac00 \ud3ec\ud568\ub41c \ub808\uc2dc\ud53c\uc5d0\uc11c\ub3c4 \ub69c\ub837\ud55c \ub9db\uc744 \uc720\uc9c0\ud558\uae30 \ub54c\ubb38\uc5d0 \uc0b0\uc5c5\uc801 \uc6a9\ub3c4\uc5d0 \ud2b9\ud788 \uc801\ud569\ud569\ub2c8\ub2e4.<\/p>\n<h2>\uc790\uc8fc \ubb3b\ub294 \uc9c8\ubb38:<\/h2>\n<h3>\ub9d0\ucc28\uc5d0 \uce74\ud398\uc778\uc774 \ud568\uc720\ub418\uc5b4 \uc788\ub098\uc694?<\/h3>\n<p>\ub124, \ub9d0\ucc28\ub294 \ub179\ucc28 \uc78e\uc73c\ub85c \ub9cc\ub4e4\uc5b4\uc9c0\uae30 \ub54c\ubb38\uc5d0 \uc790\uc5f0\uc801\uc73c\ub85c \uce74\ud398\uc778\uc744 \ud568\uc720\ud558\uace0 \uc788\uc2b5\ub2c8\ub2e4. \ud488\uc9c8 \ubc0f \uc0dd\uc0b0 \ubc29\ubc95\uc5d0 \ub530\ub77c \uac74\uc870 \uc911\ub7c9 \uae30\uc900 \uc57d 2.8\u20133.2%\ub97c \ud568\uc720\ud560 \uc218 \uc788\uc2b5\ub2c8\ub2e4. <\/p>\n<p>\uc2e4\uc81c\ub85c \uc774\ub294 \ub9d0\ucc28\ub85c \ub9cc\ub4e0 \uc74c\ub8cc\uac00 \uac01\uc131 \ud6a8\uacfc\ub97c \uac00\uc9c8 \uc218 \uc788\uc74c\uc744 \uc758\ubbf8\ud569\ub2c8\ub2e4. \uadf8\ub7ec\ub098 L-\ud14c\uc544\ub2cc\uc758 \uc874\uc7ac\ub85c \uc778\ud574 \uce74\ud398\uc778\uc758 \uc791\uc6a9\uc774 \ub354 \uc810\uc9c4\uc801\uc774\uba70 \ucee4\ud53c\ubcf4\ub2e4 \ubd80\ub4dc\ub7ec\uc6b4 \uac83\uc73c\ub85c \uc790\uc8fc \uc124\uba85\ub429\ub2c8\ub2e4. <\/p>\n<p>\uc774\ub7ec\ud55c \uc774\uc720\ub85c \ub9d0\ucc28\ub294 \ub2e4\uc74c\uacfc \uac19\uc740 \uc81c\ud488\uc5d0 \ub110\ub9ac \uc0ac\uc6a9\ub429\ub2c8\ub2e4:<\/p>\n<ul>\n<li>\uae30\ub2a5\uc131 \uc74c\ub8cc,<\/li>\n<li>\uc5d0\ub108\uc9c0 \uc81c\ud488,<\/li>\n<li>\uc9d1\uc911\ub825 \uc9c0\uc6d0 \uac74\uac15\ubcf4\uc870\uc2dd\ud488.<\/li>\n<\/ul>\n<h3>\ub9d0\ucc28\ub294 \uc5b4\ub5a4 \ub9db\uc778\uac00\uc694?<\/h3>\n<p>\ub9d0\ucc28\uc758 \ub9db\uc740 \ud2b9\uc9d5\uc801\uc774\uba70 \uc77c\ubc18 \ub179\ucc28\uc640 \ub69c\ub837\ud558\uac8c \ub2e4\ub985\ub2c8\ub2e4. \uc81c\ud488\uc758 \ud488\uc9c8\uc5d0 \ub530\ub77c \ub2e4\uc74c\uacfc \uac19\uc744 \uc218 \uc788\uc2b5\ub2c8\ub2e4: <\/p>\n<ul>\n<li>\ubd80\ub4dc\ub7fd\uace0 \uc57d\uac04 \ub2ec\ucf64\ud568,<\/li>\n<li>\uc2dd\ubb3c\uc131\uc774\uace0 \uc2e0\uc120\ud568,<\/li>\n<li>\uc57d\uac04 \uc4f0\uac70\ub098 \ub5ab\uc74c.<\/li>\n<\/ul>\n<p>\ub354 \ub192\uc740 \ud488\uc9c8\uc758 \ub9d0\ucc28, \ud2b9\ud788 <strong>\uc758\ub840\uc6a9<\/strong>\uc740 \uac10\uce60\ub9db\uacfc \ubd80\ub4dc\ub7ec\uc6b4 \uc4f4\ub9db\uc774 \uc788\ub294 \ub354 \uade0\ud615 \uc7a1\ud78c \ud48d\ubbf8 \ud504\ub85c\ud544\uc774 \ud2b9\uc9d5\uc785\ub2c8\ub2e4. \ubc18\uba74 <strong>\uc694\ub9ac\uc6a9 \ub9d0\ucc28<\/strong> \ub610\ub294 <strong>\uc0b0\uc5c5\uc6a9 \ub9d0\ucc28<\/strong>\ub294 \uc77c\ubc18\uc801\uc73c\ub85c \ub354 \ub69c\ub837\ud55c \uc4f4\ub9db\uacfc \ub5ab\uc740\ub9db\uc774 \uc788\uc5b4 \uc2dd\ud488\uc758 \uc124\ud0d5, \uc6b0\uc720 \ub610\ub294 \uae30\ud0c0 \uc7ac\ub8cc\uc640 \uc798 \uc870\ud654\ub429\ub2c8\ub2e4. <\/p>\n<h3>\ub9d0\ucc28\uac00 \uac01\uc131 \ud6a8\uacfc\uac00 \uc788\ub098\uc694?<\/h3>\n<p>\ub9d0\ucc28\ub294 \ucc9c\uc5f0 \uce74\ud398\uc778 \uacf5\uae09\uc6d0\uc774\ubbc0\ub85c \uc5d0\ub108\uc9c0 \uc218\uc900\uacfc \uc9d1\uc911\ub825\uc5d0 \uc601\ud5a5\uc744 \ubbf8\uce60 \uc218 \uc788\uc2b5\ub2c8\ub2e4. L-\ud14c\uc544\ub2cc\uc744 \ud3ec\ud568\ud55c \uc544\ubbf8\ub178\uc0b0\uc758 \uc874\uc7ac\ub85c \uc778\ud574 \uac01\uc131 \ud6a8\uacfc\uac00 \uce74\ud398\uc778\ub9cc \ud568\uc720\ud55c \uc74c\ub8cc\ubcf4\ub2e4 \ub354 \uc548\uc815\uc801\uc77c \uc218 \uc788\uc2b5\ub2c8\ub2e4. \ubc14\ub85c \uc774\ub7ec\ud55c \uc774\uc720\ub85c \ub9d0\ucc28\ub294 \uc5d0\ub108\uc9c0 \uc74c\ub8cc, \uae30\ub2a5\uc131 \uc74c\ub8cc \ubc0f \uc9d1\uc911\ub825\uacfc \uc815\uc2e0 \ud65c\ub3d9\uc744 \uc9c0\uc6d0\ud558\ub294 \uc81c\ud488\uc758 \uc6d0\ub8cc\ub85c \uc790\uc8fc \uc0ac\uc6a9\ub429\ub2c8\ub2e4.  <\/p>\n<h3>\ub9d0\ucc28\uac00 \uac74\uac15\uc5d0 \uc88b\ub098\uc694?<\/h3>\n<p>\ub9d0\ucc28\ub294 \ub179\ucc28 \uc78e\uc5d0 \uc874\uc7ac\ud558\ub294 \ub2e4\uc591\ud55c \ucc9c\uc5f0 \ud654\ud569\ubb3c\uc744 \ud568\uc720\ud558\uace0 \uc788\uc5b4 \uc601\uc591\uac00\uac00 \ub192\uc740 \uc81c\ud488\uc73c\ub85c \uc778\uc815\ubc1b\uace0 \uc788\uc2b5\ub2c8\ub2e4. \uc5ec\uae30\uc5d0\ub294 \uc0b0\ud654 \uc2a4\ud2b8\ub808\uc2a4\ub85c\ubd80\ud130 \uc138\ud3ec\ub97c \ubcf4\ud638\ud558\ub294 \ub370 \uae30\uc5ec\ud560 \uc218 \uc788\ub294 \ud3f4\ub9ac\ud398\ub180 \ubc0f \ud56d\uc0b0\ud654\uc81c\uac00 \ud3ec\ud568\ub429\ub2c8\ub2e4. \ub610\ud55c \ub9d0\ucc28\ub294 \uc2dd\uc774\uc12c\uc720, \ub2e8\ubc31\uc9c8 \ubc0f \ubbf8\ub124\ub784\uc744 \uc81c\uacf5\ud569\ub2c8\ub2e4. \ubd84\uc11d\ub41c \uc0ac\uc591\uc5d0\uc11c \ub2e8\ubc31\uc9c8 \ud568\ub7c9\uc740 \uc81c\ud488 100 g\ub2f9 \uc57d 29.9 g, \uc2dd\uc774\uc12c\uc720\ub294 100 g\ub2f9 \uc57d 36.4 g\uc77c \uc218 \uc788\uc2b5\ub2c8\ub2e4.   <\/p>\n","protected":false},"excerpt":{"rendered":"<p><strong>\ub9d0\ucc28<\/strong>\ub294 <em>Camellia sinensis<\/em> \uc2dd\ubb3c\uc758 \uc78e\uc5d0\uc11c \uc5bb\uc740 \uace0\ud488\uc9c8 <strong>\ubd84\ub9d0 \ub179\ucc28<\/strong>\uc785\ub2c8\ub2e4. \uc77c\ubc18 \uc78e\ucc28\uc640 \ub2ec\ub9ac \ub9d0\ucc28\uc758 \uacbd\uc6b0 \ub9e4\uc6b0 \ubbf8\uc138\ud55c \ubd84\ub9d0 \ud615\ud0dc\ub85c \ucc28 \uc78e \uc804\uccb4\ub97c \uc12d\ucde8\ud569\ub2c8\ub2e4. \uc774\ub97c \ud1b5\ud574 \uc81c\ud488\uc740 \ucc28 \uc78e\uc5d0 \uc874\uc7ac\ud558\ub294 \ucc9c\uc5f0 \ud65c\uc131 \uc131\ubd84\uc758 \uc804\uccb4 \uc2a4\ud399\ud2b8\ub7fc\uc744 \uc720\uc9c0\ud569\ub2c8\ub2e4.  <\/p>\n","protected":false},"featured_media":46740,"template":"","meta":{"_acf_changed":false},"product_brand":[],"product_cat":[8175],"product_tag":[],"class_list":{"0":"post-46737","1":"product","2":"type-product","3":"status-publish","4":"has-post-thumbnail","6":"product_cat-saeng-san-yong-won-ryo","7":"pa_czesc-rosliny-8186","8":"pa_metoda-pozyskiwania-11263","10":"first","11":"instock","12":"shipping-taxable","13":"product-type-simple"},"acf":[],"yoast_head":"<!-- This site is optimized with the Yoast SEO plugin v27.4 - https:\/\/yoast.com\/product\/yoast-seo-wordpress\/ -->\n<title>\ub9d0\ucc28 - Hurtowy Dystrybutor<\/title>\n<meta name=\"description\" content=\"\ub9d0\ucc28 \u2013 \uc77c\ubcf8\uc0b0, \uc911\uad6d\uc0b0 \ubc0f \uc758\ub840\uc6a9 \ud488\uc885\uc73c\ub85c \uc81c\uacf5\ub418\ub294 \ubd84\ub9d0 \ub179\ucc28. \ucc9c\uc5f0 \uce74\ud398\uc778 \ubc0f \ud56d\uc0b0\ud654\uc81c \uacf5\uae09\uc6d0.\" \/>\n<meta name=\"robots\" content=\"index, follow, max-snippet:-1, max-image-preview:large, max-video-preview:-1\" \/>\n<link rel=\"canonical\" href=\"https:\/\/naturalpoland.com\/ko\/je-pum\/sig-pum-won-ryo\/saeng-san-yong-won-ryo\/%eb%a7%90%ec%b0%a8\/\" \/>\n<meta property=\"og:locale\" content=\"ko_KR\" \/>\n<meta property=\"og:type\" content=\"article\" \/>\n<meta property=\"og:title\" content=\"\ub9d0\ucc28 - Hurtowy Dystrybutor\" \/>\n<meta property=\"og:description\" content=\"\ub9d0\ucc28 \u2013 \uc77c\ubcf8\uc0b0, \uc911\uad6d\uc0b0 \ubc0f \uc758\ub840\uc6a9 \ud488\uc885\uc73c\ub85c \uc81c\uacf5\ub418\ub294 \ubd84\ub9d0 \ub179\ucc28. \ucc9c\uc5f0 \uce74\ud398\uc778 \ubc0f \ud56d\uc0b0\ud654\uc81c \uacf5\uae09\uc6d0.\" \/>\n<meta property=\"og:url\" content=\"https:\/\/naturalpoland.com\/ko\/je-pum\/sig-pum-won-ryo\/saeng-san-yong-won-ryo\/%eb%a7%90%ec%b0%a8\/\" \/>\n<meta property=\"og:site_name\" content=\"NATURAL POLAND - Hurtowy Dystrybutor Surowc\u00f3w\" \/>\n<meta property=\"article:publisher\" content=\"https:\/\/www.facebook.com\/naturalpoland.b2b\" \/>\n<meta property=\"article:modified_time\" content=\"2026-03-12T14:26:51+00:00\" \/>\n<meta property=\"og:image\" content=\"https:\/\/naturalpoland.com\/wp-content\/uploads\/matcha.png\" \/>\n\t<meta property=\"og:image:width\" content=\"1024\" \/>\n\t<meta property=\"og:image:height\" content=\"1024\" \/>\n\t<meta property=\"og:image:type\" content=\"image\/png\" \/>\n<script type=\"application\/ld+json\" class=\"yoast-schema-graph\">{\"@context\":\"https:\\\/\\\/schema.org\",\"@graph\":[{\"@type\":\"WebPage\",\"@id\":\"https:\\\/\\\/naturalpoland.com\\\/ko\\\/je-pum\\\/sig-pum-won-ryo\\\/saeng-san-yong-won-ryo\\\/%eb%a7%90%ec%b0%a8\\\/\",\"url\":\"https:\\\/\\\/naturalpoland.com\\\/ko\\\/je-pum\\\/sig-pum-won-ryo\\\/saeng-san-yong-won-ryo\\\/%eb%a7%90%ec%b0%a8\\\/\",\"name\":\"\ub9d0\ucc28 - Hurtowy Dystrybutor\",\"isPartOf\":{\"@id\":\"https:\\\/\\\/naturalpoland.com\\\/ko\\\/#website\"},\"primaryImageOfPage\":{\"@id\":\"https:\\\/\\\/naturalpoland.com\\\/ko\\\/je-pum\\\/sig-pum-won-ryo\\\/saeng-san-yong-won-ryo\\\/%eb%a7%90%ec%b0%a8\\\/#primaryimage\"},\"image\":{\"@id\":\"https:\\\/\\\/naturalpoland.com\\\/ko\\\/je-pum\\\/sig-pum-won-ryo\\\/saeng-san-yong-won-ryo\\\/%eb%a7%90%ec%b0%a8\\\/#primaryimage\"},\"thumbnailUrl\":\"https:\\\/\\\/naturalpoland.com\\\/wp-content\\\/uploads\\\/matcha.png\",\"datePublished\":\"2026-03-12T13:12:30+00:00\",\"dateModified\":\"2026-03-12T14:26:51+00:00\",\"description\":\"\ub9d0\ucc28 \u2013 \uc77c\ubcf8\uc0b0, \uc911\uad6d\uc0b0 \ubc0f \uc758\ub840\uc6a9 \ud488\uc885\uc73c\ub85c \uc81c\uacf5\ub418\ub294 \ubd84\ub9d0 \ub179\ucc28. \ucc9c\uc5f0 \uce74\ud398\uc778 \ubc0f \ud56d\uc0b0\ud654\uc81c \uacf5\uae09\uc6d0.\",\"breadcrumb\":{\"@id\":\"https:\\\/\\\/naturalpoland.com\\\/ko\\\/je-pum\\\/sig-pum-won-ryo\\\/saeng-san-yong-won-ryo\\\/%eb%a7%90%ec%b0%a8\\\/#breadcrumb\"},\"inLanguage\":\"ko-KR\",\"potentialAction\":[{\"@type\":\"ReadAction\",\"target\":[\"https:\\\/\\\/naturalpoland.com\\\/ko\\\/je-pum\\\/sig-pum-won-ryo\\\/saeng-san-yong-won-ryo\\\/%eb%a7%90%ec%b0%a8\\\/\"]}]},{\"@type\":\"ImageObject\",\"inLanguage\":\"ko-KR\",\"@id\":\"https:\\\/\\\/naturalpoland.com\\\/ko\\\/je-pum\\\/sig-pum-won-ryo\\\/saeng-san-yong-won-ryo\\\/%eb%a7%90%ec%b0%a8\\\/#primaryimage\",\"url\":\"https:\\\/\\\/naturalpoland.com\\\/wp-content\\\/uploads\\\/matcha.png\",\"contentUrl\":\"https:\\\/\\\/naturalpoland.com\\\/wp-content\\\/uploads\\\/matcha.png\",\"width\":1024,\"height\":1024,\"caption\":\"\ub9d0\ucc28\"},{\"@type\":\"BreadcrumbList\",\"@id\":\"https:\\\/\\\/naturalpoland.com\\\/ko\\\/je-pum\\\/sig-pum-won-ryo\\\/saeng-san-yong-won-ryo\\\/%eb%a7%90%ec%b0%a8\\\/#breadcrumb\",\"itemListElement\":[{\"@type\":\"ListItem\",\"position\":1,\"name\":\"\ud648\",\"item\":\"https:\\\/\\\/naturalpoland.com\\\/ko\\\/\"},{\"@type\":\"ListItem\",\"position\":2,\"name\":\"\uc81c\ud488\",\"item\":\"https:\\\/\\\/naturalpoland.com\\\/ko\\\/%ec%a0%9c%ed%92%88\\\/\"},{\"@type\":\"ListItem\",\"position\":3,\"name\":\"\ub9d0\ucc28\"}]},{\"@type\":\"WebSite\",\"@id\":\"https:\\\/\\\/naturalpoland.com\\\/ko\\\/#website\",\"url\":\"https:\\\/\\\/naturalpoland.com\\\/ko\\\/\",\"name\":\"NATURAL POLAND - Hurtowy Dystrybutor Surowc\u00f3w\",\"description\":\"Surowce dla przemys\u0142u spo\u017cywczego, kosmetycznego i farmaceutycznego\",\"publisher\":{\"@id\":\"https:\\\/\\\/naturalpoland.com\\\/ko\\\/#organization\"},\"potentialAction\":[{\"@type\":\"SearchAction\",\"target\":{\"@type\":\"EntryPoint\",\"urlTemplate\":\"https:\\\/\\\/naturalpoland.com\\\/ko\\\/?s={search_term_string}\"},\"query-input\":{\"@type\":\"PropertyValueSpecification\",\"valueRequired\":true,\"valueName\":\"search_term_string\"}}],\"inLanguage\":\"ko-KR\"},{\"@type\":\"Organization\",\"@id\":\"https:\\\/\\\/naturalpoland.com\\\/ko\\\/#organization\",\"name\":\"Natural Poland\",\"url\":\"https:\\\/\\\/naturalpoland.com\\\/ko\\\/\",\"logo\":{\"@type\":\"ImageObject\",\"inLanguage\":\"ko-KR\",\"@id\":\"https:\\\/\\\/naturalpoland.com\\\/ko\\\/#\\\/schema\\\/logo\\\/image\\\/\",\"url\":\"https:\\\/\\\/naturalpoland.com\\\/wp-content\\\/uploads\\\/2021\\\/05\\\/natural-poland-icon.png\",\"contentUrl\":\"https:\\\/\\\/naturalpoland.com\\\/wp-content\\\/uploads\\\/2021\\\/05\\\/natural-poland-icon.png\",\"width\":512,\"height\":512,\"caption\":\"Natural Poland\"},\"image\":{\"@id\":\"https:\\\/\\\/naturalpoland.com\\\/ko\\\/#\\\/schema\\\/logo\\\/image\\\/\"},\"sameAs\":[\"https:\\\/\\\/www.facebook.com\\\/naturalpoland.b2b\",\"https:\\\/\\\/pl.linkedin.com\\\/company\\\/natural-poland\",\"https:\\\/\\\/www.youtube.com\\\/channel\\\/UCgeGGkvOMahZo-xu_MSEWxg\"]}]}<\/script>\n<!-- \/ Yoast SEO plugin. -->","yoast_head_json":{"title":"\ub9d0\ucc28 - Hurtowy Dystrybutor","description":"\ub9d0\ucc28 \u2013 \uc77c\ubcf8\uc0b0, \uc911\uad6d\uc0b0 \ubc0f \uc758\ub840\uc6a9 \ud488\uc885\uc73c\ub85c \uc81c\uacf5\ub418\ub294 \ubd84\ub9d0 \ub179\ucc28. \ucc9c\uc5f0 \uce74\ud398\uc778 \ubc0f \ud56d\uc0b0\ud654\uc81c \uacf5\uae09\uc6d0.","robots":{"index":"index","follow":"follow","max-snippet":"max-snippet:-1","max-image-preview":"max-image-preview:large","max-video-preview":"max-video-preview:-1"},"canonical":"https:\/\/naturalpoland.com\/ko\/je-pum\/sig-pum-won-ryo\/saeng-san-yong-won-ryo\/%eb%a7%90%ec%b0%a8\/","og_locale":"ko_KR","og_type":"article","og_title":"\ub9d0\ucc28 - Hurtowy Dystrybutor","og_description":"\ub9d0\ucc28 \u2013 \uc77c\ubcf8\uc0b0, \uc911\uad6d\uc0b0 \ubc0f \uc758\ub840\uc6a9 \ud488\uc885\uc73c\ub85c \uc81c\uacf5\ub418\ub294 \ubd84\ub9d0 \ub179\ucc28. \ucc9c\uc5f0 \uce74\ud398\uc778 \ubc0f \ud56d\uc0b0\ud654\uc81c \uacf5\uae09\uc6d0.","og_url":"https:\/\/naturalpoland.com\/ko\/je-pum\/sig-pum-won-ryo\/saeng-san-yong-won-ryo\/%eb%a7%90%ec%b0%a8\/","og_site_name":"NATURAL POLAND - Hurtowy Dystrybutor Surowc\u00f3w","article_publisher":"https:\/\/www.facebook.com\/naturalpoland.b2b","article_modified_time":"2026-03-12T14:26:51+00:00","og_image":[{"width":1024,"height":1024,"url":"https:\/\/naturalpoland.com\/wp-content\/uploads\/matcha.png","type":"image\/png"}],"schema":{"@context":"https:\/\/schema.org","@graph":[{"@type":"WebPage","@id":"https:\/\/naturalpoland.com\/ko\/je-pum\/sig-pum-won-ryo\/saeng-san-yong-won-ryo\/%eb%a7%90%ec%b0%a8\/","url":"https:\/\/naturalpoland.com\/ko\/je-pum\/sig-pum-won-ryo\/saeng-san-yong-won-ryo\/%eb%a7%90%ec%b0%a8\/","name":"\ub9d0\ucc28 - Hurtowy Dystrybutor","isPartOf":{"@id":"https:\/\/naturalpoland.com\/ko\/#website"},"primaryImageOfPage":{"@id":"https:\/\/naturalpoland.com\/ko\/je-pum\/sig-pum-won-ryo\/saeng-san-yong-won-ryo\/%eb%a7%90%ec%b0%a8\/#primaryimage"},"image":{"@id":"https:\/\/naturalpoland.com\/ko\/je-pum\/sig-pum-won-ryo\/saeng-san-yong-won-ryo\/%eb%a7%90%ec%b0%a8\/#primaryimage"},"thumbnailUrl":"https:\/\/naturalpoland.com\/wp-content\/uploads\/matcha.png","datePublished":"2026-03-12T13:12:30+00:00","dateModified":"2026-03-12T14:26:51+00:00","description":"\ub9d0\ucc28 \u2013 \uc77c\ubcf8\uc0b0, \uc911\uad6d\uc0b0 \ubc0f \uc758\ub840\uc6a9 \ud488\uc885\uc73c\ub85c \uc81c\uacf5\ub418\ub294 \ubd84\ub9d0 \ub179\ucc28. \ucc9c\uc5f0 \uce74\ud398\uc778 \ubc0f \ud56d\uc0b0\ud654\uc81c \uacf5\uae09\uc6d0.","breadcrumb":{"@id":"https:\/\/naturalpoland.com\/ko\/je-pum\/sig-pum-won-ryo\/saeng-san-yong-won-ryo\/%eb%a7%90%ec%b0%a8\/#breadcrumb"},"inLanguage":"ko-KR","potentialAction":[{"@type":"ReadAction","target":["https:\/\/naturalpoland.com\/ko\/je-pum\/sig-pum-won-ryo\/saeng-san-yong-won-ryo\/%eb%a7%90%ec%b0%a8\/"]}]},{"@type":"ImageObject","inLanguage":"ko-KR","@id":"https:\/\/naturalpoland.com\/ko\/je-pum\/sig-pum-won-ryo\/saeng-san-yong-won-ryo\/%eb%a7%90%ec%b0%a8\/#primaryimage","url":"https:\/\/naturalpoland.com\/wp-content\/uploads\/matcha.png","contentUrl":"https:\/\/naturalpoland.com\/wp-content\/uploads\/matcha.png","width":1024,"height":1024,"caption":"\ub9d0\ucc28"},{"@type":"BreadcrumbList","@id":"https:\/\/naturalpoland.com\/ko\/je-pum\/sig-pum-won-ryo\/saeng-san-yong-won-ryo\/%eb%a7%90%ec%b0%a8\/#breadcrumb","itemListElement":[{"@type":"ListItem","position":1,"name":"\ud648","item":"https:\/\/naturalpoland.com\/ko\/"},{"@type":"ListItem","position":2,"name":"\uc81c\ud488","item":"https:\/\/naturalpoland.com\/ko\/%ec%a0%9c%ed%92%88\/"},{"@type":"ListItem","position":3,"name":"\ub9d0\ucc28"}]},{"@type":"WebSite","@id":"https:\/\/naturalpoland.com\/ko\/#website","url":"https:\/\/naturalpoland.com\/ko\/","name":"NATURAL POLAND - Hurtowy Dystrybutor Surowc\u00f3w","description":"Surowce dla przemys\u0142u spo\u017cywczego, kosmetycznego i farmaceutycznego","publisher":{"@id":"https:\/\/naturalpoland.com\/ko\/#organization"},"potentialAction":[{"@type":"SearchAction","target":{"@type":"EntryPoint","urlTemplate":"https:\/\/naturalpoland.com\/ko\/?s={search_term_string}"},"query-input":{"@type":"PropertyValueSpecification","valueRequired":true,"valueName":"search_term_string"}}],"inLanguage":"ko-KR"},{"@type":"Organization","@id":"https:\/\/naturalpoland.com\/ko\/#organization","name":"Natural Poland","url":"https:\/\/naturalpoland.com\/ko\/","logo":{"@type":"ImageObject","inLanguage":"ko-KR","@id":"https:\/\/naturalpoland.com\/ko\/#\/schema\/logo\/image\/","url":"https:\/\/naturalpoland.com\/wp-content\/uploads\/2021\/05\/natural-poland-icon.png","contentUrl":"https:\/\/naturalpoland.com\/wp-content\/uploads\/2021\/05\/natural-poland-icon.png","width":512,"height":512,"caption":"Natural Poland"},"image":{"@id":"https:\/\/naturalpoland.com\/ko\/#\/schema\/logo\/image\/"},"sameAs":["https:\/\/www.facebook.com\/naturalpoland.b2b","https:\/\/pl.linkedin.com\/company\/natural-poland","https:\/\/www.youtube.com\/channel\/UCgeGGkvOMahZo-xu_MSEWxg"]}]}},"_links":{"self":[{"href":"https:\/\/naturalpoland.com\/ko\/wp-json\/wp\/v2\/product\/46737","targetHints":{"allow":["GET"]}}],"collection":[{"href":"https:\/\/naturalpoland.com\/ko\/wp-json\/wp\/v2\/product"}],"about":[{"href":"https:\/\/naturalpoland.com\/ko\/wp-json\/wp\/v2\/types\/product"}],"wp:featuredmedia":[{"embeddable":true,"href":"https:\/\/naturalpoland.com\/ko\/wp-json\/wp\/v2\/media\/46740"}],"wp:attachment":[{"href":"https:\/\/naturalpoland.com\/ko\/wp-json\/wp\/v2\/media?parent=46737"}],"wp:term":[{"taxonomy":"product_brand","embeddable":true,"href":"https:\/\/naturalpoland.com\/ko\/wp-json\/wp\/v2\/product_brand?post=46737"},{"taxonomy":"product_cat","embeddable":true,"href":"https:\/\/naturalpoland.com\/ko\/wp-json\/wp\/v2\/product_cat?post=46737"},{"taxonomy":"product_tag","embeddable":true,"href":"https:\/\/naturalpoland.com\/ko\/wp-json\/wp\/v2\/product_tag?post=46737"}],"curies":[{"name":"wp","href":"https:\/\/api.w.org\/{rel}","templated":true}]}}