{"id":46811,"date":"2021-05-11T13:58:09","date_gmt":"2021-05-11T11:58:09","guid":{"rendered":"https:\/\/naturalpoland.com\/produkty\/uncategorized\/%eb%a0%88%eb%aa%ac-%ec%99%81%ec%8a%a4\/"},"modified":"2026-03-18T12:38:36","modified_gmt":"2026-03-18T11:38:36","slug":"%eb%a0%88%eb%aa%ac-%ec%99%81%ec%8a%a4","status":"publish","type":"product","link":"https:\/\/naturalpoland.com\/ko\/je-pum\/cheon-yeon-wak-seu\/%eb%a0%88%eb%aa%ac-%ec%99%81%ec%8a%a4\/","title":{"rendered":"\ub808\ubaac \uc641\uc2a4"},"content":{"rendered":"<p>\ud654\uc7a5\ud488\uc5d0\ub9cc \uc0ac\uc6a9\ub418\ub294 \uac83\uc774 \uc544\ub2d9\ub2c8\ub2e4!<br \/>\n\ub808\ubaac \uc641\uc2a4\ub294 \ud53c\ubd80 \ubc0f \ubaa8\ubc1c \uad00\ub9ac\ub97c \uc704\ud55c \ud654\uc7a5\ud488 \uc81c\uc870\uc5d0 \ud0c1\uc6d4\ud569\ub2c8\ub2e4. \ud53c\ubd80\uc640 \ubaa8\ubc1c\uc744 \uc7ac\uc0dd\ud558\uace0 \uc601\uc591\uc744 \uacf5\uae09\ud569\ub2c8\ub2e4. \ub192\uc740 \ud56d\uc0b0\ud654 \uc131\ubd84\uc740 \ud587\ube5b\uc73c\ub85c \uc778\ud55c \ubaa8\ubc1c \uc0c9\uc0c1 \ud1f4\uc0c9\uc744 \ubc29\uc9c0\ud569\ub2c8\ub2e4. \uc774 \uc641\uc2a4\ub294 \uc81c\ubaa8\uc6a9 \ud654\uc7a5\ud488 \ubc0f \uc544\ub85c\ub9c8\ud14c\ub77c\ud53c \uc81c\ud488\uc758 \ubca0\uc774\uc2a4\ub85c\ub3c4 \uc0ac\uc6a9\ub429\ub2c8\ub2e4. \ub808\ubaac \ud5a5\uc740 \uc0c1\ucf8c\ud568\uc744 \uc8fc\uace0 \ub9c8\uc74c\uc744 \uc9c4\uc815\uc2dc\ud0a4\uba70 \uae30\ubd84\uc744 \uc88b\uac8c \ud569\ub2c8\ub2e4. \ucc9c\uc5f0 \ub9c8\uc0ac\uc9c0 \uce94\ub4e4 \uc81c\uc870\uc5d0\ub3c4 \ud65c\uc6a9\ud560 \uc218 \uc788\uc2b5\ub2c8\ub2e4.     <\/p>\n<p>&nbsp;<\/p>\n","protected":false},"excerpt":{"rendered":"<p><strong>\ub808\ubaac \uc641\uc2a4<\/strong>\ub294 \ub808\ubaac \uc624\uc77c \uc0dd\uc0b0 \uacfc\uc815\uc5d0\uc11c \ubd84\ub9ac\ub41c \uac00\uc7a5 \ubb34\uac70\uc6b4 \uc9c0\ubc29\uc0c1\uc785\ub2c8\ub2e4. \uacfc\uc77c\uc0b0\uacfc \ube44\ud0c0\ubbfc \ud568\ub7c9\uc774 \ub9e4\uc6b0 \ub192\uc740 \uc81c\ud488\uc785\ub2c8\ub2e4. \ube44\ud0c0\ubbfc C, E, A\uac00 \ud48d\ubd80\ud569\ub2c8\ub2e4.  <\/p>\n","protected":false},"featured_media":46812,"template":"","meta":{"_acf_changed":false},"product_brand":[],"product_cat":[8176],"product_tag":[],"class_list":{"0":"post-46811","1":"product","2":"type-product","3":"status-publish","4":"has-post-thumbnail","6":"product_cat-cheon-yeon-wak-seu","8":"first","9":"instock","10":"shipping-taxable","11":"product-type-simple"},"acf":[],"yoast_head":"<!-- This site is optimized with the Yoast SEO plugin v27.5 - https:\/\/yoast.com\/product\/yoast-seo-wordpress\/ -->\n<title>\ub808\ubaac \uc641\uc2a4 - Hurtowy Dystrybutor<\/title>\n<meta name=\"robots\" content=\"index, follow, max-snippet:-1, max-image-preview:large, max-video-preview:-1\" \/>\n<link rel=\"canonical\" href=\"https:\/\/naturalpoland.com\/ko\/je-pum\/cheon-yeon-wak-seu\/%eb%a0%88%eb%aa%ac-%ec%99%81%ec%8a%a4\/\" \/>\n<meta property=\"og:locale\" content=\"ko_KR\" \/>\n<meta property=\"og:type\" content=\"article\" \/>\n<meta property=\"og:title\" content=\"\ub808\ubaac \uc641\uc2a4 - Hurtowy Dystrybutor\" \/>\n<meta property=\"og:description\" content=\"\ub808\ubaac \uc641\uc2a4\ub294 \ub808\ubaac \uc624\uc77c \uc0dd\uc0b0 \uacfc\uc815\uc5d0\uc11c \ubd84\ub9ac\ub41c \uac00\uc7a5 \ubb34\uac70\uc6b4 \uc9c0\ubc29\uc0c1\uc785\ub2c8\ub2e4. \uacfc\uc77c\uc0b0\uacfc \ube44\ud0c0\ubbfc \ud568\ub7c9\uc774 \ub9e4\uc6b0 \ub192\uc740 \uc81c\ud488\uc785\ub2c8\ub2e4. \ube44\ud0c0\ubbfc C, E, A\uac00 \ud48d\ubd80\ud569\ub2c8\ub2e4.\" \/>\n<meta property=\"og:url\" content=\"https:\/\/naturalpoland.com\/ko\/je-pum\/cheon-yeon-wak-seu\/%eb%a0%88%eb%aa%ac-%ec%99%81%ec%8a%a4\/\" \/>\n<meta property=\"og:site_name\" content=\"NATURAL POLAND - Hurtowy Dystrybutor Surowc\u00f3w\" \/>\n<meta property=\"article:publisher\" content=\"https:\/\/www.facebook.com\/naturalpoland.b2b\" \/>\n<meta property=\"article:modified_time\" content=\"2026-03-18T11:38:36+00:00\" \/>\n<meta property=\"og:image\" content=\"https:\/\/naturalpoland.com\/wp-content\/uploads\/2021\/05\/lemon-wax.jpg\" \/>\n\t<meta property=\"og:image:width\" content=\"414\" \/>\n\t<meta property=\"og:image:height\" content=\"400\" \/>\n\t<meta property=\"og:image:type\" content=\"image\/jpeg\" \/>\n<script type=\"application\/ld+json\" class=\"yoast-schema-graph\">{\"@context\":\"https:\\\/\\\/schema.org\",\"@graph\":[{\"@type\":\"WebPage\",\"@id\":\"https:\\\/\\\/naturalpoland.com\\\/ko\\\/je-pum\\\/cheon-yeon-wak-seu\\\/%eb%a0%88%eb%aa%ac-%ec%99%81%ec%8a%a4\\\/\",\"url\":\"https:\\\/\\\/naturalpoland.com\\\/ko\\\/je-pum\\\/cheon-yeon-wak-seu\\\/%eb%a0%88%eb%aa%ac-%ec%99%81%ec%8a%a4\\\/\",\"name\":\"\ub808\ubaac \uc641\uc2a4 - Hurtowy Dystrybutor\",\"isPartOf\":{\"@id\":\"https:\\\/\\\/naturalpoland.com\\\/ko\\\/#website\"},\"primaryImageOfPage\":{\"@id\":\"https:\\\/\\\/naturalpoland.com\\\/ko\\\/je-pum\\\/cheon-yeon-wak-seu\\\/%eb%a0%88%eb%aa%ac-%ec%99%81%ec%8a%a4\\\/#primaryimage\"},\"image\":{\"@id\":\"https:\\\/\\\/naturalpoland.com\\\/ko\\\/je-pum\\\/cheon-yeon-wak-seu\\\/%eb%a0%88%eb%aa%ac-%ec%99%81%ec%8a%a4\\\/#primaryimage\"},\"thumbnailUrl\":\"https:\\\/\\\/naturalpoland.com\\\/wp-content\\\/uploads\\\/2021\\\/05\\\/lemon-wax.jpg\",\"datePublished\":\"2021-05-11T11:58:09+00:00\",\"dateModified\":\"2026-03-18T11:38:36+00:00\",\"breadcrumb\":{\"@id\":\"https:\\\/\\\/naturalpoland.com\\\/ko\\\/je-pum\\\/cheon-yeon-wak-seu\\\/%eb%a0%88%eb%aa%ac-%ec%99%81%ec%8a%a4\\\/#breadcrumb\"},\"inLanguage\":\"ko-KR\",\"potentialAction\":[{\"@type\":\"ReadAction\",\"target\":[\"https:\\\/\\\/naturalpoland.com\\\/ko\\\/je-pum\\\/cheon-yeon-wak-seu\\\/%eb%a0%88%eb%aa%ac-%ec%99%81%ec%8a%a4\\\/\"]}]},{\"@type\":\"ImageObject\",\"inLanguage\":\"ko-KR\",\"@id\":\"https:\\\/\\\/naturalpoland.com\\\/ko\\\/je-pum\\\/cheon-yeon-wak-seu\\\/%eb%a0%88%eb%aa%ac-%ec%99%81%ec%8a%a4\\\/#primaryimage\",\"url\":\"https:\\\/\\\/naturalpoland.com\\\/wp-content\\\/uploads\\\/2021\\\/05\\\/lemon-wax.jpg\",\"contentUrl\":\"https:\\\/\\\/naturalpoland.com\\\/wp-content\\\/uploads\\\/2021\\\/05\\\/lemon-wax.jpg\",\"width\":414,\"height\":400,\"caption\":\"\ub808\ubaac \uc641\uc2a4\"},{\"@type\":\"BreadcrumbList\",\"@id\":\"https:\\\/\\\/naturalpoland.com\\\/ko\\\/je-pum\\\/cheon-yeon-wak-seu\\\/%eb%a0%88%eb%aa%ac-%ec%99%81%ec%8a%a4\\\/#breadcrumb\",\"itemListElement\":[{\"@type\":\"ListItem\",\"position\":1,\"name\":\"\ud648\",\"item\":\"https:\\\/\\\/naturalpoland.com\\\/ko\\\/\"},{\"@type\":\"ListItem\",\"position\":2,\"name\":\"\uc81c\ud488\",\"item\":\"https:\\\/\\\/naturalpoland.com\\\/ko\\\/%ec%a0%9c%ed%92%88\\\/\"},{\"@type\":\"ListItem\",\"position\":3,\"name\":\"\ub808\ubaac \uc641\uc2a4\"}]},{\"@type\":\"WebSite\",\"@id\":\"https:\\\/\\\/naturalpoland.com\\\/ko\\\/#website\",\"url\":\"https:\\\/\\\/naturalpoland.com\\\/ko\\\/\",\"name\":\"NATURAL POLAND - Hurtowy Dystrybutor Surowc\u00f3w\",\"description\":\"Surowce dla przemys\u0142u spo\u017cywczego, kosmetycznego i farmaceutycznego\",\"publisher\":{\"@id\":\"https:\\\/\\\/naturalpoland.com\\\/ko\\\/#organization\"},\"potentialAction\":[{\"@type\":\"SearchAction\",\"target\":{\"@type\":\"EntryPoint\",\"urlTemplate\":\"https:\\\/\\\/naturalpoland.com\\\/ko\\\/?s={search_term_string}\"},\"query-input\":{\"@type\":\"PropertyValueSpecification\",\"valueRequired\":true,\"valueName\":\"search_term_string\"}}],\"inLanguage\":\"ko-KR\"},{\"@type\":\"Organization\",\"@id\":\"https:\\\/\\\/naturalpoland.com\\\/ko\\\/#organization\",\"name\":\"Natural Poland\",\"url\":\"https:\\\/\\\/naturalpoland.com\\\/ko\\\/\",\"logo\":{\"@type\":\"ImageObject\",\"inLanguage\":\"ko-KR\",\"@id\":\"https:\\\/\\\/naturalpoland.com\\\/ko\\\/#\\\/schema\\\/logo\\\/image\\\/\",\"url\":\"https:\\\/\\\/naturalpoland.com\\\/wp-content\\\/uploads\\\/2021\\\/05\\\/natural-poland-icon.png\",\"contentUrl\":\"https:\\\/\\\/naturalpoland.com\\\/wp-content\\\/uploads\\\/2021\\\/05\\\/natural-poland-icon.png\",\"width\":512,\"height\":512,\"caption\":\"Natural Poland\"},\"image\":{\"@id\":\"https:\\\/\\\/naturalpoland.com\\\/ko\\\/#\\\/schema\\\/logo\\\/image\\\/\"},\"sameAs\":[\"https:\\\/\\\/www.facebook.com\\\/naturalpoland.b2b\",\"https:\\\/\\\/pl.linkedin.com\\\/company\\\/natural-poland\",\"https:\\\/\\\/www.youtube.com\\\/channel\\\/UCgeGGkvOMahZo-xu_MSEWxg\"]}]}<\/script>\n<!-- \/ Yoast SEO plugin. -->","yoast_head_json":{"title":"\ub808\ubaac \uc641\uc2a4 - Hurtowy Dystrybutor","robots":{"index":"index","follow":"follow","max-snippet":"max-snippet:-1","max-image-preview":"max-image-preview:large","max-video-preview":"max-video-preview:-1"},"canonical":"https:\/\/naturalpoland.com\/ko\/je-pum\/cheon-yeon-wak-seu\/%eb%a0%88%eb%aa%ac-%ec%99%81%ec%8a%a4\/","og_locale":"ko_KR","og_type":"article","og_title":"\ub808\ubaac \uc641\uc2a4 - Hurtowy Dystrybutor","og_description":"\ub808\ubaac \uc641\uc2a4\ub294 \ub808\ubaac \uc624\uc77c \uc0dd\uc0b0 \uacfc\uc815\uc5d0\uc11c \ubd84\ub9ac\ub41c \uac00\uc7a5 \ubb34\uac70\uc6b4 \uc9c0\ubc29\uc0c1\uc785\ub2c8\ub2e4. \uacfc\uc77c\uc0b0\uacfc \ube44\ud0c0\ubbfc \ud568\ub7c9\uc774 \ub9e4\uc6b0 \ub192\uc740 \uc81c\ud488\uc785\ub2c8\ub2e4. \ube44\ud0c0\ubbfc C, E, A\uac00 \ud48d\ubd80\ud569\ub2c8\ub2e4.","og_url":"https:\/\/naturalpoland.com\/ko\/je-pum\/cheon-yeon-wak-seu\/%eb%a0%88%eb%aa%ac-%ec%99%81%ec%8a%a4\/","og_site_name":"NATURAL POLAND - Hurtowy Dystrybutor Surowc\u00f3w","article_publisher":"https:\/\/www.facebook.com\/naturalpoland.b2b","article_modified_time":"2026-03-18T11:38:36+00:00","og_image":[{"width":414,"height":400,"url":"https:\/\/naturalpoland.com\/wp-content\/uploads\/2021\/05\/lemon-wax.jpg","type":"image\/jpeg"}],"schema":{"@context":"https:\/\/schema.org","@graph":[{"@type":"WebPage","@id":"https:\/\/naturalpoland.com\/ko\/je-pum\/cheon-yeon-wak-seu\/%eb%a0%88%eb%aa%ac-%ec%99%81%ec%8a%a4\/","url":"https:\/\/naturalpoland.com\/ko\/je-pum\/cheon-yeon-wak-seu\/%eb%a0%88%eb%aa%ac-%ec%99%81%ec%8a%a4\/","name":"\ub808\ubaac \uc641\uc2a4 - Hurtowy Dystrybutor","isPartOf":{"@id":"https:\/\/naturalpoland.com\/ko\/#website"},"primaryImageOfPage":{"@id":"https:\/\/naturalpoland.com\/ko\/je-pum\/cheon-yeon-wak-seu\/%eb%a0%88%eb%aa%ac-%ec%99%81%ec%8a%a4\/#primaryimage"},"image":{"@id":"https:\/\/naturalpoland.com\/ko\/je-pum\/cheon-yeon-wak-seu\/%eb%a0%88%eb%aa%ac-%ec%99%81%ec%8a%a4\/#primaryimage"},"thumbnailUrl":"https:\/\/naturalpoland.com\/wp-content\/uploads\/2021\/05\/lemon-wax.jpg","datePublished":"2021-05-11T11:58:09+00:00","dateModified":"2026-03-18T11:38:36+00:00","breadcrumb":{"@id":"https:\/\/naturalpoland.com\/ko\/je-pum\/cheon-yeon-wak-seu\/%eb%a0%88%eb%aa%ac-%ec%99%81%ec%8a%a4\/#breadcrumb"},"inLanguage":"ko-KR","potentialAction":[{"@type":"ReadAction","target":["https:\/\/naturalpoland.com\/ko\/je-pum\/cheon-yeon-wak-seu\/%eb%a0%88%eb%aa%ac-%ec%99%81%ec%8a%a4\/"]}]},{"@type":"ImageObject","inLanguage":"ko-KR","@id":"https:\/\/naturalpoland.com\/ko\/je-pum\/cheon-yeon-wak-seu\/%eb%a0%88%eb%aa%ac-%ec%99%81%ec%8a%a4\/#primaryimage","url":"https:\/\/naturalpoland.com\/wp-content\/uploads\/2021\/05\/lemon-wax.jpg","contentUrl":"https:\/\/naturalpoland.com\/wp-content\/uploads\/2021\/05\/lemon-wax.jpg","width":414,"height":400,"caption":"\ub808\ubaac \uc641\uc2a4"},{"@type":"BreadcrumbList","@id":"https:\/\/naturalpoland.com\/ko\/je-pum\/cheon-yeon-wak-seu\/%eb%a0%88%eb%aa%ac-%ec%99%81%ec%8a%a4\/#breadcrumb","itemListElement":[{"@type":"ListItem","position":1,"name":"\ud648","item":"https:\/\/naturalpoland.com\/ko\/"},{"@type":"ListItem","position":2,"name":"\uc81c\ud488","item":"https:\/\/naturalpoland.com\/ko\/%ec%a0%9c%ed%92%88\/"},{"@type":"ListItem","position":3,"name":"\ub808\ubaac \uc641\uc2a4"}]},{"@type":"WebSite","@id":"https:\/\/naturalpoland.com\/ko\/#website","url":"https:\/\/naturalpoland.com\/ko\/","name":"NATURAL POLAND - Hurtowy Dystrybutor Surowc\u00f3w","description":"Surowce dla przemys\u0142u spo\u017cywczego, kosmetycznego i farmaceutycznego","publisher":{"@id":"https:\/\/naturalpoland.com\/ko\/#organization"},"potentialAction":[{"@type":"SearchAction","target":{"@type":"EntryPoint","urlTemplate":"https:\/\/naturalpoland.com\/ko\/?s={search_term_string}"},"query-input":{"@type":"PropertyValueSpecification","valueRequired":true,"valueName":"search_term_string"}}],"inLanguage":"ko-KR"},{"@type":"Organization","@id":"https:\/\/naturalpoland.com\/ko\/#organization","name":"Natural Poland","url":"https:\/\/naturalpoland.com\/ko\/","logo":{"@type":"ImageObject","inLanguage":"ko-KR","@id":"https:\/\/naturalpoland.com\/ko\/#\/schema\/logo\/image\/","url":"https:\/\/naturalpoland.com\/wp-content\/uploads\/2021\/05\/natural-poland-icon.png","contentUrl":"https:\/\/naturalpoland.com\/wp-content\/uploads\/2021\/05\/natural-poland-icon.png","width":512,"height":512,"caption":"Natural Poland"},"image":{"@id":"https:\/\/naturalpoland.com\/ko\/#\/schema\/logo\/image\/"},"sameAs":["https:\/\/www.facebook.com\/naturalpoland.b2b","https:\/\/pl.linkedin.com\/company\/natural-poland","https:\/\/www.youtube.com\/channel\/UCgeGGkvOMahZo-xu_MSEWxg"]}]}},"_links":{"self":[{"href":"https:\/\/naturalpoland.com\/ko\/wp-json\/wp\/v2\/product\/46811","targetHints":{"allow":["GET"]}}],"collection":[{"href":"https:\/\/naturalpoland.com\/ko\/wp-json\/wp\/v2\/product"}],"about":[{"href":"https:\/\/naturalpoland.com\/ko\/wp-json\/wp\/v2\/types\/product"}],"wp:featuredmedia":[{"embeddable":true,"href":"https:\/\/naturalpoland.com\/ko\/wp-json\/wp\/v2\/media\/46812"}],"wp:attachment":[{"href":"https:\/\/naturalpoland.com\/ko\/wp-json\/wp\/v2\/media?parent=46811"}],"wp:term":[{"taxonomy":"product_brand","embeddable":true,"href":"https:\/\/naturalpoland.com\/ko\/wp-json\/wp\/v2\/product_brand?post=46811"},{"taxonomy":"product_cat","embeddable":true,"href":"https:\/\/naturalpoland.com\/ko\/wp-json\/wp\/v2\/product_cat?post=46811"},{"taxonomy":"product_tag","embeddable":true,"href":"https:\/\/naturalpoland.com\/ko\/wp-json\/wp\/v2\/product_tag?post=46811"}],"curies":[{"name":"wp","href":"https:\/\/api.w.org\/{rel}","templated":true}]}}