{"id":46813,"date":"2023-08-02T14:33:06","date_gmt":"2023-08-02T12:33:06","guid":{"rendered":"https:\/\/naturalpoland.com\/produkty\/uncategorized\/%ec%82%b4%ea%b5%ac-%ec%99%81%ec%8a%a4\/"},"modified":"2026-03-18T12:38:38","modified_gmt":"2026-03-18T11:38:38","slug":"%ec%82%b4%ea%b5%ac-%ec%99%81%ec%8a%a4","status":"publish","type":"product","link":"https:\/\/naturalpoland.com\/ko\/je-pum\/cheon-yeon-wak-seu\/%ec%82%b4%ea%b5%ac-%ec%99%81%ec%8a%a4\/","title":{"rendered":"\uc0b4\uad6c \uc641\uc2a4"},"content":{"rendered":"<p>\ucc9c\uc5f0 \uc0b4\uad6c \uc641\uc2a4\ub294 <strong><a href=\"https:\/\/naturalpoland.com\/ko\/je-pum\/sig-pum-won-ryo\/sig-yong-yu\/%ec%82%b4%ea%b5%ac%ec%94%a8-%ec%98%a4%ec%9d%bc\/\">\uc0b4\uad6c \uc528 \uc624\uc77c<\/a><\/strong>\uc744 \ud568\uc720\ud558\uace0 \uc788\uc5b4 \uc62c\ub808\uc0b0\uacfc \ub9ac\ub180\ub808\uc0b0 \uac19\uc740 \ud544\uc218 \ubd88\ud3ec\ud654 \uc9c0\ubc29\uc0b0\uc774 \ud48d\ubd80\ud569\ub2c8\ub2e4. \uc774\ub7ec\ud55c \uc131\ubd84\ub4e4\uc740 \ud53c\ubd80\uc5d0 \uc601\uc591\uacfc \uc218\ubd84\uc744 \uacf5\uae09\ud558\uace0, \ud0c4\ub825\uc744 \uac1c\uc120\ud558\uba70, \uc801\uc808\ud55c \uc218\ubd84 \uc218\uc900\uc744 \uc720\uc9c0\ud558\ub294 \ub370 \ub3c4\uc6c0\uc744 \uc90d\ub2c8\ub2e4. <\/p>\n<p>\ub610\ud55c, \ud654\uc7a5\ud488\uc6a9 \uc0b4\uad6c \uc641\uc2a4\ub294 \uc9c4\uc815 \ubc0f \ud53c\ubd80\uacb0 \uac1c\uc120 \ud2b9\uc131\uc744 \uac00\uc9c0\uace0 \uc788\uc2b5\ub2c8\ub2e4. \uc790\uadf9\ubc1b\uc740 \ud53c\ubd80\ub97c \uc9c4\uc815\uc2dc\ud0a4\uace0, \uc794\uc8fc\ub984\uacfc \uc8fc\ub984\uc744 \ucd5c\uc18c\ud654\ud558\uba70, \ud53c\ubd80\uc5d0 \uc724\uae30\uc640 \ube5b\ub098\ub294 \ubaa8\uc2b5\uc744 \ub354\ud574\uc90d\ub2c8\ub2e4. <\/p>\n<p>\uc0b4\uad6c \uc641\uc2a4\uc758 \ubc00\ud3d0 \ud2b9\uc131\uc740 \ud53c\ubd80 \ud45c\uba74\uc5d0 \uc12c\uc138\ud55c \ub9c9\uc744 \ud615\uc131\ud558\uc5ec \uc218\ubd84 \uc190\uc2e4, \uc624\uc5fc \ubb3c\uc9c8 \ubc0f \uc720\ud574\ud55c \uc678\ubd80 \uc694\uc778\uc73c\ub85c\ubd80\ud130 \ud53c\ubd80\ub97c \ubcf4\ud638\ud569\ub2c8\ub2e4. \uc774\ub97c \ud1b5\ud574 \ud53c\ubd80\ub294 \ub354\uc6b1 \uc798 \ubcf4\ud638\ub418\uace0 \uc80a\uc74c\uc744 \ub354 \uc624\ub798 \uc720\uc9c0\ud560 \uc218 \uc788\uc2b5\ub2c8\ub2e4. <\/p>\n<p>\uc774 \uc131\ubd84\uc740 \ubc24, \ud06c\ub9bc\ubd80\ud130 \ub9bd \ucf00\uc5b4 \uc81c\ud488 \ubc0f \uc0c9\uc870 \ud654\uc7a5\ud488\uc5d0 \uc774\ub974\uae30\uae4c\uc9c0 \ub2e4\uc591\ud55c \ud615\ud0dc\uc758 \ud654\uc7a5\ud488\uc5d0 \ud0c1\uc6d4\ud558\uac8c \ud65c\uc6a9\ub420 \uc218 \uc788\uc2b5\ub2c8\ub2e4.<\/p>\n","protected":false},"excerpt":{"rendered":"<p>\uc0b4\uad6c \uc641\uc2a4\ub294 \uc0b4\uad6c \uc528\uc557\uc5d0\uc11c \ucd94\ucd9c\ud55c \ud2b9\ubcc4\ud55c \ud654\uc7a5\ud488 \uc131\ubd84\uc785\ub2c8\ub2e4. \uc2dd\ubb3c\uc131 \uc624\uc77c\uc774 \ud48d\ubd80\ud558\uc5ec \ub2e4\uc591\ud55c \ud654\uc7a5\ud488 \uc81c\ud488\uc5d0 \uc644\ubcbd\ud558\uac8c \uc801\uc6a9\ub418\ub294 \uc641\uc2a4 \ud615\ud0dc\ub97c \ub9cc\ub4e4 \uc218 \uc788\uc2b5\ub2c8\ub2e4. <\/p>\n","protected":false},"featured_media":46814,"template":"","meta":{"_acf_changed":false},"product_brand":[],"product_cat":[8176],"product_tag":[],"class_list":{"0":"post-46813","1":"product","2":"type-product","3":"status-publish","4":"has-post-thumbnail","6":"product_cat-cheon-yeon-wak-seu","8":"first","9":"instock","10":"shipping-taxable","11":"product-type-simple"},"acf":[],"yoast_head":"<!-- This site is optimized with the Yoast SEO plugin v27.5 - https:\/\/yoast.com\/product\/yoast-seo-wordpress\/ -->\n<title>\uc0b4\uad6c \uc641\uc2a4 - Hurtowy Dystrybutor<\/title>\n<meta name=\"description\" content=\"\uc0b4\uad6c \uc641\uc2a4\ub294 \uc0b4\uad6c \uc528\uc557\uc5d0\uc11c \ucd94\ucd9c\ud55c \ud2b9\ubcc4\ud55c \ud654\uc7a5\ud488 \uc131\ubd84\uc785\ub2c8\ub2e4. \ub2e4\uc591\ud55c \ud654\uc7a5\ud488 \uc81c\ud615\uc5d0 \ud0c1\uc6d4\ud558\uac8c \ud65c\uc6a9\ub420 \uc218 \uc788\uc2b5\ub2c8\ub2e4.\" \/>\n<meta name=\"robots\" content=\"index, follow, max-snippet:-1, max-image-preview:large, max-video-preview:-1\" \/>\n<link rel=\"canonical\" href=\"https:\/\/naturalpoland.com\/ko\/je-pum\/cheon-yeon-wak-seu\/%ec%82%b4%ea%b5%ac-%ec%99%81%ec%8a%a4\/\" \/>\n<meta property=\"og:locale\" content=\"ko_KR\" \/>\n<meta property=\"og:type\" content=\"article\" \/>\n<meta property=\"og:title\" content=\"\uc0b4\uad6c \uc641\uc2a4 - Hurtowy Dystrybutor\" \/>\n<meta property=\"og:description\" content=\"\uc0b4\uad6c \uc641\uc2a4\ub294 \uc0b4\uad6c \uc528\uc557\uc5d0\uc11c \ucd94\ucd9c\ud55c \ud2b9\ubcc4\ud55c \ud654\uc7a5\ud488 \uc131\ubd84\uc785\ub2c8\ub2e4. \ub2e4\uc591\ud55c \ud654\uc7a5\ud488 \uc81c\ud615\uc5d0 \ud0c1\uc6d4\ud558\uac8c \ud65c\uc6a9\ub420 \uc218 \uc788\uc2b5\ub2c8\ub2e4.\" \/>\n<meta property=\"og:url\" content=\"https:\/\/naturalpoland.com\/ko\/je-pum\/cheon-yeon-wak-seu\/%ec%82%b4%ea%b5%ac-%ec%99%81%ec%8a%a4\/\" \/>\n<meta property=\"og:site_name\" content=\"NATURAL POLAND - Hurtowy Dystrybutor Surowc\u00f3w\" \/>\n<meta property=\"article:publisher\" content=\"https:\/\/www.facebook.com\/naturalpoland.b2b\" \/>\n<meta property=\"article:modified_time\" content=\"2026-03-18T11:38:38+00:00\" \/>\n<meta property=\"og:image\" content=\"https:\/\/naturalpoland.com\/wp-content\/uploads\/apricot-wax.png\" \/>\n\t<meta property=\"og:image:width\" content=\"1024\" \/>\n\t<meta property=\"og:image:height\" content=\"1024\" \/>\n\t<meta property=\"og:image:type\" content=\"image\/png\" \/>\n<script type=\"application\/ld+json\" class=\"yoast-schema-graph\">{\"@context\":\"https:\\\/\\\/schema.org\",\"@graph\":[{\"@type\":\"WebPage\",\"@id\":\"https:\\\/\\\/naturalpoland.com\\\/ko\\\/je-pum\\\/cheon-yeon-wak-seu\\\/%ec%82%b4%ea%b5%ac-%ec%99%81%ec%8a%a4\\\/\",\"url\":\"https:\\\/\\\/naturalpoland.com\\\/ko\\\/je-pum\\\/cheon-yeon-wak-seu\\\/%ec%82%b4%ea%b5%ac-%ec%99%81%ec%8a%a4\\\/\",\"name\":\"\uc0b4\uad6c \uc641\uc2a4 - Hurtowy Dystrybutor\",\"isPartOf\":{\"@id\":\"https:\\\/\\\/naturalpoland.com\\\/ko\\\/#website\"},\"primaryImageOfPage\":{\"@id\":\"https:\\\/\\\/naturalpoland.com\\\/ko\\\/je-pum\\\/cheon-yeon-wak-seu\\\/%ec%82%b4%ea%b5%ac-%ec%99%81%ec%8a%a4\\\/#primaryimage\"},\"image\":{\"@id\":\"https:\\\/\\\/naturalpoland.com\\\/ko\\\/je-pum\\\/cheon-yeon-wak-seu\\\/%ec%82%b4%ea%b5%ac-%ec%99%81%ec%8a%a4\\\/#primaryimage\"},\"thumbnailUrl\":\"https:\\\/\\\/naturalpoland.com\\\/wp-content\\\/uploads\\\/apricot-wax.png\",\"datePublished\":\"2023-08-02T12:33:06+00:00\",\"dateModified\":\"2026-03-18T11:38:38+00:00\",\"description\":\"\uc0b4\uad6c \uc641\uc2a4\ub294 \uc0b4\uad6c \uc528\uc557\uc5d0\uc11c \ucd94\ucd9c\ud55c \ud2b9\ubcc4\ud55c \ud654\uc7a5\ud488 \uc131\ubd84\uc785\ub2c8\ub2e4. \ub2e4\uc591\ud55c \ud654\uc7a5\ud488 \uc81c\ud615\uc5d0 \ud0c1\uc6d4\ud558\uac8c \ud65c\uc6a9\ub420 \uc218 \uc788\uc2b5\ub2c8\ub2e4.\",\"breadcrumb\":{\"@id\":\"https:\\\/\\\/naturalpoland.com\\\/ko\\\/je-pum\\\/cheon-yeon-wak-seu\\\/%ec%82%b4%ea%b5%ac-%ec%99%81%ec%8a%a4\\\/#breadcrumb\"},\"inLanguage\":\"ko-KR\",\"potentialAction\":[{\"@type\":\"ReadAction\",\"target\":[\"https:\\\/\\\/naturalpoland.com\\\/ko\\\/je-pum\\\/cheon-yeon-wak-seu\\\/%ec%82%b4%ea%b5%ac-%ec%99%81%ec%8a%a4\\\/\"]}]},{\"@type\":\"ImageObject\",\"inLanguage\":\"ko-KR\",\"@id\":\"https:\\\/\\\/naturalpoland.com\\\/ko\\\/je-pum\\\/cheon-yeon-wak-seu\\\/%ec%82%b4%ea%b5%ac-%ec%99%81%ec%8a%a4\\\/#primaryimage\",\"url\":\"https:\\\/\\\/naturalpoland.com\\\/wp-content\\\/uploads\\\/apricot-wax.png\",\"contentUrl\":\"https:\\\/\\\/naturalpoland.com\\\/wp-content\\\/uploads\\\/apricot-wax.png\",\"width\":1024,\"height\":1024,\"caption\":\"\uc0b4\uad6c \uc641\uc2a4\"},{\"@type\":\"BreadcrumbList\",\"@id\":\"https:\\\/\\\/naturalpoland.com\\\/ko\\\/je-pum\\\/cheon-yeon-wak-seu\\\/%ec%82%b4%ea%b5%ac-%ec%99%81%ec%8a%a4\\\/#breadcrumb\",\"itemListElement\":[{\"@type\":\"ListItem\",\"position\":1,\"name\":\"\ud648\",\"item\":\"https:\\\/\\\/naturalpoland.com\\\/ko\\\/\"},{\"@type\":\"ListItem\",\"position\":2,\"name\":\"\uc81c\ud488\",\"item\":\"https:\\\/\\\/naturalpoland.com\\\/ko\\\/%ec%a0%9c%ed%92%88\\\/\"},{\"@type\":\"ListItem\",\"position\":3,\"name\":\"\uc0b4\uad6c \uc641\uc2a4\"}]},{\"@type\":\"WebSite\",\"@id\":\"https:\\\/\\\/naturalpoland.com\\\/ko\\\/#website\",\"url\":\"https:\\\/\\\/naturalpoland.com\\\/ko\\\/\",\"name\":\"NATURAL POLAND - Hurtowy Dystrybutor Surowc\u00f3w\",\"description\":\"Surowce dla przemys\u0142u spo\u017cywczego, kosmetycznego i farmaceutycznego\",\"publisher\":{\"@id\":\"https:\\\/\\\/naturalpoland.com\\\/ko\\\/#organization\"},\"potentialAction\":[{\"@type\":\"SearchAction\",\"target\":{\"@type\":\"EntryPoint\",\"urlTemplate\":\"https:\\\/\\\/naturalpoland.com\\\/ko\\\/?s={search_term_string}\"},\"query-input\":{\"@type\":\"PropertyValueSpecification\",\"valueRequired\":true,\"valueName\":\"search_term_string\"}}],\"inLanguage\":\"ko-KR\"},{\"@type\":\"Organization\",\"@id\":\"https:\\\/\\\/naturalpoland.com\\\/ko\\\/#organization\",\"name\":\"Natural Poland\",\"url\":\"https:\\\/\\\/naturalpoland.com\\\/ko\\\/\",\"logo\":{\"@type\":\"ImageObject\",\"inLanguage\":\"ko-KR\",\"@id\":\"https:\\\/\\\/naturalpoland.com\\\/ko\\\/#\\\/schema\\\/logo\\\/image\\\/\",\"url\":\"https:\\\/\\\/naturalpoland.com\\\/wp-content\\\/uploads\\\/2021\\\/05\\\/natural-poland-icon.png\",\"contentUrl\":\"https:\\\/\\\/naturalpoland.com\\\/wp-content\\\/uploads\\\/2021\\\/05\\\/natural-poland-icon.png\",\"width\":512,\"height\":512,\"caption\":\"Natural Poland\"},\"image\":{\"@id\":\"https:\\\/\\\/naturalpoland.com\\\/ko\\\/#\\\/schema\\\/logo\\\/image\\\/\"},\"sameAs\":[\"https:\\\/\\\/www.facebook.com\\\/naturalpoland.b2b\",\"https:\\\/\\\/pl.linkedin.com\\\/company\\\/natural-poland\",\"https:\\\/\\\/www.youtube.com\\\/channel\\\/UCgeGGkvOMahZo-xu_MSEWxg\"]}]}<\/script>\n<!-- \/ Yoast SEO plugin. -->","yoast_head_json":{"title":"\uc0b4\uad6c \uc641\uc2a4 - Hurtowy Dystrybutor","description":"\uc0b4\uad6c \uc641\uc2a4\ub294 \uc0b4\uad6c \uc528\uc557\uc5d0\uc11c \ucd94\ucd9c\ud55c \ud2b9\ubcc4\ud55c \ud654\uc7a5\ud488 \uc131\ubd84\uc785\ub2c8\ub2e4. \ub2e4\uc591\ud55c \ud654\uc7a5\ud488 \uc81c\ud615\uc5d0 \ud0c1\uc6d4\ud558\uac8c \ud65c\uc6a9\ub420 \uc218 \uc788\uc2b5\ub2c8\ub2e4.","robots":{"index":"index","follow":"follow","max-snippet":"max-snippet:-1","max-image-preview":"max-image-preview:large","max-video-preview":"max-video-preview:-1"},"canonical":"https:\/\/naturalpoland.com\/ko\/je-pum\/cheon-yeon-wak-seu\/%ec%82%b4%ea%b5%ac-%ec%99%81%ec%8a%a4\/","og_locale":"ko_KR","og_type":"article","og_title":"\uc0b4\uad6c \uc641\uc2a4 - Hurtowy Dystrybutor","og_description":"\uc0b4\uad6c \uc641\uc2a4\ub294 \uc0b4\uad6c \uc528\uc557\uc5d0\uc11c \ucd94\ucd9c\ud55c \ud2b9\ubcc4\ud55c \ud654\uc7a5\ud488 \uc131\ubd84\uc785\ub2c8\ub2e4. \ub2e4\uc591\ud55c \ud654\uc7a5\ud488 \uc81c\ud615\uc5d0 \ud0c1\uc6d4\ud558\uac8c \ud65c\uc6a9\ub420 \uc218 \uc788\uc2b5\ub2c8\ub2e4.","og_url":"https:\/\/naturalpoland.com\/ko\/je-pum\/cheon-yeon-wak-seu\/%ec%82%b4%ea%b5%ac-%ec%99%81%ec%8a%a4\/","og_site_name":"NATURAL POLAND - Hurtowy Dystrybutor Surowc\u00f3w","article_publisher":"https:\/\/www.facebook.com\/naturalpoland.b2b","article_modified_time":"2026-03-18T11:38:38+00:00","og_image":[{"width":1024,"height":1024,"url":"https:\/\/naturalpoland.com\/wp-content\/uploads\/apricot-wax.png","type":"image\/png"}],"schema":{"@context":"https:\/\/schema.org","@graph":[{"@type":"WebPage","@id":"https:\/\/naturalpoland.com\/ko\/je-pum\/cheon-yeon-wak-seu\/%ec%82%b4%ea%b5%ac-%ec%99%81%ec%8a%a4\/","url":"https:\/\/naturalpoland.com\/ko\/je-pum\/cheon-yeon-wak-seu\/%ec%82%b4%ea%b5%ac-%ec%99%81%ec%8a%a4\/","name":"\uc0b4\uad6c \uc641\uc2a4 - Hurtowy Dystrybutor","isPartOf":{"@id":"https:\/\/naturalpoland.com\/ko\/#website"},"primaryImageOfPage":{"@id":"https:\/\/naturalpoland.com\/ko\/je-pum\/cheon-yeon-wak-seu\/%ec%82%b4%ea%b5%ac-%ec%99%81%ec%8a%a4\/#primaryimage"},"image":{"@id":"https:\/\/naturalpoland.com\/ko\/je-pum\/cheon-yeon-wak-seu\/%ec%82%b4%ea%b5%ac-%ec%99%81%ec%8a%a4\/#primaryimage"},"thumbnailUrl":"https:\/\/naturalpoland.com\/wp-content\/uploads\/apricot-wax.png","datePublished":"2023-08-02T12:33:06+00:00","dateModified":"2026-03-18T11:38:38+00:00","description":"\uc0b4\uad6c \uc641\uc2a4\ub294 \uc0b4\uad6c \uc528\uc557\uc5d0\uc11c \ucd94\ucd9c\ud55c \ud2b9\ubcc4\ud55c \ud654\uc7a5\ud488 \uc131\ubd84\uc785\ub2c8\ub2e4. \ub2e4\uc591\ud55c \ud654\uc7a5\ud488 \uc81c\ud615\uc5d0 \ud0c1\uc6d4\ud558\uac8c \ud65c\uc6a9\ub420 \uc218 \uc788\uc2b5\ub2c8\ub2e4.","breadcrumb":{"@id":"https:\/\/naturalpoland.com\/ko\/je-pum\/cheon-yeon-wak-seu\/%ec%82%b4%ea%b5%ac-%ec%99%81%ec%8a%a4\/#breadcrumb"},"inLanguage":"ko-KR","potentialAction":[{"@type":"ReadAction","target":["https:\/\/naturalpoland.com\/ko\/je-pum\/cheon-yeon-wak-seu\/%ec%82%b4%ea%b5%ac-%ec%99%81%ec%8a%a4\/"]}]},{"@type":"ImageObject","inLanguage":"ko-KR","@id":"https:\/\/naturalpoland.com\/ko\/je-pum\/cheon-yeon-wak-seu\/%ec%82%b4%ea%b5%ac-%ec%99%81%ec%8a%a4\/#primaryimage","url":"https:\/\/naturalpoland.com\/wp-content\/uploads\/apricot-wax.png","contentUrl":"https:\/\/naturalpoland.com\/wp-content\/uploads\/apricot-wax.png","width":1024,"height":1024,"caption":"\uc0b4\uad6c \uc641\uc2a4"},{"@type":"BreadcrumbList","@id":"https:\/\/naturalpoland.com\/ko\/je-pum\/cheon-yeon-wak-seu\/%ec%82%b4%ea%b5%ac-%ec%99%81%ec%8a%a4\/#breadcrumb","itemListElement":[{"@type":"ListItem","position":1,"name":"\ud648","item":"https:\/\/naturalpoland.com\/ko\/"},{"@type":"ListItem","position":2,"name":"\uc81c\ud488","item":"https:\/\/naturalpoland.com\/ko\/%ec%a0%9c%ed%92%88\/"},{"@type":"ListItem","position":3,"name":"\uc0b4\uad6c \uc641\uc2a4"}]},{"@type":"WebSite","@id":"https:\/\/naturalpoland.com\/ko\/#website","url":"https:\/\/naturalpoland.com\/ko\/","name":"NATURAL POLAND - Hurtowy Dystrybutor Surowc\u00f3w","description":"Surowce dla przemys\u0142u spo\u017cywczego, kosmetycznego i farmaceutycznego","publisher":{"@id":"https:\/\/naturalpoland.com\/ko\/#organization"},"potentialAction":[{"@type":"SearchAction","target":{"@type":"EntryPoint","urlTemplate":"https:\/\/naturalpoland.com\/ko\/?s={search_term_string}"},"query-input":{"@type":"PropertyValueSpecification","valueRequired":true,"valueName":"search_term_string"}}],"inLanguage":"ko-KR"},{"@type":"Organization","@id":"https:\/\/naturalpoland.com\/ko\/#organization","name":"Natural Poland","url":"https:\/\/naturalpoland.com\/ko\/","logo":{"@type":"ImageObject","inLanguage":"ko-KR","@id":"https:\/\/naturalpoland.com\/ko\/#\/schema\/logo\/image\/","url":"https:\/\/naturalpoland.com\/wp-content\/uploads\/2021\/05\/natural-poland-icon.png","contentUrl":"https:\/\/naturalpoland.com\/wp-content\/uploads\/2021\/05\/natural-poland-icon.png","width":512,"height":512,"caption":"Natural Poland"},"image":{"@id":"https:\/\/naturalpoland.com\/ko\/#\/schema\/logo\/image\/"},"sameAs":["https:\/\/www.facebook.com\/naturalpoland.b2b","https:\/\/pl.linkedin.com\/company\/natural-poland","https:\/\/www.youtube.com\/channel\/UCgeGGkvOMahZo-xu_MSEWxg"]}]}},"_links":{"self":[{"href":"https:\/\/naturalpoland.com\/ko\/wp-json\/wp\/v2\/product\/46813","targetHints":{"allow":["GET"]}}],"collection":[{"href":"https:\/\/naturalpoland.com\/ko\/wp-json\/wp\/v2\/product"}],"about":[{"href":"https:\/\/naturalpoland.com\/ko\/wp-json\/wp\/v2\/types\/product"}],"wp:featuredmedia":[{"embeddable":true,"href":"https:\/\/naturalpoland.com\/ko\/wp-json\/wp\/v2\/media\/46814"}],"wp:attachment":[{"href":"https:\/\/naturalpoland.com\/ko\/wp-json\/wp\/v2\/media?parent=46813"}],"wp:term":[{"taxonomy":"product_brand","embeddable":true,"href":"https:\/\/naturalpoland.com\/ko\/wp-json\/wp\/v2\/product_brand?post=46813"},{"taxonomy":"product_cat","embeddable":true,"href":"https:\/\/naturalpoland.com\/ko\/wp-json\/wp\/v2\/product_cat?post=46813"},{"taxonomy":"product_tag","embeddable":true,"href":"https:\/\/naturalpoland.com\/ko\/wp-json\/wp\/v2\/product_tag?post=46813"}],"curies":[{"name":"wp","href":"https:\/\/api.w.org\/{rel}","templated":true}]}}