{"id":46827,"date":"2023-08-02T14:51:10","date_gmt":"2023-08-02T12:51:10","guid":{"rendered":"https:\/\/naturalpoland.com\/produkty\/uncategorized\/%eb%9d%bc%ec%9e%84-%ec%99%81%ec%8a%a4\/"},"modified":"2026-03-18T12:39:22","modified_gmt":"2026-03-18T11:39:22","slug":"%eb%9d%bc%ec%9e%84-%ec%99%81%ec%8a%a4","status":"publish","type":"product","link":"https:\/\/naturalpoland.com\/ko\/je-pum\/cheon-yeon-wak-seu\/%eb%9d%bc%ec%9e%84-%ec%99%81%ec%8a%a4\/","title":{"rendered":"\ub77c\uc784 \uc641\uc2a4"},"content":{"rendered":"<p>\ub77c\uc784 \uc528\uc557\uc740 \ube44\ud0c0\ubbfc C\uc640 \uac19\uc740 \uac15\ub825\ud55c \ud56d\uc0b0\ud654\uc81c\uc758 \ucc9c\uc5f0 \uacf5\uae09\uc6d0\uc774\uba70, \uc790\uc720 \ub77c\ub514\uce7c\uc744 \ud1f4\uce58\ud558\uace0 \ud658\uacbd\uc73c\ub85c \uc778\ud55c \ud53c\ubd80 \uc190\uc0c1\uc73c\ub85c\ubd80\ud130 \ud53c\ubd80\ub97c \ubcf4\ud638\ud558\ub294 \ub370 \ub3c4\uc6c0\uc744 \uc90d\ub2c8\ub2e4.<\/p>\n<p>\ub77c\uc784 \uc641\uc2a4\ub294 \ub610\ud55c \ud53c\ubd80\ub97c \ucd09\ucd09\ud558\uace0 \ubd80\ub4dc\ub7fd\uac8c \uc720\uc9c0\ud558\ub294 \ub370 \ub3c4\uc6c0\uc744 \uc8fc\ub294 \uc9c0\ubc29\uc0b0\uc774 \ud48d\ubd80\ud569\ub2c8\ub2e4. \ud53c\ubd80\uc5d0 \ubcf4\ud638\ub9c9\uc744 \ud615\uc131\ud558\ub294 \ub2a5\ub825 \ub355\ubd84\uc5d0 \ub77c\uc784 \uc641\uc2a4\ub294 \uc218\ubd84 \uc190\uc2e4\uc744 \ub9c9\uc544\uc8fc\uc5b4 \uc624\ub798 \uc9c0\uc18d\ub418\ub294 \ubcf4\uc2b5 \ud6a8\uacfc\ub97c \uc81c\uacf5\ud569\ub2c8\ub2e4. <\/p>\n<p>\uc0c1\ucf8c\ud558\uace0 \uc2dc\uc6d0\ud55c \ub77c\uc784 \ud5a5 \ub355\ubd84\uc5d0 \uc774 \uc641\uc2a4\ub294 \ubc14\ub514 \ub85c\uc158\uc774\ub098 \uc591\ucd08\uc640 \uac19\uc740 \ud5a5 \uc81c\ud488\uc5d0 \ud6cc\ub96d\ud55c \ucca8\uac00\uc81c\uc785\ub2c8\ub2e4. \ubd80\ub4dc\ub7fd\uace0 \uc720\uc5f0\ud55c \uc9c8\uac10\uc73c\ub85c \ub2e4\ub978 \uc131\ubd84\ub4e4\uacfc \uc27d\uac8c \ud63c\ud569\ub418\uc5b4 \ub2e4\uc591\ud55c \ud654\uc7a5\ud488\uc744 \ub9cc\ub4dc\ub294 \ub370 \uc774\uc0c1\uc801\uc778 \uc131\ubd84\uc785\ub2c8\ub2e4. <\/p>\n<p>\ub77c\uc784 \uc641\uc2a4\ub294 \uac15\ub82c\ud55c \ubcf4\uc2b5, \ubcf4\ud638 \ubc0f \ud53c\ubd80 \uc601\uc591 \uacf5\uae09\uc744 \uacb0\ud569\ud558\uba74\uc11c \ub3c5\ud2b9\ud55c \uc2dc\ud2b8\ub7ec\uc2a4 \ud5a5\uc744 \uc120\uc0ac\ud558\ub294 \ud2b9\ubcc4\ud55c \ud654\uc7a5\ud488 \uc131\ubd84\uc785\ub2c8\ub2e4. \uc774\ub97c \ud1b5\ud574 \ub77c\uc784 \uc641\uc2a4\uac00 \ud568\uc720\ub41c \uc81c\ud488\uc740 \ud53c\ubd80 \uc0c1\ud0dc\ub97c \uac1c\uc120\ud560 \ubfd0\ub9cc \uc544\ub2c8\ub77c \uac10\uac01\uc744 \uc790\uadf9\ud569\ub2c8\ub2e4. <\/p>\n","protected":false},"excerpt":{"rendered":"<p>\ud654\uc7a5\ud488\uc6a9 \ub77c\uc784 \uc641\uc2a4\ub294 \ub77c\uc784 \uc528\uc557\uc5d0\uc11c \ucd94\ucd9c\ud55c \ub9e4\uc6b0 \ud6a8\uacfc\uc801\uc778 \ud654\uc7a5\ud488 \uc131\ubd84\uc785\ub2c8\ub2e4. \ub2e4\uc591\ud55c \ud654\uc7a5\ud488 \uc81c\ud615\uc5d0 \ub2e4\uc7ac\ub2e4\ub2a5\ud558\uac8c \ucca8\uac00\ub420 \uc218 \uc788\uc2b5\ub2c8\ub2e4. <\/p>\n","protected":false},"featured_media":46828,"template":"","meta":{"_acf_changed":false},"product_brand":[],"product_cat":[8176],"product_tag":[],"class_list":{"0":"post-46827","1":"product","2":"type-product","3":"status-publish","4":"has-post-thumbnail","6":"product_cat-cheon-yeon-wak-seu","8":"first","9":"instock","10":"shipping-taxable","11":"product-type-simple"},"acf":[],"yoast_head":"<!-- This site is optimized with the Yoast SEO plugin v27.5 - https:\/\/yoast.com\/product\/yoast-seo-wordpress\/ -->\n<title>\ub77c\uc784 \uc641\uc2a4 - Hurtowy Dystrybutor<\/title>\n<meta name=\"description\" content=\"\ud654\uc7a5\ud488\uc6a9 \ub77c\uc784 \uc641\uc2a4\ub294 \ub77c\uc784 \uc528\uc557\uc73c\ub85c \uc0dd\uc0b0\ub429\ub2c8\ub2e4. \uc774\ub294 \ub2e4\uc591\ud55c \ud654\uc7a5\ud488 \uc81c\ud615\uc5d0 \ud6a8\uacfc\uc801\uc774\uace0 \ub2e4\uc7ac\ub2e4\ub2a5\ud55c \ucca8\uac00\uc81c\uc785\ub2c8\ub2e4.\" \/>\n<meta name=\"robots\" content=\"index, follow, max-snippet:-1, max-image-preview:large, max-video-preview:-1\" \/>\n<link rel=\"canonical\" href=\"https:\/\/naturalpoland.com\/ko\/je-pum\/cheon-yeon-wak-seu\/%eb%9d%bc%ec%9e%84-%ec%99%81%ec%8a%a4\/\" \/>\n<meta property=\"og:locale\" content=\"ko_KR\" \/>\n<meta property=\"og:type\" content=\"article\" \/>\n<meta property=\"og:title\" content=\"\ub77c\uc784 \uc641\uc2a4 - Hurtowy Dystrybutor\" \/>\n<meta property=\"og:description\" content=\"\ud654\uc7a5\ud488\uc6a9 \ub77c\uc784 \uc641\uc2a4\ub294 \ub77c\uc784 \uc528\uc557\uc73c\ub85c \uc0dd\uc0b0\ub429\ub2c8\ub2e4. \uc774\ub294 \ub2e4\uc591\ud55c \ud654\uc7a5\ud488 \uc81c\ud615\uc5d0 \ud6a8\uacfc\uc801\uc774\uace0 \ub2e4\uc7ac\ub2e4\ub2a5\ud55c \ucca8\uac00\uc81c\uc785\ub2c8\ub2e4.\" \/>\n<meta property=\"og:url\" content=\"https:\/\/naturalpoland.com\/ko\/je-pum\/cheon-yeon-wak-seu\/%eb%9d%bc%ec%9e%84-%ec%99%81%ec%8a%a4\/\" \/>\n<meta property=\"og:site_name\" content=\"NATURAL POLAND - Hurtowy Dystrybutor Surowc\u00f3w\" \/>\n<meta property=\"article:publisher\" content=\"https:\/\/www.facebook.com\/naturalpoland.b2b\" \/>\n<meta property=\"article:modified_time\" content=\"2026-03-18T11:39:22+00:00\" \/>\n<meta property=\"og:image\" content=\"https:\/\/naturalpoland.com\/wp-content\/uploads\/citrus_aurantifolia_wax.png\" \/>\n\t<meta property=\"og:image:width\" content=\"1024\" \/>\n\t<meta property=\"og:image:height\" content=\"1024\" \/>\n\t<meta property=\"og:image:type\" content=\"image\/png\" \/>\n<script type=\"application\/ld+json\" class=\"yoast-schema-graph\">{\"@context\":\"https:\\\/\\\/schema.org\",\"@graph\":[{\"@type\":\"WebPage\",\"@id\":\"https:\\\/\\\/naturalpoland.com\\\/ko\\\/je-pum\\\/cheon-yeon-wak-seu\\\/%eb%9d%bc%ec%9e%84-%ec%99%81%ec%8a%a4\\\/\",\"url\":\"https:\\\/\\\/naturalpoland.com\\\/ko\\\/je-pum\\\/cheon-yeon-wak-seu\\\/%eb%9d%bc%ec%9e%84-%ec%99%81%ec%8a%a4\\\/\",\"name\":\"\ub77c\uc784 \uc641\uc2a4 - Hurtowy Dystrybutor\",\"isPartOf\":{\"@id\":\"https:\\\/\\\/naturalpoland.com\\\/ko\\\/#website\"},\"primaryImageOfPage\":{\"@id\":\"https:\\\/\\\/naturalpoland.com\\\/ko\\\/je-pum\\\/cheon-yeon-wak-seu\\\/%eb%9d%bc%ec%9e%84-%ec%99%81%ec%8a%a4\\\/#primaryimage\"},\"image\":{\"@id\":\"https:\\\/\\\/naturalpoland.com\\\/ko\\\/je-pum\\\/cheon-yeon-wak-seu\\\/%eb%9d%bc%ec%9e%84-%ec%99%81%ec%8a%a4\\\/#primaryimage\"},\"thumbnailUrl\":\"https:\\\/\\\/naturalpoland.com\\\/wp-content\\\/uploads\\\/citrus_aurantifolia_wax.png\",\"datePublished\":\"2023-08-02T12:51:10+00:00\",\"dateModified\":\"2026-03-18T11:39:22+00:00\",\"description\":\"\ud654\uc7a5\ud488\uc6a9 \ub77c\uc784 \uc641\uc2a4\ub294 \ub77c\uc784 \uc528\uc557\uc73c\ub85c \uc0dd\uc0b0\ub429\ub2c8\ub2e4. \uc774\ub294 \ub2e4\uc591\ud55c \ud654\uc7a5\ud488 \uc81c\ud615\uc5d0 \ud6a8\uacfc\uc801\uc774\uace0 \ub2e4\uc7ac\ub2e4\ub2a5\ud55c \ucca8\uac00\uc81c\uc785\ub2c8\ub2e4.\",\"breadcrumb\":{\"@id\":\"https:\\\/\\\/naturalpoland.com\\\/ko\\\/je-pum\\\/cheon-yeon-wak-seu\\\/%eb%9d%bc%ec%9e%84-%ec%99%81%ec%8a%a4\\\/#breadcrumb\"},\"inLanguage\":\"ko-KR\",\"potentialAction\":[{\"@type\":\"ReadAction\",\"target\":[\"https:\\\/\\\/naturalpoland.com\\\/ko\\\/je-pum\\\/cheon-yeon-wak-seu\\\/%eb%9d%bc%ec%9e%84-%ec%99%81%ec%8a%a4\\\/\"]}]},{\"@type\":\"ImageObject\",\"inLanguage\":\"ko-KR\",\"@id\":\"https:\\\/\\\/naturalpoland.com\\\/ko\\\/je-pum\\\/cheon-yeon-wak-seu\\\/%eb%9d%bc%ec%9e%84-%ec%99%81%ec%8a%a4\\\/#primaryimage\",\"url\":\"https:\\\/\\\/naturalpoland.com\\\/wp-content\\\/uploads\\\/citrus_aurantifolia_wax.png\",\"contentUrl\":\"https:\\\/\\\/naturalpoland.com\\\/wp-content\\\/uploads\\\/citrus_aurantifolia_wax.png\",\"width\":1024,\"height\":1024,\"caption\":\"\ub77c\uc784 \uc641\uc2a4\"},{\"@type\":\"BreadcrumbList\",\"@id\":\"https:\\\/\\\/naturalpoland.com\\\/ko\\\/je-pum\\\/cheon-yeon-wak-seu\\\/%eb%9d%bc%ec%9e%84-%ec%99%81%ec%8a%a4\\\/#breadcrumb\",\"itemListElement\":[{\"@type\":\"ListItem\",\"position\":1,\"name\":\"\ud648\",\"item\":\"https:\\\/\\\/naturalpoland.com\\\/ko\\\/\"},{\"@type\":\"ListItem\",\"position\":2,\"name\":\"\uc81c\ud488\",\"item\":\"https:\\\/\\\/naturalpoland.com\\\/ko\\\/%ec%a0%9c%ed%92%88\\\/\"},{\"@type\":\"ListItem\",\"position\":3,\"name\":\"\ub77c\uc784 \uc641\uc2a4\"}]},{\"@type\":\"WebSite\",\"@id\":\"https:\\\/\\\/naturalpoland.com\\\/ko\\\/#website\",\"url\":\"https:\\\/\\\/naturalpoland.com\\\/ko\\\/\",\"name\":\"NATURAL POLAND - Hurtowy Dystrybutor Surowc\u00f3w\",\"description\":\"Surowce dla przemys\u0142u spo\u017cywczego, kosmetycznego i farmaceutycznego\",\"publisher\":{\"@id\":\"https:\\\/\\\/naturalpoland.com\\\/ko\\\/#organization\"},\"potentialAction\":[{\"@type\":\"SearchAction\",\"target\":{\"@type\":\"EntryPoint\",\"urlTemplate\":\"https:\\\/\\\/naturalpoland.com\\\/ko\\\/?s={search_term_string}\"},\"query-input\":{\"@type\":\"PropertyValueSpecification\",\"valueRequired\":true,\"valueName\":\"search_term_string\"}}],\"inLanguage\":\"ko-KR\"},{\"@type\":\"Organization\",\"@id\":\"https:\\\/\\\/naturalpoland.com\\\/ko\\\/#organization\",\"name\":\"Natural Poland\",\"url\":\"https:\\\/\\\/naturalpoland.com\\\/ko\\\/\",\"logo\":{\"@type\":\"ImageObject\",\"inLanguage\":\"ko-KR\",\"@id\":\"https:\\\/\\\/naturalpoland.com\\\/ko\\\/#\\\/schema\\\/logo\\\/image\\\/\",\"url\":\"https:\\\/\\\/naturalpoland.com\\\/wp-content\\\/uploads\\\/2021\\\/05\\\/natural-poland-icon.png\",\"contentUrl\":\"https:\\\/\\\/naturalpoland.com\\\/wp-content\\\/uploads\\\/2021\\\/05\\\/natural-poland-icon.png\",\"width\":512,\"height\":512,\"caption\":\"Natural Poland\"},\"image\":{\"@id\":\"https:\\\/\\\/naturalpoland.com\\\/ko\\\/#\\\/schema\\\/logo\\\/image\\\/\"},\"sameAs\":[\"https:\\\/\\\/www.facebook.com\\\/naturalpoland.b2b\",\"https:\\\/\\\/pl.linkedin.com\\\/company\\\/natural-poland\",\"https:\\\/\\\/www.youtube.com\\\/channel\\\/UCgeGGkvOMahZo-xu_MSEWxg\"]}]}<\/script>\n<!-- \/ Yoast SEO plugin. -->","yoast_head_json":{"title":"\ub77c\uc784 \uc641\uc2a4 - Hurtowy Dystrybutor","description":"\ud654\uc7a5\ud488\uc6a9 \ub77c\uc784 \uc641\uc2a4\ub294 \ub77c\uc784 \uc528\uc557\uc73c\ub85c \uc0dd\uc0b0\ub429\ub2c8\ub2e4. \uc774\ub294 \ub2e4\uc591\ud55c \ud654\uc7a5\ud488 \uc81c\ud615\uc5d0 \ud6a8\uacfc\uc801\uc774\uace0 \ub2e4\uc7ac\ub2e4\ub2a5\ud55c \ucca8\uac00\uc81c\uc785\ub2c8\ub2e4.","robots":{"index":"index","follow":"follow","max-snippet":"max-snippet:-1","max-image-preview":"max-image-preview:large","max-video-preview":"max-video-preview:-1"},"canonical":"https:\/\/naturalpoland.com\/ko\/je-pum\/cheon-yeon-wak-seu\/%eb%9d%bc%ec%9e%84-%ec%99%81%ec%8a%a4\/","og_locale":"ko_KR","og_type":"article","og_title":"\ub77c\uc784 \uc641\uc2a4 - Hurtowy Dystrybutor","og_description":"\ud654\uc7a5\ud488\uc6a9 \ub77c\uc784 \uc641\uc2a4\ub294 \ub77c\uc784 \uc528\uc557\uc73c\ub85c \uc0dd\uc0b0\ub429\ub2c8\ub2e4. \uc774\ub294 \ub2e4\uc591\ud55c \ud654\uc7a5\ud488 \uc81c\ud615\uc5d0 \ud6a8\uacfc\uc801\uc774\uace0 \ub2e4\uc7ac\ub2e4\ub2a5\ud55c \ucca8\uac00\uc81c\uc785\ub2c8\ub2e4.","og_url":"https:\/\/naturalpoland.com\/ko\/je-pum\/cheon-yeon-wak-seu\/%eb%9d%bc%ec%9e%84-%ec%99%81%ec%8a%a4\/","og_site_name":"NATURAL POLAND - Hurtowy Dystrybutor Surowc\u00f3w","article_publisher":"https:\/\/www.facebook.com\/naturalpoland.b2b","article_modified_time":"2026-03-18T11:39:22+00:00","og_image":[{"width":1024,"height":1024,"url":"https:\/\/naturalpoland.com\/wp-content\/uploads\/citrus_aurantifolia_wax.png","type":"image\/png"}],"schema":{"@context":"https:\/\/schema.org","@graph":[{"@type":"WebPage","@id":"https:\/\/naturalpoland.com\/ko\/je-pum\/cheon-yeon-wak-seu\/%eb%9d%bc%ec%9e%84-%ec%99%81%ec%8a%a4\/","url":"https:\/\/naturalpoland.com\/ko\/je-pum\/cheon-yeon-wak-seu\/%eb%9d%bc%ec%9e%84-%ec%99%81%ec%8a%a4\/","name":"\ub77c\uc784 \uc641\uc2a4 - Hurtowy Dystrybutor","isPartOf":{"@id":"https:\/\/naturalpoland.com\/ko\/#website"},"primaryImageOfPage":{"@id":"https:\/\/naturalpoland.com\/ko\/je-pum\/cheon-yeon-wak-seu\/%eb%9d%bc%ec%9e%84-%ec%99%81%ec%8a%a4\/#primaryimage"},"image":{"@id":"https:\/\/naturalpoland.com\/ko\/je-pum\/cheon-yeon-wak-seu\/%eb%9d%bc%ec%9e%84-%ec%99%81%ec%8a%a4\/#primaryimage"},"thumbnailUrl":"https:\/\/naturalpoland.com\/wp-content\/uploads\/citrus_aurantifolia_wax.png","datePublished":"2023-08-02T12:51:10+00:00","dateModified":"2026-03-18T11:39:22+00:00","description":"\ud654\uc7a5\ud488\uc6a9 \ub77c\uc784 \uc641\uc2a4\ub294 \ub77c\uc784 \uc528\uc557\uc73c\ub85c \uc0dd\uc0b0\ub429\ub2c8\ub2e4. \uc774\ub294 \ub2e4\uc591\ud55c \ud654\uc7a5\ud488 \uc81c\ud615\uc5d0 \ud6a8\uacfc\uc801\uc774\uace0 \ub2e4\uc7ac\ub2e4\ub2a5\ud55c \ucca8\uac00\uc81c\uc785\ub2c8\ub2e4.","breadcrumb":{"@id":"https:\/\/naturalpoland.com\/ko\/je-pum\/cheon-yeon-wak-seu\/%eb%9d%bc%ec%9e%84-%ec%99%81%ec%8a%a4\/#breadcrumb"},"inLanguage":"ko-KR","potentialAction":[{"@type":"ReadAction","target":["https:\/\/naturalpoland.com\/ko\/je-pum\/cheon-yeon-wak-seu\/%eb%9d%bc%ec%9e%84-%ec%99%81%ec%8a%a4\/"]}]},{"@type":"ImageObject","inLanguage":"ko-KR","@id":"https:\/\/naturalpoland.com\/ko\/je-pum\/cheon-yeon-wak-seu\/%eb%9d%bc%ec%9e%84-%ec%99%81%ec%8a%a4\/#primaryimage","url":"https:\/\/naturalpoland.com\/wp-content\/uploads\/citrus_aurantifolia_wax.png","contentUrl":"https:\/\/naturalpoland.com\/wp-content\/uploads\/citrus_aurantifolia_wax.png","width":1024,"height":1024,"caption":"\ub77c\uc784 \uc641\uc2a4"},{"@type":"BreadcrumbList","@id":"https:\/\/naturalpoland.com\/ko\/je-pum\/cheon-yeon-wak-seu\/%eb%9d%bc%ec%9e%84-%ec%99%81%ec%8a%a4\/#breadcrumb","itemListElement":[{"@type":"ListItem","position":1,"name":"\ud648","item":"https:\/\/naturalpoland.com\/ko\/"},{"@type":"ListItem","position":2,"name":"\uc81c\ud488","item":"https:\/\/naturalpoland.com\/ko\/%ec%a0%9c%ed%92%88\/"},{"@type":"ListItem","position":3,"name":"\ub77c\uc784 \uc641\uc2a4"}]},{"@type":"WebSite","@id":"https:\/\/naturalpoland.com\/ko\/#website","url":"https:\/\/naturalpoland.com\/ko\/","name":"NATURAL POLAND - Hurtowy Dystrybutor Surowc\u00f3w","description":"Surowce dla przemys\u0142u spo\u017cywczego, kosmetycznego i farmaceutycznego","publisher":{"@id":"https:\/\/naturalpoland.com\/ko\/#organization"},"potentialAction":[{"@type":"SearchAction","target":{"@type":"EntryPoint","urlTemplate":"https:\/\/naturalpoland.com\/ko\/?s={search_term_string}"},"query-input":{"@type":"PropertyValueSpecification","valueRequired":true,"valueName":"search_term_string"}}],"inLanguage":"ko-KR"},{"@type":"Organization","@id":"https:\/\/naturalpoland.com\/ko\/#organization","name":"Natural Poland","url":"https:\/\/naturalpoland.com\/ko\/","logo":{"@type":"ImageObject","inLanguage":"ko-KR","@id":"https:\/\/naturalpoland.com\/ko\/#\/schema\/logo\/image\/","url":"https:\/\/naturalpoland.com\/wp-content\/uploads\/2021\/05\/natural-poland-icon.png","contentUrl":"https:\/\/naturalpoland.com\/wp-content\/uploads\/2021\/05\/natural-poland-icon.png","width":512,"height":512,"caption":"Natural Poland"},"image":{"@id":"https:\/\/naturalpoland.com\/ko\/#\/schema\/logo\/image\/"},"sameAs":["https:\/\/www.facebook.com\/naturalpoland.b2b","https:\/\/pl.linkedin.com\/company\/natural-poland","https:\/\/www.youtube.com\/channel\/UCgeGGkvOMahZo-xu_MSEWxg"]}]}},"_links":{"self":[{"href":"https:\/\/naturalpoland.com\/ko\/wp-json\/wp\/v2\/product\/46827","targetHints":{"allow":["GET"]}}],"collection":[{"href":"https:\/\/naturalpoland.com\/ko\/wp-json\/wp\/v2\/product"}],"about":[{"href":"https:\/\/naturalpoland.com\/ko\/wp-json\/wp\/v2\/types\/product"}],"wp:featuredmedia":[{"embeddable":true,"href":"https:\/\/naturalpoland.com\/ko\/wp-json\/wp\/v2\/media\/46828"}],"wp:attachment":[{"href":"https:\/\/naturalpoland.com\/ko\/wp-json\/wp\/v2\/media?parent=46827"}],"wp:term":[{"taxonomy":"product_brand","embeddable":true,"href":"https:\/\/naturalpoland.com\/ko\/wp-json\/wp\/v2\/product_brand?post=46827"},{"taxonomy":"product_cat","embeddable":true,"href":"https:\/\/naturalpoland.com\/ko\/wp-json\/wp\/v2\/product_cat?post=46827"},{"taxonomy":"product_tag","embeddable":true,"href":"https:\/\/naturalpoland.com\/ko\/wp-json\/wp\/v2\/product_tag?post=46827"}],"curies":[{"name":"wp","href":"https:\/\/api.w.org\/{rel}","templated":true}]}}