{"id":46833,"date":"2022-05-04T15:19:41","date_gmt":"2022-05-04T13:19:41","guid":{"rendered":"https:\/\/naturalpoland.com\/produkty\/uncategorized\/%ed%94%84%eb%9d%bc%ec%9d%b4%eb%93%9c-%ec%96%b4%eb%8b%88%ec%96%b8\/"},"modified":"2026-03-18T13:38:37","modified_gmt":"2026-03-18T12:38:37","slug":"%ed%94%84%eb%9d%bc%ec%9d%b4%eb%93%9c-%ec%96%b4%eb%8b%88%ec%96%b8","status":"publish","type":"product","link":"https:\/\/naturalpoland.com\/ko\/je-pum\/wan-je-pum\/%ed%94%84%eb%9d%bc%ec%9d%b4%eb%93%9c-%ec%96%b4%eb%8b%88%ec%96%b8\/","title":{"rendered":"\ud504\ub77c\uc774\ub4dc \uc5b4\ub2c8\uc5b8"},"content":{"rendered":"","protected":false},"excerpt":{"rendered":"<p><strong>\ud504\ub77c\uc774\ub4dc \uc5b4\ub2c8\uc5b8<\/strong>\uc740 \ub2e4\uc6a9\ub3c4 \uc2dd\ud488\uc785\ub2c8\ub2e4. \ub530\ub73b\ud558\uac8c \ub610\ub294 \ub728\uac81\uac8c \uc12d\ucde8\ud560 \uc218 \uc788\uc2b5\ub2c8\ub2e4. \ub2e8\ub3c5 \uc81c\ud488\uc73c\ub85c \uc0ac\uc6a9\ub418\uac70\ub098 \ub2e4\ub978 \uc694\ub9ac\uc758 \ud1a0\ud551\uc73c\ub85c \ud65c\uc6a9\ub429\ub2c8\ub2e4. \ub2f9\uc0ac\ub294 \uace0\ud488\uc9c8\uc758 \ub9db\uc788\ub294 <strong>\ud504\ub77c\uc774\ub4dc \uc5b4\ub2c8\uc5b8<\/strong>\uc744 \uc81c\uacf5\ud569\ub2c8\ub2e4.   <\/p>\n","protected":false},"featured_media":46834,"template":"","meta":{"_acf_changed":false},"product_brand":[],"product_cat":[8161,8137],"product_tag":[],"class_list":{"0":"post-46833","1":"product","2":"type-product","3":"status-publish","4":"has-post-thumbnail","6":"product_cat-sig-pum-won-ryo","7":"product_cat-wan-je-pum","9":"first","10":"instock","11":"shipping-taxable","12":"product-type-simple"},"acf":[],"yoast_head":"<!-- This site is optimized with the Yoast SEO plugin v27.5 - https:\/\/yoast.com\/product\/yoast-seo-wordpress\/ -->\n<title>\ud504\ub77c\uc774\ub4dc \uc5b4\ub2c8\uc5b8 - Hurtowy Dystrybutor<\/title>\n<meta name=\"robots\" content=\"index, follow, max-snippet:-1, max-image-preview:large, max-video-preview:-1\" \/>\n<link rel=\"canonical\" href=\"https:\/\/naturalpoland.com\/ko\/je-pum\/wan-je-pum\/%ed%94%84%eb%9d%bc%ec%9d%b4%eb%93%9c-%ec%96%b4%eb%8b%88%ec%96%b8\/\" \/>\n<meta property=\"og:locale\" content=\"ko_KR\" \/>\n<meta property=\"og:type\" content=\"article\" \/>\n<meta property=\"og:title\" content=\"\ud504\ub77c\uc774\ub4dc \uc5b4\ub2c8\uc5b8 - Hurtowy Dystrybutor\" \/>\n<meta property=\"og:description\" content=\"\ud504\ub77c\uc774\ub4dc \uc5b4\ub2c8\uc5b8\uc740 \ub2e4\uc6a9\ub3c4 \uc2dd\ud488\uc785\ub2c8\ub2e4. \ub530\ub73b\ud558\uac8c \ub610\ub294 \ub728\uac81\uac8c \uc12d\ucde8\ud560 \uc218 \uc788\uc2b5\ub2c8\ub2e4. \ub2e8\ub3c5 \uc81c\ud488\uc73c\ub85c \uc0ac\uc6a9\ub418\uac70\ub098 \ub2e4\ub978 \uc694\ub9ac\uc758 \ud1a0\ud551\uc73c\ub85c \ud65c\uc6a9\ub429\ub2c8\ub2e4. \ub2f9\uc0ac\ub294 \uace0\ud488\uc9c8\uc758 \ub9db\uc788\ub294 \ud504\ub77c\uc774\ub4dc \uc5b4\ub2c8\uc5b8\uc744 \uc81c\uacf5\ud569\ub2c8\ub2e4.\" \/>\n<meta property=\"og:url\" content=\"https:\/\/naturalpoland.com\/ko\/je-pum\/wan-je-pum\/%ed%94%84%eb%9d%bc%ec%9d%b4%eb%93%9c-%ec%96%b4%eb%8b%88%ec%96%b8\/\" \/>\n<meta property=\"og:site_name\" content=\"NATURAL POLAND - Hurtowy Dystrybutor Surowc\u00f3w\" \/>\n<meta property=\"article:publisher\" content=\"https:\/\/www.facebook.com\/naturalpoland.b2b\" \/>\n<meta property=\"article:modified_time\" content=\"2026-03-18T12:38:37+00:00\" \/>\n<meta property=\"og:image\" content=\"https:\/\/naturalpoland.com\/wp-content\/uploads\/smazona-cebula.jpg\" \/>\n\t<meta property=\"og:image:width\" content=\"650\" \/>\n\t<meta property=\"og:image:height\" content=\"650\" \/>\n\t<meta property=\"og:image:type\" content=\"image\/jpeg\" \/>\n<script type=\"application\/ld+json\" class=\"yoast-schema-graph\">{\"@context\":\"https:\\\/\\\/schema.org\",\"@graph\":[{\"@type\":\"WebPage\",\"@id\":\"https:\\\/\\\/naturalpoland.com\\\/ko\\\/je-pum\\\/wan-je-pum\\\/%ed%94%84%eb%9d%bc%ec%9d%b4%eb%93%9c-%ec%96%b4%eb%8b%88%ec%96%b8\\\/\",\"url\":\"https:\\\/\\\/naturalpoland.com\\\/ko\\\/je-pum\\\/wan-je-pum\\\/%ed%94%84%eb%9d%bc%ec%9d%b4%eb%93%9c-%ec%96%b4%eb%8b%88%ec%96%b8\\\/\",\"name\":\"\ud504\ub77c\uc774\ub4dc \uc5b4\ub2c8\uc5b8 - Hurtowy Dystrybutor\",\"isPartOf\":{\"@id\":\"https:\\\/\\\/naturalpoland.com\\\/ko\\\/#website\"},\"primaryImageOfPage\":{\"@id\":\"https:\\\/\\\/naturalpoland.com\\\/ko\\\/je-pum\\\/wan-je-pum\\\/%ed%94%84%eb%9d%bc%ec%9d%b4%eb%93%9c-%ec%96%b4%eb%8b%88%ec%96%b8\\\/#primaryimage\"},\"image\":{\"@id\":\"https:\\\/\\\/naturalpoland.com\\\/ko\\\/je-pum\\\/wan-je-pum\\\/%ed%94%84%eb%9d%bc%ec%9d%b4%eb%93%9c-%ec%96%b4%eb%8b%88%ec%96%b8\\\/#primaryimage\"},\"thumbnailUrl\":\"https:\\\/\\\/naturalpoland.com\\\/wp-content\\\/uploads\\\/smazona-cebula.jpg\",\"datePublished\":\"2022-05-04T13:19:41+00:00\",\"dateModified\":\"2026-03-18T12:38:37+00:00\",\"breadcrumb\":{\"@id\":\"https:\\\/\\\/naturalpoland.com\\\/ko\\\/je-pum\\\/wan-je-pum\\\/%ed%94%84%eb%9d%bc%ec%9d%b4%eb%93%9c-%ec%96%b4%eb%8b%88%ec%96%b8\\\/#breadcrumb\"},\"inLanguage\":\"ko-KR\",\"potentialAction\":[{\"@type\":\"ReadAction\",\"target\":[\"https:\\\/\\\/naturalpoland.com\\\/ko\\\/je-pum\\\/wan-je-pum\\\/%ed%94%84%eb%9d%bc%ec%9d%b4%eb%93%9c-%ec%96%b4%eb%8b%88%ec%96%b8\\\/\"]}]},{\"@type\":\"ImageObject\",\"inLanguage\":\"ko-KR\",\"@id\":\"https:\\\/\\\/naturalpoland.com\\\/ko\\\/je-pum\\\/wan-je-pum\\\/%ed%94%84%eb%9d%bc%ec%9d%b4%eb%93%9c-%ec%96%b4%eb%8b%88%ec%96%b8\\\/#primaryimage\",\"url\":\"https:\\\/\\\/naturalpoland.com\\\/wp-content\\\/uploads\\\/smazona-cebula.jpg\",\"contentUrl\":\"https:\\\/\\\/naturalpoland.com\\\/wp-content\\\/uploads\\\/smazona-cebula.jpg\",\"width\":650,\"height\":650,\"caption\":\"\ud504\ub77c\uc774\ub4dc \uc5b4\ub2c8\uc5b8\"},{\"@type\":\"BreadcrumbList\",\"@id\":\"https:\\\/\\\/naturalpoland.com\\\/ko\\\/je-pum\\\/wan-je-pum\\\/%ed%94%84%eb%9d%bc%ec%9d%b4%eb%93%9c-%ec%96%b4%eb%8b%88%ec%96%b8\\\/#breadcrumb\",\"itemListElement\":[{\"@type\":\"ListItem\",\"position\":1,\"name\":\"\ud648\",\"item\":\"https:\\\/\\\/naturalpoland.com\\\/ko\\\/\"},{\"@type\":\"ListItem\",\"position\":2,\"name\":\"\uc81c\ud488\",\"item\":\"https:\\\/\\\/naturalpoland.com\\\/ko\\\/%ec%a0%9c%ed%92%88\\\/\"},{\"@type\":\"ListItem\",\"position\":3,\"name\":\"\ud504\ub77c\uc774\ub4dc \uc5b4\ub2c8\uc5b8\"}]},{\"@type\":\"WebSite\",\"@id\":\"https:\\\/\\\/naturalpoland.com\\\/ko\\\/#website\",\"url\":\"https:\\\/\\\/naturalpoland.com\\\/ko\\\/\",\"name\":\"NATURAL POLAND - Hurtowy Dystrybutor Surowc\u00f3w\",\"description\":\"Surowce dla przemys\u0142u spo\u017cywczego, kosmetycznego i farmaceutycznego\",\"publisher\":{\"@id\":\"https:\\\/\\\/naturalpoland.com\\\/ko\\\/#organization\"},\"potentialAction\":[{\"@type\":\"SearchAction\",\"target\":{\"@type\":\"EntryPoint\",\"urlTemplate\":\"https:\\\/\\\/naturalpoland.com\\\/ko\\\/?s={search_term_string}\"},\"query-input\":{\"@type\":\"PropertyValueSpecification\",\"valueRequired\":true,\"valueName\":\"search_term_string\"}}],\"inLanguage\":\"ko-KR\"},{\"@type\":\"Organization\",\"@id\":\"https:\\\/\\\/naturalpoland.com\\\/ko\\\/#organization\",\"name\":\"Natural Poland\",\"url\":\"https:\\\/\\\/naturalpoland.com\\\/ko\\\/\",\"logo\":{\"@type\":\"ImageObject\",\"inLanguage\":\"ko-KR\",\"@id\":\"https:\\\/\\\/naturalpoland.com\\\/ko\\\/#\\\/schema\\\/logo\\\/image\\\/\",\"url\":\"https:\\\/\\\/naturalpoland.com\\\/wp-content\\\/uploads\\\/2021\\\/05\\\/natural-poland-icon.png\",\"contentUrl\":\"https:\\\/\\\/naturalpoland.com\\\/wp-content\\\/uploads\\\/2021\\\/05\\\/natural-poland-icon.png\",\"width\":512,\"height\":512,\"caption\":\"Natural Poland\"},\"image\":{\"@id\":\"https:\\\/\\\/naturalpoland.com\\\/ko\\\/#\\\/schema\\\/logo\\\/image\\\/\"},\"sameAs\":[\"https:\\\/\\\/www.facebook.com\\\/naturalpoland.b2b\",\"https:\\\/\\\/pl.linkedin.com\\\/company\\\/natural-poland\",\"https:\\\/\\\/www.youtube.com\\\/channel\\\/UCgeGGkvOMahZo-xu_MSEWxg\"]}]}<\/script>\n<!-- \/ Yoast SEO plugin. -->","yoast_head_json":{"title":"\ud504\ub77c\uc774\ub4dc \uc5b4\ub2c8\uc5b8 - Hurtowy Dystrybutor","robots":{"index":"index","follow":"follow","max-snippet":"max-snippet:-1","max-image-preview":"max-image-preview:large","max-video-preview":"max-video-preview:-1"},"canonical":"https:\/\/naturalpoland.com\/ko\/je-pum\/wan-je-pum\/%ed%94%84%eb%9d%bc%ec%9d%b4%eb%93%9c-%ec%96%b4%eb%8b%88%ec%96%b8\/","og_locale":"ko_KR","og_type":"article","og_title":"\ud504\ub77c\uc774\ub4dc \uc5b4\ub2c8\uc5b8 - Hurtowy Dystrybutor","og_description":"\ud504\ub77c\uc774\ub4dc \uc5b4\ub2c8\uc5b8\uc740 \ub2e4\uc6a9\ub3c4 \uc2dd\ud488\uc785\ub2c8\ub2e4. \ub530\ub73b\ud558\uac8c \ub610\ub294 \ub728\uac81\uac8c \uc12d\ucde8\ud560 \uc218 \uc788\uc2b5\ub2c8\ub2e4. \ub2e8\ub3c5 \uc81c\ud488\uc73c\ub85c \uc0ac\uc6a9\ub418\uac70\ub098 \ub2e4\ub978 \uc694\ub9ac\uc758 \ud1a0\ud551\uc73c\ub85c \ud65c\uc6a9\ub429\ub2c8\ub2e4. \ub2f9\uc0ac\ub294 \uace0\ud488\uc9c8\uc758 \ub9db\uc788\ub294 \ud504\ub77c\uc774\ub4dc \uc5b4\ub2c8\uc5b8\uc744 \uc81c\uacf5\ud569\ub2c8\ub2e4.","og_url":"https:\/\/naturalpoland.com\/ko\/je-pum\/wan-je-pum\/%ed%94%84%eb%9d%bc%ec%9d%b4%eb%93%9c-%ec%96%b4%eb%8b%88%ec%96%b8\/","og_site_name":"NATURAL POLAND - Hurtowy Dystrybutor Surowc\u00f3w","article_publisher":"https:\/\/www.facebook.com\/naturalpoland.b2b","article_modified_time":"2026-03-18T12:38:37+00:00","og_image":[{"width":650,"height":650,"url":"https:\/\/naturalpoland.com\/wp-content\/uploads\/smazona-cebula.jpg","type":"image\/jpeg"}],"schema":{"@context":"https:\/\/schema.org","@graph":[{"@type":"WebPage","@id":"https:\/\/naturalpoland.com\/ko\/je-pum\/wan-je-pum\/%ed%94%84%eb%9d%bc%ec%9d%b4%eb%93%9c-%ec%96%b4%eb%8b%88%ec%96%b8\/","url":"https:\/\/naturalpoland.com\/ko\/je-pum\/wan-je-pum\/%ed%94%84%eb%9d%bc%ec%9d%b4%eb%93%9c-%ec%96%b4%eb%8b%88%ec%96%b8\/","name":"\ud504\ub77c\uc774\ub4dc \uc5b4\ub2c8\uc5b8 - Hurtowy Dystrybutor","isPartOf":{"@id":"https:\/\/naturalpoland.com\/ko\/#website"},"primaryImageOfPage":{"@id":"https:\/\/naturalpoland.com\/ko\/je-pum\/wan-je-pum\/%ed%94%84%eb%9d%bc%ec%9d%b4%eb%93%9c-%ec%96%b4%eb%8b%88%ec%96%b8\/#primaryimage"},"image":{"@id":"https:\/\/naturalpoland.com\/ko\/je-pum\/wan-je-pum\/%ed%94%84%eb%9d%bc%ec%9d%b4%eb%93%9c-%ec%96%b4%eb%8b%88%ec%96%b8\/#primaryimage"},"thumbnailUrl":"https:\/\/naturalpoland.com\/wp-content\/uploads\/smazona-cebula.jpg","datePublished":"2022-05-04T13:19:41+00:00","dateModified":"2026-03-18T12:38:37+00:00","breadcrumb":{"@id":"https:\/\/naturalpoland.com\/ko\/je-pum\/wan-je-pum\/%ed%94%84%eb%9d%bc%ec%9d%b4%eb%93%9c-%ec%96%b4%eb%8b%88%ec%96%b8\/#breadcrumb"},"inLanguage":"ko-KR","potentialAction":[{"@type":"ReadAction","target":["https:\/\/naturalpoland.com\/ko\/je-pum\/wan-je-pum\/%ed%94%84%eb%9d%bc%ec%9d%b4%eb%93%9c-%ec%96%b4%eb%8b%88%ec%96%b8\/"]}]},{"@type":"ImageObject","inLanguage":"ko-KR","@id":"https:\/\/naturalpoland.com\/ko\/je-pum\/wan-je-pum\/%ed%94%84%eb%9d%bc%ec%9d%b4%eb%93%9c-%ec%96%b4%eb%8b%88%ec%96%b8\/#primaryimage","url":"https:\/\/naturalpoland.com\/wp-content\/uploads\/smazona-cebula.jpg","contentUrl":"https:\/\/naturalpoland.com\/wp-content\/uploads\/smazona-cebula.jpg","width":650,"height":650,"caption":"\ud504\ub77c\uc774\ub4dc \uc5b4\ub2c8\uc5b8"},{"@type":"BreadcrumbList","@id":"https:\/\/naturalpoland.com\/ko\/je-pum\/wan-je-pum\/%ed%94%84%eb%9d%bc%ec%9d%b4%eb%93%9c-%ec%96%b4%eb%8b%88%ec%96%b8\/#breadcrumb","itemListElement":[{"@type":"ListItem","position":1,"name":"\ud648","item":"https:\/\/naturalpoland.com\/ko\/"},{"@type":"ListItem","position":2,"name":"\uc81c\ud488","item":"https:\/\/naturalpoland.com\/ko\/%ec%a0%9c%ed%92%88\/"},{"@type":"ListItem","position":3,"name":"\ud504\ub77c\uc774\ub4dc \uc5b4\ub2c8\uc5b8"}]},{"@type":"WebSite","@id":"https:\/\/naturalpoland.com\/ko\/#website","url":"https:\/\/naturalpoland.com\/ko\/","name":"NATURAL POLAND - Hurtowy Dystrybutor Surowc\u00f3w","description":"Surowce dla przemys\u0142u spo\u017cywczego, kosmetycznego i farmaceutycznego","publisher":{"@id":"https:\/\/naturalpoland.com\/ko\/#organization"},"potentialAction":[{"@type":"SearchAction","target":{"@type":"EntryPoint","urlTemplate":"https:\/\/naturalpoland.com\/ko\/?s={search_term_string}"},"query-input":{"@type":"PropertyValueSpecification","valueRequired":true,"valueName":"search_term_string"}}],"inLanguage":"ko-KR"},{"@type":"Organization","@id":"https:\/\/naturalpoland.com\/ko\/#organization","name":"Natural Poland","url":"https:\/\/naturalpoland.com\/ko\/","logo":{"@type":"ImageObject","inLanguage":"ko-KR","@id":"https:\/\/naturalpoland.com\/ko\/#\/schema\/logo\/image\/","url":"https:\/\/naturalpoland.com\/wp-content\/uploads\/2021\/05\/natural-poland-icon.png","contentUrl":"https:\/\/naturalpoland.com\/wp-content\/uploads\/2021\/05\/natural-poland-icon.png","width":512,"height":512,"caption":"Natural Poland"},"image":{"@id":"https:\/\/naturalpoland.com\/ko\/#\/schema\/logo\/image\/"},"sameAs":["https:\/\/www.facebook.com\/naturalpoland.b2b","https:\/\/pl.linkedin.com\/company\/natural-poland","https:\/\/www.youtube.com\/channel\/UCgeGGkvOMahZo-xu_MSEWxg"]}]}},"_links":{"self":[{"href":"https:\/\/naturalpoland.com\/ko\/wp-json\/wp\/v2\/product\/46833","targetHints":{"allow":["GET"]}}],"collection":[{"href":"https:\/\/naturalpoland.com\/ko\/wp-json\/wp\/v2\/product"}],"about":[{"href":"https:\/\/naturalpoland.com\/ko\/wp-json\/wp\/v2\/types\/product"}],"wp:featuredmedia":[{"embeddable":true,"href":"https:\/\/naturalpoland.com\/ko\/wp-json\/wp\/v2\/media\/46834"}],"wp:attachment":[{"href":"https:\/\/naturalpoland.com\/ko\/wp-json\/wp\/v2\/media?parent=46833"}],"wp:term":[{"taxonomy":"product_brand","embeddable":true,"href":"https:\/\/naturalpoland.com\/ko\/wp-json\/wp\/v2\/product_brand?post=46833"},{"taxonomy":"product_cat","embeddable":true,"href":"https:\/\/naturalpoland.com\/ko\/wp-json\/wp\/v2\/product_cat?post=46833"},{"taxonomy":"product_tag","embeddable":true,"href":"https:\/\/naturalpoland.com\/ko\/wp-json\/wp\/v2\/product_tag?post=46833"}],"curies":[{"name":"wp","href":"https:\/\/api.w.org\/{rel}","templated":true}]}}