{"id":46891,"date":"2022-10-10T14:17:20","date_gmt":"2022-10-10T12:17:20","guid":{"rendered":"https:\/\/naturalpoland.com\/produkty\/uncategorized\/%ec%8b%9c%ed%81%b4%eb%a1%9c%ec%b9%b4%eb%a6%ac%ec%95%84\/"},"modified":"2026-03-19T15:29:51","modified_gmt":"2026-03-19T14:29:51","slug":"%ec%8b%9c%ed%81%b4%eb%a1%9c%ec%b9%b4%eb%a6%ac%ec%95%84","status":"publish","type":"product","link":"https:\/\/naturalpoland.com\/ko\/je-pum\/sig-pum-won-ryo\/saeng-san-yong-won-ryo\/%ec%8b%9c%ed%81%b4%eb%a1%9c%ec%b9%b4%eb%a6%ac%ec%95%84\/","title":{"rendered":"\uc2dc\ud074\ub85c\uce74\ub9ac\uc544"},"content":{"rendered":"<h2>\uc2dc\ud074\ub85c\uce74\ub9ac\uc544 &#8211; \ud6a8\ub2a5<\/h2>\n<p>\uc2dc\ud074\ub85c\uce74\ub9ac\uc544\ub294 \uac00\ub798\ub098\ubb34\uacfc \uc2dd\ubb3c\uc785\ub2c8\ub2e4. \uc911\uad6d \ubcf8\ud1a0\uc640 \ub300\ub9cc\uc758 \uc2b5\ud55c \uc0b0\ub9bc\uc5d0\uc11c \uc790\uc0dd\ud569\ub2c8\ub2e4. \uc8fc\ub85c \uc78e\uc744 \uac74\uc870\ud558\uc5ec \uc0ac\uc6a9\ud558\uba70, <strong>\ud608\ub2f9 \uc218\uce58\ub97c \ub0ae\ucd94\ub294<\/strong> \uc791\uc6a9\uc744 \ud558\uc5ec \uccb4\uc911 \uac10\ub7c9\uc744 \uc6d0\ud558\ub294 \ubd84\ub4e4\uc774\ub098 \ub2f9\ub1e8\ubcd1 \ub610\ub294 \uc778\uc290\ub9b0 \uc800\ud56d\uc131\uc73c\ub85c \uc5b4\ub824\uc6c0\uc744 \uacaa\ub294 \ubd84\ub4e4\uc5d0\uac8c \uc801\ud569\ud560 \uc218 \uc788\uc2b5\ub2c8\ub2e4.   <\/p>\n<p>\ud765\ubbf8\ub86d\uac8c\ub3c4, <strong>\ud608\uc555\uc744 \ub0ae\ucd94\ub294<\/strong> \ud6a8\ub2a5\ub3c4 \uc788\uc5b4 \uc2ec\uc7a5 \ubc0f \ud608\uad00 \uac74\uac15 \uac1c\uc120\uc744 \uc704\ud574 \uc2dd\ub2e8\uc5d0 \ud3ec\ud568\ud558\ub294 \uac83\uc744 \uace0\ub824\ud574 \ubcfc \uac00\uce58\uac00 \uc788\uc2b5\ub2c8\ub2e4. \uadf8 \uc720\uc775\ud55c \ud6a8\uacfc\ub294 \uc218\ub144 \ub3d9\uc548 \uc911\uad6d \uc804\ud1b5 \uc758\ud559\uc5d0\uc11c \ud65c\uc6a9\ub418\uc5b4 \uc654\uc2b5\ub2c8\ub2e4. <\/p>\n","protected":false},"excerpt":{"rendered":"<p>\uc2dc\ud074\ub85c\uce74\ub9ac\uc544 (<em>Cyclocarya Paliurus<\/em>)\ub294 \ud608\ub2f9 \uc218\uce58\ub97c \uc870\uc808\ud558\uace0 \ud608\uc555\uc744 \ub0ae\ucd94\ub294 \ud6a8\ub2a5\uc774 \uc788\uc2b5\ub2c8\ub2e4.<\/p>\n","protected":false},"featured_media":42748,"template":"","meta":{"_acf_changed":false},"product_brand":[],"product_cat":[8175],"product_tag":[],"class_list":{"0":"post-46891","1":"product","2":"type-product","3":"status-publish","4":"has-post-thumbnail","6":"product_cat-saeng-san-yong-won-ryo","8":"first","9":"instock","10":"shipping-taxable","11":"product-type-simple"},"acf":[],"yoast_head":"<!-- This site is optimized with the Yoast SEO plugin v27.5 - https:\/\/yoast.com\/product\/yoast-seo-wordpress\/ -->\n<title>\uc2dc\ud074\ub85c\uce74\ub9ac\uc544 - Hurtowy Dystrybutor<\/title>\n<meta name=\"description\" content=\"\uc2dc\ud074\ub85c\uce74\ub9ac\uc544\ub294 \uac00\ub798\ub098\ubb34\uacfc \uc2dd\ubb3c\uc785\ub2c8\ub2e4. \uc911\uad6d \ubcf8\ud1a0\uc640 \ub300\ub9cc\uc758 \uc2b5\ud55c \uc0b0\ub9bc\uc5d0\uc11c \uc790\uc0dd\ud569\ub2c8\ub2e4.\" \/>\n<meta name=\"robots\" content=\"index, follow, max-snippet:-1, max-image-preview:large, max-video-preview:-1\" \/>\n<link rel=\"canonical\" href=\"https:\/\/naturalpoland.com\/ko\/je-pum\/sig-pum-won-ryo\/saeng-san-yong-won-ryo\/%ec%8b%9c%ed%81%b4%eb%a1%9c%ec%b9%b4%eb%a6%ac%ec%95%84\/\" \/>\n<meta property=\"og:locale\" content=\"ko_KR\" \/>\n<meta property=\"og:type\" content=\"article\" \/>\n<meta property=\"og:title\" content=\"\uc2dc\ud074\ub85c\uce74\ub9ac\uc544 - Hurtowy Dystrybutor\" \/>\n<meta property=\"og:description\" content=\"\uc2dc\ud074\ub85c\uce74\ub9ac\uc544\ub294 \uac00\ub798\ub098\ubb34\uacfc \uc2dd\ubb3c\uc785\ub2c8\ub2e4. \uc911\uad6d \ubcf8\ud1a0\uc640 \ub300\ub9cc\uc758 \uc2b5\ud55c \uc0b0\ub9bc\uc5d0\uc11c \uc790\uc0dd\ud569\ub2c8\ub2e4.\" \/>\n<meta property=\"og:url\" content=\"https:\/\/naturalpoland.com\/ko\/je-pum\/sig-pum-won-ryo\/saeng-san-yong-won-ryo\/%ec%8b%9c%ed%81%b4%eb%a1%9c%ec%b9%b4%eb%a6%ac%ec%95%84\/\" \/>\n<meta property=\"og:site_name\" content=\"NATURAL POLAND - Hurtowy Dystrybutor Surowc\u00f3w\" \/>\n<meta property=\"article:publisher\" content=\"https:\/\/www.facebook.com\/naturalpoland.b2b\" \/>\n<meta property=\"article:modified_time\" content=\"2026-03-19T14:29:51+00:00\" \/>\n<meta property=\"og:image\" content=\"https:\/\/naturalpoland.com\/wp-content\/uploads\/2022\/10\/Cyclocaria-2.jpg\" \/>\n\t<meta property=\"og:image:width\" content=\"640\" \/>\n\t<meta property=\"og:image:height\" content=\"640\" \/>\n\t<meta property=\"og:image:type\" content=\"image\/jpeg\" \/>\n<script type=\"application\/ld+json\" class=\"yoast-schema-graph\">{\"@context\":\"https:\\\/\\\/schema.org\",\"@graph\":[{\"@type\":\"WebPage\",\"@id\":\"https:\\\/\\\/naturalpoland.com\\\/ko\\\/je-pum\\\/sig-pum-won-ryo\\\/saeng-san-yong-won-ryo\\\/%ec%8b%9c%ed%81%b4%eb%a1%9c%ec%b9%b4%eb%a6%ac%ec%95%84\\\/\",\"url\":\"https:\\\/\\\/naturalpoland.com\\\/ko\\\/je-pum\\\/sig-pum-won-ryo\\\/saeng-san-yong-won-ryo\\\/%ec%8b%9c%ed%81%b4%eb%a1%9c%ec%b9%b4%eb%a6%ac%ec%95%84\\\/\",\"name\":\"\uc2dc\ud074\ub85c\uce74\ub9ac\uc544 - Hurtowy Dystrybutor\",\"isPartOf\":{\"@id\":\"https:\\\/\\\/naturalpoland.com\\\/ko\\\/#website\"},\"primaryImageOfPage\":{\"@id\":\"https:\\\/\\\/naturalpoland.com\\\/ko\\\/je-pum\\\/sig-pum-won-ryo\\\/saeng-san-yong-won-ryo\\\/%ec%8b%9c%ed%81%b4%eb%a1%9c%ec%b9%b4%eb%a6%ac%ec%95%84\\\/#primaryimage\"},\"image\":{\"@id\":\"https:\\\/\\\/naturalpoland.com\\\/ko\\\/je-pum\\\/sig-pum-won-ryo\\\/saeng-san-yong-won-ryo\\\/%ec%8b%9c%ed%81%b4%eb%a1%9c%ec%b9%b4%eb%a6%ac%ec%95%84\\\/#primaryimage\"},\"thumbnailUrl\":\"https:\\\/\\\/naturalpoland.com\\\/wp-content\\\/uploads\\\/2022\\\/10\\\/Cyclocaria-2.jpg\",\"datePublished\":\"2022-10-10T12:17:20+00:00\",\"dateModified\":\"2026-03-19T14:29:51+00:00\",\"description\":\"\uc2dc\ud074\ub85c\uce74\ub9ac\uc544\ub294 \uac00\ub798\ub098\ubb34\uacfc \uc2dd\ubb3c\uc785\ub2c8\ub2e4. \uc911\uad6d \ubcf8\ud1a0\uc640 \ub300\ub9cc\uc758 \uc2b5\ud55c \uc0b0\ub9bc\uc5d0\uc11c \uc790\uc0dd\ud569\ub2c8\ub2e4.\",\"breadcrumb\":{\"@id\":\"https:\\\/\\\/naturalpoland.com\\\/ko\\\/je-pum\\\/sig-pum-won-ryo\\\/saeng-san-yong-won-ryo\\\/%ec%8b%9c%ed%81%b4%eb%a1%9c%ec%b9%b4%eb%a6%ac%ec%95%84\\\/#breadcrumb\"},\"inLanguage\":\"ko-KR\",\"potentialAction\":[{\"@type\":\"ReadAction\",\"target\":[\"https:\\\/\\\/naturalpoland.com\\\/ko\\\/je-pum\\\/sig-pum-won-ryo\\\/saeng-san-yong-won-ryo\\\/%ec%8b%9c%ed%81%b4%eb%a1%9c%ec%b9%b4%eb%a6%ac%ec%95%84\\\/\"]}]},{\"@type\":\"ImageObject\",\"inLanguage\":\"ko-KR\",\"@id\":\"https:\\\/\\\/naturalpoland.com\\\/ko\\\/je-pum\\\/sig-pum-won-ryo\\\/saeng-san-yong-won-ryo\\\/%ec%8b%9c%ed%81%b4%eb%a1%9c%ec%b9%b4%eb%a6%ac%ec%95%84\\\/#primaryimage\",\"url\":\"https:\\\/\\\/naturalpoland.com\\\/wp-content\\\/uploads\\\/2022\\\/10\\\/Cyclocaria-2.jpg\",\"contentUrl\":\"https:\\\/\\\/naturalpoland.com\\\/wp-content\\\/uploads\\\/2022\\\/10\\\/Cyclocaria-2.jpg\",\"width\":640,\"height\":640,\"caption\":\"\uc2dc\ud074\ub85c\uce74\ub9ac\uc544\"},{\"@type\":\"BreadcrumbList\",\"@id\":\"https:\\\/\\\/naturalpoland.com\\\/ko\\\/je-pum\\\/sig-pum-won-ryo\\\/saeng-san-yong-won-ryo\\\/%ec%8b%9c%ed%81%b4%eb%a1%9c%ec%b9%b4%eb%a6%ac%ec%95%84\\\/#breadcrumb\",\"itemListElement\":[{\"@type\":\"ListItem\",\"position\":1,\"name\":\"\ud648\",\"item\":\"https:\\\/\\\/naturalpoland.com\\\/ko\\\/\"},{\"@type\":\"ListItem\",\"position\":2,\"name\":\"\uc81c\ud488\",\"item\":\"https:\\\/\\\/naturalpoland.com\\\/ko\\\/%ec%a0%9c%ed%92%88\\\/\"},{\"@type\":\"ListItem\",\"position\":3,\"name\":\"\uc2dc\ud074\ub85c\uce74\ub9ac\uc544\"}]},{\"@type\":\"WebSite\",\"@id\":\"https:\\\/\\\/naturalpoland.com\\\/ko\\\/#website\",\"url\":\"https:\\\/\\\/naturalpoland.com\\\/ko\\\/\",\"name\":\"NATURAL POLAND - Hurtowy Dystrybutor Surowc\u00f3w\",\"description\":\"Surowce dla przemys\u0142u spo\u017cywczego, kosmetycznego i farmaceutycznego\",\"publisher\":{\"@id\":\"https:\\\/\\\/naturalpoland.com\\\/ko\\\/#organization\"},\"potentialAction\":[{\"@type\":\"SearchAction\",\"target\":{\"@type\":\"EntryPoint\",\"urlTemplate\":\"https:\\\/\\\/naturalpoland.com\\\/ko\\\/?s={search_term_string}\"},\"query-input\":{\"@type\":\"PropertyValueSpecification\",\"valueRequired\":true,\"valueName\":\"search_term_string\"}}],\"inLanguage\":\"ko-KR\"},{\"@type\":\"Organization\",\"@id\":\"https:\\\/\\\/naturalpoland.com\\\/ko\\\/#organization\",\"name\":\"Natural Poland\",\"url\":\"https:\\\/\\\/naturalpoland.com\\\/ko\\\/\",\"logo\":{\"@type\":\"ImageObject\",\"inLanguage\":\"ko-KR\",\"@id\":\"https:\\\/\\\/naturalpoland.com\\\/ko\\\/#\\\/schema\\\/logo\\\/image\\\/\",\"url\":\"https:\\\/\\\/naturalpoland.com\\\/wp-content\\\/uploads\\\/2021\\\/05\\\/natural-poland-icon.png\",\"contentUrl\":\"https:\\\/\\\/naturalpoland.com\\\/wp-content\\\/uploads\\\/2021\\\/05\\\/natural-poland-icon.png\",\"width\":512,\"height\":512,\"caption\":\"Natural Poland\"},\"image\":{\"@id\":\"https:\\\/\\\/naturalpoland.com\\\/ko\\\/#\\\/schema\\\/logo\\\/image\\\/\"},\"sameAs\":[\"https:\\\/\\\/www.facebook.com\\\/naturalpoland.b2b\",\"https:\\\/\\\/pl.linkedin.com\\\/company\\\/natural-poland\",\"https:\\\/\\\/www.youtube.com\\\/channel\\\/UCgeGGkvOMahZo-xu_MSEWxg\"]}]}<\/script>\n<!-- \/ Yoast SEO plugin. -->","yoast_head_json":{"title":"\uc2dc\ud074\ub85c\uce74\ub9ac\uc544 - Hurtowy Dystrybutor","description":"\uc2dc\ud074\ub85c\uce74\ub9ac\uc544\ub294 \uac00\ub798\ub098\ubb34\uacfc \uc2dd\ubb3c\uc785\ub2c8\ub2e4. \uc911\uad6d \ubcf8\ud1a0\uc640 \ub300\ub9cc\uc758 \uc2b5\ud55c \uc0b0\ub9bc\uc5d0\uc11c \uc790\uc0dd\ud569\ub2c8\ub2e4.","robots":{"index":"index","follow":"follow","max-snippet":"max-snippet:-1","max-image-preview":"max-image-preview:large","max-video-preview":"max-video-preview:-1"},"canonical":"https:\/\/naturalpoland.com\/ko\/je-pum\/sig-pum-won-ryo\/saeng-san-yong-won-ryo\/%ec%8b%9c%ed%81%b4%eb%a1%9c%ec%b9%b4%eb%a6%ac%ec%95%84\/","og_locale":"ko_KR","og_type":"article","og_title":"\uc2dc\ud074\ub85c\uce74\ub9ac\uc544 - Hurtowy Dystrybutor","og_description":"\uc2dc\ud074\ub85c\uce74\ub9ac\uc544\ub294 \uac00\ub798\ub098\ubb34\uacfc \uc2dd\ubb3c\uc785\ub2c8\ub2e4. \uc911\uad6d \ubcf8\ud1a0\uc640 \ub300\ub9cc\uc758 \uc2b5\ud55c \uc0b0\ub9bc\uc5d0\uc11c \uc790\uc0dd\ud569\ub2c8\ub2e4.","og_url":"https:\/\/naturalpoland.com\/ko\/je-pum\/sig-pum-won-ryo\/saeng-san-yong-won-ryo\/%ec%8b%9c%ed%81%b4%eb%a1%9c%ec%b9%b4%eb%a6%ac%ec%95%84\/","og_site_name":"NATURAL POLAND - Hurtowy Dystrybutor Surowc\u00f3w","article_publisher":"https:\/\/www.facebook.com\/naturalpoland.b2b","article_modified_time":"2026-03-19T14:29:51+00:00","og_image":[{"width":640,"height":640,"url":"https:\/\/naturalpoland.com\/wp-content\/uploads\/2022\/10\/Cyclocaria-2.jpg","type":"image\/jpeg"}],"schema":{"@context":"https:\/\/schema.org","@graph":[{"@type":"WebPage","@id":"https:\/\/naturalpoland.com\/ko\/je-pum\/sig-pum-won-ryo\/saeng-san-yong-won-ryo\/%ec%8b%9c%ed%81%b4%eb%a1%9c%ec%b9%b4%eb%a6%ac%ec%95%84\/","url":"https:\/\/naturalpoland.com\/ko\/je-pum\/sig-pum-won-ryo\/saeng-san-yong-won-ryo\/%ec%8b%9c%ed%81%b4%eb%a1%9c%ec%b9%b4%eb%a6%ac%ec%95%84\/","name":"\uc2dc\ud074\ub85c\uce74\ub9ac\uc544 - Hurtowy Dystrybutor","isPartOf":{"@id":"https:\/\/naturalpoland.com\/ko\/#website"},"primaryImageOfPage":{"@id":"https:\/\/naturalpoland.com\/ko\/je-pum\/sig-pum-won-ryo\/saeng-san-yong-won-ryo\/%ec%8b%9c%ed%81%b4%eb%a1%9c%ec%b9%b4%eb%a6%ac%ec%95%84\/#primaryimage"},"image":{"@id":"https:\/\/naturalpoland.com\/ko\/je-pum\/sig-pum-won-ryo\/saeng-san-yong-won-ryo\/%ec%8b%9c%ed%81%b4%eb%a1%9c%ec%b9%b4%eb%a6%ac%ec%95%84\/#primaryimage"},"thumbnailUrl":"https:\/\/naturalpoland.com\/wp-content\/uploads\/2022\/10\/Cyclocaria-2.jpg","datePublished":"2022-10-10T12:17:20+00:00","dateModified":"2026-03-19T14:29:51+00:00","description":"\uc2dc\ud074\ub85c\uce74\ub9ac\uc544\ub294 \uac00\ub798\ub098\ubb34\uacfc \uc2dd\ubb3c\uc785\ub2c8\ub2e4. \uc911\uad6d \ubcf8\ud1a0\uc640 \ub300\ub9cc\uc758 \uc2b5\ud55c \uc0b0\ub9bc\uc5d0\uc11c \uc790\uc0dd\ud569\ub2c8\ub2e4.","breadcrumb":{"@id":"https:\/\/naturalpoland.com\/ko\/je-pum\/sig-pum-won-ryo\/saeng-san-yong-won-ryo\/%ec%8b%9c%ed%81%b4%eb%a1%9c%ec%b9%b4%eb%a6%ac%ec%95%84\/#breadcrumb"},"inLanguage":"ko-KR","potentialAction":[{"@type":"ReadAction","target":["https:\/\/naturalpoland.com\/ko\/je-pum\/sig-pum-won-ryo\/saeng-san-yong-won-ryo\/%ec%8b%9c%ed%81%b4%eb%a1%9c%ec%b9%b4%eb%a6%ac%ec%95%84\/"]}]},{"@type":"ImageObject","inLanguage":"ko-KR","@id":"https:\/\/naturalpoland.com\/ko\/je-pum\/sig-pum-won-ryo\/saeng-san-yong-won-ryo\/%ec%8b%9c%ed%81%b4%eb%a1%9c%ec%b9%b4%eb%a6%ac%ec%95%84\/#primaryimage","url":"https:\/\/naturalpoland.com\/wp-content\/uploads\/2022\/10\/Cyclocaria-2.jpg","contentUrl":"https:\/\/naturalpoland.com\/wp-content\/uploads\/2022\/10\/Cyclocaria-2.jpg","width":640,"height":640,"caption":"\uc2dc\ud074\ub85c\uce74\ub9ac\uc544"},{"@type":"BreadcrumbList","@id":"https:\/\/naturalpoland.com\/ko\/je-pum\/sig-pum-won-ryo\/saeng-san-yong-won-ryo\/%ec%8b%9c%ed%81%b4%eb%a1%9c%ec%b9%b4%eb%a6%ac%ec%95%84\/#breadcrumb","itemListElement":[{"@type":"ListItem","position":1,"name":"\ud648","item":"https:\/\/naturalpoland.com\/ko\/"},{"@type":"ListItem","position":2,"name":"\uc81c\ud488","item":"https:\/\/naturalpoland.com\/ko\/%ec%a0%9c%ed%92%88\/"},{"@type":"ListItem","position":3,"name":"\uc2dc\ud074\ub85c\uce74\ub9ac\uc544"}]},{"@type":"WebSite","@id":"https:\/\/naturalpoland.com\/ko\/#website","url":"https:\/\/naturalpoland.com\/ko\/","name":"NATURAL POLAND - Hurtowy Dystrybutor Surowc\u00f3w","description":"Surowce dla przemys\u0142u spo\u017cywczego, kosmetycznego i farmaceutycznego","publisher":{"@id":"https:\/\/naturalpoland.com\/ko\/#organization"},"potentialAction":[{"@type":"SearchAction","target":{"@type":"EntryPoint","urlTemplate":"https:\/\/naturalpoland.com\/ko\/?s={search_term_string}"},"query-input":{"@type":"PropertyValueSpecification","valueRequired":true,"valueName":"search_term_string"}}],"inLanguage":"ko-KR"},{"@type":"Organization","@id":"https:\/\/naturalpoland.com\/ko\/#organization","name":"Natural Poland","url":"https:\/\/naturalpoland.com\/ko\/","logo":{"@type":"ImageObject","inLanguage":"ko-KR","@id":"https:\/\/naturalpoland.com\/ko\/#\/schema\/logo\/image\/","url":"https:\/\/naturalpoland.com\/wp-content\/uploads\/2021\/05\/natural-poland-icon.png","contentUrl":"https:\/\/naturalpoland.com\/wp-content\/uploads\/2021\/05\/natural-poland-icon.png","width":512,"height":512,"caption":"Natural Poland"},"image":{"@id":"https:\/\/naturalpoland.com\/ko\/#\/schema\/logo\/image\/"},"sameAs":["https:\/\/www.facebook.com\/naturalpoland.b2b","https:\/\/pl.linkedin.com\/company\/natural-poland","https:\/\/www.youtube.com\/channel\/UCgeGGkvOMahZo-xu_MSEWxg"]}]}},"_links":{"self":[{"href":"https:\/\/naturalpoland.com\/ko\/wp-json\/wp\/v2\/product\/46891","targetHints":{"allow":["GET"]}}],"collection":[{"href":"https:\/\/naturalpoland.com\/ko\/wp-json\/wp\/v2\/product"}],"about":[{"href":"https:\/\/naturalpoland.com\/ko\/wp-json\/wp\/v2\/types\/product"}],"wp:featuredmedia":[{"embeddable":true,"href":"https:\/\/naturalpoland.com\/ko\/wp-json\/wp\/v2\/media\/42748"}],"wp:attachment":[{"href":"https:\/\/naturalpoland.com\/ko\/wp-json\/wp\/v2\/media?parent=46891"}],"wp:term":[{"taxonomy":"product_brand","embeddable":true,"href":"https:\/\/naturalpoland.com\/ko\/wp-json\/wp\/v2\/product_brand?post=46891"},{"taxonomy":"product_cat","embeddable":true,"href":"https:\/\/naturalpoland.com\/ko\/wp-json\/wp\/v2\/product_cat?post=46891"},{"taxonomy":"product_tag","embeddable":true,"href":"https:\/\/naturalpoland.com\/ko\/wp-json\/wp\/v2\/product_tag?post=46891"}],"curies":[{"name":"wp","href":"https:\/\/api.w.org\/{rel}","templated":true}]}}