{"id":46897,"date":"2021-05-11T13:57:21","date_gmt":"2021-05-11T11:57:21","guid":{"rendered":"https:\/\/naturalpoland.com\/produkty\/uncategorized\/%eb%8c%80%ec%b6%94%ec%95%bc%ec%9e%90-%ec%8b%9c%eb%9f%bd\/"},"modified":"2026-03-19T15:30:17","modified_gmt":"2026-03-19T14:30:17","slug":"%eb%8c%80%ec%b6%94%ec%95%bc%ec%9e%90-%ec%8b%9c%eb%9f%bd","status":"publish","type":"product","link":"https:\/\/naturalpoland.com\/ko\/je-pum\/sig-pum-won-ryo\/saeng-san-yong-won-ryo\/%eb%8c%80%ec%b6%94%ec%95%bc%ec%9e%90-%ec%8b%9c%eb%9f%bd\/","title":{"rendered":"\ub300\ucd94\uc57c\uc790 \uc2dc\ub7fd"},"content":{"rendered":"<p>\ub300\ucd94\uc57c\uc790 \uc2dc\ub7fd\uc758 \ud2b9\uc9d5 \uc911 \ud558\ub098\ub294 \uac78\ucb49\ud55c \ub18d\ub3c4\uc640 \uac08\uc0c9\uc785\ub2c8\ub2e4. \ub610\ud55c \ud6cc\ub96d\ud55c \ud5a5\uc744 \uc9c0\ub2c8\uace0 \uc788\uc73c\uba70 \ub9e4\uc6b0 \ub2ec\ucf64\ud569\ub2c8\ub2e4. \ub530\ub77c\uc11c \uc18c\ub7c9\ub9cc\uc73c\ub85c\ub3c4 \ubaa8\ub4e0 \uc694\ub9ac\uc758 \ub9db\uc744 \ud6e8\uc52c \uc88b\uac8c \ub9cc\ub4ed\ub2c8\ub2e4.  <\/p>\n","protected":false},"excerpt":{"rendered":"<p><strong>\ub300\ucd94\uc57c\uc790 \uafc0<\/strong>, \uc989 \ub300\ucd94\uc57c\uc790 \uc2dc\ub7fd\uc740 \uc810\uc810 \ub354 \ub9ce\uc740 \uc694\ub9ac\uc5d0 \uc0ac\uc6a9\ub418\ub294 \ucca8\uac00\ubb3c\uc785\ub2c8\ub2e4. \ub2f9\uc0ac\uc5d0\uc11c \uc81c\uacf5\ud558\ub294 \ub300\ucd94\uc57c\uc790 \uc2dc\ub7fd\uc740 \ub300\ucd94\uc57c\uc790 \ub098\ubb34\uc5d0\uc11c \ub098\ub294 \uc2e0\uc120\ud55c \uacfc\uc721\uc5d0\uc11c \uc9c1\uc811 \ucd94\ucd9c\ud55c \uac83\uc73c\ub85c, \uadf8 \uc774\ub984\ub3c4 \uc5ec\uae30\uc5d0\uc11c \uc720\ub798\ud588\uc2b5\ub2c8\ub2e4. \uc774 \uc81c\ud488\uc740 \ub6f0\uc5b4\ub09c \ud2b9\uc131\uc73c\ub85c \uc804 \uc138\uacc4\uc801\uc73c\ub85c \ub192\uc774 \ud3c9\uac00\ubc1b\uace0 \uc788\uc2b5\ub2c8\ub2e4.  <\/p>\n","protected":false},"featured_media":46898,"template":"","meta":{"_acf_changed":false},"product_brand":[],"product_cat":[8175],"product_tag":[],"class_list":{"0":"post-46897","1":"product","2":"type-product","3":"status-publish","4":"has-post-thumbnail","6":"product_cat-saeng-san-yong-won-ryo","8":"first","9":"instock","10":"shipping-taxable","11":"product-type-simple"},"acf":[],"yoast_head":"<!-- This site is optimized with the Yoast SEO plugin v27.5 - https:\/\/yoast.com\/product\/yoast-seo-wordpress\/ -->\n<title>\ub300\ucd94\uc57c\uc790 \uc2dc\ub7fd - Hurtowy Dystrybutor<\/title>\n<meta name=\"robots\" content=\"index, follow, max-snippet:-1, max-image-preview:large, max-video-preview:-1\" \/>\n<link rel=\"canonical\" href=\"https:\/\/naturalpoland.com\/ko\/je-pum\/sig-pum-won-ryo\/saeng-san-yong-won-ryo\/%eb%8c%80%ec%b6%94%ec%95%bc%ec%9e%90-%ec%8b%9c%eb%9f%bd\/\" \/>\n<meta property=\"og:locale\" content=\"ko_KR\" \/>\n<meta property=\"og:type\" content=\"article\" \/>\n<meta property=\"og:title\" content=\"\ub300\ucd94\uc57c\uc790 \uc2dc\ub7fd - Hurtowy Dystrybutor\" \/>\n<meta property=\"og:description\" content=\"\ub300\ucd94\uc57c\uc790 \uafc0, \uc989 \ub300\ucd94\uc57c\uc790 \uc2dc\ub7fd\uc740 \uc810\uc810 \ub354 \ub9ce\uc740 \uc694\ub9ac\uc5d0 \uc0ac\uc6a9\ub418\ub294 \ucca8\uac00\ubb3c\uc785\ub2c8\ub2e4. \ub2f9\uc0ac\uc5d0\uc11c \uc81c\uacf5\ud558\ub294 \ub300\ucd94\uc57c\uc790 \uc2dc\ub7fd\uc740 \ub300\ucd94\uc57c\uc790 \ub098\ubb34\uc5d0\uc11c \ub098\ub294 \uc2e0\uc120\ud55c \uacfc\uc721\uc5d0\uc11c \uc9c1\uc811 \ucd94\ucd9c\ud55c \uac83\uc73c\ub85c, \uadf8 \uc774\ub984\ub3c4 \uc5ec\uae30\uc5d0\uc11c \uc720\ub798\ud588\uc2b5\ub2c8\ub2e4. \uc774 \uc81c\ud488\uc740 \ub6f0\uc5b4\ub09c \ud2b9\uc131\uc73c\ub85c \uc804 \uc138\uacc4\uc801\uc73c\ub85c \ub192\uc774 \ud3c9\uac00\ubc1b\uace0 \uc788\uc2b5\ub2c8\ub2e4.\" \/>\n<meta property=\"og:url\" content=\"https:\/\/naturalpoland.com\/ko\/je-pum\/sig-pum-won-ryo\/saeng-san-yong-won-ryo\/%eb%8c%80%ec%b6%94%ec%95%bc%ec%9e%90-%ec%8b%9c%eb%9f%bd\/\" \/>\n<meta property=\"og:site_name\" content=\"NATURAL POLAND - Hurtowy Dystrybutor Surowc\u00f3w\" \/>\n<meta property=\"article:publisher\" content=\"https:\/\/www.facebook.com\/naturalpoland.b2b\" \/>\n<meta property=\"article:modified_time\" content=\"2026-03-19T14:30:17+00:00\" \/>\n<meta property=\"og:image\" content=\"https:\/\/naturalpoland.com\/wp-content\/uploads\/2021\/05\/date-syrup.jpg\" \/>\n\t<meta property=\"og:image:width\" content=\"290\" \/>\n\t<meta property=\"og:image:height\" content=\"226\" \/>\n\t<meta property=\"og:image:type\" content=\"image\/jpeg\" \/>\n<script type=\"application\/ld+json\" class=\"yoast-schema-graph\">{\"@context\":\"https:\\\/\\\/schema.org\",\"@graph\":[{\"@type\":\"WebPage\",\"@id\":\"https:\\\/\\\/naturalpoland.com\\\/ko\\\/je-pum\\\/sig-pum-won-ryo\\\/saeng-san-yong-won-ryo\\\/%eb%8c%80%ec%b6%94%ec%95%bc%ec%9e%90-%ec%8b%9c%eb%9f%bd\\\/\",\"url\":\"https:\\\/\\\/naturalpoland.com\\\/ko\\\/je-pum\\\/sig-pum-won-ryo\\\/saeng-san-yong-won-ryo\\\/%eb%8c%80%ec%b6%94%ec%95%bc%ec%9e%90-%ec%8b%9c%eb%9f%bd\\\/\",\"name\":\"\ub300\ucd94\uc57c\uc790 \uc2dc\ub7fd - Hurtowy Dystrybutor\",\"isPartOf\":{\"@id\":\"https:\\\/\\\/naturalpoland.com\\\/ko\\\/#website\"},\"primaryImageOfPage\":{\"@id\":\"https:\\\/\\\/naturalpoland.com\\\/ko\\\/je-pum\\\/sig-pum-won-ryo\\\/saeng-san-yong-won-ryo\\\/%eb%8c%80%ec%b6%94%ec%95%bc%ec%9e%90-%ec%8b%9c%eb%9f%bd\\\/#primaryimage\"},\"image\":{\"@id\":\"https:\\\/\\\/naturalpoland.com\\\/ko\\\/je-pum\\\/sig-pum-won-ryo\\\/saeng-san-yong-won-ryo\\\/%eb%8c%80%ec%b6%94%ec%95%bc%ec%9e%90-%ec%8b%9c%eb%9f%bd\\\/#primaryimage\"},\"thumbnailUrl\":\"https:\\\/\\\/naturalpoland.com\\\/wp-content\\\/uploads\\\/2021\\\/05\\\/date-syrup.jpg\",\"datePublished\":\"2021-05-11T11:57:21+00:00\",\"dateModified\":\"2026-03-19T14:30:17+00:00\",\"breadcrumb\":{\"@id\":\"https:\\\/\\\/naturalpoland.com\\\/ko\\\/je-pum\\\/sig-pum-won-ryo\\\/saeng-san-yong-won-ryo\\\/%eb%8c%80%ec%b6%94%ec%95%bc%ec%9e%90-%ec%8b%9c%eb%9f%bd\\\/#breadcrumb\"},\"inLanguage\":\"ko-KR\",\"potentialAction\":[{\"@type\":\"ReadAction\",\"target\":[\"https:\\\/\\\/naturalpoland.com\\\/ko\\\/je-pum\\\/sig-pum-won-ryo\\\/saeng-san-yong-won-ryo\\\/%eb%8c%80%ec%b6%94%ec%95%bc%ec%9e%90-%ec%8b%9c%eb%9f%bd\\\/\"]}]},{\"@type\":\"ImageObject\",\"inLanguage\":\"ko-KR\",\"@id\":\"https:\\\/\\\/naturalpoland.com\\\/ko\\\/je-pum\\\/sig-pum-won-ryo\\\/saeng-san-yong-won-ryo\\\/%eb%8c%80%ec%b6%94%ec%95%bc%ec%9e%90-%ec%8b%9c%eb%9f%bd\\\/#primaryimage\",\"url\":\"https:\\\/\\\/naturalpoland.com\\\/wp-content\\\/uploads\\\/2021\\\/05\\\/date-syrup.jpg\",\"contentUrl\":\"https:\\\/\\\/naturalpoland.com\\\/wp-content\\\/uploads\\\/2021\\\/05\\\/date-syrup.jpg\",\"width\":290,\"height\":226,\"caption\":\"\ub300\ucd94\uc57c\uc790 \uc2dc\ub7fd\"},{\"@type\":\"BreadcrumbList\",\"@id\":\"https:\\\/\\\/naturalpoland.com\\\/ko\\\/je-pum\\\/sig-pum-won-ryo\\\/saeng-san-yong-won-ryo\\\/%eb%8c%80%ec%b6%94%ec%95%bc%ec%9e%90-%ec%8b%9c%eb%9f%bd\\\/#breadcrumb\",\"itemListElement\":[{\"@type\":\"ListItem\",\"position\":1,\"name\":\"\ud648\",\"item\":\"https:\\\/\\\/naturalpoland.com\\\/ko\\\/\"},{\"@type\":\"ListItem\",\"position\":2,\"name\":\"\uc81c\ud488\",\"item\":\"https:\\\/\\\/naturalpoland.com\\\/ko\\\/%ec%a0%9c%ed%92%88\\\/\"},{\"@type\":\"ListItem\",\"position\":3,\"name\":\"\ub300\ucd94\uc57c\uc790 \uc2dc\ub7fd\"}]},{\"@type\":\"WebSite\",\"@id\":\"https:\\\/\\\/naturalpoland.com\\\/ko\\\/#website\",\"url\":\"https:\\\/\\\/naturalpoland.com\\\/ko\\\/\",\"name\":\"NATURAL POLAND - Hurtowy Dystrybutor Surowc\u00f3w\",\"description\":\"Surowce dla przemys\u0142u spo\u017cywczego, kosmetycznego i farmaceutycznego\",\"publisher\":{\"@id\":\"https:\\\/\\\/naturalpoland.com\\\/ko\\\/#organization\"},\"potentialAction\":[{\"@type\":\"SearchAction\",\"target\":{\"@type\":\"EntryPoint\",\"urlTemplate\":\"https:\\\/\\\/naturalpoland.com\\\/ko\\\/?s={search_term_string}\"},\"query-input\":{\"@type\":\"PropertyValueSpecification\",\"valueRequired\":true,\"valueName\":\"search_term_string\"}}],\"inLanguage\":\"ko-KR\"},{\"@type\":\"Organization\",\"@id\":\"https:\\\/\\\/naturalpoland.com\\\/ko\\\/#organization\",\"name\":\"Natural Poland\",\"url\":\"https:\\\/\\\/naturalpoland.com\\\/ko\\\/\",\"logo\":{\"@type\":\"ImageObject\",\"inLanguage\":\"ko-KR\",\"@id\":\"https:\\\/\\\/naturalpoland.com\\\/ko\\\/#\\\/schema\\\/logo\\\/image\\\/\",\"url\":\"https:\\\/\\\/naturalpoland.com\\\/wp-content\\\/uploads\\\/2021\\\/05\\\/natural-poland-icon.png\",\"contentUrl\":\"https:\\\/\\\/naturalpoland.com\\\/wp-content\\\/uploads\\\/2021\\\/05\\\/natural-poland-icon.png\",\"width\":512,\"height\":512,\"caption\":\"Natural Poland\"},\"image\":{\"@id\":\"https:\\\/\\\/naturalpoland.com\\\/ko\\\/#\\\/schema\\\/logo\\\/image\\\/\"},\"sameAs\":[\"https:\\\/\\\/www.facebook.com\\\/naturalpoland.b2b\",\"https:\\\/\\\/pl.linkedin.com\\\/company\\\/natural-poland\",\"https:\\\/\\\/www.youtube.com\\\/channel\\\/UCgeGGkvOMahZo-xu_MSEWxg\"]}]}<\/script>\n<!-- \/ Yoast SEO plugin. -->","yoast_head_json":{"title":"\ub300\ucd94\uc57c\uc790 \uc2dc\ub7fd - Hurtowy Dystrybutor","robots":{"index":"index","follow":"follow","max-snippet":"max-snippet:-1","max-image-preview":"max-image-preview:large","max-video-preview":"max-video-preview:-1"},"canonical":"https:\/\/naturalpoland.com\/ko\/je-pum\/sig-pum-won-ryo\/saeng-san-yong-won-ryo\/%eb%8c%80%ec%b6%94%ec%95%bc%ec%9e%90-%ec%8b%9c%eb%9f%bd\/","og_locale":"ko_KR","og_type":"article","og_title":"\ub300\ucd94\uc57c\uc790 \uc2dc\ub7fd - Hurtowy Dystrybutor","og_description":"\ub300\ucd94\uc57c\uc790 \uafc0, \uc989 \ub300\ucd94\uc57c\uc790 \uc2dc\ub7fd\uc740 \uc810\uc810 \ub354 \ub9ce\uc740 \uc694\ub9ac\uc5d0 \uc0ac\uc6a9\ub418\ub294 \ucca8\uac00\ubb3c\uc785\ub2c8\ub2e4. \ub2f9\uc0ac\uc5d0\uc11c \uc81c\uacf5\ud558\ub294 \ub300\ucd94\uc57c\uc790 \uc2dc\ub7fd\uc740 \ub300\ucd94\uc57c\uc790 \ub098\ubb34\uc5d0\uc11c \ub098\ub294 \uc2e0\uc120\ud55c \uacfc\uc721\uc5d0\uc11c \uc9c1\uc811 \ucd94\ucd9c\ud55c \uac83\uc73c\ub85c, \uadf8 \uc774\ub984\ub3c4 \uc5ec\uae30\uc5d0\uc11c \uc720\ub798\ud588\uc2b5\ub2c8\ub2e4. \uc774 \uc81c\ud488\uc740 \ub6f0\uc5b4\ub09c \ud2b9\uc131\uc73c\ub85c \uc804 \uc138\uacc4\uc801\uc73c\ub85c \ub192\uc774 \ud3c9\uac00\ubc1b\uace0 \uc788\uc2b5\ub2c8\ub2e4.","og_url":"https:\/\/naturalpoland.com\/ko\/je-pum\/sig-pum-won-ryo\/saeng-san-yong-won-ryo\/%eb%8c%80%ec%b6%94%ec%95%bc%ec%9e%90-%ec%8b%9c%eb%9f%bd\/","og_site_name":"NATURAL POLAND - Hurtowy Dystrybutor Surowc\u00f3w","article_publisher":"https:\/\/www.facebook.com\/naturalpoland.b2b","article_modified_time":"2026-03-19T14:30:17+00:00","og_image":[{"width":290,"height":226,"url":"https:\/\/naturalpoland.com\/wp-content\/uploads\/2021\/05\/date-syrup.jpg","type":"image\/jpeg"}],"schema":{"@context":"https:\/\/schema.org","@graph":[{"@type":"WebPage","@id":"https:\/\/naturalpoland.com\/ko\/je-pum\/sig-pum-won-ryo\/saeng-san-yong-won-ryo\/%eb%8c%80%ec%b6%94%ec%95%bc%ec%9e%90-%ec%8b%9c%eb%9f%bd\/","url":"https:\/\/naturalpoland.com\/ko\/je-pum\/sig-pum-won-ryo\/saeng-san-yong-won-ryo\/%eb%8c%80%ec%b6%94%ec%95%bc%ec%9e%90-%ec%8b%9c%eb%9f%bd\/","name":"\ub300\ucd94\uc57c\uc790 \uc2dc\ub7fd - Hurtowy Dystrybutor","isPartOf":{"@id":"https:\/\/naturalpoland.com\/ko\/#website"},"primaryImageOfPage":{"@id":"https:\/\/naturalpoland.com\/ko\/je-pum\/sig-pum-won-ryo\/saeng-san-yong-won-ryo\/%eb%8c%80%ec%b6%94%ec%95%bc%ec%9e%90-%ec%8b%9c%eb%9f%bd\/#primaryimage"},"image":{"@id":"https:\/\/naturalpoland.com\/ko\/je-pum\/sig-pum-won-ryo\/saeng-san-yong-won-ryo\/%eb%8c%80%ec%b6%94%ec%95%bc%ec%9e%90-%ec%8b%9c%eb%9f%bd\/#primaryimage"},"thumbnailUrl":"https:\/\/naturalpoland.com\/wp-content\/uploads\/2021\/05\/date-syrup.jpg","datePublished":"2021-05-11T11:57:21+00:00","dateModified":"2026-03-19T14:30:17+00:00","breadcrumb":{"@id":"https:\/\/naturalpoland.com\/ko\/je-pum\/sig-pum-won-ryo\/saeng-san-yong-won-ryo\/%eb%8c%80%ec%b6%94%ec%95%bc%ec%9e%90-%ec%8b%9c%eb%9f%bd\/#breadcrumb"},"inLanguage":"ko-KR","potentialAction":[{"@type":"ReadAction","target":["https:\/\/naturalpoland.com\/ko\/je-pum\/sig-pum-won-ryo\/saeng-san-yong-won-ryo\/%eb%8c%80%ec%b6%94%ec%95%bc%ec%9e%90-%ec%8b%9c%eb%9f%bd\/"]}]},{"@type":"ImageObject","inLanguage":"ko-KR","@id":"https:\/\/naturalpoland.com\/ko\/je-pum\/sig-pum-won-ryo\/saeng-san-yong-won-ryo\/%eb%8c%80%ec%b6%94%ec%95%bc%ec%9e%90-%ec%8b%9c%eb%9f%bd\/#primaryimage","url":"https:\/\/naturalpoland.com\/wp-content\/uploads\/2021\/05\/date-syrup.jpg","contentUrl":"https:\/\/naturalpoland.com\/wp-content\/uploads\/2021\/05\/date-syrup.jpg","width":290,"height":226,"caption":"\ub300\ucd94\uc57c\uc790 \uc2dc\ub7fd"},{"@type":"BreadcrumbList","@id":"https:\/\/naturalpoland.com\/ko\/je-pum\/sig-pum-won-ryo\/saeng-san-yong-won-ryo\/%eb%8c%80%ec%b6%94%ec%95%bc%ec%9e%90-%ec%8b%9c%eb%9f%bd\/#breadcrumb","itemListElement":[{"@type":"ListItem","position":1,"name":"\ud648","item":"https:\/\/naturalpoland.com\/ko\/"},{"@type":"ListItem","position":2,"name":"\uc81c\ud488","item":"https:\/\/naturalpoland.com\/ko\/%ec%a0%9c%ed%92%88\/"},{"@type":"ListItem","position":3,"name":"\ub300\ucd94\uc57c\uc790 \uc2dc\ub7fd"}]},{"@type":"WebSite","@id":"https:\/\/naturalpoland.com\/ko\/#website","url":"https:\/\/naturalpoland.com\/ko\/","name":"NATURAL POLAND - Hurtowy Dystrybutor Surowc\u00f3w","description":"Surowce dla przemys\u0142u spo\u017cywczego, kosmetycznego i farmaceutycznego","publisher":{"@id":"https:\/\/naturalpoland.com\/ko\/#organization"},"potentialAction":[{"@type":"SearchAction","target":{"@type":"EntryPoint","urlTemplate":"https:\/\/naturalpoland.com\/ko\/?s={search_term_string}"},"query-input":{"@type":"PropertyValueSpecification","valueRequired":true,"valueName":"search_term_string"}}],"inLanguage":"ko-KR"},{"@type":"Organization","@id":"https:\/\/naturalpoland.com\/ko\/#organization","name":"Natural Poland","url":"https:\/\/naturalpoland.com\/ko\/","logo":{"@type":"ImageObject","inLanguage":"ko-KR","@id":"https:\/\/naturalpoland.com\/ko\/#\/schema\/logo\/image\/","url":"https:\/\/naturalpoland.com\/wp-content\/uploads\/2021\/05\/natural-poland-icon.png","contentUrl":"https:\/\/naturalpoland.com\/wp-content\/uploads\/2021\/05\/natural-poland-icon.png","width":512,"height":512,"caption":"Natural Poland"},"image":{"@id":"https:\/\/naturalpoland.com\/ko\/#\/schema\/logo\/image\/"},"sameAs":["https:\/\/www.facebook.com\/naturalpoland.b2b","https:\/\/pl.linkedin.com\/company\/natural-poland","https:\/\/www.youtube.com\/channel\/UCgeGGkvOMahZo-xu_MSEWxg"]}]}},"_links":{"self":[{"href":"https:\/\/naturalpoland.com\/ko\/wp-json\/wp\/v2\/product\/46897","targetHints":{"allow":["GET"]}}],"collection":[{"href":"https:\/\/naturalpoland.com\/ko\/wp-json\/wp\/v2\/product"}],"about":[{"href":"https:\/\/naturalpoland.com\/ko\/wp-json\/wp\/v2\/types\/product"}],"wp:featuredmedia":[{"embeddable":true,"href":"https:\/\/naturalpoland.com\/ko\/wp-json\/wp\/v2\/media\/46898"}],"wp:attachment":[{"href":"https:\/\/naturalpoland.com\/ko\/wp-json\/wp\/v2\/media?parent=46897"}],"wp:term":[{"taxonomy":"product_brand","embeddable":true,"href":"https:\/\/naturalpoland.com\/ko\/wp-json\/wp\/v2\/product_brand?post=46897"},{"taxonomy":"product_cat","embeddable":true,"href":"https:\/\/naturalpoland.com\/ko\/wp-json\/wp\/v2\/product_cat?post=46897"},{"taxonomy":"product_tag","embeddable":true,"href":"https:\/\/naturalpoland.com\/ko\/wp-json\/wp\/v2\/product_tag?post=46897"}],"curies":[{"name":"wp","href":"https:\/\/api.w.org\/{rel}","templated":true}]}}