{"id":46900,"date":"2022-10-10T15:34:48","date_gmt":"2022-10-10T13:34:48","guid":{"rendered":"https:\/\/naturalpoland.com\/produkty\/uncategorized\/%ed%99%89\/"},"modified":"2026-03-19T15:30:38","modified_gmt":"2026-03-19T14:30:38","slug":"%ed%99%89","status":"publish","type":"product","link":"https:\/\/naturalpoland.com\/ko\/je-pum\/sig-pum-won-ryo\/saeng-san-yong-won-ryo\/%ed%99%89\/","title":{"rendered":"\ud649"},"content":{"rendered":"<p>\ud649\uc740 \ub9e4\uc6b0 \ub2e4\uc7ac\ub2e4\ub2a5\ud558\uac8c \ud65c\uc6a9\ub418\uc5b4 \ub2e4\uc591\ud55c \uc0b0\uc5c5 \ubd84\uc57c\uc5d0\uc11c \uadc0\ud558\uac8c \uc5ec\uaca8\uc9c0\ub294 \uc6d0\ub8cc\uc785\ub2c8\ub2e4. \uc591\uc870 \uc0b0\uc5c5\uc5d0\uc11c \ud649\uc740 \ub9e5\uc8fc\uc5d0 \ud2b9\uc720\uc758 \ub9db\uacfc \ud5a5\uc744 \ubd80\uc5ec\ud558\ub294 \ub370 \ud544\uc218\uc801\uc785\ub2c8\ub2e4. \ud649\uc758 \uc4f4\ub9db\uc740 \ub9e5\uc544\uc758 \ub2e8\ub9db\uacfc \ub300\ube44\ub97c \uc774\ub8e8\uba70, \ub3c5\ud2b9\ud55c \ud5a5\ubbf8\ub294 \ub2e4\ub978 \uc5b4\ub5a4 \uc7ac\ub8cc\ub85c\ub3c4 \uc7ac\ud604\ud560 \uc218 \uc5c6\ub294 \ud48d\ubbf8\ub97c \ub9cc\ub4e4\uc5b4\ub0c5\ub2c8\ub2e4.  <\/p>\n<p>\uc0dd\uba85\uacf5\ud559 \ubd84\uc57c\uc5d0\uc11c \ud649\uc740 \ub2e4\uc591\ud55c \ucd94\ucd9c\ubb3c \ubc0f \uc81c\uc81c \uc0dd\uc0b0\uc5d0 \ud65c\uc6a9\ub429\ub2c8\ub2e4. \ud649\uc5d0 \ud568\uc720\ub41c \ud6c4\ubb3c\ub860\uc0b0 \ubc0f \ub8e8\ud480\ub860\uacfc \uac19\uc740 \ud654\ud569\ubb3c\uc740 \uac15\ub825\ud55c \ud56d\uade0 \ubc0f \ud56d\uc5fc \uc791\uc6a9\uc744 \ub098\ud0c0\ub0b4\uc5b4 \ud649\uc774 \uc81c\uc57d \ubc0f \ud654\uc7a5\ud488 \uc0b0\uc5c5\uc5d0 \uadc0\uc911\ud55c \uc6d0\ub8cc\uac00 \ub429\ub2c8\ub2e4. <\/p>\n","protected":false},"excerpt":{"rendered":"<p>\ud649(<em>Humulus lupulus<\/em>)\uc740 \uc18c\ud654 \ubd88\ub7c9 \ubc0f \ubcf5\ubd80 \ud33d\ub9cc \uce58\ub8cc\uc5d0 \uc0ac\uc6a9\ub429\ub2c8\ub2e4. \uc9c4\uc815 \uc791\uc6a9\uc774 \uc788\uc5b4 \uacb0\ud575 \ubc0f \uae30\uad00\uc9c0\uc5fc \uce58\ub8cc\uc5d0\ub3c4 \ud65c\uc6a9\ub420 \uc218 \uc788\uc2b5\ub2c8\ub2e4. <\/p>\n","protected":false},"featured_media":42755,"template":"","meta":{"_acf_changed":false},"product_brand":[],"product_cat":[8175],"product_tag":[],"class_list":{"0":"post-46900","1":"product","2":"type-product","3":"status-publish","4":"has-post-thumbnail","6":"product_cat-saeng-san-yong-won-ryo","8":"first","9":"instock","10":"shipping-taxable","11":"product-type-simple"},"acf":[],"yoast_head":"<!-- This site is optimized with the Yoast SEO plugin v27.5 - https:\/\/yoast.com\/product\/yoast-seo-wordpress\/ -->\n<title>\ud649 - Hurtowy Dystrybutor<\/title>\n<meta name=\"description\" content=\"\ud649\uc740 \ub9e4\uc6b0 \ub2e4\uc7ac\ub2e4\ub2a5\ud558\uac8c \ud65c\uc6a9\ub418\uc5b4 \uc2dd\ud488, \ud654\uc7a5\ud488, \uc81c\uc57d \ub4f1 \ub2e4\uc591\ud55c \uc0b0\uc5c5 \ubd84\uc57c\uc5d0\uc11c \uadc0\ud558\uac8c \uc5ec\uaca8\uc9c0\ub294 \uc6d0\ub8cc\uc785\ub2c8\ub2e4.\" \/>\n<meta name=\"robots\" content=\"index, follow, max-snippet:-1, max-image-preview:large, max-video-preview:-1\" \/>\n<link rel=\"canonical\" href=\"https:\/\/naturalpoland.com\/ko\/je-pum\/sig-pum-won-ryo\/saeng-san-yong-won-ryo\/%ed%99%89\/\" \/>\n<meta property=\"og:locale\" content=\"ko_KR\" \/>\n<meta property=\"og:type\" content=\"article\" \/>\n<meta property=\"og:title\" content=\"\ud649 - Hurtowy Dystrybutor\" \/>\n<meta property=\"og:description\" content=\"\ud649\uc740 \ub9e4\uc6b0 \ub2e4\uc7ac\ub2e4\ub2a5\ud558\uac8c \ud65c\uc6a9\ub418\uc5b4 \uc2dd\ud488, \ud654\uc7a5\ud488, \uc81c\uc57d \ub4f1 \ub2e4\uc591\ud55c \uc0b0\uc5c5 \ubd84\uc57c\uc5d0\uc11c \uadc0\ud558\uac8c \uc5ec\uaca8\uc9c0\ub294 \uc6d0\ub8cc\uc785\ub2c8\ub2e4.\" \/>\n<meta property=\"og:url\" content=\"https:\/\/naturalpoland.com\/ko\/je-pum\/sig-pum-won-ryo\/saeng-san-yong-won-ryo\/%ed%99%89\/\" \/>\n<meta property=\"og:site_name\" content=\"NATURAL POLAND - Hurtowy Dystrybutor Surowc\u00f3w\" \/>\n<meta property=\"article:publisher\" content=\"https:\/\/www.facebook.com\/naturalpoland.b2b\" \/>\n<meta property=\"article:modified_time\" content=\"2026-03-19T14:30:38+00:00\" \/>\n<meta property=\"og:image\" content=\"https:\/\/naturalpoland.com\/wp-content\/uploads\/2022\/10\/hop-2.jpg\" \/>\n\t<meta property=\"og:image:width\" content=\"1080\" \/>\n\t<meta property=\"og:image:height\" content=\"1045\" \/>\n\t<meta property=\"og:image:type\" content=\"image\/jpeg\" \/>\n<script type=\"application\/ld+json\" class=\"yoast-schema-graph\">{\"@context\":\"https:\\\/\\\/schema.org\",\"@graph\":[{\"@type\":\"WebPage\",\"@id\":\"https:\\\/\\\/naturalpoland.com\\\/ko\\\/je-pum\\\/sig-pum-won-ryo\\\/saeng-san-yong-won-ryo\\\/%ed%99%89\\\/\",\"url\":\"https:\\\/\\\/naturalpoland.com\\\/ko\\\/je-pum\\\/sig-pum-won-ryo\\\/saeng-san-yong-won-ryo\\\/%ed%99%89\\\/\",\"name\":\"\ud649 - Hurtowy Dystrybutor\",\"isPartOf\":{\"@id\":\"https:\\\/\\\/naturalpoland.com\\\/ko\\\/#website\"},\"primaryImageOfPage\":{\"@id\":\"https:\\\/\\\/naturalpoland.com\\\/ko\\\/je-pum\\\/sig-pum-won-ryo\\\/saeng-san-yong-won-ryo\\\/%ed%99%89\\\/#primaryimage\"},\"image\":{\"@id\":\"https:\\\/\\\/naturalpoland.com\\\/ko\\\/je-pum\\\/sig-pum-won-ryo\\\/saeng-san-yong-won-ryo\\\/%ed%99%89\\\/#primaryimage\"},\"thumbnailUrl\":\"https:\\\/\\\/naturalpoland.com\\\/wp-content\\\/uploads\\\/2022\\\/10\\\/hop-2.jpg\",\"datePublished\":\"2022-10-10T13:34:48+00:00\",\"dateModified\":\"2026-03-19T14:30:38+00:00\",\"description\":\"\ud649\uc740 \ub9e4\uc6b0 \ub2e4\uc7ac\ub2e4\ub2a5\ud558\uac8c \ud65c\uc6a9\ub418\uc5b4 \uc2dd\ud488, \ud654\uc7a5\ud488, \uc81c\uc57d \ub4f1 \ub2e4\uc591\ud55c \uc0b0\uc5c5 \ubd84\uc57c\uc5d0\uc11c \uadc0\ud558\uac8c \uc5ec\uaca8\uc9c0\ub294 \uc6d0\ub8cc\uc785\ub2c8\ub2e4.\",\"breadcrumb\":{\"@id\":\"https:\\\/\\\/naturalpoland.com\\\/ko\\\/je-pum\\\/sig-pum-won-ryo\\\/saeng-san-yong-won-ryo\\\/%ed%99%89\\\/#breadcrumb\"},\"inLanguage\":\"ko-KR\",\"potentialAction\":[{\"@type\":\"ReadAction\",\"target\":[\"https:\\\/\\\/naturalpoland.com\\\/ko\\\/je-pum\\\/sig-pum-won-ryo\\\/saeng-san-yong-won-ryo\\\/%ed%99%89\\\/\"]}]},{\"@type\":\"ImageObject\",\"inLanguage\":\"ko-KR\",\"@id\":\"https:\\\/\\\/naturalpoland.com\\\/ko\\\/je-pum\\\/sig-pum-won-ryo\\\/saeng-san-yong-won-ryo\\\/%ed%99%89\\\/#primaryimage\",\"url\":\"https:\\\/\\\/naturalpoland.com\\\/wp-content\\\/uploads\\\/2022\\\/10\\\/hop-2.jpg\",\"contentUrl\":\"https:\\\/\\\/naturalpoland.com\\\/wp-content\\\/uploads\\\/2022\\\/10\\\/hop-2.jpg\",\"width\":1080,\"height\":1045,\"caption\":\"\ud649\"},{\"@type\":\"BreadcrumbList\",\"@id\":\"https:\\\/\\\/naturalpoland.com\\\/ko\\\/je-pum\\\/sig-pum-won-ryo\\\/saeng-san-yong-won-ryo\\\/%ed%99%89\\\/#breadcrumb\",\"itemListElement\":[{\"@type\":\"ListItem\",\"position\":1,\"name\":\"\ud648\",\"item\":\"https:\\\/\\\/naturalpoland.com\\\/ko\\\/\"},{\"@type\":\"ListItem\",\"position\":2,\"name\":\"\uc81c\ud488\",\"item\":\"https:\\\/\\\/naturalpoland.com\\\/ko\\\/%ec%a0%9c%ed%92%88\\\/\"},{\"@type\":\"ListItem\",\"position\":3,\"name\":\"\ud649\"}]},{\"@type\":\"WebSite\",\"@id\":\"https:\\\/\\\/naturalpoland.com\\\/ko\\\/#website\",\"url\":\"https:\\\/\\\/naturalpoland.com\\\/ko\\\/\",\"name\":\"NATURAL POLAND - Hurtowy Dystrybutor Surowc\u00f3w\",\"description\":\"Surowce dla przemys\u0142u spo\u017cywczego, kosmetycznego i farmaceutycznego\",\"publisher\":{\"@id\":\"https:\\\/\\\/naturalpoland.com\\\/ko\\\/#organization\"},\"potentialAction\":[{\"@type\":\"SearchAction\",\"target\":{\"@type\":\"EntryPoint\",\"urlTemplate\":\"https:\\\/\\\/naturalpoland.com\\\/ko\\\/?s={search_term_string}\"},\"query-input\":{\"@type\":\"PropertyValueSpecification\",\"valueRequired\":true,\"valueName\":\"search_term_string\"}}],\"inLanguage\":\"ko-KR\"},{\"@type\":\"Organization\",\"@id\":\"https:\\\/\\\/naturalpoland.com\\\/ko\\\/#organization\",\"name\":\"Natural Poland\",\"url\":\"https:\\\/\\\/naturalpoland.com\\\/ko\\\/\",\"logo\":{\"@type\":\"ImageObject\",\"inLanguage\":\"ko-KR\",\"@id\":\"https:\\\/\\\/naturalpoland.com\\\/ko\\\/#\\\/schema\\\/logo\\\/image\\\/\",\"url\":\"https:\\\/\\\/naturalpoland.com\\\/wp-content\\\/uploads\\\/2021\\\/05\\\/natural-poland-icon.png\",\"contentUrl\":\"https:\\\/\\\/naturalpoland.com\\\/wp-content\\\/uploads\\\/2021\\\/05\\\/natural-poland-icon.png\",\"width\":512,\"height\":512,\"caption\":\"Natural Poland\"},\"image\":{\"@id\":\"https:\\\/\\\/naturalpoland.com\\\/ko\\\/#\\\/schema\\\/logo\\\/image\\\/\"},\"sameAs\":[\"https:\\\/\\\/www.facebook.com\\\/naturalpoland.b2b\",\"https:\\\/\\\/pl.linkedin.com\\\/company\\\/natural-poland\",\"https:\\\/\\\/www.youtube.com\\\/channel\\\/UCgeGGkvOMahZo-xu_MSEWxg\"]}]}<\/script>\n<!-- \/ Yoast SEO plugin. -->","yoast_head_json":{"title":"\ud649 - Hurtowy Dystrybutor","description":"\ud649\uc740 \ub9e4\uc6b0 \ub2e4\uc7ac\ub2e4\ub2a5\ud558\uac8c \ud65c\uc6a9\ub418\uc5b4 \uc2dd\ud488, \ud654\uc7a5\ud488, \uc81c\uc57d \ub4f1 \ub2e4\uc591\ud55c \uc0b0\uc5c5 \ubd84\uc57c\uc5d0\uc11c \uadc0\ud558\uac8c \uc5ec\uaca8\uc9c0\ub294 \uc6d0\ub8cc\uc785\ub2c8\ub2e4.","robots":{"index":"index","follow":"follow","max-snippet":"max-snippet:-1","max-image-preview":"max-image-preview:large","max-video-preview":"max-video-preview:-1"},"canonical":"https:\/\/naturalpoland.com\/ko\/je-pum\/sig-pum-won-ryo\/saeng-san-yong-won-ryo\/%ed%99%89\/","og_locale":"ko_KR","og_type":"article","og_title":"\ud649 - Hurtowy Dystrybutor","og_description":"\ud649\uc740 \ub9e4\uc6b0 \ub2e4\uc7ac\ub2e4\ub2a5\ud558\uac8c \ud65c\uc6a9\ub418\uc5b4 \uc2dd\ud488, \ud654\uc7a5\ud488, \uc81c\uc57d \ub4f1 \ub2e4\uc591\ud55c \uc0b0\uc5c5 \ubd84\uc57c\uc5d0\uc11c \uadc0\ud558\uac8c \uc5ec\uaca8\uc9c0\ub294 \uc6d0\ub8cc\uc785\ub2c8\ub2e4.","og_url":"https:\/\/naturalpoland.com\/ko\/je-pum\/sig-pum-won-ryo\/saeng-san-yong-won-ryo\/%ed%99%89\/","og_site_name":"NATURAL POLAND - Hurtowy Dystrybutor Surowc\u00f3w","article_publisher":"https:\/\/www.facebook.com\/naturalpoland.b2b","article_modified_time":"2026-03-19T14:30:38+00:00","og_image":[{"width":1080,"height":1045,"url":"https:\/\/naturalpoland.com\/wp-content\/uploads\/2022\/10\/hop-2.jpg","type":"image\/jpeg"}],"schema":{"@context":"https:\/\/schema.org","@graph":[{"@type":"WebPage","@id":"https:\/\/naturalpoland.com\/ko\/je-pum\/sig-pum-won-ryo\/saeng-san-yong-won-ryo\/%ed%99%89\/","url":"https:\/\/naturalpoland.com\/ko\/je-pum\/sig-pum-won-ryo\/saeng-san-yong-won-ryo\/%ed%99%89\/","name":"\ud649 - Hurtowy Dystrybutor","isPartOf":{"@id":"https:\/\/naturalpoland.com\/ko\/#website"},"primaryImageOfPage":{"@id":"https:\/\/naturalpoland.com\/ko\/je-pum\/sig-pum-won-ryo\/saeng-san-yong-won-ryo\/%ed%99%89\/#primaryimage"},"image":{"@id":"https:\/\/naturalpoland.com\/ko\/je-pum\/sig-pum-won-ryo\/saeng-san-yong-won-ryo\/%ed%99%89\/#primaryimage"},"thumbnailUrl":"https:\/\/naturalpoland.com\/wp-content\/uploads\/2022\/10\/hop-2.jpg","datePublished":"2022-10-10T13:34:48+00:00","dateModified":"2026-03-19T14:30:38+00:00","description":"\ud649\uc740 \ub9e4\uc6b0 \ub2e4\uc7ac\ub2e4\ub2a5\ud558\uac8c \ud65c\uc6a9\ub418\uc5b4 \uc2dd\ud488, \ud654\uc7a5\ud488, \uc81c\uc57d \ub4f1 \ub2e4\uc591\ud55c \uc0b0\uc5c5 \ubd84\uc57c\uc5d0\uc11c \uadc0\ud558\uac8c \uc5ec\uaca8\uc9c0\ub294 \uc6d0\ub8cc\uc785\ub2c8\ub2e4.","breadcrumb":{"@id":"https:\/\/naturalpoland.com\/ko\/je-pum\/sig-pum-won-ryo\/saeng-san-yong-won-ryo\/%ed%99%89\/#breadcrumb"},"inLanguage":"ko-KR","potentialAction":[{"@type":"ReadAction","target":["https:\/\/naturalpoland.com\/ko\/je-pum\/sig-pum-won-ryo\/saeng-san-yong-won-ryo\/%ed%99%89\/"]}]},{"@type":"ImageObject","inLanguage":"ko-KR","@id":"https:\/\/naturalpoland.com\/ko\/je-pum\/sig-pum-won-ryo\/saeng-san-yong-won-ryo\/%ed%99%89\/#primaryimage","url":"https:\/\/naturalpoland.com\/wp-content\/uploads\/2022\/10\/hop-2.jpg","contentUrl":"https:\/\/naturalpoland.com\/wp-content\/uploads\/2022\/10\/hop-2.jpg","width":1080,"height":1045,"caption":"\ud649"},{"@type":"BreadcrumbList","@id":"https:\/\/naturalpoland.com\/ko\/je-pum\/sig-pum-won-ryo\/saeng-san-yong-won-ryo\/%ed%99%89\/#breadcrumb","itemListElement":[{"@type":"ListItem","position":1,"name":"\ud648","item":"https:\/\/naturalpoland.com\/ko\/"},{"@type":"ListItem","position":2,"name":"\uc81c\ud488","item":"https:\/\/naturalpoland.com\/ko\/%ec%a0%9c%ed%92%88\/"},{"@type":"ListItem","position":3,"name":"\ud649"}]},{"@type":"WebSite","@id":"https:\/\/naturalpoland.com\/ko\/#website","url":"https:\/\/naturalpoland.com\/ko\/","name":"NATURAL POLAND - Hurtowy Dystrybutor Surowc\u00f3w","description":"Surowce dla przemys\u0142u spo\u017cywczego, kosmetycznego i farmaceutycznego","publisher":{"@id":"https:\/\/naturalpoland.com\/ko\/#organization"},"potentialAction":[{"@type":"SearchAction","target":{"@type":"EntryPoint","urlTemplate":"https:\/\/naturalpoland.com\/ko\/?s={search_term_string}"},"query-input":{"@type":"PropertyValueSpecification","valueRequired":true,"valueName":"search_term_string"}}],"inLanguage":"ko-KR"},{"@type":"Organization","@id":"https:\/\/naturalpoland.com\/ko\/#organization","name":"Natural Poland","url":"https:\/\/naturalpoland.com\/ko\/","logo":{"@type":"ImageObject","inLanguage":"ko-KR","@id":"https:\/\/naturalpoland.com\/ko\/#\/schema\/logo\/image\/","url":"https:\/\/naturalpoland.com\/wp-content\/uploads\/2021\/05\/natural-poland-icon.png","contentUrl":"https:\/\/naturalpoland.com\/wp-content\/uploads\/2021\/05\/natural-poland-icon.png","width":512,"height":512,"caption":"Natural Poland"},"image":{"@id":"https:\/\/naturalpoland.com\/ko\/#\/schema\/logo\/image\/"},"sameAs":["https:\/\/www.facebook.com\/naturalpoland.b2b","https:\/\/pl.linkedin.com\/company\/natural-poland","https:\/\/www.youtube.com\/channel\/UCgeGGkvOMahZo-xu_MSEWxg"]}]}},"_links":{"self":[{"href":"https:\/\/naturalpoland.com\/ko\/wp-json\/wp\/v2\/product\/46900","targetHints":{"allow":["GET"]}}],"collection":[{"href":"https:\/\/naturalpoland.com\/ko\/wp-json\/wp\/v2\/product"}],"about":[{"href":"https:\/\/naturalpoland.com\/ko\/wp-json\/wp\/v2\/types\/product"}],"wp:featuredmedia":[{"embeddable":true,"href":"https:\/\/naturalpoland.com\/ko\/wp-json\/wp\/v2\/media\/42755"}],"wp:attachment":[{"href":"https:\/\/naturalpoland.com\/ko\/wp-json\/wp\/v2\/media?parent=46900"}],"wp:term":[{"taxonomy":"product_brand","embeddable":true,"href":"https:\/\/naturalpoland.com\/ko\/wp-json\/wp\/v2\/product_brand?post=46900"},{"taxonomy":"product_cat","embeddable":true,"href":"https:\/\/naturalpoland.com\/ko\/wp-json\/wp\/v2\/product_cat?post=46900"},{"taxonomy":"product_tag","embeddable":true,"href":"https:\/\/naturalpoland.com\/ko\/wp-json\/wp\/v2\/product_tag?post=46900"}],"curies":[{"name":"wp","href":"https:\/\/api.w.org\/{rel}","templated":true}]}}