{"id":46917,"date":"2026-03-19T12:26:03","date_gmt":"2026-03-19T11:26:03","guid":{"rendered":"https:\/\/naturalpoland.com\/produkty\/uncategorized\/%ea%b0%80%ec%88%98%eb%b6%84%ed%95%b4-%ec%b9%a0%eb%a9%b4%ec%a1%b0-%eb%8b%a8%eb%b0%b1%ec%a7%88\/"},"modified":"2026-03-20T10:39:53","modified_gmt":"2026-03-20T09:39:53","slug":"%ea%b0%80%ec%88%98%eb%b6%84%ed%95%b4-%ec%b9%a0%eb%a9%b4%ec%a1%b0-%eb%8b%a8%eb%b0%b1%ec%a7%88","status":"publish","type":"product","link":"https:\/\/naturalpoland.com\/ko\/je-pum\/sig-pum-won-ryo\/%ea%b0%80%ec%88%98%eb%b6%84%ed%95%b4-%ec%b9%a0%eb%a9%b4%ec%a1%b0-%eb%8b%a8%eb%b0%b1%ec%a7%88\/","title":{"rendered":"\uac00\uc218\ubd84\ud574 \uce60\uba74\uc870 \ub2e8\ubc31\uc9c8"},"content":{"rendered":"<h2>\ud2b9\uc131:<\/h2>\n<p>\uac00\uc218\ubd84\ud574 \uce60\uba74\uc870 \ub2e8\ubc31\uc9c8\uc740 \ud1b5\uc81c\ub41c \ud6a8\uc18c \uac00\uc218\ubd84\ud574\ub97c \ud1b5\ud574 \uc0dd\uc131\ub41c \ud3a9\ud0c0\uc774\ub4dc, \ud3f4\ub9ac\ud3a9\ud0c0\uc774\ub4dc \ubc0f \uc544\ubbf8\ub178\uc0b0\uc758 \ud63c\ud569\ubb3c\uc744 \ud568\uc720\ud569\ub2c8\ub2e4. \ubcf8 \uc81c\ud488\uc740 \ub9e4\uc6b0 \uc6b0\uc218\ud55c \uc6a9\ud574\ub3c4\uc640 \ub192\uc740 \ud761\uc218\uc728\uc744 \ud2b9\uc9d5\uc73c\ub85c \ud569\ub2c8\ub2e4. <\/p>\n<h2>\uac00\uc218\ubd84\ud574 \uce60\uba74\uc870 \ub2e8\ubc31\uc9c8\uc758 \uc801\uc6a9 \ubd84\uc57c:<\/h2>\n<p>\uc57d\uac04 \uc721\uc218 \uac19\uc740 \ud2b9\uc720\uc758 \ub9db \ud504\ub85c\ud544 \ub355\ubd84\uc5d0 \uc774 \uac00\uc218\ubd84\ud574\ubb3c\uc740 \ud2b9\ud788 \uc218\ud504, \uc18c\uc2a4 \ub610\ub294 \uc2dd\ud488 \ub18d\ucd95\uc561\uacfc \uac19\uc740 \uc81c\ud488\uc5d0\uc11c \uc601\uc591 \ubc0f \uac10\uac01\uc801 \uae30\ub2a5\uc744 \ub3d9\uc2dc\uc5d0 \uc218\ud589\ud560 \uc218 \uc788\uc2b5\ub2c8\ub2e4. \uc601\uc591 \ubcf4\uc870\uc81c \ubd84\uc57c\uc5d0\uc11c\ub294 \ub192\uc740 \uc0dd\ubb3c\ud559\uc801 \uac00\uce58\ub97c \uc9c0\ub2cc \ub2e8\ubc31\uc9c8 \uacf5\uae09\uc6d0\uc73c\ub85c \ud65c\uc6a9\ub418\uba70, \uc2dd\ud488 \uc0b0\uc5c5\uc5d0\uc11c\ub294 \uc81c\ud488\uc758 \ub2e8\ubc31\uc9c8 \ud568\ub7c9\uc744 \ub192\uc774\uace0 \uc544\ubbf8\ub178\uc0b0 \ud504\ub85c\ud544\uc744 \uac1c\uc120\ud558\ub294 \uc131\ubd84\uc73c\ub85c \uc0ac\uc6a9\ub420 \uc218 \uc788\uc2b5\ub2c8\ub2e4. \uae30\ub2a5\uc131 \ub355\ubd84\uc5d0 \uc6b4\ub3d9\uc120\uc218\uc6a9 \uc81c\ud488 \ubc0f \ud2b9\uc218 \ubaa9\uc801 \uc2dd\ud488\uc5d0\ub3c4 \uc801\uc6a9\ub429\ub2c8\ub2e4.  <\/p>\n<p>\ubcf8 \uc81c\ud488\uc740 \ub2e4\uc74c \ubd84\uc57c\uc5d0 \uc0ac\uc6a9\ub429\ub2c8\ub2e4:<\/p>\n<ul>\n<li>\uc2dd\uc774 \ubcf4\ucda9\uc81c (\uace0\ub2e8\ubc31)<\/li>\n<li>\uae30\ub2a5\uc131 \uc2dd\ud488<\/li>\n<li>\uc2a4\ud3ec\uce20 \uc81c\ud488<\/li>\n<li>\uc218\ud504, \uc18c\uc2a4 \ubc0f \ub9db \ub18d\ucd95\uc561<\/li>\n<li>\uc0ac\ub8cc \uc81c\ud488<\/li>\n<\/ul>\n","protected":false},"excerpt":{"rendered":"<p><strong>\uac00\uc218\ubd84\ud574 \uce60\uba74\uc870 \ub2e8\ubc31\uc9c8<\/strong>\uc740 \ud1b5\uc81c\ub41c \uadfc\uc721 \ub2e8\ubc31\uc9c8 \uac00\uc218\ubd84\ud574\ub97c \ud1b5\ud574 \uc0dd\uc131\ub429\ub2c8\ub2e4. \ubcf8 \uc81c\ud488\uc740 \ud3a9\ud0c0\uc774\ub4dc, \ud3f4\ub9ac\ud3a9\ud0c0\uc774\ub4dc \ubc0f \uc720\ub9ac \uc544\ubbf8\ub178\uc0b0\uc758 \ud63c\ud569\ubb3c\uc744 \ud568\uc720\ud558\uba70, \ud2b9\uc720\uc758 \uc57d\uac04 \uc721\uc218 \uac19\uc740 \ub9db\uc744 \uc9c0\ub2cc \ubd84\ub9d0 \ud615\ud0dc\ub85c \uc81c\uacf5\ub429\ub2c8\ub2e4. \ub2e8\ubc31\uc9c8 \ud568\ub7c9\uc740 \u226585%\uc774\uba70, \ubb3c\uc5d0 \ub300\ud55c \uc6a9\ud574\ub3c4\uac00 \ub192\uc2b5\ub2c8\ub2e4.  <\/p>\n","protected":false},"featured_media":46919,"template":"","meta":{"_acf_changed":false},"product_brand":[],"product_cat":[8161],"product_tag":[],"class_list":{"0":"post-46917","1":"product","2":"type-product","3":"status-publish","4":"has-post-thumbnail","6":"product_cat-sig-pum-won-ryo","7":"pa_certyfikaty-brcgs-","8":"pa_certyfikaty-ifs-","10":"pa_certyfikaty-8219","12":"first","13":"instock","14":"shipping-taxable","15":"product-type-simple"},"acf":[],"yoast_head":"<!-- This site is optimized with the Yoast SEO plugin v27.5 - https:\/\/yoast.com\/product\/yoast-seo-wordpress\/ -->\n<title>\uac00\uc218\ubd84\ud574 \uce60\uba74\uc870 \ub2e8\ubc31\uc9c8 - Hurtowy Dystrybutor<\/title>\n<meta name=\"description\" content=\"\uac00\uc218\ubd84\ud574 \uce60\uba74\uc870 \ub2e8\ubc31\uc9c8 (\ub2e8\ubc31\uc9c8 \u226585%) \u2013 \uc6a9\ud574\ub3c4\uac00 \uc6b0\uc218\ud55c \ubcf4\ucda9\uc81c, \uae30\ub2a5\uc131 \uc2dd\ud488 \ubc0f \uace0\ub2e8\ubc31 \uc81c\ud488\uc6a9 \uc6d0\ub8cc\uc785\ub2c8\ub2e4.\" \/>\n<meta name=\"robots\" content=\"index, follow, max-snippet:-1, max-image-preview:large, max-video-preview:-1\" \/>\n<link rel=\"canonical\" href=\"https:\/\/naturalpoland.com\/ko\/je-pum\/sig-pum-won-ryo\/%ea%b0%80%ec%88%98%eb%b6%84%ed%95%b4-%ec%b9%a0%eb%a9%b4%ec%a1%b0-%eb%8b%a8%eb%b0%b1%ec%a7%88\/\" \/>\n<meta property=\"og:locale\" content=\"ko_KR\" \/>\n<meta property=\"og:type\" content=\"article\" \/>\n<meta property=\"og:title\" content=\"\uac00\uc218\ubd84\ud574 \uce60\uba74\uc870 \ub2e8\ubc31\uc9c8 - Hurtowy Dystrybutor\" \/>\n<meta property=\"og:description\" content=\"\uac00\uc218\ubd84\ud574 \uce60\uba74\uc870 \ub2e8\ubc31\uc9c8 (\ub2e8\ubc31\uc9c8 \u226585%) \u2013 \uc6a9\ud574\ub3c4\uac00 \uc6b0\uc218\ud55c \ubcf4\ucda9\uc81c, \uae30\ub2a5\uc131 \uc2dd\ud488 \ubc0f \uace0\ub2e8\ubc31 \uc81c\ud488\uc6a9 \uc6d0\ub8cc\uc785\ub2c8\ub2e4.\" \/>\n<meta property=\"og:url\" content=\"https:\/\/naturalpoland.com\/ko\/je-pum\/sig-pum-won-ryo\/%ea%b0%80%ec%88%98%eb%b6%84%ed%95%b4-%ec%b9%a0%eb%a9%b4%ec%a1%b0-%eb%8b%a8%eb%b0%b1%ec%a7%88\/\" \/>\n<meta property=\"og:site_name\" content=\"NATURAL POLAND - Hurtowy Dystrybutor Surowc\u00f3w\" \/>\n<meta property=\"article:publisher\" content=\"https:\/\/www.facebook.com\/naturalpoland.b2b\" \/>\n<meta property=\"article:modified_time\" content=\"2026-03-20T09:39:53+00:00\" \/>\n<meta property=\"og:image\" content=\"https:\/\/naturalpoland.com\/wp-content\/uploads\/hydrolizowane-bialko-z-indyka.webp\" \/>\n\t<meta property=\"og:image:width\" content=\"1024\" \/>\n\t<meta property=\"og:image:height\" content=\"1024\" \/>\n\t<meta property=\"og:image:type\" content=\"image\/webp\" \/>\n<script type=\"application\/ld+json\" class=\"yoast-schema-graph\">{\"@context\":\"https:\\\/\\\/schema.org\",\"@graph\":[{\"@type\":\"WebPage\",\"@id\":\"https:\\\/\\\/naturalpoland.com\\\/ko\\\/je-pum\\\/sig-pum-won-ryo\\\/%ea%b0%80%ec%88%98%eb%b6%84%ed%95%b4-%ec%b9%a0%eb%a9%b4%ec%a1%b0-%eb%8b%a8%eb%b0%b1%ec%a7%88\\\/\",\"url\":\"https:\\\/\\\/naturalpoland.com\\\/ko\\\/je-pum\\\/sig-pum-won-ryo\\\/%ea%b0%80%ec%88%98%eb%b6%84%ed%95%b4-%ec%b9%a0%eb%a9%b4%ec%a1%b0-%eb%8b%a8%eb%b0%b1%ec%a7%88\\\/\",\"name\":\"\uac00\uc218\ubd84\ud574 \uce60\uba74\uc870 \ub2e8\ubc31\uc9c8 - Hurtowy Dystrybutor\",\"isPartOf\":{\"@id\":\"https:\\\/\\\/naturalpoland.com\\\/ko\\\/#website\"},\"primaryImageOfPage\":{\"@id\":\"https:\\\/\\\/naturalpoland.com\\\/ko\\\/je-pum\\\/sig-pum-won-ryo\\\/%ea%b0%80%ec%88%98%eb%b6%84%ed%95%b4-%ec%b9%a0%eb%a9%b4%ec%a1%b0-%eb%8b%a8%eb%b0%b1%ec%a7%88\\\/#primaryimage\"},\"image\":{\"@id\":\"https:\\\/\\\/naturalpoland.com\\\/ko\\\/je-pum\\\/sig-pum-won-ryo\\\/%ea%b0%80%ec%88%98%eb%b6%84%ed%95%b4-%ec%b9%a0%eb%a9%b4%ec%a1%b0-%eb%8b%a8%eb%b0%b1%ec%a7%88\\\/#primaryimage\"},\"thumbnailUrl\":\"https:\\\/\\\/naturalpoland.com\\\/wp-content\\\/uploads\\\/hydrolizowane-bialko-z-indyka.webp\",\"datePublished\":\"2026-03-19T11:26:03+00:00\",\"dateModified\":\"2026-03-20T09:39:53+00:00\",\"description\":\"\uac00\uc218\ubd84\ud574 \uce60\uba74\uc870 \ub2e8\ubc31\uc9c8 (\ub2e8\ubc31\uc9c8 \u226585%) \u2013 \uc6a9\ud574\ub3c4\uac00 \uc6b0\uc218\ud55c \ubcf4\ucda9\uc81c, \uae30\ub2a5\uc131 \uc2dd\ud488 \ubc0f \uace0\ub2e8\ubc31 \uc81c\ud488\uc6a9 \uc6d0\ub8cc\uc785\ub2c8\ub2e4.\",\"breadcrumb\":{\"@id\":\"https:\\\/\\\/naturalpoland.com\\\/ko\\\/je-pum\\\/sig-pum-won-ryo\\\/%ea%b0%80%ec%88%98%eb%b6%84%ed%95%b4-%ec%b9%a0%eb%a9%b4%ec%a1%b0-%eb%8b%a8%eb%b0%b1%ec%a7%88\\\/#breadcrumb\"},\"inLanguage\":\"ko-KR\",\"potentialAction\":[{\"@type\":\"ReadAction\",\"target\":[\"https:\\\/\\\/naturalpoland.com\\\/ko\\\/je-pum\\\/sig-pum-won-ryo\\\/%ea%b0%80%ec%88%98%eb%b6%84%ed%95%b4-%ec%b9%a0%eb%a9%b4%ec%a1%b0-%eb%8b%a8%eb%b0%b1%ec%a7%88\\\/\"]}]},{\"@type\":\"ImageObject\",\"inLanguage\":\"ko-KR\",\"@id\":\"https:\\\/\\\/naturalpoland.com\\\/ko\\\/je-pum\\\/sig-pum-won-ryo\\\/%ea%b0%80%ec%88%98%eb%b6%84%ed%95%b4-%ec%b9%a0%eb%a9%b4%ec%a1%b0-%eb%8b%a8%eb%b0%b1%ec%a7%88\\\/#primaryimage\",\"url\":\"https:\\\/\\\/naturalpoland.com\\\/wp-content\\\/uploads\\\/hydrolizowane-bialko-z-indyka.webp\",\"contentUrl\":\"https:\\\/\\\/naturalpoland.com\\\/wp-content\\\/uploads\\\/hydrolizowane-bialko-z-indyka.webp\",\"width\":1024,\"height\":1024,\"caption\":\"\uac00\uc218\ubd84\ud574 \uce60\uba74\uc870 \ub2e8\ubc31\uc9c8\"},{\"@type\":\"BreadcrumbList\",\"@id\":\"https:\\\/\\\/naturalpoland.com\\\/ko\\\/je-pum\\\/sig-pum-won-ryo\\\/%ea%b0%80%ec%88%98%eb%b6%84%ed%95%b4-%ec%b9%a0%eb%a9%b4%ec%a1%b0-%eb%8b%a8%eb%b0%b1%ec%a7%88\\\/#breadcrumb\",\"itemListElement\":[{\"@type\":\"ListItem\",\"position\":1,\"name\":\"\ud648\",\"item\":\"https:\\\/\\\/naturalpoland.com\\\/ko\\\/\"},{\"@type\":\"ListItem\",\"position\":2,\"name\":\"\uc81c\ud488\",\"item\":\"https:\\\/\\\/naturalpoland.com\\\/ko\\\/%ec%a0%9c%ed%92%88\\\/\"},{\"@type\":\"ListItem\",\"position\":3,\"name\":\"\uac00\uc218\ubd84\ud574 \uce60\uba74\uc870 \ub2e8\ubc31\uc9c8\"}]},{\"@type\":\"WebSite\",\"@id\":\"https:\\\/\\\/naturalpoland.com\\\/ko\\\/#website\",\"url\":\"https:\\\/\\\/naturalpoland.com\\\/ko\\\/\",\"name\":\"NATURAL POLAND - Hurtowy Dystrybutor Surowc\u00f3w\",\"description\":\"Surowce dla przemys\u0142u spo\u017cywczego, kosmetycznego i farmaceutycznego\",\"publisher\":{\"@id\":\"https:\\\/\\\/naturalpoland.com\\\/ko\\\/#organization\"},\"potentialAction\":[{\"@type\":\"SearchAction\",\"target\":{\"@type\":\"EntryPoint\",\"urlTemplate\":\"https:\\\/\\\/naturalpoland.com\\\/ko\\\/?s={search_term_string}\"},\"query-input\":{\"@type\":\"PropertyValueSpecification\",\"valueRequired\":true,\"valueName\":\"search_term_string\"}}],\"inLanguage\":\"ko-KR\"},{\"@type\":\"Organization\",\"@id\":\"https:\\\/\\\/naturalpoland.com\\\/ko\\\/#organization\",\"name\":\"Natural Poland\",\"url\":\"https:\\\/\\\/naturalpoland.com\\\/ko\\\/\",\"logo\":{\"@type\":\"ImageObject\",\"inLanguage\":\"ko-KR\",\"@id\":\"https:\\\/\\\/naturalpoland.com\\\/ko\\\/#\\\/schema\\\/logo\\\/image\\\/\",\"url\":\"https:\\\/\\\/naturalpoland.com\\\/wp-content\\\/uploads\\\/2021\\\/05\\\/natural-poland-icon.png\",\"contentUrl\":\"https:\\\/\\\/naturalpoland.com\\\/wp-content\\\/uploads\\\/2021\\\/05\\\/natural-poland-icon.png\",\"width\":512,\"height\":512,\"caption\":\"Natural Poland\"},\"image\":{\"@id\":\"https:\\\/\\\/naturalpoland.com\\\/ko\\\/#\\\/schema\\\/logo\\\/image\\\/\"},\"sameAs\":[\"https:\\\/\\\/www.facebook.com\\\/naturalpoland.b2b\",\"https:\\\/\\\/pl.linkedin.com\\\/company\\\/natural-poland\",\"https:\\\/\\\/www.youtube.com\\\/channel\\\/UCgeGGkvOMahZo-xu_MSEWxg\"]}]}<\/script>\n<!-- \/ Yoast SEO plugin. -->","yoast_head_json":{"title":"\uac00\uc218\ubd84\ud574 \uce60\uba74\uc870 \ub2e8\ubc31\uc9c8 - Hurtowy Dystrybutor","description":"\uac00\uc218\ubd84\ud574 \uce60\uba74\uc870 \ub2e8\ubc31\uc9c8 (\ub2e8\ubc31\uc9c8 \u226585%) \u2013 \uc6a9\ud574\ub3c4\uac00 \uc6b0\uc218\ud55c \ubcf4\ucda9\uc81c, \uae30\ub2a5\uc131 \uc2dd\ud488 \ubc0f \uace0\ub2e8\ubc31 \uc81c\ud488\uc6a9 \uc6d0\ub8cc\uc785\ub2c8\ub2e4.","robots":{"index":"index","follow":"follow","max-snippet":"max-snippet:-1","max-image-preview":"max-image-preview:large","max-video-preview":"max-video-preview:-1"},"canonical":"https:\/\/naturalpoland.com\/ko\/je-pum\/sig-pum-won-ryo\/%ea%b0%80%ec%88%98%eb%b6%84%ed%95%b4-%ec%b9%a0%eb%a9%b4%ec%a1%b0-%eb%8b%a8%eb%b0%b1%ec%a7%88\/","og_locale":"ko_KR","og_type":"article","og_title":"\uac00\uc218\ubd84\ud574 \uce60\uba74\uc870 \ub2e8\ubc31\uc9c8 - Hurtowy Dystrybutor","og_description":"\uac00\uc218\ubd84\ud574 \uce60\uba74\uc870 \ub2e8\ubc31\uc9c8 (\ub2e8\ubc31\uc9c8 \u226585%) \u2013 \uc6a9\ud574\ub3c4\uac00 \uc6b0\uc218\ud55c \ubcf4\ucda9\uc81c, \uae30\ub2a5\uc131 \uc2dd\ud488 \ubc0f \uace0\ub2e8\ubc31 \uc81c\ud488\uc6a9 \uc6d0\ub8cc\uc785\ub2c8\ub2e4.","og_url":"https:\/\/naturalpoland.com\/ko\/je-pum\/sig-pum-won-ryo\/%ea%b0%80%ec%88%98%eb%b6%84%ed%95%b4-%ec%b9%a0%eb%a9%b4%ec%a1%b0-%eb%8b%a8%eb%b0%b1%ec%a7%88\/","og_site_name":"NATURAL POLAND - Hurtowy Dystrybutor Surowc\u00f3w","article_publisher":"https:\/\/www.facebook.com\/naturalpoland.b2b","article_modified_time":"2026-03-20T09:39:53+00:00","og_image":[{"width":1024,"height":1024,"url":"https:\/\/naturalpoland.com\/wp-content\/uploads\/hydrolizowane-bialko-z-indyka.webp","type":"image\/webp"}],"schema":{"@context":"https:\/\/schema.org","@graph":[{"@type":"WebPage","@id":"https:\/\/naturalpoland.com\/ko\/je-pum\/sig-pum-won-ryo\/%ea%b0%80%ec%88%98%eb%b6%84%ed%95%b4-%ec%b9%a0%eb%a9%b4%ec%a1%b0-%eb%8b%a8%eb%b0%b1%ec%a7%88\/","url":"https:\/\/naturalpoland.com\/ko\/je-pum\/sig-pum-won-ryo\/%ea%b0%80%ec%88%98%eb%b6%84%ed%95%b4-%ec%b9%a0%eb%a9%b4%ec%a1%b0-%eb%8b%a8%eb%b0%b1%ec%a7%88\/","name":"\uac00\uc218\ubd84\ud574 \uce60\uba74\uc870 \ub2e8\ubc31\uc9c8 - Hurtowy Dystrybutor","isPartOf":{"@id":"https:\/\/naturalpoland.com\/ko\/#website"},"primaryImageOfPage":{"@id":"https:\/\/naturalpoland.com\/ko\/je-pum\/sig-pum-won-ryo\/%ea%b0%80%ec%88%98%eb%b6%84%ed%95%b4-%ec%b9%a0%eb%a9%b4%ec%a1%b0-%eb%8b%a8%eb%b0%b1%ec%a7%88\/#primaryimage"},"image":{"@id":"https:\/\/naturalpoland.com\/ko\/je-pum\/sig-pum-won-ryo\/%ea%b0%80%ec%88%98%eb%b6%84%ed%95%b4-%ec%b9%a0%eb%a9%b4%ec%a1%b0-%eb%8b%a8%eb%b0%b1%ec%a7%88\/#primaryimage"},"thumbnailUrl":"https:\/\/naturalpoland.com\/wp-content\/uploads\/hydrolizowane-bialko-z-indyka.webp","datePublished":"2026-03-19T11:26:03+00:00","dateModified":"2026-03-20T09:39:53+00:00","description":"\uac00\uc218\ubd84\ud574 \uce60\uba74\uc870 \ub2e8\ubc31\uc9c8 (\ub2e8\ubc31\uc9c8 \u226585%) \u2013 \uc6a9\ud574\ub3c4\uac00 \uc6b0\uc218\ud55c \ubcf4\ucda9\uc81c, \uae30\ub2a5\uc131 \uc2dd\ud488 \ubc0f \uace0\ub2e8\ubc31 \uc81c\ud488\uc6a9 \uc6d0\ub8cc\uc785\ub2c8\ub2e4.","breadcrumb":{"@id":"https:\/\/naturalpoland.com\/ko\/je-pum\/sig-pum-won-ryo\/%ea%b0%80%ec%88%98%eb%b6%84%ed%95%b4-%ec%b9%a0%eb%a9%b4%ec%a1%b0-%eb%8b%a8%eb%b0%b1%ec%a7%88\/#breadcrumb"},"inLanguage":"ko-KR","potentialAction":[{"@type":"ReadAction","target":["https:\/\/naturalpoland.com\/ko\/je-pum\/sig-pum-won-ryo\/%ea%b0%80%ec%88%98%eb%b6%84%ed%95%b4-%ec%b9%a0%eb%a9%b4%ec%a1%b0-%eb%8b%a8%eb%b0%b1%ec%a7%88\/"]}]},{"@type":"ImageObject","inLanguage":"ko-KR","@id":"https:\/\/naturalpoland.com\/ko\/je-pum\/sig-pum-won-ryo\/%ea%b0%80%ec%88%98%eb%b6%84%ed%95%b4-%ec%b9%a0%eb%a9%b4%ec%a1%b0-%eb%8b%a8%eb%b0%b1%ec%a7%88\/#primaryimage","url":"https:\/\/naturalpoland.com\/wp-content\/uploads\/hydrolizowane-bialko-z-indyka.webp","contentUrl":"https:\/\/naturalpoland.com\/wp-content\/uploads\/hydrolizowane-bialko-z-indyka.webp","width":1024,"height":1024,"caption":"\uac00\uc218\ubd84\ud574 \uce60\uba74\uc870 \ub2e8\ubc31\uc9c8"},{"@type":"BreadcrumbList","@id":"https:\/\/naturalpoland.com\/ko\/je-pum\/sig-pum-won-ryo\/%ea%b0%80%ec%88%98%eb%b6%84%ed%95%b4-%ec%b9%a0%eb%a9%b4%ec%a1%b0-%eb%8b%a8%eb%b0%b1%ec%a7%88\/#breadcrumb","itemListElement":[{"@type":"ListItem","position":1,"name":"\ud648","item":"https:\/\/naturalpoland.com\/ko\/"},{"@type":"ListItem","position":2,"name":"\uc81c\ud488","item":"https:\/\/naturalpoland.com\/ko\/%ec%a0%9c%ed%92%88\/"},{"@type":"ListItem","position":3,"name":"\uac00\uc218\ubd84\ud574 \uce60\uba74\uc870 \ub2e8\ubc31\uc9c8"}]},{"@type":"WebSite","@id":"https:\/\/naturalpoland.com\/ko\/#website","url":"https:\/\/naturalpoland.com\/ko\/","name":"NATURAL POLAND - Hurtowy Dystrybutor Surowc\u00f3w","description":"Surowce dla przemys\u0142u spo\u017cywczego, kosmetycznego i farmaceutycznego","publisher":{"@id":"https:\/\/naturalpoland.com\/ko\/#organization"},"potentialAction":[{"@type":"SearchAction","target":{"@type":"EntryPoint","urlTemplate":"https:\/\/naturalpoland.com\/ko\/?s={search_term_string}"},"query-input":{"@type":"PropertyValueSpecification","valueRequired":true,"valueName":"search_term_string"}}],"inLanguage":"ko-KR"},{"@type":"Organization","@id":"https:\/\/naturalpoland.com\/ko\/#organization","name":"Natural Poland","url":"https:\/\/naturalpoland.com\/ko\/","logo":{"@type":"ImageObject","inLanguage":"ko-KR","@id":"https:\/\/naturalpoland.com\/ko\/#\/schema\/logo\/image\/","url":"https:\/\/naturalpoland.com\/wp-content\/uploads\/2021\/05\/natural-poland-icon.png","contentUrl":"https:\/\/naturalpoland.com\/wp-content\/uploads\/2021\/05\/natural-poland-icon.png","width":512,"height":512,"caption":"Natural Poland"},"image":{"@id":"https:\/\/naturalpoland.com\/ko\/#\/schema\/logo\/image\/"},"sameAs":["https:\/\/www.facebook.com\/naturalpoland.b2b","https:\/\/pl.linkedin.com\/company\/natural-poland","https:\/\/www.youtube.com\/channel\/UCgeGGkvOMahZo-xu_MSEWxg"]}]}},"_links":{"self":[{"href":"https:\/\/naturalpoland.com\/ko\/wp-json\/wp\/v2\/product\/46917","targetHints":{"allow":["GET"]}}],"collection":[{"href":"https:\/\/naturalpoland.com\/ko\/wp-json\/wp\/v2\/product"}],"about":[{"href":"https:\/\/naturalpoland.com\/ko\/wp-json\/wp\/v2\/types\/product"}],"wp:featuredmedia":[{"embeddable":true,"href":"https:\/\/naturalpoland.com\/ko\/wp-json\/wp\/v2\/media\/46919"}],"wp:attachment":[{"href":"https:\/\/naturalpoland.com\/ko\/wp-json\/wp\/v2\/media?parent=46917"}],"wp:term":[{"taxonomy":"product_brand","embeddable":true,"href":"https:\/\/naturalpoland.com\/ko\/wp-json\/wp\/v2\/product_brand?post=46917"},{"taxonomy":"product_cat","embeddable":true,"href":"https:\/\/naturalpoland.com\/ko\/wp-json\/wp\/v2\/product_cat?post=46917"},{"taxonomy":"product_tag","embeddable":true,"href":"https:\/\/naturalpoland.com\/ko\/wp-json\/wp\/v2\/product_tag?post=46917"}],"curies":[{"name":"wp","href":"https:\/\/api.w.org\/{rel}","templated":true}]}}