{"id":46992,"date":"2026-03-20T13:31:18","date_gmt":"2026-03-20T12:31:18","guid":{"rendered":"https:\/\/naturalpoland.com\/produkty\/uncategorized\/mct-%ec%98%a4%ec%9d%bc-%ec%bd%94%ec%bd%94%eb%84%9b\/"},"modified":"2026-03-20T13:31:41","modified_gmt":"2026-03-20T12:31:41","slug":"mct-%ec%98%a4%ec%9d%bc-%ec%bd%94%ec%bd%94%eb%84%9b","status":"publish","type":"product","link":"https:\/\/naturalpoland.com\/ko\/je-pum\/sig-yong-mit-hwa-jang-pum-yong-o-il\/mct-%ec%98%a4%ec%9d%bc-%ec%bd%94%ec%bd%94%eb%84%9b\/","title":{"rendered":"MCT \uc624\uc77c (\ucf54\ucf54\ub11b)"},"content":{"rendered":"<h2>MCT \uc624\uc77c\uc758 \ud2b9\uc131<\/h2>\n<p>MCT \uc624\uc77c\uc740 \ubb34\uc0c9, \ubb34\ucde8, \ubb34\ubbf8\uc758 \ud22c\uba85\ud558\uace0 \uc810\ub3c4\uac00 \ub0ae\uc740 \uc561\uccb4 \ud615\ud0dc\uc785\ub2c8\ub2e4. \uc2dd\ud488, \ubcf4\ucda9\uc81c \ubc0f \ud654\uc7a5\ud488 \uc81c\ud615\uc5d0 \uc0ac\uc6a9\ud558\ub3c4\ub85d \uace0\uc548\ub418\uc5c8\uc2b5\ub2c8\ub2e4. \ub192\uc740 \uc21c\ub3c4\uc640 \uc0b0\ud654 \uc548\uc815\uc131(\uacfc\uc0b0\ud654\ubb3c\uac00 &lt;0.1 meq O\u2082\/kg) \ub355\ubd84\uc5d0 \uae30\uc220\uc801\uc73c\ub85c \uc608\uce21 \uac00\ub2a5\ud55c \uc6d0\ub8cc\uc785\ub2c8\ub2e4.  <\/p>\n<h2>MCT \uc624\uc77c\uc758 \ud2b9\uc131 \ubc0f \uc791\uc6a9<\/h2>\n<p>MCT \uc624\uc77c\uc740 \uc911\uc1c4 \uc9c0\ubc29\uc0b0\uc758 \uc874\uc7ac\ub85c \uc778\ud574 \ud2b9\uc815\ud55c \ub300\uc0ac \ud504\ub85c\ud544\uc744 \uac00\uc9c0\uace0 \uc788\uc2b5\ub2c8\ub2e4. \uc7a5\uc1c4 \uc9c0\ubc29\uacfc \ub2ec\ub9ac MCT\ub294 \ube60\ub974\uac8c \ud761\uc218\ub418\uace0 \ub300\uc0ac\ub418\uc5b4 <strong>\uc27d\uac8c \uc774\uc6a9 \uac00\ub2a5\ud55c \uc5d0\ub108\uc9c0\uc6d0<\/strong>\uc774 \ub429\ub2c8\ub2e4. <\/p>\n<p>\uc57d 63%\uc758 \uce74\ud504\ub9b4\uc0b0\uacfc \uc57d 35%\uc758 \uce74\ud504\ub974\uc0b0 \ud568\ub7c9\uc740 \uc601\uc591 \ubcf4\ucda9\uc81c \uc801\uc6a9 \uc2dc \uc81c\ud488\uc758 \uae30\ub2a5\uc131\uc5d0 \uc601\ud5a5\uc744 \ubbf8\uce69\ub2c8\ub2e4. \uc774\ub7ec\ud55c \uc9c0\ubc29\uc740 <strong>\ucf00\ud1a4 \uc0dd\uc131 \uc2dd\ub2e8<\/strong>\uc744 \ud3ec\ud568\ud55c \uae30\ub2a5\uc131 \uc2dd\ub2e8\uc5d0\uc11c \ube60\ub974\uac8c \uc774\uc6a9 \uac00\ub2a5\ud55c \uc5d0\ub108\uc9c0 \uae30\uc9c8\ub85c \uc790\uc8fc \ud65c\uc6a9\ub429\ub2c8\ub2e4. <\/p>\n<p>MCT \uc624\uc77c\uc740 \ub610\ud55c \uc548\uc815\uc131\uc73c\ub85c\ub3c4 \ub192\uc774 \ud3c9\uac00\ub429\ub2c8\ub2e4. \ub0ae\uc740 \uc720\ub9ac \uc9c0\ubc29\uc0b0 \uc218\uce58(\uc0b0\uac00 \uc57d 0.01 mg KOH\/g)\uc640 \ub9e4\uc6b0 \ub0ae\uc740 \uc218\ubd84 \ud568\ub7c9(\uc57d 0.02%)\uc740 \uc624\uc77c\uc758 \ub0b4\uad6c\uc131\uacfc \uc0b0\ud654 \uc800\ud56d\uc131\uc5d0 \uae30\uc5ec\ud569\ub2c8\ub2e4.<\/p>\n<p>\ud654\uc7a5\ud488\uc5d0\uc11c MCT \uc624\uc77c\uc740 <strong>\uac00\ubcbc\uc6b4 \uc5f0\ud654\uc81c<\/strong>\uc774\uc790 \ud65c\uc131 \uc131\ubd84\uc758 \uc6b4\ubc18\uccb4 \uc5ed\ud560\uc744 \ud569\ub2c8\ub2e4. \ub0ae\uc740 \uc810\ub3c4\ub85c \uc778\ud574 \uc798 \ud37c\uc9c0\uace0 \ube60\ub974\uac8c \ud761\uc218\ub418\uba70 \ud53c\ubd80\uc5d0 \ub048\uc801\uc784\uc744 \ub0a8\uae30\uc9c0 \uc54a\uc2b5\ub2c8\ub2e4. \uc885\uc885 \ub354 \ubb34\uac70\uc6b4 \uc2dd\ubb3c\uc131 \uc624\uc77c\uc758 \ub300\uc548\uc73c\ub85c \uc0ac\uc6a9\ub429\ub2c8\ub2e4.  <\/p>\n<h2>\ucf54\ucf54\ub11b MCT \uc624\uc77c\uc758 \uc801\uc6a9<\/h2>\n<p>\uc2dd\ud488 \uc0b0\uc5c5 \ubc0f \uac74\uac15 \ubcf4\uc870 \uc2dd\ud488<\/p>\n<ul>\n<li>\uc5d0\ub108\uc9c0 \ubcf4\ucda9\uc81c \ubc0f \ucf00\ud1a4 \uc0dd\uc131 \uc81c\ud488<\/li>\n<li>\uae30\ub2a5\uc131 \uc74c\ub8cc \ubc0f &#8216;\ubc29\ud0c4 \ucee4\ud53c&#8217;<\/li>\n<li>\uc2dd\ud488 \ucca8\uac00\ubb3c \ubc0f \uc601\uc591 \ubcf4\ucda9\uc81c<\/li>\n<li>\uc6b4\ub3d9\uc120\uc218 \ubc0f \ud65c\ub3d9\uc801\uc778 \uc0ac\ub78c\ub4e4\uc744 \uc704\ud55c \uc81c\ud488<\/li>\n<\/ul>\n<p>\ud654\uc7a5\ud488<\/p>\n<ul>\n<li>\uac00\ubcbc\uc6b4 \ubc14\ub514 \ubc0f \ud398\uc774\uc2a4 \uc624\uc77c<\/li>\n<li>\ubcf4\uc2b5 \ubc0f \uc5f0\ud654 \uc81c\uc81c<\/li>\n<li>\uc138\ub7fc \ubc0f \ud06c\ub9bc\uc758 \ud65c\uc131 \uc131\ubd84 \uc6b4\ubc18\uccb4<\/li>\n<li>\ub9c8\uc0ac\uc9c0 \uc624\uc77c \ubc0f \ud5e4\uc5b4 \ucf00\uc5b4 \uc81c\ud488<\/li>\n<\/ul>\n<p>\uae30\uc220\uc801 \uc801\uc6a9<\/p>\n<ul>\n<li>\ud5a5\ub8cc \ubc0f \ud65c\uc131 \uc131\ubd84 \uc6b4\ubc18\uccb4<\/li>\n<li>\uc548\uc815\uc801\uc778 \uc9c0\uc9c8\uc774 \ud544\uc694\ud55c \uc81c\ud615\uc758 \uc131\ubd84<\/li>\n<li>\uc720\ud1b5 \uae30\ud55c\uc774 \uae34 \uc81c\ud488\uc758 \ubca0\uc774\uc2a4<\/li>\n<\/ul>\n<h2>\uc9c0\ubc29\uc0b0 \uc870\uc131 (GC FAME)<\/h2>\n<div class=\"row row-divided\"  id=\"row-1686498822\">\n\n\t<div id=\"col-1970279476\" class=\"col medium-1\/2 large-6\"  >\n\t\t\t\t<div class=\"col-inner\"  >\n\t\t\t\n\t\t\t\n<h3>\ud56d\ubaa9<\/h3>\n<div class=\"is-divider divider clearfix\" ><\/div>\n<p>\uce74\ud504\ub860\uc0b0 (C6:0)<\/p>\n<p>\uce74\ud504\ub9b4\uc0b0 (C8:0)<\/p>\n<p>\uce74\ud504\ub974\uc0b0 (C10:0)<\/p>\n<p>\ub77c\uc6b0\ub974\uc0b0 (C12:0)<\/p>\n<p>\ubbf8\ub9ac\uc2a4\ud2b8\uc0b0 (C14:0)<\/p>\n\t\t<\/div>\n\t\t\t\t\t<\/div>\n\n\t\n\n\t<div id=\"col-2048314543\" class=\"col medium-1\/2 large-6\"  >\n\t\t\t\t<div class=\"col-inner\"  >\n\t\t\t\n\t\t\t\n<h3>\uacb0\uacfc<\/h3>\n<div class=\"is-divider divider clearfix\" ><\/div>\n<p>0,3%<\/p>\n<p>63,4%<\/p>\n<p>35,8%<\/p>\n<p>0,5%<\/p>\n<p>0,0%<\/p>\n\t\t<\/div>\n\t\t\t\t\t<\/div>\n\n\t\n<\/div>\n","protected":false},"excerpt":{"rendered":"<p><strong>MCT \uc624\uc77c(\uc911\uc1c4 \uc911\uc131\uc9c0\ubc29)<\/strong>\uc740 \ucf54\ucf54\ub11b \uc624\uc77c\uc5d0\uc11c \ubd84\ubcc4 \uacfc\uc815\uc744 \ud1b5\ud574 \uc5bb\uc5b4\uc9c0\ub294 \ud2b9\uc218 \uc624\uc77c\ub85c, \uc774 \uacfc\uc815\uc5d0\uc11c \uc911\uc1c4 \uc9c0\ubc29\uc0b0\uc774 \ubd84\ub9ac\ub429\ub2c8\ub2e4. \uc77c\ubc18\uc801\uc778 \ucf54\ucf54\ub11b \uc624\uc77c\uacfc \ub2ec\ub9ac, \uc774 \uc81c\ud488\uc740 <strong>\uc8fc\ub85c \uce74\ud504\ub9b4\uc0b0<\/strong>(C8) \ubc0f <strong>\uce74\ud504\ub974\uc0b0<\/strong>(C10)\uc758 \uc911\uc131\uc9c0\ubc29\uc744 \ud568\uc720\ud558\uba70, \uc774\ub294 \ud575\uc2ec \uae30\ub2a5\uc131 \uc131\ubd84\uc785\ub2c8\ub2e4. <\/p>\n","protected":false},"featured_media":46993,"template":"","meta":{"_acf_changed":false},"product_brand":[],"product_cat":[8135],"product_tag":[],"class_list":{"0":"post-46992","1":"product","2":"type-product","3":"status-publish","4":"has-post-thumbnail","6":"product_cat-sig-yong-mit-hwa-jang-pum-yong-o-il","7":"pa_czesc-rosliny-11439","9":"first","10":"instock","11":"shipping-taxable","12":"product-type-simple"},"acf":[],"yoast_head":"<!-- This site is optimized with the Yoast SEO plugin v27.5 - https:\/\/yoast.com\/product\/yoast-seo-wordpress\/ -->\n<title>MCT \uc624\uc77c (\ucf54\ucf54\ub11b) - Hurtowy Dystrybutor<\/title>\n<meta name=\"description\" content=\"\ucf54\ucf54\ub11b MCT \uc624\uc77c\uc740 C8 \ubc0f C10 \ud568\ub7c9\uc774 \ub192\uc740 \uc18c\ud654 \uc6a9\uc774 \uc9c0\ubc29\uc785\ub2c8\ub2e4. \ubcf4\ucda9\uc81c, \ud654\uc7a5\ud488, \uae30\ub2a5\uc131 \uc81c\ud488\uc758 \uc6d0\ub8cc\ub85c \uc0ac\uc6a9\ub429\ub2c8\ub2e4.\" \/>\n<meta name=\"robots\" content=\"index, follow, max-snippet:-1, max-image-preview:large, max-video-preview:-1\" \/>\n<link rel=\"canonical\" href=\"https:\/\/naturalpoland.com\/ko\/je-pum\/sig-yong-mit-hwa-jang-pum-yong-o-il\/mct-%ec%98%a4%ec%9d%bc-%ec%bd%94%ec%bd%94%eb%84%9b\/\" \/>\n<meta property=\"og:locale\" content=\"ko_KR\" \/>\n<meta property=\"og:type\" content=\"article\" \/>\n<meta property=\"og:title\" content=\"MCT \uc624\uc77c (\ucf54\ucf54\ub11b) - Hurtowy Dystrybutor\" \/>\n<meta property=\"og:description\" content=\"\ucf54\ucf54\ub11b MCT \uc624\uc77c\uc740 C8 \ubc0f C10 \ud568\ub7c9\uc774 \ub192\uc740 \uc18c\ud654 \uc6a9\uc774 \uc9c0\ubc29\uc785\ub2c8\ub2e4. \ubcf4\ucda9\uc81c, \ud654\uc7a5\ud488, \uae30\ub2a5\uc131 \uc81c\ud488\uc758 \uc6d0\ub8cc\ub85c \uc0ac\uc6a9\ub429\ub2c8\ub2e4.\" \/>\n<meta property=\"og:url\" content=\"https:\/\/naturalpoland.com\/ko\/je-pum\/sig-yong-mit-hwa-jang-pum-yong-o-il\/mct-%ec%98%a4%ec%9d%bc-%ec%bd%94%ec%bd%94%eb%84%9b\/\" \/>\n<meta property=\"og:site_name\" content=\"NATURAL POLAND - Hurtowy Dystrybutor Surowc\u00f3w\" \/>\n<meta property=\"article:publisher\" content=\"https:\/\/www.facebook.com\/naturalpoland.b2b\" \/>\n<meta property=\"article:modified_time\" content=\"2026-03-20T12:31:41+00:00\" \/>\n<meta property=\"og:image\" content=\"https:\/\/naturalpoland.com\/wp-content\/uploads\/olej-mct-z-kokosa.png\" \/>\n\t<meta property=\"og:image:width\" content=\"1024\" \/>\n\t<meta property=\"og:image:height\" content=\"1024\" \/>\n\t<meta property=\"og:image:type\" content=\"image\/png\" \/>\n<script type=\"application\/ld+json\" class=\"yoast-schema-graph\">{\"@context\":\"https:\\\/\\\/schema.org\",\"@graph\":[{\"@type\":\"WebPage\",\"@id\":\"https:\\\/\\\/naturalpoland.com\\\/ko\\\/je-pum\\\/sig-yong-mit-hwa-jang-pum-yong-o-il\\\/mct-%ec%98%a4%ec%9d%bc-%ec%bd%94%ec%bd%94%eb%84%9b\\\/\",\"url\":\"https:\\\/\\\/naturalpoland.com\\\/ko\\\/je-pum\\\/sig-yong-mit-hwa-jang-pum-yong-o-il\\\/mct-%ec%98%a4%ec%9d%bc-%ec%bd%94%ec%bd%94%eb%84%9b\\\/\",\"name\":\"MCT \uc624\uc77c (\ucf54\ucf54\ub11b) - Hurtowy Dystrybutor\",\"isPartOf\":{\"@id\":\"https:\\\/\\\/naturalpoland.com\\\/ko\\\/#website\"},\"primaryImageOfPage\":{\"@id\":\"https:\\\/\\\/naturalpoland.com\\\/ko\\\/je-pum\\\/sig-yong-mit-hwa-jang-pum-yong-o-il\\\/mct-%ec%98%a4%ec%9d%bc-%ec%bd%94%ec%bd%94%eb%84%9b\\\/#primaryimage\"},\"image\":{\"@id\":\"https:\\\/\\\/naturalpoland.com\\\/ko\\\/je-pum\\\/sig-yong-mit-hwa-jang-pum-yong-o-il\\\/mct-%ec%98%a4%ec%9d%bc-%ec%bd%94%ec%bd%94%eb%84%9b\\\/#primaryimage\"},\"thumbnailUrl\":\"https:\\\/\\\/naturalpoland.com\\\/wp-content\\\/uploads\\\/olej-mct-z-kokosa.png\",\"datePublished\":\"2026-03-20T12:31:18+00:00\",\"dateModified\":\"2026-03-20T12:31:41+00:00\",\"description\":\"\ucf54\ucf54\ub11b MCT \uc624\uc77c\uc740 C8 \ubc0f C10 \ud568\ub7c9\uc774 \ub192\uc740 \uc18c\ud654 \uc6a9\uc774 \uc9c0\ubc29\uc785\ub2c8\ub2e4. \ubcf4\ucda9\uc81c, \ud654\uc7a5\ud488, \uae30\ub2a5\uc131 \uc81c\ud488\uc758 \uc6d0\ub8cc\ub85c \uc0ac\uc6a9\ub429\ub2c8\ub2e4.\",\"breadcrumb\":{\"@id\":\"https:\\\/\\\/naturalpoland.com\\\/ko\\\/je-pum\\\/sig-yong-mit-hwa-jang-pum-yong-o-il\\\/mct-%ec%98%a4%ec%9d%bc-%ec%bd%94%ec%bd%94%eb%84%9b\\\/#breadcrumb\"},\"inLanguage\":\"ko-KR\",\"potentialAction\":[{\"@type\":\"ReadAction\",\"target\":[\"https:\\\/\\\/naturalpoland.com\\\/ko\\\/je-pum\\\/sig-yong-mit-hwa-jang-pum-yong-o-il\\\/mct-%ec%98%a4%ec%9d%bc-%ec%bd%94%ec%bd%94%eb%84%9b\\\/\"]}]},{\"@type\":\"ImageObject\",\"inLanguage\":\"ko-KR\",\"@id\":\"https:\\\/\\\/naturalpoland.com\\\/ko\\\/je-pum\\\/sig-yong-mit-hwa-jang-pum-yong-o-il\\\/mct-%ec%98%a4%ec%9d%bc-%ec%bd%94%ec%bd%94%eb%84%9b\\\/#primaryimage\",\"url\":\"https:\\\/\\\/naturalpoland.com\\\/wp-content\\\/uploads\\\/olej-mct-z-kokosa.png\",\"contentUrl\":\"https:\\\/\\\/naturalpoland.com\\\/wp-content\\\/uploads\\\/olej-mct-z-kokosa.png\",\"width\":1024,\"height\":1024,\"caption\":\"\ucf54\ucf54\ub11b MCT \uc624\uc77c\"},{\"@type\":\"BreadcrumbList\",\"@id\":\"https:\\\/\\\/naturalpoland.com\\\/ko\\\/je-pum\\\/sig-yong-mit-hwa-jang-pum-yong-o-il\\\/mct-%ec%98%a4%ec%9d%bc-%ec%bd%94%ec%bd%94%eb%84%9b\\\/#breadcrumb\",\"itemListElement\":[{\"@type\":\"ListItem\",\"position\":1,\"name\":\"\ud648\",\"item\":\"https:\\\/\\\/naturalpoland.com\\\/ko\\\/\"},{\"@type\":\"ListItem\",\"position\":2,\"name\":\"\uc81c\ud488\",\"item\":\"https:\\\/\\\/naturalpoland.com\\\/ko\\\/%ec%a0%9c%ed%92%88\\\/\"},{\"@type\":\"ListItem\",\"position\":3,\"name\":\"MCT \uc624\uc77c (\ucf54\ucf54\ub11b)\"}]},{\"@type\":\"WebSite\",\"@id\":\"https:\\\/\\\/naturalpoland.com\\\/ko\\\/#website\",\"url\":\"https:\\\/\\\/naturalpoland.com\\\/ko\\\/\",\"name\":\"NATURAL POLAND - Hurtowy Dystrybutor Surowc\u00f3w\",\"description\":\"Surowce dla przemys\u0142u spo\u017cywczego, kosmetycznego i farmaceutycznego\",\"publisher\":{\"@id\":\"https:\\\/\\\/naturalpoland.com\\\/ko\\\/#organization\"},\"potentialAction\":[{\"@type\":\"SearchAction\",\"target\":{\"@type\":\"EntryPoint\",\"urlTemplate\":\"https:\\\/\\\/naturalpoland.com\\\/ko\\\/?s={search_term_string}\"},\"query-input\":{\"@type\":\"PropertyValueSpecification\",\"valueRequired\":true,\"valueName\":\"search_term_string\"}}],\"inLanguage\":\"ko-KR\"},{\"@type\":\"Organization\",\"@id\":\"https:\\\/\\\/naturalpoland.com\\\/ko\\\/#organization\",\"name\":\"Natural Poland\",\"url\":\"https:\\\/\\\/naturalpoland.com\\\/ko\\\/\",\"logo\":{\"@type\":\"ImageObject\",\"inLanguage\":\"ko-KR\",\"@id\":\"https:\\\/\\\/naturalpoland.com\\\/ko\\\/#\\\/schema\\\/logo\\\/image\\\/\",\"url\":\"https:\\\/\\\/naturalpoland.com\\\/wp-content\\\/uploads\\\/2021\\\/05\\\/natural-poland-icon.png\",\"contentUrl\":\"https:\\\/\\\/naturalpoland.com\\\/wp-content\\\/uploads\\\/2021\\\/05\\\/natural-poland-icon.png\",\"width\":512,\"height\":512,\"caption\":\"Natural Poland\"},\"image\":{\"@id\":\"https:\\\/\\\/naturalpoland.com\\\/ko\\\/#\\\/schema\\\/logo\\\/image\\\/\"},\"sameAs\":[\"https:\\\/\\\/www.facebook.com\\\/naturalpoland.b2b\",\"https:\\\/\\\/pl.linkedin.com\\\/company\\\/natural-poland\",\"https:\\\/\\\/www.youtube.com\\\/channel\\\/UCgeGGkvOMahZo-xu_MSEWxg\"]}]}<\/script>\n<!-- \/ Yoast SEO plugin. -->","yoast_head_json":{"title":"MCT \uc624\uc77c (\ucf54\ucf54\ub11b) - Hurtowy Dystrybutor","description":"\ucf54\ucf54\ub11b MCT \uc624\uc77c\uc740 C8 \ubc0f C10 \ud568\ub7c9\uc774 \ub192\uc740 \uc18c\ud654 \uc6a9\uc774 \uc9c0\ubc29\uc785\ub2c8\ub2e4. \ubcf4\ucda9\uc81c, \ud654\uc7a5\ud488, \uae30\ub2a5\uc131 \uc81c\ud488\uc758 \uc6d0\ub8cc\ub85c \uc0ac\uc6a9\ub429\ub2c8\ub2e4.","robots":{"index":"index","follow":"follow","max-snippet":"max-snippet:-1","max-image-preview":"max-image-preview:large","max-video-preview":"max-video-preview:-1"},"canonical":"https:\/\/naturalpoland.com\/ko\/je-pum\/sig-yong-mit-hwa-jang-pum-yong-o-il\/mct-%ec%98%a4%ec%9d%bc-%ec%bd%94%ec%bd%94%eb%84%9b\/","og_locale":"ko_KR","og_type":"article","og_title":"MCT \uc624\uc77c (\ucf54\ucf54\ub11b) - Hurtowy Dystrybutor","og_description":"\ucf54\ucf54\ub11b MCT \uc624\uc77c\uc740 C8 \ubc0f C10 \ud568\ub7c9\uc774 \ub192\uc740 \uc18c\ud654 \uc6a9\uc774 \uc9c0\ubc29\uc785\ub2c8\ub2e4. \ubcf4\ucda9\uc81c, \ud654\uc7a5\ud488, \uae30\ub2a5\uc131 \uc81c\ud488\uc758 \uc6d0\ub8cc\ub85c \uc0ac\uc6a9\ub429\ub2c8\ub2e4.","og_url":"https:\/\/naturalpoland.com\/ko\/je-pum\/sig-yong-mit-hwa-jang-pum-yong-o-il\/mct-%ec%98%a4%ec%9d%bc-%ec%bd%94%ec%bd%94%eb%84%9b\/","og_site_name":"NATURAL POLAND - Hurtowy Dystrybutor Surowc\u00f3w","article_publisher":"https:\/\/www.facebook.com\/naturalpoland.b2b","article_modified_time":"2026-03-20T12:31:41+00:00","og_image":[{"width":1024,"height":1024,"url":"https:\/\/naturalpoland.com\/wp-content\/uploads\/olej-mct-z-kokosa.png","type":"image\/png"}],"schema":{"@context":"https:\/\/schema.org","@graph":[{"@type":"WebPage","@id":"https:\/\/naturalpoland.com\/ko\/je-pum\/sig-yong-mit-hwa-jang-pum-yong-o-il\/mct-%ec%98%a4%ec%9d%bc-%ec%bd%94%ec%bd%94%eb%84%9b\/","url":"https:\/\/naturalpoland.com\/ko\/je-pum\/sig-yong-mit-hwa-jang-pum-yong-o-il\/mct-%ec%98%a4%ec%9d%bc-%ec%bd%94%ec%bd%94%eb%84%9b\/","name":"MCT \uc624\uc77c (\ucf54\ucf54\ub11b) - Hurtowy Dystrybutor","isPartOf":{"@id":"https:\/\/naturalpoland.com\/ko\/#website"},"primaryImageOfPage":{"@id":"https:\/\/naturalpoland.com\/ko\/je-pum\/sig-yong-mit-hwa-jang-pum-yong-o-il\/mct-%ec%98%a4%ec%9d%bc-%ec%bd%94%ec%bd%94%eb%84%9b\/#primaryimage"},"image":{"@id":"https:\/\/naturalpoland.com\/ko\/je-pum\/sig-yong-mit-hwa-jang-pum-yong-o-il\/mct-%ec%98%a4%ec%9d%bc-%ec%bd%94%ec%bd%94%eb%84%9b\/#primaryimage"},"thumbnailUrl":"https:\/\/naturalpoland.com\/wp-content\/uploads\/olej-mct-z-kokosa.png","datePublished":"2026-03-20T12:31:18+00:00","dateModified":"2026-03-20T12:31:41+00:00","description":"\ucf54\ucf54\ub11b MCT \uc624\uc77c\uc740 C8 \ubc0f C10 \ud568\ub7c9\uc774 \ub192\uc740 \uc18c\ud654 \uc6a9\uc774 \uc9c0\ubc29\uc785\ub2c8\ub2e4. \ubcf4\ucda9\uc81c, \ud654\uc7a5\ud488, \uae30\ub2a5\uc131 \uc81c\ud488\uc758 \uc6d0\ub8cc\ub85c \uc0ac\uc6a9\ub429\ub2c8\ub2e4.","breadcrumb":{"@id":"https:\/\/naturalpoland.com\/ko\/je-pum\/sig-yong-mit-hwa-jang-pum-yong-o-il\/mct-%ec%98%a4%ec%9d%bc-%ec%bd%94%ec%bd%94%eb%84%9b\/#breadcrumb"},"inLanguage":"ko-KR","potentialAction":[{"@type":"ReadAction","target":["https:\/\/naturalpoland.com\/ko\/je-pum\/sig-yong-mit-hwa-jang-pum-yong-o-il\/mct-%ec%98%a4%ec%9d%bc-%ec%bd%94%ec%bd%94%eb%84%9b\/"]}]},{"@type":"ImageObject","inLanguage":"ko-KR","@id":"https:\/\/naturalpoland.com\/ko\/je-pum\/sig-yong-mit-hwa-jang-pum-yong-o-il\/mct-%ec%98%a4%ec%9d%bc-%ec%bd%94%ec%bd%94%eb%84%9b\/#primaryimage","url":"https:\/\/naturalpoland.com\/wp-content\/uploads\/olej-mct-z-kokosa.png","contentUrl":"https:\/\/naturalpoland.com\/wp-content\/uploads\/olej-mct-z-kokosa.png","width":1024,"height":1024,"caption":"\ucf54\ucf54\ub11b MCT \uc624\uc77c"},{"@type":"BreadcrumbList","@id":"https:\/\/naturalpoland.com\/ko\/je-pum\/sig-yong-mit-hwa-jang-pum-yong-o-il\/mct-%ec%98%a4%ec%9d%bc-%ec%bd%94%ec%bd%94%eb%84%9b\/#breadcrumb","itemListElement":[{"@type":"ListItem","position":1,"name":"\ud648","item":"https:\/\/naturalpoland.com\/ko\/"},{"@type":"ListItem","position":2,"name":"\uc81c\ud488","item":"https:\/\/naturalpoland.com\/ko\/%ec%a0%9c%ed%92%88\/"},{"@type":"ListItem","position":3,"name":"MCT \uc624\uc77c (\ucf54\ucf54\ub11b)"}]},{"@type":"WebSite","@id":"https:\/\/naturalpoland.com\/ko\/#website","url":"https:\/\/naturalpoland.com\/ko\/","name":"NATURAL POLAND - Hurtowy Dystrybutor Surowc\u00f3w","description":"Surowce dla przemys\u0142u spo\u017cywczego, kosmetycznego i farmaceutycznego","publisher":{"@id":"https:\/\/naturalpoland.com\/ko\/#organization"},"potentialAction":[{"@type":"SearchAction","target":{"@type":"EntryPoint","urlTemplate":"https:\/\/naturalpoland.com\/ko\/?s={search_term_string}"},"query-input":{"@type":"PropertyValueSpecification","valueRequired":true,"valueName":"search_term_string"}}],"inLanguage":"ko-KR"},{"@type":"Organization","@id":"https:\/\/naturalpoland.com\/ko\/#organization","name":"Natural Poland","url":"https:\/\/naturalpoland.com\/ko\/","logo":{"@type":"ImageObject","inLanguage":"ko-KR","@id":"https:\/\/naturalpoland.com\/ko\/#\/schema\/logo\/image\/","url":"https:\/\/naturalpoland.com\/wp-content\/uploads\/2021\/05\/natural-poland-icon.png","contentUrl":"https:\/\/naturalpoland.com\/wp-content\/uploads\/2021\/05\/natural-poland-icon.png","width":512,"height":512,"caption":"Natural Poland"},"image":{"@id":"https:\/\/naturalpoland.com\/ko\/#\/schema\/logo\/image\/"},"sameAs":["https:\/\/www.facebook.com\/naturalpoland.b2b","https:\/\/pl.linkedin.com\/company\/natural-poland","https:\/\/www.youtube.com\/channel\/UCgeGGkvOMahZo-xu_MSEWxg"]}]}},"_links":{"self":[{"href":"https:\/\/naturalpoland.com\/ko\/wp-json\/wp\/v2\/product\/46992","targetHints":{"allow":["GET"]}}],"collection":[{"href":"https:\/\/naturalpoland.com\/ko\/wp-json\/wp\/v2\/product"}],"about":[{"href":"https:\/\/naturalpoland.com\/ko\/wp-json\/wp\/v2\/types\/product"}],"wp:featuredmedia":[{"embeddable":true,"href":"https:\/\/naturalpoland.com\/ko\/wp-json\/wp\/v2\/media\/46993"}],"wp:attachment":[{"href":"https:\/\/naturalpoland.com\/ko\/wp-json\/wp\/v2\/media?parent=46992"}],"wp:term":[{"taxonomy":"product_brand","embeddable":true,"href":"https:\/\/naturalpoland.com\/ko\/wp-json\/wp\/v2\/product_brand?post=46992"},{"taxonomy":"product_cat","embeddable":true,"href":"https:\/\/naturalpoland.com\/ko\/wp-json\/wp\/v2\/product_cat?post=46992"},{"taxonomy":"product_tag","embeddable":true,"href":"https:\/\/naturalpoland.com\/ko\/wp-json\/wp\/v2\/product_tag?post=46992"}],"curies":[{"name":"wp","href":"https:\/\/api.w.org\/{rel}","templated":true}]}}