{"id":47024,"date":"2026-03-12T14:42:25","date_gmt":"2026-03-12T13:42:25","guid":{"rendered":"https:\/\/naturalpoland.com\/produkty\/uncategorized\/%ec%bd%94%ec%bd%94%eb%84%9b-%eb%b0%80%ed%81%ac-%ed%8c%8c%ec%9a%b0%eb%8d%94\/"},"modified":"2026-03-20T13:45:36","modified_gmt":"2026-03-20T12:45:36","slug":"%ec%bd%94%ec%bd%94%eb%84%9b-%eb%b0%80%ed%81%ac-%ed%8c%8c%ec%9a%b0%eb%8d%94","status":"publish","type":"product","link":"https:\/\/naturalpoland.com\/ko\/je-pum\/sig-pum-won-ryo\/saeng-san-yong-won-ryo\/%ec%bd%94%ec%bd%94%eb%84%9b-%eb%b0%80%ed%81%ac-%ed%8c%8c%ec%9a%b0%eb%8d%94\/","title":{"rendered":"\ucf54\ucf54\ub11b \ubc00\ud06c \ud30c\uc6b0\ub354"},"content":{"rendered":"<p>\ucf54\ucf54\ub11b \ubc00\ud06c \ud30c\uc6b0\ub354\ub294 \uc2a4\ub9ac\ub791\uce74\uc0b0\uc774\uba70, \uc720\uae30\ub18d \ucf54\ucf54\ub11b \ubc00\ud06c\uc640 \uc720\uae30\ub18d \ud0c0\ud53c\uc624\uce74 \ub9d0\ud1a0\ub371\uc2a4\ud2b8\ub9b0\uc73c\ub85c \ub9cc\ub4e4\uc5b4\uc9d1\ub2c8\ub2e4. \ud0c0\ud53c\uc624\uce74 \ub9d0\ud1a0\ub371\uc2a4\ud2b8\ub9b0\uc740 \ud30c\uc6b0\ub354\uc758 \uad6c\uc870\ub97c \uc548\uc815\ud654\ud558\uace0 \ubb3c\uc5d0 \uc27d\uac8c \uc6a9\ud574\ub418\ub3c4\ub85d \ub3d5\uc2b5\ub2c8\ub2e4. \uc774 \uc6d0\ub8cc\ub294 \ud770\uc0c9 \ub610\ub294 \ud06c\ub9bc\uc0c9\uc758 \uace0\uc6b4 \ud30c\uc6b0\ub354 \ud615\ud0dc\ub85c, \ud2b9\uc720\uc758 \ucf54\ucf54\ub11b \ud5a5\uacfc \ubd80\ub4dc\ub7fd\uace0 \ud06c\ub9ac\ubbf8\ud55c \ub9db\uc774 \ud2b9\uc9d5\uc785\ub2c8\ub2e4. <\/p>\n<h2>\ucf54\ucf54\ub11b \ubc00\ud06c \ud30c\uc6b0\ub354\uc758 \ud2b9\uc131 \ubc0f \ud6a8\ub2a5<\/h2>\n<p>\ucf54\ucf54\ub11b \ubc00\ud06c \ud30c\uc6b0\ub354\ub294 <strong>\ud06c\ub9ac\ubbf8\ud55c \uc9c8\uac10\uacfc \uc9c4\ud55c \ub9db<\/strong>\uc744 \ub0b4\ub294 \ucc9c\uc5f0 \ucf54\ucf54\ub11b \uc9c0\ubc29\uc744 \ub2e4\ub7c9 \ud568\uc720\ud558\uace0 \uc788\uc2b5\ub2c8\ub2e4. \uc81c\ud488\uc758 \uc9c0\ubc29 \ud568\ub7c9\uc740 \uc57d 55~60%\uc785\ub2c8\ub2e4. \uc9c0\ubc29\uc740 \ud48d\ubd80\ud55c \ud48d\ubbf8\ub97c \ubd80\uc5ec\ud558\uba70, \ud06c\ub9ac\ubbf8\ud55c \uc9c8\uac10\uc744 \uc694\uad6c\ud558\ub294 \uc2dd\ud488\uc758 \uc7ac\ub8cc\ub85c \uc801\ud569\ud569\ub2c8\ub2e4.  <\/p>\n<p>\ub610\ud55c, \ucf54\ucf54\ub11b \ubc00\ud06c\uc5d0 \ud568\uc720\ub41c \uc9c0\ubc29\uc740 \uc8fc\ub85c <strong>\uc911\uc1c4 \ud3ec\ud654 \uc9c0\ubc29\uc0b0(MCT)<\/strong>\uc73c\ub85c \uad6c\uc131\ub418\uc5b4 \uc788\uc2b5\ub2c8\ub2e4. \uc774\ub294 \uccb4\ub0b4\uc5d0 \uc27d\uac8c \ud761\uc218\ub418\uba70, \uc2dd\ubb3c\uc131, \ucf00\ud1a0\uc81c\ub2c9 \uc2dd\ub2e8 \ubc0f \uae30\ub2a5\uc131 \uc81c\ud488\uc5d0\uc11c \ube60\ub978 \uc5d0\ub108\uc9c0\uc6d0\uc774 \ub420 \uc218 \uc788\uc2b5\ub2c8\ub2e4. <\/p>\n<p>\uc774 \uc81c\ud488\uc740 \ub610\ud55c \ud0c4\uc218\ud654\ubb3c\uacfc \uc18c\ub7c9\uc758 \ub2e8\ubc31\uc9c8\uc744 \uc81c\uacf5\ud569\ub2c8\ub2e4. 100 g\ub2f9 \uc5d0\ub108\uc9c0 \ud568\ub7c9\uc740 \uc57d 684 kcal\uc785\ub2c8\ub2e4. <\/p>\n<p>\ucc9c\uc5f0 \uc131\ubd84 \ub355\ubd84\uc5d0 \ucf54\ucf54\ub11b \ubc00\ud06c \ud30c\uc6b0\ub354\ub294 \uc2dd\ubb3c\uc131 \uc2dd\ub2e8\uc744 \ub530\ub974\uac70\ub098 \uc720\uc81c\ud488\uc744 \ud53c\ud558\ub294 \uc0ac\ub78c\ub4e4\uc744 \uc704\ud55c \uc81c\ud488\uc5d0 \uc778\uae30 \uc788\ub294 \uc131\ubd84\uc785\ub2c8\ub2e4. GMO\ub97c \ud3ec\ud568\ud558\uc9c0 \uc54a\uc73c\uba70, \uc0dd\uc0b0 \uacfc\uc815\uc5d0\uc11c \ubc29\uc0ac\uc120 \uc870\uc0ac\ub97c \uac70\uce58\uc9c0 \uc54a\uc558\uc2b5\ub2c8\ub2e4. <\/p>\n<h2>\uc801\uc6a9 \ubd84\uc57c:<\/h2>\n<p>\ucf54\ucf54\ub11b \ubc00\ud06c\ub294 \uc2dd\ud488 \uc0b0\uc5c5, \ud2b9\ud788 \ud06c\ub9ac\ubbf8\ud55c \uc9c8\uac10\uacfc \ucc9c\uc5f0 \ucf54\ucf54\ub11b \ud5a5\uc744 \uc694\uad6c\ud558\ub294 \uc81c\ud488\uc5d0 \uc0ac\uc6a9\ub429\ub2c8\ub2e4.<\/p>\n<p>\ub2e4\uc74c\uacfc \uac19\uc740 \uc81c\ud488\uc5d0 \uc0ac\uc6a9\ub420 \uc218 \uc788\uc2b5\ub2c8\ub2e4:<\/p>\n<ul>\n<li>\uc81c\uacfc \ubc0f \ub514\uc800\ud2b8\ub958<\/li>\n<li>\uc544\uc774\uc2a4\ud06c\ub9bc \ubc0f \uc544\uc774\uc2a4\ud06c\ub9bc \ubbf9\uc2a4<\/li>\n<li>\uc2dd\ubb3c\uc131 \uc74c\ub8cc \ubc0f \uc2a4\ubb34\ub514<\/li>\n<li>\uc544\uc2dc\uc544 \uc694\ub9ac \uc18c\uc2a4 \ubc0f \uc74c\uc2dd (\uc608: \uce74\ub808)<\/li>\n<li>\uc2dd\ubb3c\uc131 \uc694\uac70\ud2b8<\/li>\n<li>\ubc14 \ubc0f \uae30\ub2a5\uc131 \uc81c\ud488<\/li>\n<li>\uc778\uc2a4\ud134\ud2b8 \ubbf9\uc2a4 \ubc0f \uac04\ud3b8\uc2dd \uc81c\ud488<\/li>\n<\/ul>\n<p>\ud30c\uc6b0\ub354 \ud615\ud0dc\uc774\ubbc0\ub85c \ubcf4\uad00, \uc6b4\uc1a1 \ubc0f \uacc4\ub7c9\uc774 \uc6a9\uc774\ud569\ub2c8\ub2e4. \ubb3c\uc5d0 \uc6a9\ud574\ud558\uba74 \uc2e0\uc120\ud55c \ucf54\ucf54\ub11b \ubc00\ud06c\uc640 \uc720\uc0ac\ud55c \uc9c8\uac10\uc744 \uc5bb\uc744 \uc218 \uc788\uc2b5\ub2c8\ub2e4. <\/p>\n","protected":false},"excerpt":{"rendered":"<p><strong>\ucf54\ucf54\ub11b \ubc00\ud06c \ud30c\uc6b0\ub354<\/strong>\ub294 \uc2e0\uc120\ud558\uace0 \uc798 \uc775\uc740 \ucf54\ucf54\ub11b\uc5d0\uc11c \ucd94\ucd9c\ud55c \uc2dd\ubb3c\uc131 \uc2dd\ud488 \uc6d0\ub8cc\uc785\ub2c8\ub2e4. \uc0dd\uc0b0 \uacfc\uc815\uc5d0\uc11c \ucf54\ucf54\ub11b \uacfc\uc721\uc5d0\uc11c \uc5bb\uc740 \ucf54\ucf54\ub11b \ubc00\ud06c\ub294 \ubd84\ubb34 \uac74\uc870(spray drying) \ubc29\uc2dd\uc73c\ub85c \uac74\uc870\ub418\uc5b4, \ucc9c\uc5f0 \ub9db, \ud5a5 \ubc0f \uc601\uc591\uac00\ub97c \ubcf4\uc874\ud558\uba74\uc11c \uc0ac\uc6a9\ud558\uae30 \ud3b8\ub9ac\ud55c \ud30c\uc6b0\ub354 \ud615\ud0dc\ub85c \ub9cc\ub4e4\uc5b4\uc9d1\ub2c8\ub2e4. <\/p>\n","protected":false},"featured_media":47025,"template":"","meta":{"_acf_changed":false},"product_brand":[],"product_cat":[8175],"product_tag":[],"class_list":{"0":"post-47024","1":"product","2":"type-product","3":"status-publish","4":"has-post-thumbnail","6":"product_cat-saeng-san-yong-won-ryo","8":"first","9":"instock","10":"shipping-taxable","11":"product-type-simple"},"acf":[],"yoast_head":"<!-- This site is optimized with the Yoast SEO plugin v27.5 - https:\/\/yoast.com\/product\/yoast-seo-wordpress\/ -->\n<title>\ucf54\ucf54\ub11b \ubc00\ud06c \ud30c\uc6b0\ub354 - Hurtowy Dystrybutor<\/title>\n<meta name=\"description\" content=\"\uc720\uae30\ub18d \ucf54\ucf54\ub11b \ubc00\ud06c \ud30c\uc6b0\ub354 \u2013 \ud06c\ub9ac\ubbf8\ud55c \ub9db\uacfc \ub192\uc740 \uc9c0\ubc29 \ud568\ub7c9\uc744 \uc9c0\ub2cc \ucc9c\uc5f0 \uc2dd\ubb3c\uc131 \uc6d0\ub8cc\ub85c, \uc74c\ub8cc \ubc0f \uae30\ud0c0 \uc2dd\ud488\uc5d0 \uc0ac\uc6a9\ub429\ub2c8\ub2e4.\" \/>\n<meta name=\"robots\" content=\"index, follow, max-snippet:-1, max-image-preview:large, max-video-preview:-1\" \/>\n<link rel=\"canonical\" href=\"https:\/\/naturalpoland.com\/ko\/je-pum\/sig-pum-won-ryo\/saeng-san-yong-won-ryo\/%ec%bd%94%ec%bd%94%eb%84%9b-%eb%b0%80%ed%81%ac-%ed%8c%8c%ec%9a%b0%eb%8d%94\/\" \/>\n<meta property=\"og:locale\" content=\"ko_KR\" \/>\n<meta property=\"og:type\" content=\"article\" \/>\n<meta property=\"og:title\" content=\"\ucf54\ucf54\ub11b \ubc00\ud06c \ud30c\uc6b0\ub354 - Hurtowy Dystrybutor\" \/>\n<meta property=\"og:description\" content=\"\uc720\uae30\ub18d \ucf54\ucf54\ub11b \ubc00\ud06c \ud30c\uc6b0\ub354 \u2013 \ud06c\ub9ac\ubbf8\ud55c \ub9db\uacfc \ub192\uc740 \uc9c0\ubc29 \ud568\ub7c9\uc744 \uc9c0\ub2cc \ucc9c\uc5f0 \uc2dd\ubb3c\uc131 \uc6d0\ub8cc\ub85c, \uc74c\ub8cc \ubc0f \uae30\ud0c0 \uc2dd\ud488\uc5d0 \uc0ac\uc6a9\ub429\ub2c8\ub2e4.\" \/>\n<meta property=\"og:url\" content=\"https:\/\/naturalpoland.com\/ko\/je-pum\/sig-pum-won-ryo\/saeng-san-yong-won-ryo\/%ec%bd%94%ec%bd%94%eb%84%9b-%eb%b0%80%ed%81%ac-%ed%8c%8c%ec%9a%b0%eb%8d%94\/\" \/>\n<meta property=\"og:site_name\" content=\"NATURAL POLAND - Hurtowy Dystrybutor Surowc\u00f3w\" \/>\n<meta property=\"article:publisher\" content=\"https:\/\/www.facebook.com\/naturalpoland.b2b\" \/>\n<meta property=\"article:modified_time\" content=\"2026-03-20T12:45:36+00:00\" \/>\n<meta property=\"og:image\" content=\"https:\/\/naturalpoland.com\/wp-content\/uploads\/mleko-kokosowe-w-proszku.png\" \/>\n\t<meta property=\"og:image:width\" content=\"1024\" \/>\n\t<meta property=\"og:image:height\" content=\"1024\" \/>\n\t<meta property=\"og:image:type\" content=\"image\/png\" \/>\n<script type=\"application\/ld+json\" class=\"yoast-schema-graph\">{\"@context\":\"https:\\\/\\\/schema.org\",\"@graph\":[{\"@type\":\"WebPage\",\"@id\":\"https:\\\/\\\/naturalpoland.com\\\/ko\\\/je-pum\\\/sig-pum-won-ryo\\\/saeng-san-yong-won-ryo\\\/%ec%bd%94%ec%bd%94%eb%84%9b-%eb%b0%80%ed%81%ac-%ed%8c%8c%ec%9a%b0%eb%8d%94\\\/\",\"url\":\"https:\\\/\\\/naturalpoland.com\\\/ko\\\/je-pum\\\/sig-pum-won-ryo\\\/saeng-san-yong-won-ryo\\\/%ec%bd%94%ec%bd%94%eb%84%9b-%eb%b0%80%ed%81%ac-%ed%8c%8c%ec%9a%b0%eb%8d%94\\\/\",\"name\":\"\ucf54\ucf54\ub11b \ubc00\ud06c \ud30c\uc6b0\ub354 - Hurtowy Dystrybutor\",\"isPartOf\":{\"@id\":\"https:\\\/\\\/naturalpoland.com\\\/ko\\\/#website\"},\"primaryImageOfPage\":{\"@id\":\"https:\\\/\\\/naturalpoland.com\\\/ko\\\/je-pum\\\/sig-pum-won-ryo\\\/saeng-san-yong-won-ryo\\\/%ec%bd%94%ec%bd%94%eb%84%9b-%eb%b0%80%ed%81%ac-%ed%8c%8c%ec%9a%b0%eb%8d%94\\\/#primaryimage\"},\"image\":{\"@id\":\"https:\\\/\\\/naturalpoland.com\\\/ko\\\/je-pum\\\/sig-pum-won-ryo\\\/saeng-san-yong-won-ryo\\\/%ec%bd%94%ec%bd%94%eb%84%9b-%eb%b0%80%ed%81%ac-%ed%8c%8c%ec%9a%b0%eb%8d%94\\\/#primaryimage\"},\"thumbnailUrl\":\"https:\\\/\\\/naturalpoland.com\\\/wp-content\\\/uploads\\\/mleko-kokosowe-w-proszku.png\",\"datePublished\":\"2026-03-12T13:42:25+00:00\",\"dateModified\":\"2026-03-20T12:45:36+00:00\",\"description\":\"\uc720\uae30\ub18d \ucf54\ucf54\ub11b \ubc00\ud06c \ud30c\uc6b0\ub354 \u2013 \ud06c\ub9ac\ubbf8\ud55c \ub9db\uacfc \ub192\uc740 \uc9c0\ubc29 \ud568\ub7c9\uc744 \uc9c0\ub2cc \ucc9c\uc5f0 \uc2dd\ubb3c\uc131 \uc6d0\ub8cc\ub85c, \uc74c\ub8cc \ubc0f \uae30\ud0c0 \uc2dd\ud488\uc5d0 \uc0ac\uc6a9\ub429\ub2c8\ub2e4.\",\"breadcrumb\":{\"@id\":\"https:\\\/\\\/naturalpoland.com\\\/ko\\\/je-pum\\\/sig-pum-won-ryo\\\/saeng-san-yong-won-ryo\\\/%ec%bd%94%ec%bd%94%eb%84%9b-%eb%b0%80%ed%81%ac-%ed%8c%8c%ec%9a%b0%eb%8d%94\\\/#breadcrumb\"},\"inLanguage\":\"ko-KR\",\"potentialAction\":[{\"@type\":\"ReadAction\",\"target\":[\"https:\\\/\\\/naturalpoland.com\\\/ko\\\/je-pum\\\/sig-pum-won-ryo\\\/saeng-san-yong-won-ryo\\\/%ec%bd%94%ec%bd%94%eb%84%9b-%eb%b0%80%ed%81%ac-%ed%8c%8c%ec%9a%b0%eb%8d%94\\\/\"]}]},{\"@type\":\"ImageObject\",\"inLanguage\":\"ko-KR\",\"@id\":\"https:\\\/\\\/naturalpoland.com\\\/ko\\\/je-pum\\\/sig-pum-won-ryo\\\/saeng-san-yong-won-ryo\\\/%ec%bd%94%ec%bd%94%eb%84%9b-%eb%b0%80%ed%81%ac-%ed%8c%8c%ec%9a%b0%eb%8d%94\\\/#primaryimage\",\"url\":\"https:\\\/\\\/naturalpoland.com\\\/wp-content\\\/uploads\\\/mleko-kokosowe-w-proszku.png\",\"contentUrl\":\"https:\\\/\\\/naturalpoland.com\\\/wp-content\\\/uploads\\\/mleko-kokosowe-w-proszku.png\",\"width\":1024,\"height\":1024,\"caption\":\"\ucf54\ucf54\ub11b \ubc00\ud06c \ud30c\uc6b0\ub354\"},{\"@type\":\"BreadcrumbList\",\"@id\":\"https:\\\/\\\/naturalpoland.com\\\/ko\\\/je-pum\\\/sig-pum-won-ryo\\\/saeng-san-yong-won-ryo\\\/%ec%bd%94%ec%bd%94%eb%84%9b-%eb%b0%80%ed%81%ac-%ed%8c%8c%ec%9a%b0%eb%8d%94\\\/#breadcrumb\",\"itemListElement\":[{\"@type\":\"ListItem\",\"position\":1,\"name\":\"\ud648\",\"item\":\"https:\\\/\\\/naturalpoland.com\\\/ko\\\/\"},{\"@type\":\"ListItem\",\"position\":2,\"name\":\"\uc81c\ud488\",\"item\":\"https:\\\/\\\/naturalpoland.com\\\/ko\\\/%ec%a0%9c%ed%92%88\\\/\"},{\"@type\":\"ListItem\",\"position\":3,\"name\":\"\ucf54\ucf54\ub11b \ubc00\ud06c \ud30c\uc6b0\ub354\"}]},{\"@type\":\"WebSite\",\"@id\":\"https:\\\/\\\/naturalpoland.com\\\/ko\\\/#website\",\"url\":\"https:\\\/\\\/naturalpoland.com\\\/ko\\\/\",\"name\":\"NATURAL POLAND - Hurtowy Dystrybutor Surowc\u00f3w\",\"description\":\"Surowce dla przemys\u0142u spo\u017cywczego, kosmetycznego i farmaceutycznego\",\"publisher\":{\"@id\":\"https:\\\/\\\/naturalpoland.com\\\/ko\\\/#organization\"},\"potentialAction\":[{\"@type\":\"SearchAction\",\"target\":{\"@type\":\"EntryPoint\",\"urlTemplate\":\"https:\\\/\\\/naturalpoland.com\\\/ko\\\/?s={search_term_string}\"},\"query-input\":{\"@type\":\"PropertyValueSpecification\",\"valueRequired\":true,\"valueName\":\"search_term_string\"}}],\"inLanguage\":\"ko-KR\"},{\"@type\":\"Organization\",\"@id\":\"https:\\\/\\\/naturalpoland.com\\\/ko\\\/#organization\",\"name\":\"Natural Poland\",\"url\":\"https:\\\/\\\/naturalpoland.com\\\/ko\\\/\",\"logo\":{\"@type\":\"ImageObject\",\"inLanguage\":\"ko-KR\",\"@id\":\"https:\\\/\\\/naturalpoland.com\\\/ko\\\/#\\\/schema\\\/logo\\\/image\\\/\",\"url\":\"https:\\\/\\\/naturalpoland.com\\\/wp-content\\\/uploads\\\/2021\\\/05\\\/natural-poland-icon.png\",\"contentUrl\":\"https:\\\/\\\/naturalpoland.com\\\/wp-content\\\/uploads\\\/2021\\\/05\\\/natural-poland-icon.png\",\"width\":512,\"height\":512,\"caption\":\"Natural Poland\"},\"image\":{\"@id\":\"https:\\\/\\\/naturalpoland.com\\\/ko\\\/#\\\/schema\\\/logo\\\/image\\\/\"},\"sameAs\":[\"https:\\\/\\\/www.facebook.com\\\/naturalpoland.b2b\",\"https:\\\/\\\/pl.linkedin.com\\\/company\\\/natural-poland\",\"https:\\\/\\\/www.youtube.com\\\/channel\\\/UCgeGGkvOMahZo-xu_MSEWxg\"]}]}<\/script>\n<!-- \/ Yoast SEO plugin. -->","yoast_head_json":{"title":"\ucf54\ucf54\ub11b \ubc00\ud06c \ud30c\uc6b0\ub354 - Hurtowy Dystrybutor","description":"\uc720\uae30\ub18d \ucf54\ucf54\ub11b \ubc00\ud06c \ud30c\uc6b0\ub354 \u2013 \ud06c\ub9ac\ubbf8\ud55c \ub9db\uacfc \ub192\uc740 \uc9c0\ubc29 \ud568\ub7c9\uc744 \uc9c0\ub2cc \ucc9c\uc5f0 \uc2dd\ubb3c\uc131 \uc6d0\ub8cc\ub85c, \uc74c\ub8cc \ubc0f \uae30\ud0c0 \uc2dd\ud488\uc5d0 \uc0ac\uc6a9\ub429\ub2c8\ub2e4.","robots":{"index":"index","follow":"follow","max-snippet":"max-snippet:-1","max-image-preview":"max-image-preview:large","max-video-preview":"max-video-preview:-1"},"canonical":"https:\/\/naturalpoland.com\/ko\/je-pum\/sig-pum-won-ryo\/saeng-san-yong-won-ryo\/%ec%bd%94%ec%bd%94%eb%84%9b-%eb%b0%80%ed%81%ac-%ed%8c%8c%ec%9a%b0%eb%8d%94\/","og_locale":"ko_KR","og_type":"article","og_title":"\ucf54\ucf54\ub11b \ubc00\ud06c \ud30c\uc6b0\ub354 - Hurtowy Dystrybutor","og_description":"\uc720\uae30\ub18d \ucf54\ucf54\ub11b \ubc00\ud06c \ud30c\uc6b0\ub354 \u2013 \ud06c\ub9ac\ubbf8\ud55c \ub9db\uacfc \ub192\uc740 \uc9c0\ubc29 \ud568\ub7c9\uc744 \uc9c0\ub2cc \ucc9c\uc5f0 \uc2dd\ubb3c\uc131 \uc6d0\ub8cc\ub85c, \uc74c\ub8cc \ubc0f \uae30\ud0c0 \uc2dd\ud488\uc5d0 \uc0ac\uc6a9\ub429\ub2c8\ub2e4.","og_url":"https:\/\/naturalpoland.com\/ko\/je-pum\/sig-pum-won-ryo\/saeng-san-yong-won-ryo\/%ec%bd%94%ec%bd%94%eb%84%9b-%eb%b0%80%ed%81%ac-%ed%8c%8c%ec%9a%b0%eb%8d%94\/","og_site_name":"NATURAL POLAND - Hurtowy Dystrybutor Surowc\u00f3w","article_publisher":"https:\/\/www.facebook.com\/naturalpoland.b2b","article_modified_time":"2026-03-20T12:45:36+00:00","og_image":[{"width":1024,"height":1024,"url":"https:\/\/naturalpoland.com\/wp-content\/uploads\/mleko-kokosowe-w-proszku.png","type":"image\/png"}],"schema":{"@context":"https:\/\/schema.org","@graph":[{"@type":"WebPage","@id":"https:\/\/naturalpoland.com\/ko\/je-pum\/sig-pum-won-ryo\/saeng-san-yong-won-ryo\/%ec%bd%94%ec%bd%94%eb%84%9b-%eb%b0%80%ed%81%ac-%ed%8c%8c%ec%9a%b0%eb%8d%94\/","url":"https:\/\/naturalpoland.com\/ko\/je-pum\/sig-pum-won-ryo\/saeng-san-yong-won-ryo\/%ec%bd%94%ec%bd%94%eb%84%9b-%eb%b0%80%ed%81%ac-%ed%8c%8c%ec%9a%b0%eb%8d%94\/","name":"\ucf54\ucf54\ub11b \ubc00\ud06c \ud30c\uc6b0\ub354 - Hurtowy Dystrybutor","isPartOf":{"@id":"https:\/\/naturalpoland.com\/ko\/#website"},"primaryImageOfPage":{"@id":"https:\/\/naturalpoland.com\/ko\/je-pum\/sig-pum-won-ryo\/saeng-san-yong-won-ryo\/%ec%bd%94%ec%bd%94%eb%84%9b-%eb%b0%80%ed%81%ac-%ed%8c%8c%ec%9a%b0%eb%8d%94\/#primaryimage"},"image":{"@id":"https:\/\/naturalpoland.com\/ko\/je-pum\/sig-pum-won-ryo\/saeng-san-yong-won-ryo\/%ec%bd%94%ec%bd%94%eb%84%9b-%eb%b0%80%ed%81%ac-%ed%8c%8c%ec%9a%b0%eb%8d%94\/#primaryimage"},"thumbnailUrl":"https:\/\/naturalpoland.com\/wp-content\/uploads\/mleko-kokosowe-w-proszku.png","datePublished":"2026-03-12T13:42:25+00:00","dateModified":"2026-03-20T12:45:36+00:00","description":"\uc720\uae30\ub18d \ucf54\ucf54\ub11b \ubc00\ud06c \ud30c\uc6b0\ub354 \u2013 \ud06c\ub9ac\ubbf8\ud55c \ub9db\uacfc \ub192\uc740 \uc9c0\ubc29 \ud568\ub7c9\uc744 \uc9c0\ub2cc \ucc9c\uc5f0 \uc2dd\ubb3c\uc131 \uc6d0\ub8cc\ub85c, \uc74c\ub8cc \ubc0f \uae30\ud0c0 \uc2dd\ud488\uc5d0 \uc0ac\uc6a9\ub429\ub2c8\ub2e4.","breadcrumb":{"@id":"https:\/\/naturalpoland.com\/ko\/je-pum\/sig-pum-won-ryo\/saeng-san-yong-won-ryo\/%ec%bd%94%ec%bd%94%eb%84%9b-%eb%b0%80%ed%81%ac-%ed%8c%8c%ec%9a%b0%eb%8d%94\/#breadcrumb"},"inLanguage":"ko-KR","potentialAction":[{"@type":"ReadAction","target":["https:\/\/naturalpoland.com\/ko\/je-pum\/sig-pum-won-ryo\/saeng-san-yong-won-ryo\/%ec%bd%94%ec%bd%94%eb%84%9b-%eb%b0%80%ed%81%ac-%ed%8c%8c%ec%9a%b0%eb%8d%94\/"]}]},{"@type":"ImageObject","inLanguage":"ko-KR","@id":"https:\/\/naturalpoland.com\/ko\/je-pum\/sig-pum-won-ryo\/saeng-san-yong-won-ryo\/%ec%bd%94%ec%bd%94%eb%84%9b-%eb%b0%80%ed%81%ac-%ed%8c%8c%ec%9a%b0%eb%8d%94\/#primaryimage","url":"https:\/\/naturalpoland.com\/wp-content\/uploads\/mleko-kokosowe-w-proszku.png","contentUrl":"https:\/\/naturalpoland.com\/wp-content\/uploads\/mleko-kokosowe-w-proszku.png","width":1024,"height":1024,"caption":"\ucf54\ucf54\ub11b \ubc00\ud06c \ud30c\uc6b0\ub354"},{"@type":"BreadcrumbList","@id":"https:\/\/naturalpoland.com\/ko\/je-pum\/sig-pum-won-ryo\/saeng-san-yong-won-ryo\/%ec%bd%94%ec%bd%94%eb%84%9b-%eb%b0%80%ed%81%ac-%ed%8c%8c%ec%9a%b0%eb%8d%94\/#breadcrumb","itemListElement":[{"@type":"ListItem","position":1,"name":"\ud648","item":"https:\/\/naturalpoland.com\/ko\/"},{"@type":"ListItem","position":2,"name":"\uc81c\ud488","item":"https:\/\/naturalpoland.com\/ko\/%ec%a0%9c%ed%92%88\/"},{"@type":"ListItem","position":3,"name":"\ucf54\ucf54\ub11b \ubc00\ud06c \ud30c\uc6b0\ub354"}]},{"@type":"WebSite","@id":"https:\/\/naturalpoland.com\/ko\/#website","url":"https:\/\/naturalpoland.com\/ko\/","name":"NATURAL POLAND - Hurtowy Dystrybutor Surowc\u00f3w","description":"Surowce dla przemys\u0142u spo\u017cywczego, kosmetycznego i farmaceutycznego","publisher":{"@id":"https:\/\/naturalpoland.com\/ko\/#organization"},"potentialAction":[{"@type":"SearchAction","target":{"@type":"EntryPoint","urlTemplate":"https:\/\/naturalpoland.com\/ko\/?s={search_term_string}"},"query-input":{"@type":"PropertyValueSpecification","valueRequired":true,"valueName":"search_term_string"}}],"inLanguage":"ko-KR"},{"@type":"Organization","@id":"https:\/\/naturalpoland.com\/ko\/#organization","name":"Natural Poland","url":"https:\/\/naturalpoland.com\/ko\/","logo":{"@type":"ImageObject","inLanguage":"ko-KR","@id":"https:\/\/naturalpoland.com\/ko\/#\/schema\/logo\/image\/","url":"https:\/\/naturalpoland.com\/wp-content\/uploads\/2021\/05\/natural-poland-icon.png","contentUrl":"https:\/\/naturalpoland.com\/wp-content\/uploads\/2021\/05\/natural-poland-icon.png","width":512,"height":512,"caption":"Natural Poland"},"image":{"@id":"https:\/\/naturalpoland.com\/ko\/#\/schema\/logo\/image\/"},"sameAs":["https:\/\/www.facebook.com\/naturalpoland.b2b","https:\/\/pl.linkedin.com\/company\/natural-poland","https:\/\/www.youtube.com\/channel\/UCgeGGkvOMahZo-xu_MSEWxg"]}]}},"_links":{"self":[{"href":"https:\/\/naturalpoland.com\/ko\/wp-json\/wp\/v2\/product\/47024","targetHints":{"allow":["GET"]}}],"collection":[{"href":"https:\/\/naturalpoland.com\/ko\/wp-json\/wp\/v2\/product"}],"about":[{"href":"https:\/\/naturalpoland.com\/ko\/wp-json\/wp\/v2\/types\/product"}],"wp:featuredmedia":[{"embeddable":true,"href":"https:\/\/naturalpoland.com\/ko\/wp-json\/wp\/v2\/media\/47025"}],"wp:attachment":[{"href":"https:\/\/naturalpoland.com\/ko\/wp-json\/wp\/v2\/media?parent=47024"}],"wp:term":[{"taxonomy":"product_brand","embeddable":true,"href":"https:\/\/naturalpoland.com\/ko\/wp-json\/wp\/v2\/product_brand?post=47024"},{"taxonomy":"product_cat","embeddable":true,"href":"https:\/\/naturalpoland.com\/ko\/wp-json\/wp\/v2\/product_cat?post=47024"},{"taxonomy":"product_tag","embeddable":true,"href":"https:\/\/naturalpoland.com\/ko\/wp-json\/wp\/v2\/product_tag?post=47024"}],"curies":[{"name":"wp","href":"https:\/\/api.w.org\/{rel}","templated":true}]}}