{"id":47101,"date":"2025-04-22T16:10:19","date_gmt":"2025-04-22T14:10:19","guid":{"rendered":"https:\/\/naturalpoland.com\/produkty\/uncategorized\/%eb%a7%a5%ec%a3%bc-%ed%96%a5\/"},"modified":"2026-03-24T14:57:25","modified_gmt":"2026-03-24T13:57:25","slug":"%eb%a7%a5%ec%a3%bc-%ed%96%a5","status":"publish","type":"product","link":"https:\/\/naturalpoland.com\/ko\/je-pum\/sig-pum-won-ryo\/hyang-ryo\/al-ko-ol-hyang\/%eb%a7%a5%ec%a3%bc-%ed%96%a5\/","title":{"rendered":"\ub9e5\uc8fc \ud5a5"},"content":{"rendered":"<p class=\"\" data-start=\"371\" data-end=\"970\">\uc774 \ud5a5\uc740 \uc8fc\ub85c \uae00\ub9ac\ucf5c \uce90\ub9ac\uc5b4\uc5d0 \ub2f4\uae34 <strong data-start=\"406\" data-end=\"424\">\uc561\uc0c1 \ud615\ud0dc<\/strong>\ub85c \uc81c\uacf5\ub429\ub2c8\ub2e4. \uc2dd\ud488 \ubd84\uc57c\uc5d0\uc11c\ub294 \ubab0\ud2b8\ud615 \ubb34\uc54c\ucf54\uc62c \uc74c\ub8cc, \ub3c5\ud2b9\ud55c \ub9e5\uc8fc \ud5a5\uc774 \ub098\ub294 \uacfc\uc790\ub958, \uadf8\ub9ac\uace0 \ub3c5\ucc3d\uc801\uc774\uace0 \ub4dc\ub77c\uc774\ud55c \ub9db\uc744 \ub354\ud558\ub294 \uc2a4\ub0b5 \ubc0f \uc989\uc11d\uc2dd\ud488 \uc0dd\uc0b0 \ub4f1\uc5d0 \uc0ac\uc6a9\ub429\ub2c8\ub2e4.  <\/p>\n<p class=\"\" data-start=\"972\" data-end=\"1363\">\ub9e5\uc8fc \ud5a5\uc740 \uace0\uc628\uc5d0 \uac15\ud558\uc5ec \uc5f4\ucc98\ub9ac \uacf5\uc815\uc774 \ud544\uc694\ud55c \uacf3\uc5d0 \uc0ac\uc6a9\ud560 \uc218 \uc788\uc2b5\ub2c8\ub2e4. \uc548\uc815\uc131\uc774 \ub6f0\uc5b4\ub098\uba70, \uc54c\ucf54\uc62c\uc774\ub098 \ubc1c\ud6a8 \uacfc\uc815 \uc5c6\uc774 \uc804\ud615\uc801\uc778 \ub9e5\uc8fc \ud48d\ubbf8\ub97c \uc644\ubcbd\ud558\uac8c \uc7ac\ud604\ud569\ub2c8\ub2e4. \ube44\uac74 \uc81c\ud488\uc774\ub098 \uc54c\ucf54\uc62c\uc744 \ud53c\ud558\ub294 \ubd84\ub4e4\uc744 \uc704\ud55c \uc81c\ud488\uc5d0\ub3c4 \ud5a5\ubbf8 \uae30\ub2a5\uc73c\ub85c\ub9cc \uc0ac\uc6a9\ub420 \uc218 \uc788\uc2b5\ub2c8\ub2e4.  <\/p>\n","protected":false},"excerpt":{"rendered":"<p><strong data-start=\"0\" data-end=\"16\">\ub9e5\uc8fc \ud5a5<\/strong>\uc740 \ubc1d\uc740 \ubc1c\ud6a8 \ub9e5\uc8fc\uc758 \uac10\uac01\uc801 \ud504\ub85c\ud30c\uc77c\uc5d0\uc11c \uc601\uac10\uc744 \ubc1b\uc558\uc2b5\ub2c8\ub2e4. \ubcc0\ud615\uc5d0 \ub530\ub77c \ub9e5\uc544 \ud5a5, \uc740\uc740\ud55c \ud649 \ud5a5, \ubbf8\ubb18\ud55c \uc4f4\ub9db \ub610\ub294 \uac10\uc9c0\ud560 \uc218 \uc788\ub294 \ud6a8\ubaa8 \ub258\uc559\uc2a4\ub97c \ud3ec\ud568\ud560 \uc218 \uc788\uc2b5\ub2c8\ub2e4. \ub610\ud55c \uc804\uccb4\uc801\uc778 \uae4a\uc774\uc640 \uc790\uc5f0\uc2a4\ub7ec\uc6c0\uc744 \ub354\ud558\ub294 \ubcf4\ub9ac \ub9e5\uc544\uc758 \uc740\uc740\ud55c \ub2e8\ub9db\ub3c4 \uc790\uc8fc \ub098\ud0c0\ub0a9\ub2c8\ub2e4.  <\/p>\n","protected":false},"featured_media":47102,"template":"","meta":{"_acf_changed":false},"product_brand":[],"product_cat":[8163],"product_tag":[],"class_list":{"0":"post-47101","1":"product","2":"type-product","3":"status-publish","4":"has-post-thumbnail","6":"product_cat-al-ko-ol-hyang","8":"first","9":"instock","10":"shipping-taxable","11":"product-type-simple"},"acf":[],"yoast_head":"<!-- This site is optimized with the Yoast SEO plugin v27.5 - https:\/\/yoast.com\/product\/yoast-seo-wordpress\/ -->\n<title>\ub9e5\uc8fc \ud5a5 - Hurtowy Dystrybutor<\/title>\n<meta name=\"description\" content=\"\ub9e5\uc8fc \ud5a5\uc740 \uace0\uc628\uc5d0 \uac15\ud558\uc5ec \uc5f4\ucc98\ub9ac \uacf5\uc815\uc774 \ud544\uc694\ud55c \uacf3\uc5d0 \uc0ac\uc6a9\ud560 \uc218 \uc788\uc2b5\ub2c8\ub2e4. \uc548\uc815\uc131\uc774 \ub6f0\uc5b4\ub0a9\ub2c8\ub2e4.\" \/>\n<meta name=\"robots\" content=\"index, follow, max-snippet:-1, max-image-preview:large, max-video-preview:-1\" \/>\n<link rel=\"canonical\" href=\"https:\/\/naturalpoland.com\/ko\/je-pum\/sig-pum-won-ryo\/hyang-ryo\/al-ko-ol-hyang\/%eb%a7%a5%ec%a3%bc-%ed%96%a5\/\" \/>\n<meta property=\"og:locale\" content=\"ko_KR\" \/>\n<meta property=\"og:type\" content=\"article\" \/>\n<meta property=\"og:title\" content=\"\ub9e5\uc8fc \ud5a5 - Hurtowy Dystrybutor\" \/>\n<meta property=\"og:description\" content=\"\ub9e5\uc8fc \ud5a5\uc740 \uace0\uc628\uc5d0 \uac15\ud558\uc5ec \uc5f4\ucc98\ub9ac \uacf5\uc815\uc774 \ud544\uc694\ud55c \uacf3\uc5d0 \uc0ac\uc6a9\ud560 \uc218 \uc788\uc2b5\ub2c8\ub2e4. \uc548\uc815\uc131\uc774 \ub6f0\uc5b4\ub0a9\ub2c8\ub2e4.\" \/>\n<meta property=\"og:url\" content=\"https:\/\/naturalpoland.com\/ko\/je-pum\/sig-pum-won-ryo\/hyang-ryo\/al-ko-ol-hyang\/%eb%a7%a5%ec%a3%bc-%ed%96%a5\/\" \/>\n<meta property=\"og:site_name\" content=\"NATURAL POLAND - Hurtowy Dystrybutor Surowc\u00f3w\" \/>\n<meta property=\"article:publisher\" content=\"https:\/\/www.facebook.com\/naturalpoland.b2b\" \/>\n<meta property=\"article:modified_time\" content=\"2026-03-24T13:57:25+00:00\" \/>\n<meta property=\"og:image\" content=\"https:\/\/naturalpoland.com\/wp-content\/uploads\/aromat-piwa.webp\" \/>\n\t<meta property=\"og:image:width\" content=\"1024\" \/>\n\t<meta property=\"og:image:height\" content=\"1024\" \/>\n\t<meta property=\"og:image:type\" content=\"image\/webp\" \/>\n<script type=\"application\/ld+json\" class=\"yoast-schema-graph\">{\"@context\":\"https:\\\/\\\/schema.org\",\"@graph\":[{\"@type\":\"WebPage\",\"@id\":\"https:\\\/\\\/naturalpoland.com\\\/ko\\\/je-pum\\\/sig-pum-won-ryo\\\/hyang-ryo\\\/al-ko-ol-hyang\\\/%eb%a7%a5%ec%a3%bc-%ed%96%a5\\\/\",\"url\":\"https:\\\/\\\/naturalpoland.com\\\/ko\\\/je-pum\\\/sig-pum-won-ryo\\\/hyang-ryo\\\/al-ko-ol-hyang\\\/%eb%a7%a5%ec%a3%bc-%ed%96%a5\\\/\",\"name\":\"\ub9e5\uc8fc \ud5a5 - Hurtowy Dystrybutor\",\"isPartOf\":{\"@id\":\"https:\\\/\\\/naturalpoland.com\\\/ko\\\/#website\"},\"primaryImageOfPage\":{\"@id\":\"https:\\\/\\\/naturalpoland.com\\\/ko\\\/je-pum\\\/sig-pum-won-ryo\\\/hyang-ryo\\\/al-ko-ol-hyang\\\/%eb%a7%a5%ec%a3%bc-%ed%96%a5\\\/#primaryimage\"},\"image\":{\"@id\":\"https:\\\/\\\/naturalpoland.com\\\/ko\\\/je-pum\\\/sig-pum-won-ryo\\\/hyang-ryo\\\/al-ko-ol-hyang\\\/%eb%a7%a5%ec%a3%bc-%ed%96%a5\\\/#primaryimage\"},\"thumbnailUrl\":\"https:\\\/\\\/naturalpoland.com\\\/wp-content\\\/uploads\\\/aromat-piwa.webp\",\"datePublished\":\"2025-04-22T14:10:19+00:00\",\"dateModified\":\"2026-03-24T13:57:25+00:00\",\"description\":\"\ub9e5\uc8fc \ud5a5\uc740 \uace0\uc628\uc5d0 \uac15\ud558\uc5ec \uc5f4\ucc98\ub9ac \uacf5\uc815\uc774 \ud544\uc694\ud55c \uacf3\uc5d0 \uc0ac\uc6a9\ud560 \uc218 \uc788\uc2b5\ub2c8\ub2e4. \uc548\uc815\uc131\uc774 \ub6f0\uc5b4\ub0a9\ub2c8\ub2e4.\",\"breadcrumb\":{\"@id\":\"https:\\\/\\\/naturalpoland.com\\\/ko\\\/je-pum\\\/sig-pum-won-ryo\\\/hyang-ryo\\\/al-ko-ol-hyang\\\/%eb%a7%a5%ec%a3%bc-%ed%96%a5\\\/#breadcrumb\"},\"inLanguage\":\"ko-KR\",\"potentialAction\":[{\"@type\":\"ReadAction\",\"target\":[\"https:\\\/\\\/naturalpoland.com\\\/ko\\\/je-pum\\\/sig-pum-won-ryo\\\/hyang-ryo\\\/al-ko-ol-hyang\\\/%eb%a7%a5%ec%a3%bc-%ed%96%a5\\\/\"]}]},{\"@type\":\"ImageObject\",\"inLanguage\":\"ko-KR\",\"@id\":\"https:\\\/\\\/naturalpoland.com\\\/ko\\\/je-pum\\\/sig-pum-won-ryo\\\/hyang-ryo\\\/al-ko-ol-hyang\\\/%eb%a7%a5%ec%a3%bc-%ed%96%a5\\\/#primaryimage\",\"url\":\"https:\\\/\\\/naturalpoland.com\\\/wp-content\\\/uploads\\\/aromat-piwa.webp\",\"contentUrl\":\"https:\\\/\\\/naturalpoland.com\\\/wp-content\\\/uploads\\\/aromat-piwa.webp\",\"width\":1024,\"height\":1024,\"caption\":\"\ub9e5\uc8fc \ud5a5\"},{\"@type\":\"BreadcrumbList\",\"@id\":\"https:\\\/\\\/naturalpoland.com\\\/ko\\\/je-pum\\\/sig-pum-won-ryo\\\/hyang-ryo\\\/al-ko-ol-hyang\\\/%eb%a7%a5%ec%a3%bc-%ed%96%a5\\\/#breadcrumb\",\"itemListElement\":[{\"@type\":\"ListItem\",\"position\":1,\"name\":\"\ud648\",\"item\":\"https:\\\/\\\/naturalpoland.com\\\/ko\\\/\"},{\"@type\":\"ListItem\",\"position\":2,\"name\":\"\uc81c\ud488\",\"item\":\"https:\\\/\\\/naturalpoland.com\\\/ko\\\/%ec%a0%9c%ed%92%88\\\/\"},{\"@type\":\"ListItem\",\"position\":3,\"name\":\"\ub9e5\uc8fc \ud5a5\"}]},{\"@type\":\"WebSite\",\"@id\":\"https:\\\/\\\/naturalpoland.com\\\/ko\\\/#website\",\"url\":\"https:\\\/\\\/naturalpoland.com\\\/ko\\\/\",\"name\":\"NATURAL POLAND - Hurtowy Dystrybutor Surowc\u00f3w\",\"description\":\"Surowce dla przemys\u0142u spo\u017cywczego, kosmetycznego i farmaceutycznego\",\"publisher\":{\"@id\":\"https:\\\/\\\/naturalpoland.com\\\/ko\\\/#organization\"},\"potentialAction\":[{\"@type\":\"SearchAction\",\"target\":{\"@type\":\"EntryPoint\",\"urlTemplate\":\"https:\\\/\\\/naturalpoland.com\\\/ko\\\/?s={search_term_string}\"},\"query-input\":{\"@type\":\"PropertyValueSpecification\",\"valueRequired\":true,\"valueName\":\"search_term_string\"}}],\"inLanguage\":\"ko-KR\"},{\"@type\":\"Organization\",\"@id\":\"https:\\\/\\\/naturalpoland.com\\\/ko\\\/#organization\",\"name\":\"Natural Poland\",\"url\":\"https:\\\/\\\/naturalpoland.com\\\/ko\\\/\",\"logo\":{\"@type\":\"ImageObject\",\"inLanguage\":\"ko-KR\",\"@id\":\"https:\\\/\\\/naturalpoland.com\\\/ko\\\/#\\\/schema\\\/logo\\\/image\\\/\",\"url\":\"https:\\\/\\\/naturalpoland.com\\\/wp-content\\\/uploads\\\/2021\\\/05\\\/natural-poland-icon.png\",\"contentUrl\":\"https:\\\/\\\/naturalpoland.com\\\/wp-content\\\/uploads\\\/2021\\\/05\\\/natural-poland-icon.png\",\"width\":512,\"height\":512,\"caption\":\"Natural Poland\"},\"image\":{\"@id\":\"https:\\\/\\\/naturalpoland.com\\\/ko\\\/#\\\/schema\\\/logo\\\/image\\\/\"},\"sameAs\":[\"https:\\\/\\\/www.facebook.com\\\/naturalpoland.b2b\",\"https:\\\/\\\/pl.linkedin.com\\\/company\\\/natural-poland\",\"https:\\\/\\\/www.youtube.com\\\/channel\\\/UCgeGGkvOMahZo-xu_MSEWxg\"]}]}<\/script>\n<!-- \/ Yoast SEO plugin. -->","yoast_head_json":{"title":"\ub9e5\uc8fc \ud5a5 - Hurtowy Dystrybutor","description":"\ub9e5\uc8fc \ud5a5\uc740 \uace0\uc628\uc5d0 \uac15\ud558\uc5ec \uc5f4\ucc98\ub9ac \uacf5\uc815\uc774 \ud544\uc694\ud55c \uacf3\uc5d0 \uc0ac\uc6a9\ud560 \uc218 \uc788\uc2b5\ub2c8\ub2e4. \uc548\uc815\uc131\uc774 \ub6f0\uc5b4\ub0a9\ub2c8\ub2e4.","robots":{"index":"index","follow":"follow","max-snippet":"max-snippet:-1","max-image-preview":"max-image-preview:large","max-video-preview":"max-video-preview:-1"},"canonical":"https:\/\/naturalpoland.com\/ko\/je-pum\/sig-pum-won-ryo\/hyang-ryo\/al-ko-ol-hyang\/%eb%a7%a5%ec%a3%bc-%ed%96%a5\/","og_locale":"ko_KR","og_type":"article","og_title":"\ub9e5\uc8fc \ud5a5 - Hurtowy Dystrybutor","og_description":"\ub9e5\uc8fc \ud5a5\uc740 \uace0\uc628\uc5d0 \uac15\ud558\uc5ec \uc5f4\ucc98\ub9ac \uacf5\uc815\uc774 \ud544\uc694\ud55c \uacf3\uc5d0 \uc0ac\uc6a9\ud560 \uc218 \uc788\uc2b5\ub2c8\ub2e4. \uc548\uc815\uc131\uc774 \ub6f0\uc5b4\ub0a9\ub2c8\ub2e4.","og_url":"https:\/\/naturalpoland.com\/ko\/je-pum\/sig-pum-won-ryo\/hyang-ryo\/al-ko-ol-hyang\/%eb%a7%a5%ec%a3%bc-%ed%96%a5\/","og_site_name":"NATURAL POLAND - Hurtowy Dystrybutor Surowc\u00f3w","article_publisher":"https:\/\/www.facebook.com\/naturalpoland.b2b","article_modified_time":"2026-03-24T13:57:25+00:00","og_image":[{"width":1024,"height":1024,"url":"https:\/\/naturalpoland.com\/wp-content\/uploads\/aromat-piwa.webp","type":"image\/webp"}],"schema":{"@context":"https:\/\/schema.org","@graph":[{"@type":"WebPage","@id":"https:\/\/naturalpoland.com\/ko\/je-pum\/sig-pum-won-ryo\/hyang-ryo\/al-ko-ol-hyang\/%eb%a7%a5%ec%a3%bc-%ed%96%a5\/","url":"https:\/\/naturalpoland.com\/ko\/je-pum\/sig-pum-won-ryo\/hyang-ryo\/al-ko-ol-hyang\/%eb%a7%a5%ec%a3%bc-%ed%96%a5\/","name":"\ub9e5\uc8fc \ud5a5 - Hurtowy Dystrybutor","isPartOf":{"@id":"https:\/\/naturalpoland.com\/ko\/#website"},"primaryImageOfPage":{"@id":"https:\/\/naturalpoland.com\/ko\/je-pum\/sig-pum-won-ryo\/hyang-ryo\/al-ko-ol-hyang\/%eb%a7%a5%ec%a3%bc-%ed%96%a5\/#primaryimage"},"image":{"@id":"https:\/\/naturalpoland.com\/ko\/je-pum\/sig-pum-won-ryo\/hyang-ryo\/al-ko-ol-hyang\/%eb%a7%a5%ec%a3%bc-%ed%96%a5\/#primaryimage"},"thumbnailUrl":"https:\/\/naturalpoland.com\/wp-content\/uploads\/aromat-piwa.webp","datePublished":"2025-04-22T14:10:19+00:00","dateModified":"2026-03-24T13:57:25+00:00","description":"\ub9e5\uc8fc \ud5a5\uc740 \uace0\uc628\uc5d0 \uac15\ud558\uc5ec \uc5f4\ucc98\ub9ac \uacf5\uc815\uc774 \ud544\uc694\ud55c \uacf3\uc5d0 \uc0ac\uc6a9\ud560 \uc218 \uc788\uc2b5\ub2c8\ub2e4. \uc548\uc815\uc131\uc774 \ub6f0\uc5b4\ub0a9\ub2c8\ub2e4.","breadcrumb":{"@id":"https:\/\/naturalpoland.com\/ko\/je-pum\/sig-pum-won-ryo\/hyang-ryo\/al-ko-ol-hyang\/%eb%a7%a5%ec%a3%bc-%ed%96%a5\/#breadcrumb"},"inLanguage":"ko-KR","potentialAction":[{"@type":"ReadAction","target":["https:\/\/naturalpoland.com\/ko\/je-pum\/sig-pum-won-ryo\/hyang-ryo\/al-ko-ol-hyang\/%eb%a7%a5%ec%a3%bc-%ed%96%a5\/"]}]},{"@type":"ImageObject","inLanguage":"ko-KR","@id":"https:\/\/naturalpoland.com\/ko\/je-pum\/sig-pum-won-ryo\/hyang-ryo\/al-ko-ol-hyang\/%eb%a7%a5%ec%a3%bc-%ed%96%a5\/#primaryimage","url":"https:\/\/naturalpoland.com\/wp-content\/uploads\/aromat-piwa.webp","contentUrl":"https:\/\/naturalpoland.com\/wp-content\/uploads\/aromat-piwa.webp","width":1024,"height":1024,"caption":"\ub9e5\uc8fc \ud5a5"},{"@type":"BreadcrumbList","@id":"https:\/\/naturalpoland.com\/ko\/je-pum\/sig-pum-won-ryo\/hyang-ryo\/al-ko-ol-hyang\/%eb%a7%a5%ec%a3%bc-%ed%96%a5\/#breadcrumb","itemListElement":[{"@type":"ListItem","position":1,"name":"\ud648","item":"https:\/\/naturalpoland.com\/ko\/"},{"@type":"ListItem","position":2,"name":"\uc81c\ud488","item":"https:\/\/naturalpoland.com\/ko\/%ec%a0%9c%ed%92%88\/"},{"@type":"ListItem","position":3,"name":"\ub9e5\uc8fc \ud5a5"}]},{"@type":"WebSite","@id":"https:\/\/naturalpoland.com\/ko\/#website","url":"https:\/\/naturalpoland.com\/ko\/","name":"NATURAL POLAND - Hurtowy Dystrybutor Surowc\u00f3w","description":"Surowce dla przemys\u0142u spo\u017cywczego, kosmetycznego i farmaceutycznego","publisher":{"@id":"https:\/\/naturalpoland.com\/ko\/#organization"},"potentialAction":[{"@type":"SearchAction","target":{"@type":"EntryPoint","urlTemplate":"https:\/\/naturalpoland.com\/ko\/?s={search_term_string}"},"query-input":{"@type":"PropertyValueSpecification","valueRequired":true,"valueName":"search_term_string"}}],"inLanguage":"ko-KR"},{"@type":"Organization","@id":"https:\/\/naturalpoland.com\/ko\/#organization","name":"Natural Poland","url":"https:\/\/naturalpoland.com\/ko\/","logo":{"@type":"ImageObject","inLanguage":"ko-KR","@id":"https:\/\/naturalpoland.com\/ko\/#\/schema\/logo\/image\/","url":"https:\/\/naturalpoland.com\/wp-content\/uploads\/2021\/05\/natural-poland-icon.png","contentUrl":"https:\/\/naturalpoland.com\/wp-content\/uploads\/2021\/05\/natural-poland-icon.png","width":512,"height":512,"caption":"Natural Poland"},"image":{"@id":"https:\/\/naturalpoland.com\/ko\/#\/schema\/logo\/image\/"},"sameAs":["https:\/\/www.facebook.com\/naturalpoland.b2b","https:\/\/pl.linkedin.com\/company\/natural-poland","https:\/\/www.youtube.com\/channel\/UCgeGGkvOMahZo-xu_MSEWxg"]}]}},"_links":{"self":[{"href":"https:\/\/naturalpoland.com\/ko\/wp-json\/wp\/v2\/product\/47101","targetHints":{"allow":["GET"]}}],"collection":[{"href":"https:\/\/naturalpoland.com\/ko\/wp-json\/wp\/v2\/product"}],"about":[{"href":"https:\/\/naturalpoland.com\/ko\/wp-json\/wp\/v2\/types\/product"}],"wp:featuredmedia":[{"embeddable":true,"href":"https:\/\/naturalpoland.com\/ko\/wp-json\/wp\/v2\/media\/47102"}],"wp:attachment":[{"href":"https:\/\/naturalpoland.com\/ko\/wp-json\/wp\/v2\/media?parent=47101"}],"wp:term":[{"taxonomy":"product_brand","embeddable":true,"href":"https:\/\/naturalpoland.com\/ko\/wp-json\/wp\/v2\/product_brand?post=47101"},{"taxonomy":"product_cat","embeddable":true,"href":"https:\/\/naturalpoland.com\/ko\/wp-json\/wp\/v2\/product_cat?post=47101"},{"taxonomy":"product_tag","embeddable":true,"href":"https:\/\/naturalpoland.com\/ko\/wp-json\/wp\/v2\/product_tag?post=47101"}],"curies":[{"name":"wp","href":"https:\/\/api.w.org\/{rel}","templated":true}]}}