{"id":47109,"date":"2025-04-22T16:15:20","date_gmt":"2025-04-22T14:15:20","guid":{"rendered":"https:\/\/naturalpoland.com\/produkty\/uncategorized\/%ec%84%a0%ec%9d%b8%ec%9e%a5-%ed%96%a5%eb%a3%8c\/"},"modified":"2026-03-24T14:58:19","modified_gmt":"2026-03-24T13:58:19","slug":"%ec%84%a0%ec%9d%b8%ec%9e%a5-%ed%96%a5%eb%a3%8c","status":"publish","type":"product","link":"https:\/\/naturalpoland.com\/ko\/je-pum\/sig-pum-won-ryo\/hyang-ryo\/gwa-il-hyang\/%ec%84%a0%ec%9d%b8%ec%9e%a5-%ed%96%a5%eb%a3%8c\/","title":{"rendered":"\uc120\uc778\uc7a5 \ud5a5\ub8cc"},"content":{"rendered":"<p class=\"\" data-start=\"0\" data-end=\"318\"><strong data-start=\"7\" data-end=\"20\">\uc120\uc778\uc7a5<\/strong> \ud5a5\ub8cc\ub294 \uac15\ub3c4, \ud5a5\ubbf8 \ub178\ud2b8\uc758 \ud2b9\uc131, \ud615\ud0dc(\uc561\uc0c1 \ub610\ub294 \ubd84\ub9d0)\uc5d0 \ub530\ub77c \ub2e4\uc591\ud55c \ubcc0\ud615\uc73c\ub85c \uc81c\uacf5\ub418\uc5b4 \uc2dd\ud488 \uc0b0\uc5c5\uc758 \ud2b9\uc815 \uc6a9\ub3c4\uc5d0 \ub9de\uac8c \uc870\uc815\ud560 \uc218 \uc788\uc2b5\ub2c8\ub2e4. \uc544\ub798\uc5d0 \uac01 \ubcc0\ud615\uc5d0 \ub300\ud55c \uc790\uc138\ud55c \uc124\uba85\uc744 \uc81c\uc2dc\ud569\ub2c8\ub2e4. <\/p>\n<h3 data-start=\"320\" data-end=\"909\"><strong data-start=\"320\" data-end=\"362\">1. \uc561\uc0c1 \uc120\uc778\uc7a5 \ud5a5\ub8cc (\uae00\ub9ac\ucf5c)<\/strong><\/h3>\n<p class=\"\" data-start=\"320\" data-end=\"909\">\uc774\uac83\uc740 \uc2e0\uc120\ud558\uace0 \ub179\uc0c9\uc774\uba70 \uc57d\uac04 \uacfc\uc77c \ud5a5\uc774 \ub098\ub294 \uac00\uc7a5 \ubcf4\ud3b8\uc801\uc778 \ubcc0\ud615\uc785\ub2c8\ub2e4. \ubc31\ub144\ucd08 \uc8fc\uc2a4\uc640 \uc54c\ub85c\uc5d0 \ubca0\ub77c\uc640 \uc720\uc0ac\ud55c \ub178\ud2b8\uc5d0 \uba5c\ub860\uacfc \uc624\uc774\uc758 \uc740\uc740\ud55c \uc545\uc13c\ud2b8\uac00 \ub290\uaef4\uc9d1\ub2c8\ub2e4. \uc12c\uc138\ud55c \ub2e8\ub9db\uacfc \uc0c1\ucf8c\ud55c \uc0b0\ubbf8\uac00 \uc870\ud654\ub97c \uc774\ub8f9\ub2c8\ub2e4. \uc774 \ubcc0\ud615\uc740 \uc720\uc81c\ud488(\uc694\uad6c\ub974\ud2b8, \uce58\uc988), \uc81c\uacfc\ub958(\ud544\ub9c1, \ud06c\ub9bc), \uc774\uc628 \uc74c\ub8cc, \ub808\ubaa8\ub124\uc774\ub4dc \ub610\ub294 \ub2ec\ucf64\ud55c \ud0c4\uc0b0\uc74c\ub8cc\uc5d0 \ud0c1\uc6d4\ud569\ub2c8\ub2e4. \ud504\ub85c\ud544\ub80c\uae00\ub9ac\ucf5c\uc744 \uc6b4\ubc18\uccb4\ub85c \uc0ac\uc6a9\ud558\uc5ec \ud5a5\ub8cc\uac00 \uc218\uc131 \ubc0f \uc720\uc131 \ubca0\uc774\uc2a4\uc640 \uc798 \ud1b5\ud569\ub429\ub2c8\ub2e4.    <\/p>\n<h3 data-start=\"911\" data-end=\"1558\"><strong data-start=\"911\" data-end=\"969\">2. \ub18d\ucd95 \uc120\uc778\uc7a5 \ud5a5\ub8cc (\uc561\uc0c1, \uae00\ub9ac\ucf5c)<\/strong><\/h3>\n<p class=\"\" data-start=\"911\" data-end=\"1558\">\uac15\ub3c4\uac00 \uac15\ud654\ub418\uace0 \ud5a5\ubbf8 \ud504\ub85c\ud544\uc774 \ub354 \uae4a\uc5b4\uc9c4 \ubc84\uc804\uc785\ub2c8\ub2e4. \uc999\uc774 \ub9ce\uace0 \ub179\uc0c9 \uacfc\uc77c \ud5a5\uc774 \ub098\ub294 \ub178\ud2b8\ub97c \uc720\uc9c0\ud558\uc9c0\ub9cc, \ud0a4\uc704, \ubc31\ub144\ucd08, \uccad\ud3ec\ub3c4\uc758 \ud63c\ud569\ubb3c\uacfc \uc2dc\uc6d0\ud558\uace0 \uc2dd\ubb3c\uc131 \ub178\ud2b8\uac00 \uc5f0\uc0c1\ub418\ub294 \uc774\uad6d\uc801\uc778 \uc545\uc13c\ud2b8\uac00 \ub354 \ub450\ub4dc\ub7ec\uc9d1\ub2c8\ub2e4. \uaecc, \ud2b8\ub85c\ud0a4, \ucfe8\ub9c1 \ud6a8\uacfc\uac00 \uc788\ub294 \uc0ac\ud0d5\uacfc \uac19\uc774 \uc120\uba85\ud558\uace0 \uc2e0\uc120\ud55c \ud5a5\uc73c\ub85c \uc990\uac70\uc6c0\uc744 \uc120\uc0ac\ud574\uc57c \ud558\ub294 \uc81c\ud488\uc5d0 \uc774\uc0c1\uc801\uc785\ub2c8\ub2e4. \ub18d\ucd95\ub41c \uc81c\ud615 \ub355\ubd84\uc5d0 \ub354 \uc801\uc740 \uc591\uc73c\ub85c\ub3c4 \ub9db\uc774\ub098 \ud5a5\uc744 \uac15\ud654\ud560 \uc218 \uc788\uc5b4 \uc81c\ud488\uc758 \ub18d\ub3c4\uc5d0 \uc601\ud5a5\uc744 \uc8fc\uc9c0 \uc54a\uace0 \uc774\uc810\uc744 \uc81c\uacf5\ud569\ub2c8\ub2e4.   <\/p>\n<h3 data-start=\"1560\" data-end=\"2055\"><strong data-start=\"1560\" data-end=\"1593\">3. \ubd84\ub9d0 \uc120\uc778\uc7a5 \ud5a5\ub8cc<\/strong><\/h3>\n<p class=\"\" data-start=\"1560\" data-end=\"2055\">\uac74\uc870 \uc2dd\ud488 \ud63c\ud569\ubb3c \ubc0f \uac74\uac15 \ubcf4\uc870 \uc2dd\ud488\uc744 \uc704\ud574 \uac1c\ubc1c\ub41c \ubcc0\ud615\uc785\ub2c8\ub2e4. \ub179\uc0c9 \uc0ac\uacfc, \uc54c\ub85c\uc5d0 \ubca0\ub77c, \uc57d\uac04\uc758 \uc2dc\ud2b8\ub7ec\uc2a4 \uc2e0\uc120\ud568\uc774 \ub290\uaef4\uc9c0\ub294 \uc12c\uc138\ud558\uace0 \ub2ec\ucf64\ud558\uba70 \uc2dd\ubb3c\uc131 \ud5a5\uc774 \ud2b9\uc9d5\uc785\ub2c8\ub2e4. \ubc1c\ud3ec\uc131 \uc815\uc81c, \uc250\uc774\ud06c \ud63c\ud569\ubb3c, \uae30\ub2a5\uc131 \ubc14, \uc778\uc2a4\ud134\ud2b8 \uc81c\ud488(\uc824\ub9ac, \ud478\ub529, \uce75\ud14c\uc77c)\uc5d0 \uc801\ud569\ud569\ub2c8\ub2e4. \ubd84\ub9d0 \ud615\ud0dc\ub294 \ud3b8\ub9ac\ud55c \ud22c\uc5ec\uc640 \uc5b4\ub824\uc6b4 \ubcf4\uad00 \uc870\uac74\uc5d0\uc11c\ub3c4 \ud5a5\ub8cc\uc758 \uae34 \uc720\ud1b5 \uae30\ud55c\uc744 \uac00\ub2a5\ud558\uac8c \ud569\ub2c8\ub2e4.   <\/p>\n<p class=\"\" data-start=\"2057\" data-end=\"2453\">\uac01 \uc120\uc778\uc7a5 \ud5a5\ub8cc \ubcc0\ud615\uc740 \uc120\uc778\uc7a5 \uacfc\uc77c\uc758 \ud2b9\uc9d5\uc801\uc778 \uc2e0\uc120\ud568, \uac00\ubcbc\uc6c0, \uc774\uad6d\uc801\uc778 \ub2e8\ub9db\uc744 \uc804\ub2ec\ud558\uc9c0\ub9cc, \ud2b9\uc815 \ubc84\uc804\uc758 \uc120\ud0dd\uc740 \uc801\uc6a9 \uc720\ud615, \uc608\uc0c1 \uac15\ub3c4 \ubc0f \uc81c\ud615 \ubca0\uc774\uc2a4\uc5d0 \ub530\ub77c \ub2ec\ub77c\uc9d1\ub2c8\ub2e4. \uc774 \ud5a5\ub8cc\ub4e4\uc740 \ud604\ub300 \uc18c\ube44 \ud2b8\ub80c\ub4dc\uc5d0 \ubd80\ud569\ud558\uba70, \ud2b9\ud788 \uc80a\uc740 \ud0c0\uac9f\uce35\uacfc &#8220;\uc0c1\ucf8c\ud568&#8221;, &#8220;\ud574\ub3c5&#8221;, &#8220;\uc5f4\ub300&#8221; \uc720\ud615\uc758 \uc81c\ud488\uc5d0\uc11c \uc778\uae30\uac00 \ub9ce\uc2b5\ub2c8\ub2e4. <\/p>\n","protected":false},"excerpt":{"rendered":"<p><strong data-start=\"0\" data-end=\"20\">\uc120\uc778\uc7a5 \ud5a5\ub8cc<\/strong>\ub294 \uc120\uc778\uc7a5 \uacfc\uc77c, \ud2b9\ud788 \ubc31\ub144\ucd08\uc758 \uc774\uad6d\uc801\uc778 \ud2b9\uc131\uc5d0\uc11c \uc601\uac10\uc744 \uc5bb\uc740 \uc0c1\ucf8c\ud55c \ud5a5\ubbf8 \ud504\ub85c\ud544\uc744 \uc9c0\ub2c8\uace0 \uc788\uc2b5\ub2c8\ub2e4.<\/p>\n","protected":false},"featured_media":47110,"template":"","meta":{"_acf_changed":false},"product_brand":[],"product_cat":[8167],"product_tag":[],"class_list":{"0":"post-47109","1":"product","2":"type-product","3":"status-publish","4":"has-post-thumbnail","6":"product_cat-gwa-il-hyang","8":"first","9":"instock","10":"shipping-taxable","11":"product-type-simple"},"acf":[],"yoast_head":"<!-- This site is optimized with the Yoast SEO plugin v27.5 - https:\/\/yoast.com\/product\/yoast-seo-wordpress\/ -->\n<title>\uc120\uc778\uc7a5 \ud5a5\ub8cc - Hurtowy Dystrybutor<\/title>\n<meta name=\"description\" content=\"\uc120\uc778\uc7a5 \ud5a5\ub8cc\ub294 \uc120\uc778\uc7a5 \uacfc\uc77c\uc758 \uc774\uad6d\uc801\uc778 \ud2b9\uc131\uc5d0\uc11c \uc601\uac10\uc744 \uc5bb\uc740 \uc0c1\ucf8c\ud55c \ud5a5\ubbf8 \ud504\ub85c\ud544\uc744 \uc9c0\ub2c8\uace0 \uc788\uc2b5\ub2c8\ub2e4.\" \/>\n<meta name=\"robots\" content=\"index, follow, max-snippet:-1, max-image-preview:large, max-video-preview:-1\" \/>\n<link rel=\"canonical\" href=\"https:\/\/naturalpoland.com\/ko\/je-pum\/sig-pum-won-ryo\/hyang-ryo\/gwa-il-hyang\/%ec%84%a0%ec%9d%b8%ec%9e%a5-%ed%96%a5%eb%a3%8c\/\" \/>\n<meta property=\"og:locale\" content=\"ko_KR\" \/>\n<meta property=\"og:type\" content=\"article\" \/>\n<meta property=\"og:title\" content=\"\uc120\uc778\uc7a5 \ud5a5\ub8cc - Hurtowy Dystrybutor\" \/>\n<meta property=\"og:description\" content=\"\uc120\uc778\uc7a5 \ud5a5\ub8cc\ub294 \uc120\uc778\uc7a5 \uacfc\uc77c\uc758 \uc774\uad6d\uc801\uc778 \ud2b9\uc131\uc5d0\uc11c \uc601\uac10\uc744 \uc5bb\uc740 \uc0c1\ucf8c\ud55c \ud5a5\ubbf8 \ud504\ub85c\ud544\uc744 \uc9c0\ub2c8\uace0 \uc788\uc2b5\ub2c8\ub2e4.\" \/>\n<meta property=\"og:url\" content=\"https:\/\/naturalpoland.com\/ko\/je-pum\/sig-pum-won-ryo\/hyang-ryo\/gwa-il-hyang\/%ec%84%a0%ec%9d%b8%ec%9e%a5-%ed%96%a5%eb%a3%8c\/\" \/>\n<meta property=\"og:site_name\" content=\"NATURAL POLAND - Hurtowy Dystrybutor Surowc\u00f3w\" \/>\n<meta property=\"article:publisher\" content=\"https:\/\/www.facebook.com\/naturalpoland.b2b\" \/>\n<meta property=\"article:modified_time\" content=\"2026-03-24T13:58:19+00:00\" \/>\n<meta property=\"og:image\" content=\"https:\/\/naturalpoland.com\/wp-content\/uploads\/aromat-kaktusowy.webp\" \/>\n\t<meta property=\"og:image:width\" content=\"1024\" \/>\n\t<meta property=\"og:image:height\" content=\"1024\" \/>\n\t<meta property=\"og:image:type\" content=\"image\/webp\" \/>\n<script type=\"application\/ld+json\" class=\"yoast-schema-graph\">{\"@context\":\"https:\\\/\\\/schema.org\",\"@graph\":[{\"@type\":\"WebPage\",\"@id\":\"https:\\\/\\\/naturalpoland.com\\\/ko\\\/je-pum\\\/sig-pum-won-ryo\\\/hyang-ryo\\\/gwa-il-hyang\\\/%ec%84%a0%ec%9d%b8%ec%9e%a5-%ed%96%a5%eb%a3%8c\\\/\",\"url\":\"https:\\\/\\\/naturalpoland.com\\\/ko\\\/je-pum\\\/sig-pum-won-ryo\\\/hyang-ryo\\\/gwa-il-hyang\\\/%ec%84%a0%ec%9d%b8%ec%9e%a5-%ed%96%a5%eb%a3%8c\\\/\",\"name\":\"\uc120\uc778\uc7a5 \ud5a5\ub8cc - Hurtowy Dystrybutor\",\"isPartOf\":{\"@id\":\"https:\\\/\\\/naturalpoland.com\\\/ko\\\/#website\"},\"primaryImageOfPage\":{\"@id\":\"https:\\\/\\\/naturalpoland.com\\\/ko\\\/je-pum\\\/sig-pum-won-ryo\\\/hyang-ryo\\\/gwa-il-hyang\\\/%ec%84%a0%ec%9d%b8%ec%9e%a5-%ed%96%a5%eb%a3%8c\\\/#primaryimage\"},\"image\":{\"@id\":\"https:\\\/\\\/naturalpoland.com\\\/ko\\\/je-pum\\\/sig-pum-won-ryo\\\/hyang-ryo\\\/gwa-il-hyang\\\/%ec%84%a0%ec%9d%b8%ec%9e%a5-%ed%96%a5%eb%a3%8c\\\/#primaryimage\"},\"thumbnailUrl\":\"https:\\\/\\\/naturalpoland.com\\\/wp-content\\\/uploads\\\/aromat-kaktusowy.webp\",\"datePublished\":\"2025-04-22T14:15:20+00:00\",\"dateModified\":\"2026-03-24T13:58:19+00:00\",\"description\":\"\uc120\uc778\uc7a5 \ud5a5\ub8cc\ub294 \uc120\uc778\uc7a5 \uacfc\uc77c\uc758 \uc774\uad6d\uc801\uc778 \ud2b9\uc131\uc5d0\uc11c \uc601\uac10\uc744 \uc5bb\uc740 \uc0c1\ucf8c\ud55c \ud5a5\ubbf8 \ud504\ub85c\ud544\uc744 \uc9c0\ub2c8\uace0 \uc788\uc2b5\ub2c8\ub2e4.\",\"breadcrumb\":{\"@id\":\"https:\\\/\\\/naturalpoland.com\\\/ko\\\/je-pum\\\/sig-pum-won-ryo\\\/hyang-ryo\\\/gwa-il-hyang\\\/%ec%84%a0%ec%9d%b8%ec%9e%a5-%ed%96%a5%eb%a3%8c\\\/#breadcrumb\"},\"inLanguage\":\"ko-KR\",\"potentialAction\":[{\"@type\":\"ReadAction\",\"target\":[\"https:\\\/\\\/naturalpoland.com\\\/ko\\\/je-pum\\\/sig-pum-won-ryo\\\/hyang-ryo\\\/gwa-il-hyang\\\/%ec%84%a0%ec%9d%b8%ec%9e%a5-%ed%96%a5%eb%a3%8c\\\/\"]}]},{\"@type\":\"ImageObject\",\"inLanguage\":\"ko-KR\",\"@id\":\"https:\\\/\\\/naturalpoland.com\\\/ko\\\/je-pum\\\/sig-pum-won-ryo\\\/hyang-ryo\\\/gwa-il-hyang\\\/%ec%84%a0%ec%9d%b8%ec%9e%a5-%ed%96%a5%eb%a3%8c\\\/#primaryimage\",\"url\":\"https:\\\/\\\/naturalpoland.com\\\/wp-content\\\/uploads\\\/aromat-kaktusowy.webp\",\"contentUrl\":\"https:\\\/\\\/naturalpoland.com\\\/wp-content\\\/uploads\\\/aromat-kaktusowy.webp\",\"width\":1024,\"height\":1024,\"caption\":\"\uc120\uc778\uc7a5 \ud5a5\ub8cc\"},{\"@type\":\"BreadcrumbList\",\"@id\":\"https:\\\/\\\/naturalpoland.com\\\/ko\\\/je-pum\\\/sig-pum-won-ryo\\\/hyang-ryo\\\/gwa-il-hyang\\\/%ec%84%a0%ec%9d%b8%ec%9e%a5-%ed%96%a5%eb%a3%8c\\\/#breadcrumb\",\"itemListElement\":[{\"@type\":\"ListItem\",\"position\":1,\"name\":\"\ud648\",\"item\":\"https:\\\/\\\/naturalpoland.com\\\/ko\\\/\"},{\"@type\":\"ListItem\",\"position\":2,\"name\":\"\uc81c\ud488\",\"item\":\"https:\\\/\\\/naturalpoland.com\\\/ko\\\/%ec%a0%9c%ed%92%88\\\/\"},{\"@type\":\"ListItem\",\"position\":3,\"name\":\"\uc120\uc778\uc7a5 \ud5a5\ub8cc\"}]},{\"@type\":\"WebSite\",\"@id\":\"https:\\\/\\\/naturalpoland.com\\\/ko\\\/#website\",\"url\":\"https:\\\/\\\/naturalpoland.com\\\/ko\\\/\",\"name\":\"NATURAL POLAND - Hurtowy Dystrybutor Surowc\u00f3w\",\"description\":\"Surowce dla przemys\u0142u spo\u017cywczego, kosmetycznego i farmaceutycznego\",\"publisher\":{\"@id\":\"https:\\\/\\\/naturalpoland.com\\\/ko\\\/#organization\"},\"potentialAction\":[{\"@type\":\"SearchAction\",\"target\":{\"@type\":\"EntryPoint\",\"urlTemplate\":\"https:\\\/\\\/naturalpoland.com\\\/ko\\\/?s={search_term_string}\"},\"query-input\":{\"@type\":\"PropertyValueSpecification\",\"valueRequired\":true,\"valueName\":\"search_term_string\"}}],\"inLanguage\":\"ko-KR\"},{\"@type\":\"Organization\",\"@id\":\"https:\\\/\\\/naturalpoland.com\\\/ko\\\/#organization\",\"name\":\"Natural Poland\",\"url\":\"https:\\\/\\\/naturalpoland.com\\\/ko\\\/\",\"logo\":{\"@type\":\"ImageObject\",\"inLanguage\":\"ko-KR\",\"@id\":\"https:\\\/\\\/naturalpoland.com\\\/ko\\\/#\\\/schema\\\/logo\\\/image\\\/\",\"url\":\"https:\\\/\\\/naturalpoland.com\\\/wp-content\\\/uploads\\\/2021\\\/05\\\/natural-poland-icon.png\",\"contentUrl\":\"https:\\\/\\\/naturalpoland.com\\\/wp-content\\\/uploads\\\/2021\\\/05\\\/natural-poland-icon.png\",\"width\":512,\"height\":512,\"caption\":\"Natural Poland\"},\"image\":{\"@id\":\"https:\\\/\\\/naturalpoland.com\\\/ko\\\/#\\\/schema\\\/logo\\\/image\\\/\"},\"sameAs\":[\"https:\\\/\\\/www.facebook.com\\\/naturalpoland.b2b\",\"https:\\\/\\\/pl.linkedin.com\\\/company\\\/natural-poland\",\"https:\\\/\\\/www.youtube.com\\\/channel\\\/UCgeGGkvOMahZo-xu_MSEWxg\"]}]}<\/script>\n<!-- \/ Yoast SEO plugin. -->","yoast_head_json":{"title":"\uc120\uc778\uc7a5 \ud5a5\ub8cc - Hurtowy Dystrybutor","description":"\uc120\uc778\uc7a5 \ud5a5\ub8cc\ub294 \uc120\uc778\uc7a5 \uacfc\uc77c\uc758 \uc774\uad6d\uc801\uc778 \ud2b9\uc131\uc5d0\uc11c \uc601\uac10\uc744 \uc5bb\uc740 \uc0c1\ucf8c\ud55c \ud5a5\ubbf8 \ud504\ub85c\ud544\uc744 \uc9c0\ub2c8\uace0 \uc788\uc2b5\ub2c8\ub2e4.","robots":{"index":"index","follow":"follow","max-snippet":"max-snippet:-1","max-image-preview":"max-image-preview:large","max-video-preview":"max-video-preview:-1"},"canonical":"https:\/\/naturalpoland.com\/ko\/je-pum\/sig-pum-won-ryo\/hyang-ryo\/gwa-il-hyang\/%ec%84%a0%ec%9d%b8%ec%9e%a5-%ed%96%a5%eb%a3%8c\/","og_locale":"ko_KR","og_type":"article","og_title":"\uc120\uc778\uc7a5 \ud5a5\ub8cc - Hurtowy Dystrybutor","og_description":"\uc120\uc778\uc7a5 \ud5a5\ub8cc\ub294 \uc120\uc778\uc7a5 \uacfc\uc77c\uc758 \uc774\uad6d\uc801\uc778 \ud2b9\uc131\uc5d0\uc11c \uc601\uac10\uc744 \uc5bb\uc740 \uc0c1\ucf8c\ud55c \ud5a5\ubbf8 \ud504\ub85c\ud544\uc744 \uc9c0\ub2c8\uace0 \uc788\uc2b5\ub2c8\ub2e4.","og_url":"https:\/\/naturalpoland.com\/ko\/je-pum\/sig-pum-won-ryo\/hyang-ryo\/gwa-il-hyang\/%ec%84%a0%ec%9d%b8%ec%9e%a5-%ed%96%a5%eb%a3%8c\/","og_site_name":"NATURAL POLAND - Hurtowy Dystrybutor Surowc\u00f3w","article_publisher":"https:\/\/www.facebook.com\/naturalpoland.b2b","article_modified_time":"2026-03-24T13:58:19+00:00","og_image":[{"width":1024,"height":1024,"url":"https:\/\/naturalpoland.com\/wp-content\/uploads\/aromat-kaktusowy.webp","type":"image\/webp"}],"schema":{"@context":"https:\/\/schema.org","@graph":[{"@type":"WebPage","@id":"https:\/\/naturalpoland.com\/ko\/je-pum\/sig-pum-won-ryo\/hyang-ryo\/gwa-il-hyang\/%ec%84%a0%ec%9d%b8%ec%9e%a5-%ed%96%a5%eb%a3%8c\/","url":"https:\/\/naturalpoland.com\/ko\/je-pum\/sig-pum-won-ryo\/hyang-ryo\/gwa-il-hyang\/%ec%84%a0%ec%9d%b8%ec%9e%a5-%ed%96%a5%eb%a3%8c\/","name":"\uc120\uc778\uc7a5 \ud5a5\ub8cc - Hurtowy Dystrybutor","isPartOf":{"@id":"https:\/\/naturalpoland.com\/ko\/#website"},"primaryImageOfPage":{"@id":"https:\/\/naturalpoland.com\/ko\/je-pum\/sig-pum-won-ryo\/hyang-ryo\/gwa-il-hyang\/%ec%84%a0%ec%9d%b8%ec%9e%a5-%ed%96%a5%eb%a3%8c\/#primaryimage"},"image":{"@id":"https:\/\/naturalpoland.com\/ko\/je-pum\/sig-pum-won-ryo\/hyang-ryo\/gwa-il-hyang\/%ec%84%a0%ec%9d%b8%ec%9e%a5-%ed%96%a5%eb%a3%8c\/#primaryimage"},"thumbnailUrl":"https:\/\/naturalpoland.com\/wp-content\/uploads\/aromat-kaktusowy.webp","datePublished":"2025-04-22T14:15:20+00:00","dateModified":"2026-03-24T13:58:19+00:00","description":"\uc120\uc778\uc7a5 \ud5a5\ub8cc\ub294 \uc120\uc778\uc7a5 \uacfc\uc77c\uc758 \uc774\uad6d\uc801\uc778 \ud2b9\uc131\uc5d0\uc11c \uc601\uac10\uc744 \uc5bb\uc740 \uc0c1\ucf8c\ud55c \ud5a5\ubbf8 \ud504\ub85c\ud544\uc744 \uc9c0\ub2c8\uace0 \uc788\uc2b5\ub2c8\ub2e4.","breadcrumb":{"@id":"https:\/\/naturalpoland.com\/ko\/je-pum\/sig-pum-won-ryo\/hyang-ryo\/gwa-il-hyang\/%ec%84%a0%ec%9d%b8%ec%9e%a5-%ed%96%a5%eb%a3%8c\/#breadcrumb"},"inLanguage":"ko-KR","potentialAction":[{"@type":"ReadAction","target":["https:\/\/naturalpoland.com\/ko\/je-pum\/sig-pum-won-ryo\/hyang-ryo\/gwa-il-hyang\/%ec%84%a0%ec%9d%b8%ec%9e%a5-%ed%96%a5%eb%a3%8c\/"]}]},{"@type":"ImageObject","inLanguage":"ko-KR","@id":"https:\/\/naturalpoland.com\/ko\/je-pum\/sig-pum-won-ryo\/hyang-ryo\/gwa-il-hyang\/%ec%84%a0%ec%9d%b8%ec%9e%a5-%ed%96%a5%eb%a3%8c\/#primaryimage","url":"https:\/\/naturalpoland.com\/wp-content\/uploads\/aromat-kaktusowy.webp","contentUrl":"https:\/\/naturalpoland.com\/wp-content\/uploads\/aromat-kaktusowy.webp","width":1024,"height":1024,"caption":"\uc120\uc778\uc7a5 \ud5a5\ub8cc"},{"@type":"BreadcrumbList","@id":"https:\/\/naturalpoland.com\/ko\/je-pum\/sig-pum-won-ryo\/hyang-ryo\/gwa-il-hyang\/%ec%84%a0%ec%9d%b8%ec%9e%a5-%ed%96%a5%eb%a3%8c\/#breadcrumb","itemListElement":[{"@type":"ListItem","position":1,"name":"\ud648","item":"https:\/\/naturalpoland.com\/ko\/"},{"@type":"ListItem","position":2,"name":"\uc81c\ud488","item":"https:\/\/naturalpoland.com\/ko\/%ec%a0%9c%ed%92%88\/"},{"@type":"ListItem","position":3,"name":"\uc120\uc778\uc7a5 \ud5a5\ub8cc"}]},{"@type":"WebSite","@id":"https:\/\/naturalpoland.com\/ko\/#website","url":"https:\/\/naturalpoland.com\/ko\/","name":"NATURAL POLAND - Hurtowy Dystrybutor Surowc\u00f3w","description":"Surowce dla przemys\u0142u spo\u017cywczego, kosmetycznego i farmaceutycznego","publisher":{"@id":"https:\/\/naturalpoland.com\/ko\/#organization"},"potentialAction":[{"@type":"SearchAction","target":{"@type":"EntryPoint","urlTemplate":"https:\/\/naturalpoland.com\/ko\/?s={search_term_string}"},"query-input":{"@type":"PropertyValueSpecification","valueRequired":true,"valueName":"search_term_string"}}],"inLanguage":"ko-KR"},{"@type":"Organization","@id":"https:\/\/naturalpoland.com\/ko\/#organization","name":"Natural Poland","url":"https:\/\/naturalpoland.com\/ko\/","logo":{"@type":"ImageObject","inLanguage":"ko-KR","@id":"https:\/\/naturalpoland.com\/ko\/#\/schema\/logo\/image\/","url":"https:\/\/naturalpoland.com\/wp-content\/uploads\/2021\/05\/natural-poland-icon.png","contentUrl":"https:\/\/naturalpoland.com\/wp-content\/uploads\/2021\/05\/natural-poland-icon.png","width":512,"height":512,"caption":"Natural Poland"},"image":{"@id":"https:\/\/naturalpoland.com\/ko\/#\/schema\/logo\/image\/"},"sameAs":["https:\/\/www.facebook.com\/naturalpoland.b2b","https:\/\/pl.linkedin.com\/company\/natural-poland","https:\/\/www.youtube.com\/channel\/UCgeGGkvOMahZo-xu_MSEWxg"]}]}},"_links":{"self":[{"href":"https:\/\/naturalpoland.com\/ko\/wp-json\/wp\/v2\/product\/47109","targetHints":{"allow":["GET"]}}],"collection":[{"href":"https:\/\/naturalpoland.com\/ko\/wp-json\/wp\/v2\/product"}],"about":[{"href":"https:\/\/naturalpoland.com\/ko\/wp-json\/wp\/v2\/types\/product"}],"wp:featuredmedia":[{"embeddable":true,"href":"https:\/\/naturalpoland.com\/ko\/wp-json\/wp\/v2\/media\/47110"}],"wp:attachment":[{"href":"https:\/\/naturalpoland.com\/ko\/wp-json\/wp\/v2\/media?parent=47109"}],"wp:term":[{"taxonomy":"product_brand","embeddable":true,"href":"https:\/\/naturalpoland.com\/ko\/wp-json\/wp\/v2\/product_brand?post=47109"},{"taxonomy":"product_cat","embeddable":true,"href":"https:\/\/naturalpoland.com\/ko\/wp-json\/wp\/v2\/product_cat?post=47109"},{"taxonomy":"product_tag","embeddable":true,"href":"https:\/\/naturalpoland.com\/ko\/wp-json\/wp\/v2\/product_tag?post=47109"}],"curies":[{"name":"wp","href":"https:\/\/api.w.org\/{rel}","templated":true}]}}