{"id":47111,"date":"2025-03-06T15:12:17","date_gmt":"2025-03-06T14:12:17","guid":{"rendered":"https:\/\/naturalpoland.com\/produkty\/uncategorized\/%eb%ac%b4%ea%b8%b0-%ec%95%88%eb%a3%8c\/"},"modified":"2026-03-24T14:58:38","modified_gmt":"2026-03-24T13:58:38","slug":"%eb%ac%b4%ea%b8%b0-%ec%95%88%eb%a3%8c","status":"publish","type":"product","link":"https:\/\/naturalpoland.com\/ko\/je-pum\/hwa-jang-pum-won-ryo\/hwa-jang-pum-saek-so\/%eb%ac%b4%ea%b8%b0-%ec%95%88%eb%a3%8c\/","title":{"rendered":"\ubb34\uae30 \uc548\ub8cc"},"content":{"rendered":"<h2>\ubb34\uae30 \uc548\ub8cc\uc758 \uc7a5\uc810:<\/h2>\n<ul>\n<li>\ud53c\ubd80 \ubc0f \uc0c9\uc870 \ud654\uc7a5\ud488\uc5d0 \uc548\uc804\ud558\uac8c \uc0ac\uc6a9 \uac00\ub2a5<\/li>\n<li>\ub6f0\uc5b4\ub09c \ucee4\ubc84\ub825\uacfc \uac15\ub82c\ud55c \uc0c9\uc0c1 \uc81c\uacf5<\/li>\n<li>\ube5b\uacfc \uc628\ub3c4\uc5d0 \ub300\ud55c \uc800\ud56d\uc131<\/li>\n<li>\ud654\ud559\uc801\uc73c\ub85c \uc548\uc815\uc801\uc774\uba70 \ub2e4\ub978 \ud654\uc7a5\ud488 \uc131\ubd84\uacfc \ubc18\uc751\ud558\uc9c0 \uc54a\uc74c<\/li>\n<li>\ubb3c\uacfc \uc624\uc77c\uc5d0 \ub179\uc9c0 \uc54a\uc544 \ud53c\ubd80 \ud45c\uba74\uc5d0 \uc720\uc9c0\ub428<\/li>\n<li>\uc800\uc790\uadf9\uc131\uc73c\ub85c \uc54c\ub808\ub974\uae30 \ubc18\uc751\uc744 \uac70\uc758 \uc720\ubc1c\ud558\uc9c0 \uc54a\uc74c<\/li>\n<li>\uc720\uae30 \uc548\ub8cc\ubcf4\ub2e4 \ud53c\ubd80\uc5d0 \ub354 \uc624\ub798 \uc720\uc9c0\ub428<\/li>\n<li>\uac00\uacf5 \ud615\ud0dc\uc5d0 \ub530\ub77c \ubb34\uad11 \ub610\ub294 \uc9c4\uc8fc\uad11\uc744 \ub0bc \uc218 \uc788\uc74c<\/li>\n<\/ul>\n<h2>\ubb34\uae30 \uc548\ub8cc\uc758 \uc885\ub958:<\/h2>\n<h3>1. \uc0b0\ud654\ucca0<\/h3>\n<p>\uac00\uc7a5 \uc778\uae30 \uc788\ub294 \ud654\uc7a5\ud488 \uc548\ub8cc \uc911 \ud558\ub098\uc785\ub2c8\ub2e4. \ud53c\ubd80\uc5d0 \uc548\uc815\uc801\uc774\uace0 \uc548\uc804\ud558\uc5ec \ubbf8\ub124\ub784 \ubc0f \uc720\uae30\ub18d \ud654\uc7a5\ud488\uc5d0 \uad8c\uc7a5\ub429\ub2c8\ub2e4. \ub2e4\uc591\ud55c \uc0c9\uc870\ub85c \uc81c\uacf5\ub429\ub2c8\ub2e4:  <\/p>\n<ol>\n<li style=\"list-style-type: none;\">\n<ul>\n<li>\ub178\ub780\uc0c9 (C.I. 77492) \u2013 \ud30c\uc6b4\ub370\uc774\uc158, \ucee8\uc2e4\ub7ec, \ud30c\uc6b0\ub354, \uc544\uc774\uc100\ub3c4, \ub9bd\uc2a4\ud2f1\uc5d0 \uc0ac\uc6a9<\/li>\n<li>\ube68\uac04\uc0c9 (C.I. 77491) \u2013 \ube14\ub7ec\uc154, \ub9bd\uc2a4\ud2f1, \ub9e4\ub2c8\ud050\uc5b4, \ud5e4\uc5b4 \uceec\ub7ec\ub9c1 \uc81c\ud488\uc5d0 \uc0ac\uc6a9<\/li>\n<li>\uac08\uc0c9 (C.I. 77491, 77492, 77499) \u2013 \ube0c\ub860\uc800, \ud30c\uc6b0\ub354, \ub208\uc379 \ud654\uc7a5\ud488, \ucee8\ud22c\uc5b4\ub9c1 \uc81c\ud488\uc758 \ud575\uc2ec \uc548\ub8cc<\/li>\n<li>\uac80\uc740\uc0c9 (C.I. 77499) \u2013 \ub9c8\uc2a4\uce74\ub77c, \uc544\uc774\ub77c\uc774\ub108, \uc544\uc774\ud39c\uc2ac, \ub208\uc379 \ud654\uc7a5\ud488\uc758 \uae30\ubcf8 \uc131\ubd84<\/li>\n<\/ul>\n<\/li>\n<\/ol>\n<h3>2. \uc6b8\ud2b8\ub77c\ub9c8\ub9b0<\/h3>\n<p>\ucc9c\uc5f0 \uc720\ub798 \uc548\ub8cc\uc785\ub2c8\ub2e4. \ube5b\uacfc \uc628\ub3c4\uc5d0 \uac15\ud558\uc9c0\ub9cc \uc0b0\uc5d0 \ubbfc\uac10\ud560 \uc218 \uc788\uc73c\ubbc0\ub85c \uc77c\ubd80 \uc81c\ud488\uc5d0\uc11c\ub294 \ud2b9\uc218 \uc548\uc815\uc81c\uac00 \ud544\uc694\ud560 \uc218 \uc788\uc2b5\ub2c8\ub2e4. \uc6b8\ud2b8\ub77c\ub9c8\ub9b0\uc740 \uac15\ub82c\ud55c \ud30c\ub780\uc0c9, \ubcf4\ub77c\uc0c9, \ubd84\ud64d\uc0c9 \uc0c9\uc870\ub97c \uac00\uc9d1\ub2c8\ub2e4:  <\/p>\n<ul>\n<li style=\"list-style-type: none;\">\n<ul>\n<li>\uc6b8\ud2b8\ub77c\ub9c8\ub9b0 \ube14\ub8e8 (C.I. 77007) \u2013 \uc544\uc774\uc100\ub3c4, \ub9e4\ub2c8\ud050\uc5b4, \uc544\uc774\ub77c\uc774\ub108\uc5d0 \uc0ac\uc6a9<\/li>\n<li>\uc6b8\ud2b8\ub77c\ub9c8\ub9b0 \ubc14\uc774\uc62c\ub81b \ubc0f \ud551\ud06c (C.I. 77007) \u2013 \ubcfc \ube14\ub7ec\uc154, \ub9bd\uc2a4\ud2f1, \uc544\uc774\uc100\ub3c4\uc5d0 \uc0c9\uc0c1 \ubd80\uc5ec<\/li>\n<\/ul>\n<\/li>\n<\/ul>\n<h3>3. \ud504\ub7ec\uc2dc\uc548 \ube14\ub8e8 (C.I. 77510)<\/h3>\n<p>\uc8fc\ub85c \uc544\uc774\uc100\ub3c4, \uc544\uc774\ub77c\uc774\ub108, \ub9c8\uc2a4\uce74\ub77c\uc640 \uac19\uc740 \ub208 \ud654\uc7a5\ud488 \ubc0f \ud5e4\uc5b4 \uceec\ub7ec\ub9c1 \uc81c\ud488\uc5d0 \uc0ac\uc6a9\ub418\ub294 \uac15\ub82c\ud55c \ud30c\ub780\uc0c9 \uc548\ub8cc\uc785\ub2c8\ub2e4.<\/p>\n<h3>4. \ud770\uc0c9 \uc548\ub8cc<\/h3>\n<ul>\n<li style=\"list-style-type: none;\">\n<ul>\n<li>\uc774\uc0b0\ud654\ud2f0\ud0c0\ub284 (C.I. 77891) &#8211; \ud30c\uc6b4\ub370\uc774\uc158, \ucee8\uc2e4\ub7ec, \ud30c\uc6b0\ub354, BB \ud06c\ub9bc, \uc790\uc678\uc120 \ucc28\ub2e8\uc81c (UV \ubc18\uc0ac), \ub9bd\uc2a4\ud2f1, \uc544\uc774\uc100\ub3c4\uc5d0 \ub110\ub9ac \uc0ac\uc6a9\ub418\ub294 \uc548\ub8cc<\/li>\n<li>\uc0b0\ud654\uc544\uc5f0 (C.I. 77947) &#8211; \uc790\uc678\uc120 \ucc28\ub2e8\uc81c, \ud30c\uc6b0\ub354 \ubc0f \ubbfc\uac10\uc131 \ud53c\ubd80\uc6a9 \ud30c\uc6b0\ub354\uc5d0 \uc0ac\uc6a9<\/li>\n<\/ul>\n<\/li>\n<\/ul>\n<h2>\ud654\uc7a5\ud488\uc5d0 \ubb34\uae30 \uc548\ub8cc \uc801\uc6a9:<\/h2>\n<ul>\n<li>\uba54\uc774\ud06c\uc5c5 \u2013 \ud30c\uc6b4\ub370\uc774\uc158, \ucee8\uc2e4\ub7ec, \uc544\uc774\uc100\ub3c4, \ub9bd\uc2a4\ud2f1, \ube14\ub7ec\uc154, \ub208\uc379 \ud39c\uc2ac<\/li>\n<li>\ud5e4\uc5b4 \uceec\ub7ec\ub9c1 \u2013 \uc5fc\uc0c9\uc57d \ubc0f \ud1a0\ub108<\/li>\n<li>\ub124\uc77c \uc81c\ud488 \u2013 \ub9e4\ub2c8\ud050\uc5b4, \ubca0\uc774\uc2a4 \ucf54\ud2b8, \ud0d1 \ucf54\ud2b8<\/li>\n<li>\uc2a4\ud0a8\ucf00\uc5b4 \ud654\uc7a5\ud488 \u2013 \ud30c\uc6b0\ub354, \ube0c\ub860\uc800, \uc790\uc678\uc120 \ucc28\ub2e8\uc81c<\/li>\n<\/ul>\n","protected":false},"excerpt":{"rendered":"<p><strong>\ubb34\uae30 \ud654\uc7a5\ud488 \uc548\ub8cc<\/strong>\ub294 \ud654\ud559\uc801, \ubb3c\ub9ac\uc801\uc73c\ub85c \uc548\uc815\uc801\uc774\uba70 \ube5b, \uc628\ub3c4 \ubc0f \ud654\ud559\uc801 \uc694\uc778\uc5d0 \uac15\ud569\ub2c8\ub2e4. \uba54\uc774\ud06c\uc5c5, \uc2a4\ud0a8\ucf00\uc5b4, \ub124\uc77c \uc81c\ud488, \uc5fc\uc0c9\uc57d \ub4f1 \ub2e4\uc591\ud55c \ud654\uc7a5\ud488\uc758 \ucc29\uc0c9\uc5d0 \uc0ac\uc6a9\ub429\ub2c8\ub2e4. \ubb34\uae30 \uc548\ub8cc\ub294 \uc8fc\ub85c \ubbf8\ub124\ub784\uacfc \uae08\uc18d \uc0b0\ud654\ubb3c\ub85c \uad6c\uc131\ub429\ub2c8\ub2e4.  <\/p>\n","protected":false},"featured_media":47112,"template":"","meta":{"_acf_changed":false},"product_brand":[],"product_cat":[8147],"product_tag":[],"class_list":{"0":"post-47111","1":"product","2":"type-product","3":"status-publish","4":"has-post-thumbnail","6":"product_cat-hwa-jang-pum-saek-so","8":"first","9":"instock","10":"shipping-taxable","11":"product-type-simple"},"acf":[],"yoast_head":"<!-- This site is optimized with the Yoast SEO plugin v27.6 - https:\/\/yoast.com\/product\/yoast-seo-wordpress\/ -->\n<title>\ubb34\uae30 \uc548\ub8cc - Hurtowy Dystrybutor<\/title>\n<meta name=\"description\" content=\"\ubb34\uae30 \uc548\ub8cc\ub294 \uc0c9\uc870 \ud654\uc7a5\ud488\uc5d0 \uc0ac\uc6a9\ub418\ub294 \uc8fc\uc694 \ucc29\uc0c9\uc81c\uc785\ub2c8\ub2e4. \uc548\uc815\uc801\uc774\uace0 \ub0b4\uad6c\uc131\uc774 \ub6f0\uc5b4\ub098\uba70 \uc548\uc804\ud558\uba70 \ubcf4\uc874\uc131\uc774 \uc88b\uc2b5\ub2c8\ub2e4.\" \/>\n<meta name=\"robots\" content=\"index, follow, max-snippet:-1, max-image-preview:large, max-video-preview:-1\" \/>\n<link rel=\"canonical\" href=\"https:\/\/naturalpoland.com\/ko\/je-pum\/hwa-jang-pum-won-ryo\/hwa-jang-pum-saek-so\/%eb%ac%b4%ea%b8%b0-%ec%95%88%eb%a3%8c\/\" \/>\n<meta property=\"og:locale\" content=\"ko_KR\" \/>\n<meta property=\"og:type\" content=\"article\" \/>\n<meta property=\"og:title\" content=\"\ubb34\uae30 \uc548\ub8cc - Hurtowy Dystrybutor\" \/>\n<meta property=\"og:description\" content=\"\ubb34\uae30 \uc548\ub8cc\ub294 \uc0c9\uc870 \ud654\uc7a5\ud488\uc5d0 \uc0ac\uc6a9\ub418\ub294 \uc8fc\uc694 \ucc29\uc0c9\uc81c\uc785\ub2c8\ub2e4. \uc548\uc815\uc801\uc774\uace0 \ub0b4\uad6c\uc131\uc774 \ub6f0\uc5b4\ub098\uba70 \uc548\uc804\ud558\uba70 \ubcf4\uc874\uc131\uc774 \uc88b\uc2b5\ub2c8\ub2e4.\" \/>\n<meta property=\"og:url\" content=\"https:\/\/naturalpoland.com\/ko\/je-pum\/hwa-jang-pum-won-ryo\/hwa-jang-pum-saek-so\/%eb%ac%b4%ea%b8%b0-%ec%95%88%eb%a3%8c\/\" \/>\n<meta property=\"og:site_name\" content=\"NATURAL POLAND - Hurtowy Dystrybutor Surowc\u00f3w\" \/>\n<meta property=\"article:publisher\" content=\"https:\/\/www.facebook.com\/naturalpoland.b2b\" \/>\n<meta property=\"article:modified_time\" content=\"2026-03-24T13:58:38+00:00\" \/>\n<meta property=\"og:image\" content=\"https:\/\/naturalpoland.com\/wp-content\/uploads\/pigmenty-nieorganiczne.webp\" \/>\n\t<meta property=\"og:image:width\" content=\"821\" \/>\n\t<meta property=\"og:image:height\" content=\"821\" \/>\n\t<meta property=\"og:image:type\" content=\"image\/webp\" \/>\n<script type=\"application\/ld+json\" class=\"yoast-schema-graph\">{\"@context\":\"https:\\\/\\\/schema.org\",\"@graph\":[{\"@type\":\"WebPage\",\"@id\":\"https:\\\/\\\/naturalpoland.com\\\/ko\\\/je-pum\\\/hwa-jang-pum-won-ryo\\\/hwa-jang-pum-saek-so\\\/%eb%ac%b4%ea%b8%b0-%ec%95%88%eb%a3%8c\\\/\",\"url\":\"https:\\\/\\\/naturalpoland.com\\\/ko\\\/je-pum\\\/hwa-jang-pum-won-ryo\\\/hwa-jang-pum-saek-so\\\/%eb%ac%b4%ea%b8%b0-%ec%95%88%eb%a3%8c\\\/\",\"name\":\"\ubb34\uae30 \uc548\ub8cc - Hurtowy Dystrybutor\",\"isPartOf\":{\"@id\":\"https:\\\/\\\/naturalpoland.com\\\/ko\\\/#website\"},\"primaryImageOfPage\":{\"@id\":\"https:\\\/\\\/naturalpoland.com\\\/ko\\\/je-pum\\\/hwa-jang-pum-won-ryo\\\/hwa-jang-pum-saek-so\\\/%eb%ac%b4%ea%b8%b0-%ec%95%88%eb%a3%8c\\\/#primaryimage\"},\"image\":{\"@id\":\"https:\\\/\\\/naturalpoland.com\\\/ko\\\/je-pum\\\/hwa-jang-pum-won-ryo\\\/hwa-jang-pum-saek-so\\\/%eb%ac%b4%ea%b8%b0-%ec%95%88%eb%a3%8c\\\/#primaryimage\"},\"thumbnailUrl\":\"https:\\\/\\\/naturalpoland.com\\\/wp-content\\\/uploads\\\/pigmenty-nieorganiczne.webp\",\"datePublished\":\"2025-03-06T14:12:17+00:00\",\"dateModified\":\"2026-03-24T13:58:38+00:00\",\"description\":\"\ubb34\uae30 \uc548\ub8cc\ub294 \uc0c9\uc870 \ud654\uc7a5\ud488\uc5d0 \uc0ac\uc6a9\ub418\ub294 \uc8fc\uc694 \ucc29\uc0c9\uc81c\uc785\ub2c8\ub2e4. \uc548\uc815\uc801\uc774\uace0 \ub0b4\uad6c\uc131\uc774 \ub6f0\uc5b4\ub098\uba70 \uc548\uc804\ud558\uba70 \ubcf4\uc874\uc131\uc774 \uc88b\uc2b5\ub2c8\ub2e4.\",\"breadcrumb\":{\"@id\":\"https:\\\/\\\/naturalpoland.com\\\/ko\\\/je-pum\\\/hwa-jang-pum-won-ryo\\\/hwa-jang-pum-saek-so\\\/%eb%ac%b4%ea%b8%b0-%ec%95%88%eb%a3%8c\\\/#breadcrumb\"},\"inLanguage\":\"ko-KR\",\"potentialAction\":[{\"@type\":\"ReadAction\",\"target\":[\"https:\\\/\\\/naturalpoland.com\\\/ko\\\/je-pum\\\/hwa-jang-pum-won-ryo\\\/hwa-jang-pum-saek-so\\\/%eb%ac%b4%ea%b8%b0-%ec%95%88%eb%a3%8c\\\/\"]}]},{\"@type\":\"ImageObject\",\"inLanguage\":\"ko-KR\",\"@id\":\"https:\\\/\\\/naturalpoland.com\\\/ko\\\/je-pum\\\/hwa-jang-pum-won-ryo\\\/hwa-jang-pum-saek-so\\\/%eb%ac%b4%ea%b8%b0-%ec%95%88%eb%a3%8c\\\/#primaryimage\",\"url\":\"https:\\\/\\\/naturalpoland.com\\\/wp-content\\\/uploads\\\/pigmenty-nieorganiczne.webp\",\"contentUrl\":\"https:\\\/\\\/naturalpoland.com\\\/wp-content\\\/uploads\\\/pigmenty-nieorganiczne.webp\",\"width\":821,\"height\":821,\"caption\":\"\ubb34\uae30 \uc548\ub8cc\"},{\"@type\":\"BreadcrumbList\",\"@id\":\"https:\\\/\\\/naturalpoland.com\\\/ko\\\/je-pum\\\/hwa-jang-pum-won-ryo\\\/hwa-jang-pum-saek-so\\\/%eb%ac%b4%ea%b8%b0-%ec%95%88%eb%a3%8c\\\/#breadcrumb\",\"itemListElement\":[{\"@type\":\"ListItem\",\"position\":1,\"name\":\"\ud648\",\"item\":\"https:\\\/\\\/naturalpoland.com\\\/ko\\\/\"},{\"@type\":\"ListItem\",\"position\":2,\"name\":\"\uc81c\ud488\",\"item\":\"https:\\\/\\\/naturalpoland.com\\\/ko\\\/%ec%a0%9c%ed%92%88\\\/\"},{\"@type\":\"ListItem\",\"position\":3,\"name\":\"\ubb34\uae30 \uc548\ub8cc\"}]},{\"@type\":\"WebSite\",\"@id\":\"https:\\\/\\\/naturalpoland.com\\\/ko\\\/#website\",\"url\":\"https:\\\/\\\/naturalpoland.com\\\/ko\\\/\",\"name\":\"NATURAL POLAND - Hurtowy Dystrybutor Surowc\u00f3w\",\"description\":\"Surowce dla przemys\u0142u spo\u017cywczego, kosmetycznego i farmaceutycznego\",\"publisher\":{\"@id\":\"https:\\\/\\\/naturalpoland.com\\\/ko\\\/#organization\"},\"potentialAction\":[{\"@type\":\"SearchAction\",\"target\":{\"@type\":\"EntryPoint\",\"urlTemplate\":\"https:\\\/\\\/naturalpoland.com\\\/ko\\\/?s={search_term_string}\"},\"query-input\":{\"@type\":\"PropertyValueSpecification\",\"valueRequired\":true,\"valueName\":\"search_term_string\"}}],\"inLanguage\":\"ko-KR\"},{\"@type\":\"Organization\",\"@id\":\"https:\\\/\\\/naturalpoland.com\\\/ko\\\/#organization\",\"name\":\"Natural Poland\",\"url\":\"https:\\\/\\\/naturalpoland.com\\\/ko\\\/\",\"logo\":{\"@type\":\"ImageObject\",\"inLanguage\":\"ko-KR\",\"@id\":\"https:\\\/\\\/naturalpoland.com\\\/ko\\\/#\\\/schema\\\/logo\\\/image\\\/\",\"url\":\"https:\\\/\\\/naturalpoland.com\\\/wp-content\\\/uploads\\\/2021\\\/05\\\/natural-poland-icon.png\",\"contentUrl\":\"https:\\\/\\\/naturalpoland.com\\\/wp-content\\\/uploads\\\/2021\\\/05\\\/natural-poland-icon.png\",\"width\":512,\"height\":512,\"caption\":\"Natural Poland\"},\"image\":{\"@id\":\"https:\\\/\\\/naturalpoland.com\\\/ko\\\/#\\\/schema\\\/logo\\\/image\\\/\"},\"sameAs\":[\"https:\\\/\\\/www.facebook.com\\\/naturalpoland.b2b\",\"https:\\\/\\\/pl.linkedin.com\\\/company\\\/natural-poland\",\"https:\\\/\\\/www.youtube.com\\\/channel\\\/UCgeGGkvOMahZo-xu_MSEWxg\"]}]}<\/script>\n<!-- \/ Yoast SEO plugin. -->","yoast_head_json":{"title":"\ubb34\uae30 \uc548\ub8cc - Hurtowy Dystrybutor","description":"\ubb34\uae30 \uc548\ub8cc\ub294 \uc0c9\uc870 \ud654\uc7a5\ud488\uc5d0 \uc0ac\uc6a9\ub418\ub294 \uc8fc\uc694 \ucc29\uc0c9\uc81c\uc785\ub2c8\ub2e4. \uc548\uc815\uc801\uc774\uace0 \ub0b4\uad6c\uc131\uc774 \ub6f0\uc5b4\ub098\uba70 \uc548\uc804\ud558\uba70 \ubcf4\uc874\uc131\uc774 \uc88b\uc2b5\ub2c8\ub2e4.","robots":{"index":"index","follow":"follow","max-snippet":"max-snippet:-1","max-image-preview":"max-image-preview:large","max-video-preview":"max-video-preview:-1"},"canonical":"https:\/\/naturalpoland.com\/ko\/je-pum\/hwa-jang-pum-won-ryo\/hwa-jang-pum-saek-so\/%eb%ac%b4%ea%b8%b0-%ec%95%88%eb%a3%8c\/","og_locale":"ko_KR","og_type":"article","og_title":"\ubb34\uae30 \uc548\ub8cc - Hurtowy Dystrybutor","og_description":"\ubb34\uae30 \uc548\ub8cc\ub294 \uc0c9\uc870 \ud654\uc7a5\ud488\uc5d0 \uc0ac\uc6a9\ub418\ub294 \uc8fc\uc694 \ucc29\uc0c9\uc81c\uc785\ub2c8\ub2e4. \uc548\uc815\uc801\uc774\uace0 \ub0b4\uad6c\uc131\uc774 \ub6f0\uc5b4\ub098\uba70 \uc548\uc804\ud558\uba70 \ubcf4\uc874\uc131\uc774 \uc88b\uc2b5\ub2c8\ub2e4.","og_url":"https:\/\/naturalpoland.com\/ko\/je-pum\/hwa-jang-pum-won-ryo\/hwa-jang-pum-saek-so\/%eb%ac%b4%ea%b8%b0-%ec%95%88%eb%a3%8c\/","og_site_name":"NATURAL POLAND - Hurtowy Dystrybutor Surowc\u00f3w","article_publisher":"https:\/\/www.facebook.com\/naturalpoland.b2b","article_modified_time":"2026-03-24T13:58:38+00:00","og_image":[{"width":821,"height":821,"url":"https:\/\/naturalpoland.com\/wp-content\/uploads\/pigmenty-nieorganiczne.webp","type":"image\/webp"}],"schema":{"@context":"https:\/\/schema.org","@graph":[{"@type":"WebPage","@id":"https:\/\/naturalpoland.com\/ko\/je-pum\/hwa-jang-pum-won-ryo\/hwa-jang-pum-saek-so\/%eb%ac%b4%ea%b8%b0-%ec%95%88%eb%a3%8c\/","url":"https:\/\/naturalpoland.com\/ko\/je-pum\/hwa-jang-pum-won-ryo\/hwa-jang-pum-saek-so\/%eb%ac%b4%ea%b8%b0-%ec%95%88%eb%a3%8c\/","name":"\ubb34\uae30 \uc548\ub8cc - Hurtowy Dystrybutor","isPartOf":{"@id":"https:\/\/naturalpoland.com\/ko\/#website"},"primaryImageOfPage":{"@id":"https:\/\/naturalpoland.com\/ko\/je-pum\/hwa-jang-pum-won-ryo\/hwa-jang-pum-saek-so\/%eb%ac%b4%ea%b8%b0-%ec%95%88%eb%a3%8c\/#primaryimage"},"image":{"@id":"https:\/\/naturalpoland.com\/ko\/je-pum\/hwa-jang-pum-won-ryo\/hwa-jang-pum-saek-so\/%eb%ac%b4%ea%b8%b0-%ec%95%88%eb%a3%8c\/#primaryimage"},"thumbnailUrl":"https:\/\/naturalpoland.com\/wp-content\/uploads\/pigmenty-nieorganiczne.webp","datePublished":"2025-03-06T14:12:17+00:00","dateModified":"2026-03-24T13:58:38+00:00","description":"\ubb34\uae30 \uc548\ub8cc\ub294 \uc0c9\uc870 \ud654\uc7a5\ud488\uc5d0 \uc0ac\uc6a9\ub418\ub294 \uc8fc\uc694 \ucc29\uc0c9\uc81c\uc785\ub2c8\ub2e4. \uc548\uc815\uc801\uc774\uace0 \ub0b4\uad6c\uc131\uc774 \ub6f0\uc5b4\ub098\uba70 \uc548\uc804\ud558\uba70 \ubcf4\uc874\uc131\uc774 \uc88b\uc2b5\ub2c8\ub2e4.","breadcrumb":{"@id":"https:\/\/naturalpoland.com\/ko\/je-pum\/hwa-jang-pum-won-ryo\/hwa-jang-pum-saek-so\/%eb%ac%b4%ea%b8%b0-%ec%95%88%eb%a3%8c\/#breadcrumb"},"inLanguage":"ko-KR","potentialAction":[{"@type":"ReadAction","target":["https:\/\/naturalpoland.com\/ko\/je-pum\/hwa-jang-pum-won-ryo\/hwa-jang-pum-saek-so\/%eb%ac%b4%ea%b8%b0-%ec%95%88%eb%a3%8c\/"]}]},{"@type":"ImageObject","inLanguage":"ko-KR","@id":"https:\/\/naturalpoland.com\/ko\/je-pum\/hwa-jang-pum-won-ryo\/hwa-jang-pum-saek-so\/%eb%ac%b4%ea%b8%b0-%ec%95%88%eb%a3%8c\/#primaryimage","url":"https:\/\/naturalpoland.com\/wp-content\/uploads\/pigmenty-nieorganiczne.webp","contentUrl":"https:\/\/naturalpoland.com\/wp-content\/uploads\/pigmenty-nieorganiczne.webp","width":821,"height":821,"caption":"\ubb34\uae30 \uc548\ub8cc"},{"@type":"BreadcrumbList","@id":"https:\/\/naturalpoland.com\/ko\/je-pum\/hwa-jang-pum-won-ryo\/hwa-jang-pum-saek-so\/%eb%ac%b4%ea%b8%b0-%ec%95%88%eb%a3%8c\/#breadcrumb","itemListElement":[{"@type":"ListItem","position":1,"name":"\ud648","item":"https:\/\/naturalpoland.com\/ko\/"},{"@type":"ListItem","position":2,"name":"\uc81c\ud488","item":"https:\/\/naturalpoland.com\/ko\/%ec%a0%9c%ed%92%88\/"},{"@type":"ListItem","position":3,"name":"\ubb34\uae30 \uc548\ub8cc"}]},{"@type":"WebSite","@id":"https:\/\/naturalpoland.com\/ko\/#website","url":"https:\/\/naturalpoland.com\/ko\/","name":"NATURAL POLAND - Hurtowy Dystrybutor Surowc\u00f3w","description":"Surowce dla przemys\u0142u spo\u017cywczego, kosmetycznego i farmaceutycznego","publisher":{"@id":"https:\/\/naturalpoland.com\/ko\/#organization"},"potentialAction":[{"@type":"SearchAction","target":{"@type":"EntryPoint","urlTemplate":"https:\/\/naturalpoland.com\/ko\/?s={search_term_string}"},"query-input":{"@type":"PropertyValueSpecification","valueRequired":true,"valueName":"search_term_string"}}],"inLanguage":"ko-KR"},{"@type":"Organization","@id":"https:\/\/naturalpoland.com\/ko\/#organization","name":"Natural Poland","url":"https:\/\/naturalpoland.com\/ko\/","logo":{"@type":"ImageObject","inLanguage":"ko-KR","@id":"https:\/\/naturalpoland.com\/ko\/#\/schema\/logo\/image\/","url":"https:\/\/naturalpoland.com\/wp-content\/uploads\/2021\/05\/natural-poland-icon.png","contentUrl":"https:\/\/naturalpoland.com\/wp-content\/uploads\/2021\/05\/natural-poland-icon.png","width":512,"height":512,"caption":"Natural Poland"},"image":{"@id":"https:\/\/naturalpoland.com\/ko\/#\/schema\/logo\/image\/"},"sameAs":["https:\/\/www.facebook.com\/naturalpoland.b2b","https:\/\/pl.linkedin.com\/company\/natural-poland","https:\/\/www.youtube.com\/channel\/UCgeGGkvOMahZo-xu_MSEWxg"]}]}},"_links":{"self":[{"href":"https:\/\/naturalpoland.com\/ko\/wp-json\/wp\/v2\/product\/47111","targetHints":{"allow":["GET"]}}],"collection":[{"href":"https:\/\/naturalpoland.com\/ko\/wp-json\/wp\/v2\/product"}],"about":[{"href":"https:\/\/naturalpoland.com\/ko\/wp-json\/wp\/v2\/types\/product"}],"wp:featuredmedia":[{"embeddable":true,"href":"https:\/\/naturalpoland.com\/ko\/wp-json\/wp\/v2\/media\/47112"}],"wp:attachment":[{"href":"https:\/\/naturalpoland.com\/ko\/wp-json\/wp\/v2\/media?parent=47111"}],"wp:term":[{"taxonomy":"product_brand","embeddable":true,"href":"https:\/\/naturalpoland.com\/ko\/wp-json\/wp\/v2\/product_brand?post=47111"},{"taxonomy":"product_cat","embeddable":true,"href":"https:\/\/naturalpoland.com\/ko\/wp-json\/wp\/v2\/product_cat?post=47111"},{"taxonomy":"product_tag","embeddable":true,"href":"https:\/\/naturalpoland.com\/ko\/wp-json\/wp\/v2\/product_tag?post=47111"}],"curies":[{"name":"wp","href":"https:\/\/api.w.org\/{rel}","templated":true}]}}