{"id":47115,"date":"2025-04-22T15:50:27","date_gmt":"2025-04-22T13:50:27","guid":{"rendered":"https:\/\/naturalpoland.com\/produkty\/uncategorized\/%eb%9d%bc%ec%a6%88%eb%b2%a0%eb%a6%ac-%ed%96%a5%eb%a3%8c\/"},"modified":"2026-03-24T14:58:46","modified_gmt":"2026-03-24T13:58:46","slug":"%eb%9d%bc%ec%a6%88%eb%b2%a0%eb%a6%ac-%ed%96%a5%eb%a3%8c","status":"publish","type":"product","link":"https:\/\/naturalpoland.com\/ko\/je-pum\/sig-pum-won-ryo\/hyang-ryo\/gwa-il-hyang\/%eb%9d%bc%ec%a6%88%eb%b2%a0%eb%a6%ac-%ed%96%a5%eb%a3%8c\/","title":{"rendered":"\ub77c\uc988\ubca0\ub9ac \ud5a5\ub8cc"},"content":{"rendered":"<p data-start=\"397\" data-end=\"893\">\ub2e4\uc591\ud55c \uc751\uc6a9 \ubd84\uc57c\uc758 \uc694\uad6c\uc5d0 \ub9de\ucdb0 \uc5ec\ub7ec \uac00\uc9c0 \ub77c\uc988\ubca0\ub9ac \ud5a5\ub8cc \ubcc0\ud615 \uc81c\ud488\uc744 \uc81c\uacf5\ud569\ub2c8\ub2e4.<\/p>\n<h2 data-start=\"397\" data-end=\"893\">\uc561\uc0c1 \ub77c\uc988\ubca0\ub9ac \ud5a5\ub8cc:<\/h2>\n<p class=\"\" data-start=\"397\" data-end=\"893\">\uae00\ub9ac\ucf5c \uae30\ubc18\uc758 \uc561\uc0c1 \ubcc0\ud615 \uc81c\ud488 \uc911\uc5d0\ub294 \uc9c0\ubc29 \ud568\uc720 \uc81c\ud488, \ud06c\ub9bc, \ucf54\ud305 \ub610\ub294 \uc544\uc774\uc2a4\ud06c\ub9bc\uc5d0 \uc0ac\uc6a9\ud558\uae30 \uc774\uc0c1\uc801\uc778 <strong>\uc2dc\ub7fd \uac19\uc740 \ud2b9\uc131\uc744 \uc9c0\ub2cc<\/strong> \uac15\ub82c\ud55c \ub77c\uc988\ubca0\ub9ac \ud5a5\ub8cc\uac00 \uc788\uc2b5\ub2c8\ub2e4. \ub610\ud55c \uc81c\ud488\uc5d0 \uacfc\uc77c \ud5a5\uacfc \uc232\uc758 \ud2b9\uc131\uc744 \ubd80\uc5ec\ud558\ub294 <strong>\uc0b0\ub538\uae30 \ud5a5\uc774 \ub69c\ub837\ud55c<\/strong> \ub77c\uc988\ubca0\ub9ac \ubcc0\ud615 \uc81c\ud488\ub3c4 \uc788\uc2b5\ub2c8\ub2e4. <strong>\ub77c\uc988\ubca0\ub9ac-\ud06c\ub9bc<\/strong> \ubc84\uc804\uc5d0\uc11c\ub294 \ub77c\uc988\ubca0\ub9ac\uc758 \ud48d\ubd80\ud55c \uacfc\uc999\uc774 \ubd80\ub4dc\ub7ec\uc6b4 \uc6b0\uc720 \ubc30\uacbd\uacfc \uc5b4\uc6b0\ub7ec\uc838 \uc720\uc81c\ud488 \ub514\uc800\ud2b8, \uc694\uac70\ud2b8, \uc720\uc74c\ub8cc \ubc0f \uacfc\uc77c-\uc6b0\uc720 \ubc14\uc5d0 \uc774\uc0c1\uc801\uc785\ub2c8\ub2e4.  <\/p>\n<h2 data-start=\"397\" data-end=\"893\">\ubd84\ub9d0 \ub77c\uc988\ubca0\ub9ac \ud5a5\ub8cc:<\/h2>\n<p class=\"\" data-start=\"895\" data-end=\"1252\">\ubd84\ub9d0 \ub77c\uc988\ubca0\ub9ac \ud5a5\ub8cc\ub294 <strong>\ud074\ub798\uc2dd \ubc84\uc804<\/strong>\uc73c\ub85c \uc81c\uacf5\ub418\uba70, \ub2ec\ucf64\ud558\uace0 \ud48d\ubd80\ud55c \uacfc\uc999\uc758 \uc790\uc5f0\uc2a4\ub7ec\uc6b4 \uacfc\uc77c \ud5a5\uc744 \uc9c0\ub2c8\uace0 \uc788\uc5b4 \ubca0\uc774\ud0b9 \uc81c\ud488, \ud544\ub9c1, \ucf00\uc774\ud06c \ubbf9\uc2a4, \ubd84\ub9d0 \uc74c\ub8cc \ubc0f \uac74\uac15 \ubcf4\uc870 \uc2dd\ud488\uc5d0 \uc790\uc8fc \uc0ac\uc6a9\ub429\ub2c8\ub2e4.<\/p>\n<p class=\"\" data-start=\"895\" data-end=\"1252\"><strong>\ub77c\uc988\ubca0\ub9ac-\ucf54\ucf54\ub11b<\/strong> \ubc84\uc804\uc740 \uc774\uad6d\uc801\uc778 \ud5a5\uacfc \uacfc\uc77c \ud5a5\uc774 \ub3c5\ud2b9\ud558\uac8c \uacb0\ud569\ub418\uc5b4 \ud601\uc2e0\uc801\uc778 \ub514\uc800\ud2b8 \uc81c\ud615\uc5d0 \ud0c1\uc6d4\ud569\ub2c8\ub2e4.<\/p>\n<p class=\"\" data-start=\"1254\" data-end=\"1608\">\uc774 \ubaa8\ub4e0 \ubcc0\ud615 \uc81c\ud488\uc740 \uace0\uc628\uc5d0\uc11c\ub3c4 \uc548\uc815\uc131\uc744 \uc720\uc9c0\ud558\uc5ec \ub0c9\uc7a5 \uc0ac\uc6a9\ubfd0\ub9cc \uc544\ub2c8\ub77c \ubca0\uc774\ud0b9 \ub610\ub294 \uc800\uc628 \uc0b4\uade0 \uacf5\uc815\uc5d0\uc11c\ub3c4 \ub2e4\uc6a9\ub3c4\ub85c \ud3b8\ub9ac\ud558\uac8c \uc0ac\uc6a9\ud560 \uc218 \uc788\uc2b5\ub2c8\ub2e4. \uad11\ubc94\uc704\ud55c \uac10\uac01 \ud504\ub85c\ud544 \ub355\ubd84\uc5d0 \ub77c\uc988\ubca0\ub9ac \ud5a5\ub8cc\ub294 \uc2dc\uc7a5\uc5d0\uc11c \uac00\uc7a5 \ub2e4\uc7ac\ub2e4\ub2a5\ud558\uace0 \uac00\uce58 \uc788\ub294 \ud5a5\ubbf8 \uc131\ubd84 \uc911 \ud558\ub098\ub85c \ub0a8\uc544 \uc788\uc2b5\ub2c8\ub2e4. <\/p>\n","protected":false},"excerpt":{"rendered":"<p>\ub77c\uc988\ubca0\ub9ac \ud5a5\ub8cc\ub294 \uc2dd\ud488 \uc0b0\uc5c5\uc5d0\uc11c \uac00\uc7a5 \ub9ce\uc774 \uc120\ud0dd\ub418\ub294 \ud5a5\uacfc \ub9db \uc911 \ud558\ub098\ub85c, \ud48d\ubd80\ud55c \uacfc\uc999\uc758 \ub2ec\ucf64\uc0c8\ucf64\ud55c \ud504\ub85c\ud544\uacfc \uac13 \ub534 \uacfc\uc77c\uc758 \ud5a5\uc774 \uc5f0\uc0c1\ub429\ub2c8\ub2e4.<\/p>\n","protected":false},"featured_media":47116,"template":"","meta":{"_acf_changed":false},"product_brand":[],"product_cat":[8167],"product_tag":[],"class_list":{"0":"post-47115","1":"product","2":"type-product","3":"status-publish","4":"has-post-thumbnail","6":"product_cat-gwa-il-hyang","8":"first","9":"instock","10":"shipping-taxable","11":"product-type-simple"},"acf":[],"yoast_head":"<!-- This site is optimized with the Yoast SEO plugin v27.5 - https:\/\/yoast.com\/product\/yoast-seo-wordpress\/ -->\n<title>\ub77c\uc988\ubca0\ub9ac \ud5a5\ub8cc - Hurtowy Dystrybutor<\/title>\n<meta name=\"description\" content=\"\uc561\uc0c1 \ubc0f \ubd84\ub9d0 \ub77c\uc988\ubca0\ub9ac \ud5a5\ub8cc\ub294 \uc2dc\uc7a5\uc5d0\uc11c \uac00\uc7a5 \ub2e4\uc7ac\ub2e4\ub2a5\ud558\uace0 \uac00\uce58 \uc788\ub294 \ud5a5\ubbf8 \uc131\ubd84 \uc911 \ud558\ub098\uc785\ub2c8\ub2e4.\" \/>\n<meta name=\"robots\" content=\"index, follow, max-snippet:-1, max-image-preview:large, max-video-preview:-1\" \/>\n<link rel=\"canonical\" href=\"https:\/\/naturalpoland.com\/ko\/je-pum\/sig-pum-won-ryo\/hyang-ryo\/gwa-il-hyang\/%eb%9d%bc%ec%a6%88%eb%b2%a0%eb%a6%ac-%ed%96%a5%eb%a3%8c\/\" \/>\n<meta property=\"og:locale\" content=\"ko_KR\" \/>\n<meta property=\"og:type\" content=\"article\" \/>\n<meta property=\"og:title\" content=\"\ub77c\uc988\ubca0\ub9ac \ud5a5\ub8cc - Hurtowy Dystrybutor\" \/>\n<meta property=\"og:description\" content=\"\uc561\uc0c1 \ubc0f \ubd84\ub9d0 \ub77c\uc988\ubca0\ub9ac \ud5a5\ub8cc\ub294 \uc2dc\uc7a5\uc5d0\uc11c \uac00\uc7a5 \ub2e4\uc7ac\ub2e4\ub2a5\ud558\uace0 \uac00\uce58 \uc788\ub294 \ud5a5\ubbf8 \uc131\ubd84 \uc911 \ud558\ub098\uc785\ub2c8\ub2e4.\" \/>\n<meta property=\"og:url\" content=\"https:\/\/naturalpoland.com\/ko\/je-pum\/sig-pum-won-ryo\/hyang-ryo\/gwa-il-hyang\/%eb%9d%bc%ec%a6%88%eb%b2%a0%eb%a6%ac-%ed%96%a5%eb%a3%8c\/\" \/>\n<meta property=\"og:site_name\" content=\"NATURAL POLAND - Hurtowy Dystrybutor Surowc\u00f3w\" \/>\n<meta property=\"article:publisher\" content=\"https:\/\/www.facebook.com\/naturalpoland.b2b\" \/>\n<meta property=\"article:modified_time\" content=\"2026-03-24T13:58:46+00:00\" \/>\n<meta property=\"og:image\" content=\"https:\/\/naturalpoland.com\/wp-content\/uploads\/aromat-malinowy.webp\" \/>\n\t<meta property=\"og:image:width\" content=\"1024\" \/>\n\t<meta property=\"og:image:height\" content=\"1024\" \/>\n\t<meta property=\"og:image:type\" content=\"image\/webp\" \/>\n<script type=\"application\/ld+json\" class=\"yoast-schema-graph\">{\"@context\":\"https:\\\/\\\/schema.org\",\"@graph\":[{\"@type\":\"WebPage\",\"@id\":\"https:\\\/\\\/naturalpoland.com\\\/ko\\\/je-pum\\\/sig-pum-won-ryo\\\/hyang-ryo\\\/gwa-il-hyang\\\/%eb%9d%bc%ec%a6%88%eb%b2%a0%eb%a6%ac-%ed%96%a5%eb%a3%8c\\\/\",\"url\":\"https:\\\/\\\/naturalpoland.com\\\/ko\\\/je-pum\\\/sig-pum-won-ryo\\\/hyang-ryo\\\/gwa-il-hyang\\\/%eb%9d%bc%ec%a6%88%eb%b2%a0%eb%a6%ac-%ed%96%a5%eb%a3%8c\\\/\",\"name\":\"\ub77c\uc988\ubca0\ub9ac \ud5a5\ub8cc - Hurtowy Dystrybutor\",\"isPartOf\":{\"@id\":\"https:\\\/\\\/naturalpoland.com\\\/ko\\\/#website\"},\"primaryImageOfPage\":{\"@id\":\"https:\\\/\\\/naturalpoland.com\\\/ko\\\/je-pum\\\/sig-pum-won-ryo\\\/hyang-ryo\\\/gwa-il-hyang\\\/%eb%9d%bc%ec%a6%88%eb%b2%a0%eb%a6%ac-%ed%96%a5%eb%a3%8c\\\/#primaryimage\"},\"image\":{\"@id\":\"https:\\\/\\\/naturalpoland.com\\\/ko\\\/je-pum\\\/sig-pum-won-ryo\\\/hyang-ryo\\\/gwa-il-hyang\\\/%eb%9d%bc%ec%a6%88%eb%b2%a0%eb%a6%ac-%ed%96%a5%eb%a3%8c\\\/#primaryimage\"},\"thumbnailUrl\":\"https:\\\/\\\/naturalpoland.com\\\/wp-content\\\/uploads\\\/aromat-malinowy.webp\",\"datePublished\":\"2025-04-22T13:50:27+00:00\",\"dateModified\":\"2026-03-24T13:58:46+00:00\",\"description\":\"\uc561\uc0c1 \ubc0f \ubd84\ub9d0 \ub77c\uc988\ubca0\ub9ac \ud5a5\ub8cc\ub294 \uc2dc\uc7a5\uc5d0\uc11c \uac00\uc7a5 \ub2e4\uc7ac\ub2e4\ub2a5\ud558\uace0 \uac00\uce58 \uc788\ub294 \ud5a5\ubbf8 \uc131\ubd84 \uc911 \ud558\ub098\uc785\ub2c8\ub2e4.\",\"breadcrumb\":{\"@id\":\"https:\\\/\\\/naturalpoland.com\\\/ko\\\/je-pum\\\/sig-pum-won-ryo\\\/hyang-ryo\\\/gwa-il-hyang\\\/%eb%9d%bc%ec%a6%88%eb%b2%a0%eb%a6%ac-%ed%96%a5%eb%a3%8c\\\/#breadcrumb\"},\"inLanguage\":\"ko-KR\",\"potentialAction\":[{\"@type\":\"ReadAction\",\"target\":[\"https:\\\/\\\/naturalpoland.com\\\/ko\\\/je-pum\\\/sig-pum-won-ryo\\\/hyang-ryo\\\/gwa-il-hyang\\\/%eb%9d%bc%ec%a6%88%eb%b2%a0%eb%a6%ac-%ed%96%a5%eb%a3%8c\\\/\"]}]},{\"@type\":\"ImageObject\",\"inLanguage\":\"ko-KR\",\"@id\":\"https:\\\/\\\/naturalpoland.com\\\/ko\\\/je-pum\\\/sig-pum-won-ryo\\\/hyang-ryo\\\/gwa-il-hyang\\\/%eb%9d%bc%ec%a6%88%eb%b2%a0%eb%a6%ac-%ed%96%a5%eb%a3%8c\\\/#primaryimage\",\"url\":\"https:\\\/\\\/naturalpoland.com\\\/wp-content\\\/uploads\\\/aromat-malinowy.webp\",\"contentUrl\":\"https:\\\/\\\/naturalpoland.com\\\/wp-content\\\/uploads\\\/aromat-malinowy.webp\",\"width\":1024,\"height\":1024,\"caption\":\"\ub77c\uc988\ubca0\ub9ac \ud5a5\ub8cc\"},{\"@type\":\"BreadcrumbList\",\"@id\":\"https:\\\/\\\/naturalpoland.com\\\/ko\\\/je-pum\\\/sig-pum-won-ryo\\\/hyang-ryo\\\/gwa-il-hyang\\\/%eb%9d%bc%ec%a6%88%eb%b2%a0%eb%a6%ac-%ed%96%a5%eb%a3%8c\\\/#breadcrumb\",\"itemListElement\":[{\"@type\":\"ListItem\",\"position\":1,\"name\":\"\ud648\",\"item\":\"https:\\\/\\\/naturalpoland.com\\\/ko\\\/\"},{\"@type\":\"ListItem\",\"position\":2,\"name\":\"\uc81c\ud488\",\"item\":\"https:\\\/\\\/naturalpoland.com\\\/ko\\\/%ec%a0%9c%ed%92%88\\\/\"},{\"@type\":\"ListItem\",\"position\":3,\"name\":\"\ub77c\uc988\ubca0\ub9ac \ud5a5\ub8cc\"}]},{\"@type\":\"WebSite\",\"@id\":\"https:\\\/\\\/naturalpoland.com\\\/ko\\\/#website\",\"url\":\"https:\\\/\\\/naturalpoland.com\\\/ko\\\/\",\"name\":\"NATURAL POLAND - Hurtowy Dystrybutor Surowc\u00f3w\",\"description\":\"Surowce dla przemys\u0142u spo\u017cywczego, kosmetycznego i farmaceutycznego\",\"publisher\":{\"@id\":\"https:\\\/\\\/naturalpoland.com\\\/ko\\\/#organization\"},\"potentialAction\":[{\"@type\":\"SearchAction\",\"target\":{\"@type\":\"EntryPoint\",\"urlTemplate\":\"https:\\\/\\\/naturalpoland.com\\\/ko\\\/?s={search_term_string}\"},\"query-input\":{\"@type\":\"PropertyValueSpecification\",\"valueRequired\":true,\"valueName\":\"search_term_string\"}}],\"inLanguage\":\"ko-KR\"},{\"@type\":\"Organization\",\"@id\":\"https:\\\/\\\/naturalpoland.com\\\/ko\\\/#organization\",\"name\":\"Natural Poland\",\"url\":\"https:\\\/\\\/naturalpoland.com\\\/ko\\\/\",\"logo\":{\"@type\":\"ImageObject\",\"inLanguage\":\"ko-KR\",\"@id\":\"https:\\\/\\\/naturalpoland.com\\\/ko\\\/#\\\/schema\\\/logo\\\/image\\\/\",\"url\":\"https:\\\/\\\/naturalpoland.com\\\/wp-content\\\/uploads\\\/2021\\\/05\\\/natural-poland-icon.png\",\"contentUrl\":\"https:\\\/\\\/naturalpoland.com\\\/wp-content\\\/uploads\\\/2021\\\/05\\\/natural-poland-icon.png\",\"width\":512,\"height\":512,\"caption\":\"Natural Poland\"},\"image\":{\"@id\":\"https:\\\/\\\/naturalpoland.com\\\/ko\\\/#\\\/schema\\\/logo\\\/image\\\/\"},\"sameAs\":[\"https:\\\/\\\/www.facebook.com\\\/naturalpoland.b2b\",\"https:\\\/\\\/pl.linkedin.com\\\/company\\\/natural-poland\",\"https:\\\/\\\/www.youtube.com\\\/channel\\\/UCgeGGkvOMahZo-xu_MSEWxg\"]}]}<\/script>\n<!-- \/ Yoast SEO plugin. -->","yoast_head_json":{"title":"\ub77c\uc988\ubca0\ub9ac \ud5a5\ub8cc - Hurtowy Dystrybutor","description":"\uc561\uc0c1 \ubc0f \ubd84\ub9d0 \ub77c\uc988\ubca0\ub9ac \ud5a5\ub8cc\ub294 \uc2dc\uc7a5\uc5d0\uc11c \uac00\uc7a5 \ub2e4\uc7ac\ub2e4\ub2a5\ud558\uace0 \uac00\uce58 \uc788\ub294 \ud5a5\ubbf8 \uc131\ubd84 \uc911 \ud558\ub098\uc785\ub2c8\ub2e4.","robots":{"index":"index","follow":"follow","max-snippet":"max-snippet:-1","max-image-preview":"max-image-preview:large","max-video-preview":"max-video-preview:-1"},"canonical":"https:\/\/naturalpoland.com\/ko\/je-pum\/sig-pum-won-ryo\/hyang-ryo\/gwa-il-hyang\/%eb%9d%bc%ec%a6%88%eb%b2%a0%eb%a6%ac-%ed%96%a5%eb%a3%8c\/","og_locale":"ko_KR","og_type":"article","og_title":"\ub77c\uc988\ubca0\ub9ac \ud5a5\ub8cc - Hurtowy Dystrybutor","og_description":"\uc561\uc0c1 \ubc0f \ubd84\ub9d0 \ub77c\uc988\ubca0\ub9ac \ud5a5\ub8cc\ub294 \uc2dc\uc7a5\uc5d0\uc11c \uac00\uc7a5 \ub2e4\uc7ac\ub2e4\ub2a5\ud558\uace0 \uac00\uce58 \uc788\ub294 \ud5a5\ubbf8 \uc131\ubd84 \uc911 \ud558\ub098\uc785\ub2c8\ub2e4.","og_url":"https:\/\/naturalpoland.com\/ko\/je-pum\/sig-pum-won-ryo\/hyang-ryo\/gwa-il-hyang\/%eb%9d%bc%ec%a6%88%eb%b2%a0%eb%a6%ac-%ed%96%a5%eb%a3%8c\/","og_site_name":"NATURAL POLAND - Hurtowy Dystrybutor Surowc\u00f3w","article_publisher":"https:\/\/www.facebook.com\/naturalpoland.b2b","article_modified_time":"2026-03-24T13:58:46+00:00","og_image":[{"width":1024,"height":1024,"url":"https:\/\/naturalpoland.com\/wp-content\/uploads\/aromat-malinowy.webp","type":"image\/webp"}],"schema":{"@context":"https:\/\/schema.org","@graph":[{"@type":"WebPage","@id":"https:\/\/naturalpoland.com\/ko\/je-pum\/sig-pum-won-ryo\/hyang-ryo\/gwa-il-hyang\/%eb%9d%bc%ec%a6%88%eb%b2%a0%eb%a6%ac-%ed%96%a5%eb%a3%8c\/","url":"https:\/\/naturalpoland.com\/ko\/je-pum\/sig-pum-won-ryo\/hyang-ryo\/gwa-il-hyang\/%eb%9d%bc%ec%a6%88%eb%b2%a0%eb%a6%ac-%ed%96%a5%eb%a3%8c\/","name":"\ub77c\uc988\ubca0\ub9ac \ud5a5\ub8cc - Hurtowy Dystrybutor","isPartOf":{"@id":"https:\/\/naturalpoland.com\/ko\/#website"},"primaryImageOfPage":{"@id":"https:\/\/naturalpoland.com\/ko\/je-pum\/sig-pum-won-ryo\/hyang-ryo\/gwa-il-hyang\/%eb%9d%bc%ec%a6%88%eb%b2%a0%eb%a6%ac-%ed%96%a5%eb%a3%8c\/#primaryimage"},"image":{"@id":"https:\/\/naturalpoland.com\/ko\/je-pum\/sig-pum-won-ryo\/hyang-ryo\/gwa-il-hyang\/%eb%9d%bc%ec%a6%88%eb%b2%a0%eb%a6%ac-%ed%96%a5%eb%a3%8c\/#primaryimage"},"thumbnailUrl":"https:\/\/naturalpoland.com\/wp-content\/uploads\/aromat-malinowy.webp","datePublished":"2025-04-22T13:50:27+00:00","dateModified":"2026-03-24T13:58:46+00:00","description":"\uc561\uc0c1 \ubc0f \ubd84\ub9d0 \ub77c\uc988\ubca0\ub9ac \ud5a5\ub8cc\ub294 \uc2dc\uc7a5\uc5d0\uc11c \uac00\uc7a5 \ub2e4\uc7ac\ub2e4\ub2a5\ud558\uace0 \uac00\uce58 \uc788\ub294 \ud5a5\ubbf8 \uc131\ubd84 \uc911 \ud558\ub098\uc785\ub2c8\ub2e4.","breadcrumb":{"@id":"https:\/\/naturalpoland.com\/ko\/je-pum\/sig-pum-won-ryo\/hyang-ryo\/gwa-il-hyang\/%eb%9d%bc%ec%a6%88%eb%b2%a0%eb%a6%ac-%ed%96%a5%eb%a3%8c\/#breadcrumb"},"inLanguage":"ko-KR","potentialAction":[{"@type":"ReadAction","target":["https:\/\/naturalpoland.com\/ko\/je-pum\/sig-pum-won-ryo\/hyang-ryo\/gwa-il-hyang\/%eb%9d%bc%ec%a6%88%eb%b2%a0%eb%a6%ac-%ed%96%a5%eb%a3%8c\/"]}]},{"@type":"ImageObject","inLanguage":"ko-KR","@id":"https:\/\/naturalpoland.com\/ko\/je-pum\/sig-pum-won-ryo\/hyang-ryo\/gwa-il-hyang\/%eb%9d%bc%ec%a6%88%eb%b2%a0%eb%a6%ac-%ed%96%a5%eb%a3%8c\/#primaryimage","url":"https:\/\/naturalpoland.com\/wp-content\/uploads\/aromat-malinowy.webp","contentUrl":"https:\/\/naturalpoland.com\/wp-content\/uploads\/aromat-malinowy.webp","width":1024,"height":1024,"caption":"\ub77c\uc988\ubca0\ub9ac \ud5a5\ub8cc"},{"@type":"BreadcrumbList","@id":"https:\/\/naturalpoland.com\/ko\/je-pum\/sig-pum-won-ryo\/hyang-ryo\/gwa-il-hyang\/%eb%9d%bc%ec%a6%88%eb%b2%a0%eb%a6%ac-%ed%96%a5%eb%a3%8c\/#breadcrumb","itemListElement":[{"@type":"ListItem","position":1,"name":"\ud648","item":"https:\/\/naturalpoland.com\/ko\/"},{"@type":"ListItem","position":2,"name":"\uc81c\ud488","item":"https:\/\/naturalpoland.com\/ko\/%ec%a0%9c%ed%92%88\/"},{"@type":"ListItem","position":3,"name":"\ub77c\uc988\ubca0\ub9ac \ud5a5\ub8cc"}]},{"@type":"WebSite","@id":"https:\/\/naturalpoland.com\/ko\/#website","url":"https:\/\/naturalpoland.com\/ko\/","name":"NATURAL POLAND - Hurtowy Dystrybutor Surowc\u00f3w","description":"Surowce dla przemys\u0142u spo\u017cywczego, kosmetycznego i farmaceutycznego","publisher":{"@id":"https:\/\/naturalpoland.com\/ko\/#organization"},"potentialAction":[{"@type":"SearchAction","target":{"@type":"EntryPoint","urlTemplate":"https:\/\/naturalpoland.com\/ko\/?s={search_term_string}"},"query-input":{"@type":"PropertyValueSpecification","valueRequired":true,"valueName":"search_term_string"}}],"inLanguage":"ko-KR"},{"@type":"Organization","@id":"https:\/\/naturalpoland.com\/ko\/#organization","name":"Natural Poland","url":"https:\/\/naturalpoland.com\/ko\/","logo":{"@type":"ImageObject","inLanguage":"ko-KR","@id":"https:\/\/naturalpoland.com\/ko\/#\/schema\/logo\/image\/","url":"https:\/\/naturalpoland.com\/wp-content\/uploads\/2021\/05\/natural-poland-icon.png","contentUrl":"https:\/\/naturalpoland.com\/wp-content\/uploads\/2021\/05\/natural-poland-icon.png","width":512,"height":512,"caption":"Natural Poland"},"image":{"@id":"https:\/\/naturalpoland.com\/ko\/#\/schema\/logo\/image\/"},"sameAs":["https:\/\/www.facebook.com\/naturalpoland.b2b","https:\/\/pl.linkedin.com\/company\/natural-poland","https:\/\/www.youtube.com\/channel\/UCgeGGkvOMahZo-xu_MSEWxg"]}]}},"_links":{"self":[{"href":"https:\/\/naturalpoland.com\/ko\/wp-json\/wp\/v2\/product\/47115","targetHints":{"allow":["GET"]}}],"collection":[{"href":"https:\/\/naturalpoland.com\/ko\/wp-json\/wp\/v2\/product"}],"about":[{"href":"https:\/\/naturalpoland.com\/ko\/wp-json\/wp\/v2\/types\/product"}],"wp:featuredmedia":[{"embeddable":true,"href":"https:\/\/naturalpoland.com\/ko\/wp-json\/wp\/v2\/media\/47116"}],"wp:attachment":[{"href":"https:\/\/naturalpoland.com\/ko\/wp-json\/wp\/v2\/media?parent=47115"}],"wp:term":[{"taxonomy":"product_brand","embeddable":true,"href":"https:\/\/naturalpoland.com\/ko\/wp-json\/wp\/v2\/product_brand?post=47115"},{"taxonomy":"product_cat","embeddable":true,"href":"https:\/\/naturalpoland.com\/ko\/wp-json\/wp\/v2\/product_cat?post=47115"},{"taxonomy":"product_tag","embeddable":true,"href":"https:\/\/naturalpoland.com\/ko\/wp-json\/wp\/v2\/product_tag?post=47115"}],"curies":[{"name":"wp","href":"https:\/\/api.w.org\/{rel}","templated":true}]}}