{"id":47188,"date":"2024-05-20T13:21:50","date_gmt":"2024-05-20T11:21:50","guid":{"rendered":"https:\/\/naturalpoland.com\/produkty\/uncategorized\/%ec%88%98%eb%a0%88%ea%b5%ad%ed%99%94-%ed%95%98%ec%9d%b4%eb%93%9c%eb%a1%9c%ec%a1%b8\/"},"modified":"2026-03-31T15:40:53","modified_gmt":"2026-03-31T13:40:53","slug":"%ec%88%98%eb%a0%88%ea%b5%ad%ed%99%94-%ed%95%98%ec%9d%b4%eb%93%9c%eb%a1%9c%ec%a1%b8","status":"publish","type":"product","link":"https:\/\/naturalpoland.com\/ko\/je-pum\/hwa-jang-pum-won-ryo\/ha-i-deu-ro-sol\/%ec%88%98%eb%a0%88%ea%b5%ad%ed%99%94-%ed%95%98%ec%9d%b4%eb%93%9c%eb%a1%9c%ec%a1%b8\/","title":{"rendered":"\uc218\ub808\uad6d\ud654 \ud558\uc774\ub4dc\ub85c\uc878"},"content":{"rendered":"<p>\uc218\ub808\uad6d\ud654 \ud558\uc774\ub4dc\ub85c\uc878\uc740 <a href=\"https:\/\/naturalpoland.com\/artykuly\/produkty-naturalne\/czym-sa-i-jak-dzialaja-flawonoidy\/\"><strong>\ud50c\ub77c\ubcf4\ub178\uc774\ub4dc<\/strong><\/a>, <strong><a href=\"https:\/\/naturalpoland.com\/artykuly\/dodatki-do-zywnosci\/czym-sa-antocyjany-i-jakie-maja-zastosowanie\/\">\uc548\ud1a0\uc2dc\uc544\ub2cc<\/a><\/strong> \ubc0f \ubbf8\ub7c9\uc758 <strong><a href=\"https:\/\/naturalpoland.com\/artykuly\/produkty-naturalne\/rola-olejkow-eterycznych-w-produktach-relaksujacych\/\">\uc5d0\uc13c\uc15c \uc624\uc77c<\/a><\/strong>\uacfc \uac19\uc740 \ud65c\uc131 \uc131\ubd84\uc744 \ub192\uc740 \ud568\ub7c9\uc73c\ub85c \ud568\uc720\ud558\uace0 \uc788\uc5b4 \uce58\ub8cc \ud6a8\uacfc\ub97c \ub098\ud0c0\ub0c5\ub2c8\ub2e4. \uac15\ub825\ud55c \ud56d\uc0b0\ud654\uc81c\uc778 \ud50c\ub77c\ubcf4\ub178\uc774\ub4dc\ub294 \ud53c\ubd80 \uc138\ud3ec\uc758 \uc0b0\ud654 \uc2a4\ud2b8\ub808\uc2a4\ub97c \uac10\uc18c\uc2dc\ucf1c \uc870\uae30 \ud53c\ubd80 \ub178\ud654\ub97c \uc608\ubc29\ud560 \uc218 \uc788\uc2b5\ub2c8\ub2e4. \uc548\ud1a0\uc2dc\uc544\ub2cc\uc740 \ubbf8\uc138 \uc21c\ud658\uc744 \uc9c0\uc6d0\ud558\uc5ec \ud64d\uc870\ub97c \uc904\uc774\uace0 \ud53c\ubd80 \ud1a4\uc744 \uac1c\uc120\ud569\ub2c8\ub2e4.  <\/p>\n<h3>\uc218\ub808\uad6d\ud654 \ud558\uc774\ub4dc\ub85c\uc878\uc758 \uce58\ub8cc \ud2b9\uc131<\/h3>\n<p>\uc218\ub808\uad6d\ud654 \ud558\uc774\ub4dc\ub85c\uc878\uc740 \ubbfc\uac10\uc131 \ud53c\ubd80, \uc790\uadf9\ubc1b\uae30 \uc26c\uc6b4 \ud53c\ubd80 \ubc0f \uc8fc\uc0ac \ub610\ub294 \uc2b5\uc9c4\uacfc \uac19\uc740 \ud53c\ubd80 \ubb38\uc81c\ub85c \uace0\ubbfc\ud558\ub294 \ubd84\ub4e4\uc5d0\uac8c \ud2b9\ud788 \uad8c\uc7a5\ub429\ub2c8\ub2e4. \ud53c\ubd80 \uc9c4\uc815, \uc5fc\uc99d \uac10\uc18c \ubc0f \ud45c\ud53c \uc7ac\uc0dd \uacfc\uc815 \ucd09\uc9c4\uc5d0 \uae30\uc5ec\ud560 \uc218 \uc788\uc2b5\ub2c8\ub2e4. <\/p>\n<p>\uc218\ub808\uad6d\ud654 \ud558\uc774\ub4dc\ub85c\uc878\uc740 \uac15\ud55c \ud587\ube5b \ub178\ucd9c \ud6c4 \ub610\ub294 \uc790\uadf9\uc744 \uc720\ubc1c\ud560 \uc218 \uc788\ub294 \uae30\ud0c0 \ubbf8\uc6a9 \uc2dc\uc220 \ud6c4\uc5d0 \uc0ac\uc6a9\ud560 \uc218 \uc788\uc2b5\ub2c8\ub2e4. \uc9c4\uc815 \ud6a8\uacfc\ub294 \ud53c\ubd80\uc758 \ud3b8\uc548\ud568\uacfc \uac74\uac15\ud55c \uc678\uad00\uc744 \ud68c\ubcf5\uc2dc\ucf1c \ud64d\uc870\uc640 \ubd88\ud3b8\ud568\uc744 \ubaa8\ub450 \uac10\uc18c\uc2dc\ud0b5\ub2c8\ub2e4. <\/p>\n<h3>\ud654\uc7a5\ud488\uc5d0\uc11c\uc758 \ud65c\uc6a9<\/h3>\n<p>\ud654\uc7a5\ud488\ud559\uc5d0\uc11c \uc218\ub808\uad6d\ud654 \ud558\uc774\ub4dc\ub85c\uc878\uc740 \ubbfc\uac10\uc131 \ubc0f \ubb38\uc81c\uc131 \ud53c\ubd80\uc6a9 \ud1a0\ub108, \ub9c8\uc2a4\ud06c \ubc0f \ud06c\ub9bc\uc758 \uc131\ubd84\uc73c\ub85c \uc0ac\uc6a9\ub429\ub2c8\ub2e4. \ub208\uac00 \uad00\ub9ac \uc804\uc6a9 \uc81c\ud488\uc5d0\ub3c4 \uc0ac\uc6a9\ud560 \uc218 \uc788\uc2b5\ub2c8\ub2e4. <\/p>\n<p>\ud1a0\ub2dd \ubc0f \ub9ac\ud504\ub808\uc2f1 \ud2b9\uc131\uc73c\ub85c \uc778\ud574 \ud53c\ubd80\uc758 \uc678\uad00\uacfc \ucee8\ub514\uc158\uc744 \uac1c\uc120\ud558\uc5ec \ub354\uc6b1 \uade0\uc77c\ud558\uace0 \uac74\uac15\ud55c \uc678\uad00\uc744 \ubd80\uc5ec\ud558\ub294 \uc81c\ud488\uc758 \ud6cc\ub96d\ud55c \uc131\ubd84\uc785\ub2c8\ub2e4. \uc218\ub808\uad6d\ud654 \ud558\uc774\ub4dc\ub85c\uc878\uc740 \ub2e4\uc6a9\ub3c4 \ud2b9\uc131 \ub355\ubd84\uc5d0 \uc77c\uc0c1 \uad00\ub9ac\uc6a9 \uc81c\ud488\uc5d0 \uad11\ubc94\uc704\ud558\uac8c \uc0ac\uc6a9\ub418\uace0 \uc788\uc2b5\ub2c8\ub2e4. <\/p>\n","protected":false},"excerpt":{"rendered":"<p>\uc218\ub808\uad6d\ud654 \ud558\uc774\ub4dc\ub85c\uc878\uc740 \uc218\ub808\uad6d\ud654 \ud50c\ub85c\ub7f4 \uc6cc\ud130\ub85c\ub3c4 \uc54c\ub824\uc838 \uc788\uc2b5\ub2c8\ub2e4. \uc9c4\uc815 \ubc0f \ud56d\uc5fc \ud2b9\uc131\uc744 \uac00\uc9c0\uace0 \uc788\uc2b5\ub2c8\ub2e4. \uc218\ub808\uad6d\ud654 \uaf43\uc758 \uc218\uc99d\uae30 \uc99d\ub958\ub97c \ud1b5\ud574 \uc5bb\uc5b4\uc9d1\ub2c8\ub2e4.  <\/p>\n","protected":false},"featured_media":47189,"template":"","meta":[],"product_brand":[],"product_cat":[8150],"product_tag":[],"class_list":{"0":"post-47188","1":"product","2":"type-product","3":"status-publish","4":"has-post-thumbnail","6":"product_cat-ha-i-deu-ro-sol","8":"first","9":"instock","10":"shipping-taxable","11":"product-type-simple"},"yoast_head":"<!-- This site is optimized with the Yoast SEO plugin v27.3 - https:\/\/yoast.com\/product\/yoast-seo-wordpress\/ -->\n<title>NATURAL POLAND &#8211; Hurtowy Dystrybutor Surowc\u00f3w<\/title>\n<meta name=\"description\" content=\"\uc218\ub808\uad6d\ud654 \ud558\uc774\ub4dc\ub85c\uc878\uc740 \uc218\ub808\uad6d\ud654 \ud50c\ub85c\ub7f4 \uc6cc\ud130\ub85c\ub3c4 \uc54c\ub824\uc838 \uc788\uc73c\uba70, \ucc9c\uc5f0 \ud654\uc7a5\ud488\ud559\uc5d0\uc11c \uadc0\uc911\ud55c \uc6d0\ub8cc\uc785\ub2c8\ub2e4. \ud56d\uc5fc \ud2b9\uc131\uc744 \uac00\uc9c0\uace0 \uc788\uc2b5\ub2c8\ub2e4.\" \/>\n<meta name=\"robots\" content=\"index, follow, max-snippet:-1, max-image-preview:large, max-video-preview:-1\" \/>\n<link rel=\"canonical\" href=\"https:\/\/naturalpoland.com\/ko\/je-pum\/hwa-jang-pum-won-ryo\/ha-i-deu-ro-sol\/%ec%88%98%eb%a0%88%ea%b5%ad%ed%99%94-%ed%95%98%ec%9d%b4%eb%93%9c%eb%a1%9c%ec%a1%b8\/\" \/>\n<meta property=\"og:locale\" content=\"ko_KR\" \/>\n<meta property=\"og:type\" content=\"article\" \/>\n<meta property=\"og:description\" content=\"\uc218\ub808\uad6d\ud654 \ud558\uc774\ub4dc\ub85c\uc878\uc740 \uc218\ub808\uad6d\ud654 \ud50c\ub85c\ub7f4 \uc6cc\ud130\ub85c\ub3c4 \uc54c\ub824\uc838 \uc788\uc73c\uba70, \ucc9c\uc5f0 \ud654\uc7a5\ud488\ud559\uc5d0\uc11c \uadc0\uc911\ud55c \uc6d0\ub8cc\uc785\ub2c8\ub2e4. \ud56d\uc5fc \ud2b9\uc131\uc744 \uac00\uc9c0\uace0 \uc788\uc2b5\ub2c8\ub2e4.\" \/>\n<meta property=\"og:url\" content=\"https:\/\/naturalpoland.com\/ko\/je-pum\/hwa-jang-pum-won-ryo\/ha-i-deu-ro-sol\/%ec%88%98%eb%a0%88%ea%b5%ad%ed%99%94-%ed%95%98%ec%9d%b4%eb%93%9c%eb%a1%9c%ec%a1%b8\/\" \/>\n<meta property=\"og:site_name\" content=\"NATURAL POLAND - Hurtowy Dystrybutor Surowc\u00f3w\" \/>\n<meta property=\"article:publisher\" content=\"https:\/\/www.facebook.com\/naturalpoland.b2b\" \/>\n<meta property=\"article:modified_time\" content=\"2026-03-31T13:40:53+00:00\" \/>\n<meta property=\"og:image\" content=\"https:\/\/naturalpoland.com\/wp-content\/uploads\/hydrolat-z-chabra.webp\" \/>\n\t<meta property=\"og:image:width\" content=\"614\" \/>\n\t<meta property=\"og:image:height\" content=\"614\" \/>\n\t<meta property=\"og:image:type\" content=\"image\/webp\" \/>\n<script type=\"application\/ld+json\" class=\"yoast-schema-graph\">{\"@context\":\"https:\\\/\\\/schema.org\",\"@graph\":[{\"@type\":\"WebPage\",\"@id\":\"https:\\\/\\\/naturalpoland.com\\\/ko\\\/je-pum\\\/hwa-jang-pum-won-ryo\\\/ha-i-deu-ro-sol\\\/%ec%88%98%eb%a0%88%ea%b5%ad%ed%99%94-%ed%95%98%ec%9d%b4%eb%93%9c%eb%a1%9c%ec%a1%b8\\\/\",\"url\":\"https:\\\/\\\/naturalpoland.com\\\/ko\\\/je-pum\\\/hwa-jang-pum-won-ryo\\\/ha-i-deu-ro-sol\\\/%ec%88%98%eb%a0%88%ea%b5%ad%ed%99%94-%ed%95%98%ec%9d%b4%eb%93%9c%eb%a1%9c%ec%a1%b8\\\/\",\"name\":\"\",\"isPartOf\":{\"@id\":\"https:\\\/\\\/naturalpoland.com\\\/ko\\\/#website\"},\"primaryImageOfPage\":{\"@id\":\"https:\\\/\\\/naturalpoland.com\\\/ko\\\/je-pum\\\/hwa-jang-pum-won-ryo\\\/ha-i-deu-ro-sol\\\/%ec%88%98%eb%a0%88%ea%b5%ad%ed%99%94-%ed%95%98%ec%9d%b4%eb%93%9c%eb%a1%9c%ec%a1%b8\\\/#primaryimage\"},\"image\":{\"@id\":\"https:\\\/\\\/naturalpoland.com\\\/ko\\\/je-pum\\\/hwa-jang-pum-won-ryo\\\/ha-i-deu-ro-sol\\\/%ec%88%98%eb%a0%88%ea%b5%ad%ed%99%94-%ed%95%98%ec%9d%b4%eb%93%9c%eb%a1%9c%ec%a1%b8\\\/#primaryimage\"},\"thumbnailUrl\":\"https:\\\/\\\/naturalpoland.com\\\/wp-content\\\/uploads\\\/hydrolat-z-chabra.webp\",\"datePublished\":\"2024-05-20T11:21:50+00:00\",\"dateModified\":\"2026-03-31T13:40:53+00:00\",\"description\":\"\uc218\ub808\uad6d\ud654 \ud558\uc774\ub4dc\ub85c\uc878\uc740 \uc218\ub808\uad6d\ud654 \ud50c\ub85c\ub7f4 \uc6cc\ud130\ub85c\ub3c4 \uc54c\ub824\uc838 \uc788\uc73c\uba70, \ucc9c\uc5f0 \ud654\uc7a5\ud488\ud559\uc5d0\uc11c \uadc0\uc911\ud55c \uc6d0\ub8cc\uc785\ub2c8\ub2e4. \ud56d\uc5fc \ud2b9\uc131\uc744 \uac00\uc9c0\uace0 \uc788\uc2b5\ub2c8\ub2e4.\",\"breadcrumb\":{\"@id\":\"https:\\\/\\\/naturalpoland.com\\\/ko\\\/je-pum\\\/hwa-jang-pum-won-ryo\\\/ha-i-deu-ro-sol\\\/%ec%88%98%eb%a0%88%ea%b5%ad%ed%99%94-%ed%95%98%ec%9d%b4%eb%93%9c%eb%a1%9c%ec%a1%b8\\\/#breadcrumb\"},\"inLanguage\":\"ko-KR\",\"potentialAction\":[{\"@type\":\"ReadAction\",\"target\":[\"https:\\\/\\\/naturalpoland.com\\\/ko\\\/je-pum\\\/hwa-jang-pum-won-ryo\\\/ha-i-deu-ro-sol\\\/%ec%88%98%eb%a0%88%ea%b5%ad%ed%99%94-%ed%95%98%ec%9d%b4%eb%93%9c%eb%a1%9c%ec%a1%b8\\\/\"]}]},{\"@type\":\"ImageObject\",\"inLanguage\":\"ko-KR\",\"@id\":\"https:\\\/\\\/naturalpoland.com\\\/ko\\\/je-pum\\\/hwa-jang-pum-won-ryo\\\/ha-i-deu-ro-sol\\\/%ec%88%98%eb%a0%88%ea%b5%ad%ed%99%94-%ed%95%98%ec%9d%b4%eb%93%9c%eb%a1%9c%ec%a1%b8\\\/#primaryimage\",\"url\":\"https:\\\/\\\/naturalpoland.com\\\/wp-content\\\/uploads\\\/hydrolat-z-chabra.webp\",\"contentUrl\":\"https:\\\/\\\/naturalpoland.com\\\/wp-content\\\/uploads\\\/hydrolat-z-chabra.webp\",\"width\":614,\"height\":614,\"caption\":\"\uc218\ub808\uad6d\ud654 \ud558\uc774\ub4dc\ub85c\uc878\"},{\"@type\":\"BreadcrumbList\",\"@id\":\"https:\\\/\\\/naturalpoland.com\\\/ko\\\/je-pum\\\/hwa-jang-pum-won-ryo\\\/ha-i-deu-ro-sol\\\/%ec%88%98%eb%a0%88%ea%b5%ad%ed%99%94-%ed%95%98%ec%9d%b4%eb%93%9c%eb%a1%9c%ec%a1%b8\\\/#breadcrumb\",\"itemListElement\":[{\"@type\":\"ListItem\",\"position\":1,\"name\":\"\ud648\",\"item\":\"https:\\\/\\\/naturalpoland.com\\\/ko\\\/\"},{\"@type\":\"ListItem\",\"position\":2,\"name\":\"\uc81c\ud488\",\"item\":\"https:\\\/\\\/naturalpoland.com\\\/ko\\\/%ec%a0%9c%ed%92%88\\\/\"},{\"@type\":\"ListItem\",\"position\":3,\"name\":\"\uc218\ub808\uad6d\ud654 \ud558\uc774\ub4dc\ub85c\uc878\"}]},{\"@type\":\"WebSite\",\"@id\":\"https:\\\/\\\/naturalpoland.com\\\/ko\\\/#website\",\"url\":\"https:\\\/\\\/naturalpoland.com\\\/ko\\\/\",\"name\":\"NATURAL POLAND - Hurtowy Dystrybutor Surowc\u00f3w\",\"description\":\"Surowce dla przemys\u0142u spo\u017cywczego, kosmetycznego i farmaceutycznego\",\"publisher\":{\"@id\":\"https:\\\/\\\/naturalpoland.com\\\/ko\\\/#organization\"},\"potentialAction\":[{\"@type\":\"SearchAction\",\"target\":{\"@type\":\"EntryPoint\",\"urlTemplate\":\"https:\\\/\\\/naturalpoland.com\\\/ko\\\/?s={search_term_string}\"},\"query-input\":{\"@type\":\"PropertyValueSpecification\",\"valueRequired\":true,\"valueName\":\"search_term_string\"}}],\"inLanguage\":\"ko-KR\"},{\"@type\":\"Organization\",\"@id\":\"https:\\\/\\\/naturalpoland.com\\\/ko\\\/#organization\",\"name\":\"Natural Poland\",\"url\":\"https:\\\/\\\/naturalpoland.com\\\/ko\\\/\",\"logo\":{\"@type\":\"ImageObject\",\"inLanguage\":\"ko-KR\",\"@id\":\"https:\\\/\\\/naturalpoland.com\\\/ko\\\/#\\\/schema\\\/logo\\\/image\\\/\",\"url\":\"https:\\\/\\\/naturalpoland.com\\\/wp-content\\\/uploads\\\/2021\\\/05\\\/natural-poland-icon.png\",\"contentUrl\":\"https:\\\/\\\/naturalpoland.com\\\/wp-content\\\/uploads\\\/2021\\\/05\\\/natural-poland-icon.png\",\"width\":512,\"height\":512,\"caption\":\"Natural Poland\"},\"image\":{\"@id\":\"https:\\\/\\\/naturalpoland.com\\\/ko\\\/#\\\/schema\\\/logo\\\/image\\\/\"},\"sameAs\":[\"https:\\\/\\\/www.facebook.com\\\/naturalpoland.b2b\",\"https:\\\/\\\/pl.linkedin.com\\\/company\\\/natural-poland\",\"https:\\\/\\\/www.youtube.com\\\/channel\\\/UCgeGGkvOMahZo-xu_MSEWxg\"]}]}<\/script>\n<!-- \/ Yoast SEO plugin. -->","yoast_head_json":{"title":"NATURAL POLAND &#8211; Hurtowy Dystrybutor Surowc\u00f3w","description":"\uc218\ub808\uad6d\ud654 \ud558\uc774\ub4dc\ub85c\uc878\uc740 \uc218\ub808\uad6d\ud654 \ud50c\ub85c\ub7f4 \uc6cc\ud130\ub85c\ub3c4 \uc54c\ub824\uc838 \uc788\uc73c\uba70, \ucc9c\uc5f0 \ud654\uc7a5\ud488\ud559\uc5d0\uc11c \uadc0\uc911\ud55c \uc6d0\ub8cc\uc785\ub2c8\ub2e4. \ud56d\uc5fc \ud2b9\uc131\uc744 \uac00\uc9c0\uace0 \uc788\uc2b5\ub2c8\ub2e4.","robots":{"index":"index","follow":"follow","max-snippet":"max-snippet:-1","max-image-preview":"max-image-preview:large","max-video-preview":"max-video-preview:-1"},"canonical":"https:\/\/naturalpoland.com\/ko\/je-pum\/hwa-jang-pum-won-ryo\/ha-i-deu-ro-sol\/%ec%88%98%eb%a0%88%ea%b5%ad%ed%99%94-%ed%95%98%ec%9d%b4%eb%93%9c%eb%a1%9c%ec%a1%b8\/","og_locale":"ko_KR","og_type":"article","og_description":"\uc218\ub808\uad6d\ud654 \ud558\uc774\ub4dc\ub85c\uc878\uc740 \uc218\ub808\uad6d\ud654 \ud50c\ub85c\ub7f4 \uc6cc\ud130\ub85c\ub3c4 \uc54c\ub824\uc838 \uc788\uc73c\uba70, \ucc9c\uc5f0 \ud654\uc7a5\ud488\ud559\uc5d0\uc11c \uadc0\uc911\ud55c \uc6d0\ub8cc\uc785\ub2c8\ub2e4. \ud56d\uc5fc \ud2b9\uc131\uc744 \uac00\uc9c0\uace0 \uc788\uc2b5\ub2c8\ub2e4.","og_url":"https:\/\/naturalpoland.com\/ko\/je-pum\/hwa-jang-pum-won-ryo\/ha-i-deu-ro-sol\/%ec%88%98%eb%a0%88%ea%b5%ad%ed%99%94-%ed%95%98%ec%9d%b4%eb%93%9c%eb%a1%9c%ec%a1%b8\/","og_site_name":"NATURAL POLAND - Hurtowy Dystrybutor Surowc\u00f3w","article_publisher":"https:\/\/www.facebook.com\/naturalpoland.b2b","article_modified_time":"2026-03-31T13:40:53+00:00","og_image":[{"width":614,"height":614,"url":"https:\/\/naturalpoland.com\/wp-content\/uploads\/hydrolat-z-chabra.webp","type":"image\/webp"}],"schema":{"@context":"https:\/\/schema.org","@graph":[{"@type":"WebPage","@id":"https:\/\/naturalpoland.com\/ko\/je-pum\/hwa-jang-pum-won-ryo\/ha-i-deu-ro-sol\/%ec%88%98%eb%a0%88%ea%b5%ad%ed%99%94-%ed%95%98%ec%9d%b4%eb%93%9c%eb%a1%9c%ec%a1%b8\/","url":"https:\/\/naturalpoland.com\/ko\/je-pum\/hwa-jang-pum-won-ryo\/ha-i-deu-ro-sol\/%ec%88%98%eb%a0%88%ea%b5%ad%ed%99%94-%ed%95%98%ec%9d%b4%eb%93%9c%eb%a1%9c%ec%a1%b8\/","name":"","isPartOf":{"@id":"https:\/\/naturalpoland.com\/ko\/#website"},"primaryImageOfPage":{"@id":"https:\/\/naturalpoland.com\/ko\/je-pum\/hwa-jang-pum-won-ryo\/ha-i-deu-ro-sol\/%ec%88%98%eb%a0%88%ea%b5%ad%ed%99%94-%ed%95%98%ec%9d%b4%eb%93%9c%eb%a1%9c%ec%a1%b8\/#primaryimage"},"image":{"@id":"https:\/\/naturalpoland.com\/ko\/je-pum\/hwa-jang-pum-won-ryo\/ha-i-deu-ro-sol\/%ec%88%98%eb%a0%88%ea%b5%ad%ed%99%94-%ed%95%98%ec%9d%b4%eb%93%9c%eb%a1%9c%ec%a1%b8\/#primaryimage"},"thumbnailUrl":"https:\/\/naturalpoland.com\/wp-content\/uploads\/hydrolat-z-chabra.webp","datePublished":"2024-05-20T11:21:50+00:00","dateModified":"2026-03-31T13:40:53+00:00","description":"\uc218\ub808\uad6d\ud654 \ud558\uc774\ub4dc\ub85c\uc878\uc740 \uc218\ub808\uad6d\ud654 \ud50c\ub85c\ub7f4 \uc6cc\ud130\ub85c\ub3c4 \uc54c\ub824\uc838 \uc788\uc73c\uba70, \ucc9c\uc5f0 \ud654\uc7a5\ud488\ud559\uc5d0\uc11c \uadc0\uc911\ud55c \uc6d0\ub8cc\uc785\ub2c8\ub2e4. \ud56d\uc5fc \ud2b9\uc131\uc744 \uac00\uc9c0\uace0 \uc788\uc2b5\ub2c8\ub2e4.","breadcrumb":{"@id":"https:\/\/naturalpoland.com\/ko\/je-pum\/hwa-jang-pum-won-ryo\/ha-i-deu-ro-sol\/%ec%88%98%eb%a0%88%ea%b5%ad%ed%99%94-%ed%95%98%ec%9d%b4%eb%93%9c%eb%a1%9c%ec%a1%b8\/#breadcrumb"},"inLanguage":"ko-KR","potentialAction":[{"@type":"ReadAction","target":["https:\/\/naturalpoland.com\/ko\/je-pum\/hwa-jang-pum-won-ryo\/ha-i-deu-ro-sol\/%ec%88%98%eb%a0%88%ea%b5%ad%ed%99%94-%ed%95%98%ec%9d%b4%eb%93%9c%eb%a1%9c%ec%a1%b8\/"]}]},{"@type":"ImageObject","inLanguage":"ko-KR","@id":"https:\/\/naturalpoland.com\/ko\/je-pum\/hwa-jang-pum-won-ryo\/ha-i-deu-ro-sol\/%ec%88%98%eb%a0%88%ea%b5%ad%ed%99%94-%ed%95%98%ec%9d%b4%eb%93%9c%eb%a1%9c%ec%a1%b8\/#primaryimage","url":"https:\/\/naturalpoland.com\/wp-content\/uploads\/hydrolat-z-chabra.webp","contentUrl":"https:\/\/naturalpoland.com\/wp-content\/uploads\/hydrolat-z-chabra.webp","width":614,"height":614,"caption":"\uc218\ub808\uad6d\ud654 \ud558\uc774\ub4dc\ub85c\uc878"},{"@type":"BreadcrumbList","@id":"https:\/\/naturalpoland.com\/ko\/je-pum\/hwa-jang-pum-won-ryo\/ha-i-deu-ro-sol\/%ec%88%98%eb%a0%88%ea%b5%ad%ed%99%94-%ed%95%98%ec%9d%b4%eb%93%9c%eb%a1%9c%ec%a1%b8\/#breadcrumb","itemListElement":[{"@type":"ListItem","position":1,"name":"\ud648","item":"https:\/\/naturalpoland.com\/ko\/"},{"@type":"ListItem","position":2,"name":"\uc81c\ud488","item":"https:\/\/naturalpoland.com\/ko\/%ec%a0%9c%ed%92%88\/"},{"@type":"ListItem","position":3,"name":"\uc218\ub808\uad6d\ud654 \ud558\uc774\ub4dc\ub85c\uc878"}]},{"@type":"WebSite","@id":"https:\/\/naturalpoland.com\/ko\/#website","url":"https:\/\/naturalpoland.com\/ko\/","name":"NATURAL POLAND - Hurtowy Dystrybutor Surowc\u00f3w","description":"Surowce dla przemys\u0142u spo\u017cywczego, kosmetycznego i farmaceutycznego","publisher":{"@id":"https:\/\/naturalpoland.com\/ko\/#organization"},"potentialAction":[{"@type":"SearchAction","target":{"@type":"EntryPoint","urlTemplate":"https:\/\/naturalpoland.com\/ko\/?s={search_term_string}"},"query-input":{"@type":"PropertyValueSpecification","valueRequired":true,"valueName":"search_term_string"}}],"inLanguage":"ko-KR"},{"@type":"Organization","@id":"https:\/\/naturalpoland.com\/ko\/#organization","name":"Natural Poland","url":"https:\/\/naturalpoland.com\/ko\/","logo":{"@type":"ImageObject","inLanguage":"ko-KR","@id":"https:\/\/naturalpoland.com\/ko\/#\/schema\/logo\/image\/","url":"https:\/\/naturalpoland.com\/wp-content\/uploads\/2021\/05\/natural-poland-icon.png","contentUrl":"https:\/\/naturalpoland.com\/wp-content\/uploads\/2021\/05\/natural-poland-icon.png","width":512,"height":512,"caption":"Natural Poland"},"image":{"@id":"https:\/\/naturalpoland.com\/ko\/#\/schema\/logo\/image\/"},"sameAs":["https:\/\/www.facebook.com\/naturalpoland.b2b","https:\/\/pl.linkedin.com\/company\/natural-poland","https:\/\/www.youtube.com\/channel\/UCgeGGkvOMahZo-xu_MSEWxg"]}]}},"_links":{"self":[{"href":"https:\/\/naturalpoland.com\/ko\/wp-json\/wp\/v2\/product\/47188","targetHints":{"allow":["GET"]}}],"collection":[{"href":"https:\/\/naturalpoland.com\/ko\/wp-json\/wp\/v2\/product"}],"about":[{"href":"https:\/\/naturalpoland.com\/ko\/wp-json\/wp\/v2\/types\/product"}],"wp:featuredmedia":[{"embeddable":true,"href":"https:\/\/naturalpoland.com\/ko\/wp-json\/wp\/v2\/media\/47189"}],"wp:attachment":[{"href":"https:\/\/naturalpoland.com\/ko\/wp-json\/wp\/v2\/media?parent=47188"}],"wp:term":[{"taxonomy":"product_brand","embeddable":true,"href":"https:\/\/naturalpoland.com\/ko\/wp-json\/wp\/v2\/product_brand?post=47188"},{"taxonomy":"product_cat","embeddable":true,"href":"https:\/\/naturalpoland.com\/ko\/wp-json\/wp\/v2\/product_cat?post=47188"},{"taxonomy":"product_tag","embeddable":true,"href":"https:\/\/naturalpoland.com\/ko\/wp-json\/wp\/v2\/product_tag?post=47188"}],"curies":[{"name":"wp","href":"https:\/\/api.w.org\/{rel}","templated":true}]}}