{"id":47206,"date":"2024-05-09T14:25:22","date_gmt":"2024-05-09T12:25:22","guid":{"rendered":"https:\/\/naturalpoland.com\/produkty\/uncategorized\/%ec%9d%bc%eb%9e%91%ec%9d%bc%eb%9e%91-%ed%95%98%ec%9d%b4%eb%93%9c%eb%a1%9c%ec%a1%b8\/"},"modified":"2026-03-31T15:42:20","modified_gmt":"2026-03-31T13:42:20","slug":"%ec%9d%bc%eb%9e%91%ec%9d%bc%eb%9e%91-%ed%95%98%ec%9d%b4%eb%93%9c%eb%a1%9c%ec%a1%b8","status":"publish","type":"product","link":"https:\/\/naturalpoland.com\/ko\/je-pum\/hwa-jang-pum-won-ryo\/ha-i-deu-ro-sol\/%ec%9d%bc%eb%9e%91%ec%9d%bc%eb%9e%91-%ed%95%98%ec%9d%b4%eb%93%9c%eb%a1%9c%ec%a1%b8\/","title":{"rendered":"\uc77c\ub791\uc77c\ub791 \ud558\uc774\ub4dc\ub85c\uc878"},"content":{"rendered":"<p>\ud2b9\uc131:<\/p>\n<p><strong>\uc774\uc644 \ud2b9\uc131<\/strong> \ub355\ubd84\uc5d0 \uc77c\ub791\uc77c\ub791 \ud558\uc774\ub4dc\ub85c\uc878\uc740 \uc800\ub141 \uc2a4\ud0a8\ucf00\uc5b4\uc5d0 \ud0c1\uc6d4\ud558\uba70, \ub9c8\uc74c\uc744 \uc9c4\uc815\uc2dc\ud0a4\uace0 \uc2e0\uccb4\ub97c \uc218\uba74\uc5d0 \ub300\ube44\ud558\ub3c4\ub85d \ub3d5\uc2b5\ub2c8\ub2e4. \ud1a0\ub2dd \ud6a8\uacfc\ub85c \ud53c\ubd80\uac00 \ub354\uc6b1 \uc0dd\uae30 \uc788\uace0 \ud65c\ub825 \uc788\uac8c \ubcf4\uc774\uac8c \ud558\uc5ec, \ud53c\ubd80 \ud53c\ub85c \uc9d5\ud6c4\ub85c \uace0\ubbfc\ud558\ub294 \ubd84\ub4e4\uc5d0\uac8c \ud2b9\ud788 \uc911\uc694\ud569\ub2c8\ub2e4. <\/p>\n<p><strong>\uc6a9\ub3c4<\/strong>:<\/p>\n<p>\uc77c\ub791\uc77c\ub791 \ud558\uc774\ub4dc\ub85c\uc878\uc740 \ud558\ub8e8 \uc885\uc77c \uc9c0\uce5c \ud53c\ubd80\uc5d0 \ud65c\ub825\uc744 \uc8fc\uace0 \uade0\ud615\uc744 \ud68c\ubcf5\uc2dc\ud0a4\ub294 \ubd80\ub4dc\ub7ec\uc6b4 <strong>\ud398\uc774\uc15c \ud1a0\ub108<\/strong>\ub85c \uc0ac\uc6a9\ud560 \uc218 \uc788\uc2b5\ub2c8\ub2e4. \ub610\ud55c \ud53c\ubd80 \uc7ac\uc0dd\uc744 \ub3d5\ub294 <strong>\ub9c8\uc2a4\ud06c \uc131\ubd84<\/strong>\uc73c\ub85c\ub3c4 \uc0ac\uc6a9\ud560 \uc218 \uc788\uc73c\uba70, \ucc9c\uc5f0 \uc9c4\uc815 \ud2b9\uc131\uc73c\ub85c \ubbfc\uac10\ud558\uace0 \uc790\uadf9\ubc1b\uc740 \ud53c\ubd80 \uad00\ub9ac \uc81c\ud488\uc5d0 \ud6cc\ub96d\ud55c \ucca8\uac00\uc81c\uc785\ub2c8\ub2e4. <\/p>\n<p>\ub9e4\uc77c \uc0ac\uc6a9\ud558\uba74 \ud53c\ubd80 \ucee8\ub514\uc158\uc744 \uac1c\uc120\ud560 \ubfd0\ub9cc \uc544\ub2c8\ub77c \ud648 \uc2a4\ud30c\uc5d0 \uc544\ub85c\ub9c8\ud14c\ub77c\ud53c \uc694\uc18c\ub97c \ub354\ud574 \ud734\uc2dd\uacfc \uc774\uc644\uc758 \uc21c\uac04\uc744 \uc81c\uacf5\ud569\ub2c8\ub2e4. \uc77c\ub791\uc77c\ub791 \ud558\uc774\ub4dc\ub85c\uc878\uc740 \ub2e8\uc21c\ud55c \uc2a4\ud0a8\ucf00\uc5b4 \uadf8 \uc774\uc0c1\uc73c\ub85c, \ubab8\uacfc \ub9c8\uc74c\uc744 \ubaa8\ub450 \uc9c4\uc815\uc2dc\ud0a4\ub294 \uacbd\ud5d8\uc785\ub2c8\ub2e4. <\/p>\n","protected":false},"excerpt":{"rendered":"<p>\uc77c\ub791\uc77c\ub791 \ud558\uc774\ub4dc\ub85c\uc878\uc740 \uc77c\ub791\uc77c\ub791 \ub098\ubb34 \uaf43\uc744 \uc218\uc99d\uae30 \uc99d\ub958\ud558\uc5ec \uc5bb\uc2b5\ub2c8\ub2e4. \uc2a4\ud2b8\ub808\uc2a4\uc640 \uae34\uc7a5\uc744 \uc644\ud654\ud558\ub294 \uae4a\uace0 \uc774\uad6d\uc801\uc778 \ud5a5\uc744 \uc9c0\ub2c8\uace0 \uc788\uc2b5\ub2c8\ub2e4. <\/p>\n","protected":false},"featured_media":47207,"template":"","meta":[],"product_brand":[],"product_cat":[8150],"product_tag":[],"class_list":{"0":"post-47206","1":"product","2":"type-product","3":"status-publish","4":"has-post-thumbnail","6":"product_cat-ha-i-deu-ro-sol","7":"pa_grupa-substancji-8209","9":"first","10":"instock","11":"shipping-taxable","12":"product-type-simple"},"yoast_head":"<!-- This site is optimized with the Yoast SEO plugin v27.3 - https:\/\/yoast.com\/product\/yoast-seo-wordpress\/ -->\n<title>\uc77c\ub791\uc77c\ub791 \ud558\uc774\ub4dc\ub85c\uc878 - Hurtowy Dystrybutor<\/title>\n<meta name=\"description\" content=\"\uc77c\ub791\uc77c\ub791 \ub098\ubb34 \uaf43\uc744 \uc218\uc99d\uae30 \uc99d\ub958\ud558\uc5ec \uc5bb\uc740 \uc77c\ub791\uc77c\ub791 \ud558\uc774\ub4dc\ub85c\uc878\uc740 \uc6f0\ube59 \uac1c\uc120\uc744 \uc704\ud55c \ucc9c\uc5f0 \uc194\ub8e8\uc158\uc785\ub2c8\ub2e4.\" \/>\n<meta name=\"robots\" content=\"index, follow, max-snippet:-1, max-image-preview:large, max-video-preview:-1\" \/>\n<link rel=\"canonical\" href=\"https:\/\/naturalpoland.com\/ko\/je-pum\/hwa-jang-pum-won-ryo\/ha-i-deu-ro-sol\/%ec%9d%bc%eb%9e%91%ec%9d%bc%eb%9e%91-%ed%95%98%ec%9d%b4%eb%93%9c%eb%a1%9c%ec%a1%b8\/\" \/>\n<meta property=\"og:locale\" content=\"ko_KR\" \/>\n<meta property=\"og:type\" content=\"article\" \/>\n<meta property=\"og:title\" content=\"\uc77c\ub791\uc77c\ub791 \ud558\uc774\ub4dc\ub85c\uc878 - Hurtowy Dystrybutor\" \/>\n<meta property=\"og:description\" content=\"\uc77c\ub791\uc77c\ub791 \ub098\ubb34 \uaf43\uc744 \uc218\uc99d\uae30 \uc99d\ub958\ud558\uc5ec \uc5bb\uc740 \uc77c\ub791\uc77c\ub791 \ud558\uc774\ub4dc\ub85c\uc878\uc740 \uc6f0\ube59 \uac1c\uc120\uc744 \uc704\ud55c \ucc9c\uc5f0 \uc194\ub8e8\uc158\uc785\ub2c8\ub2e4.\" \/>\n<meta property=\"og:url\" content=\"https:\/\/naturalpoland.com\/ko\/je-pum\/hwa-jang-pum-won-ryo\/ha-i-deu-ro-sol\/%ec%9d%bc%eb%9e%91%ec%9d%bc%eb%9e%91-%ed%95%98%ec%9d%b4%eb%93%9c%eb%a1%9c%ec%a1%b8\/\" \/>\n<meta property=\"og:site_name\" content=\"NATURAL POLAND - Hurtowy Dystrybutor Surowc\u00f3w\" \/>\n<meta property=\"article:publisher\" content=\"https:\/\/www.facebook.com\/naturalpoland.b2b\" \/>\n<meta property=\"article:modified_time\" content=\"2026-03-31T13:42:20+00:00\" \/>\n<meta property=\"og:image\" content=\"https:\/\/naturalpoland.com\/wp-content\/uploads\/hydrolat_ylang-ylang.webp\" \/>\n\t<meta property=\"og:image:width\" content=\"614\" \/>\n\t<meta property=\"og:image:height\" content=\"614\" \/>\n\t<meta property=\"og:image:type\" content=\"image\/webp\" \/>\n<script type=\"application\/ld+json\" class=\"yoast-schema-graph\">{\"@context\":\"https:\\\/\\\/schema.org\",\"@graph\":[{\"@type\":\"WebPage\",\"@id\":\"https:\\\/\\\/naturalpoland.com\\\/ko\\\/je-pum\\\/hwa-jang-pum-won-ryo\\\/ha-i-deu-ro-sol\\\/%ec%9d%bc%eb%9e%91%ec%9d%bc%eb%9e%91-%ed%95%98%ec%9d%b4%eb%93%9c%eb%a1%9c%ec%a1%b8\\\/\",\"url\":\"https:\\\/\\\/naturalpoland.com\\\/ko\\\/je-pum\\\/hwa-jang-pum-won-ryo\\\/ha-i-deu-ro-sol\\\/%ec%9d%bc%eb%9e%91%ec%9d%bc%eb%9e%91-%ed%95%98%ec%9d%b4%eb%93%9c%eb%a1%9c%ec%a1%b8\\\/\",\"name\":\"\uc77c\ub791\uc77c\ub791 \ud558\uc774\ub4dc\ub85c\uc878 - Hurtowy Dystrybutor\",\"isPartOf\":{\"@id\":\"https:\\\/\\\/naturalpoland.com\\\/ko\\\/#website\"},\"primaryImageOfPage\":{\"@id\":\"https:\\\/\\\/naturalpoland.com\\\/ko\\\/je-pum\\\/hwa-jang-pum-won-ryo\\\/ha-i-deu-ro-sol\\\/%ec%9d%bc%eb%9e%91%ec%9d%bc%eb%9e%91-%ed%95%98%ec%9d%b4%eb%93%9c%eb%a1%9c%ec%a1%b8\\\/#primaryimage\"},\"image\":{\"@id\":\"https:\\\/\\\/naturalpoland.com\\\/ko\\\/je-pum\\\/hwa-jang-pum-won-ryo\\\/ha-i-deu-ro-sol\\\/%ec%9d%bc%eb%9e%91%ec%9d%bc%eb%9e%91-%ed%95%98%ec%9d%b4%eb%93%9c%eb%a1%9c%ec%a1%b8\\\/#primaryimage\"},\"thumbnailUrl\":\"https:\\\/\\\/naturalpoland.com\\\/wp-content\\\/uploads\\\/hydrolat_ylang-ylang.webp\",\"datePublished\":\"2024-05-09T12:25:22+00:00\",\"dateModified\":\"2026-03-31T13:42:20+00:00\",\"description\":\"\uc77c\ub791\uc77c\ub791 \ub098\ubb34 \uaf43\uc744 \uc218\uc99d\uae30 \uc99d\ub958\ud558\uc5ec \uc5bb\uc740 \uc77c\ub791\uc77c\ub791 \ud558\uc774\ub4dc\ub85c\uc878\uc740 \uc6f0\ube59 \uac1c\uc120\uc744 \uc704\ud55c \ucc9c\uc5f0 \uc194\ub8e8\uc158\uc785\ub2c8\ub2e4.\",\"breadcrumb\":{\"@id\":\"https:\\\/\\\/naturalpoland.com\\\/ko\\\/je-pum\\\/hwa-jang-pum-won-ryo\\\/ha-i-deu-ro-sol\\\/%ec%9d%bc%eb%9e%91%ec%9d%bc%eb%9e%91-%ed%95%98%ec%9d%b4%eb%93%9c%eb%a1%9c%ec%a1%b8\\\/#breadcrumb\"},\"inLanguage\":\"ko-KR\",\"potentialAction\":[{\"@type\":\"ReadAction\",\"target\":[\"https:\\\/\\\/naturalpoland.com\\\/ko\\\/je-pum\\\/hwa-jang-pum-won-ryo\\\/ha-i-deu-ro-sol\\\/%ec%9d%bc%eb%9e%91%ec%9d%bc%eb%9e%91-%ed%95%98%ec%9d%b4%eb%93%9c%eb%a1%9c%ec%a1%b8\\\/\"]}]},{\"@type\":\"ImageObject\",\"inLanguage\":\"ko-KR\",\"@id\":\"https:\\\/\\\/naturalpoland.com\\\/ko\\\/je-pum\\\/hwa-jang-pum-won-ryo\\\/ha-i-deu-ro-sol\\\/%ec%9d%bc%eb%9e%91%ec%9d%bc%eb%9e%91-%ed%95%98%ec%9d%b4%eb%93%9c%eb%a1%9c%ec%a1%b8\\\/#primaryimage\",\"url\":\"https:\\\/\\\/naturalpoland.com\\\/wp-content\\\/uploads\\\/hydrolat_ylang-ylang.webp\",\"contentUrl\":\"https:\\\/\\\/naturalpoland.com\\\/wp-content\\\/uploads\\\/hydrolat_ylang-ylang.webp\",\"width\":614,\"height\":614,\"caption\":\"\uc77c\ub791\uc77c\ub791 \ud558\uc774\ub4dc\ub85c\uc878\"},{\"@type\":\"BreadcrumbList\",\"@id\":\"https:\\\/\\\/naturalpoland.com\\\/ko\\\/je-pum\\\/hwa-jang-pum-won-ryo\\\/ha-i-deu-ro-sol\\\/%ec%9d%bc%eb%9e%91%ec%9d%bc%eb%9e%91-%ed%95%98%ec%9d%b4%eb%93%9c%eb%a1%9c%ec%a1%b8\\\/#breadcrumb\",\"itemListElement\":[{\"@type\":\"ListItem\",\"position\":1,\"name\":\"\ud648\",\"item\":\"https:\\\/\\\/naturalpoland.com\\\/ko\\\/\"},{\"@type\":\"ListItem\",\"position\":2,\"name\":\"\uc81c\ud488\",\"item\":\"https:\\\/\\\/naturalpoland.com\\\/ko\\\/%ec%a0%9c%ed%92%88\\\/\"},{\"@type\":\"ListItem\",\"position\":3,\"name\":\"\uc77c\ub791\uc77c\ub791 \ud558\uc774\ub4dc\ub85c\uc878\"}]},{\"@type\":\"WebSite\",\"@id\":\"https:\\\/\\\/naturalpoland.com\\\/ko\\\/#website\",\"url\":\"https:\\\/\\\/naturalpoland.com\\\/ko\\\/\",\"name\":\"NATURAL POLAND - Hurtowy Dystrybutor Surowc\u00f3w\",\"description\":\"Surowce dla przemys\u0142u spo\u017cywczego, kosmetycznego i farmaceutycznego\",\"publisher\":{\"@id\":\"https:\\\/\\\/naturalpoland.com\\\/ko\\\/#organization\"},\"potentialAction\":[{\"@type\":\"SearchAction\",\"target\":{\"@type\":\"EntryPoint\",\"urlTemplate\":\"https:\\\/\\\/naturalpoland.com\\\/ko\\\/?s={search_term_string}\"},\"query-input\":{\"@type\":\"PropertyValueSpecification\",\"valueRequired\":true,\"valueName\":\"search_term_string\"}}],\"inLanguage\":\"ko-KR\"},{\"@type\":\"Organization\",\"@id\":\"https:\\\/\\\/naturalpoland.com\\\/ko\\\/#organization\",\"name\":\"Natural Poland\",\"url\":\"https:\\\/\\\/naturalpoland.com\\\/ko\\\/\",\"logo\":{\"@type\":\"ImageObject\",\"inLanguage\":\"ko-KR\",\"@id\":\"https:\\\/\\\/naturalpoland.com\\\/ko\\\/#\\\/schema\\\/logo\\\/image\\\/\",\"url\":\"https:\\\/\\\/naturalpoland.com\\\/wp-content\\\/uploads\\\/2021\\\/05\\\/natural-poland-icon.png\",\"contentUrl\":\"https:\\\/\\\/naturalpoland.com\\\/wp-content\\\/uploads\\\/2021\\\/05\\\/natural-poland-icon.png\",\"width\":512,\"height\":512,\"caption\":\"Natural Poland\"},\"image\":{\"@id\":\"https:\\\/\\\/naturalpoland.com\\\/ko\\\/#\\\/schema\\\/logo\\\/image\\\/\"},\"sameAs\":[\"https:\\\/\\\/www.facebook.com\\\/naturalpoland.b2b\",\"https:\\\/\\\/pl.linkedin.com\\\/company\\\/natural-poland\",\"https:\\\/\\\/www.youtube.com\\\/channel\\\/UCgeGGkvOMahZo-xu_MSEWxg\"]}]}<\/script>\n<!-- \/ Yoast SEO plugin. -->","yoast_head_json":{"title":"\uc77c\ub791\uc77c\ub791 \ud558\uc774\ub4dc\ub85c\uc878 - Hurtowy Dystrybutor","description":"\uc77c\ub791\uc77c\ub791 \ub098\ubb34 \uaf43\uc744 \uc218\uc99d\uae30 \uc99d\ub958\ud558\uc5ec \uc5bb\uc740 \uc77c\ub791\uc77c\ub791 \ud558\uc774\ub4dc\ub85c\uc878\uc740 \uc6f0\ube59 \uac1c\uc120\uc744 \uc704\ud55c \ucc9c\uc5f0 \uc194\ub8e8\uc158\uc785\ub2c8\ub2e4.","robots":{"index":"index","follow":"follow","max-snippet":"max-snippet:-1","max-image-preview":"max-image-preview:large","max-video-preview":"max-video-preview:-1"},"canonical":"https:\/\/naturalpoland.com\/ko\/je-pum\/hwa-jang-pum-won-ryo\/ha-i-deu-ro-sol\/%ec%9d%bc%eb%9e%91%ec%9d%bc%eb%9e%91-%ed%95%98%ec%9d%b4%eb%93%9c%eb%a1%9c%ec%a1%b8\/","og_locale":"ko_KR","og_type":"article","og_title":"\uc77c\ub791\uc77c\ub791 \ud558\uc774\ub4dc\ub85c\uc878 - Hurtowy Dystrybutor","og_description":"\uc77c\ub791\uc77c\ub791 \ub098\ubb34 \uaf43\uc744 \uc218\uc99d\uae30 \uc99d\ub958\ud558\uc5ec \uc5bb\uc740 \uc77c\ub791\uc77c\ub791 \ud558\uc774\ub4dc\ub85c\uc878\uc740 \uc6f0\ube59 \uac1c\uc120\uc744 \uc704\ud55c \ucc9c\uc5f0 \uc194\ub8e8\uc158\uc785\ub2c8\ub2e4.","og_url":"https:\/\/naturalpoland.com\/ko\/je-pum\/hwa-jang-pum-won-ryo\/ha-i-deu-ro-sol\/%ec%9d%bc%eb%9e%91%ec%9d%bc%eb%9e%91-%ed%95%98%ec%9d%b4%eb%93%9c%eb%a1%9c%ec%a1%b8\/","og_site_name":"NATURAL POLAND - Hurtowy Dystrybutor Surowc\u00f3w","article_publisher":"https:\/\/www.facebook.com\/naturalpoland.b2b","article_modified_time":"2026-03-31T13:42:20+00:00","og_image":[{"width":614,"height":614,"url":"https:\/\/naturalpoland.com\/wp-content\/uploads\/hydrolat_ylang-ylang.webp","type":"image\/webp"}],"schema":{"@context":"https:\/\/schema.org","@graph":[{"@type":"WebPage","@id":"https:\/\/naturalpoland.com\/ko\/je-pum\/hwa-jang-pum-won-ryo\/ha-i-deu-ro-sol\/%ec%9d%bc%eb%9e%91%ec%9d%bc%eb%9e%91-%ed%95%98%ec%9d%b4%eb%93%9c%eb%a1%9c%ec%a1%b8\/","url":"https:\/\/naturalpoland.com\/ko\/je-pum\/hwa-jang-pum-won-ryo\/ha-i-deu-ro-sol\/%ec%9d%bc%eb%9e%91%ec%9d%bc%eb%9e%91-%ed%95%98%ec%9d%b4%eb%93%9c%eb%a1%9c%ec%a1%b8\/","name":"\uc77c\ub791\uc77c\ub791 \ud558\uc774\ub4dc\ub85c\uc878 - Hurtowy Dystrybutor","isPartOf":{"@id":"https:\/\/naturalpoland.com\/ko\/#website"},"primaryImageOfPage":{"@id":"https:\/\/naturalpoland.com\/ko\/je-pum\/hwa-jang-pum-won-ryo\/ha-i-deu-ro-sol\/%ec%9d%bc%eb%9e%91%ec%9d%bc%eb%9e%91-%ed%95%98%ec%9d%b4%eb%93%9c%eb%a1%9c%ec%a1%b8\/#primaryimage"},"image":{"@id":"https:\/\/naturalpoland.com\/ko\/je-pum\/hwa-jang-pum-won-ryo\/ha-i-deu-ro-sol\/%ec%9d%bc%eb%9e%91%ec%9d%bc%eb%9e%91-%ed%95%98%ec%9d%b4%eb%93%9c%eb%a1%9c%ec%a1%b8\/#primaryimage"},"thumbnailUrl":"https:\/\/naturalpoland.com\/wp-content\/uploads\/hydrolat_ylang-ylang.webp","datePublished":"2024-05-09T12:25:22+00:00","dateModified":"2026-03-31T13:42:20+00:00","description":"\uc77c\ub791\uc77c\ub791 \ub098\ubb34 \uaf43\uc744 \uc218\uc99d\uae30 \uc99d\ub958\ud558\uc5ec \uc5bb\uc740 \uc77c\ub791\uc77c\ub791 \ud558\uc774\ub4dc\ub85c\uc878\uc740 \uc6f0\ube59 \uac1c\uc120\uc744 \uc704\ud55c \ucc9c\uc5f0 \uc194\ub8e8\uc158\uc785\ub2c8\ub2e4.","breadcrumb":{"@id":"https:\/\/naturalpoland.com\/ko\/je-pum\/hwa-jang-pum-won-ryo\/ha-i-deu-ro-sol\/%ec%9d%bc%eb%9e%91%ec%9d%bc%eb%9e%91-%ed%95%98%ec%9d%b4%eb%93%9c%eb%a1%9c%ec%a1%b8\/#breadcrumb"},"inLanguage":"ko-KR","potentialAction":[{"@type":"ReadAction","target":["https:\/\/naturalpoland.com\/ko\/je-pum\/hwa-jang-pum-won-ryo\/ha-i-deu-ro-sol\/%ec%9d%bc%eb%9e%91%ec%9d%bc%eb%9e%91-%ed%95%98%ec%9d%b4%eb%93%9c%eb%a1%9c%ec%a1%b8\/"]}]},{"@type":"ImageObject","inLanguage":"ko-KR","@id":"https:\/\/naturalpoland.com\/ko\/je-pum\/hwa-jang-pum-won-ryo\/ha-i-deu-ro-sol\/%ec%9d%bc%eb%9e%91%ec%9d%bc%eb%9e%91-%ed%95%98%ec%9d%b4%eb%93%9c%eb%a1%9c%ec%a1%b8\/#primaryimage","url":"https:\/\/naturalpoland.com\/wp-content\/uploads\/hydrolat_ylang-ylang.webp","contentUrl":"https:\/\/naturalpoland.com\/wp-content\/uploads\/hydrolat_ylang-ylang.webp","width":614,"height":614,"caption":"\uc77c\ub791\uc77c\ub791 \ud558\uc774\ub4dc\ub85c\uc878"},{"@type":"BreadcrumbList","@id":"https:\/\/naturalpoland.com\/ko\/je-pum\/hwa-jang-pum-won-ryo\/ha-i-deu-ro-sol\/%ec%9d%bc%eb%9e%91%ec%9d%bc%eb%9e%91-%ed%95%98%ec%9d%b4%eb%93%9c%eb%a1%9c%ec%a1%b8\/#breadcrumb","itemListElement":[{"@type":"ListItem","position":1,"name":"\ud648","item":"https:\/\/naturalpoland.com\/ko\/"},{"@type":"ListItem","position":2,"name":"\uc81c\ud488","item":"https:\/\/naturalpoland.com\/ko\/%ec%a0%9c%ed%92%88\/"},{"@type":"ListItem","position":3,"name":"\uc77c\ub791\uc77c\ub791 \ud558\uc774\ub4dc\ub85c\uc878"}]},{"@type":"WebSite","@id":"https:\/\/naturalpoland.com\/ko\/#website","url":"https:\/\/naturalpoland.com\/ko\/","name":"NATURAL POLAND - Hurtowy Dystrybutor Surowc\u00f3w","description":"Surowce dla przemys\u0142u spo\u017cywczego, kosmetycznego i farmaceutycznego","publisher":{"@id":"https:\/\/naturalpoland.com\/ko\/#organization"},"potentialAction":[{"@type":"SearchAction","target":{"@type":"EntryPoint","urlTemplate":"https:\/\/naturalpoland.com\/ko\/?s={search_term_string}"},"query-input":{"@type":"PropertyValueSpecification","valueRequired":true,"valueName":"search_term_string"}}],"inLanguage":"ko-KR"},{"@type":"Organization","@id":"https:\/\/naturalpoland.com\/ko\/#organization","name":"Natural Poland","url":"https:\/\/naturalpoland.com\/ko\/","logo":{"@type":"ImageObject","inLanguage":"ko-KR","@id":"https:\/\/naturalpoland.com\/ko\/#\/schema\/logo\/image\/","url":"https:\/\/naturalpoland.com\/wp-content\/uploads\/2021\/05\/natural-poland-icon.png","contentUrl":"https:\/\/naturalpoland.com\/wp-content\/uploads\/2021\/05\/natural-poland-icon.png","width":512,"height":512,"caption":"Natural Poland"},"image":{"@id":"https:\/\/naturalpoland.com\/ko\/#\/schema\/logo\/image\/"},"sameAs":["https:\/\/www.facebook.com\/naturalpoland.b2b","https:\/\/pl.linkedin.com\/company\/natural-poland","https:\/\/www.youtube.com\/channel\/UCgeGGkvOMahZo-xu_MSEWxg"]}]}},"_links":{"self":[{"href":"https:\/\/naturalpoland.com\/ko\/wp-json\/wp\/v2\/product\/47206","targetHints":{"allow":["GET"]}}],"collection":[{"href":"https:\/\/naturalpoland.com\/ko\/wp-json\/wp\/v2\/product"}],"about":[{"href":"https:\/\/naturalpoland.com\/ko\/wp-json\/wp\/v2\/types\/product"}],"wp:featuredmedia":[{"embeddable":true,"href":"https:\/\/naturalpoland.com\/ko\/wp-json\/wp\/v2\/media\/47207"}],"wp:attachment":[{"href":"https:\/\/naturalpoland.com\/ko\/wp-json\/wp\/v2\/media?parent=47206"}],"wp:term":[{"taxonomy":"product_brand","embeddable":true,"href":"https:\/\/naturalpoland.com\/ko\/wp-json\/wp\/v2\/product_brand?post=47206"},{"taxonomy":"product_cat","embeddable":true,"href":"https:\/\/naturalpoland.com\/ko\/wp-json\/wp\/v2\/product_cat?post=47206"},{"taxonomy":"product_tag","embeddable":true,"href":"https:\/\/naturalpoland.com\/ko\/wp-json\/wp\/v2\/product_tag?post=47206"}],"curies":[{"name":"wp","href":"https:\/\/api.w.org\/{rel}","templated":true}]}}