{"id":47210,"date":"2024-07-09T14:27:27","date_gmt":"2024-07-09T12:27:27","guid":{"rendered":"https:\/\/naturalpoland.com\/produkty\/uncategorized\/%eb%8b%b9%ea%b7%bc-%ed%95%98%ec%9d%b4%eb%93%9c%eb%a1%9c%ec%a1%b8\/"},"modified":"2026-03-31T15:53:09","modified_gmt":"2026-03-31T13:53:09","slug":"%eb%8b%b9%ea%b7%bc-%ed%95%98%ec%9d%b4%eb%93%9c%eb%a1%9c%ec%a1%b8","status":"publish","type":"product","link":"https:\/\/naturalpoland.com\/ko\/je-pum\/hwa-jang-pum-won-ryo\/ha-i-deu-ro-sol\/%eb%8b%b9%ea%b7%bc-%ed%95%98%ec%9d%b4%eb%93%9c%eb%a1%9c%ec%a1%b8\/","title":{"rendered":"\ub2f9\uadfc \ud558\uc774\ub4dc\ub85c\uc878"},"content":{"rendered":"<h2>\uc131\ubd84 \ubc0f \ud488\uc9c8:<\/h2>\n<p>\ub2f9\uadfc \ud558\uc774\ub4dc\ub85c\uc878\uc740 \uc81c\ud488 \uad6c\uc131\uc758 99.2-99.3%\ub97c \ucc28\uc9c0\ud558\uba70, pH \uc548\uc815\ud654 \ubc0f \ubc29\ubd80\uc81c \uc5ed\ud560\uc744 \uc704\ud574 \ubca4\uc870\uc0b0\ub098\ud2b8\ub968(0.4%), \uc18c\ub974\ube48\uc0b0\uce7c\ub968(0.2%), \uad6c\uc5f0\uc0b0(0.1-0.2%)\uc744 \ucd94\uac00\uc801\uc73c\ub85c \ud568\uc720\ud558\uace0 \uc788\uc2b5\ub2c8\ub2e4. \uc774\ub7ec\ud55c \ucca8\uac00\ubb3c\uc740 \uc81c\ud488\uc744 \ubbf8\uc0dd\ubb3c \ubc0f \uc624\uc5fc\uc73c\ub85c\ubd80\ud130 \ubcf4\ud638\ud558\uc5ec \ub354 \uae34 \uc720\ud1b5 \uae30\ud55c\uacfc \uc548\uc804\ud55c \uc0ac\uc6a9\uc744 \ubcf4\uc7a5\ud569\ub2c8\ub2e4. <\/p>\n<h2>\ud2b9\uc131:<\/h2>\n<p>\ub2f9\uadfc \ud558\uc774\ub4dc\ub85c\uc878\uc740 <strong><a href=\"https:\/\/naturalpoland.com\/ko\/je-pum\/ui-yak-pum-won-ryo\/geon-gang-gi-neung-sig-pum-cheom-ga-mul\/betakarotin-100-cheonnyeon\/\">\ubca0\ud0c0\uce74\ub85c\ud2f4<\/a><\/strong> \ud568\ub7c9\uc774 \ub192\uc544 \ud56d\uc0b0\ud654 \ud2b9\uc131\uc73c\ub85c \uc798 \uc54c\ub824\uc838 \uc788\uc73c\uba70, \uc774\ub294 <strong><a href=\"https:\/\/naturalpoland.com\/ko\/je-pum\/hwa-jang-pum-won-ryo\/hwa-jang-pum-won-ryo-ko\/bitamin-a\/\">\ube44\ud0c0\ubbfc A<\/a><\/strong>\uc758 \uc804\uad6c\uccb4\uc785\ub2c8\ub2e4. \uc7ac\uc0dd\uc774 \ud544\uc694\ud55c \ud53c\ubd80\ubfd0\ub9cc \uc544\ub2c8\ub77c \uc548\ud2f0\uc5d0\uc774\uc9d5 \uc81c\ud488\uc758 \uc131\ubd84\uc73c\ub85c\ub3c4 \uc774\uc0c1\uc801\uc785\ub2c8\ub2e4. \ud558\uc774\ub4dc\ub85c\uc878\uc744 \uafb8\uc900\ud788 \uc0ac\uc6a9\ud558\uba74 \ud53c\ubd80 \ud1a4 \uac1c\uc120, \ud0c4\ub825 \uc99d\uc9c4 \ubc0f \ubcf4\uc2b5\uc5d0 \ub3c4\uc6c0\uc774 \ub420 \uc218 \uc788\uc2b5\ub2c8\ub2e4.  <\/p>\n<h2>\uc801\uc6a9 \ubd84\uc57c:<\/h2>\n<p>\ub2f9\uadfc \ud558\uc774\ub4dc\ub85c\uc878\uc740 \ud398\uc774\uc15c \ud1a0\ub108, \ubc14\ub514 \ubbf8\uc2a4\ud2b8, \uadf8\ub9ac\uace0 \ub9c8\uc2a4\ud06c\ud329\uc774\ub098 \ud06c\ub9bc\uacfc \uac19\uc740 \ud648\uba54\uc774\ub4dc \ub808\uc2dc\ud53c\uc758 \uc131\ubd84\uc73c\ub85c \uc0ac\uc6a9\ub420 \uc218 \uc788\uc2b5\ub2c8\ub2e4. \uc21c\ud55c \ud3ec\ubbac\ub7ec\ub85c \ubbfc\uac10\uc131 \ud53c\ubd80\uc5d0\ub3c4 \uc801\ud569\ud569\ub2c8\ub2e4. <\/p>\n<p>&nbsp;<\/p>\n","protected":false},"excerpt":{"rendered":"<p>\ub2f9\uadfc \ud558\uc774\ub4dc\ub85c\uc878\uc740 \ub2f9\uadfc(<em>Daucus Carota Sativa<\/em>)\uc5d0\uc11c \ucd94\ucd9c\ud55c \ubd80\ub4dc\ub7ec\uc6b4 \uc218\uc131 \ucd94\ucd9c\ubb3c\uc785\ub2c8\ub2e4. \uc601\uc591 \ubc0f \uc7ac\uc0dd \ud2b9\uc131 \ub355\ubd84\uc5d0 \uc774 \ud558\uc774\ub4dc\ub85c\uc878\uc740 \ucc9c\uc5f0 \ud654\uc7a5\ud488\uc5d0\uc11c \ud1a0\ub108, \ub9c8\uc2a4\ud06c\ud329 \ubc0f \uae30\ud0c0 \uc2a4\ud0a8\ucf00\uc5b4 \uc81c\ud488\uc758 \uc131\ubd84\uc73c\ub85c \ub192\uc774 \ud3c9\uac00\ubc1b\uace0 \uc788\uc2b5\ub2c8\ub2e4. <\/p>\n<p>&nbsp;<\/p>\n","protected":false},"featured_media":47211,"template":"","meta":[],"product_brand":[],"product_cat":[8150],"product_tag":[],"class_list":{"0":"post-47210","1":"product","2":"type-product","3":"status-publish","4":"has-post-thumbnail","6":"product_cat-ha-i-deu-ro-sol","8":"first","9":"instock","10":"shipping-taxable","11":"product-type-simple"},"yoast_head":"<!-- This site is optimized with the Yoast SEO plugin v27.3 - https:\/\/yoast.com\/product\/yoast-seo-wordpress\/ -->\n<title>NATURAL POLAND &#8211; Hurtowy Dystrybutor Surowc\u00f3w<\/title>\n<meta name=\"description\" content=\"\ub2f9\uadfc \ud558\uc774\ub4dc\ub85c\uc878\uc740 \uc601\uc591 \ubc0f \uc7ac\uc0dd \ud2b9\uc131 \ub355\ubd84\uc5d0 \ub2e4\uc591\ud55c \uc2a4\ud0a8\ucf00\uc5b4 \uc81c\ud488\uc5d0 \ud65c\uc6a9\ub429\ub2c8\ub2e4.\" \/>\n<meta name=\"robots\" content=\"index, follow, max-snippet:-1, max-image-preview:large, max-video-preview:-1\" \/>\n<link rel=\"canonical\" href=\"https:\/\/naturalpoland.com\/ko\/je-pum\/hwa-jang-pum-won-ryo\/ha-i-deu-ro-sol\/%eb%8b%b9%ea%b7%bc-%ed%95%98%ec%9d%b4%eb%93%9c%eb%a1%9c%ec%a1%b8\/\" \/>\n<meta property=\"og:locale\" content=\"ko_KR\" \/>\n<meta property=\"og:type\" content=\"article\" \/>\n<meta property=\"og:description\" content=\"\ub2f9\uadfc \ud558\uc774\ub4dc\ub85c\uc878\uc740 \uc601\uc591 \ubc0f \uc7ac\uc0dd \ud2b9\uc131 \ub355\ubd84\uc5d0 \ub2e4\uc591\ud55c \uc2a4\ud0a8\ucf00\uc5b4 \uc81c\ud488\uc5d0 \ud65c\uc6a9\ub429\ub2c8\ub2e4.\" \/>\n<meta property=\"og:url\" content=\"https:\/\/naturalpoland.com\/ko\/je-pum\/hwa-jang-pum-won-ryo\/ha-i-deu-ro-sol\/%eb%8b%b9%ea%b7%bc-%ed%95%98%ec%9d%b4%eb%93%9c%eb%a1%9c%ec%a1%b8\/\" \/>\n<meta property=\"og:site_name\" content=\"NATURAL POLAND - Hurtowy Dystrybutor Surowc\u00f3w\" \/>\n<meta property=\"article:publisher\" content=\"https:\/\/www.facebook.com\/naturalpoland.b2b\" \/>\n<meta property=\"article:modified_time\" content=\"2026-03-31T13:53:09+00:00\" \/>\n<meta property=\"og:image\" content=\"https:\/\/naturalpoland.com\/wp-content\/uploads\/hydrolat-z-marchwi.webp\" \/>\n\t<meta property=\"og:image:width\" content=\"615\" \/>\n\t<meta property=\"og:image:height\" content=\"615\" \/>\n\t<meta property=\"og:image:type\" content=\"image\/webp\" \/>\n<script type=\"application\/ld+json\" class=\"yoast-schema-graph\">{\"@context\":\"https:\\\/\\\/schema.org\",\"@graph\":[{\"@type\":\"WebPage\",\"@id\":\"https:\\\/\\\/naturalpoland.com\\\/ko\\\/je-pum\\\/hwa-jang-pum-won-ryo\\\/ha-i-deu-ro-sol\\\/%eb%8b%b9%ea%b7%bc-%ed%95%98%ec%9d%b4%eb%93%9c%eb%a1%9c%ec%a1%b8\\\/\",\"url\":\"https:\\\/\\\/naturalpoland.com\\\/ko\\\/je-pum\\\/hwa-jang-pum-won-ryo\\\/ha-i-deu-ro-sol\\\/%eb%8b%b9%ea%b7%bc-%ed%95%98%ec%9d%b4%eb%93%9c%eb%a1%9c%ec%a1%b8\\\/\",\"name\":\"\",\"isPartOf\":{\"@id\":\"https:\\\/\\\/naturalpoland.com\\\/ko\\\/#website\"},\"primaryImageOfPage\":{\"@id\":\"https:\\\/\\\/naturalpoland.com\\\/ko\\\/je-pum\\\/hwa-jang-pum-won-ryo\\\/ha-i-deu-ro-sol\\\/%eb%8b%b9%ea%b7%bc-%ed%95%98%ec%9d%b4%eb%93%9c%eb%a1%9c%ec%a1%b8\\\/#primaryimage\"},\"image\":{\"@id\":\"https:\\\/\\\/naturalpoland.com\\\/ko\\\/je-pum\\\/hwa-jang-pum-won-ryo\\\/ha-i-deu-ro-sol\\\/%eb%8b%b9%ea%b7%bc-%ed%95%98%ec%9d%b4%eb%93%9c%eb%a1%9c%ec%a1%b8\\\/#primaryimage\"},\"thumbnailUrl\":\"https:\\\/\\\/naturalpoland.com\\\/wp-content\\\/uploads\\\/hydrolat-z-marchwi.webp\",\"datePublished\":\"2024-07-09T12:27:27+00:00\",\"dateModified\":\"2026-03-31T13:53:09+00:00\",\"description\":\"\ub2f9\uadfc \ud558\uc774\ub4dc\ub85c\uc878\uc740 \uc601\uc591 \ubc0f \uc7ac\uc0dd \ud2b9\uc131 \ub355\ubd84\uc5d0 \ub2e4\uc591\ud55c \uc2a4\ud0a8\ucf00\uc5b4 \uc81c\ud488\uc5d0 \ud65c\uc6a9\ub429\ub2c8\ub2e4.\",\"breadcrumb\":{\"@id\":\"https:\\\/\\\/naturalpoland.com\\\/ko\\\/je-pum\\\/hwa-jang-pum-won-ryo\\\/ha-i-deu-ro-sol\\\/%eb%8b%b9%ea%b7%bc-%ed%95%98%ec%9d%b4%eb%93%9c%eb%a1%9c%ec%a1%b8\\\/#breadcrumb\"},\"inLanguage\":\"ko-KR\",\"potentialAction\":[{\"@type\":\"ReadAction\",\"target\":[\"https:\\\/\\\/naturalpoland.com\\\/ko\\\/je-pum\\\/hwa-jang-pum-won-ryo\\\/ha-i-deu-ro-sol\\\/%eb%8b%b9%ea%b7%bc-%ed%95%98%ec%9d%b4%eb%93%9c%eb%a1%9c%ec%a1%b8\\\/\"]}]},{\"@type\":\"ImageObject\",\"inLanguage\":\"ko-KR\",\"@id\":\"https:\\\/\\\/naturalpoland.com\\\/ko\\\/je-pum\\\/hwa-jang-pum-won-ryo\\\/ha-i-deu-ro-sol\\\/%eb%8b%b9%ea%b7%bc-%ed%95%98%ec%9d%b4%eb%93%9c%eb%a1%9c%ec%a1%b8\\\/#primaryimage\",\"url\":\"https:\\\/\\\/naturalpoland.com\\\/wp-content\\\/uploads\\\/hydrolat-z-marchwi.webp\",\"contentUrl\":\"https:\\\/\\\/naturalpoland.com\\\/wp-content\\\/uploads\\\/hydrolat-z-marchwi.webp\",\"width\":615,\"height\":615,\"caption\":\"\ub2f9\uadfc \ud558\uc774\ub4dc\ub85c\uc878\"},{\"@type\":\"BreadcrumbList\",\"@id\":\"https:\\\/\\\/naturalpoland.com\\\/ko\\\/je-pum\\\/hwa-jang-pum-won-ryo\\\/ha-i-deu-ro-sol\\\/%eb%8b%b9%ea%b7%bc-%ed%95%98%ec%9d%b4%eb%93%9c%eb%a1%9c%ec%a1%b8\\\/#breadcrumb\",\"itemListElement\":[{\"@type\":\"ListItem\",\"position\":1,\"name\":\"\ud648\",\"item\":\"https:\\\/\\\/naturalpoland.com\\\/ko\\\/\"},{\"@type\":\"ListItem\",\"position\":2,\"name\":\"\uc81c\ud488\",\"item\":\"https:\\\/\\\/naturalpoland.com\\\/ko\\\/%ec%a0%9c%ed%92%88\\\/\"},{\"@type\":\"ListItem\",\"position\":3,\"name\":\"\ub2f9\uadfc \ud558\uc774\ub4dc\ub85c\uc878\"}]},{\"@type\":\"WebSite\",\"@id\":\"https:\\\/\\\/naturalpoland.com\\\/ko\\\/#website\",\"url\":\"https:\\\/\\\/naturalpoland.com\\\/ko\\\/\",\"name\":\"NATURAL POLAND - Hurtowy Dystrybutor Surowc\u00f3w\",\"description\":\"Surowce dla przemys\u0142u spo\u017cywczego, kosmetycznego i farmaceutycznego\",\"publisher\":{\"@id\":\"https:\\\/\\\/naturalpoland.com\\\/ko\\\/#organization\"},\"potentialAction\":[{\"@type\":\"SearchAction\",\"target\":{\"@type\":\"EntryPoint\",\"urlTemplate\":\"https:\\\/\\\/naturalpoland.com\\\/ko\\\/?s={search_term_string}\"},\"query-input\":{\"@type\":\"PropertyValueSpecification\",\"valueRequired\":true,\"valueName\":\"search_term_string\"}}],\"inLanguage\":\"ko-KR\"},{\"@type\":\"Organization\",\"@id\":\"https:\\\/\\\/naturalpoland.com\\\/ko\\\/#organization\",\"name\":\"Natural Poland\",\"url\":\"https:\\\/\\\/naturalpoland.com\\\/ko\\\/\",\"logo\":{\"@type\":\"ImageObject\",\"inLanguage\":\"ko-KR\",\"@id\":\"https:\\\/\\\/naturalpoland.com\\\/ko\\\/#\\\/schema\\\/logo\\\/image\\\/\",\"url\":\"https:\\\/\\\/naturalpoland.com\\\/wp-content\\\/uploads\\\/2021\\\/05\\\/natural-poland-icon.png\",\"contentUrl\":\"https:\\\/\\\/naturalpoland.com\\\/wp-content\\\/uploads\\\/2021\\\/05\\\/natural-poland-icon.png\",\"width\":512,\"height\":512,\"caption\":\"Natural Poland\"},\"image\":{\"@id\":\"https:\\\/\\\/naturalpoland.com\\\/ko\\\/#\\\/schema\\\/logo\\\/image\\\/\"},\"sameAs\":[\"https:\\\/\\\/www.facebook.com\\\/naturalpoland.b2b\",\"https:\\\/\\\/pl.linkedin.com\\\/company\\\/natural-poland\",\"https:\\\/\\\/www.youtube.com\\\/channel\\\/UCgeGGkvOMahZo-xu_MSEWxg\"]}]}<\/script>\n<!-- \/ Yoast SEO plugin. -->","yoast_head_json":{"title":"NATURAL POLAND &#8211; Hurtowy Dystrybutor Surowc\u00f3w","description":"\ub2f9\uadfc \ud558\uc774\ub4dc\ub85c\uc878\uc740 \uc601\uc591 \ubc0f \uc7ac\uc0dd \ud2b9\uc131 \ub355\ubd84\uc5d0 \ub2e4\uc591\ud55c \uc2a4\ud0a8\ucf00\uc5b4 \uc81c\ud488\uc5d0 \ud65c\uc6a9\ub429\ub2c8\ub2e4.","robots":{"index":"index","follow":"follow","max-snippet":"max-snippet:-1","max-image-preview":"max-image-preview:large","max-video-preview":"max-video-preview:-1"},"canonical":"https:\/\/naturalpoland.com\/ko\/je-pum\/hwa-jang-pum-won-ryo\/ha-i-deu-ro-sol\/%eb%8b%b9%ea%b7%bc-%ed%95%98%ec%9d%b4%eb%93%9c%eb%a1%9c%ec%a1%b8\/","og_locale":"ko_KR","og_type":"article","og_description":"\ub2f9\uadfc \ud558\uc774\ub4dc\ub85c\uc878\uc740 \uc601\uc591 \ubc0f \uc7ac\uc0dd \ud2b9\uc131 \ub355\ubd84\uc5d0 \ub2e4\uc591\ud55c \uc2a4\ud0a8\ucf00\uc5b4 \uc81c\ud488\uc5d0 \ud65c\uc6a9\ub429\ub2c8\ub2e4.","og_url":"https:\/\/naturalpoland.com\/ko\/je-pum\/hwa-jang-pum-won-ryo\/ha-i-deu-ro-sol\/%eb%8b%b9%ea%b7%bc-%ed%95%98%ec%9d%b4%eb%93%9c%eb%a1%9c%ec%a1%b8\/","og_site_name":"NATURAL POLAND - Hurtowy Dystrybutor Surowc\u00f3w","article_publisher":"https:\/\/www.facebook.com\/naturalpoland.b2b","article_modified_time":"2026-03-31T13:53:09+00:00","og_image":[{"width":615,"height":615,"url":"https:\/\/naturalpoland.com\/wp-content\/uploads\/hydrolat-z-marchwi.webp","type":"image\/webp"}],"schema":{"@context":"https:\/\/schema.org","@graph":[{"@type":"WebPage","@id":"https:\/\/naturalpoland.com\/ko\/je-pum\/hwa-jang-pum-won-ryo\/ha-i-deu-ro-sol\/%eb%8b%b9%ea%b7%bc-%ed%95%98%ec%9d%b4%eb%93%9c%eb%a1%9c%ec%a1%b8\/","url":"https:\/\/naturalpoland.com\/ko\/je-pum\/hwa-jang-pum-won-ryo\/ha-i-deu-ro-sol\/%eb%8b%b9%ea%b7%bc-%ed%95%98%ec%9d%b4%eb%93%9c%eb%a1%9c%ec%a1%b8\/","name":"","isPartOf":{"@id":"https:\/\/naturalpoland.com\/ko\/#website"},"primaryImageOfPage":{"@id":"https:\/\/naturalpoland.com\/ko\/je-pum\/hwa-jang-pum-won-ryo\/ha-i-deu-ro-sol\/%eb%8b%b9%ea%b7%bc-%ed%95%98%ec%9d%b4%eb%93%9c%eb%a1%9c%ec%a1%b8\/#primaryimage"},"image":{"@id":"https:\/\/naturalpoland.com\/ko\/je-pum\/hwa-jang-pum-won-ryo\/ha-i-deu-ro-sol\/%eb%8b%b9%ea%b7%bc-%ed%95%98%ec%9d%b4%eb%93%9c%eb%a1%9c%ec%a1%b8\/#primaryimage"},"thumbnailUrl":"https:\/\/naturalpoland.com\/wp-content\/uploads\/hydrolat-z-marchwi.webp","datePublished":"2024-07-09T12:27:27+00:00","dateModified":"2026-03-31T13:53:09+00:00","description":"\ub2f9\uadfc \ud558\uc774\ub4dc\ub85c\uc878\uc740 \uc601\uc591 \ubc0f \uc7ac\uc0dd \ud2b9\uc131 \ub355\ubd84\uc5d0 \ub2e4\uc591\ud55c \uc2a4\ud0a8\ucf00\uc5b4 \uc81c\ud488\uc5d0 \ud65c\uc6a9\ub429\ub2c8\ub2e4.","breadcrumb":{"@id":"https:\/\/naturalpoland.com\/ko\/je-pum\/hwa-jang-pum-won-ryo\/ha-i-deu-ro-sol\/%eb%8b%b9%ea%b7%bc-%ed%95%98%ec%9d%b4%eb%93%9c%eb%a1%9c%ec%a1%b8\/#breadcrumb"},"inLanguage":"ko-KR","potentialAction":[{"@type":"ReadAction","target":["https:\/\/naturalpoland.com\/ko\/je-pum\/hwa-jang-pum-won-ryo\/ha-i-deu-ro-sol\/%eb%8b%b9%ea%b7%bc-%ed%95%98%ec%9d%b4%eb%93%9c%eb%a1%9c%ec%a1%b8\/"]}]},{"@type":"ImageObject","inLanguage":"ko-KR","@id":"https:\/\/naturalpoland.com\/ko\/je-pum\/hwa-jang-pum-won-ryo\/ha-i-deu-ro-sol\/%eb%8b%b9%ea%b7%bc-%ed%95%98%ec%9d%b4%eb%93%9c%eb%a1%9c%ec%a1%b8\/#primaryimage","url":"https:\/\/naturalpoland.com\/wp-content\/uploads\/hydrolat-z-marchwi.webp","contentUrl":"https:\/\/naturalpoland.com\/wp-content\/uploads\/hydrolat-z-marchwi.webp","width":615,"height":615,"caption":"\ub2f9\uadfc \ud558\uc774\ub4dc\ub85c\uc878"},{"@type":"BreadcrumbList","@id":"https:\/\/naturalpoland.com\/ko\/je-pum\/hwa-jang-pum-won-ryo\/ha-i-deu-ro-sol\/%eb%8b%b9%ea%b7%bc-%ed%95%98%ec%9d%b4%eb%93%9c%eb%a1%9c%ec%a1%b8\/#breadcrumb","itemListElement":[{"@type":"ListItem","position":1,"name":"\ud648","item":"https:\/\/naturalpoland.com\/ko\/"},{"@type":"ListItem","position":2,"name":"\uc81c\ud488","item":"https:\/\/naturalpoland.com\/ko\/%ec%a0%9c%ed%92%88\/"},{"@type":"ListItem","position":3,"name":"\ub2f9\uadfc \ud558\uc774\ub4dc\ub85c\uc878"}]},{"@type":"WebSite","@id":"https:\/\/naturalpoland.com\/ko\/#website","url":"https:\/\/naturalpoland.com\/ko\/","name":"NATURAL POLAND - Hurtowy Dystrybutor Surowc\u00f3w","description":"Surowce dla przemys\u0142u spo\u017cywczego, kosmetycznego i farmaceutycznego","publisher":{"@id":"https:\/\/naturalpoland.com\/ko\/#organization"},"potentialAction":[{"@type":"SearchAction","target":{"@type":"EntryPoint","urlTemplate":"https:\/\/naturalpoland.com\/ko\/?s={search_term_string}"},"query-input":{"@type":"PropertyValueSpecification","valueRequired":true,"valueName":"search_term_string"}}],"inLanguage":"ko-KR"},{"@type":"Organization","@id":"https:\/\/naturalpoland.com\/ko\/#organization","name":"Natural Poland","url":"https:\/\/naturalpoland.com\/ko\/","logo":{"@type":"ImageObject","inLanguage":"ko-KR","@id":"https:\/\/naturalpoland.com\/ko\/#\/schema\/logo\/image\/","url":"https:\/\/naturalpoland.com\/wp-content\/uploads\/2021\/05\/natural-poland-icon.png","contentUrl":"https:\/\/naturalpoland.com\/wp-content\/uploads\/2021\/05\/natural-poland-icon.png","width":512,"height":512,"caption":"Natural Poland"},"image":{"@id":"https:\/\/naturalpoland.com\/ko\/#\/schema\/logo\/image\/"},"sameAs":["https:\/\/www.facebook.com\/naturalpoland.b2b","https:\/\/pl.linkedin.com\/company\/natural-poland","https:\/\/www.youtube.com\/channel\/UCgeGGkvOMahZo-xu_MSEWxg"]}]}},"_links":{"self":[{"href":"https:\/\/naturalpoland.com\/ko\/wp-json\/wp\/v2\/product\/47210","targetHints":{"allow":["GET"]}}],"collection":[{"href":"https:\/\/naturalpoland.com\/ko\/wp-json\/wp\/v2\/product"}],"about":[{"href":"https:\/\/naturalpoland.com\/ko\/wp-json\/wp\/v2\/types\/product"}],"wp:featuredmedia":[{"embeddable":true,"href":"https:\/\/naturalpoland.com\/ko\/wp-json\/wp\/v2\/media\/47211"}],"wp:attachment":[{"href":"https:\/\/naturalpoland.com\/ko\/wp-json\/wp\/v2\/media?parent=47210"}],"wp:term":[{"taxonomy":"product_brand","embeddable":true,"href":"https:\/\/naturalpoland.com\/ko\/wp-json\/wp\/v2\/product_brand?post=47210"},{"taxonomy":"product_cat","embeddable":true,"href":"https:\/\/naturalpoland.com\/ko\/wp-json\/wp\/v2\/product_cat?post=47210"},{"taxonomy":"product_tag","embeddable":true,"href":"https:\/\/naturalpoland.com\/ko\/wp-json\/wp\/v2\/product_tag?post=47210"}],"curies":[{"name":"wp","href":"https:\/\/api.w.org\/{rel}","templated":true}]}}