{"id":47267,"date":"2021-09-22T14:35:08","date_gmt":"2021-09-22T12:35:08","guid":{"rendered":"https:\/\/naturalpoland.com\/produkty\/uncategorized\/%ec%96%91%eb%b0%b0%ec%b6%94%ec%94%a8-%ec%98%a4%ec%9d%bc\/"},"modified":"2026-04-01T13:19:46","modified_gmt":"2026-04-01T11:19:46","slug":"%ec%96%91%eb%b0%b0%ec%b6%94%ec%94%a8-%ec%98%a4%ec%9d%bc","status":"publish","type":"product","link":"https:\/\/naturalpoland.com\/ko\/je-pum\/hwa-jang-pum-won-ryo\/hwa-jang-pum-o-il\/%ec%96%91%eb%b0%b0%ec%b6%94%ec%94%a8-%ec%98%a4%ec%9d%bc\/","title":{"rendered":"\uc591\ubc30\ucd94\uc528 \uc624\uc77c"},"content":{"rendered":"<p>\uc591\ubc30\ucd94 \uc624\uc77c\uc758 \ud2b9\uc131\uc740 \uc5ec\ub4dc\ub984\uc131 \ud53c\ubd80\uc5d0 \ud6a8\uacfc\uc801\uc774\uba70, \uc9c4\uc815 \uc791\uc6a9\uc744 \ud569\ub2c8\ub2e4. \ud53c\ubd80\uc758 pH \uc218\uc900\uc744 \uc870\uc808\ud558\uace0 \ud53c\uc9c0 \uc0dd\uc131\uc744 \uc870\uc808\ud558\ub294 \ub370 \ub3c4\uc6c0\uc744 \uc90d\ub2c8\ub2e4. \uc591\ubc30\ucd94\uc528 \uc624\uc77c\uc740 \ud53c\ubd80 \ubc1c\uc801\uacfc \uc790\uadf9\uc744 \uc644\ud654\ud558\ub294 \ub370 \ub3c4\uc6c0\uc744 \uc90d\ub2c8\ub2e4. \uc601\uc591 \ud5e4\uc5b4 \ub9c8\uc2a4\ud06c, \ud398\uc774\uc15c \ud06c\ub9bc \ubc0f \ubc24\uc5d0 \ud6a8\uacfc\uc801\uc785\ub2c8\ub2e4.   <\/p>\n","protected":false},"excerpt":{"rendered":"<p><strong>\uc591\ubc30\ucd94\uc528 \uc624\uc77c<\/strong>\uc740 \uc591\ubc30\ucd94 \uc528\uc557\uc744 \ub0c9\uc555\ucc29\ud558\uc5ec \uc0dd\uc0b0\ub429\ub2c8\ub2e4. \ud53c\ubd80\uc5d0 \uc601\uc591\uc744 \uacf5\uae09\ud558\uace0 \ubcf4\uc2b5\ud558\uba70 \uc7ac\uc0dd\ud558\ub294 \uc81c\ud488\uad70\uc5d0 \uc18d\ud569\ub2c8\ub2e4. <\/p>\n","protected":false},"featured_media":47268,"template":"","meta":[],"product_brand":[],"product_cat":[8154],"product_tag":[],"class_list":{"0":"post-47267","1":"product","2":"type-product","3":"status-publish","4":"has-post-thumbnail","6":"product_cat-hwa-jang-pum-o-il","8":"first","9":"instock","10":"shipping-taxable","11":"product-type-simple"},"yoast_head":"<!-- This site is optimized with the Yoast SEO plugin v27.3 - https:\/\/yoast.com\/product\/yoast-seo-wordpress\/ -->\n<title>\uc591\ubc30\ucd94\uc528 \uc624\uc77c - Hurtowy Dystrybutor<\/title>\n<meta name=\"robots\" content=\"index, follow, max-snippet:-1, max-image-preview:large, max-video-preview:-1\" \/>\n<link rel=\"canonical\" href=\"https:\/\/naturalpoland.com\/ko\/je-pum\/hwa-jang-pum-won-ryo\/hwa-jang-pum-o-il\/%ec%96%91%eb%b0%b0%ec%b6%94%ec%94%a8-%ec%98%a4%ec%9d%bc\/\" \/>\n<meta property=\"og:locale\" content=\"ko_KR\" \/>\n<meta property=\"og:type\" content=\"article\" \/>\n<meta property=\"og:title\" content=\"\uc591\ubc30\ucd94\uc528 \uc624\uc77c - Hurtowy Dystrybutor\" \/>\n<meta property=\"og:description\" content=\"\uc591\ubc30\ucd94\uc528 \uc624\uc77c\uc740 \uc591\ubc30\ucd94 \uc528\uc557\uc744 \ub0c9\uc555\ucc29\ud558\uc5ec \uc0dd\uc0b0\ub429\ub2c8\ub2e4. \ud53c\ubd80\uc5d0 \uc601\uc591\uc744 \uacf5\uae09\ud558\uace0 \ubcf4\uc2b5\ud558\uba70 \uc7ac\uc0dd\ud558\ub294 \uc81c\ud488\uad70\uc5d0 \uc18d\ud569\ub2c8\ub2e4.\" \/>\n<meta property=\"og:url\" content=\"https:\/\/naturalpoland.com\/ko\/je-pum\/hwa-jang-pum-won-ryo\/hwa-jang-pum-o-il\/%ec%96%91%eb%b0%b0%ec%b6%94%ec%94%a8-%ec%98%a4%ec%9d%bc\/\" \/>\n<meta property=\"og:site_name\" content=\"NATURAL POLAND - Hurtowy Dystrybutor Surowc\u00f3w\" \/>\n<meta property=\"article:publisher\" content=\"https:\/\/www.facebook.com\/naturalpoland.b2b\" \/>\n<meta property=\"article:modified_time\" content=\"2026-04-01T11:19:46+00:00\" \/>\n<meta property=\"og:image\" content=\"https:\/\/naturalpoland.com\/wp-content\/uploads\/OLEJ-Z-NASION-KAPUSTY.jpg\" \/>\n\t<meta property=\"og:image:width\" content=\"650\" \/>\n\t<meta property=\"og:image:height\" content=\"650\" \/>\n\t<meta property=\"og:image:type\" content=\"image\/jpeg\" \/>\n<script type=\"application\/ld+json\" class=\"yoast-schema-graph\">{\"@context\":\"https:\\\/\\\/schema.org\",\"@graph\":[{\"@type\":\"WebPage\",\"@id\":\"https:\\\/\\\/naturalpoland.com\\\/ko\\\/je-pum\\\/hwa-jang-pum-won-ryo\\\/hwa-jang-pum-o-il\\\/%ec%96%91%eb%b0%b0%ec%b6%94%ec%94%a8-%ec%98%a4%ec%9d%bc\\\/\",\"url\":\"https:\\\/\\\/naturalpoland.com\\\/ko\\\/je-pum\\\/hwa-jang-pum-won-ryo\\\/hwa-jang-pum-o-il\\\/%ec%96%91%eb%b0%b0%ec%b6%94%ec%94%a8-%ec%98%a4%ec%9d%bc\\\/\",\"name\":\"\uc591\ubc30\ucd94\uc528 \uc624\uc77c - Hurtowy Dystrybutor\",\"isPartOf\":{\"@id\":\"https:\\\/\\\/naturalpoland.com\\\/ko\\\/#website\"},\"primaryImageOfPage\":{\"@id\":\"https:\\\/\\\/naturalpoland.com\\\/ko\\\/je-pum\\\/hwa-jang-pum-won-ryo\\\/hwa-jang-pum-o-il\\\/%ec%96%91%eb%b0%b0%ec%b6%94%ec%94%a8-%ec%98%a4%ec%9d%bc\\\/#primaryimage\"},\"image\":{\"@id\":\"https:\\\/\\\/naturalpoland.com\\\/ko\\\/je-pum\\\/hwa-jang-pum-won-ryo\\\/hwa-jang-pum-o-il\\\/%ec%96%91%eb%b0%b0%ec%b6%94%ec%94%a8-%ec%98%a4%ec%9d%bc\\\/#primaryimage\"},\"thumbnailUrl\":\"https:\\\/\\\/naturalpoland.com\\\/wp-content\\\/uploads\\\/OLEJ-Z-NASION-KAPUSTY.jpg\",\"datePublished\":\"2021-09-22T12:35:08+00:00\",\"dateModified\":\"2026-04-01T11:19:46+00:00\",\"breadcrumb\":{\"@id\":\"https:\\\/\\\/naturalpoland.com\\\/ko\\\/je-pum\\\/hwa-jang-pum-won-ryo\\\/hwa-jang-pum-o-il\\\/%ec%96%91%eb%b0%b0%ec%b6%94%ec%94%a8-%ec%98%a4%ec%9d%bc\\\/#breadcrumb\"},\"inLanguage\":\"ko-KR\",\"potentialAction\":[{\"@type\":\"ReadAction\",\"target\":[\"https:\\\/\\\/naturalpoland.com\\\/ko\\\/je-pum\\\/hwa-jang-pum-won-ryo\\\/hwa-jang-pum-o-il\\\/%ec%96%91%eb%b0%b0%ec%b6%94%ec%94%a8-%ec%98%a4%ec%9d%bc\\\/\"]}]},{\"@type\":\"ImageObject\",\"inLanguage\":\"ko-KR\",\"@id\":\"https:\\\/\\\/naturalpoland.com\\\/ko\\\/je-pum\\\/hwa-jang-pum-won-ryo\\\/hwa-jang-pum-o-il\\\/%ec%96%91%eb%b0%b0%ec%b6%94%ec%94%a8-%ec%98%a4%ec%9d%bc\\\/#primaryimage\",\"url\":\"https:\\\/\\\/naturalpoland.com\\\/wp-content\\\/uploads\\\/OLEJ-Z-NASION-KAPUSTY.jpg\",\"contentUrl\":\"https:\\\/\\\/naturalpoland.com\\\/wp-content\\\/uploads\\\/OLEJ-Z-NASION-KAPUSTY.jpg\",\"width\":650,\"height\":650,\"caption\":\"\uc591\ubc30\ucd94\uc528 \uc624\uc77c\"},{\"@type\":\"BreadcrumbList\",\"@id\":\"https:\\\/\\\/naturalpoland.com\\\/ko\\\/je-pum\\\/hwa-jang-pum-won-ryo\\\/hwa-jang-pum-o-il\\\/%ec%96%91%eb%b0%b0%ec%b6%94%ec%94%a8-%ec%98%a4%ec%9d%bc\\\/#breadcrumb\",\"itemListElement\":[{\"@type\":\"ListItem\",\"position\":1,\"name\":\"\ud648\",\"item\":\"https:\\\/\\\/naturalpoland.com\\\/ko\\\/\"},{\"@type\":\"ListItem\",\"position\":2,\"name\":\"\uc81c\ud488\",\"item\":\"https:\\\/\\\/naturalpoland.com\\\/ko\\\/%ec%a0%9c%ed%92%88\\\/\"},{\"@type\":\"ListItem\",\"position\":3,\"name\":\"\uc591\ubc30\ucd94\uc528 \uc624\uc77c\"}]},{\"@type\":\"WebSite\",\"@id\":\"https:\\\/\\\/naturalpoland.com\\\/ko\\\/#website\",\"url\":\"https:\\\/\\\/naturalpoland.com\\\/ko\\\/\",\"name\":\"NATURAL POLAND - Hurtowy Dystrybutor Surowc\u00f3w\",\"description\":\"Surowce dla przemys\u0142u spo\u017cywczego, kosmetycznego i farmaceutycznego\",\"publisher\":{\"@id\":\"https:\\\/\\\/naturalpoland.com\\\/ko\\\/#organization\"},\"potentialAction\":[{\"@type\":\"SearchAction\",\"target\":{\"@type\":\"EntryPoint\",\"urlTemplate\":\"https:\\\/\\\/naturalpoland.com\\\/ko\\\/?s={search_term_string}\"},\"query-input\":{\"@type\":\"PropertyValueSpecification\",\"valueRequired\":true,\"valueName\":\"search_term_string\"}}],\"inLanguage\":\"ko-KR\"},{\"@type\":\"Organization\",\"@id\":\"https:\\\/\\\/naturalpoland.com\\\/ko\\\/#organization\",\"name\":\"Natural Poland\",\"url\":\"https:\\\/\\\/naturalpoland.com\\\/ko\\\/\",\"logo\":{\"@type\":\"ImageObject\",\"inLanguage\":\"ko-KR\",\"@id\":\"https:\\\/\\\/naturalpoland.com\\\/ko\\\/#\\\/schema\\\/logo\\\/image\\\/\",\"url\":\"https:\\\/\\\/naturalpoland.com\\\/wp-content\\\/uploads\\\/2021\\\/05\\\/natural-poland-icon.png\",\"contentUrl\":\"https:\\\/\\\/naturalpoland.com\\\/wp-content\\\/uploads\\\/2021\\\/05\\\/natural-poland-icon.png\",\"width\":512,\"height\":512,\"caption\":\"Natural Poland\"},\"image\":{\"@id\":\"https:\\\/\\\/naturalpoland.com\\\/ko\\\/#\\\/schema\\\/logo\\\/image\\\/\"},\"sameAs\":[\"https:\\\/\\\/www.facebook.com\\\/naturalpoland.b2b\",\"https:\\\/\\\/pl.linkedin.com\\\/company\\\/natural-poland\",\"https:\\\/\\\/www.youtube.com\\\/channel\\\/UCgeGGkvOMahZo-xu_MSEWxg\"]}]}<\/script>\n<!-- \/ Yoast SEO plugin. -->","yoast_head_json":{"title":"\uc591\ubc30\ucd94\uc528 \uc624\uc77c - Hurtowy Dystrybutor","robots":{"index":"index","follow":"follow","max-snippet":"max-snippet:-1","max-image-preview":"max-image-preview:large","max-video-preview":"max-video-preview:-1"},"canonical":"https:\/\/naturalpoland.com\/ko\/je-pum\/hwa-jang-pum-won-ryo\/hwa-jang-pum-o-il\/%ec%96%91%eb%b0%b0%ec%b6%94%ec%94%a8-%ec%98%a4%ec%9d%bc\/","og_locale":"ko_KR","og_type":"article","og_title":"\uc591\ubc30\ucd94\uc528 \uc624\uc77c - Hurtowy Dystrybutor","og_description":"\uc591\ubc30\ucd94\uc528 \uc624\uc77c\uc740 \uc591\ubc30\ucd94 \uc528\uc557\uc744 \ub0c9\uc555\ucc29\ud558\uc5ec \uc0dd\uc0b0\ub429\ub2c8\ub2e4. \ud53c\ubd80\uc5d0 \uc601\uc591\uc744 \uacf5\uae09\ud558\uace0 \ubcf4\uc2b5\ud558\uba70 \uc7ac\uc0dd\ud558\ub294 \uc81c\ud488\uad70\uc5d0 \uc18d\ud569\ub2c8\ub2e4.","og_url":"https:\/\/naturalpoland.com\/ko\/je-pum\/hwa-jang-pum-won-ryo\/hwa-jang-pum-o-il\/%ec%96%91%eb%b0%b0%ec%b6%94%ec%94%a8-%ec%98%a4%ec%9d%bc\/","og_site_name":"NATURAL POLAND - Hurtowy Dystrybutor Surowc\u00f3w","article_publisher":"https:\/\/www.facebook.com\/naturalpoland.b2b","article_modified_time":"2026-04-01T11:19:46+00:00","og_image":[{"width":650,"height":650,"url":"https:\/\/naturalpoland.com\/wp-content\/uploads\/OLEJ-Z-NASION-KAPUSTY.jpg","type":"image\/jpeg"}],"schema":{"@context":"https:\/\/schema.org","@graph":[{"@type":"WebPage","@id":"https:\/\/naturalpoland.com\/ko\/je-pum\/hwa-jang-pum-won-ryo\/hwa-jang-pum-o-il\/%ec%96%91%eb%b0%b0%ec%b6%94%ec%94%a8-%ec%98%a4%ec%9d%bc\/","url":"https:\/\/naturalpoland.com\/ko\/je-pum\/hwa-jang-pum-won-ryo\/hwa-jang-pum-o-il\/%ec%96%91%eb%b0%b0%ec%b6%94%ec%94%a8-%ec%98%a4%ec%9d%bc\/","name":"\uc591\ubc30\ucd94\uc528 \uc624\uc77c - Hurtowy Dystrybutor","isPartOf":{"@id":"https:\/\/naturalpoland.com\/ko\/#website"},"primaryImageOfPage":{"@id":"https:\/\/naturalpoland.com\/ko\/je-pum\/hwa-jang-pum-won-ryo\/hwa-jang-pum-o-il\/%ec%96%91%eb%b0%b0%ec%b6%94%ec%94%a8-%ec%98%a4%ec%9d%bc\/#primaryimage"},"image":{"@id":"https:\/\/naturalpoland.com\/ko\/je-pum\/hwa-jang-pum-won-ryo\/hwa-jang-pum-o-il\/%ec%96%91%eb%b0%b0%ec%b6%94%ec%94%a8-%ec%98%a4%ec%9d%bc\/#primaryimage"},"thumbnailUrl":"https:\/\/naturalpoland.com\/wp-content\/uploads\/OLEJ-Z-NASION-KAPUSTY.jpg","datePublished":"2021-09-22T12:35:08+00:00","dateModified":"2026-04-01T11:19:46+00:00","breadcrumb":{"@id":"https:\/\/naturalpoland.com\/ko\/je-pum\/hwa-jang-pum-won-ryo\/hwa-jang-pum-o-il\/%ec%96%91%eb%b0%b0%ec%b6%94%ec%94%a8-%ec%98%a4%ec%9d%bc\/#breadcrumb"},"inLanguage":"ko-KR","potentialAction":[{"@type":"ReadAction","target":["https:\/\/naturalpoland.com\/ko\/je-pum\/hwa-jang-pum-won-ryo\/hwa-jang-pum-o-il\/%ec%96%91%eb%b0%b0%ec%b6%94%ec%94%a8-%ec%98%a4%ec%9d%bc\/"]}]},{"@type":"ImageObject","inLanguage":"ko-KR","@id":"https:\/\/naturalpoland.com\/ko\/je-pum\/hwa-jang-pum-won-ryo\/hwa-jang-pum-o-il\/%ec%96%91%eb%b0%b0%ec%b6%94%ec%94%a8-%ec%98%a4%ec%9d%bc\/#primaryimage","url":"https:\/\/naturalpoland.com\/wp-content\/uploads\/OLEJ-Z-NASION-KAPUSTY.jpg","contentUrl":"https:\/\/naturalpoland.com\/wp-content\/uploads\/OLEJ-Z-NASION-KAPUSTY.jpg","width":650,"height":650,"caption":"\uc591\ubc30\ucd94\uc528 \uc624\uc77c"},{"@type":"BreadcrumbList","@id":"https:\/\/naturalpoland.com\/ko\/je-pum\/hwa-jang-pum-won-ryo\/hwa-jang-pum-o-il\/%ec%96%91%eb%b0%b0%ec%b6%94%ec%94%a8-%ec%98%a4%ec%9d%bc\/#breadcrumb","itemListElement":[{"@type":"ListItem","position":1,"name":"\ud648","item":"https:\/\/naturalpoland.com\/ko\/"},{"@type":"ListItem","position":2,"name":"\uc81c\ud488","item":"https:\/\/naturalpoland.com\/ko\/%ec%a0%9c%ed%92%88\/"},{"@type":"ListItem","position":3,"name":"\uc591\ubc30\ucd94\uc528 \uc624\uc77c"}]},{"@type":"WebSite","@id":"https:\/\/naturalpoland.com\/ko\/#website","url":"https:\/\/naturalpoland.com\/ko\/","name":"NATURAL POLAND - Hurtowy Dystrybutor Surowc\u00f3w","description":"Surowce dla przemys\u0142u spo\u017cywczego, kosmetycznego i farmaceutycznego","publisher":{"@id":"https:\/\/naturalpoland.com\/ko\/#organization"},"potentialAction":[{"@type":"SearchAction","target":{"@type":"EntryPoint","urlTemplate":"https:\/\/naturalpoland.com\/ko\/?s={search_term_string}"},"query-input":{"@type":"PropertyValueSpecification","valueRequired":true,"valueName":"search_term_string"}}],"inLanguage":"ko-KR"},{"@type":"Organization","@id":"https:\/\/naturalpoland.com\/ko\/#organization","name":"Natural Poland","url":"https:\/\/naturalpoland.com\/ko\/","logo":{"@type":"ImageObject","inLanguage":"ko-KR","@id":"https:\/\/naturalpoland.com\/ko\/#\/schema\/logo\/image\/","url":"https:\/\/naturalpoland.com\/wp-content\/uploads\/2021\/05\/natural-poland-icon.png","contentUrl":"https:\/\/naturalpoland.com\/wp-content\/uploads\/2021\/05\/natural-poland-icon.png","width":512,"height":512,"caption":"Natural Poland"},"image":{"@id":"https:\/\/naturalpoland.com\/ko\/#\/schema\/logo\/image\/"},"sameAs":["https:\/\/www.facebook.com\/naturalpoland.b2b","https:\/\/pl.linkedin.com\/company\/natural-poland","https:\/\/www.youtube.com\/channel\/UCgeGGkvOMahZo-xu_MSEWxg"]}]}},"_links":{"self":[{"href":"https:\/\/naturalpoland.com\/ko\/wp-json\/wp\/v2\/product\/47267","targetHints":{"allow":["GET"]}}],"collection":[{"href":"https:\/\/naturalpoland.com\/ko\/wp-json\/wp\/v2\/product"}],"about":[{"href":"https:\/\/naturalpoland.com\/ko\/wp-json\/wp\/v2\/types\/product"}],"wp:featuredmedia":[{"embeddable":true,"href":"https:\/\/naturalpoland.com\/ko\/wp-json\/wp\/v2\/media\/47268"}],"wp:attachment":[{"href":"https:\/\/naturalpoland.com\/ko\/wp-json\/wp\/v2\/media?parent=47267"}],"wp:term":[{"taxonomy":"product_brand","embeddable":true,"href":"https:\/\/naturalpoland.com\/ko\/wp-json\/wp\/v2\/product_brand?post=47267"},{"taxonomy":"product_cat","embeddable":true,"href":"https:\/\/naturalpoland.com\/ko\/wp-json\/wp\/v2\/product_cat?post=47267"},{"taxonomy":"product_tag","embeddable":true,"href":"https:\/\/naturalpoland.com\/ko\/wp-json\/wp\/v2\/product_tag?post=47267"}],"curies":[{"name":"wp","href":"https:\/\/api.w.org\/{rel}","templated":true}]}}