{"id":47280,"date":"2021-05-11T13:52:31","date_gmt":"2021-05-11T11:52:31","guid":{"rendered":"https:\/\/naturalpoland.com\/produkty\/uncategorized\/%ed%83%80%eb%a7%88%eb%88%84-%ec%94%a8-%ec%98%a4%ec%9d%bc\/"},"modified":"2026-04-01T13:20:58","modified_gmt":"2026-04-01T11:20:58","slug":"%ed%83%80%eb%a7%88%eb%88%84-%ec%94%a8-%ec%98%a4%ec%9d%bc","status":"publish","type":"product","link":"https:\/\/naturalpoland.com\/ko\/je-pum\/hwa-jang-pum-won-ryo\/hwa-jang-pum-o-il\/%ed%83%80%eb%a7%88%eb%88%84-%ec%94%a8-%ec%98%a4%ec%9d%bc\/","title":{"rendered":"\ud0c0\ub9c8\ub204 \uc528 \uc624\uc77c"},"content":{"rendered":"<h2>\ud0c0\ub9c8\ub204 \uc624\uc77c\uc758 \ud2b9\uc131 \ubc0f \ud6a8\ub2a5<\/h2>\n<p>\ud0c0\ub9c8\ub204 \uc624\uc77c\uc740 <strong>\uc62c\ub808\uc0b0<\/strong>\uacfc <strong>\ub9ac\ub180\ub808\uc0b0<\/strong>\uc774 \uc9c0\ubc30\uc801\uc774\uba70 \ud3ec\ud654 \uc9c0\ubc29\uc0b0 \ubd84\ud68d\uc73c\ub85c \ubcf4\uc644\ub41c \uc720\uc775\ud55c \uc9c0\ubc29\uc0b0 \ud504\ub85c\ud544\uc774 \ud2b9\uc9d5\uc785\ub2c8\ub2e4. \uc774\ub7ec\ud55c \uad6c\uc131\uc740 \ud53c\ubd80 \uc9c0\uc9c8 \uc7a5\ubcbd \uc7ac\uac74\uc744 \ucd09\uc9c4\ud558\uace0 \ud53c\ubd80 \ud0c4\ub825 \ubc0f \uc678\ubd80 \uc694\uc778\uc5d0 \ub300\ud55c \uc800\ud56d\ub825\uc744 \ud5a5\uc0c1\uc2dc\ud0b5\ub2c8\ub2e4. <\/p>\n<p>\uc774 \uc6d0\ub8cc\ub294 \uc8fc\ub85c <strong>\uc7ac\uc0dd \ud2b9\uc131\uacfc \ud53c\ubd80\uc758 \uc790\uc5f0 \uc7ac\uc0dd \uacfc\uc815\uc744 \uc9c0\uc6d0\ud558\ub294 \ub2a5\ub825<\/strong>\uc73c\ub85c \ub192\uc774 \ud3c9\uac00\ub429\ub2c8\ub2e4. \ud0c0\ub9c8\ub204 \uc528 \uc624\uc77c\uc740 \uc790\uadf9\ubc1b\uae30 \uc27d\uac70\ub098, \uacb0\uc810\uc774 \uc788\uac70\ub098, \uace0\ub974\uc9c0 \uc54a\uc740 \uad6c\uc870\ub97c \uac00\uc9c4 \ud53c\ubd80\uc640 \uac19\uc774 \uc9c0\uc6d0\uc774 \ud544\uc694\ud55c \ud53c\ubd80 \uad00\ub9ac\uc5d0 \uc0ac\uc6a9\ub429\ub2c8\ub2e4. \ud654\uc7a5\ud488 \uc81c\ud615\uc5d0\uc11c\ub294 \ud45c\ud53c \uc7ac\uc0dd\uc744 \uc9c0\uc6d0\ud558\uace0 \uc804\ubc18\uc801\uc778 \ud53c\ubd80 \uc678\uad00\uc744 \uac1c\uc120\ud558\ub294 \uc131\ubd84\uc73c\ub85c \ud65c\uc6a9\ub429\ub2c8\ub2e4.  <\/p>\n<p>\uc774 \uc6d0\ub8cc\ub294 \uc9c4\uc815 \ubc0f \uade0\ud615 \ud2b9\uc131\uc774 \uc911\uc694\ud55c \ubb38\uc81c\uc131 \ubc0f \uc5ec\ub4dc\ub984\uc131 \ud53c\ubd80 \uc804\uc6a9 \uc81c\ud488\uc5d0 \uc0ac\uc6a9\ub418\uae30\ub3c4 \ud569\ub2c8\ub2e4. \uc774 \uc624\uc77c\uc740 \ud2b9\ubcc4\ud55c \uad00\ub9ac\uac00 \ud544\uc694\ud55c \ubd80\uc704\uc758 \ud53c\ubd80 \uad00\ub9ac\ub97c \ub3d5\uace0 \ud53c\ubd80 \ud3b8\uc548\ud568\uc744 \uc9c0\uc6d0\ud569\ub2c8\ub2e4. <\/p>\n<p><strong>\ubaa8\ubc1c \uad00\ub9ac<\/strong>\uc5d0 \uc788\uc5b4 \ud0c0\ub9c8\ub204 \uc528 \uc624\uc77c\uc740 \ud2b9\ud788 \ub450\ud53c \ubc0f \uac74\uc870\ud558\uace0 \uc190\uc0c1\ub41c \ubaa8\ubc1c\uc6a9 \uc81c\ud488\uc5d0\uc11c \uc601\uc591 \ubc0f \uac15\ud654 \ud6a8\uacfc\ub97c \ub098\ud0c0\ub0c5\ub2c8\ub2e4. \ubaa8\ubc1c \uc0c1\ud0dc \uac1c\uc120, \uc724\uae30 \ubd80\uc5ec, \uacfc\ub3c4\ud55c \uac74\uc870\ub85c\ubd80\ud130\uc758 \ubcf4\ud638\uc5d0 \uae30\uc5ec\ud560 \uc218 \uc788\uc2b5\ub2c8\ub2e4. <\/p>\n<h2>\ud654\uc7a5\ud488\uc5d0\uc11c\uc758 \uc801\uc6a9<\/h2>\n<p>\ud0c0\ub9c8\ub204 \uc528 \uc624\uc77c\uc740 \uc804\ubb38\uc801\uc778 \ud654\uc7a5\ud488 \uc6d0\ub8cc\ub85c \uc0ac\uc6a9\ub418\uba70 \ub2e4\uc74c\uacfc \uac19\uc740 \uad11\ubc94\uc704\ud55c \uc81c\ud615\uc5d0 \ud65c\uc6a9\ub420 \uc218 \uc788\uc2b5\ub2c8\ub2e4.<\/p>\n<ul>\n<li>\uc7ac\uc0dd \ud6a8\uacfc\uac00 \uc788\ub294 \ud398\uc774\uc2a4 \ud06c\ub9bc \ubc0f \uc138\ub7fc,<\/li>\n<li>\ubb38\uc81c\uc131 \ubc0f \uacb0\uc810 \uc788\ub294 \ud53c\ubd80 \uad00\ub9ac \uc81c\ud488,<\/li>\n<li>\ubc14\ub514 \ub85c\uc158 \ubc0f \ubc84\ud130,<\/li>\n<li>\ub450\ud53c \uc624\uc77c \ubc0f \uc138\ub7fc,<\/li>\n<li>\uac74\uc870\ud558\uace0 \uc190\uc0c1\ub418\uba70 \uc724\uae30 \uc5c6\ub294 \ubaa8\ubc1c\uc6a9 \ud654\uc7a5\ud488,<\/li>\n<li>\uc624\uc77c \ubd80\uc2a4\ud130 \uc720\ud615\uc758 \uc81c\uc81c \ubc0f \uc2a4\ud30c \uc758\uc2dd\uc6a9 \uc81c\ud488.<\/li>\n<\/ul>\n<p>\ub192\uc740 \uc9c0\uc9c8 \uc131\ubd84 \ub18d\ub3c4 \ub54c\ubb38\uc5d0 \ud0c0\ub9c8\ub204 \uc624\uc77c\uc740 \ub2e8\ub3c5\uc73c\ub85c \uc0ac\uc6a9\ub418\ub294 \uc81c\ud488\ubfd0\ub9cc \uc544\ub2c8\ub77c \ub354 \ubcf5\uc7a1\ud55c \uc624\uc77c \uc870\uc131\ubb3c\uc758 \uc694\uc18c\ub85c\uc11c \ud654\uc7a5\ud488 \ub808\uc2dc\ud53c\uc5d0\uc11c \ud65c\uc131 \ub610\ub294 \ubcf4\uc870 \uc131\ubd84\uc73c\ub85c \uc790\uc8fc \uc0ac\uc6a9\ub429\ub2c8\ub2e4.<\/p>\n","protected":false},"excerpt":{"rendered":"<p><strong>\ud0c0\ub9c8\ub204 \uc528 \uc624\uc77c<\/strong>\uc740 \ud0dc\ud3c9\uc591 \uc12c \uc9c0\uc5ed\uc5d0 \uc790\uc5f0\uc801\uc73c\ub85c \uc11c\uc2dd\ud558\ub294 <em>\uce7c\ub85c\ud544\ub8f8 \uc774\ub178\ud544\ub8f8(Calophyllum inophyllum)<\/em> \ub098\ubb34 \uc5f4\ub9e4\uc758 \uc528\uc557\uc744 \uc555\ucc29\ud558\uc5ec \uc5bb\uc2b5\ub2c8\ub2e4. \ub2f9\uc0ac\uc5d0\uc11c \uc81c\uacf5\ud558\ub294 \uc624\uc77c\uc740 COSMOS \uc778\uc99d\uc744 \ubc1b\uc558\uc73c\uba70 \ud654\uc7a5\ud488 \uc6a9\ub3c4\ub85c \uc0ac\uc6a9\ub429\ub2c8\ub2e4. <\/p>\n","protected":false},"featured_media":47282,"template":"","meta":[],"product_brand":[],"product_cat":[8154],"product_tag":[],"class_list":{"0":"post-47280","1":"product","2":"type-product","3":"status-publish","4":"has-post-thumbnail","6":"product_cat-hwa-jang-pum-o-il","7":"pa_czesc-rosliny-11580","9":"first","10":"instock","11":"shipping-taxable","12":"product-type-simple"},"yoast_head":"<!-- This site is optimized with the Yoast SEO plugin v27.3 - https:\/\/yoast.com\/product\/yoast-seo-wordpress\/ -->\n<title>\ud0c0\ub9c8\ub204 \uc528 \uc624\uc77c - Hurtowy Dystrybutor<\/title>\n<meta name=\"description\" content=\"\ud0dc\ud3c9\uc591 \uc12c \uc9c0\uc5ed\uc5d0 \uc790\uc0dd\ud558\ub294 \ub098\ubb34 \uc5f4\ub9e4\uc758 \uc528\uc557\uc744 \uc555\ucc29\ud558\uc5ec \uc5bb\uc740 \ucc9c\uc5f0 \ud0c0\ub9c8\ub204 \uc624\uc77c\uc785\ub2c8\ub2e4.\" \/>\n<meta name=\"robots\" content=\"index, follow, max-snippet:-1, max-image-preview:large, max-video-preview:-1\" \/>\n<link rel=\"canonical\" href=\"https:\/\/naturalpoland.com\/ko\/je-pum\/hwa-jang-pum-won-ryo\/hwa-jang-pum-o-il\/%ed%83%80%eb%a7%88%eb%88%84-%ec%94%a8-%ec%98%a4%ec%9d%bc\/\" \/>\n<meta property=\"og:locale\" content=\"ko_KR\" \/>\n<meta property=\"og:type\" content=\"article\" \/>\n<meta property=\"og:title\" content=\"\ud0c0\ub9c8\ub204 \uc528 \uc624\uc77c - Hurtowy Dystrybutor\" \/>\n<meta property=\"og:description\" content=\"\ud0dc\ud3c9\uc591 \uc12c \uc9c0\uc5ed\uc5d0 \uc790\uc0dd\ud558\ub294 \ub098\ubb34 \uc5f4\ub9e4\uc758 \uc528\uc557\uc744 \uc555\ucc29\ud558\uc5ec \uc5bb\uc740 \ucc9c\uc5f0 \ud0c0\ub9c8\ub204 \uc624\uc77c\uc785\ub2c8\ub2e4.\" \/>\n<meta property=\"og:url\" content=\"https:\/\/naturalpoland.com\/ko\/je-pum\/hwa-jang-pum-won-ryo\/hwa-jang-pum-o-il\/%ed%83%80%eb%a7%88%eb%88%84-%ec%94%a8-%ec%98%a4%ec%9d%bc\/\" \/>\n<meta property=\"og:site_name\" content=\"NATURAL POLAND - Hurtowy Dystrybutor Surowc\u00f3w\" \/>\n<meta property=\"article:publisher\" content=\"https:\/\/www.facebook.com\/naturalpoland.b2b\" \/>\n<meta property=\"article:modified_time\" content=\"2026-04-01T11:20:58+00:00\" \/>\n<meta property=\"og:image\" content=\"https:\/\/naturalpoland.com\/wp-content\/uploads\/olej-tamanu.webp\" \/>\n\t<meta property=\"og:image:width\" content=\"1024\" \/>\n\t<meta property=\"og:image:height\" content=\"1024\" \/>\n\t<meta property=\"og:image:type\" content=\"image\/webp\" \/>\n<script type=\"application\/ld+json\" class=\"yoast-schema-graph\">{\"@context\":\"https:\\\/\\\/schema.org\",\"@graph\":[{\"@type\":\"WebPage\",\"@id\":\"https:\\\/\\\/naturalpoland.com\\\/ko\\\/je-pum\\\/hwa-jang-pum-won-ryo\\\/hwa-jang-pum-o-il\\\/%ed%83%80%eb%a7%88%eb%88%84-%ec%94%a8-%ec%98%a4%ec%9d%bc\\\/\",\"url\":\"https:\\\/\\\/naturalpoland.com\\\/ko\\\/je-pum\\\/hwa-jang-pum-won-ryo\\\/hwa-jang-pum-o-il\\\/%ed%83%80%eb%a7%88%eb%88%84-%ec%94%a8-%ec%98%a4%ec%9d%bc\\\/\",\"name\":\"\ud0c0\ub9c8\ub204 \uc528 \uc624\uc77c - Hurtowy Dystrybutor\",\"isPartOf\":{\"@id\":\"https:\\\/\\\/naturalpoland.com\\\/ko\\\/#website\"},\"primaryImageOfPage\":{\"@id\":\"https:\\\/\\\/naturalpoland.com\\\/ko\\\/je-pum\\\/hwa-jang-pum-won-ryo\\\/hwa-jang-pum-o-il\\\/%ed%83%80%eb%a7%88%eb%88%84-%ec%94%a8-%ec%98%a4%ec%9d%bc\\\/#primaryimage\"},\"image\":{\"@id\":\"https:\\\/\\\/naturalpoland.com\\\/ko\\\/je-pum\\\/hwa-jang-pum-won-ryo\\\/hwa-jang-pum-o-il\\\/%ed%83%80%eb%a7%88%eb%88%84-%ec%94%a8-%ec%98%a4%ec%9d%bc\\\/#primaryimage\"},\"thumbnailUrl\":\"https:\\\/\\\/naturalpoland.com\\\/wp-content\\\/uploads\\\/olej-tamanu.webp\",\"datePublished\":\"2021-05-11T11:52:31+00:00\",\"dateModified\":\"2026-04-01T11:20:58+00:00\",\"description\":\"\ud0dc\ud3c9\uc591 \uc12c \uc9c0\uc5ed\uc5d0 \uc790\uc0dd\ud558\ub294 \ub098\ubb34 \uc5f4\ub9e4\uc758 \uc528\uc557\uc744 \uc555\ucc29\ud558\uc5ec \uc5bb\uc740 \ucc9c\uc5f0 \ud0c0\ub9c8\ub204 \uc624\uc77c\uc785\ub2c8\ub2e4.\",\"breadcrumb\":{\"@id\":\"https:\\\/\\\/naturalpoland.com\\\/ko\\\/je-pum\\\/hwa-jang-pum-won-ryo\\\/hwa-jang-pum-o-il\\\/%ed%83%80%eb%a7%88%eb%88%84-%ec%94%a8-%ec%98%a4%ec%9d%bc\\\/#breadcrumb\"},\"inLanguage\":\"ko-KR\",\"potentialAction\":[{\"@type\":\"ReadAction\",\"target\":[\"https:\\\/\\\/naturalpoland.com\\\/ko\\\/je-pum\\\/hwa-jang-pum-won-ryo\\\/hwa-jang-pum-o-il\\\/%ed%83%80%eb%a7%88%eb%88%84-%ec%94%a8-%ec%98%a4%ec%9d%bc\\\/\"]}]},{\"@type\":\"ImageObject\",\"inLanguage\":\"ko-KR\",\"@id\":\"https:\\\/\\\/naturalpoland.com\\\/ko\\\/je-pum\\\/hwa-jang-pum-won-ryo\\\/hwa-jang-pum-o-il\\\/%ed%83%80%eb%a7%88%eb%88%84-%ec%94%a8-%ec%98%a4%ec%9d%bc\\\/#primaryimage\",\"url\":\"https:\\\/\\\/naturalpoland.com\\\/wp-content\\\/uploads\\\/olej-tamanu.webp\",\"contentUrl\":\"https:\\\/\\\/naturalpoland.com\\\/wp-content\\\/uploads\\\/olej-tamanu.webp\",\"width\":1024,\"height\":1024,\"caption\":\"\ud0c0\ub9c8\ub204 \uc528 \uc624\uc77c\"},{\"@type\":\"BreadcrumbList\",\"@id\":\"https:\\\/\\\/naturalpoland.com\\\/ko\\\/je-pum\\\/hwa-jang-pum-won-ryo\\\/hwa-jang-pum-o-il\\\/%ed%83%80%eb%a7%88%eb%88%84-%ec%94%a8-%ec%98%a4%ec%9d%bc\\\/#breadcrumb\",\"itemListElement\":[{\"@type\":\"ListItem\",\"position\":1,\"name\":\"\ud648\",\"item\":\"https:\\\/\\\/naturalpoland.com\\\/ko\\\/\"},{\"@type\":\"ListItem\",\"position\":2,\"name\":\"\uc81c\ud488\",\"item\":\"https:\\\/\\\/naturalpoland.com\\\/ko\\\/%ec%a0%9c%ed%92%88\\\/\"},{\"@type\":\"ListItem\",\"position\":3,\"name\":\"\ud0c0\ub9c8\ub204 \uc528 \uc624\uc77c\"}]},{\"@type\":\"WebSite\",\"@id\":\"https:\\\/\\\/naturalpoland.com\\\/ko\\\/#website\",\"url\":\"https:\\\/\\\/naturalpoland.com\\\/ko\\\/\",\"name\":\"NATURAL POLAND - Hurtowy Dystrybutor Surowc\u00f3w\",\"description\":\"Surowce dla przemys\u0142u spo\u017cywczego, kosmetycznego i farmaceutycznego\",\"publisher\":{\"@id\":\"https:\\\/\\\/naturalpoland.com\\\/ko\\\/#organization\"},\"potentialAction\":[{\"@type\":\"SearchAction\",\"target\":{\"@type\":\"EntryPoint\",\"urlTemplate\":\"https:\\\/\\\/naturalpoland.com\\\/ko\\\/?s={search_term_string}\"},\"query-input\":{\"@type\":\"PropertyValueSpecification\",\"valueRequired\":true,\"valueName\":\"search_term_string\"}}],\"inLanguage\":\"ko-KR\"},{\"@type\":\"Organization\",\"@id\":\"https:\\\/\\\/naturalpoland.com\\\/ko\\\/#organization\",\"name\":\"Natural Poland\",\"url\":\"https:\\\/\\\/naturalpoland.com\\\/ko\\\/\",\"logo\":{\"@type\":\"ImageObject\",\"inLanguage\":\"ko-KR\",\"@id\":\"https:\\\/\\\/naturalpoland.com\\\/ko\\\/#\\\/schema\\\/logo\\\/image\\\/\",\"url\":\"https:\\\/\\\/naturalpoland.com\\\/wp-content\\\/uploads\\\/2021\\\/05\\\/natural-poland-icon.png\",\"contentUrl\":\"https:\\\/\\\/naturalpoland.com\\\/wp-content\\\/uploads\\\/2021\\\/05\\\/natural-poland-icon.png\",\"width\":512,\"height\":512,\"caption\":\"Natural Poland\"},\"image\":{\"@id\":\"https:\\\/\\\/naturalpoland.com\\\/ko\\\/#\\\/schema\\\/logo\\\/image\\\/\"},\"sameAs\":[\"https:\\\/\\\/www.facebook.com\\\/naturalpoland.b2b\",\"https:\\\/\\\/pl.linkedin.com\\\/company\\\/natural-poland\",\"https:\\\/\\\/www.youtube.com\\\/channel\\\/UCgeGGkvOMahZo-xu_MSEWxg\"]}]}<\/script>\n<!-- \/ Yoast SEO plugin. -->","yoast_head_json":{"title":"\ud0c0\ub9c8\ub204 \uc528 \uc624\uc77c - Hurtowy Dystrybutor","description":"\ud0dc\ud3c9\uc591 \uc12c \uc9c0\uc5ed\uc5d0 \uc790\uc0dd\ud558\ub294 \ub098\ubb34 \uc5f4\ub9e4\uc758 \uc528\uc557\uc744 \uc555\ucc29\ud558\uc5ec \uc5bb\uc740 \ucc9c\uc5f0 \ud0c0\ub9c8\ub204 \uc624\uc77c\uc785\ub2c8\ub2e4.","robots":{"index":"index","follow":"follow","max-snippet":"max-snippet:-1","max-image-preview":"max-image-preview:large","max-video-preview":"max-video-preview:-1"},"canonical":"https:\/\/naturalpoland.com\/ko\/je-pum\/hwa-jang-pum-won-ryo\/hwa-jang-pum-o-il\/%ed%83%80%eb%a7%88%eb%88%84-%ec%94%a8-%ec%98%a4%ec%9d%bc\/","og_locale":"ko_KR","og_type":"article","og_title":"\ud0c0\ub9c8\ub204 \uc528 \uc624\uc77c - Hurtowy Dystrybutor","og_description":"\ud0dc\ud3c9\uc591 \uc12c \uc9c0\uc5ed\uc5d0 \uc790\uc0dd\ud558\ub294 \ub098\ubb34 \uc5f4\ub9e4\uc758 \uc528\uc557\uc744 \uc555\ucc29\ud558\uc5ec \uc5bb\uc740 \ucc9c\uc5f0 \ud0c0\ub9c8\ub204 \uc624\uc77c\uc785\ub2c8\ub2e4.","og_url":"https:\/\/naturalpoland.com\/ko\/je-pum\/hwa-jang-pum-won-ryo\/hwa-jang-pum-o-il\/%ed%83%80%eb%a7%88%eb%88%84-%ec%94%a8-%ec%98%a4%ec%9d%bc\/","og_site_name":"NATURAL POLAND - Hurtowy Dystrybutor Surowc\u00f3w","article_publisher":"https:\/\/www.facebook.com\/naturalpoland.b2b","article_modified_time":"2026-04-01T11:20:58+00:00","og_image":[{"width":1024,"height":1024,"url":"https:\/\/naturalpoland.com\/wp-content\/uploads\/olej-tamanu.webp","type":"image\/webp"}],"schema":{"@context":"https:\/\/schema.org","@graph":[{"@type":"WebPage","@id":"https:\/\/naturalpoland.com\/ko\/je-pum\/hwa-jang-pum-won-ryo\/hwa-jang-pum-o-il\/%ed%83%80%eb%a7%88%eb%88%84-%ec%94%a8-%ec%98%a4%ec%9d%bc\/","url":"https:\/\/naturalpoland.com\/ko\/je-pum\/hwa-jang-pum-won-ryo\/hwa-jang-pum-o-il\/%ed%83%80%eb%a7%88%eb%88%84-%ec%94%a8-%ec%98%a4%ec%9d%bc\/","name":"\ud0c0\ub9c8\ub204 \uc528 \uc624\uc77c - Hurtowy Dystrybutor","isPartOf":{"@id":"https:\/\/naturalpoland.com\/ko\/#website"},"primaryImageOfPage":{"@id":"https:\/\/naturalpoland.com\/ko\/je-pum\/hwa-jang-pum-won-ryo\/hwa-jang-pum-o-il\/%ed%83%80%eb%a7%88%eb%88%84-%ec%94%a8-%ec%98%a4%ec%9d%bc\/#primaryimage"},"image":{"@id":"https:\/\/naturalpoland.com\/ko\/je-pum\/hwa-jang-pum-won-ryo\/hwa-jang-pum-o-il\/%ed%83%80%eb%a7%88%eb%88%84-%ec%94%a8-%ec%98%a4%ec%9d%bc\/#primaryimage"},"thumbnailUrl":"https:\/\/naturalpoland.com\/wp-content\/uploads\/olej-tamanu.webp","datePublished":"2021-05-11T11:52:31+00:00","dateModified":"2026-04-01T11:20:58+00:00","description":"\ud0dc\ud3c9\uc591 \uc12c \uc9c0\uc5ed\uc5d0 \uc790\uc0dd\ud558\ub294 \ub098\ubb34 \uc5f4\ub9e4\uc758 \uc528\uc557\uc744 \uc555\ucc29\ud558\uc5ec \uc5bb\uc740 \ucc9c\uc5f0 \ud0c0\ub9c8\ub204 \uc624\uc77c\uc785\ub2c8\ub2e4.","breadcrumb":{"@id":"https:\/\/naturalpoland.com\/ko\/je-pum\/hwa-jang-pum-won-ryo\/hwa-jang-pum-o-il\/%ed%83%80%eb%a7%88%eb%88%84-%ec%94%a8-%ec%98%a4%ec%9d%bc\/#breadcrumb"},"inLanguage":"ko-KR","potentialAction":[{"@type":"ReadAction","target":["https:\/\/naturalpoland.com\/ko\/je-pum\/hwa-jang-pum-won-ryo\/hwa-jang-pum-o-il\/%ed%83%80%eb%a7%88%eb%88%84-%ec%94%a8-%ec%98%a4%ec%9d%bc\/"]}]},{"@type":"ImageObject","inLanguage":"ko-KR","@id":"https:\/\/naturalpoland.com\/ko\/je-pum\/hwa-jang-pum-won-ryo\/hwa-jang-pum-o-il\/%ed%83%80%eb%a7%88%eb%88%84-%ec%94%a8-%ec%98%a4%ec%9d%bc\/#primaryimage","url":"https:\/\/naturalpoland.com\/wp-content\/uploads\/olej-tamanu.webp","contentUrl":"https:\/\/naturalpoland.com\/wp-content\/uploads\/olej-tamanu.webp","width":1024,"height":1024,"caption":"\ud0c0\ub9c8\ub204 \uc528 \uc624\uc77c"},{"@type":"BreadcrumbList","@id":"https:\/\/naturalpoland.com\/ko\/je-pum\/hwa-jang-pum-won-ryo\/hwa-jang-pum-o-il\/%ed%83%80%eb%a7%88%eb%88%84-%ec%94%a8-%ec%98%a4%ec%9d%bc\/#breadcrumb","itemListElement":[{"@type":"ListItem","position":1,"name":"\ud648","item":"https:\/\/naturalpoland.com\/ko\/"},{"@type":"ListItem","position":2,"name":"\uc81c\ud488","item":"https:\/\/naturalpoland.com\/ko\/%ec%a0%9c%ed%92%88\/"},{"@type":"ListItem","position":3,"name":"\ud0c0\ub9c8\ub204 \uc528 \uc624\uc77c"}]},{"@type":"WebSite","@id":"https:\/\/naturalpoland.com\/ko\/#website","url":"https:\/\/naturalpoland.com\/ko\/","name":"NATURAL POLAND - Hurtowy Dystrybutor Surowc\u00f3w","description":"Surowce dla przemys\u0142u spo\u017cywczego, kosmetycznego i farmaceutycznego","publisher":{"@id":"https:\/\/naturalpoland.com\/ko\/#organization"},"potentialAction":[{"@type":"SearchAction","target":{"@type":"EntryPoint","urlTemplate":"https:\/\/naturalpoland.com\/ko\/?s={search_term_string}"},"query-input":{"@type":"PropertyValueSpecification","valueRequired":true,"valueName":"search_term_string"}}],"inLanguage":"ko-KR"},{"@type":"Organization","@id":"https:\/\/naturalpoland.com\/ko\/#organization","name":"Natural Poland","url":"https:\/\/naturalpoland.com\/ko\/","logo":{"@type":"ImageObject","inLanguage":"ko-KR","@id":"https:\/\/naturalpoland.com\/ko\/#\/schema\/logo\/image\/","url":"https:\/\/naturalpoland.com\/wp-content\/uploads\/2021\/05\/natural-poland-icon.png","contentUrl":"https:\/\/naturalpoland.com\/wp-content\/uploads\/2021\/05\/natural-poland-icon.png","width":512,"height":512,"caption":"Natural Poland"},"image":{"@id":"https:\/\/naturalpoland.com\/ko\/#\/schema\/logo\/image\/"},"sameAs":["https:\/\/www.facebook.com\/naturalpoland.b2b","https:\/\/pl.linkedin.com\/company\/natural-poland","https:\/\/www.youtube.com\/channel\/UCgeGGkvOMahZo-xu_MSEWxg"]}]}},"_links":{"self":[{"href":"https:\/\/naturalpoland.com\/ko\/wp-json\/wp\/v2\/product\/47280","targetHints":{"allow":["GET"]}}],"collection":[{"href":"https:\/\/naturalpoland.com\/ko\/wp-json\/wp\/v2\/product"}],"about":[{"href":"https:\/\/naturalpoland.com\/ko\/wp-json\/wp\/v2\/types\/product"}],"wp:featuredmedia":[{"embeddable":true,"href":"https:\/\/naturalpoland.com\/ko\/wp-json\/wp\/v2\/media\/47282"}],"wp:attachment":[{"href":"https:\/\/naturalpoland.com\/ko\/wp-json\/wp\/v2\/media?parent=47280"}],"wp:term":[{"taxonomy":"product_brand","embeddable":true,"href":"https:\/\/naturalpoland.com\/ko\/wp-json\/wp\/v2\/product_brand?post=47280"},{"taxonomy":"product_cat","embeddable":true,"href":"https:\/\/naturalpoland.com\/ko\/wp-json\/wp\/v2\/product_cat?post=47280"},{"taxonomy":"product_tag","embeddable":true,"href":"https:\/\/naturalpoland.com\/ko\/wp-json\/wp\/v2\/product_tag?post=47280"}],"curies":[{"name":"wp","href":"https:\/\/api.w.org\/{rel}","templated":true}]}}