{"id":47283,"date":"2021-05-11T13:52:32","date_gmt":"2021-05-11T11:52:32","guid":{"rendered":"https:\/\/naturalpoland.com\/produkty\/uncategorized\/%ed%83%80%ed%9e%88%ed%8b%b0-%eb%aa%a8%eb%85%b8%ec%9d%b4-%ec%98%a4%ec%9d%bc\/"},"modified":"2026-04-01T13:21:05","modified_gmt":"2026-04-01T11:21:05","slug":"%ed%83%80%ed%9e%88%ed%8b%b0-%eb%aa%a8%eb%85%b8%ec%9d%b4-%ec%98%a4%ec%9d%bc","status":"publish","type":"product","link":"https:\/\/naturalpoland.com\/ko\/je-pum\/hwa-jang-pum-won-ryo\/hwa-jang-pum-o-il\/%ed%83%80%ed%9e%88%ed%8b%b0-%eb%aa%a8%eb%85%b8%ec%9d%b4-%ec%98%a4%ec%9d%bc\/","title":{"rendered":"\ud0c0\ud788\ud2f0 \ubaa8\ub178\uc774 \uc624\uc77c"},"content":{"rendered":"<p>\ub2f9\uc0ac\uac00 \uc81c\uacf5\ud558\ub294 \ud0c0\ud788\ud2f0 \ubaa8\ub178\uc774 \uc624\uc77c\uc740 \ucc9c\uc5f0 \ud1a0\ucf54\ud398\ub864(<strong><a href=\"https:\/\/naturalpoland.com\/produkty\/produkty-dla-przemyslu-farmaceutycznego-i-medycznego\/witaminy\/witamina-e\/\">\ube44\ud0c0\ubbfc E<\/a><\/strong>)\uacfc \uc9c0\uc18d\uc801\uc774\uace0 \uc774\uad6d\uc801\uc774\uba70 \uad00\ub2a5\uc801\uc778 \ud5a5\uc744 \ubd80\uc5ec\ud558\ub294 \ud5a5\ub8cc \uc870\uc131\ubb3c\ub85c \ucd94\uac00 \uac15\ud654\ub418\uc5c8\uc2b5\ub2c8\ub2e4. \uc5f0\ud55c \ub178\ub780\uc0c9\uc5d0\uc11c \ud638\ubc15\uc0c9\uc758 \ud22c\uba85\ud55c \uc720\uc131 \uc561\uccb4 \ud615\ud0dc\ub85c \ub69c\ub837\ud558\uace0 \ud2b9\uc9d5\uc801\uc778 \ud5a5\uc744 \uac00\uc9c0\uace0 \uc788\uc2b5\ub2c8\ub2e4. \ub192\uc740 \ube44\ub204\ud654\uac00(252 mg KOH\/g), \ub0ae\uc740 \uc0b0\ud654\ub3c4(0.2 meq O\u2082\/kg) \ubc0f \ub0ae\uc740 \uc0b0\ub3c4(1.5 mg KOH\/g)\uac00 \ud2b9\uc9d5\uc785\ub2c8\ub2e4.  <\/p>\n<h2 data-start=\"910\" data-end=\"940\">\ud6a8\ub2a5 \ubc0f \ud65c\uc6a9<\/h2>\n<p class=\"\" data-start=\"942\" data-end=\"1793\">\ubaa8\ub178\uc774 \ub4dc \ud0c0\ud788\ud2f0\ub294 \uc601\uc591, \ubcf4\ud638 \ubc0f \uc7ac\uc0dd \ud2b9\uc131\uc73c\ub85c \uc54c\ub824\uc838 \uc788\uc2b5\ub2c8\ub2e4. \uc9d1\uc911 <strong>\uc5f0\ud654\uc81c<\/strong>\ub85c \uc791\uc6a9\ud558\uc5ec \ud53c\ubd80\uc640 \ubaa8\ubc1c\uc744 \ubd80\ub4dc\ub7fd\uace0 \ub9e4\ub044\ub7fd\uac8c \ud558\uba70, \ud45c\uba74\uc5d0 \uc218\ubd84 \uc190\uc2e4\uc744 \ubc29\uc9c0\ud558\ub294 \ubd80\ub4dc\ub7ec\uc6b4 \ud3d0\uc1c4\uce35\uc744 \ud615\uc131\ud569\ub2c8\ub2e4. \ube44\ud0c0\ubbfc E \ud568\uc720\ub85c \ud56d\uc0b0\ud654 \uc791\uc6a9\uc744 \ub098\ud0c0\ub0b4\uba70, \ud53c\ubd80\uc758 \ucc9c\uc5f0 \uc218\ubd84\uc9c0\uc9c8 \uc7a5\ubcbd\uc744 \uc9c0\uc6d0\ud558\uace0 \ub178\ud654 \uc9d5\ud6c4\ub97c \uc9c0\uc5f0\uc2dc\ud0b5\ub2c8\ub2e4. <strong>\uac00\ub974\ub370\ub2c8\uc544 \ucd94\ucd9c\ubb3c<\/strong>\uc740 \uc9c4\uc815 \ubc0f \uc644\ud654 \ud2b9\uc131\uc744 \ub354\ud574\uc8fc\uc5b4 \uac74\uc870\ud558\uace0 \ubbfc\uac10\ud558\uba70 \uc790\uadf9\ubc1b\uc740 \ud53c\ubd80 \uad00\ub9ac\uc5d0 \uc774\uc0c1\uc801\uc785\ub2c8\ub2e4.  <\/p>\n<p class=\"\" data-start=\"942\" data-end=\"1793\">\ubcf8 \uc81c\ud488\uc740 \uace0\uae09 \ub85c\uc158, \ub9c8\uc0ac\uc9c0 \uc624\uc77c, \ud5e4\uc5b4 \ub9c8\uc2a4\ud06c, \ubc14\ub514 \ud06c\ub9bc \ubc0f \uc790\uc678\uc120 \ucc28\ub2e8 \ubc0f \uc560\ud504\ud130 \uc120 \ud654\uc7a5\ud488 \uc81c\uc870\uc5d0 \uc0ac\uc6a9\ub429\ub2c8\ub2e4. \uc81c\ud615\uc5d0 \ub3c5\ud2b9\ud558\uace0 \uc774\uad6d\uc801\uc778 \ud2b9\uc131\uc744 \ubd80\uc5ec\ud569\ub2c8\ub2e4. \ubcf8 \uc81c\ud488\uc740 \ud654\uc7a5\ud488 \uc6a9\ub3c4\ub85c\ub9cc \uc0ac\uc6a9\ub429\ub2c8\ub2e4.  <\/p>\n<p>&nbsp;<\/p>\n","protected":false},"excerpt":{"rendered":"<p><strong>\ubaa8\ub178\uc774-\ud2f0\uc544\ub808 \uc624\uc77c<\/strong>\uc740 \ud0c0\ud788\ud2f0 \uac00\ub974\ub370\ub2c8\uc544\uc5d0\uc11c \uc5bb\uc2b5\ub2c8\ub2e4. \uc774 \uc624\uc77c\uc740 \ud3f4\ub9ac\ub124\uc2dc\uc548 \uc624\uc77c\uc774\ub77c\uace0\ub3c4 \ubd88\ub9ac\uba70 \ud0c0\ud788\ud2f0 \uc12c\uc5d0\uc11c \uc720\ub798\ud569\ub2c8\ub2e4. \uc774 \uc624\uc77c\uc740 \ubaa9\uc695 \uc624\uc77c, \uc560\ud504\ud130 \uc120 \uc81c\ud488 \ubc0f \ud5e4\uc5b4 \ub9c8\uc2a4\ud06c\uc640 \ucee8\ub514\uc154\ub108\uc5d0 \uc790\uc8fc \ucca8\uac00\ub429\ub2c8\ub2e4.  <\/p>\n","protected":false},"featured_media":47287,"template":"","meta":[],"product_brand":[],"product_cat":[8154],"product_tag":[],"class_list":{"0":"post-47283","1":"product","2":"type-product","3":"status-publish","4":"has-post-thumbnail","6":"product_cat-hwa-jang-pum-o-il","7":"pa_grupa-substancji-8193","9":"first","10":"instock","11":"shipping-taxable","12":"product-type-simple"},"yoast_head":"<!-- This site is optimized with the Yoast SEO plugin v27.3 - https:\/\/yoast.com\/product\/yoast-seo-wordpress\/ -->\n<title>\ud0c0\ud788\ud2f0 \ubaa8\ub178\uc774 \uc624\uc77c - Hurtowy Dystrybutor<\/title>\n<meta name=\"description\" content=\"\ud0c0\ud788\ud2f0 \ubaa8\ub178\uc774 \uc624\uc77c\uc740 \ub6f0\uc5b4\ub09c \uc601\uc591, \ubcf4\ud638 \ubc0f \uc7ac\uc0dd \ud2b9\uc131\uc73c\ub85c \uc54c\ub824\uc838 \uc788\uc2b5\ub2c8\ub2e4. \uc9d1\uc911 \uc5f0\ud654\uc81c\ub85c \uc791\uc6a9\ud558\uc5ec \ud53c\ubd80\ub97c \ubd80\ub4dc\ub7fd\uace0 \ub9e4\ub044\ub7fd\uac8c \ud569\ub2c8\ub2e4.\" \/>\n<meta name=\"robots\" content=\"index, follow, max-snippet:-1, max-image-preview:large, max-video-preview:-1\" \/>\n<link rel=\"canonical\" href=\"https:\/\/naturalpoland.com\/ko\/je-pum\/hwa-jang-pum-won-ryo\/hwa-jang-pum-o-il\/%ed%83%80%ed%9e%88%ed%8b%b0-%eb%aa%a8%eb%85%b8%ec%9d%b4-%ec%98%a4%ec%9d%bc\/\" \/>\n<meta property=\"og:locale\" content=\"ko_KR\" \/>\n<meta property=\"og:type\" content=\"article\" \/>\n<meta property=\"og:title\" content=\"\ud0c0\ud788\ud2f0 \ubaa8\ub178\uc774 \uc624\uc77c - Hurtowy Dystrybutor\" \/>\n<meta property=\"og:description\" content=\"\ud0c0\ud788\ud2f0 \ubaa8\ub178\uc774 \uc624\uc77c\uc740 \ub6f0\uc5b4\ub09c \uc601\uc591, \ubcf4\ud638 \ubc0f \uc7ac\uc0dd \ud2b9\uc131\uc73c\ub85c \uc54c\ub824\uc838 \uc788\uc2b5\ub2c8\ub2e4. \uc9d1\uc911 \uc5f0\ud654\uc81c\ub85c \uc791\uc6a9\ud558\uc5ec \ud53c\ubd80\ub97c \ubd80\ub4dc\ub7fd\uace0 \ub9e4\ub044\ub7fd\uac8c \ud569\ub2c8\ub2e4.\" \/>\n<meta property=\"og:url\" content=\"https:\/\/naturalpoland.com\/ko\/je-pum\/hwa-jang-pum-won-ryo\/hwa-jang-pum-o-il\/%ed%83%80%ed%9e%88%ed%8b%b0-%eb%aa%a8%eb%85%b8%ec%9d%b4-%ec%98%a4%ec%9d%bc\/\" \/>\n<meta property=\"og:site_name\" content=\"NATURAL POLAND - Hurtowy Dystrybutor Surowc\u00f3w\" \/>\n<meta property=\"article:publisher\" content=\"https:\/\/www.facebook.com\/naturalpoland.b2b\" \/>\n<meta property=\"article:modified_time\" content=\"2026-04-01T11:21:05+00:00\" \/>\n<meta property=\"og:image\" content=\"https:\/\/naturalpoland.com\/wp-content\/uploads\/olejek-monoi-z-tahiti.webp\" \/>\n\t<meta property=\"og:image:width\" content=\"1024\" \/>\n\t<meta property=\"og:image:height\" content=\"1024\" \/>\n\t<meta property=\"og:image:type\" content=\"image\/webp\" \/>\n<script type=\"application\/ld+json\" class=\"yoast-schema-graph\">{\"@context\":\"https:\\\/\\\/schema.org\",\"@graph\":[{\"@type\":\"WebPage\",\"@id\":\"https:\\\/\\\/naturalpoland.com\\\/ko\\\/je-pum\\\/hwa-jang-pum-won-ryo\\\/hwa-jang-pum-o-il\\\/%ed%83%80%ed%9e%88%ed%8b%b0-%eb%aa%a8%eb%85%b8%ec%9d%b4-%ec%98%a4%ec%9d%bc\\\/\",\"url\":\"https:\\\/\\\/naturalpoland.com\\\/ko\\\/je-pum\\\/hwa-jang-pum-won-ryo\\\/hwa-jang-pum-o-il\\\/%ed%83%80%ed%9e%88%ed%8b%b0-%eb%aa%a8%eb%85%b8%ec%9d%b4-%ec%98%a4%ec%9d%bc\\\/\",\"name\":\"\ud0c0\ud788\ud2f0 \ubaa8\ub178\uc774 \uc624\uc77c - Hurtowy Dystrybutor\",\"isPartOf\":{\"@id\":\"https:\\\/\\\/naturalpoland.com\\\/ko\\\/#website\"},\"primaryImageOfPage\":{\"@id\":\"https:\\\/\\\/naturalpoland.com\\\/ko\\\/je-pum\\\/hwa-jang-pum-won-ryo\\\/hwa-jang-pum-o-il\\\/%ed%83%80%ed%9e%88%ed%8b%b0-%eb%aa%a8%eb%85%b8%ec%9d%b4-%ec%98%a4%ec%9d%bc\\\/#primaryimage\"},\"image\":{\"@id\":\"https:\\\/\\\/naturalpoland.com\\\/ko\\\/je-pum\\\/hwa-jang-pum-won-ryo\\\/hwa-jang-pum-o-il\\\/%ed%83%80%ed%9e%88%ed%8b%b0-%eb%aa%a8%eb%85%b8%ec%9d%b4-%ec%98%a4%ec%9d%bc\\\/#primaryimage\"},\"thumbnailUrl\":\"https:\\\/\\\/naturalpoland.com\\\/wp-content\\\/uploads\\\/olejek-monoi-z-tahiti.webp\",\"datePublished\":\"2021-05-11T11:52:32+00:00\",\"dateModified\":\"2026-04-01T11:21:05+00:00\",\"description\":\"\ud0c0\ud788\ud2f0 \ubaa8\ub178\uc774 \uc624\uc77c\uc740 \ub6f0\uc5b4\ub09c \uc601\uc591, \ubcf4\ud638 \ubc0f \uc7ac\uc0dd \ud2b9\uc131\uc73c\ub85c \uc54c\ub824\uc838 \uc788\uc2b5\ub2c8\ub2e4. \uc9d1\uc911 \uc5f0\ud654\uc81c\ub85c \uc791\uc6a9\ud558\uc5ec \ud53c\ubd80\ub97c \ubd80\ub4dc\ub7fd\uace0 \ub9e4\ub044\ub7fd\uac8c \ud569\ub2c8\ub2e4.\",\"breadcrumb\":{\"@id\":\"https:\\\/\\\/naturalpoland.com\\\/ko\\\/je-pum\\\/hwa-jang-pum-won-ryo\\\/hwa-jang-pum-o-il\\\/%ed%83%80%ed%9e%88%ed%8b%b0-%eb%aa%a8%eb%85%b8%ec%9d%b4-%ec%98%a4%ec%9d%bc\\\/#breadcrumb\"},\"inLanguage\":\"ko-KR\",\"potentialAction\":[{\"@type\":\"ReadAction\",\"target\":[\"https:\\\/\\\/naturalpoland.com\\\/ko\\\/je-pum\\\/hwa-jang-pum-won-ryo\\\/hwa-jang-pum-o-il\\\/%ed%83%80%ed%9e%88%ed%8b%b0-%eb%aa%a8%eb%85%b8%ec%9d%b4-%ec%98%a4%ec%9d%bc\\\/\"]}]},{\"@type\":\"ImageObject\",\"inLanguage\":\"ko-KR\",\"@id\":\"https:\\\/\\\/naturalpoland.com\\\/ko\\\/je-pum\\\/hwa-jang-pum-won-ryo\\\/hwa-jang-pum-o-il\\\/%ed%83%80%ed%9e%88%ed%8b%b0-%eb%aa%a8%eb%85%b8%ec%9d%b4-%ec%98%a4%ec%9d%bc\\\/#primaryimage\",\"url\":\"https:\\\/\\\/naturalpoland.com\\\/wp-content\\\/uploads\\\/olejek-monoi-z-tahiti.webp\",\"contentUrl\":\"https:\\\/\\\/naturalpoland.com\\\/wp-content\\\/uploads\\\/olejek-monoi-z-tahiti.webp\",\"width\":1024,\"height\":1024,\"caption\":\"\ud0c0\ud788\ud2f0 \ubaa8\ub178\uc774 \uc624\uc77c\"},{\"@type\":\"BreadcrumbList\",\"@id\":\"https:\\\/\\\/naturalpoland.com\\\/ko\\\/je-pum\\\/hwa-jang-pum-won-ryo\\\/hwa-jang-pum-o-il\\\/%ed%83%80%ed%9e%88%ed%8b%b0-%eb%aa%a8%eb%85%b8%ec%9d%b4-%ec%98%a4%ec%9d%bc\\\/#breadcrumb\",\"itemListElement\":[{\"@type\":\"ListItem\",\"position\":1,\"name\":\"\ud648\",\"item\":\"https:\\\/\\\/naturalpoland.com\\\/ko\\\/\"},{\"@type\":\"ListItem\",\"position\":2,\"name\":\"\uc81c\ud488\",\"item\":\"https:\\\/\\\/naturalpoland.com\\\/ko\\\/%ec%a0%9c%ed%92%88\\\/\"},{\"@type\":\"ListItem\",\"position\":3,\"name\":\"\ud0c0\ud788\ud2f0 \ubaa8\ub178\uc774 \uc624\uc77c\"}]},{\"@type\":\"WebSite\",\"@id\":\"https:\\\/\\\/naturalpoland.com\\\/ko\\\/#website\",\"url\":\"https:\\\/\\\/naturalpoland.com\\\/ko\\\/\",\"name\":\"NATURAL POLAND - Hurtowy Dystrybutor Surowc\u00f3w\",\"description\":\"Surowce dla przemys\u0142u spo\u017cywczego, kosmetycznego i farmaceutycznego\",\"publisher\":{\"@id\":\"https:\\\/\\\/naturalpoland.com\\\/ko\\\/#organization\"},\"potentialAction\":[{\"@type\":\"SearchAction\",\"target\":{\"@type\":\"EntryPoint\",\"urlTemplate\":\"https:\\\/\\\/naturalpoland.com\\\/ko\\\/?s={search_term_string}\"},\"query-input\":{\"@type\":\"PropertyValueSpecification\",\"valueRequired\":true,\"valueName\":\"search_term_string\"}}],\"inLanguage\":\"ko-KR\"},{\"@type\":\"Organization\",\"@id\":\"https:\\\/\\\/naturalpoland.com\\\/ko\\\/#organization\",\"name\":\"Natural Poland\",\"url\":\"https:\\\/\\\/naturalpoland.com\\\/ko\\\/\",\"logo\":{\"@type\":\"ImageObject\",\"inLanguage\":\"ko-KR\",\"@id\":\"https:\\\/\\\/naturalpoland.com\\\/ko\\\/#\\\/schema\\\/logo\\\/image\\\/\",\"url\":\"https:\\\/\\\/naturalpoland.com\\\/wp-content\\\/uploads\\\/2021\\\/05\\\/natural-poland-icon.png\",\"contentUrl\":\"https:\\\/\\\/naturalpoland.com\\\/wp-content\\\/uploads\\\/2021\\\/05\\\/natural-poland-icon.png\",\"width\":512,\"height\":512,\"caption\":\"Natural Poland\"},\"image\":{\"@id\":\"https:\\\/\\\/naturalpoland.com\\\/ko\\\/#\\\/schema\\\/logo\\\/image\\\/\"},\"sameAs\":[\"https:\\\/\\\/www.facebook.com\\\/naturalpoland.b2b\",\"https:\\\/\\\/pl.linkedin.com\\\/company\\\/natural-poland\",\"https:\\\/\\\/www.youtube.com\\\/channel\\\/UCgeGGkvOMahZo-xu_MSEWxg\"]}]}<\/script>\n<!-- \/ Yoast SEO plugin. -->","yoast_head_json":{"title":"\ud0c0\ud788\ud2f0 \ubaa8\ub178\uc774 \uc624\uc77c - Hurtowy Dystrybutor","description":"\ud0c0\ud788\ud2f0 \ubaa8\ub178\uc774 \uc624\uc77c\uc740 \ub6f0\uc5b4\ub09c \uc601\uc591, \ubcf4\ud638 \ubc0f \uc7ac\uc0dd \ud2b9\uc131\uc73c\ub85c \uc54c\ub824\uc838 \uc788\uc2b5\ub2c8\ub2e4. \uc9d1\uc911 \uc5f0\ud654\uc81c\ub85c \uc791\uc6a9\ud558\uc5ec \ud53c\ubd80\ub97c \ubd80\ub4dc\ub7fd\uace0 \ub9e4\ub044\ub7fd\uac8c \ud569\ub2c8\ub2e4.","robots":{"index":"index","follow":"follow","max-snippet":"max-snippet:-1","max-image-preview":"max-image-preview:large","max-video-preview":"max-video-preview:-1"},"canonical":"https:\/\/naturalpoland.com\/ko\/je-pum\/hwa-jang-pum-won-ryo\/hwa-jang-pum-o-il\/%ed%83%80%ed%9e%88%ed%8b%b0-%eb%aa%a8%eb%85%b8%ec%9d%b4-%ec%98%a4%ec%9d%bc\/","og_locale":"ko_KR","og_type":"article","og_title":"\ud0c0\ud788\ud2f0 \ubaa8\ub178\uc774 \uc624\uc77c - Hurtowy Dystrybutor","og_description":"\ud0c0\ud788\ud2f0 \ubaa8\ub178\uc774 \uc624\uc77c\uc740 \ub6f0\uc5b4\ub09c \uc601\uc591, \ubcf4\ud638 \ubc0f \uc7ac\uc0dd \ud2b9\uc131\uc73c\ub85c \uc54c\ub824\uc838 \uc788\uc2b5\ub2c8\ub2e4. \uc9d1\uc911 \uc5f0\ud654\uc81c\ub85c \uc791\uc6a9\ud558\uc5ec \ud53c\ubd80\ub97c \ubd80\ub4dc\ub7fd\uace0 \ub9e4\ub044\ub7fd\uac8c \ud569\ub2c8\ub2e4.","og_url":"https:\/\/naturalpoland.com\/ko\/je-pum\/hwa-jang-pum-won-ryo\/hwa-jang-pum-o-il\/%ed%83%80%ed%9e%88%ed%8b%b0-%eb%aa%a8%eb%85%b8%ec%9d%b4-%ec%98%a4%ec%9d%bc\/","og_site_name":"NATURAL POLAND - Hurtowy Dystrybutor Surowc\u00f3w","article_publisher":"https:\/\/www.facebook.com\/naturalpoland.b2b","article_modified_time":"2026-04-01T11:21:05+00:00","og_image":[{"width":1024,"height":1024,"url":"https:\/\/naturalpoland.com\/wp-content\/uploads\/olejek-monoi-z-tahiti.webp","type":"image\/webp"}],"schema":{"@context":"https:\/\/schema.org","@graph":[{"@type":"WebPage","@id":"https:\/\/naturalpoland.com\/ko\/je-pum\/hwa-jang-pum-won-ryo\/hwa-jang-pum-o-il\/%ed%83%80%ed%9e%88%ed%8b%b0-%eb%aa%a8%eb%85%b8%ec%9d%b4-%ec%98%a4%ec%9d%bc\/","url":"https:\/\/naturalpoland.com\/ko\/je-pum\/hwa-jang-pum-won-ryo\/hwa-jang-pum-o-il\/%ed%83%80%ed%9e%88%ed%8b%b0-%eb%aa%a8%eb%85%b8%ec%9d%b4-%ec%98%a4%ec%9d%bc\/","name":"\ud0c0\ud788\ud2f0 \ubaa8\ub178\uc774 \uc624\uc77c - Hurtowy Dystrybutor","isPartOf":{"@id":"https:\/\/naturalpoland.com\/ko\/#website"},"primaryImageOfPage":{"@id":"https:\/\/naturalpoland.com\/ko\/je-pum\/hwa-jang-pum-won-ryo\/hwa-jang-pum-o-il\/%ed%83%80%ed%9e%88%ed%8b%b0-%eb%aa%a8%eb%85%b8%ec%9d%b4-%ec%98%a4%ec%9d%bc\/#primaryimage"},"image":{"@id":"https:\/\/naturalpoland.com\/ko\/je-pum\/hwa-jang-pum-won-ryo\/hwa-jang-pum-o-il\/%ed%83%80%ed%9e%88%ed%8b%b0-%eb%aa%a8%eb%85%b8%ec%9d%b4-%ec%98%a4%ec%9d%bc\/#primaryimage"},"thumbnailUrl":"https:\/\/naturalpoland.com\/wp-content\/uploads\/olejek-monoi-z-tahiti.webp","datePublished":"2021-05-11T11:52:32+00:00","dateModified":"2026-04-01T11:21:05+00:00","description":"\ud0c0\ud788\ud2f0 \ubaa8\ub178\uc774 \uc624\uc77c\uc740 \ub6f0\uc5b4\ub09c \uc601\uc591, \ubcf4\ud638 \ubc0f \uc7ac\uc0dd \ud2b9\uc131\uc73c\ub85c \uc54c\ub824\uc838 \uc788\uc2b5\ub2c8\ub2e4. \uc9d1\uc911 \uc5f0\ud654\uc81c\ub85c \uc791\uc6a9\ud558\uc5ec \ud53c\ubd80\ub97c \ubd80\ub4dc\ub7fd\uace0 \ub9e4\ub044\ub7fd\uac8c \ud569\ub2c8\ub2e4.","breadcrumb":{"@id":"https:\/\/naturalpoland.com\/ko\/je-pum\/hwa-jang-pum-won-ryo\/hwa-jang-pum-o-il\/%ed%83%80%ed%9e%88%ed%8b%b0-%eb%aa%a8%eb%85%b8%ec%9d%b4-%ec%98%a4%ec%9d%bc\/#breadcrumb"},"inLanguage":"ko-KR","potentialAction":[{"@type":"ReadAction","target":["https:\/\/naturalpoland.com\/ko\/je-pum\/hwa-jang-pum-won-ryo\/hwa-jang-pum-o-il\/%ed%83%80%ed%9e%88%ed%8b%b0-%eb%aa%a8%eb%85%b8%ec%9d%b4-%ec%98%a4%ec%9d%bc\/"]}]},{"@type":"ImageObject","inLanguage":"ko-KR","@id":"https:\/\/naturalpoland.com\/ko\/je-pum\/hwa-jang-pum-won-ryo\/hwa-jang-pum-o-il\/%ed%83%80%ed%9e%88%ed%8b%b0-%eb%aa%a8%eb%85%b8%ec%9d%b4-%ec%98%a4%ec%9d%bc\/#primaryimage","url":"https:\/\/naturalpoland.com\/wp-content\/uploads\/olejek-monoi-z-tahiti.webp","contentUrl":"https:\/\/naturalpoland.com\/wp-content\/uploads\/olejek-monoi-z-tahiti.webp","width":1024,"height":1024,"caption":"\ud0c0\ud788\ud2f0 \ubaa8\ub178\uc774 \uc624\uc77c"},{"@type":"BreadcrumbList","@id":"https:\/\/naturalpoland.com\/ko\/je-pum\/hwa-jang-pum-won-ryo\/hwa-jang-pum-o-il\/%ed%83%80%ed%9e%88%ed%8b%b0-%eb%aa%a8%eb%85%b8%ec%9d%b4-%ec%98%a4%ec%9d%bc\/#breadcrumb","itemListElement":[{"@type":"ListItem","position":1,"name":"\ud648","item":"https:\/\/naturalpoland.com\/ko\/"},{"@type":"ListItem","position":2,"name":"\uc81c\ud488","item":"https:\/\/naturalpoland.com\/ko\/%ec%a0%9c%ed%92%88\/"},{"@type":"ListItem","position":3,"name":"\ud0c0\ud788\ud2f0 \ubaa8\ub178\uc774 \uc624\uc77c"}]},{"@type":"WebSite","@id":"https:\/\/naturalpoland.com\/ko\/#website","url":"https:\/\/naturalpoland.com\/ko\/","name":"NATURAL POLAND - Hurtowy Dystrybutor Surowc\u00f3w","description":"Surowce dla przemys\u0142u spo\u017cywczego, kosmetycznego i farmaceutycznego","publisher":{"@id":"https:\/\/naturalpoland.com\/ko\/#organization"},"potentialAction":[{"@type":"SearchAction","target":{"@type":"EntryPoint","urlTemplate":"https:\/\/naturalpoland.com\/ko\/?s={search_term_string}"},"query-input":{"@type":"PropertyValueSpecification","valueRequired":true,"valueName":"search_term_string"}}],"inLanguage":"ko-KR"},{"@type":"Organization","@id":"https:\/\/naturalpoland.com\/ko\/#organization","name":"Natural Poland","url":"https:\/\/naturalpoland.com\/ko\/","logo":{"@type":"ImageObject","inLanguage":"ko-KR","@id":"https:\/\/naturalpoland.com\/ko\/#\/schema\/logo\/image\/","url":"https:\/\/naturalpoland.com\/wp-content\/uploads\/2021\/05\/natural-poland-icon.png","contentUrl":"https:\/\/naturalpoland.com\/wp-content\/uploads\/2021\/05\/natural-poland-icon.png","width":512,"height":512,"caption":"Natural Poland"},"image":{"@id":"https:\/\/naturalpoland.com\/ko\/#\/schema\/logo\/image\/"},"sameAs":["https:\/\/www.facebook.com\/naturalpoland.b2b","https:\/\/pl.linkedin.com\/company\/natural-poland","https:\/\/www.youtube.com\/channel\/UCgeGGkvOMahZo-xu_MSEWxg"]}]}},"_links":{"self":[{"href":"https:\/\/naturalpoland.com\/ko\/wp-json\/wp\/v2\/product\/47283","targetHints":{"allow":["GET"]}}],"collection":[{"href":"https:\/\/naturalpoland.com\/ko\/wp-json\/wp\/v2\/product"}],"about":[{"href":"https:\/\/naturalpoland.com\/ko\/wp-json\/wp\/v2\/types\/product"}],"wp:featuredmedia":[{"embeddable":true,"href":"https:\/\/naturalpoland.com\/ko\/wp-json\/wp\/v2\/media\/47287"}],"wp:attachment":[{"href":"https:\/\/naturalpoland.com\/ko\/wp-json\/wp\/v2\/media?parent=47283"}],"wp:term":[{"taxonomy":"product_brand","embeddable":true,"href":"https:\/\/naturalpoland.com\/ko\/wp-json\/wp\/v2\/product_brand?post=47283"},{"taxonomy":"product_cat","embeddable":true,"href":"https:\/\/naturalpoland.com\/ko\/wp-json\/wp\/v2\/product_cat?post=47283"},{"taxonomy":"product_tag","embeddable":true,"href":"https:\/\/naturalpoland.com\/ko\/wp-json\/wp\/v2\/product_tag?post=47283"}],"curies":[{"name":"wp","href":"https:\/\/api.w.org\/{rel}","templated":true}]}}