{"id":47288,"date":"2021-05-11T13:52:32","date_gmt":"2021-05-11T11:52:32","guid":{"rendered":"https:\/\/naturalpoland.com\/produkty\/uncategorized\/%ec%95%84%eb%a7%88%ec%94%a8%ec%9c%a0\/"},"modified":"2026-04-01T14:31:44","modified_gmt":"2026-04-01T12:31:44","slug":"%ec%95%84%eb%a7%88%ec%94%a8%ec%9c%a0","status":"publish","type":"product","link":"https:\/\/naturalpoland.com\/ko\/je-pum\/sig-pum-won-ryo\/sig-yong-yu\/%ec%95%84%eb%a7%88%ec%94%a8%ec%9c%a0\/","title":{"rendered":"\uc544\ub9c8\uc528\uc720"},"content":{"rendered":"<p>\ub2f9\uc0ac\uc758 \uc544\ub9c8\uc528\uc720\ub294 \ud3f4\ub780\ub4dc\uc0b0\uc785\ub2c8\ub2e4. \ubc1d\uc740 \ub178\ub780\uc0c9\uacfc \ud22c\uba85\ud568, \uce68\uc804\ubb3c\uc774 \uc5c6\ub294 \uac83\uc774 \ud2b9\uc9d5\uc785\ub2c8\ub2e4. \ub9db\uacfc \ud5a5\uc740 \ub0c9\uc555\ucc29 \uc544\ub9c8\uc528\uc720 \ud2b9\uc720\uc758 \uac83\uc785\ub2c8\ub2e4. \ubcf8 \uc81c\ud488\uc740 100% \ucc9c\uc5f0\uc774\uba70 \ubcf4\uc874\uc81c, \uc778\uacf5 \uc0c9\uc18c \ub610\ub294 \ud5a5\ub8cc\uac00 \ud568\uc720\ub418\uc5b4 \uc788\uc9c0 \uc54a\uc2b5\ub2c8\ub2e4.   <\/p>\n<p><strong>\uc2dd\ud488 \uc0b0\uc5c5\uc5d0\uc11c\uc758 \uc544\ub9c8\uc528\uc720<\/strong><\/p>\n<p>\uc544\ub9c8\uc528\uc720\uc758 \uc9c0\ubc29\uc0b0 \ud568\ub7c9\uc740 \uc778\uc0c1\uc801\uc774\uba70, \ud2b9\ud788 \uc624\uba54\uac00-3 \uc9c0\ubc29\uc0b0 \ud568\ub7c9\uc774 100g\ub2f9 54g\uc5d0 \ub2ec\ud569\ub2c8\ub2e4. \ub2e4\ubd88\ud3ec\ud654\uc9c0\ubc29\uc0b0(100g\ub2f9 70g), \ub2e8\uc77c\ubd88\ud3ec\ud654\uc9c0\ubc29\uc0b0(100g\ub2f9 19g) \ubc0f \ud3ec\ud654\uc9c0\ubc29\uc0b0(100g\ub2f9 11g)\uc758 \ud48d\ubd80\ud568\uc740 \uc218\ub9ce\uc740 \uac74\uac15\uc0c1\uc758 \uc774\uc810\uc5d0 \uae30\uc5ec\ud569\ub2c8\ub2e4. \uc544\ub9c8\uc528\uc720 \uc12d\ucde8\ub294 \ub300\uc0ac \uacfc\uc815\uc758 \uc815\uc0c1\ud654\ub97c \uc9c0\uc6d0\ud558\uace0, \ud608\uad00\uc758 \ud0c4\ub825\uc131\uc744 \uc99d\uac00\uc2dc\ud0a4\uba70, \uc18c\ud654\uacc4\uc758 \uae30\ub2a5\uc744 \uc870\uc808\ud569\ub2c8\ub2e4. \ub610\ud55c \uccb4\uc911 \uac10\ub7c9 \uc9c0\uc6d0 \ubc0f \uc548\uba74 \ud64d\uc870\uc640 \uac19\uc740 \uac31\ub144\uae30 \uc99d\uc0c1 \uc644\ud654 \ud2b9\uc131\uc73c\ub85c\ub3c4 \ub192\uc774 \ud3c9\uac00\ubc1b\uace0 \uc788\uc2b5\ub2c8\ub2e4.   <\/p>\n<p><strong>\ud654\uc7a5\ud488 \uc0b0\uc5c5\uc5d0\uc11c\uc758 \uc544\ub9c8\uc528\uc720<\/strong><\/p>\n<p>\ud654\uc7a5\ud488 \ubd84\uc57c\uc5d0\uc11c \uc544\ub9c8\uc528\uc720\ub294 \uc138\uc548\uc81c, \uc0e4\uc6cc \uc824, \ubcf4\uc2b5 \ud06c\ub9bc, \uc790\uc678\uc120 \ucc28\ub2e8 \ud06c\ub9bc \ub610\ub294 \ud398\uc774\uc2a4 \ub9c8\uc2a4\ud06c\uc640 \uac19\uc740 \ub2e4\uc591\ud55c \uc2a4\ud0a8\ucf00\uc5b4 \uc81c\ud488 \uc0dd\uc0b0\uc5d0 \uc0ac\uc6a9\ub429\ub2c8\ub2e4. \ubcf4\uc2b5 \ud2b9\uc131 \ub355\ubd84\uc5d0 \ubcf8 \uc624\uc77c\uc740 \ud53c\ubd80 \uc0c1\ud0dc\ub97c \uac1c\uc120\ud558\uace0, \ub2e4\ud06c\uc11c\ud074\uc744 \uac10\uc18c\uc2dc\ud0a4\uba70, \uc8fc\ub984\uc744 \uc644\ud654\ud558\uace0, \uc804\ubc18\uc801\uc778 \ud53c\ubd80 \ud1a4\uc744 \uac1c\uc120\ud569\ub2c8\ub2e4. \ubaa8\ubc1c\uc5d0 \uc0ac\uc6a9 \uc2dc \uc131\uc7a5\uc744 \ucd09\uc9c4\ud558\uace0 \uc724\uae30 \uc788\uace0 \ud2bc\ud2bc\ud558\uac8c \ub9cc\ub4ed\ub2c8\ub2e4.  <\/p>\n","protected":false},"excerpt":{"rendered":"<p>\ub0c9\uc555\ucc29 \ubc0f \ubbf8\uc815\uc81c \uc544\ub9c8\uc528\uc720\ub294 \uc8fc\ubc29\uacfc \ud654\uc7a5\ud488 \uc0b0\uc5c5 \ubaa8\ub450\uc5d0\uc11c \ud65c\uc6a9\ub418\ub294 \ub192\uc740 \uc601\uc591\uac00\ub97c \uc9c0\ub2cc \uc81c\ud488\uc785\ub2c8\ub2e4.<\/p>\n","protected":false},"featured_media":47295,"template":"","meta":[],"product_brand":[],"product_cat":[8135,8174,8154],"product_tag":[],"class_list":{"0":"post-47288","1":"product","2":"type-product","3":"status-publish","4":"has-post-thumbnail","6":"product_cat-sig-yong-mit-hwa-jang-pum-yong-o-il","7":"product_cat-sig-yong-yu","8":"product_cat-hwa-jang-pum-o-il","9":"pa_grupa-substancji-8193","11":"first","12":"instock","13":"shipping-taxable","14":"product-type-simple"},"yoast_head":"<!-- This site is optimized with the Yoast SEO plugin v27.3 - https:\/\/yoast.com\/product\/yoast-seo-wordpress\/ -->\n<title>\uc544\ub9c8\uc528\uc720 - Hurtowy Dystrybutor<\/title>\n<meta name=\"description\" content=\"\ub0c9\uc555\ucc29 \ubc0f \ubbf8\uc815\uc81c \uc544\ub9c8\uc528\uc720\ub294 \ud48d\ubbf8\uc640 \uac74\uac15\uc0c1\uc758 \uc774\uc810\uc744 \ubaa8\ub450 \uc81c\uacf5\ud569\ub2c8\ub2e4. \ub2f9\uc0ac\uc758 \uc544\ub9c8\uc528\uc720\ub294 \ud3f4\ub780\ub4dc\uc0b0\uc785\ub2c8\ub2e4.\" \/>\n<meta name=\"robots\" content=\"index, follow, max-snippet:-1, max-image-preview:large, max-video-preview:-1\" \/>\n<link rel=\"canonical\" href=\"https:\/\/naturalpoland.com\/ko\/je-pum\/sig-pum-won-ryo\/sig-yong-yu\/%ec%95%84%eb%a7%88%ec%94%a8%ec%9c%a0\/\" \/>\n<meta property=\"og:locale\" content=\"ko_KR\" \/>\n<meta property=\"og:type\" content=\"article\" \/>\n<meta property=\"og:title\" content=\"\uc544\ub9c8\uc528\uc720 - Hurtowy Dystrybutor\" \/>\n<meta property=\"og:description\" content=\"\ub0c9\uc555\ucc29 \ubc0f \ubbf8\uc815\uc81c \uc544\ub9c8\uc528\uc720\ub294 \ud48d\ubbf8\uc640 \uac74\uac15\uc0c1\uc758 \uc774\uc810\uc744 \ubaa8\ub450 \uc81c\uacf5\ud569\ub2c8\ub2e4. \ub2f9\uc0ac\uc758 \uc544\ub9c8\uc528\uc720\ub294 \ud3f4\ub780\ub4dc\uc0b0\uc785\ub2c8\ub2e4.\" \/>\n<meta property=\"og:url\" content=\"https:\/\/naturalpoland.com\/ko\/je-pum\/sig-pum-won-ryo\/sig-yong-yu\/%ec%95%84%eb%a7%88%ec%94%a8%ec%9c%a0\/\" \/>\n<meta property=\"og:site_name\" content=\"NATURAL POLAND - Hurtowy Dystrybutor Surowc\u00f3w\" \/>\n<meta property=\"article:publisher\" content=\"https:\/\/www.facebook.com\/naturalpoland.b2b\" \/>\n<meta property=\"article:modified_time\" content=\"2026-04-01T12:31:44+00:00\" \/>\n<meta property=\"og:image\" content=\"https:\/\/naturalpoland.com\/wp-content\/uploads\/2021\/05\/flax-seed-oil.jpg\" \/>\n\t<meta property=\"og:image:width\" content=\"800\" \/>\n\t<meta property=\"og:image:height\" content=\"800\" \/>\n\t<meta property=\"og:image:type\" content=\"image\/jpeg\" \/>\n<script type=\"application\/ld+json\" class=\"yoast-schema-graph\">{\"@context\":\"https:\\\/\\\/schema.org\",\"@graph\":[{\"@type\":\"WebPage\",\"@id\":\"https:\\\/\\\/naturalpoland.com\\\/ko\\\/je-pum\\\/sig-pum-won-ryo\\\/sig-yong-yu\\\/%ec%95%84%eb%a7%88%ec%94%a8%ec%9c%a0\\\/\",\"url\":\"https:\\\/\\\/naturalpoland.com\\\/ko\\\/je-pum\\\/sig-pum-won-ryo\\\/sig-yong-yu\\\/%ec%95%84%eb%a7%88%ec%94%a8%ec%9c%a0\\\/\",\"name\":\"\uc544\ub9c8\uc528\uc720 - Hurtowy Dystrybutor\",\"isPartOf\":{\"@id\":\"https:\\\/\\\/naturalpoland.com\\\/ko\\\/#website\"},\"primaryImageOfPage\":{\"@id\":\"https:\\\/\\\/naturalpoland.com\\\/ko\\\/je-pum\\\/sig-pum-won-ryo\\\/sig-yong-yu\\\/%ec%95%84%eb%a7%88%ec%94%a8%ec%9c%a0\\\/#primaryimage\"},\"image\":{\"@id\":\"https:\\\/\\\/naturalpoland.com\\\/ko\\\/je-pum\\\/sig-pum-won-ryo\\\/sig-yong-yu\\\/%ec%95%84%eb%a7%88%ec%94%a8%ec%9c%a0\\\/#primaryimage\"},\"thumbnailUrl\":\"https:\\\/\\\/naturalpoland.com\\\/wp-content\\\/uploads\\\/2021\\\/05\\\/flax-seed-oil.jpg\",\"datePublished\":\"2021-05-11T11:52:32+00:00\",\"dateModified\":\"2026-04-01T12:31:44+00:00\",\"description\":\"\ub0c9\uc555\ucc29 \ubc0f \ubbf8\uc815\uc81c \uc544\ub9c8\uc528\uc720\ub294 \ud48d\ubbf8\uc640 \uac74\uac15\uc0c1\uc758 \uc774\uc810\uc744 \ubaa8\ub450 \uc81c\uacf5\ud569\ub2c8\ub2e4. \ub2f9\uc0ac\uc758 \uc544\ub9c8\uc528\uc720\ub294 \ud3f4\ub780\ub4dc\uc0b0\uc785\ub2c8\ub2e4.\",\"breadcrumb\":{\"@id\":\"https:\\\/\\\/naturalpoland.com\\\/ko\\\/je-pum\\\/sig-pum-won-ryo\\\/sig-yong-yu\\\/%ec%95%84%eb%a7%88%ec%94%a8%ec%9c%a0\\\/#breadcrumb\"},\"inLanguage\":\"ko-KR\",\"potentialAction\":[{\"@type\":\"ReadAction\",\"target\":[\"https:\\\/\\\/naturalpoland.com\\\/ko\\\/je-pum\\\/sig-pum-won-ryo\\\/sig-yong-yu\\\/%ec%95%84%eb%a7%88%ec%94%a8%ec%9c%a0\\\/\"]}]},{\"@type\":\"ImageObject\",\"inLanguage\":\"ko-KR\",\"@id\":\"https:\\\/\\\/naturalpoland.com\\\/ko\\\/je-pum\\\/sig-pum-won-ryo\\\/sig-yong-yu\\\/%ec%95%84%eb%a7%88%ec%94%a8%ec%9c%a0\\\/#primaryimage\",\"url\":\"https:\\\/\\\/naturalpoland.com\\\/wp-content\\\/uploads\\\/2021\\\/05\\\/flax-seed-oil.jpg\",\"contentUrl\":\"https:\\\/\\\/naturalpoland.com\\\/wp-content\\\/uploads\\\/2021\\\/05\\\/flax-seed-oil.jpg\",\"width\":800,\"height\":800,\"caption\":\"\uc544\ub9c8\uc528\uc720\"},{\"@type\":\"BreadcrumbList\",\"@id\":\"https:\\\/\\\/naturalpoland.com\\\/ko\\\/je-pum\\\/sig-pum-won-ryo\\\/sig-yong-yu\\\/%ec%95%84%eb%a7%88%ec%94%a8%ec%9c%a0\\\/#breadcrumb\",\"itemListElement\":[{\"@type\":\"ListItem\",\"position\":1,\"name\":\"\ud648\",\"item\":\"https:\\\/\\\/naturalpoland.com\\\/ko\\\/\"},{\"@type\":\"ListItem\",\"position\":2,\"name\":\"\uc81c\ud488\",\"item\":\"https:\\\/\\\/naturalpoland.com\\\/ko\\\/%ec%a0%9c%ed%92%88\\\/\"},{\"@type\":\"ListItem\",\"position\":3,\"name\":\"\uc544\ub9c8\uc528\uc720\"}]},{\"@type\":\"WebSite\",\"@id\":\"https:\\\/\\\/naturalpoland.com\\\/ko\\\/#website\",\"url\":\"https:\\\/\\\/naturalpoland.com\\\/ko\\\/\",\"name\":\"NATURAL POLAND - Hurtowy Dystrybutor Surowc\u00f3w\",\"description\":\"Surowce dla przemys\u0142u spo\u017cywczego, kosmetycznego i farmaceutycznego\",\"publisher\":{\"@id\":\"https:\\\/\\\/naturalpoland.com\\\/ko\\\/#organization\"},\"potentialAction\":[{\"@type\":\"SearchAction\",\"target\":{\"@type\":\"EntryPoint\",\"urlTemplate\":\"https:\\\/\\\/naturalpoland.com\\\/ko\\\/?s={search_term_string}\"},\"query-input\":{\"@type\":\"PropertyValueSpecification\",\"valueRequired\":true,\"valueName\":\"search_term_string\"}}],\"inLanguage\":\"ko-KR\"},{\"@type\":\"Organization\",\"@id\":\"https:\\\/\\\/naturalpoland.com\\\/ko\\\/#organization\",\"name\":\"Natural Poland\",\"url\":\"https:\\\/\\\/naturalpoland.com\\\/ko\\\/\",\"logo\":{\"@type\":\"ImageObject\",\"inLanguage\":\"ko-KR\",\"@id\":\"https:\\\/\\\/naturalpoland.com\\\/ko\\\/#\\\/schema\\\/logo\\\/image\\\/\",\"url\":\"https:\\\/\\\/naturalpoland.com\\\/wp-content\\\/uploads\\\/2021\\\/05\\\/natural-poland-icon.png\",\"contentUrl\":\"https:\\\/\\\/naturalpoland.com\\\/wp-content\\\/uploads\\\/2021\\\/05\\\/natural-poland-icon.png\",\"width\":512,\"height\":512,\"caption\":\"Natural Poland\"},\"image\":{\"@id\":\"https:\\\/\\\/naturalpoland.com\\\/ko\\\/#\\\/schema\\\/logo\\\/image\\\/\"},\"sameAs\":[\"https:\\\/\\\/www.facebook.com\\\/naturalpoland.b2b\",\"https:\\\/\\\/pl.linkedin.com\\\/company\\\/natural-poland\",\"https:\\\/\\\/www.youtube.com\\\/channel\\\/UCgeGGkvOMahZo-xu_MSEWxg\"]}]}<\/script>\n<!-- \/ Yoast SEO plugin. -->","yoast_head_json":{"title":"\uc544\ub9c8\uc528\uc720 - Hurtowy Dystrybutor","description":"\ub0c9\uc555\ucc29 \ubc0f \ubbf8\uc815\uc81c \uc544\ub9c8\uc528\uc720\ub294 \ud48d\ubbf8\uc640 \uac74\uac15\uc0c1\uc758 \uc774\uc810\uc744 \ubaa8\ub450 \uc81c\uacf5\ud569\ub2c8\ub2e4. \ub2f9\uc0ac\uc758 \uc544\ub9c8\uc528\uc720\ub294 \ud3f4\ub780\ub4dc\uc0b0\uc785\ub2c8\ub2e4.","robots":{"index":"index","follow":"follow","max-snippet":"max-snippet:-1","max-image-preview":"max-image-preview:large","max-video-preview":"max-video-preview:-1"},"canonical":"https:\/\/naturalpoland.com\/ko\/je-pum\/sig-pum-won-ryo\/sig-yong-yu\/%ec%95%84%eb%a7%88%ec%94%a8%ec%9c%a0\/","og_locale":"ko_KR","og_type":"article","og_title":"\uc544\ub9c8\uc528\uc720 - Hurtowy Dystrybutor","og_description":"\ub0c9\uc555\ucc29 \ubc0f \ubbf8\uc815\uc81c \uc544\ub9c8\uc528\uc720\ub294 \ud48d\ubbf8\uc640 \uac74\uac15\uc0c1\uc758 \uc774\uc810\uc744 \ubaa8\ub450 \uc81c\uacf5\ud569\ub2c8\ub2e4. \ub2f9\uc0ac\uc758 \uc544\ub9c8\uc528\uc720\ub294 \ud3f4\ub780\ub4dc\uc0b0\uc785\ub2c8\ub2e4.","og_url":"https:\/\/naturalpoland.com\/ko\/je-pum\/sig-pum-won-ryo\/sig-yong-yu\/%ec%95%84%eb%a7%88%ec%94%a8%ec%9c%a0\/","og_site_name":"NATURAL POLAND - Hurtowy Dystrybutor Surowc\u00f3w","article_publisher":"https:\/\/www.facebook.com\/naturalpoland.b2b","article_modified_time":"2026-04-01T12:31:44+00:00","og_image":[{"width":800,"height":800,"url":"https:\/\/naturalpoland.com\/wp-content\/uploads\/2021\/05\/flax-seed-oil.jpg","type":"image\/jpeg"}],"schema":{"@context":"https:\/\/schema.org","@graph":[{"@type":"WebPage","@id":"https:\/\/naturalpoland.com\/ko\/je-pum\/sig-pum-won-ryo\/sig-yong-yu\/%ec%95%84%eb%a7%88%ec%94%a8%ec%9c%a0\/","url":"https:\/\/naturalpoland.com\/ko\/je-pum\/sig-pum-won-ryo\/sig-yong-yu\/%ec%95%84%eb%a7%88%ec%94%a8%ec%9c%a0\/","name":"\uc544\ub9c8\uc528\uc720 - Hurtowy Dystrybutor","isPartOf":{"@id":"https:\/\/naturalpoland.com\/ko\/#website"},"primaryImageOfPage":{"@id":"https:\/\/naturalpoland.com\/ko\/je-pum\/sig-pum-won-ryo\/sig-yong-yu\/%ec%95%84%eb%a7%88%ec%94%a8%ec%9c%a0\/#primaryimage"},"image":{"@id":"https:\/\/naturalpoland.com\/ko\/je-pum\/sig-pum-won-ryo\/sig-yong-yu\/%ec%95%84%eb%a7%88%ec%94%a8%ec%9c%a0\/#primaryimage"},"thumbnailUrl":"https:\/\/naturalpoland.com\/wp-content\/uploads\/2021\/05\/flax-seed-oil.jpg","datePublished":"2021-05-11T11:52:32+00:00","dateModified":"2026-04-01T12:31:44+00:00","description":"\ub0c9\uc555\ucc29 \ubc0f \ubbf8\uc815\uc81c \uc544\ub9c8\uc528\uc720\ub294 \ud48d\ubbf8\uc640 \uac74\uac15\uc0c1\uc758 \uc774\uc810\uc744 \ubaa8\ub450 \uc81c\uacf5\ud569\ub2c8\ub2e4. \ub2f9\uc0ac\uc758 \uc544\ub9c8\uc528\uc720\ub294 \ud3f4\ub780\ub4dc\uc0b0\uc785\ub2c8\ub2e4.","breadcrumb":{"@id":"https:\/\/naturalpoland.com\/ko\/je-pum\/sig-pum-won-ryo\/sig-yong-yu\/%ec%95%84%eb%a7%88%ec%94%a8%ec%9c%a0\/#breadcrumb"},"inLanguage":"ko-KR","potentialAction":[{"@type":"ReadAction","target":["https:\/\/naturalpoland.com\/ko\/je-pum\/sig-pum-won-ryo\/sig-yong-yu\/%ec%95%84%eb%a7%88%ec%94%a8%ec%9c%a0\/"]}]},{"@type":"ImageObject","inLanguage":"ko-KR","@id":"https:\/\/naturalpoland.com\/ko\/je-pum\/sig-pum-won-ryo\/sig-yong-yu\/%ec%95%84%eb%a7%88%ec%94%a8%ec%9c%a0\/#primaryimage","url":"https:\/\/naturalpoland.com\/wp-content\/uploads\/2021\/05\/flax-seed-oil.jpg","contentUrl":"https:\/\/naturalpoland.com\/wp-content\/uploads\/2021\/05\/flax-seed-oil.jpg","width":800,"height":800,"caption":"\uc544\ub9c8\uc528\uc720"},{"@type":"BreadcrumbList","@id":"https:\/\/naturalpoland.com\/ko\/je-pum\/sig-pum-won-ryo\/sig-yong-yu\/%ec%95%84%eb%a7%88%ec%94%a8%ec%9c%a0\/#breadcrumb","itemListElement":[{"@type":"ListItem","position":1,"name":"\ud648","item":"https:\/\/naturalpoland.com\/ko\/"},{"@type":"ListItem","position":2,"name":"\uc81c\ud488","item":"https:\/\/naturalpoland.com\/ko\/%ec%a0%9c%ed%92%88\/"},{"@type":"ListItem","position":3,"name":"\uc544\ub9c8\uc528\uc720"}]},{"@type":"WebSite","@id":"https:\/\/naturalpoland.com\/ko\/#website","url":"https:\/\/naturalpoland.com\/ko\/","name":"NATURAL POLAND - Hurtowy Dystrybutor Surowc\u00f3w","description":"Surowce dla przemys\u0142u spo\u017cywczego, kosmetycznego i farmaceutycznego","publisher":{"@id":"https:\/\/naturalpoland.com\/ko\/#organization"},"potentialAction":[{"@type":"SearchAction","target":{"@type":"EntryPoint","urlTemplate":"https:\/\/naturalpoland.com\/ko\/?s={search_term_string}"},"query-input":{"@type":"PropertyValueSpecification","valueRequired":true,"valueName":"search_term_string"}}],"inLanguage":"ko-KR"},{"@type":"Organization","@id":"https:\/\/naturalpoland.com\/ko\/#organization","name":"Natural Poland","url":"https:\/\/naturalpoland.com\/ko\/","logo":{"@type":"ImageObject","inLanguage":"ko-KR","@id":"https:\/\/naturalpoland.com\/ko\/#\/schema\/logo\/image\/","url":"https:\/\/naturalpoland.com\/wp-content\/uploads\/2021\/05\/natural-poland-icon.png","contentUrl":"https:\/\/naturalpoland.com\/wp-content\/uploads\/2021\/05\/natural-poland-icon.png","width":512,"height":512,"caption":"Natural Poland"},"image":{"@id":"https:\/\/naturalpoland.com\/ko\/#\/schema\/logo\/image\/"},"sameAs":["https:\/\/www.facebook.com\/naturalpoland.b2b","https:\/\/pl.linkedin.com\/company\/natural-poland","https:\/\/www.youtube.com\/channel\/UCgeGGkvOMahZo-xu_MSEWxg"]}]}},"_links":{"self":[{"href":"https:\/\/naturalpoland.com\/ko\/wp-json\/wp\/v2\/product\/47288","targetHints":{"allow":["GET"]}}],"collection":[{"href":"https:\/\/naturalpoland.com\/ko\/wp-json\/wp\/v2\/product"}],"about":[{"href":"https:\/\/naturalpoland.com\/ko\/wp-json\/wp\/v2\/types\/product"}],"wp:featuredmedia":[{"embeddable":true,"href":"https:\/\/naturalpoland.com\/ko\/wp-json\/wp\/v2\/media\/47295"}],"wp:attachment":[{"href":"https:\/\/naturalpoland.com\/ko\/wp-json\/wp\/v2\/media?parent=47288"}],"wp:term":[{"taxonomy":"product_brand","embeddable":true,"href":"https:\/\/naturalpoland.com\/ko\/wp-json\/wp\/v2\/product_brand?post=47288"},{"taxonomy":"product_cat","embeddable":true,"href":"https:\/\/naturalpoland.com\/ko\/wp-json\/wp\/v2\/product_cat?post=47288"},{"taxonomy":"product_tag","embeddable":true,"href":"https:\/\/naturalpoland.com\/ko\/wp-json\/wp\/v2\/product_tag?post=47288"}],"curies":[{"name":"wp","href":"https:\/\/api.w.org\/{rel}","templated":true}]}}