{"id":47303,"date":"2021-09-22T14:28:25","date_gmt":"2021-09-22T12:28:25","guid":{"rendered":"https:\/\/naturalpoland.com\/produkty\/uncategorized\/%eb%a7%88%ec%a1%b0%eb%9e%8c-%ec%94%a8%ec%95%97-%ec%98%a4%ec%9d%bc\/"},"modified":"2026-04-01T14:32:01","modified_gmt":"2026-04-01T12:32:01","slug":"%eb%a7%88%ec%a1%b0%eb%9e%8c-%ec%94%a8%ec%95%97-%ec%98%a4%ec%9d%bc","status":"publish","type":"product","link":"https:\/\/naturalpoland.com\/ko\/je-pum\/sig-pum-won-ryo\/sig-yong-yu\/%eb%a7%88%ec%a1%b0%eb%9e%8c-%ec%94%a8%ec%95%97-%ec%98%a4%ec%9d%bc\/","title":{"rendered":"\ub9c8\uc870\ub78c \uc528\uc557 \uc624\uc77c"},"content":{"rendered":"<p>\ub9c8\uc870\ub78c \uc528\uc557 \uc624\uc77c\uc740 \ud654\uc7a5\ud488 \ucca8\uac00\uc81c \ubc0f \ub9c8\uc0ac\uc9c0\uc6a9 \ube14\ub80c\ub4dc\ub85c \uc0ac\uc6a9\ud560 \uc218 \uc788\uc2b5\ub2c8\ub2e4. \ud761\uc785\uc6a9 \uc624\uc77c\ub85c\ub3c4 \uc801\ud569\ud569\ub2c8\ub2e4. \ud654\uc7a5\ud488\uc5d0\uc11c \ub9c8\uc870\ub78c \uc528\uc557 \uc624\uc77c\uc740 \uc790\uadf9\uc744 \uc644\ud654\ud558\uace0 \ud53c\ubd80\ub97c \ud1a0\ub2dd\ud569\ub2c8\ub2e4. \ud53c\ubd80 \ud0c4\ub825\uc744 \ub192\uc774\uace0 \uc140\ub8f0\ub77c\uc774\ud2b8 \uac10\uc18c\uc5d0 \ub3c4\uc6c0\uc744 \uc90d\ub2c8\ub2e4. \ud654\uc7a5\ud488\uc758 \ubca0\uc774\uc2a4\ub85c \uc0ac\uc6a9\ub429\ub2c8\ub2e4.    <\/p>\n<h3>\uc9c0\ubc29\uc0b0 \ud568\ub7c9<\/h3>\n<table>\n<tbody>\n<tr>\n<th>\uc0b0 \uc774\ub984<\/th>\n<th>C-CHAIN<\/th>\n<th>\ubc94\uc704 (%)<\/th>\n<\/tr>\n<tr>\n<td>LESS<\/td>\n<td>&lt; C16:0<\/td>\n<td><\/td>\n<\/tr>\n<tr>\n<td>PALMITIC<\/td>\n<td>C16:0<\/td>\n<td>1.0-11.0<\/td>\n<\/tr>\n<tr>\n<td>\ud314\ubbf8\ud1a8\ub808\uc0b0<\/td>\n<td>C16:1<\/td>\n<td><\/td>\n<\/tr>\n<tr>\n<td>STEARIC<\/td>\n<td>C18:0<\/td>\n<td>0.05-9.0<\/td>\n<\/tr>\n<tr>\n<td>OLEIC<\/td>\n<td>C18:1<\/td>\n<td>10.0-25.0<\/td>\n<\/tr>\n<tr>\n<td>LINOLEIC<\/td>\n<td>C18:2<\/td>\n<td>25.0-45.0<\/td>\n<\/tr>\n<tr>\n<td>LINOLENIC<\/td>\n<td>C18:3<\/td>\n<td>35.0-54.0<\/td>\n<\/tr>\n<tr>\n<td>\ub9ac\ub180\ub80c\uc0b0 (GLA)<\/td>\n<td>C18:3<\/td>\n<td><\/td>\n<\/tr>\n<tr>\n<td>\uc774\ucf54\uc0b0\uc0b0<\/td>\n<td>C20:0<\/td>\n<td><\/td>\n<\/tr>\n<tr>\n<td>\uc774\ucf54\uc13c\uc0b0<\/td>\n<td>C20:1<\/td>\n<td><\/td>\n<\/tr>\n<tr>\n<td>\ub3c4\ucf54\uc0b0\uc0b0<\/td>\n<td>C22:0<\/td>\n<td><\/td>\n<\/tr>\n<tr>\n<td>\uc5d0\ub8e8\ud06c\uc0b0<\/td>\n<td>C22:1<\/td>\n<td><\/td>\n<\/tr>\n<tr>\n<td>\ud14c\ud2b8\ub77c\ucf54\uc0b0\uc0b0<\/td>\n<td>C24:0<\/td>\n<td><\/td>\n<\/tr>\n<\/tbody>\n<\/table>\n","protected":false},"excerpt":{"rendered":"<p><strong>\ub9c8\uc870\ub78c \uc528\uc557 \uc624\uc77c<\/strong>\uc740 \ub2e4\uc591\ud55c \ud2b9\uc131\uc744 \ub098\ud0c0\ub0c5\ub2c8\ub2e4: \ud56d\uade0 \uc791\uc6a9, \uc9c4\uacbd \uc791\uc6a9, \uc18c\ud654\uacc4 \uc9c0\uc6d0, \uc628\uc5f4 \ubc0f \ubc29\ubd80 \ud6a8\uacfc\uac00 \uc788\uc2b5\ub2c8\ub2e4.<\/p>\n","protected":false},"featured_media":47307,"template":"","meta":[],"product_brand":[],"product_cat":[8135,8174,8154],"product_tag":[],"class_list":{"0":"post-47303","1":"product","2":"type-product","3":"status-publish","4":"has-post-thumbnail","6":"product_cat-sig-yong-mit-hwa-jang-pum-yong-o-il","7":"product_cat-sig-yong-yu","8":"product_cat-hwa-jang-pum-o-il","10":"first","11":"instock","12":"shipping-taxable","13":"product-type-simple"},"yoast_head":"<!-- This site is optimized with the Yoast SEO plugin v27.3 - https:\/\/yoast.com\/product\/yoast-seo-wordpress\/ -->\n<title>\ub9c8\uc870\ub78c \uc528\uc557 \uc624\uc77c - Hurtowy Dystrybutor<\/title>\n<meta name=\"robots\" content=\"index, follow, max-snippet:-1, max-image-preview:large, max-video-preview:-1\" \/>\n<link rel=\"canonical\" href=\"https:\/\/naturalpoland.com\/ko\/je-pum\/sig-pum-won-ryo\/sig-yong-yu\/%eb%a7%88%ec%a1%b0%eb%9e%8c-%ec%94%a8%ec%95%97-%ec%98%a4%ec%9d%bc\/\" \/>\n<meta property=\"og:locale\" content=\"ko_KR\" \/>\n<meta property=\"og:type\" content=\"article\" \/>\n<meta property=\"og:title\" content=\"\ub9c8\uc870\ub78c \uc528\uc557 \uc624\uc77c - Hurtowy Dystrybutor\" \/>\n<meta property=\"og:description\" content=\"\ub9c8\uc870\ub78c \uc528\uc557 \uc624\uc77c\uc740 \ub2e4\uc591\ud55c \ud2b9\uc131\uc744 \ub098\ud0c0\ub0c5\ub2c8\ub2e4: \ud56d\uade0 \uc791\uc6a9, \uc9c4\uacbd \uc791\uc6a9, \uc18c\ud654\uacc4 \uc9c0\uc6d0, \uc628\uc5f4 \ubc0f \ubc29\ubd80 \ud6a8\uacfc\uac00 \uc788\uc2b5\ub2c8\ub2e4.\" \/>\n<meta property=\"og:url\" content=\"https:\/\/naturalpoland.com\/ko\/je-pum\/sig-pum-won-ryo\/sig-yong-yu\/%eb%a7%88%ec%a1%b0%eb%9e%8c-%ec%94%a8%ec%95%97-%ec%98%a4%ec%9d%bc\/\" \/>\n<meta property=\"og:site_name\" content=\"NATURAL POLAND - Hurtowy Dystrybutor Surowc\u00f3w\" \/>\n<meta property=\"article:publisher\" content=\"https:\/\/www.facebook.com\/naturalpoland.b2b\" \/>\n<meta property=\"article:modified_time\" content=\"2026-04-01T12:32:01+00:00\" \/>\n<meta property=\"og:image\" content=\"https:\/\/naturalpoland.com\/wp-content\/uploads\/OLEJ-Z-NASION-MAJERANKU.jpg\" \/>\n\t<meta property=\"og:image:width\" content=\"650\" \/>\n\t<meta property=\"og:image:height\" content=\"650\" \/>\n\t<meta property=\"og:image:type\" content=\"image\/jpeg\" \/>\n<script type=\"application\/ld+json\" class=\"yoast-schema-graph\">{\"@context\":\"https:\\\/\\\/schema.org\",\"@graph\":[{\"@type\":\"WebPage\",\"@id\":\"https:\\\/\\\/naturalpoland.com\\\/ko\\\/je-pum\\\/sig-pum-won-ryo\\\/sig-yong-yu\\\/%eb%a7%88%ec%a1%b0%eb%9e%8c-%ec%94%a8%ec%95%97-%ec%98%a4%ec%9d%bc\\\/\",\"url\":\"https:\\\/\\\/naturalpoland.com\\\/ko\\\/je-pum\\\/sig-pum-won-ryo\\\/sig-yong-yu\\\/%eb%a7%88%ec%a1%b0%eb%9e%8c-%ec%94%a8%ec%95%97-%ec%98%a4%ec%9d%bc\\\/\",\"name\":\"\ub9c8\uc870\ub78c \uc528\uc557 \uc624\uc77c - Hurtowy Dystrybutor\",\"isPartOf\":{\"@id\":\"https:\\\/\\\/naturalpoland.com\\\/ko\\\/#website\"},\"primaryImageOfPage\":{\"@id\":\"https:\\\/\\\/naturalpoland.com\\\/ko\\\/je-pum\\\/sig-pum-won-ryo\\\/sig-yong-yu\\\/%eb%a7%88%ec%a1%b0%eb%9e%8c-%ec%94%a8%ec%95%97-%ec%98%a4%ec%9d%bc\\\/#primaryimage\"},\"image\":{\"@id\":\"https:\\\/\\\/naturalpoland.com\\\/ko\\\/je-pum\\\/sig-pum-won-ryo\\\/sig-yong-yu\\\/%eb%a7%88%ec%a1%b0%eb%9e%8c-%ec%94%a8%ec%95%97-%ec%98%a4%ec%9d%bc\\\/#primaryimage\"},\"thumbnailUrl\":\"https:\\\/\\\/naturalpoland.com\\\/wp-content\\\/uploads\\\/OLEJ-Z-NASION-MAJERANKU.jpg\",\"datePublished\":\"2021-09-22T12:28:25+00:00\",\"dateModified\":\"2026-04-01T12:32:01+00:00\",\"breadcrumb\":{\"@id\":\"https:\\\/\\\/naturalpoland.com\\\/ko\\\/je-pum\\\/sig-pum-won-ryo\\\/sig-yong-yu\\\/%eb%a7%88%ec%a1%b0%eb%9e%8c-%ec%94%a8%ec%95%97-%ec%98%a4%ec%9d%bc\\\/#breadcrumb\"},\"inLanguage\":\"ko-KR\",\"potentialAction\":[{\"@type\":\"ReadAction\",\"target\":[\"https:\\\/\\\/naturalpoland.com\\\/ko\\\/je-pum\\\/sig-pum-won-ryo\\\/sig-yong-yu\\\/%eb%a7%88%ec%a1%b0%eb%9e%8c-%ec%94%a8%ec%95%97-%ec%98%a4%ec%9d%bc\\\/\"]}]},{\"@type\":\"ImageObject\",\"inLanguage\":\"ko-KR\",\"@id\":\"https:\\\/\\\/naturalpoland.com\\\/ko\\\/je-pum\\\/sig-pum-won-ryo\\\/sig-yong-yu\\\/%eb%a7%88%ec%a1%b0%eb%9e%8c-%ec%94%a8%ec%95%97-%ec%98%a4%ec%9d%bc\\\/#primaryimage\",\"url\":\"https:\\\/\\\/naturalpoland.com\\\/wp-content\\\/uploads\\\/OLEJ-Z-NASION-MAJERANKU.jpg\",\"contentUrl\":\"https:\\\/\\\/naturalpoland.com\\\/wp-content\\\/uploads\\\/OLEJ-Z-NASION-MAJERANKU.jpg\",\"width\":650,\"height\":650,\"caption\":\"\ub9c8\uc870\ub78c \uc528\uc557 \uc624\uc77c\"},{\"@type\":\"BreadcrumbList\",\"@id\":\"https:\\\/\\\/naturalpoland.com\\\/ko\\\/je-pum\\\/sig-pum-won-ryo\\\/sig-yong-yu\\\/%eb%a7%88%ec%a1%b0%eb%9e%8c-%ec%94%a8%ec%95%97-%ec%98%a4%ec%9d%bc\\\/#breadcrumb\",\"itemListElement\":[{\"@type\":\"ListItem\",\"position\":1,\"name\":\"\ud648\",\"item\":\"https:\\\/\\\/naturalpoland.com\\\/ko\\\/\"},{\"@type\":\"ListItem\",\"position\":2,\"name\":\"\uc81c\ud488\",\"item\":\"https:\\\/\\\/naturalpoland.com\\\/ko\\\/%ec%a0%9c%ed%92%88\\\/\"},{\"@type\":\"ListItem\",\"position\":3,\"name\":\"\ub9c8\uc870\ub78c \uc528\uc557 \uc624\uc77c\"}]},{\"@type\":\"WebSite\",\"@id\":\"https:\\\/\\\/naturalpoland.com\\\/ko\\\/#website\",\"url\":\"https:\\\/\\\/naturalpoland.com\\\/ko\\\/\",\"name\":\"NATURAL POLAND - Hurtowy Dystrybutor Surowc\u00f3w\",\"description\":\"Surowce dla przemys\u0142u spo\u017cywczego, kosmetycznego i farmaceutycznego\",\"publisher\":{\"@id\":\"https:\\\/\\\/naturalpoland.com\\\/ko\\\/#organization\"},\"potentialAction\":[{\"@type\":\"SearchAction\",\"target\":{\"@type\":\"EntryPoint\",\"urlTemplate\":\"https:\\\/\\\/naturalpoland.com\\\/ko\\\/?s={search_term_string}\"},\"query-input\":{\"@type\":\"PropertyValueSpecification\",\"valueRequired\":true,\"valueName\":\"search_term_string\"}}],\"inLanguage\":\"ko-KR\"},{\"@type\":\"Organization\",\"@id\":\"https:\\\/\\\/naturalpoland.com\\\/ko\\\/#organization\",\"name\":\"Natural Poland\",\"url\":\"https:\\\/\\\/naturalpoland.com\\\/ko\\\/\",\"logo\":{\"@type\":\"ImageObject\",\"inLanguage\":\"ko-KR\",\"@id\":\"https:\\\/\\\/naturalpoland.com\\\/ko\\\/#\\\/schema\\\/logo\\\/image\\\/\",\"url\":\"https:\\\/\\\/naturalpoland.com\\\/wp-content\\\/uploads\\\/2021\\\/05\\\/natural-poland-icon.png\",\"contentUrl\":\"https:\\\/\\\/naturalpoland.com\\\/wp-content\\\/uploads\\\/2021\\\/05\\\/natural-poland-icon.png\",\"width\":512,\"height\":512,\"caption\":\"Natural Poland\"},\"image\":{\"@id\":\"https:\\\/\\\/naturalpoland.com\\\/ko\\\/#\\\/schema\\\/logo\\\/image\\\/\"},\"sameAs\":[\"https:\\\/\\\/www.facebook.com\\\/naturalpoland.b2b\",\"https:\\\/\\\/pl.linkedin.com\\\/company\\\/natural-poland\",\"https:\\\/\\\/www.youtube.com\\\/channel\\\/UCgeGGkvOMahZo-xu_MSEWxg\"]}]}<\/script>\n<!-- \/ Yoast SEO plugin. -->","yoast_head_json":{"title":"\ub9c8\uc870\ub78c \uc528\uc557 \uc624\uc77c - Hurtowy Dystrybutor","robots":{"index":"index","follow":"follow","max-snippet":"max-snippet:-1","max-image-preview":"max-image-preview:large","max-video-preview":"max-video-preview:-1"},"canonical":"https:\/\/naturalpoland.com\/ko\/je-pum\/sig-pum-won-ryo\/sig-yong-yu\/%eb%a7%88%ec%a1%b0%eb%9e%8c-%ec%94%a8%ec%95%97-%ec%98%a4%ec%9d%bc\/","og_locale":"ko_KR","og_type":"article","og_title":"\ub9c8\uc870\ub78c \uc528\uc557 \uc624\uc77c - Hurtowy Dystrybutor","og_description":"\ub9c8\uc870\ub78c \uc528\uc557 \uc624\uc77c\uc740 \ub2e4\uc591\ud55c \ud2b9\uc131\uc744 \ub098\ud0c0\ub0c5\ub2c8\ub2e4: \ud56d\uade0 \uc791\uc6a9, \uc9c4\uacbd \uc791\uc6a9, \uc18c\ud654\uacc4 \uc9c0\uc6d0, \uc628\uc5f4 \ubc0f \ubc29\ubd80 \ud6a8\uacfc\uac00 \uc788\uc2b5\ub2c8\ub2e4.","og_url":"https:\/\/naturalpoland.com\/ko\/je-pum\/sig-pum-won-ryo\/sig-yong-yu\/%eb%a7%88%ec%a1%b0%eb%9e%8c-%ec%94%a8%ec%95%97-%ec%98%a4%ec%9d%bc\/","og_site_name":"NATURAL POLAND - Hurtowy Dystrybutor Surowc\u00f3w","article_publisher":"https:\/\/www.facebook.com\/naturalpoland.b2b","article_modified_time":"2026-04-01T12:32:01+00:00","og_image":[{"width":650,"height":650,"url":"https:\/\/naturalpoland.com\/wp-content\/uploads\/OLEJ-Z-NASION-MAJERANKU.jpg","type":"image\/jpeg"}],"schema":{"@context":"https:\/\/schema.org","@graph":[{"@type":"WebPage","@id":"https:\/\/naturalpoland.com\/ko\/je-pum\/sig-pum-won-ryo\/sig-yong-yu\/%eb%a7%88%ec%a1%b0%eb%9e%8c-%ec%94%a8%ec%95%97-%ec%98%a4%ec%9d%bc\/","url":"https:\/\/naturalpoland.com\/ko\/je-pum\/sig-pum-won-ryo\/sig-yong-yu\/%eb%a7%88%ec%a1%b0%eb%9e%8c-%ec%94%a8%ec%95%97-%ec%98%a4%ec%9d%bc\/","name":"\ub9c8\uc870\ub78c \uc528\uc557 \uc624\uc77c - Hurtowy Dystrybutor","isPartOf":{"@id":"https:\/\/naturalpoland.com\/ko\/#website"},"primaryImageOfPage":{"@id":"https:\/\/naturalpoland.com\/ko\/je-pum\/sig-pum-won-ryo\/sig-yong-yu\/%eb%a7%88%ec%a1%b0%eb%9e%8c-%ec%94%a8%ec%95%97-%ec%98%a4%ec%9d%bc\/#primaryimage"},"image":{"@id":"https:\/\/naturalpoland.com\/ko\/je-pum\/sig-pum-won-ryo\/sig-yong-yu\/%eb%a7%88%ec%a1%b0%eb%9e%8c-%ec%94%a8%ec%95%97-%ec%98%a4%ec%9d%bc\/#primaryimage"},"thumbnailUrl":"https:\/\/naturalpoland.com\/wp-content\/uploads\/OLEJ-Z-NASION-MAJERANKU.jpg","datePublished":"2021-09-22T12:28:25+00:00","dateModified":"2026-04-01T12:32:01+00:00","breadcrumb":{"@id":"https:\/\/naturalpoland.com\/ko\/je-pum\/sig-pum-won-ryo\/sig-yong-yu\/%eb%a7%88%ec%a1%b0%eb%9e%8c-%ec%94%a8%ec%95%97-%ec%98%a4%ec%9d%bc\/#breadcrumb"},"inLanguage":"ko-KR","potentialAction":[{"@type":"ReadAction","target":["https:\/\/naturalpoland.com\/ko\/je-pum\/sig-pum-won-ryo\/sig-yong-yu\/%eb%a7%88%ec%a1%b0%eb%9e%8c-%ec%94%a8%ec%95%97-%ec%98%a4%ec%9d%bc\/"]}]},{"@type":"ImageObject","inLanguage":"ko-KR","@id":"https:\/\/naturalpoland.com\/ko\/je-pum\/sig-pum-won-ryo\/sig-yong-yu\/%eb%a7%88%ec%a1%b0%eb%9e%8c-%ec%94%a8%ec%95%97-%ec%98%a4%ec%9d%bc\/#primaryimage","url":"https:\/\/naturalpoland.com\/wp-content\/uploads\/OLEJ-Z-NASION-MAJERANKU.jpg","contentUrl":"https:\/\/naturalpoland.com\/wp-content\/uploads\/OLEJ-Z-NASION-MAJERANKU.jpg","width":650,"height":650,"caption":"\ub9c8\uc870\ub78c \uc528\uc557 \uc624\uc77c"},{"@type":"BreadcrumbList","@id":"https:\/\/naturalpoland.com\/ko\/je-pum\/sig-pum-won-ryo\/sig-yong-yu\/%eb%a7%88%ec%a1%b0%eb%9e%8c-%ec%94%a8%ec%95%97-%ec%98%a4%ec%9d%bc\/#breadcrumb","itemListElement":[{"@type":"ListItem","position":1,"name":"\ud648","item":"https:\/\/naturalpoland.com\/ko\/"},{"@type":"ListItem","position":2,"name":"\uc81c\ud488","item":"https:\/\/naturalpoland.com\/ko\/%ec%a0%9c%ed%92%88\/"},{"@type":"ListItem","position":3,"name":"\ub9c8\uc870\ub78c \uc528\uc557 \uc624\uc77c"}]},{"@type":"WebSite","@id":"https:\/\/naturalpoland.com\/ko\/#website","url":"https:\/\/naturalpoland.com\/ko\/","name":"NATURAL POLAND - Hurtowy Dystrybutor Surowc\u00f3w","description":"Surowce dla przemys\u0142u spo\u017cywczego, kosmetycznego i farmaceutycznego","publisher":{"@id":"https:\/\/naturalpoland.com\/ko\/#organization"},"potentialAction":[{"@type":"SearchAction","target":{"@type":"EntryPoint","urlTemplate":"https:\/\/naturalpoland.com\/ko\/?s={search_term_string}"},"query-input":{"@type":"PropertyValueSpecification","valueRequired":true,"valueName":"search_term_string"}}],"inLanguage":"ko-KR"},{"@type":"Organization","@id":"https:\/\/naturalpoland.com\/ko\/#organization","name":"Natural Poland","url":"https:\/\/naturalpoland.com\/ko\/","logo":{"@type":"ImageObject","inLanguage":"ko-KR","@id":"https:\/\/naturalpoland.com\/ko\/#\/schema\/logo\/image\/","url":"https:\/\/naturalpoland.com\/wp-content\/uploads\/2021\/05\/natural-poland-icon.png","contentUrl":"https:\/\/naturalpoland.com\/wp-content\/uploads\/2021\/05\/natural-poland-icon.png","width":512,"height":512,"caption":"Natural Poland"},"image":{"@id":"https:\/\/naturalpoland.com\/ko\/#\/schema\/logo\/image\/"},"sameAs":["https:\/\/www.facebook.com\/naturalpoland.b2b","https:\/\/pl.linkedin.com\/company\/natural-poland","https:\/\/www.youtube.com\/channel\/UCgeGGkvOMahZo-xu_MSEWxg"]}]}},"_links":{"self":[{"href":"https:\/\/naturalpoland.com\/ko\/wp-json\/wp\/v2\/product\/47303","targetHints":{"allow":["GET"]}}],"collection":[{"href":"https:\/\/naturalpoland.com\/ko\/wp-json\/wp\/v2\/product"}],"about":[{"href":"https:\/\/naturalpoland.com\/ko\/wp-json\/wp\/v2\/types\/product"}],"wp:featuredmedia":[{"embeddable":true,"href":"https:\/\/naturalpoland.com\/ko\/wp-json\/wp\/v2\/media\/47307"}],"wp:attachment":[{"href":"https:\/\/naturalpoland.com\/ko\/wp-json\/wp\/v2\/media?parent=47303"}],"wp:term":[{"taxonomy":"product_brand","embeddable":true,"href":"https:\/\/naturalpoland.com\/ko\/wp-json\/wp\/v2\/product_brand?post=47303"},{"taxonomy":"product_cat","embeddable":true,"href":"https:\/\/naturalpoland.com\/ko\/wp-json\/wp\/v2\/product_cat?post=47303"},{"taxonomy":"product_tag","embeddable":true,"href":"https:\/\/naturalpoland.com\/ko\/wp-json\/wp\/v2\/product_tag?post=47303"}],"curies":[{"name":"wp","href":"https:\/\/api.w.org\/{rel}","templated":true}]}}