{"id":47339,"date":"2021-05-11T13:48:56","date_gmt":"2021-05-11T11:48:56","guid":{"rendered":"https:\/\/naturalpoland.com\/produkty\/uncategorized\/%ec%95%84%eb%aa%ac%eb%93%9c-%ec%98%a4%ec%9d%bc\/"},"modified":"2026-04-01T14:33:31","modified_gmt":"2026-04-01T12:33:31","slug":"%ec%95%84%eb%aa%ac%eb%93%9c-%ec%98%a4%ec%9d%bc","status":"publish","type":"product","link":"https:\/\/naturalpoland.com\/ko\/je-pum\/sig-pum-won-ryo\/sig-yong-yu\/%ec%95%84%eb%aa%ac%eb%93%9c-%ec%98%a4%ec%9d%bc\/","title":{"rendered":"\uc544\ubaac\ub4dc \uc624\uc77c"},"content":{"rendered":"<p>\uc2dd\ud488\uc6a9 \uc544\ubaac\ub4dc \uc624\uc77c\uc740 \uc74c\uc2dd\uc5d0 \ub2ec\ucf64\ud55c \ub9db\uacfc \ud669\uae08\ube5b \uc0c9\uc0c1\uc744 \ub354\ud569\ub2c8\ub2e4. \uc911\uc131\uc801\uc778 \ud5a5\uc744 \uac00\uc9c0\uace0 \uc788\uc5b4 \ub2e4\ub978 \uc7ac\ub8cc\uc640 \uc798 \uc5b4\uc6b8\ub9bd\ub2c8\ub2e4. <\/p>\n<p>\ud654\uc7a5\ud488 \uc6a9\ub3c4\ub85c \uc544\ubaac\ub4dc \uc624\uc77c\uc740 \ud53c\ubd80\uc758 \ub3c5\uc18c\ub97c \ud6a8\uacfc\uc801\uc73c\ub85c \uc81c\uac70\ud558\uace0 \ubaa8\uacf5\uc744 \uc5f4\uc5b4\uc8fc\uba70, \ubbf8\uc0dd\ubb3c \uce68\ud22c\ub97c \ub9c9\ub294 \uc218\ubd84\uc744 \uc720\uc9c0\ud569\ub2c8\ub2e4.<\/p>\n<h2>\uc2a4\uc704\ud2b8 \uc544\ubaac\ub4dc \uc624\uc77c\uc758 \ud2b9\uc131:<\/h2>\n<ol>\n<li>\uc2a4\uc704\ud2b8 \uc544\ubaac\ub4dc \uc624\uc77c\uc740 \ubcf4\uc2b5 \ubc0f \ubcf4\ud638 \uc791\uc6a9\uc744 \ud558\ub294 \uc62c\ub808\uc0b0\uacfc \ub9ac\ub180\ub808\uc0b0\uc774 \ud48d\ubd80\ud569\ub2c8\ub2e4. \ud53c\ubd80\uc5d0 \ubcf4\ud638\ub9c9\uc744 \ud615\uc131\ud558\uc5ec \uc218\ubd84 \uc190\uc2e4\uc744 \ubc29\uc9c0\ud558\uace0 \uc720\ud574\ud55c \uc678\ubd80 \uc694\uc778\uc73c\ub85c\ubd80\ud130 \ubcf4\ud638\ud569\ub2c8\ub2e4. <\/li>\n<li>\ube44\ud0c0\ubbfc(A, E)\uacfc \ubbf8\ub124\ub784 \ud568\ub7c9 \ub355\ubd84\uc5d0 \uc544\ubaac\ub4dc \uc624\uc77c\uc740 \ud53c\ubd80 \uc138\ud3ec \uc7ac\uc0dd\uc744 \uc9c0\uc6d0\ud558\uc5ec \ud0c4\ub825\uacfc \uacac\uace0\ud568\uc744 \ud5a5\uc0c1\uc2dc\ud0b5\ub2c8\ub2e4. \ub610\ud55c \uc790\uadf9\uacfc \uc5fc\uc99d\uc744 \uc644\ud654\ud558\ub294 \ub370 \ub3c4\uc6c0\uc744 \uc8fc\uc5b4 \ubbfc\uac10\ud558\uace0 \uac74\uc870\ud55c \ud53c\ubd80\uc5d0 \uc774\uc0c1\uc801\uc785\ub2c8\ub2e4. <\/li>\n<li>\uc2a4\uc704\ud2b8 \uc544\ubaac\ub4dc \uc624\uc77c\uc740 \uac00\ubcbc\uc6b4 \uc9c8\uac10\uc73c\ub85c \ub048\uc801\uc784 \uc5c6\uc774 \ud53c\ubd80\uc5d0 \uc27d\uac8c \ud761\uc218\ub429\ub2c8\ub2e4. \uc544\ub85c\ub9c8\ud14c\ub77c\ud53c\uc5d0 \uc0ac\uc6a9\ud558\uac70\ub098 \uc5d0\uc13c\uc15c \uc624\uc77c\uc744 \ud76c\uc11d\ud558\ub294 \ubca0\uc774\uc2a4 \uc624\uc77c\ub85c \uc774\uc0c1\uc801\uc778 \ud6cc\ub96d\ud55c \uce90\ub9ac\uc5b4 \uc624\uc77c\uc785\ub2c8\ub2e4. <\/li>\n<\/ol>\n<h2>\uc801\uc6a9<\/h2>\n<ol>\n<li><strong>\uc2a4\ud0a8\ucf00\uc5b4 \ud654\uc7a5\ud488<\/strong>: \ud06c\ub9bc, \ub85c\uc158, \ub9c8\uc0ac\uc9c0 \uc624\uc77c, \ud398\uc774\uc2a4 \ub9c8\uc2a4\ud06c<\/li>\n<li><strong>\ud5e4\uc5b4\ucf00\uc5b4 \uc81c\ud488<\/strong>: \uc0f4\ud478, \ucee8\ub514\uc154\ub108, \ub9c8\uc2a4\ud06c<\/li>\n<li><strong>\uc758\uc57d\ud488<\/strong>: \uc5f0\uace0 \ubc0f \uc57d\uc6a9 \ud06c\ub9bc\uc758 \uae30\ubcf8 \uc131\ubd84<\/li>\n<li><strong>\uc2dd\ud488 \uc0b0\uc5c5<\/strong>: \uc0d0\ub7ec\ub4dc, \ub4dc\ub808\uc2f1 \ubc0f \uae30\ud0c0 \uc694\ub9ac\uc5d0 \ucca8\uac00<\/li>\n<\/ol>\n<hr>\n<h2>\uc9c0\ubc29\uc0b0 \ud568\ub7c9<\/h2>\n<ul>\n<li><strong>\ud314\ubbf8\ud2b8\uc0b0 (C16):<\/strong> 4 &#8211; 9% (\uacb0\uacfc: 4.2%)<\/li>\n<li><strong>\ud314\ubbf8\ud1a8\ub808\uc0b0 (C16:1):<\/strong> \ucd5c\ub300 0.8% (\uacb0\uacfc: 0.15%) <\/li>\n<li><strong>\uc2a4\ud14c\uc544\ub974\uc0b0 (C18):<\/strong> \ucd5c\ub300 3% (\uc801\ud569) <\/li>\n<li><strong>\uc62c\ub808\uc0b0 (C18:1):<\/strong> 62 &#8211; 86% (\uacb0\uacfc: 67.41%)<\/li>\n<li><strong>\ub9ac\ub180\ub808\uc0b0 (C18:2):<\/strong> 20 &#8211; 30% (\uacb0\uacfc: 24.2%)<\/li>\n<li><strong>\ub9ac\ub180\ub80c\uc0b0 (C18:3):<\/strong> \ucd5c\ub300 0.4% (\uacb0\uacfc: 0.06%) <\/li>\n<li><strong>\uc5d0\ub8e8\ud06c\uc0b0 (C22:1):<\/strong> &lt;0.1% (\uc801\ud569)<\/li>\n<\/ul>\n<p>&nbsp;<\/p>\n","protected":false},"excerpt":{"rendered":"<p>\uc815\uc81c \uc2a4\uc704\ud2b8 \uc544\ubaac\ub4dc \uc624\uc77c\uc740 \uc77c\ubc18 \uc544\ubaac\ub4dc \ub098\ubb34(<em>Prunus amygdalus dulcis<\/em>) \uc528\uc557\uc5d0\uc11c \ucd94\ucd9c\ub418\ub294 \uace0\ud488\uc9c8 \uc2dd\ubb3c\uc131 \uc624\uc77c\uc785\ub2c8\ub2e4. \ube44\ud0c0\ubbfc E\uc640 A, \ud544\uc218 \ubd88\ud3ec\ud654 \uc9c0\ubc29\uc0b0, \ub2e8\ubc31\uc9c8, \uce7c\ub968, \uc544\uc5f0\uc744 \ud568\uc720\ud558\uace0 \uc788\uc2b5\ub2c8\ub2e4. \ud654\uc7a5\ud488, \uc81c\uc57d \ubc0f \uc2dd\ud488 \uc0b0\uc5c5\uc5d0\uc11c \uc0ac\uc6a9\ub429\ub2c8\ub2e4.  <\/p>\n","protected":false},"featured_media":47345,"template":"","meta":[],"product_brand":[],"product_cat":[8135,8174,8154],"product_tag":[],"class_list":{"0":"post-47339","1":"product","2":"type-product","3":"status-publish","4":"has-post-thumbnail","6":"product_cat-sig-yong-mit-hwa-jang-pum-yong-o-il","7":"product_cat-sig-yong-yu","8":"product_cat-hwa-jang-pum-o-il","9":"pa_grupa-substancji-8193","11":"first","12":"instock","13":"shipping-taxable","14":"product-type-simple"},"yoast_head":"<!-- This site is optimized with the Yoast SEO plugin v27.3 - https:\/\/yoast.com\/product\/yoast-seo-wordpress\/ -->\n<title>NATURAL POLAND &#8211; Hurtowy Dystrybutor Surowc\u00f3w<\/title>\n<meta name=\"description\" content=\"\uc815\uc81c \uc2a4\uc704\ud2b8 \uc544\ubaac\ub4dc \uc624\uc77c\uc740 \uc77c\ubc18 \uc544\ubaac\ub4dc \ub098\ubb34 \uc528\uc557\uc5d0\uc11c \ucd94\ucd9c\ub418\uba70, \ud654\uc7a5\ud488 \ubc0f \uc2dd\ud488 \uc0b0\uc5c5\uc5d0\uc11c \uc0ac\uc6a9\ub429\ub2c8\ub2e4.\" \/>\n<meta name=\"robots\" content=\"index, follow, max-snippet:-1, max-image-preview:large, max-video-preview:-1\" \/>\n<link rel=\"canonical\" href=\"https:\/\/naturalpoland.com\/ko\/je-pum\/sig-pum-won-ryo\/sig-yong-yu\/%ec%95%84%eb%aa%ac%eb%93%9c-%ec%98%a4%ec%9d%bc\/\" \/>\n<meta property=\"og:locale\" content=\"ko_KR\" \/>\n<meta property=\"og:type\" content=\"article\" \/>\n<meta property=\"og:description\" content=\"\uc815\uc81c \uc2a4\uc704\ud2b8 \uc544\ubaac\ub4dc \uc624\uc77c\uc740 \uc77c\ubc18 \uc544\ubaac\ub4dc \ub098\ubb34 \uc528\uc557\uc5d0\uc11c \ucd94\ucd9c\ub418\uba70, \ud654\uc7a5\ud488 \ubc0f \uc2dd\ud488 \uc0b0\uc5c5\uc5d0\uc11c \uc0ac\uc6a9\ub429\ub2c8\ub2e4.\" \/>\n<meta property=\"og:url\" content=\"https:\/\/naturalpoland.com\/ko\/je-pum\/sig-pum-won-ryo\/sig-yong-yu\/%ec%95%84%eb%aa%ac%eb%93%9c-%ec%98%a4%ec%9d%bc\/\" \/>\n<meta property=\"og:site_name\" content=\"NATURAL POLAND - Hurtowy Dystrybutor Surowc\u00f3w\" \/>\n<meta property=\"article:publisher\" content=\"https:\/\/www.facebook.com\/naturalpoland.b2b\" \/>\n<meta property=\"article:modified_time\" content=\"2026-04-01T12:33:31+00:00\" \/>\n<meta property=\"og:image\" content=\"https:\/\/naturalpoland.com\/wp-content\/uploads\/olej-migdalowy-natural-poland.jpg\" \/>\n\t<meta property=\"og:image:width\" content=\"650\" \/>\n\t<meta property=\"og:image:height\" content=\"650\" \/>\n\t<meta property=\"og:image:type\" content=\"image\/jpeg\" \/>\n<script type=\"application\/ld+json\" class=\"yoast-schema-graph\">{\"@context\":\"https:\\\/\\\/schema.org\",\"@graph\":[{\"@type\":\"WebPage\",\"@id\":\"https:\\\/\\\/naturalpoland.com\\\/ko\\\/je-pum\\\/sig-pum-won-ryo\\\/sig-yong-yu\\\/%ec%95%84%eb%aa%ac%eb%93%9c-%ec%98%a4%ec%9d%bc\\\/\",\"url\":\"https:\\\/\\\/naturalpoland.com\\\/ko\\\/je-pum\\\/sig-pum-won-ryo\\\/sig-yong-yu\\\/%ec%95%84%eb%aa%ac%eb%93%9c-%ec%98%a4%ec%9d%bc\\\/\",\"name\":\"\",\"isPartOf\":{\"@id\":\"https:\\\/\\\/naturalpoland.com\\\/ko\\\/#website\"},\"primaryImageOfPage\":{\"@id\":\"https:\\\/\\\/naturalpoland.com\\\/ko\\\/je-pum\\\/sig-pum-won-ryo\\\/sig-yong-yu\\\/%ec%95%84%eb%aa%ac%eb%93%9c-%ec%98%a4%ec%9d%bc\\\/#primaryimage\"},\"image\":{\"@id\":\"https:\\\/\\\/naturalpoland.com\\\/ko\\\/je-pum\\\/sig-pum-won-ryo\\\/sig-yong-yu\\\/%ec%95%84%eb%aa%ac%eb%93%9c-%ec%98%a4%ec%9d%bc\\\/#primaryimage\"},\"thumbnailUrl\":\"https:\\\/\\\/naturalpoland.com\\\/wp-content\\\/uploads\\\/olej-migdalowy-natural-poland.jpg\",\"datePublished\":\"2021-05-11T11:48:56+00:00\",\"dateModified\":\"2026-04-01T12:33:31+00:00\",\"description\":\"\uc815\uc81c \uc2a4\uc704\ud2b8 \uc544\ubaac\ub4dc \uc624\uc77c\uc740 \uc77c\ubc18 \uc544\ubaac\ub4dc \ub098\ubb34 \uc528\uc557\uc5d0\uc11c \ucd94\ucd9c\ub418\uba70, \ud654\uc7a5\ud488 \ubc0f \uc2dd\ud488 \uc0b0\uc5c5\uc5d0\uc11c \uc0ac\uc6a9\ub429\ub2c8\ub2e4.\",\"breadcrumb\":{\"@id\":\"https:\\\/\\\/naturalpoland.com\\\/ko\\\/je-pum\\\/sig-pum-won-ryo\\\/sig-yong-yu\\\/%ec%95%84%eb%aa%ac%eb%93%9c-%ec%98%a4%ec%9d%bc\\\/#breadcrumb\"},\"inLanguage\":\"ko-KR\",\"potentialAction\":[{\"@type\":\"ReadAction\",\"target\":[\"https:\\\/\\\/naturalpoland.com\\\/ko\\\/je-pum\\\/sig-pum-won-ryo\\\/sig-yong-yu\\\/%ec%95%84%eb%aa%ac%eb%93%9c-%ec%98%a4%ec%9d%bc\\\/\"]}]},{\"@type\":\"ImageObject\",\"inLanguage\":\"ko-KR\",\"@id\":\"https:\\\/\\\/naturalpoland.com\\\/ko\\\/je-pum\\\/sig-pum-won-ryo\\\/sig-yong-yu\\\/%ec%95%84%eb%aa%ac%eb%93%9c-%ec%98%a4%ec%9d%bc\\\/#primaryimage\",\"url\":\"https:\\\/\\\/naturalpoland.com\\\/wp-content\\\/uploads\\\/olej-migdalowy-natural-poland.jpg\",\"contentUrl\":\"https:\\\/\\\/naturalpoland.com\\\/wp-content\\\/uploads\\\/olej-migdalowy-natural-poland.jpg\",\"width\":650,\"height\":650,\"caption\":\"\uc544\ubaac\ub4dc \uc624\uc77c \ub0b4\ucd94\ub7f4 \ud3f4\ub780\ub4dc\"},{\"@type\":\"BreadcrumbList\",\"@id\":\"https:\\\/\\\/naturalpoland.com\\\/ko\\\/je-pum\\\/sig-pum-won-ryo\\\/sig-yong-yu\\\/%ec%95%84%eb%aa%ac%eb%93%9c-%ec%98%a4%ec%9d%bc\\\/#breadcrumb\",\"itemListElement\":[{\"@type\":\"ListItem\",\"position\":1,\"name\":\"\ud648\",\"item\":\"https:\\\/\\\/naturalpoland.com\\\/ko\\\/\"},{\"@type\":\"ListItem\",\"position\":2,\"name\":\"\uc81c\ud488\",\"item\":\"https:\\\/\\\/naturalpoland.com\\\/ko\\\/%ec%a0%9c%ed%92%88\\\/\"},{\"@type\":\"ListItem\",\"position\":3,\"name\":\"\uc544\ubaac\ub4dc \uc624\uc77c\"}]},{\"@type\":\"WebSite\",\"@id\":\"https:\\\/\\\/naturalpoland.com\\\/ko\\\/#website\",\"url\":\"https:\\\/\\\/naturalpoland.com\\\/ko\\\/\",\"name\":\"NATURAL POLAND - Hurtowy Dystrybutor Surowc\u00f3w\",\"description\":\"Surowce dla przemys\u0142u spo\u017cywczego, kosmetycznego i farmaceutycznego\",\"publisher\":{\"@id\":\"https:\\\/\\\/naturalpoland.com\\\/ko\\\/#organization\"},\"potentialAction\":[{\"@type\":\"SearchAction\",\"target\":{\"@type\":\"EntryPoint\",\"urlTemplate\":\"https:\\\/\\\/naturalpoland.com\\\/ko\\\/?s={search_term_string}\"},\"query-input\":{\"@type\":\"PropertyValueSpecification\",\"valueRequired\":true,\"valueName\":\"search_term_string\"}}],\"inLanguage\":\"ko-KR\"},{\"@type\":\"Organization\",\"@id\":\"https:\\\/\\\/naturalpoland.com\\\/ko\\\/#organization\",\"name\":\"Natural Poland\",\"url\":\"https:\\\/\\\/naturalpoland.com\\\/ko\\\/\",\"logo\":{\"@type\":\"ImageObject\",\"inLanguage\":\"ko-KR\",\"@id\":\"https:\\\/\\\/naturalpoland.com\\\/ko\\\/#\\\/schema\\\/logo\\\/image\\\/\",\"url\":\"https:\\\/\\\/naturalpoland.com\\\/wp-content\\\/uploads\\\/2021\\\/05\\\/natural-poland-icon.png\",\"contentUrl\":\"https:\\\/\\\/naturalpoland.com\\\/wp-content\\\/uploads\\\/2021\\\/05\\\/natural-poland-icon.png\",\"width\":512,\"height\":512,\"caption\":\"Natural Poland\"},\"image\":{\"@id\":\"https:\\\/\\\/naturalpoland.com\\\/ko\\\/#\\\/schema\\\/logo\\\/image\\\/\"},\"sameAs\":[\"https:\\\/\\\/www.facebook.com\\\/naturalpoland.b2b\",\"https:\\\/\\\/pl.linkedin.com\\\/company\\\/natural-poland\",\"https:\\\/\\\/www.youtube.com\\\/channel\\\/UCgeGGkvOMahZo-xu_MSEWxg\"]}]}<\/script>\n<!-- \/ Yoast SEO plugin. -->","yoast_head_json":{"title":"NATURAL POLAND &#8211; Hurtowy Dystrybutor Surowc\u00f3w","description":"\uc815\uc81c \uc2a4\uc704\ud2b8 \uc544\ubaac\ub4dc \uc624\uc77c\uc740 \uc77c\ubc18 \uc544\ubaac\ub4dc \ub098\ubb34 \uc528\uc557\uc5d0\uc11c \ucd94\ucd9c\ub418\uba70, \ud654\uc7a5\ud488 \ubc0f \uc2dd\ud488 \uc0b0\uc5c5\uc5d0\uc11c \uc0ac\uc6a9\ub429\ub2c8\ub2e4.","robots":{"index":"index","follow":"follow","max-snippet":"max-snippet:-1","max-image-preview":"max-image-preview:large","max-video-preview":"max-video-preview:-1"},"canonical":"https:\/\/naturalpoland.com\/ko\/je-pum\/sig-pum-won-ryo\/sig-yong-yu\/%ec%95%84%eb%aa%ac%eb%93%9c-%ec%98%a4%ec%9d%bc\/","og_locale":"ko_KR","og_type":"article","og_description":"\uc815\uc81c \uc2a4\uc704\ud2b8 \uc544\ubaac\ub4dc \uc624\uc77c\uc740 \uc77c\ubc18 \uc544\ubaac\ub4dc \ub098\ubb34 \uc528\uc557\uc5d0\uc11c \ucd94\ucd9c\ub418\uba70, \ud654\uc7a5\ud488 \ubc0f \uc2dd\ud488 \uc0b0\uc5c5\uc5d0\uc11c \uc0ac\uc6a9\ub429\ub2c8\ub2e4.","og_url":"https:\/\/naturalpoland.com\/ko\/je-pum\/sig-pum-won-ryo\/sig-yong-yu\/%ec%95%84%eb%aa%ac%eb%93%9c-%ec%98%a4%ec%9d%bc\/","og_site_name":"NATURAL POLAND - Hurtowy Dystrybutor Surowc\u00f3w","article_publisher":"https:\/\/www.facebook.com\/naturalpoland.b2b","article_modified_time":"2026-04-01T12:33:31+00:00","og_image":[{"width":650,"height":650,"url":"https:\/\/naturalpoland.com\/wp-content\/uploads\/olej-migdalowy-natural-poland.jpg","type":"image\/jpeg"}],"schema":{"@context":"https:\/\/schema.org","@graph":[{"@type":"WebPage","@id":"https:\/\/naturalpoland.com\/ko\/je-pum\/sig-pum-won-ryo\/sig-yong-yu\/%ec%95%84%eb%aa%ac%eb%93%9c-%ec%98%a4%ec%9d%bc\/","url":"https:\/\/naturalpoland.com\/ko\/je-pum\/sig-pum-won-ryo\/sig-yong-yu\/%ec%95%84%eb%aa%ac%eb%93%9c-%ec%98%a4%ec%9d%bc\/","name":"","isPartOf":{"@id":"https:\/\/naturalpoland.com\/ko\/#website"},"primaryImageOfPage":{"@id":"https:\/\/naturalpoland.com\/ko\/je-pum\/sig-pum-won-ryo\/sig-yong-yu\/%ec%95%84%eb%aa%ac%eb%93%9c-%ec%98%a4%ec%9d%bc\/#primaryimage"},"image":{"@id":"https:\/\/naturalpoland.com\/ko\/je-pum\/sig-pum-won-ryo\/sig-yong-yu\/%ec%95%84%eb%aa%ac%eb%93%9c-%ec%98%a4%ec%9d%bc\/#primaryimage"},"thumbnailUrl":"https:\/\/naturalpoland.com\/wp-content\/uploads\/olej-migdalowy-natural-poland.jpg","datePublished":"2021-05-11T11:48:56+00:00","dateModified":"2026-04-01T12:33:31+00:00","description":"\uc815\uc81c \uc2a4\uc704\ud2b8 \uc544\ubaac\ub4dc \uc624\uc77c\uc740 \uc77c\ubc18 \uc544\ubaac\ub4dc \ub098\ubb34 \uc528\uc557\uc5d0\uc11c \ucd94\ucd9c\ub418\uba70, \ud654\uc7a5\ud488 \ubc0f \uc2dd\ud488 \uc0b0\uc5c5\uc5d0\uc11c \uc0ac\uc6a9\ub429\ub2c8\ub2e4.","breadcrumb":{"@id":"https:\/\/naturalpoland.com\/ko\/je-pum\/sig-pum-won-ryo\/sig-yong-yu\/%ec%95%84%eb%aa%ac%eb%93%9c-%ec%98%a4%ec%9d%bc\/#breadcrumb"},"inLanguage":"ko-KR","potentialAction":[{"@type":"ReadAction","target":["https:\/\/naturalpoland.com\/ko\/je-pum\/sig-pum-won-ryo\/sig-yong-yu\/%ec%95%84%eb%aa%ac%eb%93%9c-%ec%98%a4%ec%9d%bc\/"]}]},{"@type":"ImageObject","inLanguage":"ko-KR","@id":"https:\/\/naturalpoland.com\/ko\/je-pum\/sig-pum-won-ryo\/sig-yong-yu\/%ec%95%84%eb%aa%ac%eb%93%9c-%ec%98%a4%ec%9d%bc\/#primaryimage","url":"https:\/\/naturalpoland.com\/wp-content\/uploads\/olej-migdalowy-natural-poland.jpg","contentUrl":"https:\/\/naturalpoland.com\/wp-content\/uploads\/olej-migdalowy-natural-poland.jpg","width":650,"height":650,"caption":"\uc544\ubaac\ub4dc \uc624\uc77c \ub0b4\ucd94\ub7f4 \ud3f4\ub780\ub4dc"},{"@type":"BreadcrumbList","@id":"https:\/\/naturalpoland.com\/ko\/je-pum\/sig-pum-won-ryo\/sig-yong-yu\/%ec%95%84%eb%aa%ac%eb%93%9c-%ec%98%a4%ec%9d%bc\/#breadcrumb","itemListElement":[{"@type":"ListItem","position":1,"name":"\ud648","item":"https:\/\/naturalpoland.com\/ko\/"},{"@type":"ListItem","position":2,"name":"\uc81c\ud488","item":"https:\/\/naturalpoland.com\/ko\/%ec%a0%9c%ed%92%88\/"},{"@type":"ListItem","position":3,"name":"\uc544\ubaac\ub4dc \uc624\uc77c"}]},{"@type":"WebSite","@id":"https:\/\/naturalpoland.com\/ko\/#website","url":"https:\/\/naturalpoland.com\/ko\/","name":"NATURAL POLAND - Hurtowy Dystrybutor Surowc\u00f3w","description":"Surowce dla przemys\u0142u spo\u017cywczego, kosmetycznego i farmaceutycznego","publisher":{"@id":"https:\/\/naturalpoland.com\/ko\/#organization"},"potentialAction":[{"@type":"SearchAction","target":{"@type":"EntryPoint","urlTemplate":"https:\/\/naturalpoland.com\/ko\/?s={search_term_string}"},"query-input":{"@type":"PropertyValueSpecification","valueRequired":true,"valueName":"search_term_string"}}],"inLanguage":"ko-KR"},{"@type":"Organization","@id":"https:\/\/naturalpoland.com\/ko\/#organization","name":"Natural Poland","url":"https:\/\/naturalpoland.com\/ko\/","logo":{"@type":"ImageObject","inLanguage":"ko-KR","@id":"https:\/\/naturalpoland.com\/ko\/#\/schema\/logo\/image\/","url":"https:\/\/naturalpoland.com\/wp-content\/uploads\/2021\/05\/natural-poland-icon.png","contentUrl":"https:\/\/naturalpoland.com\/wp-content\/uploads\/2021\/05\/natural-poland-icon.png","width":512,"height":512,"caption":"Natural Poland"},"image":{"@id":"https:\/\/naturalpoland.com\/ko\/#\/schema\/logo\/image\/"},"sameAs":["https:\/\/www.facebook.com\/naturalpoland.b2b","https:\/\/pl.linkedin.com\/company\/natural-poland","https:\/\/www.youtube.com\/channel\/UCgeGGkvOMahZo-xu_MSEWxg"]}]}},"_links":{"self":[{"href":"https:\/\/naturalpoland.com\/ko\/wp-json\/wp\/v2\/product\/47339","targetHints":{"allow":["GET"]}}],"collection":[{"href":"https:\/\/naturalpoland.com\/ko\/wp-json\/wp\/v2\/product"}],"about":[{"href":"https:\/\/naturalpoland.com\/ko\/wp-json\/wp\/v2\/types\/product"}],"wp:featuredmedia":[{"embeddable":true,"href":"https:\/\/naturalpoland.com\/ko\/wp-json\/wp\/v2\/media\/47345"}],"wp:attachment":[{"href":"https:\/\/naturalpoland.com\/ko\/wp-json\/wp\/v2\/media?parent=47339"}],"wp:term":[{"taxonomy":"product_brand","embeddable":true,"href":"https:\/\/naturalpoland.com\/ko\/wp-json\/wp\/v2\/product_brand?post=47339"},{"taxonomy":"product_cat","embeddable":true,"href":"https:\/\/naturalpoland.com\/ko\/wp-json\/wp\/v2\/product_cat?post=47339"},{"taxonomy":"product_tag","embeddable":true,"href":"https:\/\/naturalpoland.com\/ko\/wp-json\/wp\/v2\/product_tag?post=47339"}],"curies":[{"name":"wp","href":"https:\/\/api.w.org\/{rel}","templated":true}]}}