{"id":47351,"date":"2021-05-11T13:49:46","date_gmt":"2021-05-11T11:49:46","guid":{"rendered":"https:\/\/naturalpoland.com\/produkty\/uncategorized\/%eb%b8%8c%eb%a1%9c%ec%bd%9c%eb%a6%ac-%ec%94%a8-%ec%98%a4%ec%9d%bc\/"},"modified":"2026-04-01T14:33:54","modified_gmt":"2026-04-01T12:33:54","slug":"%eb%b8%8c%eb%a1%9c%ec%bd%9c%eb%a6%ac-%ec%94%a8-%ec%98%a4%ec%9d%bc","status":"publish","type":"product","link":"https:\/\/naturalpoland.com\/ko\/je-pum\/sig-pum-won-ryo\/sig-yong-yu\/%eb%b8%8c%eb%a1%9c%ec%bd%9c%eb%a6%ac-%ec%94%a8-%ec%98%a4%ec%9d%bc\/","title":{"rendered":"\ube0c\ub85c\ucf5c\ub9ac \uc528 \uc624\uc77c"},"content":{"rendered":"<p>\ube0c\ub85c\ucf5c\ub9ac \uc528 \uc624\uc77c\uc740 \uc0f4\ud478, \ucee8\ub514\uc154\ub108, \ub9bd\ucf00\uc5b4 \uc81c\ud488, \ub9c8\uc0ac\uc9c0 \uc81c\ud488, \ubc24 \ubc0f \ud06c\ub9bc\uc5d0\uc11c \uac00\uc7a5 \ud754\ud788 \ubc1c\uacac\ub429\ub2c8\ub2e4. \uc774 \uc624\uc77c\uc740 \ud53c\ubd80\uc640 \ubaa8\ubc1c\uc5d0 \ud0c1\uc6d4\ud55c \ubcf4\uc2b5 \ud6a8\uacfc\ub97c \uc81c\uacf5\ud569\ub2c8\ub2e4. \uc790\uc678\uc120 \ubc0f \ud587\ubcd5 \ud654\uc0c1\uc73c\ub85c\ubd80\ud130 \ubcf4\ud638\ud569\ub2c8\ub2e4. \ud53c\ubd80\uc554\uc744 \uc608\ubc29\ud569\ub2c8\ub2e4. \ud53c\ubd80 \ub178\ud654\ub97c \ub2a6\ucd94\ub294 \ub808\ud2f0\ub180\uc758 \ucc9c\uc5f0 \ub300\uccb4\uc81c\uc785\ub2c8\ub2e4.    <\/p>\n<h3>\uc9c0\ubc29\uc0b0 \ud568\ub7c9<\/h3>\n<table>\n<tbody>\n<tr>\n<th>\uc0b0 \uc774\ub984<\/th>\n<th>C-CHAIN<\/th>\n<th>\ubc94\uc704 (%)<\/th>\n<th>\uacb0\uacfc<\/th>\n<\/tr>\n<tr>\n<td>LESS<\/td>\n<td>&lt; C16:0<\/td>\n<td>0.05-0.2<\/td>\n<td>0.2<\/td>\n<\/tr>\n<tr>\n<td>PALMITIC<\/td>\n<td>C16:0<\/td>\n<td>4-7<\/td>\n<td>4<\/td>\n<\/tr>\n<tr>\n<td>\ud314\ubbf8\ud1a8\ub808\uc0b0<\/td>\n<td>C16:1<\/td>\n<td><\/td>\n<td><\/td>\n<\/tr>\n<tr>\n<td>STEARIC<\/td>\n<td>C18:0<\/td>\n<td>0.5-2<\/td>\n<td>0.9<\/td>\n<\/tr>\n<tr>\n<td>OLEIC<\/td>\n<td>C18:1<\/td>\n<td>11-22<\/td>\n<td>14.5<\/td>\n<\/tr>\n<tr>\n<td>LINOLEIC<\/td>\n<td>C18:2<\/td>\n<td>8-15<\/td>\n<td>12.0<\/td>\n<\/tr>\n<tr>\n<td>LINOLENIC<\/td>\n<td>C18:3<\/td>\n<td>5-15<\/td>\n<td>10.5<\/td>\n<\/tr>\n<tr>\n<td>\ub9ac\ub180\ub80c\uc0b0 (GLA)<\/td>\n<td>C18:3<\/td>\n<td><\/td>\n<td><\/td>\n<\/tr>\n<tr>\n<td>\uc774\ucf54\uc0b0\uc0b0<\/td>\n<td>C20:0<\/td>\n<td><\/td>\n<td><\/td>\n<\/tr>\n<tr>\n<td>ICOSENOIC<\/td>\n<td>C20:1<\/td>\n<td>4-8<\/td>\n<td>6.0<\/td>\n<\/tr>\n<tr>\n<td>\ub3c4\ucf54\uc0b0\uc0b0<\/td>\n<td>C22:0<\/td>\n<td><\/td>\n<td><\/td>\n<\/tr>\n<tr>\n<td>ERUCIC<\/td>\n<td>C22:1<\/td>\n<td>37-52<\/td>\n<td>49.0<\/td>\n<\/tr>\n<tr>\n<td>\ud14c\ud2b8\ub77c\ucf54\uc0b0\uc0b0<\/td>\n<td>C24:0<\/td>\n<td><\/td>\n<td><\/td>\n<\/tr>\n<\/tbody>\n<\/table>\n","protected":false},"excerpt":{"rendered":"<p>\uc2dd\ud488 \ubc0f \ud654\uc7a5\ud488 \ub4f1\uae09\uc758 \ube0c\ub85c\ucf5c\ub9ac \uc528 \uc624\uc77c\uc740 \uc791\uc740 \ube0c\ub85c\ucf5c\ub9ac \uc528\uc557\uc744 \ub0c9\uc555\ucc29\ud558\uc5ec \uc0dd\uc0b0\ub429\ub2c8\ub2e4. \uc624\uc77c \uc131\ubd84\uc740 \uac15\ub825\ud55c \ud56d\uc0b0\ud654\uc81c\uc640 \ud544\uc218 \ubd88\ud3ec\ud654 \uc9c0\ubc29\uc0b0\uc774 \ud48d\ubd80\ud569\ub2c8\ub2e4. <\/p>\n<p>\ube0c\ub85c\ucf5c\ub9ac \uc624\uc77c\uc740 \uac00\ubccd\uace0 \ub048\uc801\uc784\uc774 \uc5c6\uc73c\uba70 \uc27d\uac8c \ud761\uc218\ub429\ub2c8\ub2e4.<\/p>\n","protected":false},"featured_media":47353,"template":"","meta":[],"product_brand":[],"product_cat":[8135,8174,8154],"product_tag":[],"class_list":{"0":"post-47351","1":"product","2":"type-product","3":"status-publish","4":"has-post-thumbnail","6":"product_cat-sig-yong-mit-hwa-jang-pum-yong-o-il","7":"product_cat-sig-yong-yu","8":"product_cat-hwa-jang-pum-o-il","10":"first","11":"instock","12":"shipping-taxable","13":"product-type-simple"},"yoast_head":"<!-- This site is optimized with the Yoast SEO plugin v27.3 - https:\/\/yoast.com\/product\/yoast-seo-wordpress\/ -->\n<title>\ube0c\ub85c\ucf5c\ub9ac \uc528 \uc624\uc77c - Hurtowy Dystrybutor<\/title>\n<meta name=\"description\" content=\"\uc2dd\ud488 \ubc0f \ud654\uc7a5\ud488 \ub4f1\uae09\uc758 \ube0c\ub85c\ucf5c\ub9ac \uc528 \uc624\uc77c\uc740 \uc791\uc740 \ube0c\ub85c\ucf5c\ub9ac \uc528\uc557\uc744 \ub0c9\uc555\ucc29\ud558\uc5ec \uc0dd\uc0b0\ub429\ub2c8\ub2e4.\" \/>\n<meta name=\"robots\" content=\"index, follow, max-snippet:-1, max-image-preview:large, max-video-preview:-1\" \/>\n<link rel=\"canonical\" href=\"https:\/\/naturalpoland.com\/ko\/je-pum\/sig-pum-won-ryo\/sig-yong-yu\/%eb%b8%8c%eb%a1%9c%ec%bd%9c%eb%a6%ac-%ec%94%a8-%ec%98%a4%ec%9d%bc\/\" \/>\n<meta property=\"og:locale\" content=\"ko_KR\" \/>\n<meta property=\"og:type\" content=\"article\" \/>\n<meta property=\"og:title\" content=\"\ube0c\ub85c\ucf5c\ub9ac \uc528 \uc624\uc77c - Hurtowy Dystrybutor\" \/>\n<meta property=\"og:description\" content=\"\uc2dd\ud488 \ubc0f \ud654\uc7a5\ud488 \ub4f1\uae09\uc758 \ube0c\ub85c\ucf5c\ub9ac \uc528 \uc624\uc77c\uc740 \uc791\uc740 \ube0c\ub85c\ucf5c\ub9ac \uc528\uc557\uc744 \ub0c9\uc555\ucc29\ud558\uc5ec \uc0dd\uc0b0\ub429\ub2c8\ub2e4.\" \/>\n<meta property=\"og:url\" content=\"https:\/\/naturalpoland.com\/ko\/je-pum\/sig-pum-won-ryo\/sig-yong-yu\/%eb%b8%8c%eb%a1%9c%ec%bd%9c%eb%a6%ac-%ec%94%a8-%ec%98%a4%ec%9d%bc\/\" \/>\n<meta property=\"og:site_name\" content=\"NATURAL POLAND - Hurtowy Dystrybutor Surowc\u00f3w\" \/>\n<meta property=\"article:publisher\" content=\"https:\/\/www.facebook.com\/naturalpoland.b2b\" \/>\n<meta property=\"article:modified_time\" content=\"2026-04-01T12:33:54+00:00\" \/>\n<meta property=\"og:image\" content=\"https:\/\/naturalpoland.com\/wp-content\/uploads\/olej-z-brokulu.jpg\" \/>\n\t<meta property=\"og:image:width\" content=\"650\" \/>\n\t<meta property=\"og:image:height\" content=\"650\" \/>\n\t<meta property=\"og:image:type\" content=\"image\/jpeg\" \/>\n<script type=\"application\/ld+json\" class=\"yoast-schema-graph\">{\"@context\":\"https:\\\/\\\/schema.org\",\"@graph\":[{\"@type\":\"WebPage\",\"@id\":\"https:\\\/\\\/naturalpoland.com\\\/ko\\\/je-pum\\\/sig-pum-won-ryo\\\/sig-yong-yu\\\/%eb%b8%8c%eb%a1%9c%ec%bd%9c%eb%a6%ac-%ec%94%a8-%ec%98%a4%ec%9d%bc\\\/\",\"url\":\"https:\\\/\\\/naturalpoland.com\\\/ko\\\/je-pum\\\/sig-pum-won-ryo\\\/sig-yong-yu\\\/%eb%b8%8c%eb%a1%9c%ec%bd%9c%eb%a6%ac-%ec%94%a8-%ec%98%a4%ec%9d%bc\\\/\",\"name\":\"\ube0c\ub85c\ucf5c\ub9ac \uc528 \uc624\uc77c - Hurtowy Dystrybutor\",\"isPartOf\":{\"@id\":\"https:\\\/\\\/naturalpoland.com\\\/ko\\\/#website\"},\"primaryImageOfPage\":{\"@id\":\"https:\\\/\\\/naturalpoland.com\\\/ko\\\/je-pum\\\/sig-pum-won-ryo\\\/sig-yong-yu\\\/%eb%b8%8c%eb%a1%9c%ec%bd%9c%eb%a6%ac-%ec%94%a8-%ec%98%a4%ec%9d%bc\\\/#primaryimage\"},\"image\":{\"@id\":\"https:\\\/\\\/naturalpoland.com\\\/ko\\\/je-pum\\\/sig-pum-won-ryo\\\/sig-yong-yu\\\/%eb%b8%8c%eb%a1%9c%ec%bd%9c%eb%a6%ac-%ec%94%a8-%ec%98%a4%ec%9d%bc\\\/#primaryimage\"},\"thumbnailUrl\":\"https:\\\/\\\/naturalpoland.com\\\/wp-content\\\/uploads\\\/olej-z-brokulu.jpg\",\"datePublished\":\"2021-05-11T11:49:46+00:00\",\"dateModified\":\"2026-04-01T12:33:54+00:00\",\"description\":\"\uc2dd\ud488 \ubc0f \ud654\uc7a5\ud488 \ub4f1\uae09\uc758 \ube0c\ub85c\ucf5c\ub9ac \uc528 \uc624\uc77c\uc740 \uc791\uc740 \ube0c\ub85c\ucf5c\ub9ac \uc528\uc557\uc744 \ub0c9\uc555\ucc29\ud558\uc5ec \uc0dd\uc0b0\ub429\ub2c8\ub2e4.\",\"breadcrumb\":{\"@id\":\"https:\\\/\\\/naturalpoland.com\\\/ko\\\/je-pum\\\/sig-pum-won-ryo\\\/sig-yong-yu\\\/%eb%b8%8c%eb%a1%9c%ec%bd%9c%eb%a6%ac-%ec%94%a8-%ec%98%a4%ec%9d%bc\\\/#breadcrumb\"},\"inLanguage\":\"ko-KR\",\"potentialAction\":[{\"@type\":\"ReadAction\",\"target\":[\"https:\\\/\\\/naturalpoland.com\\\/ko\\\/je-pum\\\/sig-pum-won-ryo\\\/sig-yong-yu\\\/%eb%b8%8c%eb%a1%9c%ec%bd%9c%eb%a6%ac-%ec%94%a8-%ec%98%a4%ec%9d%bc\\\/\"]}]},{\"@type\":\"ImageObject\",\"inLanguage\":\"ko-KR\",\"@id\":\"https:\\\/\\\/naturalpoland.com\\\/ko\\\/je-pum\\\/sig-pum-won-ryo\\\/sig-yong-yu\\\/%eb%b8%8c%eb%a1%9c%ec%bd%9c%eb%a6%ac-%ec%94%a8-%ec%98%a4%ec%9d%bc\\\/#primaryimage\",\"url\":\"https:\\\/\\\/naturalpoland.com\\\/wp-content\\\/uploads\\\/olej-z-brokulu.jpg\",\"contentUrl\":\"https:\\\/\\\/naturalpoland.com\\\/wp-content\\\/uploads\\\/olej-z-brokulu.jpg\",\"width\":650,\"height\":650,\"caption\":\"\ube0c\ub85c\ucf5c\ub9ac \uc624\uc77c\"},{\"@type\":\"BreadcrumbList\",\"@id\":\"https:\\\/\\\/naturalpoland.com\\\/ko\\\/je-pum\\\/sig-pum-won-ryo\\\/sig-yong-yu\\\/%eb%b8%8c%eb%a1%9c%ec%bd%9c%eb%a6%ac-%ec%94%a8-%ec%98%a4%ec%9d%bc\\\/#breadcrumb\",\"itemListElement\":[{\"@type\":\"ListItem\",\"position\":1,\"name\":\"\ud648\",\"item\":\"https:\\\/\\\/naturalpoland.com\\\/ko\\\/\"},{\"@type\":\"ListItem\",\"position\":2,\"name\":\"\uc81c\ud488\",\"item\":\"https:\\\/\\\/naturalpoland.com\\\/ko\\\/%ec%a0%9c%ed%92%88\\\/\"},{\"@type\":\"ListItem\",\"position\":3,\"name\":\"\ube0c\ub85c\ucf5c\ub9ac \uc528 \uc624\uc77c\"}]},{\"@type\":\"WebSite\",\"@id\":\"https:\\\/\\\/naturalpoland.com\\\/ko\\\/#website\",\"url\":\"https:\\\/\\\/naturalpoland.com\\\/ko\\\/\",\"name\":\"NATURAL POLAND - Hurtowy Dystrybutor Surowc\u00f3w\",\"description\":\"Surowce dla przemys\u0142u spo\u017cywczego, kosmetycznego i farmaceutycznego\",\"publisher\":{\"@id\":\"https:\\\/\\\/naturalpoland.com\\\/ko\\\/#organization\"},\"potentialAction\":[{\"@type\":\"SearchAction\",\"target\":{\"@type\":\"EntryPoint\",\"urlTemplate\":\"https:\\\/\\\/naturalpoland.com\\\/ko\\\/?s={search_term_string}\"},\"query-input\":{\"@type\":\"PropertyValueSpecification\",\"valueRequired\":true,\"valueName\":\"search_term_string\"}}],\"inLanguage\":\"ko-KR\"},{\"@type\":\"Organization\",\"@id\":\"https:\\\/\\\/naturalpoland.com\\\/ko\\\/#organization\",\"name\":\"Natural Poland\",\"url\":\"https:\\\/\\\/naturalpoland.com\\\/ko\\\/\",\"logo\":{\"@type\":\"ImageObject\",\"inLanguage\":\"ko-KR\",\"@id\":\"https:\\\/\\\/naturalpoland.com\\\/ko\\\/#\\\/schema\\\/logo\\\/image\\\/\",\"url\":\"https:\\\/\\\/naturalpoland.com\\\/wp-content\\\/uploads\\\/2021\\\/05\\\/natural-poland-icon.png\",\"contentUrl\":\"https:\\\/\\\/naturalpoland.com\\\/wp-content\\\/uploads\\\/2021\\\/05\\\/natural-poland-icon.png\",\"width\":512,\"height\":512,\"caption\":\"Natural Poland\"},\"image\":{\"@id\":\"https:\\\/\\\/naturalpoland.com\\\/ko\\\/#\\\/schema\\\/logo\\\/image\\\/\"},\"sameAs\":[\"https:\\\/\\\/www.facebook.com\\\/naturalpoland.b2b\",\"https:\\\/\\\/pl.linkedin.com\\\/company\\\/natural-poland\",\"https:\\\/\\\/www.youtube.com\\\/channel\\\/UCgeGGkvOMahZo-xu_MSEWxg\"]}]}<\/script>\n<!-- \/ Yoast SEO plugin. -->","yoast_head_json":{"title":"\ube0c\ub85c\ucf5c\ub9ac \uc528 \uc624\uc77c - Hurtowy Dystrybutor","description":"\uc2dd\ud488 \ubc0f \ud654\uc7a5\ud488 \ub4f1\uae09\uc758 \ube0c\ub85c\ucf5c\ub9ac \uc528 \uc624\uc77c\uc740 \uc791\uc740 \ube0c\ub85c\ucf5c\ub9ac \uc528\uc557\uc744 \ub0c9\uc555\ucc29\ud558\uc5ec \uc0dd\uc0b0\ub429\ub2c8\ub2e4.","robots":{"index":"index","follow":"follow","max-snippet":"max-snippet:-1","max-image-preview":"max-image-preview:large","max-video-preview":"max-video-preview:-1"},"canonical":"https:\/\/naturalpoland.com\/ko\/je-pum\/sig-pum-won-ryo\/sig-yong-yu\/%eb%b8%8c%eb%a1%9c%ec%bd%9c%eb%a6%ac-%ec%94%a8-%ec%98%a4%ec%9d%bc\/","og_locale":"ko_KR","og_type":"article","og_title":"\ube0c\ub85c\ucf5c\ub9ac \uc528 \uc624\uc77c - Hurtowy Dystrybutor","og_description":"\uc2dd\ud488 \ubc0f \ud654\uc7a5\ud488 \ub4f1\uae09\uc758 \ube0c\ub85c\ucf5c\ub9ac \uc528 \uc624\uc77c\uc740 \uc791\uc740 \ube0c\ub85c\ucf5c\ub9ac \uc528\uc557\uc744 \ub0c9\uc555\ucc29\ud558\uc5ec \uc0dd\uc0b0\ub429\ub2c8\ub2e4.","og_url":"https:\/\/naturalpoland.com\/ko\/je-pum\/sig-pum-won-ryo\/sig-yong-yu\/%eb%b8%8c%eb%a1%9c%ec%bd%9c%eb%a6%ac-%ec%94%a8-%ec%98%a4%ec%9d%bc\/","og_site_name":"NATURAL POLAND - Hurtowy Dystrybutor Surowc\u00f3w","article_publisher":"https:\/\/www.facebook.com\/naturalpoland.b2b","article_modified_time":"2026-04-01T12:33:54+00:00","og_image":[{"width":650,"height":650,"url":"https:\/\/naturalpoland.com\/wp-content\/uploads\/olej-z-brokulu.jpg","type":"image\/jpeg"}],"schema":{"@context":"https:\/\/schema.org","@graph":[{"@type":"WebPage","@id":"https:\/\/naturalpoland.com\/ko\/je-pum\/sig-pum-won-ryo\/sig-yong-yu\/%eb%b8%8c%eb%a1%9c%ec%bd%9c%eb%a6%ac-%ec%94%a8-%ec%98%a4%ec%9d%bc\/","url":"https:\/\/naturalpoland.com\/ko\/je-pum\/sig-pum-won-ryo\/sig-yong-yu\/%eb%b8%8c%eb%a1%9c%ec%bd%9c%eb%a6%ac-%ec%94%a8-%ec%98%a4%ec%9d%bc\/","name":"\ube0c\ub85c\ucf5c\ub9ac \uc528 \uc624\uc77c - Hurtowy Dystrybutor","isPartOf":{"@id":"https:\/\/naturalpoland.com\/ko\/#website"},"primaryImageOfPage":{"@id":"https:\/\/naturalpoland.com\/ko\/je-pum\/sig-pum-won-ryo\/sig-yong-yu\/%eb%b8%8c%eb%a1%9c%ec%bd%9c%eb%a6%ac-%ec%94%a8-%ec%98%a4%ec%9d%bc\/#primaryimage"},"image":{"@id":"https:\/\/naturalpoland.com\/ko\/je-pum\/sig-pum-won-ryo\/sig-yong-yu\/%eb%b8%8c%eb%a1%9c%ec%bd%9c%eb%a6%ac-%ec%94%a8-%ec%98%a4%ec%9d%bc\/#primaryimage"},"thumbnailUrl":"https:\/\/naturalpoland.com\/wp-content\/uploads\/olej-z-brokulu.jpg","datePublished":"2021-05-11T11:49:46+00:00","dateModified":"2026-04-01T12:33:54+00:00","description":"\uc2dd\ud488 \ubc0f \ud654\uc7a5\ud488 \ub4f1\uae09\uc758 \ube0c\ub85c\ucf5c\ub9ac \uc528 \uc624\uc77c\uc740 \uc791\uc740 \ube0c\ub85c\ucf5c\ub9ac \uc528\uc557\uc744 \ub0c9\uc555\ucc29\ud558\uc5ec \uc0dd\uc0b0\ub429\ub2c8\ub2e4.","breadcrumb":{"@id":"https:\/\/naturalpoland.com\/ko\/je-pum\/sig-pum-won-ryo\/sig-yong-yu\/%eb%b8%8c%eb%a1%9c%ec%bd%9c%eb%a6%ac-%ec%94%a8-%ec%98%a4%ec%9d%bc\/#breadcrumb"},"inLanguage":"ko-KR","potentialAction":[{"@type":"ReadAction","target":["https:\/\/naturalpoland.com\/ko\/je-pum\/sig-pum-won-ryo\/sig-yong-yu\/%eb%b8%8c%eb%a1%9c%ec%bd%9c%eb%a6%ac-%ec%94%a8-%ec%98%a4%ec%9d%bc\/"]}]},{"@type":"ImageObject","inLanguage":"ko-KR","@id":"https:\/\/naturalpoland.com\/ko\/je-pum\/sig-pum-won-ryo\/sig-yong-yu\/%eb%b8%8c%eb%a1%9c%ec%bd%9c%eb%a6%ac-%ec%94%a8-%ec%98%a4%ec%9d%bc\/#primaryimage","url":"https:\/\/naturalpoland.com\/wp-content\/uploads\/olej-z-brokulu.jpg","contentUrl":"https:\/\/naturalpoland.com\/wp-content\/uploads\/olej-z-brokulu.jpg","width":650,"height":650,"caption":"\ube0c\ub85c\ucf5c\ub9ac \uc624\uc77c"},{"@type":"BreadcrumbList","@id":"https:\/\/naturalpoland.com\/ko\/je-pum\/sig-pum-won-ryo\/sig-yong-yu\/%eb%b8%8c%eb%a1%9c%ec%bd%9c%eb%a6%ac-%ec%94%a8-%ec%98%a4%ec%9d%bc\/#breadcrumb","itemListElement":[{"@type":"ListItem","position":1,"name":"\ud648","item":"https:\/\/naturalpoland.com\/ko\/"},{"@type":"ListItem","position":2,"name":"\uc81c\ud488","item":"https:\/\/naturalpoland.com\/ko\/%ec%a0%9c%ed%92%88\/"},{"@type":"ListItem","position":3,"name":"\ube0c\ub85c\ucf5c\ub9ac \uc528 \uc624\uc77c"}]},{"@type":"WebSite","@id":"https:\/\/naturalpoland.com\/ko\/#website","url":"https:\/\/naturalpoland.com\/ko\/","name":"NATURAL POLAND - Hurtowy Dystrybutor Surowc\u00f3w","description":"Surowce dla przemys\u0142u spo\u017cywczego, kosmetycznego i farmaceutycznego","publisher":{"@id":"https:\/\/naturalpoland.com\/ko\/#organization"},"potentialAction":[{"@type":"SearchAction","target":{"@type":"EntryPoint","urlTemplate":"https:\/\/naturalpoland.com\/ko\/?s={search_term_string}"},"query-input":{"@type":"PropertyValueSpecification","valueRequired":true,"valueName":"search_term_string"}}],"inLanguage":"ko-KR"},{"@type":"Organization","@id":"https:\/\/naturalpoland.com\/ko\/#organization","name":"Natural Poland","url":"https:\/\/naturalpoland.com\/ko\/","logo":{"@type":"ImageObject","inLanguage":"ko-KR","@id":"https:\/\/naturalpoland.com\/ko\/#\/schema\/logo\/image\/","url":"https:\/\/naturalpoland.com\/wp-content\/uploads\/2021\/05\/natural-poland-icon.png","contentUrl":"https:\/\/naturalpoland.com\/wp-content\/uploads\/2021\/05\/natural-poland-icon.png","width":512,"height":512,"caption":"Natural Poland"},"image":{"@id":"https:\/\/naturalpoland.com\/ko\/#\/schema\/logo\/image\/"},"sameAs":["https:\/\/www.facebook.com\/naturalpoland.b2b","https:\/\/pl.linkedin.com\/company\/natural-poland","https:\/\/www.youtube.com\/channel\/UCgeGGkvOMahZo-xu_MSEWxg"]}]}},"_links":{"self":[{"href":"https:\/\/naturalpoland.com\/ko\/wp-json\/wp\/v2\/product\/47351","targetHints":{"allow":["GET"]}}],"collection":[{"href":"https:\/\/naturalpoland.com\/ko\/wp-json\/wp\/v2\/product"}],"about":[{"href":"https:\/\/naturalpoland.com\/ko\/wp-json\/wp\/v2\/types\/product"}],"wp:featuredmedia":[{"embeddable":true,"href":"https:\/\/naturalpoland.com\/ko\/wp-json\/wp\/v2\/media\/47353"}],"wp:attachment":[{"href":"https:\/\/naturalpoland.com\/ko\/wp-json\/wp\/v2\/media?parent=47351"}],"wp:term":[{"taxonomy":"product_brand","embeddable":true,"href":"https:\/\/naturalpoland.com\/ko\/wp-json\/wp\/v2\/product_brand?post=47351"},{"taxonomy":"product_cat","embeddable":true,"href":"https:\/\/naturalpoland.com\/ko\/wp-json\/wp\/v2\/product_cat?post=47351"},{"taxonomy":"product_tag","embeddable":true,"href":"https:\/\/naturalpoland.com\/ko\/wp-json\/wp\/v2\/product_tag?post=47351"}],"curies":[{"name":"wp","href":"https:\/\/api.w.org\/{rel}","templated":true}]}}