{"id":47354,"date":"2021-05-11T13:50:32","date_gmt":"2021-05-11T11:50:32","guid":{"rendered":"https:\/\/naturalpoland.com\/produkty\/uncategorized\/%eb%b8%94%eb%9e%99%eb%b2%a0%eb%a6%ac-%ec%94%a8-%ec%98%a4%ec%9d%bc\/"},"modified":"2026-04-02T15:47:25","modified_gmt":"2026-04-02T13:47:25","slug":"%eb%b8%94%eb%9e%99%eb%b2%a0%eb%a6%ac-%ec%94%a8-%ec%98%a4%ec%9d%bc","status":"publish","type":"product","link":"https:\/\/naturalpoland.com\/ko\/je-pum\/sig-pum-won-ryo\/sig-yong-yu\/%eb%b8%94%eb%9e%99%eb%b2%a0%eb%a6%ac-%ec%94%a8-%ec%98%a4%ec%9d%bc\/","title":{"rendered":"\ube14\ub799\ubca0\ub9ac \uc528 \uc624\uc77c"},"content":{"rendered":"<p>\uc774 \uc81c\ud488\uc740 \ub9e4\uc6b0 \ub2e4\uc6a9\ub3c4\ub85c \ud65c\uc6a9 \uac00\ub2a5\ud569\ub2c8\ub2e4. \ud06c\ub9bc \ub300\uccb4\ud488\uc73c\ub85c, \ub610\ud55c \ubc14\ub514 \ub85c\uc158\uc73c\ub85c\ub3c4 \ud6cc\ub96d\ud569\ub2c8\ub2e4. \ube14\ub799\ubca0\ub9ac \uc528 \uc624\uc77c\uc740 \ud2b9\uc815 \uc2e0\uccb4 \ubd80\uc704 \ub9c8\uc0ac\uc9c0 \ub610\ub294 \uc5bc\uad74 \ud53c\ubd80 \ubcf4\uc2b5 \ub9c8\uc2a4\ud06c\ub85c\ub3c4 \ud0c1\uc6d4\ud569\ub2c8\ub2e4. \uc774 \uc81c\ud488\uc740 \ub9e4\uc6b0 \ud6a8\uc728\uc801\uc785\ub2c8\ub2e4. \ub2e8 \uba87 \ubc29\uc6b8\ub9cc\uc73c\ub85c\ub3c4 \uc0ac\uc6a9\ud558\uc2dc\ub294 \ubc14\ub514 \ub85c\uc158, \ud5e4\uc5b4 \ucee8\ub514\uc154\ub108 \ub610\ub294 \ud074\ub808\uc774 \ud329\uc744 \ud48d\ubd80\ud558\uac8c \ub9cc\ub4e4 \uc218 \uc788\uc2b5\ub2c8\ub2e4.    <\/p>\n<p>\uc8fc\ubc29\uc5d0\uc11c\ub294 \uc694\ub9ac\uc758 \ud48d\ubbf8\ub97c \ub354\ud558\ub294 \uac74\uac15\ud55c \uc2dd\uc6a9 \uc624\uc77c\ub85c \ub0c9\uc555\ucc29 \ubc29\uc2dd\uc73c\ub85c \uc0ac\uc6a9\ub429\ub2c8\ub2e4.<\/p>\n","protected":false},"excerpt":{"rendered":"<p>\uc2dd\ud488 \ubc0f \ud654\uc7a5\ud488 \ub4f1\uae09\uc758 \ube14\ub799\ubca0\ub9ac \uc528 \uc624\uc77c.<\/p>\n<p>\ud654\uc7a5\ud488\uc5d0\uc11c\ub294 \uc9c0\uc131, \ubcf5\ud569\uc131, \uace0\ub974\uc9c0 \ubabb\ud55c \ud53c\ubd80 \ud1a4 \ubc0f \uc624\uc5fc\ub41c \ud53c\ubd80 \uad00\ub9ac\uc5d0 \uc0ac\uc6a9\ub429\ub2c8\ub2e4. \uc720\ub7fd \uc804\uc5ed\uc5d0\uc11c \ud754\ud788 \ubc1c\uacac\ub418\ub294 \ube14\ub799\ubca0\ub9ac \uc528\uc557\uc744 \ub0c9\uc555\ucc29\ud558\uc5ec \uc0dd\uc0b0\ub418\uc5c8\uc2b5\ub2c8\ub2e4. <\/p>\n","protected":false},"featured_media":47358,"template":"","meta":[],"product_brand":[],"product_cat":[8135,8174,8154],"product_tag":[],"class_list":{"0":"post-47354","1":"product","2":"type-product","3":"status-publish","4":"has-post-thumbnail","6":"product_cat-sig-yong-mit-hwa-jang-pum-yong-o-il","7":"product_cat-sig-yong-yu","8":"product_cat-hwa-jang-pum-o-il","10":"first","11":"instock","12":"shipping-taxable","13":"product-type-simple"},"yoast_head":"<!-- This site is optimized with the Yoast SEO plugin v27.3 - https:\/\/yoast.com\/product\/yoast-seo-wordpress\/ -->\n<title>\ube14\ub799\ubca0\ub9ac \uc528 \uc624\uc77c - Hurtowy Dystrybutor<\/title>\n<meta name=\"robots\" content=\"index, follow, max-snippet:-1, max-image-preview:large, max-video-preview:-1\" \/>\n<link rel=\"canonical\" href=\"https:\/\/naturalpoland.com\/ko\/je-pum\/sig-pum-won-ryo\/sig-yong-yu\/%eb%b8%94%eb%9e%99%eb%b2%a0%eb%a6%ac-%ec%94%a8-%ec%98%a4%ec%9d%bc\/\" \/>\n<meta property=\"og:locale\" content=\"ko_KR\" \/>\n<meta property=\"og:type\" content=\"article\" \/>\n<meta property=\"og:title\" content=\"\ube14\ub799\ubca0\ub9ac \uc528 \uc624\uc77c - Hurtowy Dystrybutor\" \/>\n<meta property=\"og:description\" content=\"\uc2dd\ud488 \ubc0f \ud654\uc7a5\ud488 \ub4f1\uae09\uc758 \ube14\ub799\ubca0\ub9ac \uc528 \uc624\uc77c. \ud654\uc7a5\ud488\uc5d0\uc11c\ub294 \uc9c0\uc131, \ubcf5\ud569\uc131, \uace0\ub974\uc9c0 \ubabb\ud55c \ud53c\ubd80 \ud1a4 \ubc0f \uc624\uc5fc\ub41c \ud53c\ubd80 \uad00\ub9ac\uc5d0 \uc0ac\uc6a9\ub429\ub2c8\ub2e4. \uc720\ub7fd \uc804\uc5ed\uc5d0\uc11c \ud754\ud788 \ubc1c\uacac\ub418\ub294 \ube14\ub799\ubca0\ub9ac \uc528\uc557\uc744 \ub0c9\uc555\ucc29\ud558\uc5ec \uc0dd\uc0b0\ub418\uc5c8\uc2b5\ub2c8\ub2e4.\" \/>\n<meta property=\"og:url\" content=\"https:\/\/naturalpoland.com\/ko\/je-pum\/sig-pum-won-ryo\/sig-yong-yu\/%eb%b8%94%eb%9e%99%eb%b2%a0%eb%a6%ac-%ec%94%a8-%ec%98%a4%ec%9d%bc\/\" \/>\n<meta property=\"og:site_name\" content=\"NATURAL POLAND - Hurtowy Dystrybutor Surowc\u00f3w\" \/>\n<meta property=\"article:publisher\" content=\"https:\/\/www.facebook.com\/naturalpoland.b2b\" \/>\n<meta property=\"article:modified_time\" content=\"2026-04-02T13:47:25+00:00\" \/>\n<meta property=\"og:image\" content=\"https:\/\/naturalpoland.com\/wp-content\/uploads\/Olej-z-nasion-jezyny.jpg\" \/>\n\t<meta property=\"og:image:width\" content=\"650\" \/>\n\t<meta property=\"og:image:height\" content=\"650\" \/>\n\t<meta property=\"og:image:type\" content=\"image\/jpeg\" \/>\n<script type=\"application\/ld+json\" class=\"yoast-schema-graph\">{\"@context\":\"https:\\\/\\\/schema.org\",\"@graph\":[{\"@type\":\"WebPage\",\"@id\":\"https:\\\/\\\/naturalpoland.com\\\/ko\\\/je-pum\\\/sig-pum-won-ryo\\\/sig-yong-yu\\\/%eb%b8%94%eb%9e%99%eb%b2%a0%eb%a6%ac-%ec%94%a8-%ec%98%a4%ec%9d%bc\\\/\",\"url\":\"https:\\\/\\\/naturalpoland.com\\\/ko\\\/je-pum\\\/sig-pum-won-ryo\\\/sig-yong-yu\\\/%eb%b8%94%eb%9e%99%eb%b2%a0%eb%a6%ac-%ec%94%a8-%ec%98%a4%ec%9d%bc\\\/\",\"name\":\"\ube14\ub799\ubca0\ub9ac \uc528 \uc624\uc77c - Hurtowy Dystrybutor\",\"isPartOf\":{\"@id\":\"https:\\\/\\\/naturalpoland.com\\\/ko\\\/#website\"},\"primaryImageOfPage\":{\"@id\":\"https:\\\/\\\/naturalpoland.com\\\/ko\\\/je-pum\\\/sig-pum-won-ryo\\\/sig-yong-yu\\\/%eb%b8%94%eb%9e%99%eb%b2%a0%eb%a6%ac-%ec%94%a8-%ec%98%a4%ec%9d%bc\\\/#primaryimage\"},\"image\":{\"@id\":\"https:\\\/\\\/naturalpoland.com\\\/ko\\\/je-pum\\\/sig-pum-won-ryo\\\/sig-yong-yu\\\/%eb%b8%94%eb%9e%99%eb%b2%a0%eb%a6%ac-%ec%94%a8-%ec%98%a4%ec%9d%bc\\\/#primaryimage\"},\"thumbnailUrl\":\"https:\\\/\\\/naturalpoland.com\\\/wp-content\\\/uploads\\\/Olej-z-nasion-jezyny.jpg\",\"datePublished\":\"2021-05-11T11:50:32+00:00\",\"dateModified\":\"2026-04-02T13:47:25+00:00\",\"breadcrumb\":{\"@id\":\"https:\\\/\\\/naturalpoland.com\\\/ko\\\/je-pum\\\/sig-pum-won-ryo\\\/sig-yong-yu\\\/%eb%b8%94%eb%9e%99%eb%b2%a0%eb%a6%ac-%ec%94%a8-%ec%98%a4%ec%9d%bc\\\/#breadcrumb\"},\"inLanguage\":\"ko-KR\",\"potentialAction\":[{\"@type\":\"ReadAction\",\"target\":[\"https:\\\/\\\/naturalpoland.com\\\/ko\\\/je-pum\\\/sig-pum-won-ryo\\\/sig-yong-yu\\\/%eb%b8%94%eb%9e%99%eb%b2%a0%eb%a6%ac-%ec%94%a8-%ec%98%a4%ec%9d%bc\\\/\"]}]},{\"@type\":\"ImageObject\",\"inLanguage\":\"ko-KR\",\"@id\":\"https:\\\/\\\/naturalpoland.com\\\/ko\\\/je-pum\\\/sig-pum-won-ryo\\\/sig-yong-yu\\\/%eb%b8%94%eb%9e%99%eb%b2%a0%eb%a6%ac-%ec%94%a8-%ec%98%a4%ec%9d%bc\\\/#primaryimage\",\"url\":\"https:\\\/\\\/naturalpoland.com\\\/wp-content\\\/uploads\\\/Olej-z-nasion-jezyny.jpg\",\"contentUrl\":\"https:\\\/\\\/naturalpoland.com\\\/wp-content\\\/uploads\\\/Olej-z-nasion-jezyny.jpg\",\"width\":650,\"height\":650,\"caption\":\"\ube14\ub799\ubca0\ub9ac \uc528 \uc624\uc77c\"},{\"@type\":\"BreadcrumbList\",\"@id\":\"https:\\\/\\\/naturalpoland.com\\\/ko\\\/je-pum\\\/sig-pum-won-ryo\\\/sig-yong-yu\\\/%eb%b8%94%eb%9e%99%eb%b2%a0%eb%a6%ac-%ec%94%a8-%ec%98%a4%ec%9d%bc\\\/#breadcrumb\",\"itemListElement\":[{\"@type\":\"ListItem\",\"position\":1,\"name\":\"\ud648\",\"item\":\"https:\\\/\\\/naturalpoland.com\\\/ko\\\/\"},{\"@type\":\"ListItem\",\"position\":2,\"name\":\"\uc81c\ud488\",\"item\":\"https:\\\/\\\/naturalpoland.com\\\/ko\\\/%ec%a0%9c%ed%92%88\\\/\"},{\"@type\":\"ListItem\",\"position\":3,\"name\":\"\ube14\ub799\ubca0\ub9ac \uc528 \uc624\uc77c\"}]},{\"@type\":\"WebSite\",\"@id\":\"https:\\\/\\\/naturalpoland.com\\\/ko\\\/#website\",\"url\":\"https:\\\/\\\/naturalpoland.com\\\/ko\\\/\",\"name\":\"NATURAL POLAND - Hurtowy Dystrybutor Surowc\u00f3w\",\"description\":\"Surowce dla przemys\u0142u spo\u017cywczego, kosmetycznego i farmaceutycznego\",\"publisher\":{\"@id\":\"https:\\\/\\\/naturalpoland.com\\\/ko\\\/#organization\"},\"potentialAction\":[{\"@type\":\"SearchAction\",\"target\":{\"@type\":\"EntryPoint\",\"urlTemplate\":\"https:\\\/\\\/naturalpoland.com\\\/ko\\\/?s={search_term_string}\"},\"query-input\":{\"@type\":\"PropertyValueSpecification\",\"valueRequired\":true,\"valueName\":\"search_term_string\"}}],\"inLanguage\":\"ko-KR\"},{\"@type\":\"Organization\",\"@id\":\"https:\\\/\\\/naturalpoland.com\\\/ko\\\/#organization\",\"name\":\"Natural Poland\",\"url\":\"https:\\\/\\\/naturalpoland.com\\\/ko\\\/\",\"logo\":{\"@type\":\"ImageObject\",\"inLanguage\":\"ko-KR\",\"@id\":\"https:\\\/\\\/naturalpoland.com\\\/ko\\\/#\\\/schema\\\/logo\\\/image\\\/\",\"url\":\"https:\\\/\\\/naturalpoland.com\\\/wp-content\\\/uploads\\\/2021\\\/05\\\/natural-poland-icon.png\",\"contentUrl\":\"https:\\\/\\\/naturalpoland.com\\\/wp-content\\\/uploads\\\/2021\\\/05\\\/natural-poland-icon.png\",\"width\":512,\"height\":512,\"caption\":\"Natural Poland\"},\"image\":{\"@id\":\"https:\\\/\\\/naturalpoland.com\\\/ko\\\/#\\\/schema\\\/logo\\\/image\\\/\"},\"sameAs\":[\"https:\\\/\\\/www.facebook.com\\\/naturalpoland.b2b\",\"https:\\\/\\\/pl.linkedin.com\\\/company\\\/natural-poland\",\"https:\\\/\\\/www.youtube.com\\\/channel\\\/UCgeGGkvOMahZo-xu_MSEWxg\"]}]}<\/script>\n<!-- \/ Yoast SEO plugin. -->","yoast_head_json":{"title":"\ube14\ub799\ubca0\ub9ac \uc528 \uc624\uc77c - Hurtowy Dystrybutor","robots":{"index":"index","follow":"follow","max-snippet":"max-snippet:-1","max-image-preview":"max-image-preview:large","max-video-preview":"max-video-preview:-1"},"canonical":"https:\/\/naturalpoland.com\/ko\/je-pum\/sig-pum-won-ryo\/sig-yong-yu\/%eb%b8%94%eb%9e%99%eb%b2%a0%eb%a6%ac-%ec%94%a8-%ec%98%a4%ec%9d%bc\/","og_locale":"ko_KR","og_type":"article","og_title":"\ube14\ub799\ubca0\ub9ac \uc528 \uc624\uc77c - Hurtowy Dystrybutor","og_description":"\uc2dd\ud488 \ubc0f \ud654\uc7a5\ud488 \ub4f1\uae09\uc758 \ube14\ub799\ubca0\ub9ac \uc528 \uc624\uc77c. \ud654\uc7a5\ud488\uc5d0\uc11c\ub294 \uc9c0\uc131, \ubcf5\ud569\uc131, \uace0\ub974\uc9c0 \ubabb\ud55c \ud53c\ubd80 \ud1a4 \ubc0f \uc624\uc5fc\ub41c \ud53c\ubd80 \uad00\ub9ac\uc5d0 \uc0ac\uc6a9\ub429\ub2c8\ub2e4. \uc720\ub7fd \uc804\uc5ed\uc5d0\uc11c \ud754\ud788 \ubc1c\uacac\ub418\ub294 \ube14\ub799\ubca0\ub9ac \uc528\uc557\uc744 \ub0c9\uc555\ucc29\ud558\uc5ec \uc0dd\uc0b0\ub418\uc5c8\uc2b5\ub2c8\ub2e4.","og_url":"https:\/\/naturalpoland.com\/ko\/je-pum\/sig-pum-won-ryo\/sig-yong-yu\/%eb%b8%94%eb%9e%99%eb%b2%a0%eb%a6%ac-%ec%94%a8-%ec%98%a4%ec%9d%bc\/","og_site_name":"NATURAL POLAND - Hurtowy Dystrybutor Surowc\u00f3w","article_publisher":"https:\/\/www.facebook.com\/naturalpoland.b2b","article_modified_time":"2026-04-02T13:47:25+00:00","og_image":[{"width":650,"height":650,"url":"https:\/\/naturalpoland.com\/wp-content\/uploads\/Olej-z-nasion-jezyny.jpg","type":"image\/jpeg"}],"schema":{"@context":"https:\/\/schema.org","@graph":[{"@type":"WebPage","@id":"https:\/\/naturalpoland.com\/ko\/je-pum\/sig-pum-won-ryo\/sig-yong-yu\/%eb%b8%94%eb%9e%99%eb%b2%a0%eb%a6%ac-%ec%94%a8-%ec%98%a4%ec%9d%bc\/","url":"https:\/\/naturalpoland.com\/ko\/je-pum\/sig-pum-won-ryo\/sig-yong-yu\/%eb%b8%94%eb%9e%99%eb%b2%a0%eb%a6%ac-%ec%94%a8-%ec%98%a4%ec%9d%bc\/","name":"\ube14\ub799\ubca0\ub9ac \uc528 \uc624\uc77c - Hurtowy Dystrybutor","isPartOf":{"@id":"https:\/\/naturalpoland.com\/ko\/#website"},"primaryImageOfPage":{"@id":"https:\/\/naturalpoland.com\/ko\/je-pum\/sig-pum-won-ryo\/sig-yong-yu\/%eb%b8%94%eb%9e%99%eb%b2%a0%eb%a6%ac-%ec%94%a8-%ec%98%a4%ec%9d%bc\/#primaryimage"},"image":{"@id":"https:\/\/naturalpoland.com\/ko\/je-pum\/sig-pum-won-ryo\/sig-yong-yu\/%eb%b8%94%eb%9e%99%eb%b2%a0%eb%a6%ac-%ec%94%a8-%ec%98%a4%ec%9d%bc\/#primaryimage"},"thumbnailUrl":"https:\/\/naturalpoland.com\/wp-content\/uploads\/Olej-z-nasion-jezyny.jpg","datePublished":"2021-05-11T11:50:32+00:00","dateModified":"2026-04-02T13:47:25+00:00","breadcrumb":{"@id":"https:\/\/naturalpoland.com\/ko\/je-pum\/sig-pum-won-ryo\/sig-yong-yu\/%eb%b8%94%eb%9e%99%eb%b2%a0%eb%a6%ac-%ec%94%a8-%ec%98%a4%ec%9d%bc\/#breadcrumb"},"inLanguage":"ko-KR","potentialAction":[{"@type":"ReadAction","target":["https:\/\/naturalpoland.com\/ko\/je-pum\/sig-pum-won-ryo\/sig-yong-yu\/%eb%b8%94%eb%9e%99%eb%b2%a0%eb%a6%ac-%ec%94%a8-%ec%98%a4%ec%9d%bc\/"]}]},{"@type":"ImageObject","inLanguage":"ko-KR","@id":"https:\/\/naturalpoland.com\/ko\/je-pum\/sig-pum-won-ryo\/sig-yong-yu\/%eb%b8%94%eb%9e%99%eb%b2%a0%eb%a6%ac-%ec%94%a8-%ec%98%a4%ec%9d%bc\/#primaryimage","url":"https:\/\/naturalpoland.com\/wp-content\/uploads\/Olej-z-nasion-jezyny.jpg","contentUrl":"https:\/\/naturalpoland.com\/wp-content\/uploads\/Olej-z-nasion-jezyny.jpg","width":650,"height":650,"caption":"\ube14\ub799\ubca0\ub9ac \uc528 \uc624\uc77c"},{"@type":"BreadcrumbList","@id":"https:\/\/naturalpoland.com\/ko\/je-pum\/sig-pum-won-ryo\/sig-yong-yu\/%eb%b8%94%eb%9e%99%eb%b2%a0%eb%a6%ac-%ec%94%a8-%ec%98%a4%ec%9d%bc\/#breadcrumb","itemListElement":[{"@type":"ListItem","position":1,"name":"\ud648","item":"https:\/\/naturalpoland.com\/ko\/"},{"@type":"ListItem","position":2,"name":"\uc81c\ud488","item":"https:\/\/naturalpoland.com\/ko\/%ec%a0%9c%ed%92%88\/"},{"@type":"ListItem","position":3,"name":"\ube14\ub799\ubca0\ub9ac \uc528 \uc624\uc77c"}]},{"@type":"WebSite","@id":"https:\/\/naturalpoland.com\/ko\/#website","url":"https:\/\/naturalpoland.com\/ko\/","name":"NATURAL POLAND - Hurtowy Dystrybutor Surowc\u00f3w","description":"Surowce dla przemys\u0142u spo\u017cywczego, kosmetycznego i farmaceutycznego","publisher":{"@id":"https:\/\/naturalpoland.com\/ko\/#organization"},"potentialAction":[{"@type":"SearchAction","target":{"@type":"EntryPoint","urlTemplate":"https:\/\/naturalpoland.com\/ko\/?s={search_term_string}"},"query-input":{"@type":"PropertyValueSpecification","valueRequired":true,"valueName":"search_term_string"}}],"inLanguage":"ko-KR"},{"@type":"Organization","@id":"https:\/\/naturalpoland.com\/ko\/#organization","name":"Natural Poland","url":"https:\/\/naturalpoland.com\/ko\/","logo":{"@type":"ImageObject","inLanguage":"ko-KR","@id":"https:\/\/naturalpoland.com\/ko\/#\/schema\/logo\/image\/","url":"https:\/\/naturalpoland.com\/wp-content\/uploads\/2021\/05\/natural-poland-icon.png","contentUrl":"https:\/\/naturalpoland.com\/wp-content\/uploads\/2021\/05\/natural-poland-icon.png","width":512,"height":512,"caption":"Natural Poland"},"image":{"@id":"https:\/\/naturalpoland.com\/ko\/#\/schema\/logo\/image\/"},"sameAs":["https:\/\/www.facebook.com\/naturalpoland.b2b","https:\/\/pl.linkedin.com\/company\/natural-poland","https:\/\/www.youtube.com\/channel\/UCgeGGkvOMahZo-xu_MSEWxg"]}]}},"_links":{"self":[{"href":"https:\/\/naturalpoland.com\/ko\/wp-json\/wp\/v2\/product\/47354","targetHints":{"allow":["GET"]}}],"collection":[{"href":"https:\/\/naturalpoland.com\/ko\/wp-json\/wp\/v2\/product"}],"about":[{"href":"https:\/\/naturalpoland.com\/ko\/wp-json\/wp\/v2\/types\/product"}],"wp:featuredmedia":[{"embeddable":true,"href":"https:\/\/naturalpoland.com\/ko\/wp-json\/wp\/v2\/media\/47358"}],"wp:attachment":[{"href":"https:\/\/naturalpoland.com\/ko\/wp-json\/wp\/v2\/media?parent=47354"}],"wp:term":[{"taxonomy":"product_brand","embeddable":true,"href":"https:\/\/naturalpoland.com\/ko\/wp-json\/wp\/v2\/product_brand?post=47354"},{"taxonomy":"product_cat","embeddable":true,"href":"https:\/\/naturalpoland.com\/ko\/wp-json\/wp\/v2\/product_cat?post=47354"},{"taxonomy":"product_tag","embeddable":true,"href":"https:\/\/naturalpoland.com\/ko\/wp-json\/wp\/v2\/product_tag?post=47354"}],"curies":[{"name":"wp","href":"https:\/\/api.w.org\/{rel}","templated":true}]}}