{"id":47420,"date":"2026-04-10T16:00:35","date_gmt":"2026-04-10T14:00:35","guid":{"rendered":"https:\/\/naturalpoland.com\/produkty\/uncategorized\/%ec%95%84%eb%9d%bc%eb%b9%84%eb%85%b8%ea%b0%88%eb%9d%bd%ed%83%84\/"},"modified":"2026-04-16T11:51:34","modified_gmt":"2026-04-16T09:51:34","slug":"%ec%95%84%eb%9d%bc%eb%b9%84%eb%85%b8%ea%b0%88%eb%9d%bd%ed%83%84","status":"publish","type":"product","link":"https:\/\/naturalpoland.com\/ko\/je-pum\/ui-yak-pum-won-ryo\/geon-gang-gi-neung-sig-pum-cheom-ga-mul\/%ec%95%84%eb%9d%bc%eb%b9%84%eb%85%b8%ea%b0%88%eb%9d%bd%ed%83%84\/","title":{"rendered":"\uc544\ub77c\ube44\ub178\uac08\ub77d\ud0c4"},"content":{"rendered":"<h2>\uc544\ub77c\ube44\ub178\uac08\ub77d\ud0c4\uc758 \ud2b9\uc131 \ubc0f \uc791\uc6a9<\/h2>\n<p>\uc544\ub77c\ube44\ub178\uac08\ub77d\ud0c4\uc740 <strong>\ud504\ub9ac\ubc14\uc774\uc624\ud2f1 \ud2b9\uc131<\/strong>\uc744 \uac00\uc9c4 \ub2e4\ub2f9\ub958 \uadf8\ub8f9\uc5d0 \uc18d\ud558\ubbc0\ub85c \uc7a5\ub0b4 \ubbf8\uc0dd\ubb3c\ucd1d \ubc0f \uc18c\ud654\uae30\uacc4 \uae30\ub2a5\uc744 \ubaa9\ud45c\ub85c \ud558\ub294 \uc81c\ud615\uc5d0\uc11c \uac00\uce58 \uc788\ub294 \uc131\ubd84\uc785\ub2c8\ub2e4. \uc218\uc6a9\uc131 \uc2dd\uc774\uc12c\uc720\ub85c\uc11c \uc720\uc775\ud55c \uc7a5\ub0b4 \uc138\uade0\uc758 \uc601\uc591\uc6d0\uc774 \ub420 \uc218 \uc788\uc73c\uba70 <strong>\ubbf8\uc0dd\ubb3c\ucd1d \uade0\ud615<\/strong>\uc5d0 \uc601\ud5a5\uc744 \ubbf8\uce69\ub2c8\ub2e4. <\/p>\n<p>\ud654\ud559 \uad6c\uc870\ub85c \uc778\ud574 \uc544\ub77c\ube44\ub178\uac08\ub77d\ud0c4\uc740 <strong>\uc81c\ud488\uc758 \uc9c8\uac10, \uc548\uc815\uc131 \ubc0f \uae30\uc220\uc801 \ud2b9\uc131\uc5d0\ub3c4 \uc601\ud5a5\uc744 \ubbf8\uce60 \uc218 \uc788\uc2b5\ub2c8\ub2e4<\/strong>. \uc6b0\uc218\ud55c \uc6a9\ud574\ub3c4\uc640 \ub0ae\uc740 \uc810\ub3c4 \ub355\ubd84\uc5d0 \ub192\uc740 \ub18d\ub3c4\uc5d0\uc11c\ub3c4 \uc0ac\uc6a9\uc774 \ud3b8\ub9ac\ud569\ub2c8\ub2e4. <\/p>\n<p>\uac74\uac15\uae30\ub2a5\uc2dd\ud488\uc5d0\uc11c \uc544\ub77c\ube44\ub178\uac08\ub77d\ud0c4\uc740 &#8220;\uc7a5 \uac74\uac15&#8221; \uc720\ud615 \uc81c\ud615 \ubc0f \uc804\uc2e0 \uc791\uc6a9 \uc81c\uc81c\ub97c \uc9c0\uc6d0\ud558\ub294 \uc131\ubd84\uc73c\ub85c \uc0ac\uc6a9\ub429\ub2c8\ub2e4.<\/p>\n<h2>\ub099\uc5fd\uc1a1 \ucd94\ucd9c\ubb3c\uc758 \uc751\uc6a9<\/h2>\n<ul>\n<li>\uac74\uac15\uae30\ub2a5\uc2dd\ud488(\uc7a5\ub0b4 \ubbf8\uc0dd\ubb3c\ucd1d \uc9c0\uc6d0 \uc81c\ud488),<\/li>\n<li>\uae30\ub2a5\uc131 \uc2dd\ud488 \ubc0f \uc74c\ub8cc,<\/li>\n<li>\ud504\ub9ac\ubc14\uc774\uc624\ud2f1 \uc720\ud615 \uc81c\ud488,<\/li>\n<li>\ubd84\ub9d0 \ubc0f \uc778\uc2a4\ud134\ud2b8 \uc81c\ud615,<\/li>\n<li>\ub2e4\uc774\uc5b4\ud2b8 \ubc0f \ud2b9\uc218 \ubaa9\uc801 \uc81c\ud488.<\/li>\n<\/ul>\n<p>\uc911\uc131 \uac10\uac01 \ud504\ub85c\ud544\ub85c \uc778\ud574 \uae30\ub2a5\uc131 \uc74c\ub8cc, \ubd84\ub9d0 \uac74\uac15\uae30\ub2a5\uc2dd\ud488 \ubc0f \ucea1\uc290\uc5d0 \ud65c\uc6a9\ud560 \uc218 \uc788\uc2b5\ub2c8\ub2e4.<\/p>\n","protected":false},"excerpt":{"rendered":"<p><strong>\uc544\ub77c\ube44\ub178\uac08\ub77d\ud0c4<\/strong>(<strong>\ub099\uc5fd\uc1a1 \ucd94\ucd9c\ubb3c<\/strong>)\uc740 \ub099\uc5fd\uc1a1(<em>Larix gmelinii<\/em>) \ubaa9\uc7ac\uc5d0\uc11c \ucd94\ucd9c\ud55c \ucc9c\uc5f0 \uc2dd\ubb3c\uc131 \ub2e4\ub2f9\ub958\uc785\ub2c8\ub2e4. \ubcf8 \uc6d0\ub8cc\ub294 \ub9e4\uc6b0 \uc6b0\uc218\ud55c \uc6a9\ud574\ub3c4\uc640 \uc911\uc131 \ub9db\uc744 \uac00\uc9c4 \uc5f0\ud55c \ud06c\ub9bc\uc0c9 \ubd84\ub9d0 \ud615\ud0dc\ub85c, \uace0\uc21c\ub3c4\uc774\uba70 \uac74\uac15\uae30\ub2a5\uc2dd\ud488 \ubc0f \uae30\ub2a5\uc131 \uc2dd\ud488 \uc0b0\uc5c5\uc5d0\uc11c \uad11\ubc94\uc704\ud558\uac8c \ud65c\uc6a9\ub429\ub2c8\ub2e4. <\/p>\n","protected":false},"featured_media":47423,"template":"","meta":{"_acf_changed":false},"product_brand":[],"product_cat":[8143],"product_tag":[],"class_list":{"0":"post-47420","1":"product","2":"type-product","3":"status-publish","4":"has-post-thumbnail","6":"product_cat-geon-gang-gi-neung-sig-pum-cheom-ga-mul","8":"first","9":"instock","10":"shipping-taxable","11":"product-type-simple"},"acf":[],"yoast_head":"<!-- This site is optimized with the Yoast SEO plugin v27.4 - https:\/\/yoast.com\/product\/yoast-seo-wordpress\/ -->\n<title>\uc544\ub77c\ube44\ub178\uac08\ub77d\ud0c4 - Hurtowy Dystrybutor<\/title>\n<meta name=\"description\" content=\"\ub099\uc5fd\uc1a1 \uc544\ub77c\ube44\ub178\uac08\ub77d\ud0c4\uc740 \ud504\ub9ac\ubc14\uc774\uc624\ud2f1 \ud2b9\uc131\uc744 \uac00\uc9c4 \ucc9c\uc5f0 \uc218\uc6a9\uc131 \uc2dd\uc774\uc12c\uc720\uc785\ub2c8\ub2e4. \uac74\uac15\uae30\ub2a5\uc2dd\ud488 \ubc0f \uae30\ub2a5\uc131 \uc2dd\ud488\uc6a9 \uc6d0\ub8cc\uc785\ub2c8\ub2e4.\" \/>\n<meta name=\"robots\" content=\"index, follow, max-snippet:-1, max-image-preview:large, max-video-preview:-1\" \/>\n<link rel=\"canonical\" href=\"https:\/\/naturalpoland.com\/ko\/je-pum\/ui-yak-pum-won-ryo\/geon-gang-gi-neung-sig-pum-cheom-ga-mul\/%ec%95%84%eb%9d%bc%eb%b9%84%eb%85%b8%ea%b0%88%eb%9d%bd%ed%83%84\/\" \/>\n<meta property=\"og:locale\" content=\"ko_KR\" \/>\n<meta property=\"og:type\" content=\"article\" \/>\n<meta property=\"og:title\" content=\"\uc544\ub77c\ube44\ub178\uac08\ub77d\ud0c4 - Hurtowy Dystrybutor\" \/>\n<meta property=\"og:description\" content=\"\ub099\uc5fd\uc1a1 \uc544\ub77c\ube44\ub178\uac08\ub77d\ud0c4\uc740 \ud504\ub9ac\ubc14\uc774\uc624\ud2f1 \ud2b9\uc131\uc744 \uac00\uc9c4 \ucc9c\uc5f0 \uc218\uc6a9\uc131 \uc2dd\uc774\uc12c\uc720\uc785\ub2c8\ub2e4. \uac74\uac15\uae30\ub2a5\uc2dd\ud488 \ubc0f \uae30\ub2a5\uc131 \uc2dd\ud488\uc6a9 \uc6d0\ub8cc\uc785\ub2c8\ub2e4.\" \/>\n<meta property=\"og:url\" content=\"https:\/\/naturalpoland.com\/ko\/je-pum\/ui-yak-pum-won-ryo\/geon-gang-gi-neung-sig-pum-cheom-ga-mul\/%ec%95%84%eb%9d%bc%eb%b9%84%eb%85%b8%ea%b0%88%eb%9d%bd%ed%83%84\/\" \/>\n<meta property=\"og:site_name\" content=\"NATURAL POLAND - Hurtowy Dystrybutor Surowc\u00f3w\" \/>\n<meta property=\"article:publisher\" content=\"https:\/\/www.facebook.com\/naturalpoland.b2b\" \/>\n<meta property=\"article:modified_time\" content=\"2026-04-16T09:51:34+00:00\" \/>\n<meta property=\"og:image\" content=\"https:\/\/naturalpoland.com\/wp-content\/uploads\/arabinogalaktan.png\" \/>\n\t<meta property=\"og:image:width\" content=\"1024\" \/>\n\t<meta property=\"og:image:height\" content=\"1024\" \/>\n\t<meta property=\"og:image:type\" content=\"image\/png\" \/>\n<script type=\"application\/ld+json\" class=\"yoast-schema-graph\">{\"@context\":\"https:\\\/\\\/schema.org\",\"@graph\":[{\"@type\":\"WebPage\",\"@id\":\"https:\\\/\\\/naturalpoland.com\\\/ko\\\/je-pum\\\/ui-yak-pum-won-ryo\\\/geon-gang-gi-neung-sig-pum-cheom-ga-mul\\\/%ec%95%84%eb%9d%bc%eb%b9%84%eb%85%b8%ea%b0%88%eb%9d%bd%ed%83%84\\\/\",\"url\":\"https:\\\/\\\/naturalpoland.com\\\/ko\\\/je-pum\\\/ui-yak-pum-won-ryo\\\/geon-gang-gi-neung-sig-pum-cheom-ga-mul\\\/%ec%95%84%eb%9d%bc%eb%b9%84%eb%85%b8%ea%b0%88%eb%9d%bd%ed%83%84\\\/\",\"name\":\"\uc544\ub77c\ube44\ub178\uac08\ub77d\ud0c4 - Hurtowy Dystrybutor\",\"isPartOf\":{\"@id\":\"https:\\\/\\\/naturalpoland.com\\\/ko\\\/#website\"},\"primaryImageOfPage\":{\"@id\":\"https:\\\/\\\/naturalpoland.com\\\/ko\\\/je-pum\\\/ui-yak-pum-won-ryo\\\/geon-gang-gi-neung-sig-pum-cheom-ga-mul\\\/%ec%95%84%eb%9d%bc%eb%b9%84%eb%85%b8%ea%b0%88%eb%9d%bd%ed%83%84\\\/#primaryimage\"},\"image\":{\"@id\":\"https:\\\/\\\/naturalpoland.com\\\/ko\\\/je-pum\\\/ui-yak-pum-won-ryo\\\/geon-gang-gi-neung-sig-pum-cheom-ga-mul\\\/%ec%95%84%eb%9d%bc%eb%b9%84%eb%85%b8%ea%b0%88%eb%9d%bd%ed%83%84\\\/#primaryimage\"},\"thumbnailUrl\":\"https:\\\/\\\/naturalpoland.com\\\/wp-content\\\/uploads\\\/arabinogalaktan.png\",\"datePublished\":\"2026-04-10T14:00:35+00:00\",\"dateModified\":\"2026-04-16T09:51:34+00:00\",\"description\":\"\ub099\uc5fd\uc1a1 \uc544\ub77c\ube44\ub178\uac08\ub77d\ud0c4\uc740 \ud504\ub9ac\ubc14\uc774\uc624\ud2f1 \ud2b9\uc131\uc744 \uac00\uc9c4 \ucc9c\uc5f0 \uc218\uc6a9\uc131 \uc2dd\uc774\uc12c\uc720\uc785\ub2c8\ub2e4. \uac74\uac15\uae30\ub2a5\uc2dd\ud488 \ubc0f \uae30\ub2a5\uc131 \uc2dd\ud488\uc6a9 \uc6d0\ub8cc\uc785\ub2c8\ub2e4.\",\"breadcrumb\":{\"@id\":\"https:\\\/\\\/naturalpoland.com\\\/ko\\\/je-pum\\\/ui-yak-pum-won-ryo\\\/geon-gang-gi-neung-sig-pum-cheom-ga-mul\\\/%ec%95%84%eb%9d%bc%eb%b9%84%eb%85%b8%ea%b0%88%eb%9d%bd%ed%83%84\\\/#breadcrumb\"},\"inLanguage\":\"ko-KR\",\"potentialAction\":[{\"@type\":\"ReadAction\",\"target\":[\"https:\\\/\\\/naturalpoland.com\\\/ko\\\/je-pum\\\/ui-yak-pum-won-ryo\\\/geon-gang-gi-neung-sig-pum-cheom-ga-mul\\\/%ec%95%84%eb%9d%bc%eb%b9%84%eb%85%b8%ea%b0%88%eb%9d%bd%ed%83%84\\\/\"]}]},{\"@type\":\"ImageObject\",\"inLanguage\":\"ko-KR\",\"@id\":\"https:\\\/\\\/naturalpoland.com\\\/ko\\\/je-pum\\\/ui-yak-pum-won-ryo\\\/geon-gang-gi-neung-sig-pum-cheom-ga-mul\\\/%ec%95%84%eb%9d%bc%eb%b9%84%eb%85%b8%ea%b0%88%eb%9d%bd%ed%83%84\\\/#primaryimage\",\"url\":\"https:\\\/\\\/naturalpoland.com\\\/wp-content\\\/uploads\\\/arabinogalaktan.png\",\"contentUrl\":\"https:\\\/\\\/naturalpoland.com\\\/wp-content\\\/uploads\\\/arabinogalaktan.png\",\"width\":1024,\"height\":1024,\"caption\":\"\uc544\ub77c\ube44\ub178\uac08\ub77d\ud0c4\"},{\"@type\":\"BreadcrumbList\",\"@id\":\"https:\\\/\\\/naturalpoland.com\\\/ko\\\/je-pum\\\/ui-yak-pum-won-ryo\\\/geon-gang-gi-neung-sig-pum-cheom-ga-mul\\\/%ec%95%84%eb%9d%bc%eb%b9%84%eb%85%b8%ea%b0%88%eb%9d%bd%ed%83%84\\\/#breadcrumb\",\"itemListElement\":[{\"@type\":\"ListItem\",\"position\":1,\"name\":\"\ud648\",\"item\":\"https:\\\/\\\/naturalpoland.com\\\/ko\\\/\"},{\"@type\":\"ListItem\",\"position\":2,\"name\":\"\uc81c\ud488\",\"item\":\"https:\\\/\\\/naturalpoland.com\\\/ko\\\/%ec%a0%9c%ed%92%88\\\/\"},{\"@type\":\"ListItem\",\"position\":3,\"name\":\"\uc544\ub77c\ube44\ub178\uac08\ub77d\ud0c4\"}]},{\"@type\":\"WebSite\",\"@id\":\"https:\\\/\\\/naturalpoland.com\\\/ko\\\/#website\",\"url\":\"https:\\\/\\\/naturalpoland.com\\\/ko\\\/\",\"name\":\"NATURAL POLAND - Hurtowy Dystrybutor Surowc\u00f3w\",\"description\":\"Surowce dla przemys\u0142u spo\u017cywczego, kosmetycznego i farmaceutycznego\",\"publisher\":{\"@id\":\"https:\\\/\\\/naturalpoland.com\\\/ko\\\/#organization\"},\"potentialAction\":[{\"@type\":\"SearchAction\",\"target\":{\"@type\":\"EntryPoint\",\"urlTemplate\":\"https:\\\/\\\/naturalpoland.com\\\/ko\\\/?s={search_term_string}\"},\"query-input\":{\"@type\":\"PropertyValueSpecification\",\"valueRequired\":true,\"valueName\":\"search_term_string\"}}],\"inLanguage\":\"ko-KR\"},{\"@type\":\"Organization\",\"@id\":\"https:\\\/\\\/naturalpoland.com\\\/ko\\\/#organization\",\"name\":\"Natural Poland\",\"url\":\"https:\\\/\\\/naturalpoland.com\\\/ko\\\/\",\"logo\":{\"@type\":\"ImageObject\",\"inLanguage\":\"ko-KR\",\"@id\":\"https:\\\/\\\/naturalpoland.com\\\/ko\\\/#\\\/schema\\\/logo\\\/image\\\/\",\"url\":\"https:\\\/\\\/naturalpoland.com\\\/wp-content\\\/uploads\\\/2021\\\/05\\\/natural-poland-icon.png\",\"contentUrl\":\"https:\\\/\\\/naturalpoland.com\\\/wp-content\\\/uploads\\\/2021\\\/05\\\/natural-poland-icon.png\",\"width\":512,\"height\":512,\"caption\":\"Natural Poland\"},\"image\":{\"@id\":\"https:\\\/\\\/naturalpoland.com\\\/ko\\\/#\\\/schema\\\/logo\\\/image\\\/\"},\"sameAs\":[\"https:\\\/\\\/www.facebook.com\\\/naturalpoland.b2b\",\"https:\\\/\\\/pl.linkedin.com\\\/company\\\/natural-poland\",\"https:\\\/\\\/www.youtube.com\\\/channel\\\/UCgeGGkvOMahZo-xu_MSEWxg\"]}]}<\/script>\n<!-- \/ Yoast SEO plugin. -->","yoast_head_json":{"title":"\uc544\ub77c\ube44\ub178\uac08\ub77d\ud0c4 - Hurtowy Dystrybutor","description":"\ub099\uc5fd\uc1a1 \uc544\ub77c\ube44\ub178\uac08\ub77d\ud0c4\uc740 \ud504\ub9ac\ubc14\uc774\uc624\ud2f1 \ud2b9\uc131\uc744 \uac00\uc9c4 \ucc9c\uc5f0 \uc218\uc6a9\uc131 \uc2dd\uc774\uc12c\uc720\uc785\ub2c8\ub2e4. \uac74\uac15\uae30\ub2a5\uc2dd\ud488 \ubc0f \uae30\ub2a5\uc131 \uc2dd\ud488\uc6a9 \uc6d0\ub8cc\uc785\ub2c8\ub2e4.","robots":{"index":"index","follow":"follow","max-snippet":"max-snippet:-1","max-image-preview":"max-image-preview:large","max-video-preview":"max-video-preview:-1"},"canonical":"https:\/\/naturalpoland.com\/ko\/je-pum\/ui-yak-pum-won-ryo\/geon-gang-gi-neung-sig-pum-cheom-ga-mul\/%ec%95%84%eb%9d%bc%eb%b9%84%eb%85%b8%ea%b0%88%eb%9d%bd%ed%83%84\/","og_locale":"ko_KR","og_type":"article","og_title":"\uc544\ub77c\ube44\ub178\uac08\ub77d\ud0c4 - Hurtowy Dystrybutor","og_description":"\ub099\uc5fd\uc1a1 \uc544\ub77c\ube44\ub178\uac08\ub77d\ud0c4\uc740 \ud504\ub9ac\ubc14\uc774\uc624\ud2f1 \ud2b9\uc131\uc744 \uac00\uc9c4 \ucc9c\uc5f0 \uc218\uc6a9\uc131 \uc2dd\uc774\uc12c\uc720\uc785\ub2c8\ub2e4. \uac74\uac15\uae30\ub2a5\uc2dd\ud488 \ubc0f \uae30\ub2a5\uc131 \uc2dd\ud488\uc6a9 \uc6d0\ub8cc\uc785\ub2c8\ub2e4.","og_url":"https:\/\/naturalpoland.com\/ko\/je-pum\/ui-yak-pum-won-ryo\/geon-gang-gi-neung-sig-pum-cheom-ga-mul\/%ec%95%84%eb%9d%bc%eb%b9%84%eb%85%b8%ea%b0%88%eb%9d%bd%ed%83%84\/","og_site_name":"NATURAL POLAND - Hurtowy Dystrybutor Surowc\u00f3w","article_publisher":"https:\/\/www.facebook.com\/naturalpoland.b2b","article_modified_time":"2026-04-16T09:51:34+00:00","og_image":[{"width":1024,"height":1024,"url":"https:\/\/naturalpoland.com\/wp-content\/uploads\/arabinogalaktan.png","type":"image\/png"}],"schema":{"@context":"https:\/\/schema.org","@graph":[{"@type":"WebPage","@id":"https:\/\/naturalpoland.com\/ko\/je-pum\/ui-yak-pum-won-ryo\/geon-gang-gi-neung-sig-pum-cheom-ga-mul\/%ec%95%84%eb%9d%bc%eb%b9%84%eb%85%b8%ea%b0%88%eb%9d%bd%ed%83%84\/","url":"https:\/\/naturalpoland.com\/ko\/je-pum\/ui-yak-pum-won-ryo\/geon-gang-gi-neung-sig-pum-cheom-ga-mul\/%ec%95%84%eb%9d%bc%eb%b9%84%eb%85%b8%ea%b0%88%eb%9d%bd%ed%83%84\/","name":"\uc544\ub77c\ube44\ub178\uac08\ub77d\ud0c4 - Hurtowy Dystrybutor","isPartOf":{"@id":"https:\/\/naturalpoland.com\/ko\/#website"},"primaryImageOfPage":{"@id":"https:\/\/naturalpoland.com\/ko\/je-pum\/ui-yak-pum-won-ryo\/geon-gang-gi-neung-sig-pum-cheom-ga-mul\/%ec%95%84%eb%9d%bc%eb%b9%84%eb%85%b8%ea%b0%88%eb%9d%bd%ed%83%84\/#primaryimage"},"image":{"@id":"https:\/\/naturalpoland.com\/ko\/je-pum\/ui-yak-pum-won-ryo\/geon-gang-gi-neung-sig-pum-cheom-ga-mul\/%ec%95%84%eb%9d%bc%eb%b9%84%eb%85%b8%ea%b0%88%eb%9d%bd%ed%83%84\/#primaryimage"},"thumbnailUrl":"https:\/\/naturalpoland.com\/wp-content\/uploads\/arabinogalaktan.png","datePublished":"2026-04-10T14:00:35+00:00","dateModified":"2026-04-16T09:51:34+00:00","description":"\ub099\uc5fd\uc1a1 \uc544\ub77c\ube44\ub178\uac08\ub77d\ud0c4\uc740 \ud504\ub9ac\ubc14\uc774\uc624\ud2f1 \ud2b9\uc131\uc744 \uac00\uc9c4 \ucc9c\uc5f0 \uc218\uc6a9\uc131 \uc2dd\uc774\uc12c\uc720\uc785\ub2c8\ub2e4. \uac74\uac15\uae30\ub2a5\uc2dd\ud488 \ubc0f \uae30\ub2a5\uc131 \uc2dd\ud488\uc6a9 \uc6d0\ub8cc\uc785\ub2c8\ub2e4.","breadcrumb":{"@id":"https:\/\/naturalpoland.com\/ko\/je-pum\/ui-yak-pum-won-ryo\/geon-gang-gi-neung-sig-pum-cheom-ga-mul\/%ec%95%84%eb%9d%bc%eb%b9%84%eb%85%b8%ea%b0%88%eb%9d%bd%ed%83%84\/#breadcrumb"},"inLanguage":"ko-KR","potentialAction":[{"@type":"ReadAction","target":["https:\/\/naturalpoland.com\/ko\/je-pum\/ui-yak-pum-won-ryo\/geon-gang-gi-neung-sig-pum-cheom-ga-mul\/%ec%95%84%eb%9d%bc%eb%b9%84%eb%85%b8%ea%b0%88%eb%9d%bd%ed%83%84\/"]}]},{"@type":"ImageObject","inLanguage":"ko-KR","@id":"https:\/\/naturalpoland.com\/ko\/je-pum\/ui-yak-pum-won-ryo\/geon-gang-gi-neung-sig-pum-cheom-ga-mul\/%ec%95%84%eb%9d%bc%eb%b9%84%eb%85%b8%ea%b0%88%eb%9d%bd%ed%83%84\/#primaryimage","url":"https:\/\/naturalpoland.com\/wp-content\/uploads\/arabinogalaktan.png","contentUrl":"https:\/\/naturalpoland.com\/wp-content\/uploads\/arabinogalaktan.png","width":1024,"height":1024,"caption":"\uc544\ub77c\ube44\ub178\uac08\ub77d\ud0c4"},{"@type":"BreadcrumbList","@id":"https:\/\/naturalpoland.com\/ko\/je-pum\/ui-yak-pum-won-ryo\/geon-gang-gi-neung-sig-pum-cheom-ga-mul\/%ec%95%84%eb%9d%bc%eb%b9%84%eb%85%b8%ea%b0%88%eb%9d%bd%ed%83%84\/#breadcrumb","itemListElement":[{"@type":"ListItem","position":1,"name":"\ud648","item":"https:\/\/naturalpoland.com\/ko\/"},{"@type":"ListItem","position":2,"name":"\uc81c\ud488","item":"https:\/\/naturalpoland.com\/ko\/%ec%a0%9c%ed%92%88\/"},{"@type":"ListItem","position":3,"name":"\uc544\ub77c\ube44\ub178\uac08\ub77d\ud0c4"}]},{"@type":"WebSite","@id":"https:\/\/naturalpoland.com\/ko\/#website","url":"https:\/\/naturalpoland.com\/ko\/","name":"NATURAL POLAND - Hurtowy Dystrybutor Surowc\u00f3w","description":"Surowce dla przemys\u0142u spo\u017cywczego, kosmetycznego i farmaceutycznego","publisher":{"@id":"https:\/\/naturalpoland.com\/ko\/#organization"},"potentialAction":[{"@type":"SearchAction","target":{"@type":"EntryPoint","urlTemplate":"https:\/\/naturalpoland.com\/ko\/?s={search_term_string}"},"query-input":{"@type":"PropertyValueSpecification","valueRequired":true,"valueName":"search_term_string"}}],"inLanguage":"ko-KR"},{"@type":"Organization","@id":"https:\/\/naturalpoland.com\/ko\/#organization","name":"Natural Poland","url":"https:\/\/naturalpoland.com\/ko\/","logo":{"@type":"ImageObject","inLanguage":"ko-KR","@id":"https:\/\/naturalpoland.com\/ko\/#\/schema\/logo\/image\/","url":"https:\/\/naturalpoland.com\/wp-content\/uploads\/2021\/05\/natural-poland-icon.png","contentUrl":"https:\/\/naturalpoland.com\/wp-content\/uploads\/2021\/05\/natural-poland-icon.png","width":512,"height":512,"caption":"Natural Poland"},"image":{"@id":"https:\/\/naturalpoland.com\/ko\/#\/schema\/logo\/image\/"},"sameAs":["https:\/\/www.facebook.com\/naturalpoland.b2b","https:\/\/pl.linkedin.com\/company\/natural-poland","https:\/\/www.youtube.com\/channel\/UCgeGGkvOMahZo-xu_MSEWxg"]}]}},"_links":{"self":[{"href":"https:\/\/naturalpoland.com\/ko\/wp-json\/wp\/v2\/product\/47420","targetHints":{"allow":["GET"]}}],"collection":[{"href":"https:\/\/naturalpoland.com\/ko\/wp-json\/wp\/v2\/product"}],"about":[{"href":"https:\/\/naturalpoland.com\/ko\/wp-json\/wp\/v2\/types\/product"}],"wp:featuredmedia":[{"embeddable":true,"href":"https:\/\/naturalpoland.com\/ko\/wp-json\/wp\/v2\/media\/47423"}],"wp:attachment":[{"href":"https:\/\/naturalpoland.com\/ko\/wp-json\/wp\/v2\/media?parent=47420"}],"wp:term":[{"taxonomy":"product_brand","embeddable":true,"href":"https:\/\/naturalpoland.com\/ko\/wp-json\/wp\/v2\/product_brand?post=47420"},{"taxonomy":"product_cat","embeddable":true,"href":"https:\/\/naturalpoland.com\/ko\/wp-json\/wp\/v2\/product_cat?post=47420"},{"taxonomy":"product_tag","embeddable":true,"href":"https:\/\/naturalpoland.com\/ko\/wp-json\/wp\/v2\/product_tag?post=47420"}],"curies":[{"name":"wp","href":"https:\/\/api.w.org\/{rel}","templated":true}]}}