{"id":47459,"date":"2026-04-10T16:14:04","date_gmt":"2026-04-10T14:14:04","guid":{"rendered":"https:\/\/naturalpoland.com\/produkty\/uncategorized\/5-mthf\/"},"modified":"2026-04-16T11:53:17","modified_gmt":"2026-04-16T09:53:17","slug":"5-mthf","status":"publish","type":"product","link":"https:\/\/naturalpoland.com\/ko\/je-pum\/ui-yak-pum-won-ryo\/bi-ta-min\/5-mthf\/","title":{"rendered":"5-MTHF"},"content":{"rendered":"<h2>5-MTHF\uc758 \ud2b9\uc131 \ubc0f \uc791\uc6a9:<\/h2>\n<p>5-MTHF\ub294 DNA \ud569\uc131, \uc138\ud3ec \ubd84\uc5f4 \ubc0f \uc544\ubbf8\ub178\uc0b0 \ub300\uc0ac\uc640 \uad00\ub828\ub41c \uacfc\uc815\uc5d0 \ucc38\uc5ec\ud558\uc5ec \ub2e8\uc77c\ud0c4\uc18c \ub300\uc0ac\uc5d0\uc11c \uc911\uc694\ud55c \uc5ed\ud560\uc744 \uc218\ud589\ud569\ub2c8\ub2e4. \ud65c\uc131 \uc5fd\uc0b0 \ud615\ud0dc\ub85c\uc11c \uccb4\ub0b4\uc5d0\uc11c \uc9c1\uc811 \uc774\uc6a9 \uac00\ub2a5\ud558\ubbc0\ub85c, \uc5fd\uc0b0 \uc804\ud658 \ub2a5\ub825\uc774 \uc81c\ud55c\ub41c \uc0ac\ub78c\ub4e4\uc744 \uc704\ud55c \uc81c\ud615\uc5d0\uc11c \uc758\ubbf8\uac00 \uc788\uc2b5\ub2c8\ub2e4. <\/p>\n<p>\uc774 \ud654\ud569\ubb3c\uc740 <strong>\uc2e0\uacbd\uacc4 \ubc0f \uc778\uc9c0 \uae30\ub2a5 \uc9c0\uc6d0<\/strong>\uc744 \ubaa9\uc801\uc73c\ub85c \ud558\ub294 \uc81c\ud488\uc5d0 \ud65c\uc6a9\ub429\ub2c8\ub2e4. \ud638\ubaa8\uc2dc\uc2a4\ud14c\uc778 \ub300\uc0ac\uc5d0 \ucc38\uc5ec\ud558\uc5ec \uad11\ubc94\uc704\ud55c \uc804\uc2e0 \uc801\uc6a9\uc744 \uc704\ud55c \uac74\uac15\uae30\ub2a5\uc2dd\ud488 \uc81c\ud615\uc758 \uad6c\uc131 \uc131\ubd84\uc774 \ub429\ub2c8\ub2e4. <\/p>\n<p>\uc548\uc815\uc131\uacfc \uc0dd\uccb4\uc774\uc6a9\ub960\ub85c \uc778\ud574 5-MTHF\ub294 \uae30\uc874 \uc5fd\uc0b0\uc5d0 \ube44\ud574 \ud604\ub300 \uac74\uac15\uae30\ub2a5\uc2dd\ud488\uc5d0\uc11c \uc120\ud638\ub418\ub294 \uc131\ubd84\uc785\ub2c8\ub2e4.<\/p>\n<h2>5-MTHF\uc758 \uc801\uc6a9 \ubd84\uc57c:<\/h2>\n<ul>\n<li>\uac74\uac15\uae30\ub2a5\uc2dd\ud488 (\ube44\ud0c0\ubbfc \uc81c\ud488 \ubc0f B \ubcf5\ud569\uccb4),<\/li>\n<li>\uc784\uc0b0\ubd80 \ubc0f \uc784\uc2e0 \uacc4\ud68d \uc5ec\uc131\uc6a9 \uc81c\ud488,<\/li>\n<li>\uc2e0\uacbd\uacc4 \uc9c0\uc6d0 \uc81c\ud488,<\/li>\n<li>\uae30\ub2a5\uc131 \uc2dd\ud488 \ubc0f \ub274\ud2b8\ub77c\uc288\ud2f0\uceec,<\/li>\n<\/ul>\n<p>\uc6b0\uc218\ud55c \uc548\uc815\uc131\uc73c\ub85c \ucea1\uc290, \uc815\uc81c \ubc0f \ubd84\ub9d0 \ud63c\ud569\ubb3c \ud615\ud0dc\ub85c \uc0ac\uc6a9\ud560 \uc218 \uc788\uc2b5\ub2c8\ub2e4.<\/p>\n","protected":false},"excerpt":{"rendered":"<p><strong>5-\uba54\ud2f8\ud14c\ud2b8\ub77c\ud558\uc774\ub4dc\ub85c\uc5fd\uc0b0 \uce7c\uc298<\/strong>\uc740 \uac74\uac15\uae30\ub2a5\uc2dd\ud488 \ubc0f \uae30\ub2a5\uc131 \uc2dd\ud488\uc5d0 \ud65c\uc6a9\ub418\ub294 <strong>\uc5fd\uc0b0<\/strong>(<strong>\ube44\ud0c0\ubbfc B9<\/strong>)\uc758 \uc0dd\ubb3c\ud559\uc801 \ud65c\uc131 \ud615\ud0dc\uc785\ub2c8\ub2e4. \ud569\uc131 \uc5fd\uc0b0\uacfc \ub2ec\ub9ac \uccb4\ub0b4\uc5d0\uc11c \ucd94\uac00\uc801\uc778 \ub300\uc0ac \uc804\ud658\uc774 \ud544\uc694\ud558\uc9c0 \uc54a\uc544 \uc0dd\ud654\ud559\uc801 \uacfc\uc815\uc5d0\uc11c \uc9c1\uc811 \ud65c\uc6a9\ub420 \uc218 \uc788\uc2b5\ub2c8\ub2e4. <\/p>\n","protected":false},"featured_media":47460,"template":"","meta":{"_acf_changed":false},"product_brand":[],"product_cat":[8145],"product_tag":[],"class_list":{"0":"post-47459","1":"product","2":"type-product","3":"status-publish","4":"has-post-thumbnail","6":"product_cat-bi-ta-min","8":"first","9":"instock","10":"shipping-taxable","11":"product-type-simple"},"acf":[],"yoast_head":"<!-- This site is optimized with the Yoast SEO plugin v27.4 - https:\/\/yoast.com\/product\/yoast-seo-wordpress\/ -->\n<title>5-MTHF - Hurtowy Dystrybutor<\/title>\n<meta name=\"description\" content=\"5-MTHF (\ud65c\uc131 \uc5fd\uc0b0) \u2013 \uace0\uc21c\ub3c4(USP43) \uc0dd\uccb4\uc774\uc6a9 \uac00\ub2a5\ud55c \ube44\ud0c0\ubbfc B9 \ud615\ud0dc. \uac74\uac15\uae30\ub2a5\uc2dd\ud488 \ubc0f \uae30\ub2a5\uc131 \uc2dd\ud488\uc6a9 \uc6d0\ub8cc.\" \/>\n<meta name=\"robots\" content=\"index, follow, max-snippet:-1, max-image-preview:large, max-video-preview:-1\" \/>\n<link rel=\"canonical\" href=\"https:\/\/naturalpoland.com\/ko\/je-pum\/ui-yak-pum-won-ryo\/bi-ta-min\/5-mthf\/\" \/>\n<meta property=\"og:locale\" content=\"ko_KR\" \/>\n<meta property=\"og:type\" content=\"article\" \/>\n<meta property=\"og:title\" content=\"5-MTHF - Hurtowy Dystrybutor\" \/>\n<meta property=\"og:description\" content=\"5-MTHF (\ud65c\uc131 \uc5fd\uc0b0) \u2013 \uace0\uc21c\ub3c4(USP43) \uc0dd\uccb4\uc774\uc6a9 \uac00\ub2a5\ud55c \ube44\ud0c0\ubbfc B9 \ud615\ud0dc. \uac74\uac15\uae30\ub2a5\uc2dd\ud488 \ubc0f \uae30\ub2a5\uc131 \uc2dd\ud488\uc6a9 \uc6d0\ub8cc.\" \/>\n<meta property=\"og:url\" content=\"https:\/\/naturalpoland.com\/ko\/je-pum\/ui-yak-pum-won-ryo\/bi-ta-min\/5-mthf\/\" \/>\n<meta property=\"og:site_name\" content=\"NATURAL POLAND - Hurtowy Dystrybutor Surowc\u00f3w\" \/>\n<meta property=\"article:publisher\" content=\"https:\/\/www.facebook.com\/naturalpoland.b2b\" \/>\n<meta property=\"article:modified_time\" content=\"2026-04-16T09:53:17+00:00\" \/>\n<meta property=\"og:image\" content=\"https:\/\/naturalpoland.com\/wp-content\/uploads\/5-mthf.png\" \/>\n\t<meta property=\"og:image:width\" content=\"1024\" \/>\n\t<meta property=\"og:image:height\" content=\"1024\" \/>\n\t<meta property=\"og:image:type\" content=\"image\/png\" \/>\n<script type=\"application\/ld+json\" class=\"yoast-schema-graph\">{\"@context\":\"https:\\\/\\\/schema.org\",\"@graph\":[{\"@type\":\"WebPage\",\"@id\":\"https:\\\/\\\/naturalpoland.com\\\/ko\\\/je-pum\\\/ui-yak-pum-won-ryo\\\/bi-ta-min\\\/5-mthf\\\/\",\"url\":\"https:\\\/\\\/naturalpoland.com\\\/ko\\\/je-pum\\\/ui-yak-pum-won-ryo\\\/bi-ta-min\\\/5-mthf\\\/\",\"name\":\"5-MTHF - Hurtowy Dystrybutor\",\"isPartOf\":{\"@id\":\"https:\\\/\\\/naturalpoland.com\\\/ko\\\/#website\"},\"primaryImageOfPage\":{\"@id\":\"https:\\\/\\\/naturalpoland.com\\\/ko\\\/je-pum\\\/ui-yak-pum-won-ryo\\\/bi-ta-min\\\/5-mthf\\\/#primaryimage\"},\"image\":{\"@id\":\"https:\\\/\\\/naturalpoland.com\\\/ko\\\/je-pum\\\/ui-yak-pum-won-ryo\\\/bi-ta-min\\\/5-mthf\\\/#primaryimage\"},\"thumbnailUrl\":\"https:\\\/\\\/naturalpoland.com\\\/wp-content\\\/uploads\\\/5-mthf.png\",\"datePublished\":\"2026-04-10T14:14:04+00:00\",\"dateModified\":\"2026-04-16T09:53:17+00:00\",\"description\":\"5-MTHF (\ud65c\uc131 \uc5fd\uc0b0) \u2013 \uace0\uc21c\ub3c4(USP43) \uc0dd\uccb4\uc774\uc6a9 \uac00\ub2a5\ud55c \ube44\ud0c0\ubbfc B9 \ud615\ud0dc. \uac74\uac15\uae30\ub2a5\uc2dd\ud488 \ubc0f \uae30\ub2a5\uc131 \uc2dd\ud488\uc6a9 \uc6d0\ub8cc.\",\"breadcrumb\":{\"@id\":\"https:\\\/\\\/naturalpoland.com\\\/ko\\\/je-pum\\\/ui-yak-pum-won-ryo\\\/bi-ta-min\\\/5-mthf\\\/#breadcrumb\"},\"inLanguage\":\"ko-KR\",\"potentialAction\":[{\"@type\":\"ReadAction\",\"target\":[\"https:\\\/\\\/naturalpoland.com\\\/ko\\\/je-pum\\\/ui-yak-pum-won-ryo\\\/bi-ta-min\\\/5-mthf\\\/\"]}]},{\"@type\":\"ImageObject\",\"inLanguage\":\"ko-KR\",\"@id\":\"https:\\\/\\\/naturalpoland.com\\\/ko\\\/je-pum\\\/ui-yak-pum-won-ryo\\\/bi-ta-min\\\/5-mthf\\\/#primaryimage\",\"url\":\"https:\\\/\\\/naturalpoland.com\\\/wp-content\\\/uploads\\\/5-mthf.png\",\"contentUrl\":\"https:\\\/\\\/naturalpoland.com\\\/wp-content\\\/uploads\\\/5-mthf.png\",\"width\":1024,\"height\":1024,\"caption\":\"5-MTHF\"},{\"@type\":\"BreadcrumbList\",\"@id\":\"https:\\\/\\\/naturalpoland.com\\\/ko\\\/je-pum\\\/ui-yak-pum-won-ryo\\\/bi-ta-min\\\/5-mthf\\\/#breadcrumb\",\"itemListElement\":[{\"@type\":\"ListItem\",\"position\":1,\"name\":\"\ud648\",\"item\":\"https:\\\/\\\/naturalpoland.com\\\/ko\\\/\"},{\"@type\":\"ListItem\",\"position\":2,\"name\":\"\uc81c\ud488\",\"item\":\"https:\\\/\\\/naturalpoland.com\\\/ko\\\/%ec%a0%9c%ed%92%88\\\/\"},{\"@type\":\"ListItem\",\"position\":3,\"name\":\"5-MTHF\"}]},{\"@type\":\"WebSite\",\"@id\":\"https:\\\/\\\/naturalpoland.com\\\/ko\\\/#website\",\"url\":\"https:\\\/\\\/naturalpoland.com\\\/ko\\\/\",\"name\":\"NATURAL POLAND - Hurtowy Dystrybutor Surowc\u00f3w\",\"description\":\"Surowce dla przemys\u0142u spo\u017cywczego, kosmetycznego i farmaceutycznego\",\"publisher\":{\"@id\":\"https:\\\/\\\/naturalpoland.com\\\/ko\\\/#organization\"},\"potentialAction\":[{\"@type\":\"SearchAction\",\"target\":{\"@type\":\"EntryPoint\",\"urlTemplate\":\"https:\\\/\\\/naturalpoland.com\\\/ko\\\/?s={search_term_string}\"},\"query-input\":{\"@type\":\"PropertyValueSpecification\",\"valueRequired\":true,\"valueName\":\"search_term_string\"}}],\"inLanguage\":\"ko-KR\"},{\"@type\":\"Organization\",\"@id\":\"https:\\\/\\\/naturalpoland.com\\\/ko\\\/#organization\",\"name\":\"Natural Poland\",\"url\":\"https:\\\/\\\/naturalpoland.com\\\/ko\\\/\",\"logo\":{\"@type\":\"ImageObject\",\"inLanguage\":\"ko-KR\",\"@id\":\"https:\\\/\\\/naturalpoland.com\\\/ko\\\/#\\\/schema\\\/logo\\\/image\\\/\",\"url\":\"https:\\\/\\\/naturalpoland.com\\\/wp-content\\\/uploads\\\/2021\\\/05\\\/natural-poland-icon.png\",\"contentUrl\":\"https:\\\/\\\/naturalpoland.com\\\/wp-content\\\/uploads\\\/2021\\\/05\\\/natural-poland-icon.png\",\"width\":512,\"height\":512,\"caption\":\"Natural Poland\"},\"image\":{\"@id\":\"https:\\\/\\\/naturalpoland.com\\\/ko\\\/#\\\/schema\\\/logo\\\/image\\\/\"},\"sameAs\":[\"https:\\\/\\\/www.facebook.com\\\/naturalpoland.b2b\",\"https:\\\/\\\/pl.linkedin.com\\\/company\\\/natural-poland\",\"https:\\\/\\\/www.youtube.com\\\/channel\\\/UCgeGGkvOMahZo-xu_MSEWxg\"]}]}<\/script>\n<!-- \/ Yoast SEO plugin. -->","yoast_head_json":{"title":"5-MTHF - Hurtowy Dystrybutor","description":"5-MTHF (\ud65c\uc131 \uc5fd\uc0b0) \u2013 \uace0\uc21c\ub3c4(USP43) \uc0dd\uccb4\uc774\uc6a9 \uac00\ub2a5\ud55c \ube44\ud0c0\ubbfc B9 \ud615\ud0dc. \uac74\uac15\uae30\ub2a5\uc2dd\ud488 \ubc0f \uae30\ub2a5\uc131 \uc2dd\ud488\uc6a9 \uc6d0\ub8cc.","robots":{"index":"index","follow":"follow","max-snippet":"max-snippet:-1","max-image-preview":"max-image-preview:large","max-video-preview":"max-video-preview:-1"},"canonical":"https:\/\/naturalpoland.com\/ko\/je-pum\/ui-yak-pum-won-ryo\/bi-ta-min\/5-mthf\/","og_locale":"ko_KR","og_type":"article","og_title":"5-MTHF - Hurtowy Dystrybutor","og_description":"5-MTHF (\ud65c\uc131 \uc5fd\uc0b0) \u2013 \uace0\uc21c\ub3c4(USP43) \uc0dd\uccb4\uc774\uc6a9 \uac00\ub2a5\ud55c \ube44\ud0c0\ubbfc B9 \ud615\ud0dc. \uac74\uac15\uae30\ub2a5\uc2dd\ud488 \ubc0f \uae30\ub2a5\uc131 \uc2dd\ud488\uc6a9 \uc6d0\ub8cc.","og_url":"https:\/\/naturalpoland.com\/ko\/je-pum\/ui-yak-pum-won-ryo\/bi-ta-min\/5-mthf\/","og_site_name":"NATURAL POLAND - Hurtowy Dystrybutor Surowc\u00f3w","article_publisher":"https:\/\/www.facebook.com\/naturalpoland.b2b","article_modified_time":"2026-04-16T09:53:17+00:00","og_image":[{"width":1024,"height":1024,"url":"https:\/\/naturalpoland.com\/wp-content\/uploads\/5-mthf.png","type":"image\/png"}],"schema":{"@context":"https:\/\/schema.org","@graph":[{"@type":"WebPage","@id":"https:\/\/naturalpoland.com\/ko\/je-pum\/ui-yak-pum-won-ryo\/bi-ta-min\/5-mthf\/","url":"https:\/\/naturalpoland.com\/ko\/je-pum\/ui-yak-pum-won-ryo\/bi-ta-min\/5-mthf\/","name":"5-MTHF - Hurtowy Dystrybutor","isPartOf":{"@id":"https:\/\/naturalpoland.com\/ko\/#website"},"primaryImageOfPage":{"@id":"https:\/\/naturalpoland.com\/ko\/je-pum\/ui-yak-pum-won-ryo\/bi-ta-min\/5-mthf\/#primaryimage"},"image":{"@id":"https:\/\/naturalpoland.com\/ko\/je-pum\/ui-yak-pum-won-ryo\/bi-ta-min\/5-mthf\/#primaryimage"},"thumbnailUrl":"https:\/\/naturalpoland.com\/wp-content\/uploads\/5-mthf.png","datePublished":"2026-04-10T14:14:04+00:00","dateModified":"2026-04-16T09:53:17+00:00","description":"5-MTHF (\ud65c\uc131 \uc5fd\uc0b0) \u2013 \uace0\uc21c\ub3c4(USP43) \uc0dd\uccb4\uc774\uc6a9 \uac00\ub2a5\ud55c \ube44\ud0c0\ubbfc B9 \ud615\ud0dc. \uac74\uac15\uae30\ub2a5\uc2dd\ud488 \ubc0f \uae30\ub2a5\uc131 \uc2dd\ud488\uc6a9 \uc6d0\ub8cc.","breadcrumb":{"@id":"https:\/\/naturalpoland.com\/ko\/je-pum\/ui-yak-pum-won-ryo\/bi-ta-min\/5-mthf\/#breadcrumb"},"inLanguage":"ko-KR","potentialAction":[{"@type":"ReadAction","target":["https:\/\/naturalpoland.com\/ko\/je-pum\/ui-yak-pum-won-ryo\/bi-ta-min\/5-mthf\/"]}]},{"@type":"ImageObject","inLanguage":"ko-KR","@id":"https:\/\/naturalpoland.com\/ko\/je-pum\/ui-yak-pum-won-ryo\/bi-ta-min\/5-mthf\/#primaryimage","url":"https:\/\/naturalpoland.com\/wp-content\/uploads\/5-mthf.png","contentUrl":"https:\/\/naturalpoland.com\/wp-content\/uploads\/5-mthf.png","width":1024,"height":1024,"caption":"5-MTHF"},{"@type":"BreadcrumbList","@id":"https:\/\/naturalpoland.com\/ko\/je-pum\/ui-yak-pum-won-ryo\/bi-ta-min\/5-mthf\/#breadcrumb","itemListElement":[{"@type":"ListItem","position":1,"name":"\ud648","item":"https:\/\/naturalpoland.com\/ko\/"},{"@type":"ListItem","position":2,"name":"\uc81c\ud488","item":"https:\/\/naturalpoland.com\/ko\/%ec%a0%9c%ed%92%88\/"},{"@type":"ListItem","position":3,"name":"5-MTHF"}]},{"@type":"WebSite","@id":"https:\/\/naturalpoland.com\/ko\/#website","url":"https:\/\/naturalpoland.com\/ko\/","name":"NATURAL POLAND - Hurtowy Dystrybutor Surowc\u00f3w","description":"Surowce dla przemys\u0142u spo\u017cywczego, kosmetycznego i farmaceutycznego","publisher":{"@id":"https:\/\/naturalpoland.com\/ko\/#organization"},"potentialAction":[{"@type":"SearchAction","target":{"@type":"EntryPoint","urlTemplate":"https:\/\/naturalpoland.com\/ko\/?s={search_term_string}"},"query-input":{"@type":"PropertyValueSpecification","valueRequired":true,"valueName":"search_term_string"}}],"inLanguage":"ko-KR"},{"@type":"Organization","@id":"https:\/\/naturalpoland.com\/ko\/#organization","name":"Natural Poland","url":"https:\/\/naturalpoland.com\/ko\/","logo":{"@type":"ImageObject","inLanguage":"ko-KR","@id":"https:\/\/naturalpoland.com\/ko\/#\/schema\/logo\/image\/","url":"https:\/\/naturalpoland.com\/wp-content\/uploads\/2021\/05\/natural-poland-icon.png","contentUrl":"https:\/\/naturalpoland.com\/wp-content\/uploads\/2021\/05\/natural-poland-icon.png","width":512,"height":512,"caption":"Natural Poland"},"image":{"@id":"https:\/\/naturalpoland.com\/ko\/#\/schema\/logo\/image\/"},"sameAs":["https:\/\/www.facebook.com\/naturalpoland.b2b","https:\/\/pl.linkedin.com\/company\/natural-poland","https:\/\/www.youtube.com\/channel\/UCgeGGkvOMahZo-xu_MSEWxg"]}]}},"_links":{"self":[{"href":"https:\/\/naturalpoland.com\/ko\/wp-json\/wp\/v2\/product\/47459","targetHints":{"allow":["GET"]}}],"collection":[{"href":"https:\/\/naturalpoland.com\/ko\/wp-json\/wp\/v2\/product"}],"about":[{"href":"https:\/\/naturalpoland.com\/ko\/wp-json\/wp\/v2\/types\/product"}],"wp:featuredmedia":[{"embeddable":true,"href":"https:\/\/naturalpoland.com\/ko\/wp-json\/wp\/v2\/media\/47460"}],"wp:attachment":[{"href":"https:\/\/naturalpoland.com\/ko\/wp-json\/wp\/v2\/media?parent=47459"}],"wp:term":[{"taxonomy":"product_brand","embeddable":true,"href":"https:\/\/naturalpoland.com\/ko\/wp-json\/wp\/v2\/product_brand?post=47459"},{"taxonomy":"product_cat","embeddable":true,"href":"https:\/\/naturalpoland.com\/ko\/wp-json\/wp\/v2\/product_cat?post=47459"},{"taxonomy":"product_tag","embeddable":true,"href":"https:\/\/naturalpoland.com\/ko\/wp-json\/wp\/v2\/product_tag?post=47459"}],"curies":[{"name":"wp","href":"https:\/\/api.w.org\/{rel}","templated":true}]}}