{"id":47905,"date":"2026-04-24T16:13:26","date_gmt":"2026-04-24T14:13:26","guid":{"rendered":"https:\/\/naturalpoland.com\/produkty\/uncategorized\/%eb%b2%a0%eb%a5%b4%ea%b0%80%eb%aa%bb-%ec%b6%94%ec%b6%9c%eb%ac%bc\/"},"modified":"2026-04-28T10:42:52","modified_gmt":"2026-04-28T08:42:52","slug":"%eb%b2%a0%eb%a5%b4%ea%b0%80%eb%aa%bb-%ec%b6%94%ec%b6%9c%eb%ac%bc","status":"publish","type":"product","link":"https:\/\/naturalpoland.com\/ko\/je-pum\/sig-mul-chu-chul-mul\/%eb%b2%a0%eb%a5%b4%ea%b0%80%eb%aa%bb-%ec%b6%94%ec%b6%9c%eb%ac%bc\/","title":{"rendered":"\ubca0\ub974\uac00\ubabb \ucd94\ucd9c\ubb3c"},"content":{"rendered":"<h2>\ubca0\ub974\uac00\ubabb \ucd94\ucd9c\ubb3c\uc758 \ud2b9\uc131 \ubc0f \ud6a8\ub2a5:<\/h2>\n<p>\ubca0\ub974\uac00\ubabb \ucd94\ucd9c\ubb3c\uc740 \ub192\uc740 \ud56d\uc0b0\ud654 \uc7a0\uc7ac\ub825\uc744 \uac00\uc9c4 \ud654\ud569\ubb3c\uc778 <strong>\ucc9c\uc5f0 \ud3f4\ub9ac\ud398\ub180<\/strong> (\u226525%)\uc758 \uc6d0\ucc9c\uc785\ub2c8\ub2e4. \ubca0\ub974\uac00\ubabb \uacfc\uc77c\uc5d0 \ud568\uc720\ub41c \ud3f4\ub9ac\ud398\ub180\uc740 \uc790\uc720 \ub77c\ub514\uce7c\uc744 \uc911\ud654\ud558\ub294 \ub2a5\ub825\uc744 \ubcf4\uc5ec\uc8fc\uba70, \uc774\ub294 \ub2e4\uc74c \ubd84\uc57c\uc5d0\uc11c \uc911\uc694\ud569\ub2c8\ub2e4: <\/p>\n<ul>\n<li>\uc0b0\ud654 \uc2a4\ud2b8\ub808\uc2a4\ub85c\ubd80\ud130 \uc138\ud3ec \ubcf4\ud638,<\/li>\n<li>\uc2e0\uc9c4\ub300\uc0ac \uacfc\uc815 \uc9c0\uc6d0,<\/li>\n<li>\ud654\uc7a5\ud488\uc758 \ub178\ud654 \ubc29\uc9c0 \uc81c\ud615.<\/li>\n<\/ul>\n<p>\uc218\uc131 \ucd94\ucd9c \uae30\uc220\uc744 \uc801\uc6a9\ud558\uc5ec \ucc9c\uc5f0 \ubc0f &#8216;\ud074\ub9b0 \ub77c\ubca8&#8217; \uc81c\ud488\uc5d0 \uc801\ud569\ud55c \uc131\ubd84 \ud504\ub85c\ud544\uc744 \uc5bb\uc744 \uc218 \uc788\uc2b5\ub2c8\ub2e4.<\/p>\n<h2>\uc801\uc6a9 \ubd84\uc57c:<\/h2>\n<p>\ubca0\ub974\uac00\ubabb \ucd94\ucd9c\ubb3c\uc740 <span style=\"color: #333333; font-size: 14.4px;\">\uc2e0\uc9c4\ub300\uc0ac \ubc0f \uc9c0\uc9c8 \uade0\ud615\uc744 \uc9c0\uc6d0\ud558\ub294 \uc81c\uc81c<\/span>\uc640 <span style=\"color: #333333; font-size: 14.4px;\">\ud56d\uc0b0\ud654 \uc791\uc6a9\uc744 \ud558\ub294 \uc81c\ud488<\/span>\uacfc \uac19\uc740 \uac74\uac15 \ubcf4\uc870 \uc2dd\ud488 \ubc0f \ub274\ud2b8\ub77c\uc288\ud2f0\uceec\uc5d0 \ud65c\uc6a9\ub429\ub2c8\ub2e4. <\/p>\n<p>\uc2dd\ud488 \uc0b0\uc5c5\uc5d0\uc11c\ub294 \uae30\ub2a5\uc131 \uc2dd\ud488 \ubc0f \uc74c\ub8cc\uc758 \ucca8\uac00\uc81c\ub85c \uc0ac\uc6a9\ub429\ub2c8\ub2e4.<\/p>\n<p>\ud654\uc7a5\ud488 \uc0b0\uc5c5\uc5d0\uc11c\ub294 \ubca0\ub974\uac00\ubabb \ucd94\ucd9c\ubb3c\uc774 \uc548\ud2f0\uc5d0\uc774\uc9d5 \uc81c\ud488, \uc0b0\ud654 \uc2a4\ud2b8\ub808\uc2a4\uc5d0 \ub178\ucd9c\ub41c \ud53c\ubd80 \uad00\ub9ac\uc6a9 \ud654\uc7a5\ud488, \uc2dd\ubb3c \ucd94\ucd9c\ubb3c \uae30\ubc18 \uc81c\ud615\uc5d0\uc11c \ucc3e\uc544\ubcfc \uc218 \uc788\uc2b5\ub2c8\ub2e4.<\/p>\n","protected":false},"excerpt":{"rendered":"<p><strong>\ubca0\ub974\uac00\ubabb \ucd94\ucd9c\ubb3c<\/strong>\uc740 \uc8fc\ub85c \uc9c0\uc911\ud574\uc131 \uae30\ud6c4 \uc9c0\uc5ed\uc5d0\uc11c \uc7ac\ubc30\ub418\ub294 \uac10\uade4\ub958 \uc2dd\ubb3c\uc778 <em>Citrus bergamia<\/em>\uc758 \uacfc\uc77c\uc5d0\uc11c \uc5bb\uc5b4\uc9d1\ub2c8\ub2e4. \uc81c\uacf5\ub418\ub294 \ucd94\ucd9c\ubb3c\uc740 \uc218\uc131 \ucd94\ucd9c \ubc29\ubc95\uc73c\ub85c \uc5bb\uc5b4\uc9c4 \ud6c4, \uace0\ub18d\ucd95 \ud65c\uc131 \uc131\ubd84 \ubd84\ub9d0 \ud615\ud0dc\ub85c \ub18d\ucd95\ub429\ub2c8\ub2e4. <\/p>\n","protected":false},"featured_media":47906,"template":"","meta":{"_acf_changed":false},"product_brand":[],"product_cat":[8134],"product_tag":[],"class_list":{"0":"post-47905","1":"product","2":"type-product","3":"status-publish","4":"has-post-thumbnail","6":"product_cat-sig-mul-chu-chul-mul","8":"first","9":"instock","10":"shipping-taxable","11":"product-type-simple"},"acf":[],"yoast_head":"<!-- This site is optimized with the Yoast SEO plugin v27.5 - https:\/\/yoast.com\/product\/yoast-seo-wordpress\/ -->\n<title>\ubca0\ub974\uac00\ubabb \ucd94\ucd9c\ubb3c - Hurtowy Dystrybutor<\/title>\n<meta name=\"description\" content=\"\ud3f4\ub9ac\ud398\ub180 \ud45c\uc900\ud654 \ubca0\ub974\uac00\ubabb \ucd94\ucd9c\ubb3c. \ubcf4\ucda9\uc81c, \ud654\uc7a5\ud488 \ubc0f \uae30\ub2a5\uc131 \uc2dd\ud488\uc744 \uc704\ud55c \ucc9c\uc5f0 \uc2dd\ubb3c\uc131 \uc6d0\ub8cc\uc785\ub2c8\ub2e4.\" \/>\n<meta name=\"robots\" content=\"index, follow, max-snippet:-1, max-image-preview:large, max-video-preview:-1\" \/>\n<link rel=\"canonical\" href=\"https:\/\/naturalpoland.com\/ko\/je-pum\/sig-mul-chu-chul-mul\/%eb%b2%a0%eb%a5%b4%ea%b0%80%eb%aa%bb-%ec%b6%94%ec%b6%9c%eb%ac%bc\/\" \/>\n<meta property=\"og:locale\" content=\"ko_KR\" \/>\n<meta property=\"og:type\" content=\"article\" \/>\n<meta property=\"og:title\" content=\"\ubca0\ub974\uac00\ubabb \ucd94\ucd9c\ubb3c - Hurtowy Dystrybutor\" \/>\n<meta property=\"og:description\" content=\"\ud3f4\ub9ac\ud398\ub180 \ud45c\uc900\ud654 \ubca0\ub974\uac00\ubabb \ucd94\ucd9c\ubb3c. \ubcf4\ucda9\uc81c, \ud654\uc7a5\ud488 \ubc0f \uae30\ub2a5\uc131 \uc2dd\ud488\uc744 \uc704\ud55c \ucc9c\uc5f0 \uc2dd\ubb3c\uc131 \uc6d0\ub8cc\uc785\ub2c8\ub2e4.\" \/>\n<meta property=\"og:url\" content=\"https:\/\/naturalpoland.com\/ko\/je-pum\/sig-mul-chu-chul-mul\/%eb%b2%a0%eb%a5%b4%ea%b0%80%eb%aa%bb-%ec%b6%94%ec%b6%9c%eb%ac%bc\/\" \/>\n<meta property=\"og:site_name\" content=\"NATURAL POLAND - Hurtowy Dystrybutor Surowc\u00f3w\" \/>\n<meta property=\"article:publisher\" content=\"https:\/\/www.facebook.com\/naturalpoland.b2b\" \/>\n<meta property=\"article:modified_time\" content=\"2026-04-28T08:42:52+00:00\" \/>\n<meta property=\"og:image\" content=\"https:\/\/naturalpoland.com\/wp-content\/uploads\/ekstrakt-z-bergamotki.png\" \/>\n\t<meta property=\"og:image:width\" content=\"1024\" \/>\n\t<meta property=\"og:image:height\" content=\"1024\" \/>\n\t<meta property=\"og:image:type\" content=\"image\/png\" \/>\n<script type=\"application\/ld+json\" class=\"yoast-schema-graph\">{\"@context\":\"https:\\\/\\\/schema.org\",\"@graph\":[{\"@type\":\"WebPage\",\"@id\":\"https:\\\/\\\/naturalpoland.com\\\/ko\\\/je-pum\\\/sig-mul-chu-chul-mul\\\/%eb%b2%a0%eb%a5%b4%ea%b0%80%eb%aa%bb-%ec%b6%94%ec%b6%9c%eb%ac%bc\\\/\",\"url\":\"https:\\\/\\\/naturalpoland.com\\\/ko\\\/je-pum\\\/sig-mul-chu-chul-mul\\\/%eb%b2%a0%eb%a5%b4%ea%b0%80%eb%aa%bb-%ec%b6%94%ec%b6%9c%eb%ac%bc\\\/\",\"name\":\"\ubca0\ub974\uac00\ubabb \ucd94\ucd9c\ubb3c - Hurtowy Dystrybutor\",\"isPartOf\":{\"@id\":\"https:\\\/\\\/naturalpoland.com\\\/ko\\\/#website\"},\"primaryImageOfPage\":{\"@id\":\"https:\\\/\\\/naturalpoland.com\\\/ko\\\/je-pum\\\/sig-mul-chu-chul-mul\\\/%eb%b2%a0%eb%a5%b4%ea%b0%80%eb%aa%bb-%ec%b6%94%ec%b6%9c%eb%ac%bc\\\/#primaryimage\"},\"image\":{\"@id\":\"https:\\\/\\\/naturalpoland.com\\\/ko\\\/je-pum\\\/sig-mul-chu-chul-mul\\\/%eb%b2%a0%eb%a5%b4%ea%b0%80%eb%aa%bb-%ec%b6%94%ec%b6%9c%eb%ac%bc\\\/#primaryimage\"},\"thumbnailUrl\":\"https:\\\/\\\/naturalpoland.com\\\/wp-content\\\/uploads\\\/ekstrakt-z-bergamotki.png\",\"datePublished\":\"2026-04-24T14:13:26+00:00\",\"dateModified\":\"2026-04-28T08:42:52+00:00\",\"description\":\"\ud3f4\ub9ac\ud398\ub180 \ud45c\uc900\ud654 \ubca0\ub974\uac00\ubabb \ucd94\ucd9c\ubb3c. \ubcf4\ucda9\uc81c, \ud654\uc7a5\ud488 \ubc0f \uae30\ub2a5\uc131 \uc2dd\ud488\uc744 \uc704\ud55c \ucc9c\uc5f0 \uc2dd\ubb3c\uc131 \uc6d0\ub8cc\uc785\ub2c8\ub2e4.\",\"breadcrumb\":{\"@id\":\"https:\\\/\\\/naturalpoland.com\\\/ko\\\/je-pum\\\/sig-mul-chu-chul-mul\\\/%eb%b2%a0%eb%a5%b4%ea%b0%80%eb%aa%bb-%ec%b6%94%ec%b6%9c%eb%ac%bc\\\/#breadcrumb\"},\"inLanguage\":\"ko-KR\",\"potentialAction\":[{\"@type\":\"ReadAction\",\"target\":[\"https:\\\/\\\/naturalpoland.com\\\/ko\\\/je-pum\\\/sig-mul-chu-chul-mul\\\/%eb%b2%a0%eb%a5%b4%ea%b0%80%eb%aa%bb-%ec%b6%94%ec%b6%9c%eb%ac%bc\\\/\"]}]},{\"@type\":\"ImageObject\",\"inLanguage\":\"ko-KR\",\"@id\":\"https:\\\/\\\/naturalpoland.com\\\/ko\\\/je-pum\\\/sig-mul-chu-chul-mul\\\/%eb%b2%a0%eb%a5%b4%ea%b0%80%eb%aa%bb-%ec%b6%94%ec%b6%9c%eb%ac%bc\\\/#primaryimage\",\"url\":\"https:\\\/\\\/naturalpoland.com\\\/wp-content\\\/uploads\\\/ekstrakt-z-bergamotki.png\",\"contentUrl\":\"https:\\\/\\\/naturalpoland.com\\\/wp-content\\\/uploads\\\/ekstrakt-z-bergamotki.png\",\"width\":1024,\"height\":1024,\"caption\":\"\ubca0\ub974\uac00\ubabb \ucd94\ucd9c\ubb3c\"},{\"@type\":\"BreadcrumbList\",\"@id\":\"https:\\\/\\\/naturalpoland.com\\\/ko\\\/je-pum\\\/sig-mul-chu-chul-mul\\\/%eb%b2%a0%eb%a5%b4%ea%b0%80%eb%aa%bb-%ec%b6%94%ec%b6%9c%eb%ac%bc\\\/#breadcrumb\",\"itemListElement\":[{\"@type\":\"ListItem\",\"position\":1,\"name\":\"\ud648\",\"item\":\"https:\\\/\\\/naturalpoland.com\\\/ko\\\/\"},{\"@type\":\"ListItem\",\"position\":2,\"name\":\"\uc81c\ud488\",\"item\":\"https:\\\/\\\/naturalpoland.com\\\/ko\\\/%ec%a0%9c%ed%92%88\\\/\"},{\"@type\":\"ListItem\",\"position\":3,\"name\":\"\ubca0\ub974\uac00\ubabb \ucd94\ucd9c\ubb3c\"}]},{\"@type\":\"WebSite\",\"@id\":\"https:\\\/\\\/naturalpoland.com\\\/ko\\\/#website\",\"url\":\"https:\\\/\\\/naturalpoland.com\\\/ko\\\/\",\"name\":\"NATURAL POLAND - Hurtowy Dystrybutor Surowc\u00f3w\",\"description\":\"Surowce dla przemys\u0142u spo\u017cywczego, kosmetycznego i farmaceutycznego\",\"publisher\":{\"@id\":\"https:\\\/\\\/naturalpoland.com\\\/ko\\\/#organization\"},\"potentialAction\":[{\"@type\":\"SearchAction\",\"target\":{\"@type\":\"EntryPoint\",\"urlTemplate\":\"https:\\\/\\\/naturalpoland.com\\\/ko\\\/?s={search_term_string}\"},\"query-input\":{\"@type\":\"PropertyValueSpecification\",\"valueRequired\":true,\"valueName\":\"search_term_string\"}}],\"inLanguage\":\"ko-KR\"},{\"@type\":\"Organization\",\"@id\":\"https:\\\/\\\/naturalpoland.com\\\/ko\\\/#organization\",\"name\":\"Natural Poland\",\"url\":\"https:\\\/\\\/naturalpoland.com\\\/ko\\\/\",\"logo\":{\"@type\":\"ImageObject\",\"inLanguage\":\"ko-KR\",\"@id\":\"https:\\\/\\\/naturalpoland.com\\\/ko\\\/#\\\/schema\\\/logo\\\/image\\\/\",\"url\":\"https:\\\/\\\/naturalpoland.com\\\/wp-content\\\/uploads\\\/2021\\\/05\\\/natural-poland-icon.png\",\"contentUrl\":\"https:\\\/\\\/naturalpoland.com\\\/wp-content\\\/uploads\\\/2021\\\/05\\\/natural-poland-icon.png\",\"width\":512,\"height\":512,\"caption\":\"Natural Poland\"},\"image\":{\"@id\":\"https:\\\/\\\/naturalpoland.com\\\/ko\\\/#\\\/schema\\\/logo\\\/image\\\/\"},\"sameAs\":[\"https:\\\/\\\/www.facebook.com\\\/naturalpoland.b2b\",\"https:\\\/\\\/pl.linkedin.com\\\/company\\\/natural-poland\",\"https:\\\/\\\/www.youtube.com\\\/channel\\\/UCgeGGkvOMahZo-xu_MSEWxg\"]}]}<\/script>\n<!-- \/ Yoast SEO plugin. -->","yoast_head_json":{"title":"\ubca0\ub974\uac00\ubabb \ucd94\ucd9c\ubb3c - Hurtowy Dystrybutor","description":"\ud3f4\ub9ac\ud398\ub180 \ud45c\uc900\ud654 \ubca0\ub974\uac00\ubabb \ucd94\ucd9c\ubb3c. \ubcf4\ucda9\uc81c, \ud654\uc7a5\ud488 \ubc0f \uae30\ub2a5\uc131 \uc2dd\ud488\uc744 \uc704\ud55c \ucc9c\uc5f0 \uc2dd\ubb3c\uc131 \uc6d0\ub8cc\uc785\ub2c8\ub2e4.","robots":{"index":"index","follow":"follow","max-snippet":"max-snippet:-1","max-image-preview":"max-image-preview:large","max-video-preview":"max-video-preview:-1"},"canonical":"https:\/\/naturalpoland.com\/ko\/je-pum\/sig-mul-chu-chul-mul\/%eb%b2%a0%eb%a5%b4%ea%b0%80%eb%aa%bb-%ec%b6%94%ec%b6%9c%eb%ac%bc\/","og_locale":"ko_KR","og_type":"article","og_title":"\ubca0\ub974\uac00\ubabb \ucd94\ucd9c\ubb3c - Hurtowy Dystrybutor","og_description":"\ud3f4\ub9ac\ud398\ub180 \ud45c\uc900\ud654 \ubca0\ub974\uac00\ubabb \ucd94\ucd9c\ubb3c. \ubcf4\ucda9\uc81c, \ud654\uc7a5\ud488 \ubc0f \uae30\ub2a5\uc131 \uc2dd\ud488\uc744 \uc704\ud55c \ucc9c\uc5f0 \uc2dd\ubb3c\uc131 \uc6d0\ub8cc\uc785\ub2c8\ub2e4.","og_url":"https:\/\/naturalpoland.com\/ko\/je-pum\/sig-mul-chu-chul-mul\/%eb%b2%a0%eb%a5%b4%ea%b0%80%eb%aa%bb-%ec%b6%94%ec%b6%9c%eb%ac%bc\/","og_site_name":"NATURAL POLAND - Hurtowy Dystrybutor Surowc\u00f3w","article_publisher":"https:\/\/www.facebook.com\/naturalpoland.b2b","article_modified_time":"2026-04-28T08:42:52+00:00","og_image":[{"width":1024,"height":1024,"url":"https:\/\/naturalpoland.com\/wp-content\/uploads\/ekstrakt-z-bergamotki.png","type":"image\/png"}],"schema":{"@context":"https:\/\/schema.org","@graph":[{"@type":"WebPage","@id":"https:\/\/naturalpoland.com\/ko\/je-pum\/sig-mul-chu-chul-mul\/%eb%b2%a0%eb%a5%b4%ea%b0%80%eb%aa%bb-%ec%b6%94%ec%b6%9c%eb%ac%bc\/","url":"https:\/\/naturalpoland.com\/ko\/je-pum\/sig-mul-chu-chul-mul\/%eb%b2%a0%eb%a5%b4%ea%b0%80%eb%aa%bb-%ec%b6%94%ec%b6%9c%eb%ac%bc\/","name":"\ubca0\ub974\uac00\ubabb \ucd94\ucd9c\ubb3c - Hurtowy Dystrybutor","isPartOf":{"@id":"https:\/\/naturalpoland.com\/ko\/#website"},"primaryImageOfPage":{"@id":"https:\/\/naturalpoland.com\/ko\/je-pum\/sig-mul-chu-chul-mul\/%eb%b2%a0%eb%a5%b4%ea%b0%80%eb%aa%bb-%ec%b6%94%ec%b6%9c%eb%ac%bc\/#primaryimage"},"image":{"@id":"https:\/\/naturalpoland.com\/ko\/je-pum\/sig-mul-chu-chul-mul\/%eb%b2%a0%eb%a5%b4%ea%b0%80%eb%aa%bb-%ec%b6%94%ec%b6%9c%eb%ac%bc\/#primaryimage"},"thumbnailUrl":"https:\/\/naturalpoland.com\/wp-content\/uploads\/ekstrakt-z-bergamotki.png","datePublished":"2026-04-24T14:13:26+00:00","dateModified":"2026-04-28T08:42:52+00:00","description":"\ud3f4\ub9ac\ud398\ub180 \ud45c\uc900\ud654 \ubca0\ub974\uac00\ubabb \ucd94\ucd9c\ubb3c. \ubcf4\ucda9\uc81c, \ud654\uc7a5\ud488 \ubc0f \uae30\ub2a5\uc131 \uc2dd\ud488\uc744 \uc704\ud55c \ucc9c\uc5f0 \uc2dd\ubb3c\uc131 \uc6d0\ub8cc\uc785\ub2c8\ub2e4.","breadcrumb":{"@id":"https:\/\/naturalpoland.com\/ko\/je-pum\/sig-mul-chu-chul-mul\/%eb%b2%a0%eb%a5%b4%ea%b0%80%eb%aa%bb-%ec%b6%94%ec%b6%9c%eb%ac%bc\/#breadcrumb"},"inLanguage":"ko-KR","potentialAction":[{"@type":"ReadAction","target":["https:\/\/naturalpoland.com\/ko\/je-pum\/sig-mul-chu-chul-mul\/%eb%b2%a0%eb%a5%b4%ea%b0%80%eb%aa%bb-%ec%b6%94%ec%b6%9c%eb%ac%bc\/"]}]},{"@type":"ImageObject","inLanguage":"ko-KR","@id":"https:\/\/naturalpoland.com\/ko\/je-pum\/sig-mul-chu-chul-mul\/%eb%b2%a0%eb%a5%b4%ea%b0%80%eb%aa%bb-%ec%b6%94%ec%b6%9c%eb%ac%bc\/#primaryimage","url":"https:\/\/naturalpoland.com\/wp-content\/uploads\/ekstrakt-z-bergamotki.png","contentUrl":"https:\/\/naturalpoland.com\/wp-content\/uploads\/ekstrakt-z-bergamotki.png","width":1024,"height":1024,"caption":"\ubca0\ub974\uac00\ubabb \ucd94\ucd9c\ubb3c"},{"@type":"BreadcrumbList","@id":"https:\/\/naturalpoland.com\/ko\/je-pum\/sig-mul-chu-chul-mul\/%eb%b2%a0%eb%a5%b4%ea%b0%80%eb%aa%bb-%ec%b6%94%ec%b6%9c%eb%ac%bc\/#breadcrumb","itemListElement":[{"@type":"ListItem","position":1,"name":"\ud648","item":"https:\/\/naturalpoland.com\/ko\/"},{"@type":"ListItem","position":2,"name":"\uc81c\ud488","item":"https:\/\/naturalpoland.com\/ko\/%ec%a0%9c%ed%92%88\/"},{"@type":"ListItem","position":3,"name":"\ubca0\ub974\uac00\ubabb \ucd94\ucd9c\ubb3c"}]},{"@type":"WebSite","@id":"https:\/\/naturalpoland.com\/ko\/#website","url":"https:\/\/naturalpoland.com\/ko\/","name":"NATURAL POLAND - Hurtowy Dystrybutor Surowc\u00f3w","description":"Surowce dla przemys\u0142u spo\u017cywczego, kosmetycznego i farmaceutycznego","publisher":{"@id":"https:\/\/naturalpoland.com\/ko\/#organization"},"potentialAction":[{"@type":"SearchAction","target":{"@type":"EntryPoint","urlTemplate":"https:\/\/naturalpoland.com\/ko\/?s={search_term_string}"},"query-input":{"@type":"PropertyValueSpecification","valueRequired":true,"valueName":"search_term_string"}}],"inLanguage":"ko-KR"},{"@type":"Organization","@id":"https:\/\/naturalpoland.com\/ko\/#organization","name":"Natural Poland","url":"https:\/\/naturalpoland.com\/ko\/","logo":{"@type":"ImageObject","inLanguage":"ko-KR","@id":"https:\/\/naturalpoland.com\/ko\/#\/schema\/logo\/image\/","url":"https:\/\/naturalpoland.com\/wp-content\/uploads\/2021\/05\/natural-poland-icon.png","contentUrl":"https:\/\/naturalpoland.com\/wp-content\/uploads\/2021\/05\/natural-poland-icon.png","width":512,"height":512,"caption":"Natural Poland"},"image":{"@id":"https:\/\/naturalpoland.com\/ko\/#\/schema\/logo\/image\/"},"sameAs":["https:\/\/www.facebook.com\/naturalpoland.b2b","https:\/\/pl.linkedin.com\/company\/natural-poland","https:\/\/www.youtube.com\/channel\/UCgeGGkvOMahZo-xu_MSEWxg"]}]}},"_links":{"self":[{"href":"https:\/\/naturalpoland.com\/ko\/wp-json\/wp\/v2\/product\/47905","targetHints":{"allow":["GET"]}}],"collection":[{"href":"https:\/\/naturalpoland.com\/ko\/wp-json\/wp\/v2\/product"}],"about":[{"href":"https:\/\/naturalpoland.com\/ko\/wp-json\/wp\/v2\/types\/product"}],"wp:featuredmedia":[{"embeddable":true,"href":"https:\/\/naturalpoland.com\/ko\/wp-json\/wp\/v2\/media\/47906"}],"wp:attachment":[{"href":"https:\/\/naturalpoland.com\/ko\/wp-json\/wp\/v2\/media?parent=47905"}],"wp:term":[{"taxonomy":"product_brand","embeddable":true,"href":"https:\/\/naturalpoland.com\/ko\/wp-json\/wp\/v2\/product_brand?post=47905"},{"taxonomy":"product_cat","embeddable":true,"href":"https:\/\/naturalpoland.com\/ko\/wp-json\/wp\/v2\/product_cat?post=47905"},{"taxonomy":"product_tag","embeddable":true,"href":"https:\/\/naturalpoland.com\/ko\/wp-json\/wp\/v2\/product_tag?post=47905"}],"curies":[{"name":"wp","href":"https:\/\/api.w.org\/{rel}","templated":true}]}}