{"id":47942,"date":"2026-04-24T15:48:58","date_gmt":"2026-04-24T13:48:58","guid":{"rendered":"https:\/\/naturalpoland.com\/produkty\/uncategorized\/%eb%b8%94%eb%9e%99%ec%bb%a4%eb%9f%b0%ed%8a%b8-%eb%b0%95\/"},"modified":"2026-04-28T11:44:19","modified_gmt":"2026-04-28T09:44:19","slug":"%eb%b8%94%eb%9e%99%ec%bb%a4%eb%9f%b0%ed%8a%b8-%eb%b0%95","status":"publish","type":"product","link":"https:\/\/naturalpoland.com\/ko\/je-pum\/dong-mul-yong-won-ryo\/so-sa-ryo-won-ryo\/%eb%b8%94%eb%9e%99%ec%bb%a4%eb%9f%b0%ed%8a%b8-%eb%b0%95\/","title":{"rendered":"\ube14\ub799\ucee4\ub7f0\ud2b8 \ubc15"},"content":{"rendered":"<h2>\ud2b9\uc131 \ubc0f \ud6a8\ub2a5:<\/h2>\n<p>\ubcf8 \uc6d0\ub8cc\ub294 \ucc9c\uc5f0 \uc12c\uc720\uc9c8 \uc131\ubd84\uacfc <strong>\uc2dd\ubb3c\uc131 \ub2e8\ubc31\uc9c8<\/strong> \ubc0f <strong>\ud398\ub180 \ud654\ud569\ubb3c<\/strong>\uacfc \uac19\uc740 \uc794\ub958 \uc601\uc591\uc18c\ub97c \ud2b9\uc9d5\uc73c\ub85c \ud569\ub2c8\ub2e4. \uc774\ub294 \uc2e4\uc81c\ub85c \ub3d9\ubb3c\uc758 \uc18c\ud654 \uc2dc\uc2a4\ud15c\uc774 \uc815\uc0c1\uc801\uc73c\ub85c \uae30\ub2a5\ud558\ub3c4\ub85d \ub3d5\ub294 \uc5ed\ud560\uc744 \ud569\ub2c8\ub2e4. <\/p>\n<p><strong>\uc8fc\uc694 \ub9e4\uac1c\ubcc0\uc218:<\/strong><\/p>\n<ul>\n<li>\ub2e8\ubc31\uc9c8: \uc57d 13%<\/li>\n<li>\uc870\uc12c\uc720: \uc57d 21%<\/li>\n<li>\uc218\ubd84: &lt; 13%<\/li>\n<\/ul>\n<p>\ub192\uc740 \uc12c\uc720\uc9c8 \ud568\ub7c9\uc740 \uc7a5 \uc5f0\ub3d9 \uc6b4\ub3d9\uc744 \uac1c\uc120\ud558\uace0 \uc18c\ud654 \uacfc\uc815\uc744 \uc870\uc808\ud558\ub294 \ub370 \uc601\ud5a5\uc744 \ubbf8\uce69\ub2c8\ub2e4. \ub3d9\uc2dc\uc5d0 \uc801\ub2f9\ud55c \ub2e8\ubc31\uc9c8 \uc218\uc900\uc740 \ubcf4\ucda9 \uc601\uc591 \uc131\ubd84\uc73c\ub85c \ud65c\uc6a9\ub420 \uc218 \uc788\ub3c4\ub85d \ud569\ub2c8\ub2e4. <\/p>\n<p>\uc548\ud1a0\uc2dc\uc544\ub2cc \ubc0f \ud3f4\ub9ac\ud398\ub180(\ube14\ub799\ucee4\ub7f0\ud2b8\uc758 \ud2b9\uc9d5)\uacfc \uac19\uc740 \ucc9c\uc5f0 \uc2dd\ubb3c \ud654\ud569\ubb3c\uc758 \uc874\uc7ac\ub294 \ucd94\uac00\uc801\uc778 \uae30\ub2a5\uc801 \uac00\uce58\ub97c \uc81c\uacf5\ud560 \uc218 \uc788\uc2b5\ub2c8\ub2e4.<\/p>\n<h2>\uc801\uc6a9 \ubd84\uc57c:<\/h2>\n<p>\uac74\uc870 \ube14\ub799\ucee4\ub7f0\ud2b8 \ubc15\uc740 \ub2e4\uc74c\uacfc \uac19\uc774 \ud65c\uc6a9\ub429\ub2c8\ub2e4:<\/p>\n<ul>\n<li>\uc18c, \ub3fc\uc9c0, \uac00\uae08\ub958 \uc0ac\ub8cc \uc131\ubd84<\/li>\n<li>\uc0ac\ub8cc \ud63c\ud569\ubb3c\uc758 \uc12c\uc720\uc9c8 \ud568\ub7c9\uc744 \ub192\uc774\ub294 \ucca8\uac00\uc81c<\/li>\n<li>\uc18c\ud654 \uc9c0\uc6d0\uc774 \ud544\uc694\ud55c \ub3d9\ubb3c\uc758 \uc2dd\ub2e8\uc5d0 \ubcf4\ucda9 \uc6d0\ub8cc<\/li>\n<\/ul>\n<p>\uc2dd\ubb3c\uc131 \uc6d0\ub8cc\uc774\uba70 \uac00\uacf5 \ud615\ud0dc \ub355\ubd84\uc5d0 \ub2e4\uc591\ud55c \uac00\ucd95 \uc0ac\uc721 \uc2dc\uc2a4\ud15c\uc5d0 \uc0ac\uc6a9\ub420 \uc218 \uc788\uc2b5\ub2c8\ub2e4.<\/p>\n","protected":false},"excerpt":{"rendered":"<p><strong>\uac74\uc870 \ube14\ub799\ucee4\ub7f0\ud2b8 \ubc15<\/strong>\uc740 <em>Ribes nigrum<\/em> \uc5f4\ub9e4\uc5d0\uc11c \uc8fc\uc2a4\ub97c \uc555\ucc29\ud558\ub294 \uacfc\uc815\uc5d0\uc11c \uc0dd\uc131\ub418\ub294 \ucc9c\uc5f0 \ubd80\uc0b0\ubb3c\uc785\ub2c8\ub2e4. \uc774 \uc6d0\ub8cc\ub294 \uc12c\uc720\uc9c8\uacfc \uacfc\uc77c \uaecd\uc9c8 \ubc0f \uc528\uc557\uc5d0 \uc874\uc7ac\ud558\ub294 \uc794\ub958 \uc0dd\uccb4 \ud65c\uc131 \uc131\ubd84\uc774 \ud48d\ubd80\ud55c \uac00\uce58 \uc788\ub294 \uc2dd\ubb3c\uc131 \uc0ac\ub8cc \uc131\ubd84\uc785\ub2c8\ub2e4. \uac74\uc870 \uacfc\uc815\uc740 \ubbf8\uc0dd\ubb3c \uc548\uc815\uc131\uacfc \uc7a5\uae30 \ubcf4\uad00 \uc801\ud569\uc131\uc744 \uc720\uc9c0\ud560 \uc218 \uc788\ub3c4\ub85d \ud569\ub2c8\ub2e4.  <\/p>\n","protected":false},"featured_media":47943,"template":"","meta":{"_acf_changed":false},"product_brand":[],"product_cat":[8140],"product_tag":[],"class_list":{"0":"post-47942","1":"product","2":"type-product","3":"status-publish","4":"has-post-thumbnail","6":"product_cat-so-sa-ryo-won-ryo","8":"first","9":"instock","10":"shipping-taxable","11":"product-type-simple"},"acf":[],"yoast_head":"<!-- This site is optimized with the Yoast SEO plugin v27.5 - https:\/\/yoast.com\/product\/yoast-seo-wordpress\/ -->\n<title>\ube14\ub799\ucee4\ub7f0\ud2b8 \ubc15 - Hurtowy Dystrybutor<\/title>\n<meta name=\"description\" content=\"\uac74\uc870 \ube14\ub799\ucee4\ub7f0\ud2b8 \ubc15\uc740 \uc12c\uc720\uc9c8\uc774 \ud48d\ubd80\ud55c \ucc9c\uc5f0 \uc0ac\ub8cc \uc6d0\ub8cc\uc785\ub2c8\ub2e4. \uc0ac\ub8cc \ud63c\ud569\ubb3c\uc5d0\uc11c \uc18c\ud654\ub97c \ub3d5\ub294 \uc2dd\ubb3c\uc131 \uc131\ubd84\uc785\ub2c8\ub2e4.\" \/>\n<meta name=\"robots\" content=\"index, follow, max-snippet:-1, max-image-preview:large, max-video-preview:-1\" \/>\n<link rel=\"canonical\" href=\"https:\/\/naturalpoland.com\/ko\/je-pum\/dong-mul-yong-won-ryo\/so-sa-ryo-won-ryo\/%eb%b8%94%eb%9e%99%ec%bb%a4%eb%9f%b0%ed%8a%b8-%eb%b0%95\/\" \/>\n<meta property=\"og:locale\" content=\"ko_KR\" \/>\n<meta property=\"og:type\" content=\"article\" \/>\n<meta property=\"og:title\" content=\"\ube14\ub799\ucee4\ub7f0\ud2b8 \ubc15 - Hurtowy Dystrybutor\" \/>\n<meta property=\"og:description\" content=\"\uac74\uc870 \ube14\ub799\ucee4\ub7f0\ud2b8 \ubc15\uc740 \uc12c\uc720\uc9c8\uc774 \ud48d\ubd80\ud55c \ucc9c\uc5f0 \uc0ac\ub8cc \uc6d0\ub8cc\uc785\ub2c8\ub2e4. \uc0ac\ub8cc \ud63c\ud569\ubb3c\uc5d0\uc11c \uc18c\ud654\ub97c \ub3d5\ub294 \uc2dd\ubb3c\uc131 \uc131\ubd84\uc785\ub2c8\ub2e4.\" \/>\n<meta property=\"og:url\" content=\"https:\/\/naturalpoland.com\/ko\/je-pum\/dong-mul-yong-won-ryo\/so-sa-ryo-won-ryo\/%eb%b8%94%eb%9e%99%ec%bb%a4%eb%9f%b0%ed%8a%b8-%eb%b0%95\/\" \/>\n<meta property=\"og:site_name\" content=\"NATURAL POLAND - Hurtowy Dystrybutor Surowc\u00f3w\" \/>\n<meta property=\"article:publisher\" content=\"https:\/\/www.facebook.com\/naturalpoland.b2b\" \/>\n<meta property=\"article:modified_time\" content=\"2026-04-28T09:44:19+00:00\" \/>\n<meta property=\"og:image\" content=\"https:\/\/naturalpoland.com\/wp-content\/uploads\/suszone-wytloki-z-czarnej-porzeczki.png\" \/>\n\t<meta property=\"og:image:width\" content=\"1024\" \/>\n\t<meta property=\"og:image:height\" content=\"1024\" \/>\n\t<meta property=\"og:image:type\" content=\"image\/png\" \/>\n<script type=\"application\/ld+json\" class=\"yoast-schema-graph\">{\"@context\":\"https:\\\/\\\/schema.org\",\"@graph\":[{\"@type\":\"WebPage\",\"@id\":\"https:\\\/\\\/naturalpoland.com\\\/ko\\\/je-pum\\\/dong-mul-yong-won-ryo\\\/so-sa-ryo-won-ryo\\\/%eb%b8%94%eb%9e%99%ec%bb%a4%eb%9f%b0%ed%8a%b8-%eb%b0%95\\\/\",\"url\":\"https:\\\/\\\/naturalpoland.com\\\/ko\\\/je-pum\\\/dong-mul-yong-won-ryo\\\/so-sa-ryo-won-ryo\\\/%eb%b8%94%eb%9e%99%ec%bb%a4%eb%9f%b0%ed%8a%b8-%eb%b0%95\\\/\",\"name\":\"\ube14\ub799\ucee4\ub7f0\ud2b8 \ubc15 - Hurtowy Dystrybutor\",\"isPartOf\":{\"@id\":\"https:\\\/\\\/naturalpoland.com\\\/ko\\\/#website\"},\"primaryImageOfPage\":{\"@id\":\"https:\\\/\\\/naturalpoland.com\\\/ko\\\/je-pum\\\/dong-mul-yong-won-ryo\\\/so-sa-ryo-won-ryo\\\/%eb%b8%94%eb%9e%99%ec%bb%a4%eb%9f%b0%ed%8a%b8-%eb%b0%95\\\/#primaryimage\"},\"image\":{\"@id\":\"https:\\\/\\\/naturalpoland.com\\\/ko\\\/je-pum\\\/dong-mul-yong-won-ryo\\\/so-sa-ryo-won-ryo\\\/%eb%b8%94%eb%9e%99%ec%bb%a4%eb%9f%b0%ed%8a%b8-%eb%b0%95\\\/#primaryimage\"},\"thumbnailUrl\":\"https:\\\/\\\/naturalpoland.com\\\/wp-content\\\/uploads\\\/suszone-wytloki-z-czarnej-porzeczki.png\",\"datePublished\":\"2026-04-24T13:48:58+00:00\",\"dateModified\":\"2026-04-28T09:44:19+00:00\",\"description\":\"\uac74\uc870 \ube14\ub799\ucee4\ub7f0\ud2b8 \ubc15\uc740 \uc12c\uc720\uc9c8\uc774 \ud48d\ubd80\ud55c \ucc9c\uc5f0 \uc0ac\ub8cc \uc6d0\ub8cc\uc785\ub2c8\ub2e4. \uc0ac\ub8cc \ud63c\ud569\ubb3c\uc5d0\uc11c \uc18c\ud654\ub97c \ub3d5\ub294 \uc2dd\ubb3c\uc131 \uc131\ubd84\uc785\ub2c8\ub2e4.\",\"breadcrumb\":{\"@id\":\"https:\\\/\\\/naturalpoland.com\\\/ko\\\/je-pum\\\/dong-mul-yong-won-ryo\\\/so-sa-ryo-won-ryo\\\/%eb%b8%94%eb%9e%99%ec%bb%a4%eb%9f%b0%ed%8a%b8-%eb%b0%95\\\/#breadcrumb\"},\"inLanguage\":\"ko-KR\",\"potentialAction\":[{\"@type\":\"ReadAction\",\"target\":[\"https:\\\/\\\/naturalpoland.com\\\/ko\\\/je-pum\\\/dong-mul-yong-won-ryo\\\/so-sa-ryo-won-ryo\\\/%eb%b8%94%eb%9e%99%ec%bb%a4%eb%9f%b0%ed%8a%b8-%eb%b0%95\\\/\"]}]},{\"@type\":\"ImageObject\",\"inLanguage\":\"ko-KR\",\"@id\":\"https:\\\/\\\/naturalpoland.com\\\/ko\\\/je-pum\\\/dong-mul-yong-won-ryo\\\/so-sa-ryo-won-ryo\\\/%eb%b8%94%eb%9e%99%ec%bb%a4%eb%9f%b0%ed%8a%b8-%eb%b0%95\\\/#primaryimage\",\"url\":\"https:\\\/\\\/naturalpoland.com\\\/wp-content\\\/uploads\\\/suszone-wytloki-z-czarnej-porzeczki.png\",\"contentUrl\":\"https:\\\/\\\/naturalpoland.com\\\/wp-content\\\/uploads\\\/suszone-wytloki-z-czarnej-porzeczki.png\",\"width\":1024,\"height\":1024,\"caption\":\"\uac74\uc870 \ube14\ub799\ucee4\ub7f0\ud2b8 \ubc15\"},{\"@type\":\"BreadcrumbList\",\"@id\":\"https:\\\/\\\/naturalpoland.com\\\/ko\\\/je-pum\\\/dong-mul-yong-won-ryo\\\/so-sa-ryo-won-ryo\\\/%eb%b8%94%eb%9e%99%ec%bb%a4%eb%9f%b0%ed%8a%b8-%eb%b0%95\\\/#breadcrumb\",\"itemListElement\":[{\"@type\":\"ListItem\",\"position\":1,\"name\":\"\ud648\",\"item\":\"https:\\\/\\\/naturalpoland.com\\\/ko\\\/\"},{\"@type\":\"ListItem\",\"position\":2,\"name\":\"\uc81c\ud488\",\"item\":\"https:\\\/\\\/naturalpoland.com\\\/ko\\\/%ec%a0%9c%ed%92%88\\\/\"},{\"@type\":\"ListItem\",\"position\":3,\"name\":\"\ube14\ub799\ucee4\ub7f0\ud2b8 \ubc15\"}]},{\"@type\":\"WebSite\",\"@id\":\"https:\\\/\\\/naturalpoland.com\\\/ko\\\/#website\",\"url\":\"https:\\\/\\\/naturalpoland.com\\\/ko\\\/\",\"name\":\"NATURAL POLAND - Hurtowy Dystrybutor Surowc\u00f3w\",\"description\":\"Surowce dla przemys\u0142u spo\u017cywczego, kosmetycznego i farmaceutycznego\",\"publisher\":{\"@id\":\"https:\\\/\\\/naturalpoland.com\\\/ko\\\/#organization\"},\"potentialAction\":[{\"@type\":\"SearchAction\",\"target\":{\"@type\":\"EntryPoint\",\"urlTemplate\":\"https:\\\/\\\/naturalpoland.com\\\/ko\\\/?s={search_term_string}\"},\"query-input\":{\"@type\":\"PropertyValueSpecification\",\"valueRequired\":true,\"valueName\":\"search_term_string\"}}],\"inLanguage\":\"ko-KR\"},{\"@type\":\"Organization\",\"@id\":\"https:\\\/\\\/naturalpoland.com\\\/ko\\\/#organization\",\"name\":\"Natural Poland\",\"url\":\"https:\\\/\\\/naturalpoland.com\\\/ko\\\/\",\"logo\":{\"@type\":\"ImageObject\",\"inLanguage\":\"ko-KR\",\"@id\":\"https:\\\/\\\/naturalpoland.com\\\/ko\\\/#\\\/schema\\\/logo\\\/image\\\/\",\"url\":\"https:\\\/\\\/naturalpoland.com\\\/wp-content\\\/uploads\\\/2021\\\/05\\\/natural-poland-icon.png\",\"contentUrl\":\"https:\\\/\\\/naturalpoland.com\\\/wp-content\\\/uploads\\\/2021\\\/05\\\/natural-poland-icon.png\",\"width\":512,\"height\":512,\"caption\":\"Natural Poland\"},\"image\":{\"@id\":\"https:\\\/\\\/naturalpoland.com\\\/ko\\\/#\\\/schema\\\/logo\\\/image\\\/\"},\"sameAs\":[\"https:\\\/\\\/www.facebook.com\\\/naturalpoland.b2b\",\"https:\\\/\\\/pl.linkedin.com\\\/company\\\/natural-poland\",\"https:\\\/\\\/www.youtube.com\\\/channel\\\/UCgeGGkvOMahZo-xu_MSEWxg\"]}]}<\/script>\n<!-- \/ Yoast SEO plugin. -->","yoast_head_json":{"title":"\ube14\ub799\ucee4\ub7f0\ud2b8 \ubc15 - Hurtowy Dystrybutor","description":"\uac74\uc870 \ube14\ub799\ucee4\ub7f0\ud2b8 \ubc15\uc740 \uc12c\uc720\uc9c8\uc774 \ud48d\ubd80\ud55c \ucc9c\uc5f0 \uc0ac\ub8cc \uc6d0\ub8cc\uc785\ub2c8\ub2e4. \uc0ac\ub8cc \ud63c\ud569\ubb3c\uc5d0\uc11c \uc18c\ud654\ub97c \ub3d5\ub294 \uc2dd\ubb3c\uc131 \uc131\ubd84\uc785\ub2c8\ub2e4.","robots":{"index":"index","follow":"follow","max-snippet":"max-snippet:-1","max-image-preview":"max-image-preview:large","max-video-preview":"max-video-preview:-1"},"canonical":"https:\/\/naturalpoland.com\/ko\/je-pum\/dong-mul-yong-won-ryo\/so-sa-ryo-won-ryo\/%eb%b8%94%eb%9e%99%ec%bb%a4%eb%9f%b0%ed%8a%b8-%eb%b0%95\/","og_locale":"ko_KR","og_type":"article","og_title":"\ube14\ub799\ucee4\ub7f0\ud2b8 \ubc15 - Hurtowy Dystrybutor","og_description":"\uac74\uc870 \ube14\ub799\ucee4\ub7f0\ud2b8 \ubc15\uc740 \uc12c\uc720\uc9c8\uc774 \ud48d\ubd80\ud55c \ucc9c\uc5f0 \uc0ac\ub8cc \uc6d0\ub8cc\uc785\ub2c8\ub2e4. \uc0ac\ub8cc \ud63c\ud569\ubb3c\uc5d0\uc11c \uc18c\ud654\ub97c \ub3d5\ub294 \uc2dd\ubb3c\uc131 \uc131\ubd84\uc785\ub2c8\ub2e4.","og_url":"https:\/\/naturalpoland.com\/ko\/je-pum\/dong-mul-yong-won-ryo\/so-sa-ryo-won-ryo\/%eb%b8%94%eb%9e%99%ec%bb%a4%eb%9f%b0%ed%8a%b8-%eb%b0%95\/","og_site_name":"NATURAL POLAND - Hurtowy Dystrybutor Surowc\u00f3w","article_publisher":"https:\/\/www.facebook.com\/naturalpoland.b2b","article_modified_time":"2026-04-28T09:44:19+00:00","og_image":[{"width":1024,"height":1024,"url":"https:\/\/naturalpoland.com\/wp-content\/uploads\/suszone-wytloki-z-czarnej-porzeczki.png","type":"image\/png"}],"schema":{"@context":"https:\/\/schema.org","@graph":[{"@type":"WebPage","@id":"https:\/\/naturalpoland.com\/ko\/je-pum\/dong-mul-yong-won-ryo\/so-sa-ryo-won-ryo\/%eb%b8%94%eb%9e%99%ec%bb%a4%eb%9f%b0%ed%8a%b8-%eb%b0%95\/","url":"https:\/\/naturalpoland.com\/ko\/je-pum\/dong-mul-yong-won-ryo\/so-sa-ryo-won-ryo\/%eb%b8%94%eb%9e%99%ec%bb%a4%eb%9f%b0%ed%8a%b8-%eb%b0%95\/","name":"\ube14\ub799\ucee4\ub7f0\ud2b8 \ubc15 - Hurtowy Dystrybutor","isPartOf":{"@id":"https:\/\/naturalpoland.com\/ko\/#website"},"primaryImageOfPage":{"@id":"https:\/\/naturalpoland.com\/ko\/je-pum\/dong-mul-yong-won-ryo\/so-sa-ryo-won-ryo\/%eb%b8%94%eb%9e%99%ec%bb%a4%eb%9f%b0%ed%8a%b8-%eb%b0%95\/#primaryimage"},"image":{"@id":"https:\/\/naturalpoland.com\/ko\/je-pum\/dong-mul-yong-won-ryo\/so-sa-ryo-won-ryo\/%eb%b8%94%eb%9e%99%ec%bb%a4%eb%9f%b0%ed%8a%b8-%eb%b0%95\/#primaryimage"},"thumbnailUrl":"https:\/\/naturalpoland.com\/wp-content\/uploads\/suszone-wytloki-z-czarnej-porzeczki.png","datePublished":"2026-04-24T13:48:58+00:00","dateModified":"2026-04-28T09:44:19+00:00","description":"\uac74\uc870 \ube14\ub799\ucee4\ub7f0\ud2b8 \ubc15\uc740 \uc12c\uc720\uc9c8\uc774 \ud48d\ubd80\ud55c \ucc9c\uc5f0 \uc0ac\ub8cc \uc6d0\ub8cc\uc785\ub2c8\ub2e4. \uc0ac\ub8cc \ud63c\ud569\ubb3c\uc5d0\uc11c \uc18c\ud654\ub97c \ub3d5\ub294 \uc2dd\ubb3c\uc131 \uc131\ubd84\uc785\ub2c8\ub2e4.","breadcrumb":{"@id":"https:\/\/naturalpoland.com\/ko\/je-pum\/dong-mul-yong-won-ryo\/so-sa-ryo-won-ryo\/%eb%b8%94%eb%9e%99%ec%bb%a4%eb%9f%b0%ed%8a%b8-%eb%b0%95\/#breadcrumb"},"inLanguage":"ko-KR","potentialAction":[{"@type":"ReadAction","target":["https:\/\/naturalpoland.com\/ko\/je-pum\/dong-mul-yong-won-ryo\/so-sa-ryo-won-ryo\/%eb%b8%94%eb%9e%99%ec%bb%a4%eb%9f%b0%ed%8a%b8-%eb%b0%95\/"]}]},{"@type":"ImageObject","inLanguage":"ko-KR","@id":"https:\/\/naturalpoland.com\/ko\/je-pum\/dong-mul-yong-won-ryo\/so-sa-ryo-won-ryo\/%eb%b8%94%eb%9e%99%ec%bb%a4%eb%9f%b0%ed%8a%b8-%eb%b0%95\/#primaryimage","url":"https:\/\/naturalpoland.com\/wp-content\/uploads\/suszone-wytloki-z-czarnej-porzeczki.png","contentUrl":"https:\/\/naturalpoland.com\/wp-content\/uploads\/suszone-wytloki-z-czarnej-porzeczki.png","width":1024,"height":1024,"caption":"\uac74\uc870 \ube14\ub799\ucee4\ub7f0\ud2b8 \ubc15"},{"@type":"BreadcrumbList","@id":"https:\/\/naturalpoland.com\/ko\/je-pum\/dong-mul-yong-won-ryo\/so-sa-ryo-won-ryo\/%eb%b8%94%eb%9e%99%ec%bb%a4%eb%9f%b0%ed%8a%b8-%eb%b0%95\/#breadcrumb","itemListElement":[{"@type":"ListItem","position":1,"name":"\ud648","item":"https:\/\/naturalpoland.com\/ko\/"},{"@type":"ListItem","position":2,"name":"\uc81c\ud488","item":"https:\/\/naturalpoland.com\/ko\/%ec%a0%9c%ed%92%88\/"},{"@type":"ListItem","position":3,"name":"\ube14\ub799\ucee4\ub7f0\ud2b8 \ubc15"}]},{"@type":"WebSite","@id":"https:\/\/naturalpoland.com\/ko\/#website","url":"https:\/\/naturalpoland.com\/ko\/","name":"NATURAL POLAND - Hurtowy Dystrybutor Surowc\u00f3w","description":"Surowce dla przemys\u0142u spo\u017cywczego, kosmetycznego i farmaceutycznego","publisher":{"@id":"https:\/\/naturalpoland.com\/ko\/#organization"},"potentialAction":[{"@type":"SearchAction","target":{"@type":"EntryPoint","urlTemplate":"https:\/\/naturalpoland.com\/ko\/?s={search_term_string}"},"query-input":{"@type":"PropertyValueSpecification","valueRequired":true,"valueName":"search_term_string"}}],"inLanguage":"ko-KR"},{"@type":"Organization","@id":"https:\/\/naturalpoland.com\/ko\/#organization","name":"Natural Poland","url":"https:\/\/naturalpoland.com\/ko\/","logo":{"@type":"ImageObject","inLanguage":"ko-KR","@id":"https:\/\/naturalpoland.com\/ko\/#\/schema\/logo\/image\/","url":"https:\/\/naturalpoland.com\/wp-content\/uploads\/2021\/05\/natural-poland-icon.png","contentUrl":"https:\/\/naturalpoland.com\/wp-content\/uploads\/2021\/05\/natural-poland-icon.png","width":512,"height":512,"caption":"Natural Poland"},"image":{"@id":"https:\/\/naturalpoland.com\/ko\/#\/schema\/logo\/image\/"},"sameAs":["https:\/\/www.facebook.com\/naturalpoland.b2b","https:\/\/pl.linkedin.com\/company\/natural-poland","https:\/\/www.youtube.com\/channel\/UCgeGGkvOMahZo-xu_MSEWxg"]}]}},"_links":{"self":[{"href":"https:\/\/naturalpoland.com\/ko\/wp-json\/wp\/v2\/product\/47942","targetHints":{"allow":["GET"]}}],"collection":[{"href":"https:\/\/naturalpoland.com\/ko\/wp-json\/wp\/v2\/product"}],"about":[{"href":"https:\/\/naturalpoland.com\/ko\/wp-json\/wp\/v2\/types\/product"}],"wp:featuredmedia":[{"embeddable":true,"href":"https:\/\/naturalpoland.com\/ko\/wp-json\/wp\/v2\/media\/47943"}],"wp:attachment":[{"href":"https:\/\/naturalpoland.com\/ko\/wp-json\/wp\/v2\/media?parent=47942"}],"wp:term":[{"taxonomy":"product_brand","embeddable":true,"href":"https:\/\/naturalpoland.com\/ko\/wp-json\/wp\/v2\/product_brand?post=47942"},{"taxonomy":"product_cat","embeddable":true,"href":"https:\/\/naturalpoland.com\/ko\/wp-json\/wp\/v2\/product_cat?post=47942"},{"taxonomy":"product_tag","embeddable":true,"href":"https:\/\/naturalpoland.com\/ko\/wp-json\/wp\/v2\/product_tag?post=47942"}],"curies":[{"name":"wp","href":"https:\/\/api.w.org\/{rel}","templated":true}]}}