{"id":47972,"date":"2026-04-24T14:55:14","date_gmt":"2026-04-24T12:55:14","guid":{"rendered":"https:\/\/naturalpoland.com\/produkty\/uncategorized\/%ec%a0%81%ec%99%b8%ec%84%a0-%eb%af%b8%eb%b6%84-%ec%98%a5%ec%88%98%ec%88%98-%ed%94%8c%eb%a0%88%ec%9d%b4%ed%81%ac\/"},"modified":"2026-04-28T11:56:52","modified_gmt":"2026-04-28T09:56:52","slug":"%ec%a0%81%ec%99%b8%ec%84%a0-%eb%af%b8%eb%b6%84-%ec%98%a5%ec%88%98%ec%88%98-%ed%94%8c%eb%a0%88%ec%9d%b4%ed%81%ac","status":"publish","type":"product","link":"https:\/\/naturalpoland.com\/ko\/je-pum\/dong-mul-yong-won-ryo\/so-sa-ryo-won-ryo\/%ec%a0%81%ec%99%b8%ec%84%a0-%eb%af%b8%eb%b6%84-%ec%98%a5%ec%88%98%ec%88%98-%ed%94%8c%eb%a0%88%ec%9d%b4%ed%81%ac\/","title":{"rendered":"\uc801\uc678\uc120 \ubbf8\ubd84 \uc625\uc218\uc218 \ud50c\ub808\uc774\ud06c"},"content":{"rendered":"<p>\ubcf8 \uc81c\ud488\uc740 \uc601\uc591\uc18c \ud761\uc218\uc728\uc774 \ub9e4\uc6b0 \uc911\uc694\ud55c \uc5b4\ub9b0 \uac00\ucd95\uc758 \uc0ac\ub8cc\ub85c \ud2b9\ud788 \uc801\ud569\ud569\ub2c8\ub2e4.<\/p>\n<h2>\ud2b9\uc131 \ubc0f \ud6a8\ub2a5:<\/h2>\n<p>\ubbf8\ubd84 \uc625\uc218\uc218 \ud50c\ub808\uc774\ud06c\uc758 \ud575\uc2ec \ud2b9\uc9d5\uc740 <strong>\ubcc0\ud615\ub41c \uc804\ubd84 \uad6c\uc870<\/strong>\uc785\ub2c8\ub2e4. \uace0\uc628 \ubc0f \uc801\uc678\uc120 \ucc98\ub9ac\ub85c \uc778\ud574 \uc804\ubd84\uc774 \ubd84\ud574\ub418\uace0 \ud33d\uc724\ub418\uc5b4 \uc18c\ud654 \ud6a8\uc18c\uc758 \uc791\uc6a9\uc744 \ucd09\uc9c4\ud558\uace0 \uc0ac\ub8cc\uc5d0 \ud568\uc720\ub41c \uc5d0\ub108\uc9c0\ub97c \ub354\uc6b1 \ud6a8\uc728\uc801\uc73c\ub85c \ud65c\uc6a9\ud560 \uc218 \uc788\uac8c \ud569\ub2c8\ub2e4. <\/p>\n<p>\ubcf8 \uc81c\ud488\uc740 \uc27d\uac8c \uc18c\ud654\ub418\ub294 \ud0c4\uc218\ud654\ubb3c\uc758 \ub18d\ucd95\ub41c \uacf5\uae09\uc6d0\uc774\uba70, \ub3d9\uc2dc\uc5d0 \uc801\ub2f9\ub7c9\uc758 \ub2e8\ubc31\uc9c8\uacfc \uc9c0\ubc29\uc744 \ud568\uc720\ud558\uace0 \uc788\uc2b5\ub2c8\ub2e4.<\/p>\n<h2>\ubd84\uc11d \uc131\ubd84:<\/h2>\n<ul>\n<li>\uc804\ubd84: \uc57d 60% \u2013 \uc8fc\uc694 \uc5d0\ub108\uc9c0\uc6d0 <\/li>\n<li>\uc870\ub2e8\ubc31\uc9c8: \uc57d 8,5%<\/li>\n<li>\uc870\uc9c0\ubc29: \uc57d 3,0%<\/li>\n<li>\uc870\uc12c\uc720: \uc57d 2,0%<\/li>\n<li>\uc218\ubd84: \uc57d 14,0%<\/li>\n<li>\uc870\ud68c\ubd84: \uc57d 1,3%<\/li>\n<\/ul>\n<p>\uade0\ud615 \uc7a1\ud78c \uc131\ubd84 \uad6c\uc131\uc73c\ub85c \uc778\ud574 \ubcf8 \uc81c\ud488\uc740 \uc5d0\ub108\uc9c0 \uc131\ubd84\ubfd0\ub9cc \uc544\ub2c8\ub77c \uc0ac\ub8cc \ud63c\ud569\ubb3c\uc758 \ubcf4\ucda9 \uc131\ubd84\uc73c\ub85c\ub3c4 \uc0ac\uc6a9\ub420 \uc218 \uc788\uc2b5\ub2c8\ub2e4.<\/p>\n<h2>\uc801\uc6a9 \ubd84\uc57c:<\/h2>\n<p>\ubbf8\ubd84 \uc625\uc218\uc218 \ud50c\ub808\uc774\ud06c\ub294 \uc8fc\ub85c \ub2e4\uc74c \uc0ac\ub8cc\uc5d0 \uc0ac\uc6a9\ub429\ub2c8\ub2e4:<\/p>\n<ul>\n<li>\uc5b4\ub9b0 \uac00\ucd95 (\uc1a1\uc544\uc9c0, \ub3fc\uc9c0, \uac00\uae08\ub958),<\/li>\n<li>\uc18c\ud654\ud558\uae30 \uc26c\uc6b4 \uc131\ubd84\uc774 \ud544\uc694\ud55c \ub3d9\ubb3c,<\/li>\n<li>\uc5d0\ub108\uc9c0 \uac00\uce58\uac00 \ub192\uc740 \uc0ac\ub8cc \ud63c\ud569\ubb3c.<\/li>\n<\/ul>\n<p>\uc8fc\uc694 \uc7a5\uc810\uc740 \ub192\uc740 \uc18c\ud654\uc728\uc774\ubbc0\ub85c, \uc601\uc591\uc18c\uc758 \ucd5c\ub300 \ud65c\uc6a9\uacfc \uc18c\ud654\uae30 \uacc4\ud1b5\uc758 \ubd80\ub2f4\uc744 \uc904\uc774\ub294 \uac83\uc774 \uc911\uc694\ud55c \ucd08\uae30 \uc0ac\uc721 \ub2e8\uacc4\uc5d0 \uad8c\uc7a5\ub429\ub2c8\ub2e4.<\/p>\n","protected":false},"excerpt":{"rendered":"<p><strong>\ubbf8\ubd84 \uc625\uc218\uc218 \ud50c\ub808\uc774\ud06c<\/strong>\ub294 \uc625\uc218\uc218 \uc54c\uac31\uc774\ub97c \uc801\uc678\uc120\uc73c\ub85c \uc5f4\ucc98\ub9ac\ud558\uc5ec \uc5bb\uc5b4\uc9c0\ub294 \uc0ac\ub8cc \uc6d0\ub8cc\uc785\ub2c8\ub2e4. \uc774 \uacfc\uc815\uc740 \uc804\ubd84\uc758 \ud638\ud654\ub97c \uc720\ub3c4\ud558\uc5ec \ub3d9\ubb3c\uc758 \uc18c\ud654\uc728\uacfc \uc5d0\ub108\uc9c0 \uc0dd\uccb4 \uc774\uc6a9\ub960\uc744 \ud06c\uac8c \ud5a5\uc0c1\uc2dc\ud0b5\ub2c8\ub2e4. <\/p>\n","protected":false},"featured_media":47973,"template":"","meta":{"_acf_changed":false},"product_brand":[],"product_cat":[8140],"product_tag":[],"class_list":{"0":"post-47972","1":"product","2":"type-product","3":"status-publish","4":"has-post-thumbnail","6":"product_cat-so-sa-ryo-won-ryo","8":"first","9":"instock","10":"shipping-taxable","11":"product-type-simple"},"acf":[],"yoast_head":"<!-- This site is optimized with the Yoast SEO plugin v27.5 - https:\/\/yoast.com\/product\/yoast-seo-wordpress\/ -->\n<title>\ubbf8\ubd84 \uc625\uc218\uc218 \ud50c\ub808\uc774\ud06c - \ub3c4\ub9e4 \uc720\ud1b5\uc5c5\uccb4<\/title>\n<meta name=\"description\" content=\"\ubbf8\ubd84 \uc625\uc218\uc218 \ud50c\ub808\uc774\ud06c\ub294 \uc18c\ud654\uc728\uc774 \ub192\uace0 \uc804\ubd84 \ud568\ub7c9\uc774 \ub192\uc740 \uc0ac\ub8cc \uc6d0\ub8cc\uc785\ub2c8\ub2e4. \uc5b4\ub9b0 \uac00\ucd95\uc744 \uc704\ud55c \uc774\uc0c1\uc801\uc778 \uc5d0\ub108\uc9c0\uc6d0\uc785\ub2c8\ub2e4.\" \/>\n<meta name=\"robots\" content=\"index, follow, max-snippet:-1, max-image-preview:large, max-video-preview:-1\" \/>\n<link rel=\"canonical\" href=\"https:\/\/naturalpoland.com\/ko\/je-pum\/dong-mul-yong-won-ryo\/so-sa-ryo-won-ryo\/%ec%a0%81%ec%99%b8%ec%84%a0-%eb%af%b8%eb%b6%84-%ec%98%a5%ec%88%98%ec%88%98-%ed%94%8c%eb%a0%88%ec%9d%b4%ed%81%ac\/\" \/>\n<meta property=\"og:locale\" content=\"ko_KR\" \/>\n<meta property=\"og:type\" content=\"article\" \/>\n<meta property=\"og:title\" content=\"\ubbf8\ubd84 \uc625\uc218\uc218 \ud50c\ub808\uc774\ud06c - \ub3c4\ub9e4 \uc720\ud1b5\uc5c5\uccb4\" \/>\n<meta property=\"og:description\" content=\"\ubbf8\ubd84 \uc625\uc218\uc218 \ud50c\ub808\uc774\ud06c\ub294 \uc18c\ud654\uc728\uc774 \ub192\uace0 \uc804\ubd84 \ud568\ub7c9\uc774 \ub192\uc740 \uc0ac\ub8cc \uc6d0\ub8cc\uc785\ub2c8\ub2e4. \uc5b4\ub9b0 \uac00\ucd95\uc744 \uc704\ud55c \uc774\uc0c1\uc801\uc778 \uc5d0\ub108\uc9c0\uc6d0\uc785\ub2c8\ub2e4.\" \/>\n<meta property=\"og:url\" content=\"https:\/\/naturalpoland.com\/ko\/je-pum\/dong-mul-yong-won-ryo\/so-sa-ryo-won-ryo\/%ec%a0%81%ec%99%b8%ec%84%a0-%eb%af%b8%eb%b6%84-%ec%98%a5%ec%88%98%ec%88%98-%ed%94%8c%eb%a0%88%ec%9d%b4%ed%81%ac\/\" \/>\n<meta property=\"og:site_name\" content=\"NATURAL POLAND - Hurtowy Dystrybutor Surowc\u00f3w\" \/>\n<meta property=\"article:publisher\" content=\"https:\/\/www.facebook.com\/naturalpoland.b2b\" \/>\n<meta property=\"article:modified_time\" content=\"2026-04-28T09:56:52+00:00\" \/>\n<meta property=\"og:image\" content=\"https:\/\/naturalpoland.com\/wp-content\/uploads\/platki-kukurydziane-mikronizowane.png\" \/>\n\t<meta property=\"og:image:width\" content=\"1024\" \/>\n\t<meta property=\"og:image:height\" content=\"1024\" \/>\n\t<meta property=\"og:image:type\" content=\"image\/png\" \/>\n<script type=\"application\/ld+json\" class=\"yoast-schema-graph\">{\"@context\":\"https:\\\/\\\/schema.org\",\"@graph\":[{\"@type\":\"WebPage\",\"@id\":\"https:\\\/\\\/naturalpoland.com\\\/ko\\\/je-pum\\\/dong-mul-yong-won-ryo\\\/so-sa-ryo-won-ryo\\\/%ec%a0%81%ec%99%b8%ec%84%a0-%eb%af%b8%eb%b6%84-%ec%98%a5%ec%88%98%ec%88%98-%ed%94%8c%eb%a0%88%ec%9d%b4%ed%81%ac\\\/\",\"url\":\"https:\\\/\\\/naturalpoland.com\\\/ko\\\/je-pum\\\/dong-mul-yong-won-ryo\\\/so-sa-ryo-won-ryo\\\/%ec%a0%81%ec%99%b8%ec%84%a0-%eb%af%b8%eb%b6%84-%ec%98%a5%ec%88%98%ec%88%98-%ed%94%8c%eb%a0%88%ec%9d%b4%ed%81%ac\\\/\",\"name\":\"\ubbf8\ubd84 \uc625\uc218\uc218 \ud50c\ub808\uc774\ud06c - \ub3c4\ub9e4 \uc720\ud1b5\uc5c5\uccb4\",\"isPartOf\":{\"@id\":\"https:\\\/\\\/naturalpoland.com\\\/ko\\\/#website\"},\"primaryImageOfPage\":{\"@id\":\"https:\\\/\\\/naturalpoland.com\\\/ko\\\/je-pum\\\/dong-mul-yong-won-ryo\\\/so-sa-ryo-won-ryo\\\/%ec%a0%81%ec%99%b8%ec%84%a0-%eb%af%b8%eb%b6%84-%ec%98%a5%ec%88%98%ec%88%98-%ed%94%8c%eb%a0%88%ec%9d%b4%ed%81%ac\\\/#primaryimage\"},\"image\":{\"@id\":\"https:\\\/\\\/naturalpoland.com\\\/ko\\\/je-pum\\\/dong-mul-yong-won-ryo\\\/so-sa-ryo-won-ryo\\\/%ec%a0%81%ec%99%b8%ec%84%a0-%eb%af%b8%eb%b6%84-%ec%98%a5%ec%88%98%ec%88%98-%ed%94%8c%eb%a0%88%ec%9d%b4%ed%81%ac\\\/#primaryimage\"},\"thumbnailUrl\":\"https:\\\/\\\/naturalpoland.com\\\/wp-content\\\/uploads\\\/platki-kukurydziane-mikronizowane.png\",\"datePublished\":\"2026-04-24T12:55:14+00:00\",\"dateModified\":\"2026-04-28T09:56:52+00:00\",\"description\":\"\ubbf8\ubd84 \uc625\uc218\uc218 \ud50c\ub808\uc774\ud06c\ub294 \uc18c\ud654\uc728\uc774 \ub192\uace0 \uc804\ubd84 \ud568\ub7c9\uc774 \ub192\uc740 \uc0ac\ub8cc \uc6d0\ub8cc\uc785\ub2c8\ub2e4. \uc5b4\ub9b0 \uac00\ucd95\uc744 \uc704\ud55c \uc774\uc0c1\uc801\uc778 \uc5d0\ub108\uc9c0\uc6d0\uc785\ub2c8\ub2e4.\",\"breadcrumb\":{\"@id\":\"https:\\\/\\\/naturalpoland.com\\\/ko\\\/je-pum\\\/dong-mul-yong-won-ryo\\\/so-sa-ryo-won-ryo\\\/%ec%a0%81%ec%99%b8%ec%84%a0-%eb%af%b8%eb%b6%84-%ec%98%a5%ec%88%98%ec%88%98-%ed%94%8c%eb%a0%88%ec%9d%b4%ed%81%ac\\\/#breadcrumb\"},\"inLanguage\":\"ko-KR\",\"potentialAction\":[{\"@type\":\"ReadAction\",\"target\":[\"https:\\\/\\\/naturalpoland.com\\\/ko\\\/je-pum\\\/dong-mul-yong-won-ryo\\\/so-sa-ryo-won-ryo\\\/%ec%a0%81%ec%99%b8%ec%84%a0-%eb%af%b8%eb%b6%84-%ec%98%a5%ec%88%98%ec%88%98-%ed%94%8c%eb%a0%88%ec%9d%b4%ed%81%ac\\\/\"]}]},{\"@type\":\"ImageObject\",\"inLanguage\":\"ko-KR\",\"@id\":\"https:\\\/\\\/naturalpoland.com\\\/ko\\\/je-pum\\\/dong-mul-yong-won-ryo\\\/so-sa-ryo-won-ryo\\\/%ec%a0%81%ec%99%b8%ec%84%a0-%eb%af%b8%eb%b6%84-%ec%98%a5%ec%88%98%ec%88%98-%ed%94%8c%eb%a0%88%ec%9d%b4%ed%81%ac\\\/#primaryimage\",\"url\":\"https:\\\/\\\/naturalpoland.com\\\/wp-content\\\/uploads\\\/platki-kukurydziane-mikronizowane.png\",\"contentUrl\":\"https:\\\/\\\/naturalpoland.com\\\/wp-content\\\/uploads\\\/platki-kukurydziane-mikronizowane.png\",\"width\":1024,\"height\":1024,\"caption\":\"\uc801\uc678\uc120 \ubbf8\ubd84 \uc625\uc218\uc218 \ud50c\ub808\uc774\ud06c\"},{\"@type\":\"BreadcrumbList\",\"@id\":\"https:\\\/\\\/naturalpoland.com\\\/ko\\\/je-pum\\\/dong-mul-yong-won-ryo\\\/so-sa-ryo-won-ryo\\\/%ec%a0%81%ec%99%b8%ec%84%a0-%eb%af%b8%eb%b6%84-%ec%98%a5%ec%88%98%ec%88%98-%ed%94%8c%eb%a0%88%ec%9d%b4%ed%81%ac\\\/#breadcrumb\",\"itemListElement\":[{\"@type\":\"ListItem\",\"position\":1,\"name\":\"\ud648\",\"item\":\"https:\\\/\\\/naturalpoland.com\\\/ko\\\/\"},{\"@type\":\"ListItem\",\"position\":2,\"name\":\"\uc81c\ud488\",\"item\":\"https:\\\/\\\/naturalpoland.com\\\/ko\\\/%ec%a0%9c%ed%92%88\\\/\"},{\"@type\":\"ListItem\",\"position\":3,\"name\":\"\uc801\uc678\uc120 \ubbf8\ubd84 \uc625\uc218\uc218 \ud50c\ub808\uc774\ud06c\"}]},{\"@type\":\"WebSite\",\"@id\":\"https:\\\/\\\/naturalpoland.com\\\/ko\\\/#website\",\"url\":\"https:\\\/\\\/naturalpoland.com\\\/ko\\\/\",\"name\":\"NATURAL POLAND - Hurtowy Dystrybutor Surowc\u00f3w\",\"description\":\"Surowce dla przemys\u0142u spo\u017cywczego, kosmetycznego i farmaceutycznego\",\"publisher\":{\"@id\":\"https:\\\/\\\/naturalpoland.com\\\/ko\\\/#organization\"},\"potentialAction\":[{\"@type\":\"SearchAction\",\"target\":{\"@type\":\"EntryPoint\",\"urlTemplate\":\"https:\\\/\\\/naturalpoland.com\\\/ko\\\/?s={search_term_string}\"},\"query-input\":{\"@type\":\"PropertyValueSpecification\",\"valueRequired\":true,\"valueName\":\"search_term_string\"}}],\"inLanguage\":\"ko-KR\"},{\"@type\":\"Organization\",\"@id\":\"https:\\\/\\\/naturalpoland.com\\\/ko\\\/#organization\",\"name\":\"Natural Poland\",\"url\":\"https:\\\/\\\/naturalpoland.com\\\/ko\\\/\",\"logo\":{\"@type\":\"ImageObject\",\"inLanguage\":\"ko-KR\",\"@id\":\"https:\\\/\\\/naturalpoland.com\\\/ko\\\/#\\\/schema\\\/logo\\\/image\\\/\",\"url\":\"https:\\\/\\\/naturalpoland.com\\\/wp-content\\\/uploads\\\/2021\\\/05\\\/natural-poland-icon.png\",\"contentUrl\":\"https:\\\/\\\/naturalpoland.com\\\/wp-content\\\/uploads\\\/2021\\\/05\\\/natural-poland-icon.png\",\"width\":512,\"height\":512,\"caption\":\"Natural Poland\"},\"image\":{\"@id\":\"https:\\\/\\\/naturalpoland.com\\\/ko\\\/#\\\/schema\\\/logo\\\/image\\\/\"},\"sameAs\":[\"https:\\\/\\\/www.facebook.com\\\/naturalpoland.b2b\",\"https:\\\/\\\/pl.linkedin.com\\\/company\\\/natural-poland\",\"https:\\\/\\\/www.youtube.com\\\/channel\\\/UCgeGGkvOMahZo-xu_MSEWxg\"]}]}<\/script>\n<!-- \/ Yoast SEO plugin. -->","yoast_head_json":{"title":"\ubbf8\ubd84 \uc625\uc218\uc218 \ud50c\ub808\uc774\ud06c - \ub3c4\ub9e4 \uc720\ud1b5\uc5c5\uccb4","description":"\ubbf8\ubd84 \uc625\uc218\uc218 \ud50c\ub808\uc774\ud06c\ub294 \uc18c\ud654\uc728\uc774 \ub192\uace0 \uc804\ubd84 \ud568\ub7c9\uc774 \ub192\uc740 \uc0ac\ub8cc \uc6d0\ub8cc\uc785\ub2c8\ub2e4. \uc5b4\ub9b0 \uac00\ucd95\uc744 \uc704\ud55c \uc774\uc0c1\uc801\uc778 \uc5d0\ub108\uc9c0\uc6d0\uc785\ub2c8\ub2e4.","robots":{"index":"index","follow":"follow","max-snippet":"max-snippet:-1","max-image-preview":"max-image-preview:large","max-video-preview":"max-video-preview:-1"},"canonical":"https:\/\/naturalpoland.com\/ko\/je-pum\/dong-mul-yong-won-ryo\/so-sa-ryo-won-ryo\/%ec%a0%81%ec%99%b8%ec%84%a0-%eb%af%b8%eb%b6%84-%ec%98%a5%ec%88%98%ec%88%98-%ed%94%8c%eb%a0%88%ec%9d%b4%ed%81%ac\/","og_locale":"ko_KR","og_type":"article","og_title":"\ubbf8\ubd84 \uc625\uc218\uc218 \ud50c\ub808\uc774\ud06c - \ub3c4\ub9e4 \uc720\ud1b5\uc5c5\uccb4","og_description":"\ubbf8\ubd84 \uc625\uc218\uc218 \ud50c\ub808\uc774\ud06c\ub294 \uc18c\ud654\uc728\uc774 \ub192\uace0 \uc804\ubd84 \ud568\ub7c9\uc774 \ub192\uc740 \uc0ac\ub8cc \uc6d0\ub8cc\uc785\ub2c8\ub2e4. \uc5b4\ub9b0 \uac00\ucd95\uc744 \uc704\ud55c \uc774\uc0c1\uc801\uc778 \uc5d0\ub108\uc9c0\uc6d0\uc785\ub2c8\ub2e4.","og_url":"https:\/\/naturalpoland.com\/ko\/je-pum\/dong-mul-yong-won-ryo\/so-sa-ryo-won-ryo\/%ec%a0%81%ec%99%b8%ec%84%a0-%eb%af%b8%eb%b6%84-%ec%98%a5%ec%88%98%ec%88%98-%ed%94%8c%eb%a0%88%ec%9d%b4%ed%81%ac\/","og_site_name":"NATURAL POLAND - Hurtowy Dystrybutor Surowc\u00f3w","article_publisher":"https:\/\/www.facebook.com\/naturalpoland.b2b","article_modified_time":"2026-04-28T09:56:52+00:00","og_image":[{"width":1024,"height":1024,"url":"https:\/\/naturalpoland.com\/wp-content\/uploads\/platki-kukurydziane-mikronizowane.png","type":"image\/png"}],"schema":{"@context":"https:\/\/schema.org","@graph":[{"@type":"WebPage","@id":"https:\/\/naturalpoland.com\/ko\/je-pum\/dong-mul-yong-won-ryo\/so-sa-ryo-won-ryo\/%ec%a0%81%ec%99%b8%ec%84%a0-%eb%af%b8%eb%b6%84-%ec%98%a5%ec%88%98%ec%88%98-%ed%94%8c%eb%a0%88%ec%9d%b4%ed%81%ac\/","url":"https:\/\/naturalpoland.com\/ko\/je-pum\/dong-mul-yong-won-ryo\/so-sa-ryo-won-ryo\/%ec%a0%81%ec%99%b8%ec%84%a0-%eb%af%b8%eb%b6%84-%ec%98%a5%ec%88%98%ec%88%98-%ed%94%8c%eb%a0%88%ec%9d%b4%ed%81%ac\/","name":"\ubbf8\ubd84 \uc625\uc218\uc218 \ud50c\ub808\uc774\ud06c - \ub3c4\ub9e4 \uc720\ud1b5\uc5c5\uccb4","isPartOf":{"@id":"https:\/\/naturalpoland.com\/ko\/#website"},"primaryImageOfPage":{"@id":"https:\/\/naturalpoland.com\/ko\/je-pum\/dong-mul-yong-won-ryo\/so-sa-ryo-won-ryo\/%ec%a0%81%ec%99%b8%ec%84%a0-%eb%af%b8%eb%b6%84-%ec%98%a5%ec%88%98%ec%88%98-%ed%94%8c%eb%a0%88%ec%9d%b4%ed%81%ac\/#primaryimage"},"image":{"@id":"https:\/\/naturalpoland.com\/ko\/je-pum\/dong-mul-yong-won-ryo\/so-sa-ryo-won-ryo\/%ec%a0%81%ec%99%b8%ec%84%a0-%eb%af%b8%eb%b6%84-%ec%98%a5%ec%88%98%ec%88%98-%ed%94%8c%eb%a0%88%ec%9d%b4%ed%81%ac\/#primaryimage"},"thumbnailUrl":"https:\/\/naturalpoland.com\/wp-content\/uploads\/platki-kukurydziane-mikronizowane.png","datePublished":"2026-04-24T12:55:14+00:00","dateModified":"2026-04-28T09:56:52+00:00","description":"\ubbf8\ubd84 \uc625\uc218\uc218 \ud50c\ub808\uc774\ud06c\ub294 \uc18c\ud654\uc728\uc774 \ub192\uace0 \uc804\ubd84 \ud568\ub7c9\uc774 \ub192\uc740 \uc0ac\ub8cc \uc6d0\ub8cc\uc785\ub2c8\ub2e4. \uc5b4\ub9b0 \uac00\ucd95\uc744 \uc704\ud55c \uc774\uc0c1\uc801\uc778 \uc5d0\ub108\uc9c0\uc6d0\uc785\ub2c8\ub2e4.","breadcrumb":{"@id":"https:\/\/naturalpoland.com\/ko\/je-pum\/dong-mul-yong-won-ryo\/so-sa-ryo-won-ryo\/%ec%a0%81%ec%99%b8%ec%84%a0-%eb%af%b8%eb%b6%84-%ec%98%a5%ec%88%98%ec%88%98-%ed%94%8c%eb%a0%88%ec%9d%b4%ed%81%ac\/#breadcrumb"},"inLanguage":"ko-KR","potentialAction":[{"@type":"ReadAction","target":["https:\/\/naturalpoland.com\/ko\/je-pum\/dong-mul-yong-won-ryo\/so-sa-ryo-won-ryo\/%ec%a0%81%ec%99%b8%ec%84%a0-%eb%af%b8%eb%b6%84-%ec%98%a5%ec%88%98%ec%88%98-%ed%94%8c%eb%a0%88%ec%9d%b4%ed%81%ac\/"]}]},{"@type":"ImageObject","inLanguage":"ko-KR","@id":"https:\/\/naturalpoland.com\/ko\/je-pum\/dong-mul-yong-won-ryo\/so-sa-ryo-won-ryo\/%ec%a0%81%ec%99%b8%ec%84%a0-%eb%af%b8%eb%b6%84-%ec%98%a5%ec%88%98%ec%88%98-%ed%94%8c%eb%a0%88%ec%9d%b4%ed%81%ac\/#primaryimage","url":"https:\/\/naturalpoland.com\/wp-content\/uploads\/platki-kukurydziane-mikronizowane.png","contentUrl":"https:\/\/naturalpoland.com\/wp-content\/uploads\/platki-kukurydziane-mikronizowane.png","width":1024,"height":1024,"caption":"\uc801\uc678\uc120 \ubbf8\ubd84 \uc625\uc218\uc218 \ud50c\ub808\uc774\ud06c"},{"@type":"BreadcrumbList","@id":"https:\/\/naturalpoland.com\/ko\/je-pum\/dong-mul-yong-won-ryo\/so-sa-ryo-won-ryo\/%ec%a0%81%ec%99%b8%ec%84%a0-%eb%af%b8%eb%b6%84-%ec%98%a5%ec%88%98%ec%88%98-%ed%94%8c%eb%a0%88%ec%9d%b4%ed%81%ac\/#breadcrumb","itemListElement":[{"@type":"ListItem","position":1,"name":"\ud648","item":"https:\/\/naturalpoland.com\/ko\/"},{"@type":"ListItem","position":2,"name":"\uc81c\ud488","item":"https:\/\/naturalpoland.com\/ko\/%ec%a0%9c%ed%92%88\/"},{"@type":"ListItem","position":3,"name":"\uc801\uc678\uc120 \ubbf8\ubd84 \uc625\uc218\uc218 \ud50c\ub808\uc774\ud06c"}]},{"@type":"WebSite","@id":"https:\/\/naturalpoland.com\/ko\/#website","url":"https:\/\/naturalpoland.com\/ko\/","name":"NATURAL POLAND - Hurtowy Dystrybutor Surowc\u00f3w","description":"Surowce dla przemys\u0142u spo\u017cywczego, kosmetycznego i farmaceutycznego","publisher":{"@id":"https:\/\/naturalpoland.com\/ko\/#organization"},"potentialAction":[{"@type":"SearchAction","target":{"@type":"EntryPoint","urlTemplate":"https:\/\/naturalpoland.com\/ko\/?s={search_term_string}"},"query-input":{"@type":"PropertyValueSpecification","valueRequired":true,"valueName":"search_term_string"}}],"inLanguage":"ko-KR"},{"@type":"Organization","@id":"https:\/\/naturalpoland.com\/ko\/#organization","name":"Natural Poland","url":"https:\/\/naturalpoland.com\/ko\/","logo":{"@type":"ImageObject","inLanguage":"ko-KR","@id":"https:\/\/naturalpoland.com\/ko\/#\/schema\/logo\/image\/","url":"https:\/\/naturalpoland.com\/wp-content\/uploads\/2021\/05\/natural-poland-icon.png","contentUrl":"https:\/\/naturalpoland.com\/wp-content\/uploads\/2021\/05\/natural-poland-icon.png","width":512,"height":512,"caption":"Natural Poland"},"image":{"@id":"https:\/\/naturalpoland.com\/ko\/#\/schema\/logo\/image\/"},"sameAs":["https:\/\/www.facebook.com\/naturalpoland.b2b","https:\/\/pl.linkedin.com\/company\/natural-poland","https:\/\/www.youtube.com\/channel\/UCgeGGkvOMahZo-xu_MSEWxg"]}]}},"_links":{"self":[{"href":"https:\/\/naturalpoland.com\/ko\/wp-json\/wp\/v2\/product\/47972","targetHints":{"allow":["GET"]}}],"collection":[{"href":"https:\/\/naturalpoland.com\/ko\/wp-json\/wp\/v2\/product"}],"about":[{"href":"https:\/\/naturalpoland.com\/ko\/wp-json\/wp\/v2\/types\/product"}],"wp:featuredmedia":[{"embeddable":true,"href":"https:\/\/naturalpoland.com\/ko\/wp-json\/wp\/v2\/media\/47973"}],"wp:attachment":[{"href":"https:\/\/naturalpoland.com\/ko\/wp-json\/wp\/v2\/media?parent=47972"}],"wp:term":[{"taxonomy":"product_brand","embeddable":true,"href":"https:\/\/naturalpoland.com\/ko\/wp-json\/wp\/v2\/product_brand?post=47972"},{"taxonomy":"product_cat","embeddable":true,"href":"https:\/\/naturalpoland.com\/ko\/wp-json\/wp\/v2\/product_cat?post=47972"},{"taxonomy":"product_tag","embeddable":true,"href":"https:\/\/naturalpoland.com\/ko\/wp-json\/wp\/v2\/product_tag?post=47972"}],"curies":[{"name":"wp","href":"https:\/\/api.w.org\/{rel}","templated":true}]}}