{"id":48002,"date":"2026-04-24T13:47:17","date_gmt":"2026-04-24T11:47:17","guid":{"rendered":"https:\/\/naturalpoland.com\/produkty\/uncategorized\/%ec%95%84%eb%a7%88%ec%94%a8%eb%b0%95\/"},"modified":"2026-04-28T12:11:19","modified_gmt":"2026-04-28T10:11:19","slug":"%ec%95%84%eb%a7%88%ec%94%a8%eb%b0%95","status":"publish","type":"product","link":"https:\/\/naturalpoland.com\/ko\/je-pum\/dong-mul-yong-won-ryo\/so-sa-ryo-won-ryo\/%ec%95%84%eb%a7%88%ec%94%a8%eb%b0%95\/","title":{"rendered":"\uc544\ub9c8\uc528\ubc15"},"content":{"rendered":"<p>\uc544\ub9c8\uc528\ubc15\uc740 \uc8fc\ub85c \ub3d9\uc720\ub7fd \ubc0f \uc911\uc559\uc544\uc2dc\uc544 \uc9c0\uc5ed\uc5d0\uc11c \uc0dd\uc0b0\ub418\ub294 \ud669\uae08\uc0c9 \ub610\ub294 \uac08\uc0c9 \uc544\ub9c8\uc528\uc5d0\uc11c \uc5bb\uc5b4\uc9d1\ub2c8\ub2e4. \uc794\ub958 \uc9c0\ubc29\uacfc \ucc9c\uc5f0 \uc0dd\uccb4 \ud65c\uc131 \ud654\ud569\ubb3c\uc774 \ud568\uc720\ub418\uc5b4 \uc788\uc5b4 \uac00\ucd95\uc758 \uade0\ud615 \uc7a1\ud78c \uc2dd\ub2e8\uc5d0 \uadc0\uc911\ud55c \uc0ac\ub8cc \uc131\ubd84\uc73c\ub85c \ud65c\uc6a9\ub429\ub2c8\ub2e4. <\/p>\n<h2>\ud2b9\uc131 \ubc0f \uad6c\uc131:<\/h2>\n<p>\uc6d0\ub8cc\uc758 \ub2e8\ubc31\uc9c8 \ud568\ub7c9\uc740 \ucd5c\uc18c 30%\uc785\ub2c8\ub2e4. \uc794\ub958 \uc544\ub9c8\uc528\uc720\ub294 \uc0ac\ub8cc\uc758 \uc601\uc591\uac00\ub97c \ud5a5\uc0c1\uc2dc\ud0ac \uc218 \uc788\ub294 \uc54c\ud30c-\ub9ac\ub180\ub80c\uc0b0(\uc624\uba54\uac00-3)\uc744 \ud3ec\ud568\ud55c \ubd88\ud3ec\ud654 \uc9c0\ubc29\uc0b0\uc744 \uc81c\uacf5\ud569\ub2c8\ub2e4. \uac74\uc870 \uc9c0\ubc29 \ud568\ub7c9\uc740 8% \uc774\ud558, \uc870\uc12c\uc720\ub294 11% \uc774\ud558, \uc218\ubd84 \ud568\ub7c9\uc740 10% \uc774\ud558\uc785\ub2c8\ub2e4.  <\/p>\n<p>\ubcf8 \uc81c\ud488\uc740 EU \uaddc\uc815\uc5d0 \ub530\ub978 \uc0b4\ucda9\uc81c \ud568\ub7c9 \uc694\uac74\uc744 \ucda9\uc871\ud558\uba70, \uc911\uae08\uc18d \ubc0f \uacf0\ud321\uc774 \ub3c5\uc18c \uc218\uc900\uc740 \uc9c0\uc815\ub41c \uc548\uc804 \uae30\uc900 \ub0b4\uc5d0\uc11c \uc720\uc9c0\ub429\ub2c8\ub2e4.<\/p>\n<h2>\uc801\uc6a9 \ubd84\uc57c:<\/h2>\n<p>\uc544\ub9c8\uc528\ubc15\uc740 \ub2e4\uc74c \uc6a9\ub3c4\ub85c \uc0ac\uc6a9\ub429\ub2c8\ub2e4:<\/p>\n<ul>\n<li>\uc18c, \ub3fc\uc9c0, \uac00\uae08\ub958 \uc0ac\ub8cc \uc131\ubd84<\/li>\n<li>\ud63c\ud569\ubb3c\uc758 \ub2e8\ubc31\uc9c8 \ud568\ub7c9\uc744 \ub192\uc774\ub294 \ucca8\uac00\uc81c,<\/li>\n<li>\uc0ac\ub8cc\uc758 \uc9c0\ubc29\uc0b0 \ud504\ub85c\ud544\uc744 \uac1c\uc120\ud558\ub294 \uc6d0\ub8cc.<\/li>\n<\/ul>\n","protected":false},"excerpt":{"rendered":"<p><strong>\uc544\ub9c8\uc528\ubc15<\/strong>\uc740 \uc544\ub9c8\uc528(<em>Linum usitatissimum<\/em>)\uc5d0\uc11c \uc624\uc77c\uc744 \uc555\ucc29\ud558\ub294 \uacfc\uc815\uc5d0\uc11c \uc0dd\uc131\ub418\ub294 \ubd80\uc0b0\ubb3c\uc785\ub2c8\ub2e4. \ub192\uc740 \ub2e8\ubc31\uc9c8 \ud568\ub7c9\uacfc \uc720\uc775\ud55c \uc601\uc591 \uc131\ubd84 \ud504\ub85c\ud544\uc744 \uac00\uc9c4 \uadc0\uc911\ud55c \uc0ac\ub8cc \uc6d0\ub8cc\uc785\ub2c8\ub2e4. <\/p>\n","protected":false},"featured_media":48003,"template":"","meta":{"_acf_changed":false},"product_brand":[],"product_cat":[8140],"product_tag":[],"class_list":{"0":"post-48002","1":"product","2":"type-product","3":"status-publish","4":"has-post-thumbnail","6":"product_cat-so-sa-ryo-won-ryo","7":"pa_przeznaczenie-surowca-11984","9":"first","10":"instock","11":"shipping-taxable","12":"product-type-simple"},"acf":[],"yoast_head":"<!-- This site is optimized with the Yoast SEO plugin v27.5 - https:\/\/yoast.com\/product\/yoast-seo-wordpress\/ -->\n<title>\uc544\ub9c8\uc528\ubc15 - Hurtowy Dystrybutor<\/title>\n<meta name=\"description\" content=\"\uc544\ub9c8\uc528\ubc15\uc740 \uc544\ub9c8\uc528\ub85c \ub9cc\ub4e0 \uace0\ub2e8\ubc31 \uc0ac\ub8cc \uc6d0\ub8cc\uc785\ub2c8\ub2e4. \ub3d9\ubb3c \uc0ac\ub8cc \ud63c\ud569\ubb3c\uc5d0 \uc0ac\uc6a9\ub418\ub294 \ub2e8\ubc31\uc9c8\uacfc \uc624\uba54\uac00-3 \uc9c0\ubc29\uc0b0\uc758 \ucc9c\uc5f0 \uacf5\uae09\uc6d0\uc785\ub2c8\ub2e4.\" \/>\n<meta name=\"robots\" content=\"index, follow, max-snippet:-1, max-image-preview:large, max-video-preview:-1\" \/>\n<link rel=\"canonical\" href=\"https:\/\/naturalpoland.com\/ko\/je-pum\/dong-mul-yong-won-ryo\/so-sa-ryo-won-ryo\/%ec%95%84%eb%a7%88%ec%94%a8%eb%b0%95\/\" \/>\n<meta property=\"og:locale\" content=\"ko_KR\" \/>\n<meta property=\"og:type\" content=\"article\" \/>\n<meta property=\"og:title\" content=\"\uc544\ub9c8\uc528\ubc15 - Hurtowy Dystrybutor\" \/>\n<meta property=\"og:description\" content=\"\uc544\ub9c8\uc528\ubc15\uc740 \uc544\ub9c8\uc528\ub85c \ub9cc\ub4e0 \uace0\ub2e8\ubc31 \uc0ac\ub8cc \uc6d0\ub8cc\uc785\ub2c8\ub2e4. \ub3d9\ubb3c \uc0ac\ub8cc \ud63c\ud569\ubb3c\uc5d0 \uc0ac\uc6a9\ub418\ub294 \ub2e8\ubc31\uc9c8\uacfc \uc624\uba54\uac00-3 \uc9c0\ubc29\uc0b0\uc758 \ucc9c\uc5f0 \uacf5\uae09\uc6d0\uc785\ub2c8\ub2e4.\" \/>\n<meta property=\"og:url\" content=\"https:\/\/naturalpoland.com\/ko\/je-pum\/dong-mul-yong-won-ryo\/so-sa-ryo-won-ryo\/%ec%95%84%eb%a7%88%ec%94%a8%eb%b0%95\/\" \/>\n<meta property=\"og:site_name\" content=\"NATURAL POLAND - Hurtowy Dystrybutor Surowc\u00f3w\" \/>\n<meta property=\"article:publisher\" content=\"https:\/\/www.facebook.com\/naturalpoland.b2b\" \/>\n<meta property=\"article:modified_time\" content=\"2026-04-28T10:11:19+00:00\" \/>\n<meta property=\"og:image\" content=\"https:\/\/naturalpoland.com\/wp-content\/uploads\/makuch-lniany.png\" \/>\n\t<meta property=\"og:image:width\" content=\"1024\" \/>\n\t<meta property=\"og:image:height\" content=\"1024\" \/>\n\t<meta property=\"og:image:type\" content=\"image\/png\" \/>\n<script type=\"application\/ld+json\" class=\"yoast-schema-graph\">{\"@context\":\"https:\\\/\\\/schema.org\",\"@graph\":[{\"@type\":\"WebPage\",\"@id\":\"https:\\\/\\\/naturalpoland.com\\\/ko\\\/je-pum\\\/dong-mul-yong-won-ryo\\\/so-sa-ryo-won-ryo\\\/%ec%95%84%eb%a7%88%ec%94%a8%eb%b0%95\\\/\",\"url\":\"https:\\\/\\\/naturalpoland.com\\\/ko\\\/je-pum\\\/dong-mul-yong-won-ryo\\\/so-sa-ryo-won-ryo\\\/%ec%95%84%eb%a7%88%ec%94%a8%eb%b0%95\\\/\",\"name\":\"\uc544\ub9c8\uc528\ubc15 - Hurtowy Dystrybutor\",\"isPartOf\":{\"@id\":\"https:\\\/\\\/naturalpoland.com\\\/ko\\\/#website\"},\"primaryImageOfPage\":{\"@id\":\"https:\\\/\\\/naturalpoland.com\\\/ko\\\/je-pum\\\/dong-mul-yong-won-ryo\\\/so-sa-ryo-won-ryo\\\/%ec%95%84%eb%a7%88%ec%94%a8%eb%b0%95\\\/#primaryimage\"},\"image\":{\"@id\":\"https:\\\/\\\/naturalpoland.com\\\/ko\\\/je-pum\\\/dong-mul-yong-won-ryo\\\/so-sa-ryo-won-ryo\\\/%ec%95%84%eb%a7%88%ec%94%a8%eb%b0%95\\\/#primaryimage\"},\"thumbnailUrl\":\"https:\\\/\\\/naturalpoland.com\\\/wp-content\\\/uploads\\\/makuch-lniany.png\",\"datePublished\":\"2026-04-24T11:47:17+00:00\",\"dateModified\":\"2026-04-28T10:11:19+00:00\",\"description\":\"\uc544\ub9c8\uc528\ubc15\uc740 \uc544\ub9c8\uc528\ub85c \ub9cc\ub4e0 \uace0\ub2e8\ubc31 \uc0ac\ub8cc \uc6d0\ub8cc\uc785\ub2c8\ub2e4. \ub3d9\ubb3c \uc0ac\ub8cc \ud63c\ud569\ubb3c\uc5d0 \uc0ac\uc6a9\ub418\ub294 \ub2e8\ubc31\uc9c8\uacfc \uc624\uba54\uac00-3 \uc9c0\ubc29\uc0b0\uc758 \ucc9c\uc5f0 \uacf5\uae09\uc6d0\uc785\ub2c8\ub2e4.\",\"breadcrumb\":{\"@id\":\"https:\\\/\\\/naturalpoland.com\\\/ko\\\/je-pum\\\/dong-mul-yong-won-ryo\\\/so-sa-ryo-won-ryo\\\/%ec%95%84%eb%a7%88%ec%94%a8%eb%b0%95\\\/#breadcrumb\"},\"inLanguage\":\"ko-KR\",\"potentialAction\":[{\"@type\":\"ReadAction\",\"target\":[\"https:\\\/\\\/naturalpoland.com\\\/ko\\\/je-pum\\\/dong-mul-yong-won-ryo\\\/so-sa-ryo-won-ryo\\\/%ec%95%84%eb%a7%88%ec%94%a8%eb%b0%95\\\/\"]}]},{\"@type\":\"ImageObject\",\"inLanguage\":\"ko-KR\",\"@id\":\"https:\\\/\\\/naturalpoland.com\\\/ko\\\/je-pum\\\/dong-mul-yong-won-ryo\\\/so-sa-ryo-won-ryo\\\/%ec%95%84%eb%a7%88%ec%94%a8%eb%b0%95\\\/#primaryimage\",\"url\":\"https:\\\/\\\/naturalpoland.com\\\/wp-content\\\/uploads\\\/makuch-lniany.png\",\"contentUrl\":\"https:\\\/\\\/naturalpoland.com\\\/wp-content\\\/uploads\\\/makuch-lniany.png\",\"width\":1024,\"height\":1024,\"caption\":\"\uc544\ub9c8\uc528\ubc15\"},{\"@type\":\"BreadcrumbList\",\"@id\":\"https:\\\/\\\/naturalpoland.com\\\/ko\\\/je-pum\\\/dong-mul-yong-won-ryo\\\/so-sa-ryo-won-ryo\\\/%ec%95%84%eb%a7%88%ec%94%a8%eb%b0%95\\\/#breadcrumb\",\"itemListElement\":[{\"@type\":\"ListItem\",\"position\":1,\"name\":\"\ud648\",\"item\":\"https:\\\/\\\/naturalpoland.com\\\/ko\\\/\"},{\"@type\":\"ListItem\",\"position\":2,\"name\":\"\uc81c\ud488\",\"item\":\"https:\\\/\\\/naturalpoland.com\\\/ko\\\/%ec%a0%9c%ed%92%88\\\/\"},{\"@type\":\"ListItem\",\"position\":3,\"name\":\"\uc544\ub9c8\uc528\ubc15\"}]},{\"@type\":\"WebSite\",\"@id\":\"https:\\\/\\\/naturalpoland.com\\\/ko\\\/#website\",\"url\":\"https:\\\/\\\/naturalpoland.com\\\/ko\\\/\",\"name\":\"NATURAL POLAND - Hurtowy Dystrybutor Surowc\u00f3w\",\"description\":\"Surowce dla przemys\u0142u spo\u017cywczego, kosmetycznego i farmaceutycznego\",\"publisher\":{\"@id\":\"https:\\\/\\\/naturalpoland.com\\\/ko\\\/#organization\"},\"potentialAction\":[{\"@type\":\"SearchAction\",\"target\":{\"@type\":\"EntryPoint\",\"urlTemplate\":\"https:\\\/\\\/naturalpoland.com\\\/ko\\\/?s={search_term_string}\"},\"query-input\":{\"@type\":\"PropertyValueSpecification\",\"valueRequired\":true,\"valueName\":\"search_term_string\"}}],\"inLanguage\":\"ko-KR\"},{\"@type\":\"Organization\",\"@id\":\"https:\\\/\\\/naturalpoland.com\\\/ko\\\/#organization\",\"name\":\"Natural Poland\",\"url\":\"https:\\\/\\\/naturalpoland.com\\\/ko\\\/\",\"logo\":{\"@type\":\"ImageObject\",\"inLanguage\":\"ko-KR\",\"@id\":\"https:\\\/\\\/naturalpoland.com\\\/ko\\\/#\\\/schema\\\/logo\\\/image\\\/\",\"url\":\"https:\\\/\\\/naturalpoland.com\\\/wp-content\\\/uploads\\\/2021\\\/05\\\/natural-poland-icon.png\",\"contentUrl\":\"https:\\\/\\\/naturalpoland.com\\\/wp-content\\\/uploads\\\/2021\\\/05\\\/natural-poland-icon.png\",\"width\":512,\"height\":512,\"caption\":\"Natural Poland\"},\"image\":{\"@id\":\"https:\\\/\\\/naturalpoland.com\\\/ko\\\/#\\\/schema\\\/logo\\\/image\\\/\"},\"sameAs\":[\"https:\\\/\\\/www.facebook.com\\\/naturalpoland.b2b\",\"https:\\\/\\\/pl.linkedin.com\\\/company\\\/natural-poland\",\"https:\\\/\\\/www.youtube.com\\\/channel\\\/UCgeGGkvOMahZo-xu_MSEWxg\"]}]}<\/script>\n<!-- \/ Yoast SEO plugin. -->","yoast_head_json":{"title":"\uc544\ub9c8\uc528\ubc15 - Hurtowy Dystrybutor","description":"\uc544\ub9c8\uc528\ubc15\uc740 \uc544\ub9c8\uc528\ub85c \ub9cc\ub4e0 \uace0\ub2e8\ubc31 \uc0ac\ub8cc \uc6d0\ub8cc\uc785\ub2c8\ub2e4. \ub3d9\ubb3c \uc0ac\ub8cc \ud63c\ud569\ubb3c\uc5d0 \uc0ac\uc6a9\ub418\ub294 \ub2e8\ubc31\uc9c8\uacfc \uc624\uba54\uac00-3 \uc9c0\ubc29\uc0b0\uc758 \ucc9c\uc5f0 \uacf5\uae09\uc6d0\uc785\ub2c8\ub2e4.","robots":{"index":"index","follow":"follow","max-snippet":"max-snippet:-1","max-image-preview":"max-image-preview:large","max-video-preview":"max-video-preview:-1"},"canonical":"https:\/\/naturalpoland.com\/ko\/je-pum\/dong-mul-yong-won-ryo\/so-sa-ryo-won-ryo\/%ec%95%84%eb%a7%88%ec%94%a8%eb%b0%95\/","og_locale":"ko_KR","og_type":"article","og_title":"\uc544\ub9c8\uc528\ubc15 - Hurtowy Dystrybutor","og_description":"\uc544\ub9c8\uc528\ubc15\uc740 \uc544\ub9c8\uc528\ub85c \ub9cc\ub4e0 \uace0\ub2e8\ubc31 \uc0ac\ub8cc \uc6d0\ub8cc\uc785\ub2c8\ub2e4. \ub3d9\ubb3c \uc0ac\ub8cc \ud63c\ud569\ubb3c\uc5d0 \uc0ac\uc6a9\ub418\ub294 \ub2e8\ubc31\uc9c8\uacfc \uc624\uba54\uac00-3 \uc9c0\ubc29\uc0b0\uc758 \ucc9c\uc5f0 \uacf5\uae09\uc6d0\uc785\ub2c8\ub2e4.","og_url":"https:\/\/naturalpoland.com\/ko\/je-pum\/dong-mul-yong-won-ryo\/so-sa-ryo-won-ryo\/%ec%95%84%eb%a7%88%ec%94%a8%eb%b0%95\/","og_site_name":"NATURAL POLAND - Hurtowy Dystrybutor Surowc\u00f3w","article_publisher":"https:\/\/www.facebook.com\/naturalpoland.b2b","article_modified_time":"2026-04-28T10:11:19+00:00","og_image":[{"width":1024,"height":1024,"url":"https:\/\/naturalpoland.com\/wp-content\/uploads\/makuch-lniany.png","type":"image\/png"}],"schema":{"@context":"https:\/\/schema.org","@graph":[{"@type":"WebPage","@id":"https:\/\/naturalpoland.com\/ko\/je-pum\/dong-mul-yong-won-ryo\/so-sa-ryo-won-ryo\/%ec%95%84%eb%a7%88%ec%94%a8%eb%b0%95\/","url":"https:\/\/naturalpoland.com\/ko\/je-pum\/dong-mul-yong-won-ryo\/so-sa-ryo-won-ryo\/%ec%95%84%eb%a7%88%ec%94%a8%eb%b0%95\/","name":"\uc544\ub9c8\uc528\ubc15 - Hurtowy Dystrybutor","isPartOf":{"@id":"https:\/\/naturalpoland.com\/ko\/#website"},"primaryImageOfPage":{"@id":"https:\/\/naturalpoland.com\/ko\/je-pum\/dong-mul-yong-won-ryo\/so-sa-ryo-won-ryo\/%ec%95%84%eb%a7%88%ec%94%a8%eb%b0%95\/#primaryimage"},"image":{"@id":"https:\/\/naturalpoland.com\/ko\/je-pum\/dong-mul-yong-won-ryo\/so-sa-ryo-won-ryo\/%ec%95%84%eb%a7%88%ec%94%a8%eb%b0%95\/#primaryimage"},"thumbnailUrl":"https:\/\/naturalpoland.com\/wp-content\/uploads\/makuch-lniany.png","datePublished":"2026-04-24T11:47:17+00:00","dateModified":"2026-04-28T10:11:19+00:00","description":"\uc544\ub9c8\uc528\ubc15\uc740 \uc544\ub9c8\uc528\ub85c \ub9cc\ub4e0 \uace0\ub2e8\ubc31 \uc0ac\ub8cc \uc6d0\ub8cc\uc785\ub2c8\ub2e4. \ub3d9\ubb3c \uc0ac\ub8cc \ud63c\ud569\ubb3c\uc5d0 \uc0ac\uc6a9\ub418\ub294 \ub2e8\ubc31\uc9c8\uacfc \uc624\uba54\uac00-3 \uc9c0\ubc29\uc0b0\uc758 \ucc9c\uc5f0 \uacf5\uae09\uc6d0\uc785\ub2c8\ub2e4.","breadcrumb":{"@id":"https:\/\/naturalpoland.com\/ko\/je-pum\/dong-mul-yong-won-ryo\/so-sa-ryo-won-ryo\/%ec%95%84%eb%a7%88%ec%94%a8%eb%b0%95\/#breadcrumb"},"inLanguage":"ko-KR","potentialAction":[{"@type":"ReadAction","target":["https:\/\/naturalpoland.com\/ko\/je-pum\/dong-mul-yong-won-ryo\/so-sa-ryo-won-ryo\/%ec%95%84%eb%a7%88%ec%94%a8%eb%b0%95\/"]}]},{"@type":"ImageObject","inLanguage":"ko-KR","@id":"https:\/\/naturalpoland.com\/ko\/je-pum\/dong-mul-yong-won-ryo\/so-sa-ryo-won-ryo\/%ec%95%84%eb%a7%88%ec%94%a8%eb%b0%95\/#primaryimage","url":"https:\/\/naturalpoland.com\/wp-content\/uploads\/makuch-lniany.png","contentUrl":"https:\/\/naturalpoland.com\/wp-content\/uploads\/makuch-lniany.png","width":1024,"height":1024,"caption":"\uc544\ub9c8\uc528\ubc15"},{"@type":"BreadcrumbList","@id":"https:\/\/naturalpoland.com\/ko\/je-pum\/dong-mul-yong-won-ryo\/so-sa-ryo-won-ryo\/%ec%95%84%eb%a7%88%ec%94%a8%eb%b0%95\/#breadcrumb","itemListElement":[{"@type":"ListItem","position":1,"name":"\ud648","item":"https:\/\/naturalpoland.com\/ko\/"},{"@type":"ListItem","position":2,"name":"\uc81c\ud488","item":"https:\/\/naturalpoland.com\/ko\/%ec%a0%9c%ed%92%88\/"},{"@type":"ListItem","position":3,"name":"\uc544\ub9c8\uc528\ubc15"}]},{"@type":"WebSite","@id":"https:\/\/naturalpoland.com\/ko\/#website","url":"https:\/\/naturalpoland.com\/ko\/","name":"NATURAL POLAND - Hurtowy Dystrybutor Surowc\u00f3w","description":"Surowce dla przemys\u0142u spo\u017cywczego, kosmetycznego i farmaceutycznego","publisher":{"@id":"https:\/\/naturalpoland.com\/ko\/#organization"},"potentialAction":[{"@type":"SearchAction","target":{"@type":"EntryPoint","urlTemplate":"https:\/\/naturalpoland.com\/ko\/?s={search_term_string}"},"query-input":{"@type":"PropertyValueSpecification","valueRequired":true,"valueName":"search_term_string"}}],"inLanguage":"ko-KR"},{"@type":"Organization","@id":"https:\/\/naturalpoland.com\/ko\/#organization","name":"Natural Poland","url":"https:\/\/naturalpoland.com\/ko\/","logo":{"@type":"ImageObject","inLanguage":"ko-KR","@id":"https:\/\/naturalpoland.com\/ko\/#\/schema\/logo\/image\/","url":"https:\/\/naturalpoland.com\/wp-content\/uploads\/2021\/05\/natural-poland-icon.png","contentUrl":"https:\/\/naturalpoland.com\/wp-content\/uploads\/2021\/05\/natural-poland-icon.png","width":512,"height":512,"caption":"Natural Poland"},"image":{"@id":"https:\/\/naturalpoland.com\/ko\/#\/schema\/logo\/image\/"},"sameAs":["https:\/\/www.facebook.com\/naturalpoland.b2b","https:\/\/pl.linkedin.com\/company\/natural-poland","https:\/\/www.youtube.com\/channel\/UCgeGGkvOMahZo-xu_MSEWxg"]}]}},"_links":{"self":[{"href":"https:\/\/naturalpoland.com\/ko\/wp-json\/wp\/v2\/product\/48002","targetHints":{"allow":["GET"]}}],"collection":[{"href":"https:\/\/naturalpoland.com\/ko\/wp-json\/wp\/v2\/product"}],"about":[{"href":"https:\/\/naturalpoland.com\/ko\/wp-json\/wp\/v2\/types\/product"}],"wp:featuredmedia":[{"embeddable":true,"href":"https:\/\/naturalpoland.com\/ko\/wp-json\/wp\/v2\/media\/48003"}],"wp:attachment":[{"href":"https:\/\/naturalpoland.com\/ko\/wp-json\/wp\/v2\/media?parent=48002"}],"wp:term":[{"taxonomy":"product_brand","embeddable":true,"href":"https:\/\/naturalpoland.com\/ko\/wp-json\/wp\/v2\/product_brand?post=48002"},{"taxonomy":"product_cat","embeddable":true,"href":"https:\/\/naturalpoland.com\/ko\/wp-json\/wp\/v2\/product_cat?post=48002"},{"taxonomy":"product_tag","embeddable":true,"href":"https:\/\/naturalpoland.com\/ko\/wp-json\/wp\/v2\/product_tag?post=48002"}],"curies":[{"name":"wp","href":"https:\/\/api.w.org\/{rel}","templated":true}]}}